{"id":69,"date":"2022-08-26T02:33:07","date_gmt":"2022-08-26T02:33:07","guid":{"rendered":"https:\/\/balerwrapper.com\/?post_type=product&#038;p=69"},"modified":"2025-06-16T18:24:07","modified_gmt":"2025-06-16T10:24:07","slug":"hydraulic-baler-machine","status":"publish","type":"product","link":"https:\/\/balerwrapper.com\/tr\/product\/hydraulic-baler-machine\/","title":{"rendered":"Hidrolik Balya Makinesi Saman Balyalama Ekipmanlar\u0131"},"content":{"rendered":"<div class=\"kk-star-ratings kksr-auto kksr-align-left kksr-valign-top\"     data-payload='{&quot;align&quot;:&quot;left&quot;,&quot;id&quot;:&quot;69&quot;,&quot;slug&quot;:&quot;default&quot;,&quot;valign&quot;:&quot;top&quot;,&quot;ignore&quot;:&quot;&quot;,&quot;reference&quot;:&quot;auto&quot;,&quot;class&quot;:&quot;&quot;,&quot;count&quot;:&quot;85&quot;,&quot;legendonly&quot;:&quot;&quot;,&quot;readonly&quot;:&quot;&quot;,&quot;score&quot;:&quot;4.8&quot;,&quot;starsonly&quot;:&quot;&quot;,&quot;best&quot;:&quot;5&quot;,&quot;gap&quot;:&quot;5&quot;,&quot;greet&quot;:&quot;Rate this product&quot;,&quot;legend&quot;:&quot;4.8\\\/5 - (85 votes)&quot;,&quot;size&quot;:&quot;24&quot;,&quot;title&quot;:&quot;Hydraulic Baler Machine Hay Baling Equipment&quot;,&quot;width&quot;:&quot;136.7&quot;,&quot;_legend&quot;:&quot;{score}\\\/{best} - ({count} {votes})&quot;,&quot;font_factor&quot;:&quot;1.25&quot;}'>              <div class=\"kksr-stars\">      <div class=\"kksr-stars-inactive\">             <div class=\"kksr-star\" data-star=\"1\" style=\"padding-right: 5px\">               <div class=\"kksr-icon\" style=\"width: 24px; height: 24px;\"><\/div>         <\/div>             <div class=\"kksr-star\" data-star=\"2\" style=\"padding-right: 5px\">               <div class=\"kksr-icon\" style=\"width: 24px; height: 24px;\"><\/div>         <\/div>             <div class=\"kksr-star\" data-star=\"3\" style=\"padding-right: 5px\">               <div class=\"kksr-icon\" style=\"width: 24px; height: 24px;\"><\/div>         <\/div>             <div class=\"kksr-star\" data-star=\"4\" style=\"padding-right: 5px\">               <div class=\"kksr-icon\" style=\"width: 24px; height: 24px;\"><\/div>         <\/div>             <div class=\"kksr-star\" data-star=\"5\" style=\"padding-right: 5px\">               <div class=\"kksr-icon\" style=\"width: 24px; height: 24px;\"><\/div>         <\/div>     <\/div>      <div class=\"kksr-stars-active\" style=\"width: 136.7px;\">             <div class=\"kksr-star\" style=\"padding-right: 5px\">               <div class=\"kksr-icon\" style=\"width: 24px; height: 24px;\"><\/div>         <\/div>             <div class=\"kksr-star\" style=\"padding-right: 5px\">               <div class=\"kksr-icon\" style=\"width: 24px; height: 24px;\"><\/div>         <\/div>             <div class=\"kksr-star\" style=\"padding-right: 5px\">               <div class=\"kksr-icon\" style=\"width: 24px; height: 24px;\"><\/div>         <\/div>             <div class=\"kksr-star\" style=\"padding-right: 5px\">               <div class=\"kksr-icon\" style=\"width: 24px; height: 24px;\"><\/div>         <\/div>             <div class=\"kksr-star\" style=\"padding-right: 5px\">               <div class=\"kksr-icon\" style=\"width: 24px; height: 24px;\"><\/div>         <\/div>     <\/div> <\/div>                   <div class=\"kksr-legend\" style=\"font-size: 19.2px;\">             4.8\/5 - (85 oy)    <\/div>     <\/div>  <p>Silo hidrolik balya makinesi, yem, saman, m\u0131s\u0131r saplar\u0131 ve di\u011fer tar\u0131m saplar\u0131n\u0131n balyalanmas\u0131 ve depolanmas\u0131 i\u00e7in tasarlanm\u0131\u015f y\u00fcksek verimli bir ekipmand\u0131r. <\/p>    <p>Hidrolik ekstr\u00fczyon sistemi arac\u0131l\u0131\u011f\u0131yla, gev\u015fek saman ve yemleri 800kg\/m\u00b3'den fazla bir yo\u011funlukla s\u0131k\u0131 kare balyalara (700\u00d7400\u00d7300mm standart bloklar) s\u0131k\u0131\u015ft\u0131rabilir. <\/p>    <p>Ve PE+PP \u00e7ift katmanl\u0131 ambalaj\u0131 benimsemektedir, bu da yem laktik asit bakterilerinin aktivitesini 0 art\u0131rmakta ve besin koruma oran\u0131n\u0131 'in \u00fczerinde tutmaktad\u0131r. Tazelik koruma s\u00fcresi 2-3 y\u0131la kadar uzanmaktad\u0131r.<\/p>    <figure class=\"wp-block-embed aligncenter is-type-video is-provider-youtube wp-block-embed-youtube wp-embed-aspect-16-9 wp-has-aspect-ratio\"><div class=\"wp-block-embed__wrapper\"> <iframe loading=\"lazy\" title=\"Y\u00fcksek Verimli Saman Hidrolik Balya Makinas\u0131 Operasyonu | \u00c7evre Dostu Tar\u0131m Aletleri\" width=\"500\" height=\"281\" src=\"https:\/\/www.youtube.com\/embed\/GI3he-Y3oDc?feature=oembed\" frameborder=\"0\" allow=\"accelerometer; autoplay; clipboard-write; encrypted-media; gyroscope; picture-in-picture; web-share\" referrerpolicy=\"strict-origin-when-cross-origin\" allowfullscreen><\/iframe> <\/div><figcaption class=\"wp-element-caption\">\u00dc\u00e7 silindirli hidrolik balya makinesi \u00e7al\u0131\u015fma videosu<\/figcaption><\/figure>    <p>\u00dcretim talebine g\u00f6re, ekipman iki modele ayr\u0131lmaktad\u0131r: \u00e7ift silindirli hidrolik balya makinesi ve \u00fc\u00e7 silindirli hidrolik balya makinesi:<\/p>    <ul class=\"wp-block-list\"> <li>\u00c7ift silindirli hidrolik balya makinesi: motor veya dizel motor ile \u00e7al\u0131\u015ft\u0131r\u0131l\u0131r, uygulanabilir, kullan\u0131\u015fl\u0131 ve esnektir.<\/li>    <li>\u00dc\u00e7 silindirli hidrolik balya makinesi: yaln\u0131zca motorla \u00e7al\u0131\u015ft\u0131r\u0131l\u0131r, daha y\u00fcksek verim, daha b\u00fcy\u00fck \u00fcr\u00fcn yo\u011funlu\u011fu, saat ba\u015f\u0131na daha y\u00fcksek kapasite sa\u011flar.<\/li> <\/ul>    <p>Ayn\u0131 zamanda, ilk olarak otu kesmek i\u00e7in guillotine k\u0131r\u0131c\u0131 ile kullan\u0131labilir ve ard\u0131ndan balyalama s\u00fcrecine ge\u00e7erek balyalama etkisini ve silaj kalitesini art\u0131rabilir.<\/p>    <figure class=\"wp-block-gallery has-nested-images columns-default is-cropped wp-block-gallery-2 is-layout-flex wp-block-gallery-is-layout-flex\"> <figure class=\"wp-block-image size-large\"><img loading=\"lazy\" decoding=\"async\" width=\"720\" height=\"540\" data-id=\"179\" src=\"https:\/\/balerwrapper.com\/wp-content\/uploads\/2022\/08\/haydraulic-baler-machine-.jpg\" alt=\"haydraulic balya makinesi\" class=\"wp-image-179\" title=\"haydraulic balya makinesi\"\/><figcaption class=\"wp-element-caption\">haydraulic balya makinesi<\/figcaption><\/figure>    <figure class=\"wp-block-image size-large\"><img loading=\"lazy\" decoding=\"async\" width=\"720\" height=\"540\" data-id=\"180\" src=\"https:\/\/balerwrapper.com\/wp-content\/uploads\/2022\/08\/baler-press-machine-.webp\" alt=\"balya pres makinesi\" class=\"wp-image-180\" title=\"balya pres makinesi\"\/><figcaption class=\"wp-element-caption\">balya pres makinesi<\/figcaption><\/figure> <\/figure>    <h2 class=\"wp-block-heading\" id=\"h-using-scopes-of-the-hydraulic-hay-baler\">Silo hidrolik balya makinesi kullan\u0131m\u0131<\/h2>    <p class=\"translation-block\"><strong>Hammadde: <\/strong>Hidrolik balya makinesi saman, yonca, sorgum, m\u0131s\u0131r silaj\u0131, m\u0131s\u0131r sap\u0131, bu\u011fday sap\u0131, yer f\u0131st\u0131\u011f\u0131 fidan\u0131, pamuk sap\u0131, yonca otu, mikoriza vb. i\u015fleyebilir. Bu yemleri s\u0131\u011f\u0131r, koyun, at, domuz, tav\u015fan ve di\u011fer \u00e7iftlik hayvanlar\u0131n\u0131 beslemek i\u00e7in kullanabiliriz.<br><strong>Kullan\u0131c\u0131lar:<\/strong> Hidrolik balya makinesi hayvanc\u0131l\u0131k, ka\u011f\u0131t yap\u0131m\u0131, s\u0131\u011f\u0131r ve koyun yeti\u015ftiricili\u011fi, yem da\u011f\u0131t\u0131m\u0131 ve samanla enerji \u00fcretimi i\u00e7in vazge\u00e7ilmez bir ekipmand\u0131r.<\/p>   <div class=\"wp-block-image\"> <figure class=\"aligncenter size-full\"><img loading=\"lazy\" decoding=\"async\" width=\"720\" height=\"540\" src=\"https:\/\/balerwrapper.com\/wp-content\/uploads\/2022\/08\/hydraulic-hay-baler-.webp\" alt=\"hidrolik saman balyalay\u0131c\u0131\" class=\"wp-image-171\" title=\"hidrolik saman balyalay\u0131c\u0131\"\/><figcaption class=\"wp-element-caption\">hidrolik saman balyalay\u0131c\u0131<\/figcaption><\/figure> <\/div>   <h2 class=\"wp-block-heading\" id=\"h-structure-of-the-press-baler\">Hidrolik pres balya makinesi yap\u0131s\u0131<\/h2>    <h3 class=\"wp-block-heading\" id=\"h-the-structure-of-the-double-cylinder-hay-and-straw-baler\">\u00c7ift silindirli saman ve ot balya makinesi yap\u0131s\u0131<\/h3>    <p>Bu hidrolik balya makinesi modeli esas olarak sabit bir braket, g\u00fc\u00e7, so\u011futma cihaz\u0131, ya\u011f deposu, hidrolik silindir, elektrikli yang\u0131n s\u00f6nd\u00fcrme ekipman\u0131, petrol boru hatt\u0131, ya\u011f ay\u0131r\u0131c\u0131 vb. i\u00e7erir.<\/p>    <figure class=\"wp-block-gallery aligncenter has-nested-images columns-default is-cropped wp-block-gallery-3 is-layout-flex wp-block-gallery-is-layout-flex\"> <figure class=\"wp-block-image size-large\"><img loading=\"lazy\" decoding=\"async\" width=\"720\" height=\"540\" data-id=\"174\" src=\"https:\/\/balerwrapper.com\/wp-content\/uploads\/2022\/08\/double-cylinder-hay-and-straw-baler-.webp\" alt=\"\u00e7ift \u200b\u200bsilindirli saman ve saman balya makinesi\" class=\"wp-image-174\" title=\"\u00e7ift \u200b\u200bsilindirli saman ve saman balya makinesi\"\/><figcaption class=\"wp-element-caption\">\u00e7ift \u200b\u200bsilindirli saman ve saman balya makinesi<\/figcaption><\/figure>    <figure class=\"wp-block-image size-large\"><img loading=\"lazy\" decoding=\"async\" width=\"720\" height=\"540\" data-id=\"175\" src=\"https:\/\/balerwrapper.com\/wp-content\/uploads\/2022\/08\/haydraulic-hay-baler-.webp\" alt=\"hidrolik saman balyalay\u0131c\u0131\" class=\"wp-image-175\" title=\"hidrolik saman balyalay\u0131c\u0131\"\/><figcaption class=\"wp-element-caption\">hidrolik saman balyalay\u0131c\u0131<\/figcaption><\/figure> <\/figure>    <h3 class=\"wp-block-heading\" id=\"h-3-cylinder-hydraulic-baler-structure\">3 silindirli hidrolik balya makinesi yap\u0131s\u0131<\/h3>    <figure class=\"wp-block-gallery aligncenter has-nested-images columns-default is-cropped wp-block-gallery-4 is-layout-flex wp-block-gallery-is-layout-flex\"> <figure class=\"wp-block-image size-large\"><img loading=\"lazy\" decoding=\"async\" width=\"720\" height=\"540\" data-id=\"177\" src=\"https:\/\/balerwrapper.com\/wp-content\/uploads\/2022\/08\/3-cylinder-hydraulic-baler-.webp\" alt=\"3 silindirli hidrolik balya makinesi \" class=\"wp-image-177\" title=\"3 silindirli hidrolik balya makinesi \"\/><figcaption class=\"wp-element-caption\">3 silindirli hidrolik balya makinesi <\/figcaption><\/figure>    <figure class=\"wp-block-image size-large\"><img loading=\"lazy\" decoding=\"async\" width=\"720\" height=\"540\" data-id=\"178\" src=\"https:\/\/balerwrapper.com\/wp-content\/uploads\/2022\/08\/wheat-hay-baler-.webp\" alt=\"bu\u011fday saman balyalay\u0131c\u0131 \" class=\"wp-image-178\" title=\"bu\u011fday saman balyalay\u0131c\u0131 \"\/><figcaption class=\"wp-element-caption\">bu\u011fday saman balyalay\u0131c\u0131 <\/figcaption><\/figure> <\/figure>    <h2 class=\"wp-block-heading\" id=\"h-machine-s-parameters\">Hidrolik pres makinesinin parametreleri<\/h2>    <h3 class=\"wp-block-heading\" id=\"h-double-cylinder-baler\">\u00c7ift silindirli balya makinesi <\/h3>    <figure class=\"wp-block-table is-style-stripes\"><table><tbody><tr><td>Modeli<\/td><td>9YK-70<\/td><\/tr><tr><td>G\u00fc\u00e7<\/td><td>15kw motor veya 28HP dizel motor<\/td><\/tr><tr><td>Ya\u011f silindirinin yer de\u011fi\u015ftirmesi<\/td><td>63-80L\/dak<\/td><\/tr><tr><td>Ya\u011f silindirinin normal bas\u0131nc\u0131<\/td><td>16Mpa<\/td><\/tr><tr><td>Balya boyutu<\/td><td>700*400*300mm<\/td><\/tr><tr><td>Balya Yo\u011funlu\u011fu<\/td><td>300-400kg\/saat<\/td><\/tr><tr><td>Paketleme verimlili\u011fi<\/td><td>1-2 ton\/saat<\/td><\/tr><tr><td>A\u011f\u0131rl\u0131k<\/td><td>1500kg<\/td><\/tr><tr><td>Boyut<\/td><td>3400*2800*2700mm<\/td><\/tr><tr><td>Paketleme Pistonunun H\u0131z\u0131<\/td><td>4-8 m\/dak<\/td><\/tr><\/tbody><\/table><figcaption class=\"wp-element-caption\">\u00c7ift silindirli balya makinesi parametresi<\/figcaption><\/figure>    <h3 class=\"wp-block-heading\" id=\"h-silage-baler-machine\">\u00dc\u00e7 silindirli silaj balya makinesi<\/h3>    <figure class=\"wp-block-table is-style-stripes\"><table><tbody><tr><td>\u00d6\u011fe<\/td><td>9YK-130<\/td><\/tr><tr><td>G\u00fc\u00e7<\/td><td>22 kW<\/td><\/tr><tr><td>Ya\u011f Silindirinin Yer De\u011fi\u015ftirmesi<\/td><td>80L\/dak<\/td><\/tr><tr><td>Ya\u011f Silindirinin Normal Bas\u0131nc\u0131<\/td><td>18Mpa<\/td><\/tr><tr><td>Balya Boyutu<\/td><td>700*400*300mm<\/td><\/tr><tr><td>Paketleme Verimlili\u011fi<\/td><td>6-8 ton\/saat<\/td><\/tr><tr><td>Balya Yo\u011funlu\u011fu<\/td><td>800-1100kg\/m<sup>3<\/sup><sup><\/sup><\/td><\/tr><tr><td>A\u011f\u0131rl\u0131k<\/td><td>2600kg\/saat<\/td><\/tr><tr><td>Boyut<\/td><td>4300*2800*2000mm<\/td><\/tr><tr><td>Paketleme Pistonunun H\u0131z\u0131<\/td><td>4-8 m\/dak<\/td><\/tr><\/tbody><\/table><figcaption class=\"wp-element-caption\">Silaj balya makinesi parametresi<\/figcaption><\/figure>    <h2 class=\"wp-block-heading\" id=\"h-how-does-the-hydraulic-baler-work\">Hidrolik balya makinesi nas\u0131l \u00e7al\u0131\u015f\u0131r? <\/h2>   <div id=\"rank-math-howto\" class=\"rank-math-block\" > <div class=\"rank-math-howto-description\">  <p>Her ikisi de \u00f6nce yemi makineye koydu. Ana silindir yatay olarak itilip s\u0131k\u0131\u015ft\u0131r\u0131ld\u0131\u011f\u0131nda ve yan silindirler uzunlamas\u0131na s\u0131k\u0131\u015ft\u0131r\u0131ld\u0131\u011f\u0131nda hidrolik balya makinesini a\u00e7\u0131n. Son olarak itme kafas\u0131 balyay\u0131 torbaya iter. T\u00fcm balyalama i\u015flemini tamamlay\u0131n.<\/p>  <\/div>  <div class=\"rank-math-steps\"> <div id=\"howto-step-1717139105042\" class=\"rank-math-step\"> <div class=\"rank-math-step-content\"><p>\u00c7im, saman veya di\u011fer hammaddeleri manuel damlama veya ta\u015f\u0131ma band\u0131 ile hidrolik balya makinesinin giri\u015fine haz\u0131rlay\u0131n.<\/p> <\/div> <\/div> <div id=\"howto-step-1717139142953\" class=\"rank-math-step\"> <div class=\"rank-math-step-content\"><p>Saman kesme makinesi veya saman yo\u011furma makinesi eklenen hammaddeleri k\u0131rar ve i\u015flenmek ve yap\u0131lmak \u00fczere \u00f6\u011f\u00fct\u00fcr.<\/p> <\/div> <\/div> <div id=\"howto-step-1717139148210\" class=\"rank-math-step\"> <div class=\"rank-math-step-content\"><p>Has\u0131r torba, i\u015flendikten sonra bitmi\u015f malzemenin paketlenmesi i\u00e7in \u00e7\u0131k\u0131\u015fa yerle\u015ftirilir.<\/p> <\/div> <\/div> <div id=\"howto-step-1717139154097\" class=\"rank-math-step\"> <div class=\"rank-math-step-content\"><p>Otomatik kontrol kabini, i\u015fleme ve paketlemeye ba\u015flamak i\u00e7in bir anahtar, basit ve kullan\u0131\u015fl\u0131.<\/p> <\/div> <\/div> <div id=\"howto-step-1717139158193\" class=\"rank-math-step\"> <div class=\"rank-math-step-content\"><p>\u0130\u015flenen malzemenin hacmi ve boyutu tutarl\u0131, ambalaj standartlar\u0131na uygun, ta\u015f\u0131ma ve depolamaya uygundur.<\/p> <\/div> <\/div> <\/div> <\/div>       <figure class=\"wp-block-embed aligncenter is-type-video is-provider-youtube wp-block-embed-youtube wp-embed-aspect-16-9 wp-has-aspect-ratio\"><div class=\"wp-block-embed__wrapper\"> <iframe loading=\"lazy\" title=\"\u0130\u015fg\u00fcc\u00fc tasarrufu sa\u011flayan hidrolik silaj pres makinesi! hidrolik m\u0131s\u0131r silaj kare balya makinesi, silaj balya makinesi\" width=\"500\" height=\"281\" src=\"https:\/\/www.youtube.com\/embed\/1ROg99yYpCY?feature=oembed\" frameborder=\"0\" allow=\"accelerometer; autoplay; clipboard-write; encrypted-media; gyroscope; picture-in-picture; web-share\" referrerpolicy=\"strict-origin-when-cross-origin\" allowfullscreen><\/iframe> <\/div><figcaption class=\"wp-element-caption\">m\u0131s\u0131r silaj\u0131 hidrolik balyalama makinesi \u00e7al\u0131\u015fma videosu<\/figcaption><\/figure>    <h2 class=\"wp-block-heading\" id=\"h-advantages-of-the-hydraulic-wheat-hay-baler\">Silo hidrolik pres balya makinesinin avantajlar\u0131<\/h2>    <ul class=\"wp-block-list\"> <li>B\u00fcy\u00fck boyutlu yatay man\u015fon tipi balya, d\u00fczenli balya \u015fekli, iyi s\u0131zd\u0131rmazl\u0131k, depolama ve ta\u015f\u0131ma kolayl\u0131\u011f\u0131.<\/li>    <li>Kolay kurulum, basit bak\u0131m, k\u00fc\u00e7\u00fck yer kaplama, alan maliyetlerini tasarruf ettirir.<\/li>    <li>Y\u00fcksek ve d\u00fc\u015f\u00fck bas\u0131n\u00e7l\u0131 birle\u015fik hidrolik sistem benimsemekte, h\u0131zl\u0131 ve verimli \u00e7al\u0131\u015fma, enerji, i\u015f g\u00fcc\u00fc ve zaman tasarrufu sa\u011flamaktad\u0131r.<\/li>    <li>Ana bile\u015fenler, uzun silindir \u00f6mr\u00fc ve d\u00fc\u015f\u00fck ar\u0131za oran\u0131 ile m\u00fch\u00fcrl\u00fc orijinal par\u00e7alard\u0131r.<\/li>    <li>Silo saman\u0131, kuru m\u0131s\u0131r saplar\u0131, her t\u00fcrl\u00fc do\u011franm\u0131\u015f saman, at\u0131k plastik film vb. balyalayabilir ve otomatik torbalama ve paketleme ger\u00e7ekle\u015ftirebilir.<\/li>    <li>Konvey\u00f6r bant besleme ve \u00e7ift silindirli dengeli s\u0131k\u0131\u015ft\u0131rma kullan\u0131r ve \u00f6zel hidrolik sistem, istikrarl\u0131 g\u00fc\u00e7 \u00e7\u0131k\u0131\u015f\u0131 sa\u011flar.<\/li>    <li>Silo havuzlar\u0131 kazmaya gerek yoktur, bu da \u00e7ok fazla i\u015f g\u00fcc\u00fcnden (t\u00fcm ekipman setinin \u00e7al\u0131\u015ft\u0131r\u0131lmas\u0131 i\u00e7in sadece 2-3 ki\u015fiye ihtiya\u00e7 vard\u0131r), alan ve ambalaj maliyetlerinden tasarruf sa\u011flar ve silaj\u0131n korunma s\u00fcresi 3 y\u0131la kadar \u00e7\u0131kabilir.<\/li>    <li>Paketlendikten ve kapat\u0131ld\u0131ktan sonra, silaj do\u011fal olarak fermente olur, probiyotikler, laktik asit bakterileri ve proteinler a\u00e7\u0131s\u0131ndan zengindir, bu da hayvanlar taraf\u0131ndan kolayca emilir ve b\u00fcy\u00fcme oran\u0131n\u0131n %2'den fazla artmas\u0131n\u0131 sa\u011flar.<\/li> <\/ul>   <div class=\"wp-block-image\"> <figure class=\"aligncenter size-full\"><img loading=\"lazy\" decoding=\"async\" width=\"720\" height=\"540\" src=\"https:\/\/balerwrapper.com\/wp-content\/uploads\/2022\/08\/press-baling-machine-.webp\" alt=\"bas\u0131n balyalama makinesi\" class=\"wp-image-183\" title=\"bas\u0131n balyalama makinesi\"\/><figcaption class=\"wp-element-caption\">bas\u0131n balyalama makinesi<\/figcaption><\/figure> <\/div>   <h2 class=\"wp-block-heading\" id=\"h-other-machines-that-can-be-matched\">E\u015fle\u015ftirilebilecek di\u011fer makineler<\/h2>    <p class=\"translation-block\">Hidrolik balya makinesi daha fazla yemi i\u015fledi\u011fi i\u00e7in yem besleme a\u011fz\u0131 daha y\u00fcksektir. Bu nedenle, sap\u0131 \u00f6nce ezmek i\u00e7in bir <a href=\"https:\/\/balerwrapper.com\/tr\/product\/silage-chaff-cutter\/\">yem ezme makinesi<\/a> kullanman\u0131z\u0131 \u00f6neririz. Daha sonra ezilmi\u015f malzemeyi hidrolik balya makinesine g\u00f6ndermek i\u00e7in konvey\u00f6r band\u0131n\u0131 ba\u011flay\u0131n. Farkl\u0131 yemleri e\u015fit \u015fekilde kar\u0131\u015ft\u0131rmak i\u00e7in yem mikserini de kullanabilir ve ard\u0131ndan konvey\u00f6r band\u0131n\u0131 makineye ba\u011flayabilirsiniz.<\/p>   <div class=\"wp-block-image\"> <figure class=\"aligncenter size-full\"><img loading=\"lazy\" decoding=\"async\" width=\"720\" height=\"540\" src=\"https:\/\/balerwrapper.com\/wp-content\/uploads\/2022\/08\/hydraulic-stalk-baler-machine-.webp\" alt=\"hidrolik sap balya makinesi\" class=\"wp-image-182\" title=\"hidrolik sap balya makinesi\"\/><figcaption class=\"wp-element-caption\">hidrolik sap balya makinesi<\/figcaption><\/figure> <\/div>   <h2 class=\"wp-block-heading\" id=\"h-successful-cases\">Ba\u015far\u0131l\u0131 vakalar<\/h2>    <p class=\"translation-block\">Ge\u00e7en hafta <a href=\"https:\/\/en.wikipedia.org\/wiki\/Kenya\" target=\"_blank\" rel=\"noopener\">Kenya<\/a>'dan bir m\u00fc\u015fteri bizden bir hidrolik balya makinesi sat\u0131n ald\u0131. M\u00fc\u015fterinin bir \u00e7iftli\u011fi var ve y\u0131l boyunca beslemek i\u00e7in taze yem saklamak istiyor. M\u00fc\u015fteri, yemi uzun s\u00fcre saklayabilen bir makineyi \u00e7evrimi\u00e7i olarak ara\u015ft\u0131rd\u0131. <\/p>    <p>Ve sitemize girdi. M\u00fc\u015fterimiz, g\u00f6z att\u0131ktan sonra hidrolik balya makinemizle ilgilendi ve bizimle WhatsApp \u00fczerinden ileti\u015fime ge\u00e7ti. B\u00f6ylece onunla makinenin t\u00fcm y\u00f6nleri hakk\u0131nda konu\u015ftuk. Daha sonra m\u00fc\u015fteri iki silindirli hidrolik balya makinesi almaya karar verdi.<\/p>    <figure class=\"wp-block-gallery has-nested-images columns-default is-cropped wp-block-gallery-5 is-layout-flex wp-block-gallery-is-layout-flex\"> <figure class=\"wp-block-image size-large\"><img loading=\"lazy\" decoding=\"async\" width=\"720\" height=\"540\" data-id=\"185\" src=\"https:\/\/balerwrapper.com\/wp-content\/uploads\/2022\/08\/wooden-case-packaging-10.webp\" alt=\"tahta sand\u0131k ambalaj\u0131 \" class=\"wp-image-185\" title=\"tahta sand\u0131k ambalaj\u0131 \"\/><figcaption class=\"wp-element-caption\">tahta sand\u0131k ambalaj\u0131<\/figcaption><\/figure>    <figure class=\"wp-block-image size-large\"><img loading=\"lazy\" decoding=\"async\" width=\"720\" height=\"540\" data-id=\"186\" src=\"https:\/\/balerwrapper.com\/wp-content\/uploads\/2022\/08\/shipping-of-forage-baler-machine-40.webp\" alt=\"yem balyalama makinesinin nakliyesi \" class=\"wp-image-186\" title=\"yem balyalama makinesinin nakliyesi \"\/><figcaption class=\"wp-element-caption\">yem balyalama makinesinin nakliyesi<\/figcaption><\/figure> <\/figure>    <p>Herhangi bir sorunuz varsa veya daha ayr\u0131nt\u0131l\u0131 bilgiye ihtiya\u00e7 duyuyorsan\u0131z, sorular\u0131n\u0131z\u0131 istedi\u011finiz zaman memnuniyetle kar\u015f\u0131lar\u0131z. Sizi i\u00e7tenlikle fabrikam\u0131z\u0131 ziyaret etmeye davet ediyoruz ve sizinle i\u015fbirli\u011fi yapmay\u0131 d\u00f6rt g\u00f6zle bekliyoruz.<\/p>","protected":false},"excerpt":{"rendered":"<p>Hidrolik balya makinesi, her t\u00fcrl\u00fc silaj otu, saman ve di\u011fer \u00fcr\u00fcnleri s\u0131k\u0131\u015ft\u0131r\u0131p paketleyebilir ve bunlar\u0131 fermantasyon i\u00e7in kapatabilir, bu da uzun s\u00fcreli depolama, ta\u015f\u0131ma ve besleme i\u00e7in uygundur.<\/p>","protected":false},"author":1,"featured_media":172,"parent":0,"template":"","tags":[45,39,35],"product-type":[7],"class_list":["post-69","product","type-product","status-publish","has-post-thumbnail","hentry","tag-forage","tag-hay","tag-silage","product-type-silage-baler"],"_links":{"self":[{"href":"https:\/\/balerwrapper.com\/tr\/wp-json\/wp\/v2\/product\/69","targetHints":{"allow":["GET"]}}],"collection":[{"href":"https:\/\/balerwrapper.com\/tr\/wp-json\/wp\/v2\/product"}],"about":[{"href":"https:\/\/balerwrapper.com\/tr\/wp-json\/wp\/v2\/types\/product"}],"author":[{"embeddable":true,"href":"https:\/\/balerwrapper.com\/tr\/wp-json\/wp\/v2\/users\/1"}],"wp:featuredmedia":[{"embeddable":true,"href":"https:\/\/balerwrapper.com\/tr\/wp-json\/wp\/v2\/media\/172"}],"wp:attachment":[{"href":"https:\/\/balerwrapper.com\/tr\/wp-json\/wp\/v2\/media?parent=69"}],"wp:term":[{"taxonomy":"post_tag","embeddable":true,"href":"https:\/\/balerwrapper.com\/tr\/wp-json\/wp\/v2\/tags?post=69"},{"taxonomy":"product-type","embeddable":true,"href":"https:\/\/balerwrapper.com\/tr\/wp-json\/wp\/v2\/product-type?post=69"}],"curies":[{"name":"wp","href":"https:\/\/api.w.org\/{rel}","templated":true}]}}