{"id":67,"date":"2022-08-26T02:21:53","date_gmt":"2022-08-26T02:21:53","guid":{"rendered":"https:\/\/balerwrapper.com\/?post_type=product&#038;p=67"},"modified":"2025-05-21T17:09:19","modified_gmt":"2025-05-21T09:09:19","slug":"stalk-cutting-recycling-machine","status":"publish","type":"product","link":"https:\/\/balerwrapper.com\/tr\/product\/stalk-cutting-recycling-machine\/","title":{"rendered":"Sap kesme geri d\u00f6n\u00fc\u015f\u00fcm makinas\u0131, silaj hasat makinesi"},"content":{"rendered":"<div class=\"kk-star-ratings kksr-auto kksr-align-left kksr-valign-top\"     data-payload='{&quot;align&quot;:&quot;left&quot;,&quot;id&quot;:&quot;67&quot;,&quot;slug&quot;:&quot;default&quot;,&quot;valign&quot;:&quot;top&quot;,&quot;ignore&quot;:&quot;&quot;,&quot;reference&quot;:&quot;auto&quot;,&quot;class&quot;:&quot;&quot;,&quot;count&quot;:&quot;91&quot;,&quot;legendonly&quot;:&quot;&quot;,&quot;readonly&quot;:&quot;&quot;,&quot;score&quot;:&quot;4.8&quot;,&quot;starsonly&quot;:&quot;&quot;,&quot;best&quot;:&quot;5&quot;,&quot;gap&quot;:&quot;5&quot;,&quot;greet&quot;:&quot;Rate this product&quot;,&quot;legend&quot;:&quot;4.8\\\/5 - (91 votes)&quot;,&quot;size&quot;:&quot;24&quot;,&quot;title&quot;:&quot;Stalk cutting recycling machine\u4e28silage harvester machine&quot;,&quot;width&quot;:&quot;136.7&quot;,&quot;_legend&quot;:&quot;{score}\\\/{best} - ({count} {votes})&quot;,&quot;font_factor&quot;:&quot;1.25&quot;}'>              <div class=\"kksr-stars\">      <div class=\"kksr-stars-inactive\">             <div class=\"kksr-star\" data-star=\"1\" style=\"padding-right: 5px\">               <div class=\"kksr-icon\" style=\"width: 24px; height: 24px;\"><\/div>         <\/div>             <div class=\"kksr-star\" data-star=\"2\" style=\"padding-right: 5px\">               <div class=\"kksr-icon\" style=\"width: 24px; height: 24px;\"><\/div>         <\/div>             <div class=\"kksr-star\" data-star=\"3\" style=\"padding-right: 5px\">               <div class=\"kksr-icon\" style=\"width: 24px; height: 24px;\"><\/div>         <\/div>             <div class=\"kksr-star\" data-star=\"4\" style=\"padding-right: 5px\">               <div class=\"kksr-icon\" style=\"width: 24px; height: 24px;\"><\/div>         <\/div>             <div class=\"kksr-star\" data-star=\"5\" style=\"padding-right: 5px\">               <div class=\"kksr-icon\" style=\"width: 24px; height: 24px;\"><\/div>         <\/div>     <\/div>      <div class=\"kksr-stars-active\" style=\"width: 136.7px;\">             <div class=\"kksr-star\" style=\"padding-right: 5px\">               <div class=\"kksr-icon\" style=\"width: 24px; height: 24px;\"><\/div>         <\/div>             <div class=\"kksr-star\" style=\"padding-right: 5px\">               <div class=\"kksr-icon\" style=\"width: 24px; height: 24px;\"><\/div>         <\/div>             <div class=\"kksr-star\" style=\"padding-right: 5px\">               <div class=\"kksr-icon\" style=\"width: 24px; height: 24px;\"><\/div>         <\/div>             <div class=\"kksr-star\" style=\"padding-right: 5px\">               <div class=\"kksr-icon\" style=\"width: 24px; height: 24px;\"><\/div>         <\/div>             <div class=\"kksr-star\" style=\"padding-right: 5px\">               <div class=\"kksr-icon\" style=\"width: 24px; height: 24px;\"><\/div>         <\/div>     <\/div> <\/div>                   <div class=\"kksr-legend\" style=\"font-size: 19.2px;\">             4.8\/5 - (91 oy)    <\/div>     <\/div>  <p>Sap kesme geri d\u00f6n\u00fc\u015f\u00fcm makinesi, hasat, ezme ve geri d\u00f6n\u00fc\u015f\u00fcm\u00fc entegre eden \u00e7ok fonksiyonlu bir tar\u0131m ekipman\u0131d\u0131r. \u00c7e\u015fitli mahsul samanlar\u0131 ve silajlar\u0131n tarlada i\u015flenmesi i\u00e7in uygundur. \u00c7ift\u00e7ilere \"at\u0131k malzemeleri\" yem i\u015fleme, biyok\u00fctle enerji \u00fcretimi ve organik g\u00fcbre \u00fcretimi i\u00e7in kaynaklara d\u00f6n\u00fc\u015ft\u00fcrmelerine yard\u0131mc\u0131 olabilir.<\/p>    <p>Operasyonlar\u0131 destekleyen ekipman ve trakt\u00f6r, \u00e7ok ama\u00e7l\u0131 bir makine, saman\u0131 yerinde ezme ve do\u011frudan geri d\u00f6n\u00fc\u015f\u00fcm veya tarlaya geri d\u00f6nme i\u015flemlerini ger\u00e7ekle\u015ftirebilir. Ezme gran\u00fcl boyutu \u2264 5 cm olup, m\u0131s\u0131r, bu\u011fday, pirin\u00e7 ve di\u011fer tar\u0131m \u00fcr\u00fcnlerinin saman\u0131nda 'den fazla geri kazan\u0131m oran\u0131 sa\u011flamaktad\u0131r.<\/p>    <figure class=\"wp-block-embed aligncenter is-type-video is-provider-youtube wp-block-embed-youtube wp-embed-aspect-16-9 wp-has-aspect-ratio\"><div class=\"wp-block-embed__wrapper\"> <iframe loading=\"lazy\" title=\"Y\u00fcksek verimli saman k\u0131rma ve geri d\u00f6n\u00fc\u015f\u00fcm makinesi: at\u0131k saman\u0131 de\u011ferli kaynaklara d\u00f6n\u00fc\u015ft\u00fcr\u00fcyor!\" width=\"500\" height=\"281\" src=\"https:\/\/www.youtube.com\/embed\/sjBreEGG9XI?feature=oembed\" frameborder=\"0\" allow=\"accelerometer; autoplay; clipboard-write; encrypted-media; gyroscope; picture-in-picture; web-share\" referrerpolicy=\"strict-origin-when-cross-origin\" allowfullscreen><\/iframe> <\/div><figcaption class=\"wp-element-caption\">silaj sap\u0131 k\u0131rma ve geri d\u00f6n\u00fc\u015f\u00fcm makinas\u0131 \u00e7al\u0131\u015fma videosu<\/figcaption><\/figure>    <p>Bu sap kesme geri d\u00f6n\u00fc\u015f\u00fcm makinesi, farkl\u0131 tar\u0131m alan\u0131 boyutlar\u0131na uygun olan 1.3m, 1.35m, 1.5m, 1.65m, 1.7m, 1.8m ve 2m gibi farkl\u0131 hasat geni\u015flikleri ile donat\u0131lm\u0131\u015ft\u0131r ve 0.25-0.48h\u33a1\/h ultra verimli i\u015fleme kapasitesini ger\u00e7ekle\u015ftirebilir.<\/p>   <div class=\"wp-block-image\"> <figure class=\"aligncenter size-full\"><img loading=\"lazy\" decoding=\"async\" width=\"720\" height=\"540\" src=\"https:\/\/balerwrapper.com\/wp-content\/uploads\/2022\/08\/Stalk-cutting-recycling-machine1.jpg\" alt=\"Sap kesme geri d\u00f6n\u00fc\u015f\u00fcm makinas\u0131\" class=\"wp-image-223\" title=\"Sap kesme geri d\u00f6n\u00fc\u015f\u00fcm makinas\u0131\"\/><figcaption class=\"wp-element-caption\">Sap kesme geri d\u00f6n\u00fc\u015f\u00fcm makinas\u0131<\/figcaption><\/figure> <\/div>   <h2 class=\"wp-block-heading\" id=\"h-the-using-scope-of-the-silage-harvester-machine\">Silo hasat makinesi kapsam\u0131<\/h2>    <h3 class=\"wp-block-heading\">Uygulanabilir nesneler (i\u015flenebilecek \u00fcr\u00fcn t\u00fcrleri)<\/h3>    <ul class=\"wp-block-list\"> <li>M\u0131s\u0131r saplar\u0131, pamuk saplar\u0131, muz saplar\u0131, sorgum saplar\u0131, bu\u011fday saman\u0131, tah\u0131l saplar\u0131 ve di\u011fer tar\u0131m \u00fcr\u00fcnleri saplar\u0131.<\/li>    <li>Tarladaki her t\u00fcrl\u00fc \u0131slak ve kuru kar\u0131\u015f\u0131k silaj \u00fcr\u00fcnleri.<\/li>    <li>Hasat sonras\u0131 her t\u00fcrl\u00fc meyve bah\u00e7esi kal\u0131nt\u0131 saman\u0131 ve biyok\u00fctle saplar\u0131.<\/li> <\/ul>    <h3 class=\"wp-block-heading\">Senaryolar ve uygulamalar<\/h3>    <ul class=\"wp-block-list\"> <li>Silaj veya saman pelet yem i\u015fleme i\u00e7in \u00e7iftlikler ve yem fabrikalar\u0131.<\/li>    <li>Saman k\u00f6m\u00fcr\u00fc, saman k\u00f6m\u00fcr\u00fc ve biyok\u00fctle yak\u0131t\u0131 \u00fcretmek i\u00e7in kullan\u0131lan k\u00f6m\u00fcr fabrikalar\u0131, saman k\u00f6m\u00fcr\u00fc fabrikalar\u0131 vb.<\/li>    <li>Mantar yeti\u015ftiricileri taraf\u0131ndan yeti\u015ftirme altl\u0131\u011f\u0131 yapmak i\u00e7in kullan\u0131l\u0131r.<\/li>    <li>Enerji geri d\u00f6n\u00fc\u015f\u00fcm\u00fcn\u00fc ger\u00e7ekle\u015ftirerek biyok\u00fctle enerji \u00fcretimi i\u00e7in hammadde olarak kullan\u0131labilir.<\/li> <\/ul>    <figure class=\"wp-block-gallery aligncenter has-nested-images columns-default is-cropped wp-block-gallery-2 is-layout-flex wp-block-gallery-is-layout-flex\"> <figure class=\"wp-block-image size-large\"><img loading=\"lazy\" decoding=\"async\" width=\"720\" height=\"540\" data-id=\"225\" src=\"https:\/\/balerwrapper.com\/wp-content\/uploads\/2022\/08\/stalk-crushing-and-recycling-machine-.webp\" alt=\"sap k\u0131rma ve geri d\u00f6n\u00fc\u015f\u00fcm makinas\u0131\" class=\"wp-image-225\" title=\"sap k\u0131rma ve geri d\u00f6n\u00fc\u015f\u00fcm makinas\u0131\"\/><figcaption class=\"wp-element-caption\">sap k\u0131rma ve geri d\u00f6n\u00fc\u015f\u00fcm makinas\u0131<\/figcaption><\/figure>    <figure class=\"wp-block-image size-large\"><img loading=\"lazy\" decoding=\"async\" width=\"720\" height=\"540\" data-id=\"226\" src=\"https:\/\/balerwrapper.com\/wp-content\/uploads\/2022\/08\/corn-silage-harvester-.webp\" alt=\" m\u0131s\u0131r silaj hasat makinesi\" class=\"wp-image-226\" title=\" m\u0131s\u0131r silaj hasat makinesi\"\/><figcaption class=\"wp-element-caption\"> m\u0131s\u0131r silaj hasat makinesi<\/figcaption><\/figure> <\/figure>    <h2 class=\"wp-block-heading\">Silo hasat makinesi nas\u0131l \u00e7al\u0131\u015f\u0131r?<\/h2>    <p>Trakt\u00f6r tarlada ileri hareket etti\u011finde, makine i\u015flemi senkronize etmek i\u00e7in \u00e7al\u0131\u015ft\u0131r\u0131l\u0131r ve \u00f6n kesim tablas\u0131 hasat edilen saman\u0131 par\u00e7alama cihaz\u0131na g\u00f6nderir.<\/p>    <p>Daha sonra, ezilmi\u015f saman, ta\u015f\u0131ma sistemi arac\u0131l\u0131\u011f\u0131yla geri d\u00f6n\u00fc\u015f\u00fcm kutusuna toplan\u0131r veya do\u011frudan tarlaya geri d\u00f6ner, hasat, ezme ve geri d\u00f6n\u00fc\u015f\u00fcm\u00fcn entegre ve verimli bir \u015fekilde ger\u00e7ekle\u015ftirilmesini sa\u011flar.<\/p>    <figure class=\"wp-block-embed aligncenter is-type-video is-provider-youtube wp-block-embed-youtube wp-embed-aspect-16-9 wp-has-aspect-ratio\"><div class=\"wp-block-embed__wrapper\"> <iframe loading=\"lazy\" title=\"\u00c7ok m\u00fckemmel bir makine! silaj hasat makinesi ve geri d\u00f6n\u00fc\u015f\u00fcm makinas\u0131\/saman \u00e7im kesici ve geri d\u00f6n\u00fc\u015f\u00fcm\" width=\"500\" height=\"281\" src=\"https:\/\/www.youtube.com\/embed\/WdzrTHwBtvU?start=3&#038;feature=oembed\" frameborder=\"0\" allow=\"accelerometer; autoplay; clipboard-write; encrypted-media; gyroscope; picture-in-picture; web-share\" referrerpolicy=\"strict-origin-when-cross-origin\" allowfullscreen><\/iframe> <\/div><figcaption class=\"wp-element-caption\">silaj saman kesici geri d\u00f6n\u00fc\u015f\u00fcm makinas\u0131 \u00e7al\u0131\u015fma videosu<\/figcaption><\/figure>    <h2 class=\"wp-block-heading\" id=\"h-structure-of-the-forage-harvester\">Sap kesme geri d\u00f6n\u00fc\u015f\u00fcm makinesinin yap\u0131s\u0131<\/h2>    <p>Sap kesme geri d\u00f6n\u00fc\u015f\u00fcm makinas\u0131n\u0131n yap\u0131s\u0131 basit ve kullan\u0131m\u0131 kolayd\u0131r. Makine esas olarak bir k\u0131rma odas\u0131, hidrolik otomatik bo\u015faltma cihaz\u0131, 60HP trakt\u00f6r, k\u0131r\u0131lm\u0131\u015f saman konteyneri, PTO tahrikli, hidrolik cihaz vb. i\u00e7erir.<\/p>   <div class=\"wp-block-image\"> <figure class=\"aligncenter size-full\"><img loading=\"lazy\" decoding=\"async\" width=\"720\" height=\"540\" src=\"https:\/\/balerwrapper.com\/wp-content\/uploads\/2022\/08\/forage-harvester-.webp\" alt=\"yem hasat makinesi\" class=\"wp-image-224\" title=\"yem hasat makinesi\"\/><figcaption class=\"wp-element-caption\">yem hasat makinesi<\/figcaption><\/figure> <\/div>   <h2 class=\"wp-block-heading\" id=\"h-parameters-of-the-corn-silage-harvester\">M\u0131s\u0131r silo hasat makinesi parametreleri<\/h2>    <figure class=\"wp-block-table is-style-stripes\"><table><tbody><tr><td>\u0130sim<\/td><td>Saman hasat makinesi<\/td><\/tr><tr><td>Motor<\/td><td>\u226560HP trakt\u00f6r<\/td><\/tr><tr><td>Boyut<\/td><td>1.6*1.2*2.8m<\/td><\/tr><tr><td>A\u011f\u0131rl\u0131k<\/td><td>800kg<\/td><\/tr><tr><td>Hasat geni\u015fli\u011fi<\/td><td>1,3 m<\/td><\/tr><tr><td>Modeli<\/td><td>GH-400<\/td><\/tr><tr><td>Geri d\u00f6n\u00fc\u015f\u00fcm oran\u0131<\/td><td>\u226580%<\/td><\/tr><tr><td>Ka\u00e7ma mesafesi<\/td><td>3-5m<\/td><\/tr><tr><td>F\u0131rlatma y\u00fcksekli\u011fi<\/td><td>\u22652 milyon<\/td><\/tr><tr><td>Ezilmi\u015f saman\u0131n uzunlu\u011fu<\/td><td>80 mm'den az<\/td><\/tr><tr><td>D\u00f6nen b\u0131\u00e7ak<\/td><td>32<\/td><\/tr><tr><td>Kesici mil h\u0131z\u0131<\/td><td>2160 dev\/dak<\/td><\/tr><tr><td>\u00c7al\u0131\u015fma h\u0131z\u0131<\/td><td>2-4km\/saat<\/td><\/tr><tr><td>Kapasite<\/td><td>0,25-0,48hm2\/saat<\/td><\/tr><\/tbody><\/table><figcaption class=\"wp-element-caption\">m\u0131s\u0131r silaj\u0131 hasat makinesi parametresi<\/figcaption><\/figure>    <h2 class=\"wp-block-heading\" id=\"h-advantages-of-the-trailed-forage-harvester\">\u00c7ekili yem hasat makinesinin avantajlar\u0131<\/h2>    <ul class=\"wp-block-list\"> <li>\u00c7ok i\u015flevli entegrasyon: farkl\u0131 operasyonel ihtiya\u00e7lar\u0131 kar\u015f\u0131lamak i\u00e7in kesme, yo\u011furma, ezme ve hasat etme i\u015flemlerini entegre etme.<\/li>    <li>Y\u00fcksek verimlilik ve d\u00fc\u015f\u00fck t\u00fcketim: i\u015fletim s\u00fcreci tek bir prosed\u00fcre indirgenmi\u015ftir, y\u00fcksek i\u015fletim verimlili\u011fi ve dikkate de\u011fer enerji tasarrufu etkisi ile.<\/li>    <li>D\u00fc\u015f\u00fck kapsaml\u0131 maliyet: d\u00fc\u015f\u00fck enerji t\u00fcketimi, y\u00fcksek \u00e7\u0131kt\u0131, daha d\u00fc\u015f\u00fck toplam maliyet ve g\u00fc\u00e7l\u00fc ekonomi.<\/li>    <li>Geni\u015f bir \u015fekilde uygulanabilir: \u00e7e\u015fitli kuru ve \u0131slak saman mahsullerine uyarlanabilir, \u00e7e\u015fitli arazi ortamlar\u0131na uygundur ve g\u00fc\u00e7l\u00fc bir uygulanabilirli\u011fe sahiptir.<\/li>    <li>Ye\u015fil tar\u0131m\u0131 te\u015fvik edin: biyok\u00fctle enerjisinin kapsaml\u0131 kullan\u0131m\u0131na yard\u0131mc\u0131 olun, \u00e7evre dostu tar\u0131m\u0131n geli\u015ftirilmesi i\u00e7in ideal ekipmand\u0131r.<\/li> <\/ul>   <div class=\"wp-block-image\"> <figure class=\"aligncenter size-full\"><img loading=\"lazy\" decoding=\"async\" width=\"720\" height=\"540\" src=\"https:\/\/balerwrapper.com\/wp-content\/uploads\/2022\/08\/trailed-forage-harvester-.webp\" alt=\"\u00e7ekilir silaj makinesi\" class=\"wp-image-228\" title=\"\u00e7ekilir silaj makinesi\"\/><figcaption class=\"wp-element-caption\">\u00e7ekilir silaj makinesi<\/figcaption><\/figure> <\/div>   <h2 class=\"wp-block-heading\" id=\"h-successful-cases\">Ba\u015far\u0131l\u0131 vakalar<\/h2>    <p>Malezya'dan bir m\u00fc\u015fteri bizden 1.3m sap kesme geri d\u00f6n\u00fc\u015f\u00fcm makinesi sat\u0131n ald\u0131. Yerel b\u00f6lgesinde s\u0131\u011f\u0131r ve koyun besliyor. Yeterli yem elde etmek i\u00e7in, m\u00fc\u015fteri m\u0131s\u0131r saplar\u0131n\u0131 i\u015flemek i\u00e7in bir saman \u00f6\u011f\u00fct\u00fcc\u00fcs\u00fcne ihtiya\u00e7 duyuyordu.<\/p>    <p>Makinenin resimlerini, parametrelerini ve videosunu m\u00fc\u015fteriye g\u00f6nderdik. M\u00fc\u015fteri, de\u011ferlendirdikten sonra bir tane almaya karar verdi. M\u00fc\u015fteri sap kesme geri d\u00f6n\u00fc\u015f\u00fcm makinas\u0131n\u0131 teslim ald\u0131ktan sonra bir s\u00fcre kulland\u0131. Makinenin \u00e7ok iyi performans g\u00f6sterdi\u011fini, memnun oldu\u011funu ve bizimle bir sonraki i\u015fbirli\u011fini sab\u0131rs\u0131zl\u0131kla bekledi\u011fini s\u00f6yledi.<\/p>    <figure class=\"wp-block-gallery aligncenter has-nested-images columns-default is-cropped wp-block-gallery-3 is-layout-flex wp-block-gallery-is-layout-flex\"><div class=\"wp-block-image\"> <figure class=\"aligncenter size-large\"><img loading=\"lazy\" decoding=\"async\" width=\"720\" height=\"540\" data-id=\"229\" src=\"https:\/\/balerwrapper.com\/wp-content\/uploads\/2022\/08\/Stalk-cutting-recycling-machine1-.jpg\" alt=\"Sap kesme geri d\u00f6n\u00fc\u015f\u00fcm makinas\u0131\" class=\"wp-image-229\" title=\"Sap kesme geri d\u00f6n\u00fc\u015f\u00fcm makinas\u0131\"\/><figcaption class=\"wp-element-caption\">Sap kesme geri d\u00f6n\u00fc\u015f\u00fcm makinas\u0131<\/figcaption><\/figure> <\/div><\/figure>    <p class=\"translation-block\">Saman ezme ve geri d\u00f6n\u00fc\u015f\u00fcm makinelerinin yan\u0131 s\u0131ra, <strong><em><a href=\"https:\/\/balerwrapper.com\/tr\/product\/corn-silage-baler-machine\/\">yem balyalama sarma makineleri<\/a><\/em><\/strong> ve <strong><em><a href=\"https:\/\/balerwrapper.com\/tr\/product\/hydraulic-baler-machine\/\">hidrolik balyalay\u0131c\u0131lar<\/a><\/em><\/strong> gibi di\u011fer silaj ve i\u015fleme ekipmanlar\u0131na da sahibiz. Do\u011fru makineyi kendiniz se\u00e7mek i\u00e7in web sitemizi gezebilirsiniz. Her zaman bizimle ileti\u015fime ge\u00e7mekte \u00f6zg\u00fcrs\u00fcn\u00fcz!<\/p>    <h2 class=\"wp-block-heading\">SSS<\/h2>   <div id=\"rank-math-faq\" class=\"rank-math-block\"> <div class=\"rank-math-list\"> <div id=\"faq-question-1717140253430\" class=\"rank-math-list-item\"> <h3 class=\"rank-math-question\">i\u015flevi nedir? <a href=\"https:\/\/www.agriculture-machine.com\/silage-harvester-machine-with-tractor\/\" target=\"_blank\" rel=\"noopener\">sap kesme geri d\u00f6n\u00fc\u015f\u00fcm makinas\u0131<\/a>?<\/h3> <div class=\"rank-math-answer\">  <p>Saman k\u0131rma ve geri d\u00f6n\u00fc\u015f\u00fcm i\u015flevi.<\/p>  <\/div> <\/div> <div id=\"faq-question-1717140260481\" class=\"rank-math-list-item\"> <h3 class=\"rank-math-question\">Sadece k\u0131rma k\u0131sm\u0131n\u0131 sat\u0131n alabilir miyim?<\/h3> <div class=\"rank-math-answer\">  <p>Evet, pipeti ayr\u0131 ayr\u0131 ezebilirsiniz (fiyat\u0131 da daha ucuzdur). Par\u00e7alay\u0131c\u0131y\u0131 takip etmek i\u00e7in bir hazneli kamyon kullanman\u0131z \u00f6nerilir.<\/p>  <\/div> <\/div> <div id=\"faq-question-1717140264401\" class=\"rank-math-list-item\"> <h3 class=\"rank-math-question\">Kuru samanlar\u0131 idare edebilir misin?<\/h3> <div class=\"rank-math-answer\">  <p>Evet ama hayvanlar i\u00e7in tazelik ve saklama a\u00e7\u0131s\u0131ndan ye\u015fil saman en iyisidir.<\/p>  <\/div> <\/div> <div id=\"faq-question-1717140271944\" class=\"rank-math-list-item\"> <h3 class=\"rank-math-question\">Makinenin ne kadar beygir g\u00fcc\u00fcne ihtiyac\u0131 var?<\/h3> <div class=\"rank-math-answer\">  <p>80 hp trakt\u00f6r, m\u00fc\u015fterinin trakt\u00f6r beygir g\u00fcc\u00fc boyutunu do\u011frulamak i\u00e7in farkl\u0131 trakt\u00f6r beygir g\u00fcc\u00fc boyutlar\u0131yla farkl\u0131 hasat geni\u015fli\u011fi.<\/p>  <\/div> <\/div> <div id=\"faq-question-1717140280105\" class=\"rank-math-list-item\"> <h3 class=\"rank-math-question\">An\u0131z k\u0131r\u0131ld\u0131ktan sonra y\u00fcksekli\u011fi ne kadard\u0131r?<\/h3> <div class=\"rank-math-answer\">  <p>8-15cm.<\/p>  <\/div> <\/div> <div id=\"faq-question-1717140290609\" class=\"rank-math-list-item\"> <h3 class=\"rank-math-question\">Ezilmi\u015f saman\u0131n inceli\u011fi nedir?<\/h3> <div class=\"rank-math-answer\">  <p>3-5cm'dir.<\/p>  <\/div> <\/div> <\/div> <\/div>","protected":false},"excerpt":{"rendered":"<p>Saman kesme geri d\u00f6n\u00fc\u015f\u00fcm makinas\u0131, saman toplama ve i\u015fleme ekipman\u0131d\u0131r. Makine her t\u00fcrl\u00fc saman ve yemi i\u015fleyebilir. <\/p>","protected":false},"author":1,"featured_media":222,"parent":0,"template":"","tags":[42,39,35,43,38],"product-type":[8],"class_list":["post-67","product","type-product","status-publish","has-post-thumbnail","hentry","tag-corn-silage","tag-hay","tag-silage","tag-stalk","tag-straw","product-type-other-silage-machines"],"_links":{"self":[{"href":"https:\/\/balerwrapper.com\/tr\/wp-json\/wp\/v2\/product\/67","targetHints":{"allow":["GET"]}}],"collection":[{"href":"https:\/\/balerwrapper.com\/tr\/wp-json\/wp\/v2\/product"}],"about":[{"href":"https:\/\/balerwrapper.com\/tr\/wp-json\/wp\/v2\/types\/product"}],"author":[{"embeddable":true,"href":"https:\/\/balerwrapper.com\/tr\/wp-json\/wp\/v2\/users\/1"}],"wp:featuredmedia":[{"embeddable":true,"href":"https:\/\/balerwrapper.com\/tr\/wp-json\/wp\/v2\/media\/222"}],"wp:attachment":[{"href":"https:\/\/balerwrapper.com\/tr\/wp-json\/wp\/v2\/media?parent=67"}],"wp:term":[{"taxonomy":"post_tag","embeddable":true,"href":"https:\/\/balerwrapper.com\/tr\/wp-json\/wp\/v2\/tags?post=67"},{"taxonomy":"product-type","embeddable":true,"href":"https:\/\/balerwrapper.com\/tr\/wp-json\/wp\/v2\/product-type?post=67"}],"curies":[{"name":"wp","href":"https:\/\/api.w.org\/{rel}","templated":true}]}}