{"id":65,"date":"2022-08-26T02:05:24","date_gmt":"2022-08-26T02:05:24","guid":{"rendered":"https:\/\/balerwrapper.com\/?post_type=product&#038;p=65"},"modified":"2024-05-31T14:47:17","modified_gmt":"2024-05-31T06:47:17","slug":"hay-cutter-and-baler","status":"publish","type":"product","link":"https:\/\/balerwrapper.com\/tr\/product\/hay-cutter-and-baler\/","title":{"rendered":"Saman Kesici ve Balya Silaj Kesme Balyalama Makinas\u0131"},"content":{"rendered":"<div class=\"kk-star-ratings kksr-auto kksr-align-left kksr-valign-top\"     data-payload='{&quot;align&quot;:&quot;left&quot;,&quot;id&quot;:&quot;65&quot;,&quot;slug&quot;:&quot;default&quot;,&quot;valign&quot;:&quot;top&quot;,&quot;ignore&quot;:&quot;&quot;,&quot;reference&quot;:&quot;auto&quot;,&quot;class&quot;:&quot;&quot;,&quot;count&quot;:&quot;89&quot;,&quot;legendonly&quot;:&quot;&quot;,&quot;readonly&quot;:&quot;&quot;,&quot;score&quot;:&quot;4.8&quot;,&quot;starsonly&quot;:&quot;&quot;,&quot;best&quot;:&quot;5&quot;,&quot;gap&quot;:&quot;5&quot;,&quot;greet&quot;:&quot;Rate this product&quot;,&quot;legend&quot;:&quot;4.8\\\/5 - (89 votes)&quot;,&quot;size&quot;:&quot;24&quot;,&quot;title&quot;:&quot;Hay Cutter And Baler Silage Cutting Baling Machine&quot;,&quot;width&quot;:&quot;136.7&quot;,&quot;_legend&quot;:&quot;{score}\\\/{best} - ({count} {votes})&quot;,&quot;font_factor&quot;:&quot;1.25&quot;}'>              <div class=\"kksr-stars\">      <div class=\"kksr-stars-inactive\">             <div class=\"kksr-star\" data-star=\"1\" style=\"padding-right: 5px\">               <div class=\"kksr-icon\" style=\"width: 24px; height: 24px;\"><\/div>         <\/div>             <div class=\"kksr-star\" data-star=\"2\" style=\"padding-right: 5px\">               <div class=\"kksr-icon\" style=\"width: 24px; height: 24px;\"><\/div>         <\/div>             <div class=\"kksr-star\" data-star=\"3\" style=\"padding-right: 5px\">               <div class=\"kksr-icon\" style=\"width: 24px; height: 24px;\"><\/div>         <\/div>             <div class=\"kksr-star\" data-star=\"4\" style=\"padding-right: 5px\">               <div class=\"kksr-icon\" style=\"width: 24px; height: 24px;\"><\/div>         <\/div>             <div class=\"kksr-star\" data-star=\"5\" style=\"padding-right: 5px\">               <div class=\"kksr-icon\" style=\"width: 24px; height: 24px;\"><\/div>         <\/div>     <\/div>      <div class=\"kksr-stars-active\" style=\"width: 136.7px;\">             <div class=\"kksr-star\" style=\"padding-right: 5px\">               <div class=\"kksr-icon\" style=\"width: 24px; height: 24px;\"><\/div>         <\/div>             <div class=\"kksr-star\" style=\"padding-right: 5px\">               <div class=\"kksr-icon\" style=\"width: 24px; height: 24px;\"><\/div>         <\/div>             <div class=\"kksr-star\" style=\"padding-right: 5px\">               <div class=\"kksr-icon\" style=\"width: 24px; height: 24px;\"><\/div>         <\/div>             <div class=\"kksr-star\" style=\"padding-right: 5px\">               <div class=\"kksr-icon\" style=\"width: 24px; height: 24px;\"><\/div>         <\/div>             <div class=\"kksr-star\" style=\"padding-right: 5px\">               <div class=\"kksr-icon\" style=\"width: 24px; height: 24px;\"><\/div>         <\/div>     <\/div> <\/div>                   <div class=\"kksr-legend\" style=\"font-size: 19.2px;\">             4.8\/5 - (89 oy)    <\/div>     <\/div>  <p>Saman kesici ve balya makinesi saman\u0131 do\u011frudan tarlada ezebilir ve balyalayabilir. Do\u011frudan tarladan saman balyalamak veya yem toplamak isteyen ki\u015filerin ihtiya\u00e7lar\u0131n\u0131 kar\u015f\u0131lar. Makine, pipetlerin toplanmas\u0131, ta\u015f\u0131nmas\u0131 ve par\u00e7alanmas\u0131 s\u0131ras\u0131nda zaman, i\u015f\u00e7ilik ve nakliye maliyetlerinden tasarruf sa\u011flar. M\u0131s\u0131r saplar\u0131, bu\u011fday saplar\u0131, pamuk saplar\u0131 vb. gibi duran veya d\u00fc\u015fm\u00fc\u015f saplar\u0131 i\u015fleyebilir ve tek seferde 0,82-1,3 d\u00f6n\u00fcm \u00e7iftlik saman\u0131n\u0131n geri d\u00f6n\u00fc\u015f\u00fcm\u00fcn\u00fc ger\u00e7ekle\u015ftirebilir.<\/p>    <figure class=\"wp-block-embed aligncenter is-type-video is-provider-youtube wp-block-embed-youtube wp-embed-aspect-16-9 wp-has-aspect-ratio\"><div class=\"wp-block-embed__wrapper\"> <iframe loading=\"lazy\" title=\"Y\u00fcksek verimli saman toplama ve balyalama makinesi, tar\u0131m arazisi kal\u0131nt\u0131lar\u0131yla kolayca ba\u015fa \u00e7\u0131kman\u0131za yard\u0131mc\u0131 olur! \ud83c\udf3e\ud83d\ude9c\" width=\"500\" height=\"281\" src=\"https:\/\/www.youtube.com\/embed\/MNmNnsWwQdk?feature=oembed\" frameborder=\"0\" allow=\"accelerometer; autoplay; clipboard-write; encrypted-media; gyroscope; picture-in-picture; web-share\" referrerpolicy=\"strict-origin-when-cross-origin\" allowfullscreen><\/iframe> <\/div><figcaption class=\"wp-element-caption\">Saman kesme ve balyalama makinas\u0131 \u00e7al\u0131\u015fma videosu<\/figcaption><\/figure>    <h2 class=\"wp-block-heading\" id=\"h-what-are-the-hay-cutter-and-baler\">Saman kesici ve balya makinesi nedir?<\/h2>    <p class=\"translation-block\">Saman kesici ve baler, hem hasat \u00f6ncesi hem de hasat sonras\u0131 alanlarda \u00e7al\u0131\u015fabilir. Makine, \u00e7al\u0131\u015fma alan\u0131nda g\u00f6r\u00fcnmeye ba\u015flad\u0131k\u00e7a saman\u0131 ezip toplar ve balya haline getirir. Bu nedenle, <a href=\"https:\/\/balerwrapper.com\/tr\/product\/round-hay-baler\/\">saman toplama balerinden<\/a> daha fazla ezme i\u015flevine sahiptir. Balya haline getirilmi\u015f saman yo\u011fun ve nefes alabilir olabilir, bu da kolay ta\u015f\u0131ma ve depolama sa\u011flar. <\/p>    <p>Kare balya ve yuvarlak balya saman k\u0131rma ve toplama balya makinalar\u0131 olmak \u00fczere iki tip makina \u00fcretmekteyiz. Her ikisi de trakt\u00f6r\u00fc g\u00fc\u00e7 olarak kullanman\u0131n yan\u0131 s\u0131ra yap\u0131 ve bitmi\u015f \u00fcr\u00fcnler bak\u0131m\u0131ndan da farkl\u0131d\u0131rlar. \u0130\u015fte iki makineye k\u0131sa bir giri\u015f.<\/p>    <figure class=\"wp-block-gallery aligncenter has-nested-images columns-default is-cropped wp-block-gallery-2 is-layout-flex wp-block-gallery-is-layout-flex\"><div class=\"wp-block-image\"> <figure class=\"aligncenter size-large\"><img loading=\"lazy\" decoding=\"async\" width=\"720\" height=\"540\" data-id=\"169\" src=\"https:\/\/balerwrapper.com\/wp-content\/uploads\/2022\/08\/hay-cutter-and-baler-.webp\" alt=\"saman kesici ve balya makinesi\" class=\"wp-image-169\" title=\"saman kesici ve balya makinesi\"\/><figcaption class=\"wp-element-caption\">saman kesici ve balya makinesi<\/figcaption><\/figure> <\/div><\/figure>    <h2 class=\"wp-block-heading\" id=\"h-using-scopes-of-the-silage-cutting-baling-machine\">Silaj kesme balyalama makinesinin kapsamlar\u0131n\u0131 kullanma<\/h2>    <p>\u0130ki tip silaj kesme balyalama makinam\u0131z mevcuttur. Her iki makine de ayakta duran veya d\u00fc\u015fen m\u0131s\u0131r, pirin\u00e7, bu\u011fday, bu\u011fday saman\u0131, yonca saman\u0131, koyun saman\u0131, saz, pamuk saman\u0131 vb. i\u015fleyebilir. Par\u00e7alama fonksiyonu nedeniyle hasat \u00f6ncesi ve sonras\u0131 tarlada \u00e7al\u0131\u015fabilirler. Ve iyi bir hasat etkisine sahiptir.<\/p>    <h2 class=\"wp-block-heading\" id=\"h-type-i-round-straw-crushing-and-picking-baler\">Tip I: Yuvarlak saman k\u0131rma ve toplama balya makinesi<\/h2>    <p>Bu tip makine, bitmi\u015f \u00fcr\u00fcn\u00fc yuvarlak bir \u015fekilde balyalar. Balyalar\u0131 balyalamak i\u00e7in halat ve a\u011f kullanabilir ve balyalar\u0131n boyutu 70*100 mm olup, hasat geni\u015fli\u011fi 1,8 m veya 1,65 m'dir. \u0130lgili trakt\u00f6r boyutlar\u0131 75 hp ve 60 hp'den b\u00fcy\u00fckt\u00fcr.<\/p>   <div class=\"wp-block-image\"> <figure class=\"aligncenter size-full\"><img loading=\"lazy\" decoding=\"async\" width=\"720\" height=\"540\" src=\"https:\/\/balerwrapper.com\/wp-content\/uploads\/2022\/08\/Round-straw-crushing-and-picking-baler-.webp\" alt=\"Yuvarlak saman k\u0131rma ve toplama balya makinesi\" class=\"wp-image-163\" title=\"Yuvarlak saman k\u0131rma ve toplama balya makinesi\"\/><figcaption class=\"wp-element-caption\">Yuvarlak saman k\u0131rma ve toplama balya makinesi<\/figcaption><\/figure> <\/div>   <h3 class=\"wp-block-heading\">Saman kesme ve balyalama makineleri nas\u0131l \u00e7al\u0131\u015f\u0131r\uff1f<\/h3>    <figure class=\"wp-block-embed aligncenter is-type-video is-provider-youtube wp-block-embed-youtube wp-embed-aspect-16-9 wp-has-aspect-ratio\"><div class=\"wp-block-embed__wrapper\"> <iframe loading=\"lazy\" title=\"Saman k\u0131rma ve balyalama makinesi | Saman kesme par\u00e7alay\u0131c\u0131 ve balya makinesi \u00e7al\u0131\u015fma sahas\u0131\" width=\"500\" height=\"281\" src=\"https:\/\/www.youtube.com\/embed\/zbVtbyUgH64?feature=oembed\" frameborder=\"0\" allow=\"accelerometer; autoplay; clipboard-write; encrypted-media; gyroscope; picture-in-picture; web-share\" referrerpolicy=\"strict-origin-when-cross-origin\" allowfullscreen><\/iframe> <\/div><figcaption class=\"wp-element-caption\">saman hasat balya makinesinin \u00e7al\u0131\u015fma videosu<\/figcaption><\/figure>    <h3 class=\"wp-block-heading\" id=\"h-structure-of-the-hay-cutter-and-baler\">Saman kesici ve balya makinesinin yap\u0131s\u0131<\/h3>    <p>Saman kesici ve balya makinesi esas olarak saman do\u011frama mekanizmas\u0131, aktarma mekanizmas\u0131, toplama mekanizmas\u0131, t\u0131rm\u0131klama mekanizmas\u0131, piston damgalama mekanizmas\u0131, balya presleme mekanizmas\u0131 ve di\u011fer par\u00e7alar\u0131 i\u00e7erir.<\/p>   <div class=\"wp-block-image\"> <figure class=\"aligncenter size-full\"><img loading=\"lazy\" decoding=\"async\" width=\"720\" height=\"540\" src=\"https:\/\/balerwrapper.com\/wp-content\/uploads\/2022\/08\/round-silage-cutting-and-baling-machine-.webp\" alt=\"saman kesici ve balya makinesi\" class=\"wp-image-164\" title=\"saman kesici ve balya makinesi\"\/><figcaption class=\"wp-element-caption\">Saman kesici ve balya makinesi<\/figcaption><\/figure> <\/div>   <h3 class=\"wp-block-heading\" id=\"h-parameters-of-the-small-hay-round-baler\">K\u00fc\u00e7\u00fck saman yuvarlak balya makinesinin parametreleri<\/h3>    <figure class=\"wp-block-table is-style-stripes\"><table><tbody><tr><td>Modeli<\/td><td>STF 70*100<\/td><\/tr><tr><td>\u00c7al\u0131\u015fma kapasitesi<\/td><td>0,82-1,3 d\u00f6n\u00fcm<\/td><\/tr><tr><td>Boyut<\/td><td>2300*2200*1450mm<\/td><\/tr><\/tbody><\/table><figcaption class=\"wp-element-caption\">k\u00fc\u00e7\u00fck saman yuvarlak balyalama makinesi teknik verileri<\/figcaption><\/figure>    <h3 class=\"wp-block-heading\" id=\"h-how-does-the-tractor-baler-work\">Trakt\u00f6r balya makinesi nas\u0131l \u00e7al\u0131\u015f\u0131r? <\/h3>   <div id=\"rank-math-howto\" class=\"rank-math-block\" > <div class=\"rank-math-howto-description\">  <\/div>  <div class=\"rank-math-steps\"> <div id=\"howto-step-1717136285118\" class=\"rank-math-step\"> <div class=\"rank-math-step-content\"><p>Trakt\u00f6r balya makinesinin \u00e7al\u0131\u015fma prensibi kal\u0131n, sa\u011flam ve sert m\u0131s\u0131r saplar\u0131n\u0131 \u00f6nce yo\u011furup ezmektir. Ve makinenin ataleti alt\u0131nda malzeme yay\u0131\u011f\u0131n i\u00e7ine at\u0131lacakt\u0131r.<\/p> <\/div> <\/div> <div id=\"howto-step-1717137652050\" class=\"rank-math-step\"> <div class=\"rank-math-step-content\"><p>Daha sonra yay\u0131k, malzemeyi besleme portuna itecek, besleme \u00e7atal\u0131 ise malzemeyi s\u0131k\u0131\u015ft\u0131rma odas\u0131na g\u00f6nderecektir.<\/p> <\/div> <\/div> <div id=\"howto-step-1717137658958\" class=\"rank-math-step\"> <div class=\"rank-math-step-content\"><p>Daha sonra piston ileri geri hareketle pipeti s\u0131k\u0131\u015ft\u0131racakt\u0131r.<\/p> <\/div> <\/div> <div id=\"howto-step-1717137724308\" class=\"rank-math-step\"> <div class=\"rank-math-step-content\"><p>B\u00f6ylece balya haznesinin arkas\u0131, kapasite doldu\u011funda otomatik olarak alarm verecektir. Ve otomatik halat balyay\u0131 saracak. Son olarak hazneyi a\u00e7\u0131n ve topu balyalar\u0131n i\u00e7ine yerle\u015ftirin.<\/p> <\/div> <\/div> <\/div> <\/div>      <div class=\"wp-block-image\"> <figure class=\"aligncenter size-full\"><img loading=\"lazy\" decoding=\"async\" width=\"720\" height=\"540\" src=\"https:\/\/balerwrapper.com\/wp-content\/uploads\/2022\/08\/tractor-baler-.webp\" alt=\"trakt\u00f6r balya makinesi \" class=\"wp-image-165\" title=\"trakt\u00f6r balya makinesi \"\/><figcaption class=\"wp-element-caption\">trakt\u00f6r balya makinesi <\/figcaption><\/figure> <\/div>   <h3 class=\"wp-block-heading has-text-align-left\" id=\"h-highlights-of-the-compact-tractor-baler\">Kompakt trakt\u00f6r balya makinesinin \u00f6ne \u00e7\u0131kan \u00f6zellikleri<\/h3>    <ul class=\"wp-block-list\"> <li>Saman kesici ve balya makinesinin geni\u015f bir kullan\u0131m alan\u0131 vard\u0131r. Pirin\u00e7 saman\u0131, saman, bu\u011fday saman\u0131 yonca ve tah\u0131l otlar\u0131n\u0131n di\u011fer saplar\u0131n\u0131 hasat edebilir.<\/li>    <li>Trakt\u00f6r balya makinesi basit bir yap\u0131ya, d\u00fc\u015f\u00fck ar\u0131za oran\u0131na ve g\u00fcvenilir \u00e7al\u0131\u015fmaya sahiptir. Makinenin kullan\u0131m\u0131 kolayd\u0131r ve olu\u015fan balyalar\u0131n \u015fekli k\u00fc\u00e7\u00fckt\u00fcr ve ta\u015f\u0131nmas\u0131 kolayd\u0131r.<\/li>    <li>Sark\u0131t oldu\u011fundan esnek ve hareketli k\u00fc\u00e7\u00fck ve orta beygir g\u00fcc\u00fcndeki trakt\u00f6rlere uygundur.<\/li>    <li>Balya olu\u015fturulduktan sonra trakt\u00f6r, silindiri kontrol etmek i\u00e7in bir hidrolik mekanizma ile birlikte gelir ve arka \u00e7er\u00e7eve a\u00e7\u0131larak balyay\u0131 d\u0131\u015far\u0131 atar.<\/li> <\/ul>    <h2 class=\"wp-block-heading\" id=\"h-type-ii-square-hay-baler\">Tip II: Kare saman balyalay\u0131c\u0131<\/h2>    <p>Kare saman k\u0131rma ve toplama balya makinesi, malzemeyi balyalamak i\u00e7in yaln\u0131zca ipi kullanabilir. Makinenin k\u0131rma geni\u015fli\u011fi 2,2 m'dir ve 75 hp veya daha y\u00fcksek bir trakt\u00f6rle \u00e7al\u0131\u015ft\u0131r\u0131lmas\u0131 gerekmektedir. Balyan\u0131n boyutu 1100*400*300mm'dir ve makinenin topu \u00e7al\u0131\u015ft\u0131rmaya ihtiyac\u0131 yoktur, balyay\u0131 otomatik olarak bo\u015faltacakt\u0131r. Kullan\u0131c\u0131n\u0131n tarlada yaln\u0131zca belirli bir h\u0131zda hareket etmesi yeterlidir.<\/p>   <div class=\"wp-block-image\"> <figure class=\"aligncenter size-full\"><img loading=\"lazy\" decoding=\"async\" width=\"720\" height=\"540\" src=\"https:\/\/balerwrapper.com\/wp-content\/uploads\/2022\/08\/Square-hay-baler-.webp\" alt=\"Kare saman balyalay\u0131c\u0131\" class=\"wp-image-166\" title=\"Kare saman balyalay\u0131c\u0131\"\/><figcaption class=\"wp-element-caption\">Kare saman balyalay\u0131c\u0131<\/figcaption><\/figure> <\/div>   <h3 class=\"wp-block-heading\" id=\"h-detailed-specification-of-the-hay-cutter-and-baler\">Saman kesici ve balya makinesinin ayr\u0131nt\u0131l\u0131 \u00f6zellikleri<\/h3>    <figure class=\"wp-block-table is-style-stripes\"><table><tbody><tr><td>Modeli<\/td><td>Se\u00e7ici geni\u015fli\u011fi<\/td><td>Se\u00e7ici yap\u0131 t\u00fcr\u00fc<\/td><td>D\u00fc\u011f\u00fcmleyici t\u00fcr\u00fc<\/td><td>D\u00fc\u011f\u00fcmleyici say\u0131s\u0131<\/td><td>Paketlenmi\u015f pistonun ileri geri hareket s\u00fcreleri<\/td><td>Boyutlar(mm)<\/td><td>Destekleyici g\u00fc\u00e7<\/td><\/tr><tr><td>9YFQ-2.2<\/td><td>2240mm<\/td><td>Yayl\u0131 di\u015f<\/td><td>D<\/td><td>2<\/td><td>100\/dak<\/td><td>4150\u00d72850\u00d71800<\/td><td>\u226536,7kw<\/td><\/tr><\/tbody><\/table><figcaption class=\"wp-element-caption\">Saman kesici ve balya makinesi teknik verileri<\/figcaption><\/figure>    <h3 class=\"wp-block-heading\" id=\"h-structure-of-the-straw-crushing-baler\">Saman k\u0131rma balya makinesinin yap\u0131s\u0131<\/h3>    <p>Saman k\u0131rma balya makinesi esas olarak bir \u00e7er\u00e7eve, y\u00fcr\u00fcme tekerle\u011fi, \u00e7eki\u015f kiri\u015fi, iletim sistemi, s\u0131k\u0131\u015ft\u0131rma cihaz\u0131, balyalama cihaz\u0131, toplama cihaz\u0131, paketleme cihaz\u0131 vb. i\u00e7erir.<\/p>   <div class=\"wp-block-image\"> <figure class=\"aligncenter size-full\"><img loading=\"lazy\" decoding=\"async\" width=\"720\" height=\"540\" src=\"https:\/\/balerwrapper.com\/wp-content\/uploads\/2022\/08\/straw-crushing-baler-.webp\" alt=\" saman k\u0131rma balya makinesi\" class=\"wp-image-167\" title=\" saman k\u0131rma balya makinesi\"\/><figcaption class=\"wp-element-caption\"> saman k\u0131rma balya makinesi<\/figcaption><\/figure> <\/div>   <h3 class=\"wp-block-heading\">Kare saman balyalay\u0131c\u0131n\u0131n \u00e7al\u0131\u015fma sahnesi <\/h3>    <figure class=\"wp-block-embed aligncenter is-type-video is-provider-youtube wp-block-embed-youtube wp-embed-aspect-16-9 wp-has-aspect-ratio\"><div class=\"wp-block-embed__wrapper\"> <iframe loading=\"lazy\" title=\"Saman, pirin\u00e7 saman\u0131, m\u0131s\u0131r konu\u015fmas\u0131, Yonca vb. balyalamak i\u00e7in kare saman balya makinesi makinesi.\" width=\"500\" height=\"281\" src=\"https:\/\/www.youtube.com\/embed\/ZZp-At9iy2w?feature=oembed\" frameborder=\"0\" allow=\"accelerometer; autoplay; clipboard-write; encrypted-media; gyroscope; picture-in-picture; web-share\" referrerpolicy=\"strict-origin-when-cross-origin\" allowfullscreen><\/iframe> <\/div><figcaption class=\"wp-element-caption\">kare saman balyalama makinas\u0131 \u00e7al\u0131\u015fma videosu<\/figcaption><\/figure>    <h3 class=\"wp-block-heading\" id=\"h-advantages-of-the-square-press-crushing-baling-machine\">Kare pres k\u0131rma balyalama makinesinin avantajlar\u0131<\/h3>    <ul class=\"wp-block-list\"> <li>\u00d6n trakt\u00f6r \u00e7er\u00e7evesi 180 derece serbest\u00e7e d\u00f6nebilir ve esnek bir \u015fekilde d\u00f6nebilir, bu da trakt\u00f6r g\u00fcc\u00fc s\u0131n\u0131rlamas\u0131 sorununu \u00e7\u00f6zer.<\/li>    <li>Bu makine s\u0131k\u0131 bir \u015fekilde kaynaklanm\u0131\u015ft\u0131r ve a\u015f\u0131nmaya ve y\u0131pranmaya kar\u015f\u0131 dayan\u0131kl\u0131, b\u00fcy\u00fct\u00fclm\u00fc\u015f bir di\u015fli kutusu ve b\u00fcy\u00fct\u00fclm\u00fc\u015f yataklara sahiptir.<\/li>    <li>B\u0131\u00e7ak, farkl\u0131 m\u00fc\u015fterilerin saman k\u0131rma derecesine ili\u015fkin gereksinimlerini kar\u015f\u0131layabilir.<\/li>    <li>Besleme \u015faft\u0131, spiral tahrikli bir burgu b\u0131\u00e7a\u011f\u0131 ve dalga \u015feklindeki \u015fanz\u0131man\u0131 benimser, kar\u0131\u015f\u0131k saman problemini \u00e7\u00f6zer ve malzemeyi bloke eder ve k\u0131r\u0131k \u015faft g\u00f6r\u00fcnmez.<\/li>    <li>Makine, a\u015f\u0131nmaya dayan\u0131kl\u0131 ve dayan\u0131kl\u0131, sa\u011flam diki\u015fsiz \u00e7elik boruyu benimser.<\/li> <\/ul>   <div class=\"wp-block-image\"> <figure class=\"aligncenter size-full\"><img loading=\"lazy\" decoding=\"async\" width=\"720\" height=\"540\" src=\"https:\/\/balerwrapper.com\/wp-content\/uploads\/2022\/08\/square-press-crushing-baling-machine-.webp\" alt=\"kare pres k\u0131rma balyalama makinesi\" class=\"wp-image-168\" title=\"kare pres k\u0131rma balyalama makinesi\"\/><figcaption class=\"wp-element-caption\">kare pres k\u0131rma balyalama makinesi<\/figcaption><\/figure> <\/div>   <h2 class=\"wp-block-heading\" id=\"h-what-are-the-differences-between-the-two-hay-cutter-and-balers\">\u0130ki saman kesici ve balya makinesi aras\u0131ndaki farklar nelerdir?<\/h2>    <ul class=\"wp-block-list\"> <li>\u0130ki makinenin bitmi\u015f \u00fcr\u00fcnlerinin \u015fekli farkl\u0131d\u0131r, biri yuvarlak balya, di\u011feri kare balyad\u0131r.<\/li>    <li>\u00c7imleri balyalamak i\u00e7in kullan\u0131lan malzeme farkl\u0131d\u0131r, yuvarlak saman k\u0131rma ve toplama balya makinesi a\u011f ve ipi kullanabilir. Kare olan, ipi yaln\u0131zca \u00e7imleri balyalamak i\u00e7in kullanabilir.<\/li>    <li>\u0130ki makinenin i\u00e7 yap\u0131s\u0131 da farkl\u0131d\u0131r ve nihai \u00fcr\u00fcn\u00fcn \u015fekli boyut olarak farkl\u0131d\u0131r.<\/li> <\/ul>    <p class=\"translation-block\">Fabrikam\u0131z, farkl\u0131 tipte <a href=\"https:\/\/en.wikipedia.org\/wiki\/Straw\" target=\"_blank\" rel=\"noopener\">saman<\/a> geri d\u00f6n\u00fc\u015f\u00fcm makineleri \u00fcretmektedir, talep ve mevcut duruma g\u00f6re se\u00e7im yapabilir ve \u00f6zelle\u015ftirme kabul edebiliriz. Daha fazla bilgi ve makine teklifi i\u00e7in bizimle ileti\u015fime ge\u00e7mekten \u00e7ekinmeyin.<\/p>","protected":false},"excerpt":{"rendered":"<p>Saman kesici ve balya makinesi saman\u0131 do\u011frudan tarlada k\u0131rabilir ve balyalayabilir. Saman veya yemi do\u011frudan tarladan balyalamay\u0131 sa\u011flar. B\u00f6ylece saman geri d\u00f6n\u00fc\u015f\u00fcm\u00fc ger\u00e7ekle\u015fmi\u015f olur.<\/p>","protected":false},"author":1,"featured_media":161,"parent":0,"template":"","tags":[39,35],"product-type":[7],"class_list":["post-65","product","type-product","status-publish","has-post-thumbnail","hentry","tag-hay","tag-silage","product-type-silage-baler"],"_links":{"self":[{"href":"https:\/\/balerwrapper.com\/tr\/wp-json\/wp\/v2\/product\/65","targetHints":{"allow":["GET"]}}],"collection":[{"href":"https:\/\/balerwrapper.com\/tr\/wp-json\/wp\/v2\/product"}],"about":[{"href":"https:\/\/balerwrapper.com\/tr\/wp-json\/wp\/v2\/types\/product"}],"author":[{"embeddable":true,"href":"https:\/\/balerwrapper.com\/tr\/wp-json\/wp\/v2\/users\/1"}],"wp:featuredmedia":[{"embeddable":true,"href":"https:\/\/balerwrapper.com\/tr\/wp-json\/wp\/v2\/media\/161"}],"wp:attachment":[{"href":"https:\/\/balerwrapper.com\/tr\/wp-json\/wp\/v2\/media?parent=65"}],"wp:term":[{"taxonomy":"post_tag","embeddable":true,"href":"https:\/\/balerwrapper.com\/tr\/wp-json\/wp\/v2\/tags?post=65"},{"taxonomy":"product-type","embeddable":true,"href":"https:\/\/balerwrapper.com\/tr\/wp-json\/wp\/v2\/product-type?post=65"}],"curies":[{"name":"wp","href":"https:\/\/api.w.org\/{rel}","templated":true}]}}