{"id":63,"date":"2022-08-26T01:48:00","date_gmt":"2022-08-26T01:48:00","guid":{"rendered":"https:\/\/balerwrapper.com\/?post_type=product&#038;p=63"},"modified":"2025-06-06T17:45:12","modified_gmt":"2025-06-06T09:45:12","slug":"round-hay-baler","status":"publish","type":"product","link":"https:\/\/balerwrapper.com\/tr\/product\/round-hay-baler\/","title":{"rendered":"Yuvarlak Saman Balyalay\u0131c\u0131 ve Kare Saman Toplama Makinesi"},"content":{"rendered":"<div class=\"kk-star-ratings kksr-auto kksr-align-left kksr-valign-top\"     data-payload='{&quot;align&quot;:&quot;left&quot;,&quot;id&quot;:&quot;63&quot;,&quot;slug&quot;:&quot;default&quot;,&quot;valign&quot;:&quot;top&quot;,&quot;ignore&quot;:&quot;&quot;,&quot;reference&quot;:&quot;auto&quot;,&quot;class&quot;:&quot;&quot;,&quot;count&quot;:&quot;98&quot;,&quot;legendonly&quot;:&quot;&quot;,&quot;readonly&quot;:&quot;&quot;,&quot;score&quot;:&quot;4.9&quot;,&quot;starsonly&quot;:&quot;&quot;,&quot;best&quot;:&quot;5&quot;,&quot;gap&quot;:&quot;5&quot;,&quot;greet&quot;:&quot;Rate this product&quot;,&quot;legend&quot;:&quot;4.9\\\/5 - (98 votes)&quot;,&quot;size&quot;:&quot;24&quot;,&quot;title&quot;:&quot;Round Hay Baler And Square Straw Picking Machine&quot;,&quot;width&quot;:&quot;139.6&quot;,&quot;_legend&quot;:&quot;{score}\\\/{best} - ({count} {votes})&quot;,&quot;font_factor&quot;:&quot;1.25&quot;}'>              <div class=\"kksr-stars\">      <div class=\"kksr-stars-inactive\">             <div class=\"kksr-star\" data-star=\"1\" style=\"padding-right: 5px\">               <div class=\"kksr-icon\" style=\"width: 24px; height: 24px;\"><\/div>         <\/div>             <div class=\"kksr-star\" data-star=\"2\" style=\"padding-right: 5px\">               <div class=\"kksr-icon\" style=\"width: 24px; height: 24px;\"><\/div>         <\/div>             <div class=\"kksr-star\" data-star=\"3\" style=\"padding-right: 5px\">               <div class=\"kksr-icon\" style=\"width: 24px; height: 24px;\"><\/div>         <\/div>             <div class=\"kksr-star\" data-star=\"4\" style=\"padding-right: 5px\">               <div class=\"kksr-icon\" style=\"width: 24px; height: 24px;\"><\/div>         <\/div>             <div class=\"kksr-star\" data-star=\"5\" style=\"padding-right: 5px\">               <div class=\"kksr-icon\" style=\"width: 24px; height: 24px;\"><\/div>         <\/div>     <\/div>      <div class=\"kksr-stars-active\" style=\"width: 139.6px;\">             <div class=\"kksr-star\" style=\"padding-right: 5px\">               <div class=\"kksr-icon\" style=\"width: 24px; height: 24px;\"><\/div>         <\/div>             <div class=\"kksr-star\" style=\"padding-right: 5px\">               <div class=\"kksr-icon\" style=\"width: 24px; height: 24px;\"><\/div>         <\/div>             <div class=\"kksr-star\" style=\"padding-right: 5px\">               <div class=\"kksr-icon\" style=\"width: 24px; height: 24px;\"><\/div>         <\/div>             <div class=\"kksr-star\" style=\"padding-right: 5px\">               <div class=\"kksr-icon\" style=\"width: 24px; height: 24px;\"><\/div>         <\/div>             <div class=\"kksr-star\" style=\"padding-right: 5px\">               <div class=\"kksr-icon\" style=\"width: 24px; height: 24px;\"><\/div>         <\/div>     <\/div> <\/div>                   <div class=\"kksr-legend\" style=\"font-size: 19.2px;\">             4.9\/5 - (98 oy)    <\/div>     <\/div>  <p>Yuvarlak saman balyalama makinesi, esas olarak tarlada hasat sonras\u0131 k\u0131r\u0131k saman\u0131n otomatik olarak toplanmas\u0131, balyalanmas\u0131 ve bo\u015falt\u0131lmas\u0131 i\u015flemleri i\u00e7in kullan\u0131lan verimli ve pratik bir tar\u0131m ekipman\u0131d\u0131r. <\/p>    <p>Makine, m\u0131s\u0131r, bu\u011fday, pirin\u00e7, mera ve di\u011fer mahsuller i\u00e7in saman i\u015fleme konusunda \u00f6zellikle uygundur ve i\u015fletme verimlili\u011fini \u00f6nemli \u00f6l\u00e7\u00fcde art\u0131rabilir (saate 1.3-1.65 d\u00f6n\u00fcm kadar).<\/p>    <p>Makinenin nihai \u00e7\u0131kt\u0131s\u0131, 180kg\/m\u00b3 yo\u011funlu\u011fa sahip, 50cm \u00e7ap\u0131nda ve 80cm uzunlu\u011funda kompakt saman balyalar\u0131d\u0131r; bu, saman\u0131n toplanmas\u0131, ta\u015f\u0131nmas\u0131 ve depolanmas\u0131 i\u00e7in uygundur. <\/p>    <p>Hayvanc\u0131l\u0131k ve saman\u0131n kapsaml\u0131 kullan\u0131m\u0131 alan\u0131nda yayg\u0131n olarak kullan\u0131lmaktad\u0131r ve Hollanda, Malezya, Panama, Endonezya gibi bir\u00e7ok \u00fclkeye ihra\u00e7 edilmi\u015ftir ve kullan\u0131c\u0131lar taraf\u0131ndan iyi kar\u015f\u0131lanmaktad\u0131r.<\/p>    <figure class=\"wp-block-embed aligncenter is-type-video is-provider-youtube wp-block-embed-youtube wp-embed-aspect-16-9 wp-has-aspect-ratio\"><div class=\"wp-block-embed__wrapper\"> <iframe loading=\"lazy\" title=\"Verimli Toplama ve Balyalama Entegrasyonu! Sat\u0131l\u0131k Kare Saman Balya Makinesi\" width=\"500\" height=\"281\" src=\"https:\/\/www.youtube.com\/embed\/VuYooF-GE2I?start=54&#038;feature=oembed\" frameborder=\"0\" allow=\"accelerometer; autoplay; clipboard-write; encrypted-media; gyroscope; picture-in-picture; web-share\" referrerpolicy=\"strict-origin-when-cross-origin\" allowfullscreen><\/iframe> <\/div><figcaption class=\"wp-element-caption\">Silaj saman\u0131 yuvarlak saman balyalama makinesinin \u00e7al\u0131\u015fma videosu<\/figcaption><\/figure>    <h2 class=\"wp-block-heading\" id=\"h-what-s-the-best-hay-baler\">\u0130ki t\u00fcr saman balya makinesi<\/h2>    <p>Temelde iki t\u00fcr saman balyalay\u0131c\u0131 \u00fcretiyoruz: yuvarlak saman balyalay\u0131c\u0131lar ve kare saman balyalay\u0131c\u0131lar. Bunlar, farkl\u0131 \u015fekil ve geni\u015flikteki saman balyalama ihtiya\u00e7lar\u0131na uygundur. Her ikisi de trakt\u00f6r\u00fcn \u00fc\u00e7 noktal\u0131 ask\u0131s\u0131n\u0131n PTO g\u00fc\u00e7 \u00e7\u0131k\u0131\u015f\u0131 ile \u00e7al\u0131\u015ft\u0131r\u0131lmaktad\u0131r, bu da onlar\u0131 son derece uyumlu ve verimli hale getirmektedir.<\/p>    <p class=\"translation-block\"><strong>Ana fark ve ek \u00f6zellikler:<\/strong><\/p>    <p>Yuvarlak balya makinesi, \u00e7e\u015fitli \u015fekillerde balyalama i\u00e7in ip veya a\u011f kullanabilirken, kare balya makinesi yaln\u0131zca ip kullanarak balyalama yapabilir, bu da daha kompakt bir yap\u0131 sa\u011flar. <\/p>    <p class=\"translation-block\">Ayr\u0131ca, <a href=\"https:\/\/balerwrapper.com\/tr\/product\/hay-cutter-and-baler\/\"><strong><em>saman kesici ve balya makinesi<\/em><\/strong><\/a> makineleri de sa\u011fl\u0131yoruz; bu makineler, k\u0131r\u0131lmam\u0131\u015f saman\u0131n i\u015flenmesi i\u00e7in uygun olan ezme fonksiyonuna sahiptir ve toplama, ezme ve balyalama i\u015flemlerinin entegre \u00e7al\u0131\u015fmas\u0131n\u0131 ger\u00e7ekle\u015ftirir.<\/p>    <figure class=\"wp-block-gallery has-nested-images columns-default is-cropped wp-block-gallery-2 is-layout-flex wp-block-gallery-is-layout-flex\"> <figure class=\"wp-block-image size-large\"><img loading=\"lazy\" decoding=\"async\" width=\"720\" height=\"540\" data-id=\"190\" src=\"https:\/\/balerwrapper.com\/wp-content\/uploads\/2022\/08\/best-hay-baler-.webp\" alt=\"en iyi yuvarlak saman balyalay\u0131c\u0131\" class=\"wp-image-190\" title=\"en iyi yuvarlak saman balyalay\u0131c\u0131\"\/><figcaption class=\"wp-element-caption\">en iyi yuvarlak saman balyalay\u0131c\u0131<\/figcaption><\/figure>    <figure class=\"wp-block-image size-large\"><img loading=\"lazy\" decoding=\"async\" width=\"720\" height=\"540\" data-id=\"191\" src=\"https:\/\/balerwrapper.com\/wp-content\/uploads\/2022\/08\/square-hay-pick-up-baler-machine-.webp\" alt=\"kare saman toplama balya makinesi \" class=\"wp-image-191\" title=\"kare saman toplama balya makinesi \"\/><figcaption class=\"wp-element-caption\">kare saman toplama balya makinesi <\/figcaption><\/figure> <\/figure>    <h2 class=\"wp-block-heading\">Saman toplama ve balyalama makinesi kullanman\u0131n avantajlar\u0131<\/h2>    <ul class=\"wp-block-list\"> <li>Kompakt yap\u0131, k\u00fc\u00e7\u00fck alan kaplama: T\u00fcm makine mant\u0131kl\u0131 bir yap\u0131ya sahiptir, i\u015fletme alan\u0131ndan tasarruf sa\u011flar.<\/li>    <li>Basit kullan\u0131m, kolay ba\u015flama: Basit yap\u0131, kavramas\u0131 ve kullanmas\u0131 kolay, d\u00fc\u015f\u00fck e\u011fitim maliyeti.<\/li>    <li>\u0130yi balyalama etkisi: Balya d\u0131\u015far\u0131dan s\u0131k\u0131, i\u00e7eriden ise gev\u015fek, havaland\u0131rmal\u0131 ve haval\u0131d\u0131r, bu da depolama i\u00e7in iyidir.<\/li>    <li>\u00c7evre kirlili\u011fini azaltma: Tarladaki k\u0131r\u0131k saman\u0131 toplayabilir ve yakman\u0131n neden oldu\u011fu hava kirlili\u011fini \u00f6nleyebilir.<\/li>    <li>Kaynaklar\u0131n verimli kullan\u0131m\u0131: Balya haline getirilmi\u015f saman, ka\u011f\u0131t yap\u0131m\u0131, enerji \u00fcretimi, hayvanc\u0131l\u0131k ve di\u011fer ama\u00e7lar i\u00e7in kullan\u0131labilir.<\/li>    <li>Ta\u015f\u0131ma ve depolama kolayl\u0131\u011f\u0131: Balya haline getirilmi\u015f saman d\u00fczenli ve kompakt olup, ta\u015f\u0131ma ve depolama verimlili\u011fini art\u0131r\u0131r.<\/li> <\/ul>   <div class=\"wp-block-image\"> <figure class=\"aligncenter size-full\"><img loading=\"lazy\" decoding=\"async\" width=\"720\" height=\"540\" src=\"https:\/\/balerwrapper.com\/wp-content\/uploads\/2022\/08\/hay-and-straw-baling-machine-.webp\" alt=\"saman ve saman balyalama makinesi\" class=\"wp-image-193\" title=\"saman ve saman balyalama makinesi\"\/><figcaption class=\"wp-element-caption\">Saman ve saman balyalama makinesi<\/figcaption><\/figure> <\/div>   <h2 class=\"wp-block-heading\">Saman toplama balya makinesi uygulama alanlar\u0131<\/h2>    <ul class=\"wp-block-list\"> <li>Ot, silaj ve yem toplama ve balyalama i\u00e7in uygundur.<\/li>    <li>Bu, bu\u011fday, pirin\u00e7 ve yo\u011frulmu\u015f m\u0131s\u0131r saman\u0131n\u0131n balyalama i\u015flemi i\u00e7in uygundur.<\/li>    <li>Bu arada, pamuk saman\u0131, kanola saman\u0131, yerf\u0131st\u0131\u011f\u0131 sarma\u015f\u0131\u011f\u0131, fasulye saman\u0131 ve di\u011fer tar\u0131m \u00fcr\u00fcnleri samanlar\u0131n\u0131n toplanmas\u0131 ve balyalamas\u0131 i\u00e7in de kullan\u0131labilir.<\/li>    <li>Hayvanc\u0131l\u0131k, ka\u011f\u0131t yap\u0131m\u0131 gibi alanlarda saman kaynaklar\u0131n\u0131n de\u011ferlendirilmesi i\u00e7in ideal bir se\u00e7imdir.<\/li> <\/ul>    <h2 class=\"wp-block-heading\" id=\"h-type-i-pickup-round-baler\">Tip I: Pikap yuvarlak balya makinesi<\/h2>    <p>Yuvarlak saman balyalay\u0131c\u0131, makinenin \u00f6n di\u015flerini kullanarak malzemeyi toplar. Nihai balenin boyutu 70 cm \u00e7ap\u0131nda ve 100 cm uzunlu\u011fundad\u0131r. Makine kompakt, kullan\u0131m\u0131 kolay ve g\u00fcvenilirdir.<\/p>   <div class=\"wp-block-image\"> <figure class=\"aligncenter size-full\"><img loading=\"lazy\" decoding=\"async\" width=\"720\" height=\"540\" src=\"https:\/\/balerwrapper.com\/wp-content\/uploads\/2022\/08\/Pickup-round-baler.webp\" alt=\"Pikap yuvarlak balya makinesi\" class=\"wp-image-192\" title=\"Pikap yuvarlak balya makinesi\"\/><figcaption class=\"wp-element-caption\">Pikap yuvarlak saman balyalay\u0131c\u0131<\/figcaption><\/figure> <\/div>   <h3 class=\"wp-block-heading\">Kompakt yuvarlak saman balya makinesinin yap\u0131s\u0131<\/h3>    <p>Bu t\u00fcr yuvarlak ot balyalay\u0131c\u0131, esas olarak bir toplama mekanizmas\u0131, yuvarlama silindiri mekanizmas\u0131, ba\u011flama mekanizmas\u0131, balya bo\u015faltma mekanizmas\u0131 vb. i\u00e7erir. <\/p>    <p>Olu\u015fan balya k\u00fc\u00e7\u00fck ve kompakt olup, balya i\u00e7i gev\u015fek d\u0131\u015f\u0131 s\u0131k\u0131d\u0131r, iyi hava ge\u00e7irgenli\u011fine sahiptir, bu da ta\u015f\u0131nma ve depolama i\u00e7in uygundur.<\/p>   <div class=\"wp-block-image\"> <figure class=\"aligncenter size-full\"><img loading=\"lazy\" decoding=\"async\" width=\"720\" height=\"540\" src=\"https:\/\/balerwrapper.com\/wp-content\/uploads\/2022\/08\/compact-round-baler.webp\" alt=\"kompakt yuvarlak balya makinesi\" class=\"wp-image-199\" title=\"kompakt yuvarlak balya makinesi\"\/><figcaption class=\"wp-element-caption\">kompakt yuvarlak balya makinesi<\/figcaption><\/figure> <\/div>   <h3 class=\"wp-block-heading\">Yuvarlak saman balya makinesi nas\u0131l \u00e7al\u0131\u015f\u0131r?<\/h3>   <div id=\"rank-math-howto\" class=\"rank-math-block\" > <div class=\"rank-math-howto-description\">  <\/div>  <div class=\"rank-math-steps\"> <div id=\"howto-step-1717057803150\" class=\"rank-math-step\"> <div class=\"rank-math-step-content\"><p>Trakt\u00f6r, hasat edilen saman\u0131n \u00fczerine binmek i\u00e7in yuvarlak saman balya makinesini \u00e7eker. Daha sonra trakt\u00f6r ilerledik\u00e7e g\u00fc\u00e7 verilir ve toplama mekanizmas\u0131 d\u00f6nmeye ba\u015flar, saman\u0131 al\u0131r ve haddeleme odas\u0131na besler.<\/p> <\/div> <\/div> <div id=\"howto-step-1717057819817\" class=\"rank-math-step\"> <div class=\"rank-math-step-content\"><p>Balya makinesi tamburunun s\u00fcrekli d\u00f6n\u00fc\u015f\u00fcyle \u200b\u200b\u200b\u200bbalya haznesine giren saman, s\u0131k\u0131 bir yuvarlak balya olu\u015fturacak \u015fekilde yava\u015f yava\u015f k\u00fc\u00e7\u00fckten b\u00fcy\u00fc\u011fe do\u011fru de\u011fi\u015fir.<\/p> <\/div> <\/div> <div id=\"howto-step-1717057832313\" class=\"rank-math-step\"> <div class=\"rank-math-step-content\"><p>Daha sonra, balya \u00f6nceden belirlenen yo\u011funlu\u011fa ula\u015ft\u0131\u011f\u0131nda alarm kornas\u0131 \u00e7alar ve s\u00fcr\u00fcc\u00fc, trakt\u00f6r\u00fc ileri do\u011fru durdurur.<\/p> <\/div> <\/div> <div id=\"howto-step-1717057843722\" class=\"rank-math-step\"> <div class=\"rank-math-step-content\"><p>S\u00fcr\u00fcc\u00fc, hidrolik valfin y\u00f6n de\u011fi\u015ftirmesini sa\u011flamak i\u00e7in hidrolik kolu \u00e7eker, silindir \u00e7al\u0131\u015f\u0131r ve arka \u00e7er\u00e7eve a\u00e7\u0131larak balyay\u0131 d\u0131\u015far\u0131 atar.<\/p> <\/div> <\/div> <\/div> <\/div>       <figure class=\"wp-block-embed is-type-video is-provider-youtube wp-block-embed-youtube wp-embed-aspect-16-9 wp-has-aspect-ratio\"><div class=\"wp-block-embed__wrapper\"> <iframe loading=\"lazy\" title=\"Pick-up balya makinesi geri bildirim videosu | saman balyalama makinesi | saman balya makinas\u0131 \u00e7al\u0131\u015fma videosu.\" width=\"500\" height=\"281\" src=\"https:\/\/www.youtube.com\/embed\/dH9rpWyAvro?feature=oembed\" frameborder=\"0\" allow=\"accelerometer; autoplay; clipboard-write; encrypted-media; gyroscope; picture-in-picture; web-share\" referrerpolicy=\"strict-origin-when-cross-origin\" allowfullscreen><\/iframe> <\/div><figcaption class=\"wp-element-caption\">yuvarlak saman balya makinesi \u00e7al\u0131\u015fma alan\u0131<\/figcaption><\/figure>    <h3 class=\"wp-block-heading\" id=\"h-specification-of-the-round-hay-baler\">Yuvarlak saman balya makinesinin teknik verileri<\/h3>    <figure class=\"wp-block-table is-style-stripes\"><table><tbody><tr><td>Modeli<\/td><td>ST80*100<\/td><\/tr><tr><td>A\u011f\u0131rl\u0131k<\/td><td>680kg<\/td><\/tr><tr><td>Trakt\u00f6r\u00fcn g\u00fcc\u00fc<\/td><td>40hp'den fazla<\/td><\/tr><tr><td>Genel Boyut<\/td><td>1.63*1.37*1.43m<\/td><\/tr><tr><td>Balya Makinesi Boyutu<\/td><td>\u03a6800*1000mm<\/td><\/tr><tr><td>Balya a\u011f\u0131rl\u0131\u011f\u0131<\/td><td>40-50kg<\/td><\/tr><tr><td>Kapasite<\/td><td>1,3-1,65 d\u00f6n\u00fcm\/saat<\/td><\/tr><\/tbody><\/table><figcaption class=\"wp-element-caption\"> yuvarlak saman balyalay\u0131c\u0131n\u0131n parametreleri<\/figcaption><\/figure>   <div class=\"wp-block-image\"> <figure class=\"aligncenter size-full\"><img loading=\"lazy\" decoding=\"async\" width=\"720\" height=\"540\" src=\"https:\/\/balerwrapper.com\/wp-content\/uploads\/2022\/08\/mini-round-baler-.webp\" alt=\"mini yuvarlak balya makinesi\" class=\"wp-image-198\" title=\"mini yuvarlak balya makinesi\"\/><figcaption class=\"wp-element-caption\">mini yuvarlak balya makinesi<\/figcaption><\/figure> <\/div>   <h2 class=\"wp-block-heading\" id=\"h-type-ii-pick-up-square-baler\">Tip II: Kare balya makinesini toplay\u0131n<\/h2>    <p>Bu t\u00fcr al\u0131c\u0131 kare balyalay\u0131c\u0131, 2m veya 2.2m geni\u015fli\u011findeki malzemeleri hasat edebilir. Balya boyutu 110cm uzunlu\u011funda, 40cm geni\u015fli\u011finde ve 30cm y\u00fcksekli\u011findedir.<\/p>    <p>\u0130htiya\u00e7lar\u0131na g\u00f6re do\u011fru geni\u015fli\u011fi se\u00e7ebilirsiniz. Kare \u015feklindeki balyalar yerle\u015ftirilmesi ve ta\u015f\u0131nmas\u0131 kolayd\u0131r. Saman toplama i\u00e7in ideal bir ekipmand\u0131r.<\/p>   <div class=\"wp-block-image\"> <figure class=\"aligncenter size-full\"><img loading=\"lazy\" decoding=\"async\" width=\"720\" height=\"540\" src=\"https:\/\/balerwrapper.com\/wp-content\/uploads\/2022\/08\/pick-up-square-baler-.webp\" alt=\"kare balya makinesini al\" class=\"wp-image-195\" title=\"kare balya makinesini al\"\/><figcaption class=\"wp-element-caption\">kare balya makinesini al<\/figcaption><\/figure> <\/div>   <h3 class=\"wp-block-heading\" id=\"h-structure-of-automatic-straw-pick-up-packing-machine\">Otomatik saman toplama paketleme makinesinin yap\u0131s\u0131 <\/h3>    <p>Ana \u00e7al\u0131\u015fma par\u00e7alar\u0131 aras\u0131nda toplama cihaz\u0131, aktarma mekanizmas\u0131, saman besleme cihaz\u0131, balya presleme yap\u0131s\u0131, balya ba\u011flama yap\u0131s\u0131, s\u0131n\u0131rlama cihaz\u0131, ayarlama ve kontrol yap\u0131s\u0131 vb. bulunur.<\/p>    <h3 class=\"wp-block-heading\" id=\"h-technical-information-on-the-tractor-mounted-hay-picking-and-baling-machine\">Trakt\u00f6re monte edilmi\u015f ot toplama ve balyalama makinesi parametreleri<\/h3>    <figure class=\"wp-block-table is-style-stripes\"><table><tbody><tr><td>modeli<\/td><td>TZ-190<\/td><\/tr><tr><td>G\u00fc\u00e7<\/td><td>80-90 HP trakt\u00f6r<\/td><\/tr><tr><td>Verimli \u00e7al\u0131\u015fma<\/td><td>6-15km\/saat<\/td><\/tr><tr><td>\u00c7al\u0131\u015fma geni\u015fli\u011fi<\/td><td>1,9 m<\/td><\/tr><tr><td>Balya boyutu<\/td><td>110*40*30cm<\/td><\/tr><tr><td>Boyut<\/td><td>500*280*140cm<\/td><\/tr><tr><td>A\u011f\u0131rl\u0131k<\/td><td>1460 kilo<\/td><\/tr><\/tbody><\/table><figcaption class=\"wp-element-caption\">trakt\u00f6re monte saman toplama ve balyalama makinesi parametresi<\/figcaption><\/figure>   <div class=\"wp-block-image\"> <figure class=\"aligncenter size-full\"><img loading=\"lazy\" decoding=\"async\" width=\"720\" height=\"540\" src=\"https:\/\/balerwrapper.com\/wp-content\/uploads\/2022\/08\/hay-picking-and-baling-machine-.webp\" alt=\"saman toplama ve balyalama makinesi \" class=\"wp-image-196\" title=\"saman toplama ve balyalama makinesi \"\/><figcaption class=\"wp-element-caption\">Saman toplama ve balyalama makinesi <\/figcaption><\/figure> <\/div>   <h3 class=\"wp-block-heading\" id=\"h-working-principle-of-the-hay-picking-and-baling-machine\">Saman toplama ve balyalama makinesinin \u00e7al\u0131\u015fma prensibi <\/h3>    <ul class=\"wp-block-list\"> <li>G\u00fc\u00e7 kayna\u011f\u0131: trakt\u00f6r\u00fcn arka \u00fc\u00e7 nokta s\u00fcspansiyonu arac\u0131l\u0131\u011f\u0131yla ba\u011flant\u0131l\u0131d\u0131r, trakt\u00f6r\u00fcn arka \u00e7\u0131k\u0131\u015f mili \u00e7al\u0131\u015ft\u0131rma ve i\u015fletme g\u00fcc\u00fc sa\u011flamak i\u00e7in kullan\u0131l\u0131r.<\/li>    <li>Toplama ve besleme: toplay\u0131c\u0131, yerden saman\u0131 almak i\u00e7in d\u00f6ner ve bunu besleme cihaz\u0131na iletir.<\/li>    <li>S\u0131k\u0131\u015ft\u0131rma ve balyalama: saman, balyalama odas\u0131na e\u015fit \u015fekilde girer ve belirlenen hacme ula\u015ft\u0131\u011f\u0131nda otomatik olarak s\u0131k\u0131\u015ft\u0131r\u0131l\u0131p balyalan\u0131r.<\/li>    <li>Otomatik balya bo\u015faltma: balyalama tamamland\u0131ktan sonra, kare balyalar bo\u015faltma portundan bo\u015falt\u0131l\u0131r ve t\u00fcm balyalama s\u00fcreci tamamlan\u0131r.<\/li> <\/ul>    <figure class=\"wp-block-embed is-type-video is-provider-youtube wp-block-embed-youtube wp-embed-aspect-16-9 wp-has-aspect-ratio\"><div class=\"wp-block-embed__wrapper\"> <iframe loading=\"lazy\" title=\"Tractore \u00e7ekme kare saman \u00e7emberleme balya makinesi\" width=\"500\" height=\"281\" src=\"https:\/\/www.youtube.com\/embed\/5o1yotMUw0Y?feature=oembed\" frameborder=\"0\" allow=\"accelerometer; autoplay; clipboard-write; encrypted-media; gyroscope; picture-in-picture; web-share\" referrerpolicy=\"strict-origin-when-cross-origin\" allowfullscreen><\/iframe> <\/div><figcaption class=\"wp-element-caption\">Kare saman balya makinesi \u00e7al\u0131\u015fma videosu<\/figcaption><\/figure>    <h2 class=\"wp-block-heading\" id=\"h-why-choose-our-straw-picking-and-baling-machine\">Neden saman toplama ve balyalama makinemizi se\u00e7melisiniz?<\/h2>    <ul class=\"wp-block-list\"> <li>Profesyonel \u00fcretim ekibi: deneyimli teknisyenler taraf\u0131ndan, y\u00fcksek kaliteli malzemeler kullan\u0131larak, makul yap\u0131 ve g\u00fcvenilir performans ile in\u015fa edilmi\u015ftir.<\/li>    <li>Zaman\u0131nda ve profesyonel hizmet: m\u00fc\u015fterilerin kullan\u0131m s\u00fcrecinde kar\u015f\u0131la\u015ft\u0131klar\u0131 sorunlar\u0131 \u00e7\u00f6zmelerine yard\u0131mc\u0131 olmak i\u00e7in h\u0131zl\u0131 yan\u0131t ve profesyonel cevaplar sa\u011flar.<\/li>    <li>M\u00fckemmel sat\u0131\u015f sonras\u0131 koruma: bir y\u0131l boyunca sat\u0131\u015f sonras\u0131 hizmetin tad\u0131n\u0131 \u00e7\u0131kar\u0131n. M\u00fc\u015fteriler bir y\u0131l i\u00e7inde sorun bildirdi\u011finde, h\u0131zl\u0131 bir \u015fekilde \u00e7\u00f6z\u00fcm bulmak i\u00e7in yard\u0131mc\u0131 olaca\u011f\u0131z, b\u00f6ylece endi\u015fesiz bir kullan\u0131m sa\u011flanacakt\u0131r.<\/li> <\/ul>   <div class=\"wp-block-image\"> <figure class=\"aligncenter size-full\"><img loading=\"lazy\" decoding=\"async\" width=\"720\" height=\"540\" src=\"https:\/\/balerwrapper.com\/wp-content\/uploads\/2022\/08\/stock-of-our-straw-picking-and-baling-machine-.jpg\" alt=\"Saman toplama ve balyalama makinemizin sto\u011fu \" class=\"wp-image-197\" title=\"Saman toplama ve balyalama makinemizin sto\u011fu \"\/><figcaption class=\"wp-element-caption\">saman toplama ve balyalama makinemizin sto\u011fu<\/figcaption><\/figure> <\/div>   <h2 class=\"wp-block-heading\" id=\"h-faults-and-solutions\">Ar\u0131zalar ve \u00e7\u00f6z\u00fcmler<\/h2>    <ol class=\"wp-block-list\"> <li>Hata: toplama k\u0131sm\u0131 ot taraf\u0131ndan t\u0131kanm\u0131\u015f.<br>Sebep: \u00e7im y\u0131\u011f\u0131n\u0131 \u00e7ok b\u00fcy\u00fck, s\u00fcr\u00fc\u015f h\u0131z\u0131 \u00e7ok h\u0131zl\u0131 ve i\u015f par\u00e7as\u0131n\u0131n nemi \u00e7ok y\u00fcksek.<br>\u00c7\u00f6z\u00fcm: daha k\u00fc\u00e7\u00fck <a href=\"https:\/\/en.wikipedia.org\/wiki\/Straw\" target=\"_blank\" rel=\"noopener\">pipet<\/a> y\u0131\u011f\u0131n, daha yava\u015f \u00e7al\u0131\u015fma h\u0131z\u0131, kuru \u00e7al\u0131\u015fma malzemesi.<\/li>    <li>Hata: balya konik.<br>Sebep: \u00e7im \u015feridinin bir ucunda s\u00fcr\u00fc\u015f yap\u0131l\u0131yor ve \u00e7im \u015feridi bir u\u00e7ta kal\u0131n.<br>\u00c7\u00f6z\u00fcm: \u00e7im \u015feridinin ortas\u0131na s\u00fcr\u00fcn.<\/li>    <li>Hata: silindir d\u00f6ner, toplay\u0131c\u0131 d\u00f6nmez.<br>Sebep: \u00e7im toplay\u0131c\u0131n\u0131n g\u00fcvenlik vidas\u0131 kesilmi\u015f.<br>\u00c7\u00f6z\u00fcm: Emniyet c\u0131vatas\u0131n\u0131 de\u011fi\u015ftirin.<\/li>    <li>Ar\u0131za: demetin ortas\u0131nda kopuk bir hat oldu\u011funda.<br>Sebep: Halat besleme cihaz\u0131 bas\u0131n\u00e7 halat cihaz\u0131na diren\u00e7 g\u00f6steriyor, halat cihaz\u0131nda sorun var.<br>\u00c7\u00f6z\u00fcm: ipi gev\u015fetin ve sonra ipi takarak yay\u0131 ayarlay\u0131n, direnci azalt\u0131n. \u0130pi kontrol edin.<\/li> <\/ol>    <p>E\u011fer verimli, dayan\u0131kl\u0131 ve kullan\u0131m\u0131 kolay bir saman toplay\u0131c\u0131 ve balya makinesi ar\u0131yorsan\u0131z, \u00fcr\u00fcnlerimiz ideal se\u00e7iminiz olacakt\u0131r. \u015eimdi bizimle ileti\u015fime ge\u00e7in ve hasat etti\u011finiz saman\u0131 yeniden kullanman\u0131za yard\u0131mc\u0131 olal\u0131m!<\/p>","protected":false},"excerpt":{"rendered":"<p>Yuvarlak saman balya makinesi genellikle hasat sonras\u0131 m\u0131s\u0131r tarlalar\u0131nda kullan\u0131l\u0131r. \u00c7\u00fcnk\u00fc ancak yo\u011frulmu\u015f m\u0131s\u0131r saplar\u0131n\u0131 i\u015fleyebilir. K\u0131y\u0131lm\u0131\u015f saman\u0131n toplanmas\u0131 ve balyalanmas\u0131 i\u015flevini yerine getirir.<\/p>","protected":false},"author":1,"featured_media":188,"parent":0,"template":"","tags":[39,38],"product-type":[7],"class_list":["post-63","product","type-product","status-publish","has-post-thumbnail","hentry","tag-hay","tag-straw","product-type-silage-baler"],"_links":{"self":[{"href":"https:\/\/balerwrapper.com\/tr\/wp-json\/wp\/v2\/product\/63","targetHints":{"allow":["GET"]}}],"collection":[{"href":"https:\/\/balerwrapper.com\/tr\/wp-json\/wp\/v2\/product"}],"about":[{"href":"https:\/\/balerwrapper.com\/tr\/wp-json\/wp\/v2\/types\/product"}],"author":[{"embeddable":true,"href":"https:\/\/balerwrapper.com\/tr\/wp-json\/wp\/v2\/users\/1"}],"wp:featuredmedia":[{"embeddable":true,"href":"https:\/\/balerwrapper.com\/tr\/wp-json\/wp\/v2\/media\/188"}],"wp:attachment":[{"href":"https:\/\/balerwrapper.com\/tr\/wp-json\/wp\/v2\/media?parent=63"}],"wp:term":[{"taxonomy":"post_tag","embeddable":true,"href":"https:\/\/balerwrapper.com\/tr\/wp-json\/wp\/v2\/tags?post=63"},{"taxonomy":"product-type","embeddable":true,"href":"https:\/\/balerwrapper.com\/tr\/wp-json\/wp\/v2\/product-type?post=63"}],"curies":[{"name":"wp","href":"https:\/\/api.w.org\/{rel}","templated":true}]}}