{"id":55,"date":"2022-08-24T10:35:12","date_gmt":"2022-08-24T10:35:12","guid":{"rendered":"https:\/\/balerwrapper.com\/?post_type=product&#038;p=55"},"modified":"2024-05-30T18:34:56","modified_gmt":"2024-05-30T10:34:56","slug":"combined-grass-grain-crusher","status":"publish","type":"product","link":"https:\/\/balerwrapper.com\/tr\/product\/combined-grass-grain-crusher\/","title":{"rendered":"Kombine \u00c7im Tah\u0131l K\u0131r\u0131c\u0131 Saman Kesici \u00d6\u011f\u00fctme Makinesi"},"content":{"rendered":"<div class=\"kk-star-ratings kksr-auto kksr-align-left kksr-valign-top\"     data-payload='{&quot;align&quot;:&quot;left&quot;,&quot;id&quot;:&quot;55&quot;,&quot;slug&quot;:&quot;default&quot;,&quot;valign&quot;:&quot;top&quot;,&quot;ignore&quot;:&quot;&quot;,&quot;reference&quot;:&quot;auto&quot;,&quot;class&quot;:&quot;&quot;,&quot;count&quot;:&quot;97&quot;,&quot;legendonly&quot;:&quot;&quot;,&quot;readonly&quot;:&quot;&quot;,&quot;score&quot;:&quot;4.8&quot;,&quot;starsonly&quot;:&quot;&quot;,&quot;best&quot;:&quot;5&quot;,&quot;gap&quot;:&quot;5&quot;,&quot;greet&quot;:&quot;Rate this product&quot;,&quot;legend&quot;:&quot;4.8\\\/5 - (97 votes)&quot;,&quot;size&quot;:&quot;24&quot;,&quot;title&quot;:&quot;Combined Grass Grain Crusher Chaff Cutter Grinder Machine&quot;,&quot;width&quot;:&quot;136.7&quot;,&quot;_legend&quot;:&quot;{score}\\\/{best} - ({count} {votes})&quot;,&quot;font_factor&quot;:&quot;1.25&quot;}'>              <div class=\"kksr-stars\">      <div class=\"kksr-stars-inactive\">             <div class=\"kksr-star\" data-star=\"1\" style=\"padding-right: 5px\">               <div class=\"kksr-icon\" style=\"width: 24px; height: 24px;\"><\/div>         <\/div>             <div class=\"kksr-star\" data-star=\"2\" style=\"padding-right: 5px\">               <div class=\"kksr-icon\" style=\"width: 24px; height: 24px;\"><\/div>         <\/div>             <div class=\"kksr-star\" data-star=\"3\" style=\"padding-right: 5px\">               <div class=\"kksr-icon\" style=\"width: 24px; height: 24px;\"><\/div>         <\/div>             <div class=\"kksr-star\" data-star=\"4\" style=\"padding-right: 5px\">               <div class=\"kksr-icon\" style=\"width: 24px; height: 24px;\"><\/div>         <\/div>             <div class=\"kksr-star\" data-star=\"5\" style=\"padding-right: 5px\">               <div class=\"kksr-icon\" style=\"width: 24px; height: 24px;\"><\/div>         <\/div>     <\/div>      <div class=\"kksr-stars-active\" style=\"width: 136.7px;\">             <div class=\"kksr-star\" style=\"padding-right: 5px\">               <div class=\"kksr-icon\" style=\"width: 24px; height: 24px;\"><\/div>         <\/div>             <div class=\"kksr-star\" style=\"padding-right: 5px\">               <div class=\"kksr-icon\" style=\"width: 24px; height: 24px;\"><\/div>         <\/div>             <div class=\"kksr-star\" style=\"padding-right: 5px\">               <div class=\"kksr-icon\" style=\"width: 24px; height: 24px;\"><\/div>         <\/div>             <div class=\"kksr-star\" style=\"padding-right: 5px\">               <div class=\"kksr-icon\" style=\"width: 24px; height: 24px;\"><\/div>         <\/div>             <div class=\"kksr-star\" style=\"padding-right: 5px\">               <div class=\"kksr-icon\" style=\"width: 24px; height: 24px;\"><\/div>         <\/div>     <\/div> <\/div>                   <div class=\"kksr-legend\" style=\"font-size: 19.2px;\">             4,8\/5 - (97 oy)    <\/div>     <\/div>  <p>Kombine \u00e7im tanesi k\u0131r\u0131c\u0131, \u00e7ok i\u015flevli bir yem i\u015fleme ekipman\u0131d\u0131r. Makineyi \u00e7imleri kesmek i\u00e7in kullanabildi\u011fimiz gibi \u00e7e\u015fitli tah\u0131llar\u0131, meyveleri ve sebzeleri ezmek i\u00e7in de kullanabiliriz. \u0130\u015flenen malzeme genellikle s\u0131\u011f\u0131r, koyun, at, domuz ve di\u011fer \u00e7iftlik hayvanlar\u0131n\u0131 beslemek i\u00e7in kullan\u0131l\u0131r. <\/p>    <figure class=\"wp-block-embed aligncenter is-type-video is-provider-youtube wp-block-embed-youtube wp-embed-aspect-16-9 wp-has-aspect-ratio\"><div class=\"wp-block-embed__wrapper\"> <iframe loading=\"lazy\" title=\"Saman Kesici ve K\u0131r\u0131c\u0131 Makinesi, Mahsul Hasat Verimlili\u011fini Art\u0131r\u0131yor!\" width=\"500\" height=\"281\" src=\"https:\/\/www.youtube.com\/embed\/csKAdpXtbn8?feature=oembed\" frameborder=\"0\" allow=\"accelerometer; autoplay; clipboard-write; encrypted-media; gyroscope; picture-in-picture; web-share\" referrerpolicy=\"strict-origin-when-cross-origin\" allowfullscreen><\/iframe> <\/div><figcaption class=\"wp-element-caption\">Tipik saman kesici ve \u00f6\u011f\u00fct\u00fcc\u00fc makinesi \u00e7al\u0131\u015fma videosu<\/figcaption><\/figure>    <p class=\"translation-block\">Makineler kompakt ve ta\u015f\u0131nabilir olup saatte 1800 kg\u2019a kadar \u00fcretim yapabilir. Ayr\u0131ca <a href=\"https:\/\/balerwrapper.com\/tr\/product\/corn-silage-baler-machine\/\">silaj balyalama makinesi<\/a> ile \u00e7iftlik yemi \u00fcretmek i\u00e7in \u00e7al\u0131\u015fabilir.<\/p>    <h2 class=\"wp-block-heading\" id=\"h-introduction-to-the-combined-grass-grain-crusher\">Kombine \u00e7im tanesi k\u0131r\u0131c\u0131ya giri\u015f<\/h2>    <p>Fabrikam\u0131zda bir\u00e7ok farkl\u0131 modelde kombine \u00e7im k\u0131r\u0131c\u0131lar \u00fcretilmektedir. En pop\u00fcler olanlar\u0131 be\u015f portlu saman kesici \u00f6\u011f\u00fct\u00fcc\u00fc makinesi ve d\u00f6rt portludur. D\u00f6rt a\u011f\u0131zl\u0131 saman kesici ve \u00f6\u011f\u00fct\u00fcc\u00fcn\u00fcn daha pop\u00fcler olan iki modeli vard\u0131r. Bunlar s\u0131ras\u0131yla 9ZF-500B ve 9ZF-1800'd\u00fcr. Ayn\u0131 malzemeleri kullan\u0131yorlar. <\/p>    <p>G\u00fc\u00e7 a\u00e7\u0131s\u0131ndan, elektrik motorlar\u0131, benzinli motorlar ve dizel motorlar olabilir. Belirli g\u00fc\u00e7, belirli makine modeline ve m\u00fc\u015fterinin ihtiya\u00e7lar\u0131na ba\u011fl\u0131d\u0131r. Sadece saman\u0131, yemleri vb. kesip, ezip, yo\u011furmakla kalmaz. A\u015fa\u011f\u0131da makinenin detayl\u0131 bir tan\u0131m\u0131 bulunmaktad\u0131r. Makine hakk\u0131nda daha fazla bilgiye ihtiyac\u0131n\u0131z varsa bizimle ileti\u015fime ge\u00e7mekten \u00e7ekinmeyin!<\/p>    <h2 class=\"wp-block-heading\" id=\"h-the-range-of-chaff-cutter-grinder-machine-use\">Saman kesici \u00f6\u011f\u00fct\u00fcc\u00fc makinelerinin kullan\u0131m yelpazesi<\/h2>    <p>Saman kesici \u00f6\u011f\u00fct\u00fcc\u00fc makinesi, m\u0131s\u0131r saplar\u0131, fasulye saplar\u0131, samanlar, pirin\u00e7 samanlar\u0131, bu\u011fday samanlar\u0131, mera otu, f\u0131st\u0131k fideleri, yer f\u0131st\u0131\u011f\u0131 fideleri vb. gibi saman t\u00fcrlerini i\u015fleyebilir. Ayr\u0131ca meyve, sebze vb. i\u015fleyebilir.<\/p>   <div class=\"wp-block-image is-resized\"> <figure class=\"aligncenter size-full\"><img loading=\"lazy\" decoding=\"async\" width=\"720\" height=\"540\" src=\"https:\/\/balerwrapper.com\/wp-content\/uploads\/2022\/08\/chaff-cutter-grinder-machine-.webp\" alt=\"saman kesici ta\u015flama makinesi\" class=\"wp-image-139\" title=\"saman kesici ta\u015flama makinesi\"\/><figcaption class=\"wp-element-caption\">saman kesici ta\u015flama makinesi<\/figcaption><\/figure> <\/div>  <div class=\"wp-block-image\"> <figure class=\"aligncenter size-full\"><img loading=\"lazy\" decoding=\"async\" width=\"720\" height=\"540\" src=\"https:\/\/balerwrapper.com\/wp-content\/uploads\/2022\/08\/finished-production-from-chaff-cutter.webp\" alt=\"saman kesiciden bitmi\u015f \u00fcretim\" class=\"wp-image-686\" srcset=\"https:\/\/balerwrapper.com\/wp-content\/uploads\/2022\/08\/finished-production-from-chaff-cutter.webp 720w, https:\/\/balerwrapper.com\/wp-content\/uploads\/2022\/08\/finished-production-from-chaff-cutter-300x225.webp 300w, https:\/\/balerwrapper.com\/wp-content\/uploads\/2022\/08\/finished-production-from-chaff-cutter-16x12.webp 16w\" sizes=\"auto, (max-width: 720px) 100vw, 720px\" \/><figcaption class=\"wp-element-caption\">saman kesiciden bitmi\u015f \u00fcretim<\/figcaption><\/figure> <\/div>   <h2 class=\"wp-block-heading\">Saman kesici \u00f6\u011f\u00fct\u00fcc\u00fc makinesi nas\u0131l \u00e7al\u0131\u015f\u0131r?<\/h2>    <figure class=\"wp-block-embed is-type-video is-provider-youtube wp-block-embed-youtube wp-embed-aspect-16-9 wp-has-aspect-ratio\"><div class=\"wp-block-embed__wrapper\"> <iframe loading=\"lazy\" title=\"Saman kesici ve tah\u0131l \u00f6\u011f\u00fct\u00fcc\u00fc nas\u0131l \u00e7al\u0131\u015f\u0131r? Kombine saman kesici ve \u00f6\u011f\u00fct\u00fcc\u00fc\" width=\"500\" height=\"281\" src=\"https:\/\/www.youtube.com\/embed\/fRnZ0Yh8jaE?feature=oembed\" frameborder=\"0\" allow=\"accelerometer; autoplay; clipboard-write; encrypted-media; gyroscope; picture-in-picture; web-share\" referrerpolicy=\"strict-origin-when-cross-origin\" allowfullscreen><\/iframe> <\/div><\/figure>    <h2 class=\"wp-block-heading\" id=\"h-type-1-four-port-combined-grass-grain-crusher\">Tip 1: D\u00f6rt portlu kombine \u00e7im tanesi k\u0131r\u0131c\u0131<\/h2>    <p>D\u00f6rt portlu kombine \u00e7im tanesi k\u0131r\u0131c\u0131n\u0131n iki \u00e7\u0131k\u0131\u015f\u0131 ve iki giri\u015fi vard\u0131r. Bir \u00e7\u0131k\u0131\u015f ezilmi\u015f \u00e7imi bo\u015falt\u0131rken, bir \u00e7\u0131k\u0131\u015f da k\u0131r\u0131lm\u0131\u015f tah\u0131l\u0131 bo\u015falt\u0131r. Bu nedenle iki malzeme de farkl\u0131 giri\u015flerden girer. <\/p>    <p>Makinenin i\u00e7inde b\u0131\u00e7aklar ve \u00e7eki\u00e7 b\u0131\u00e7aklar\u0131 bulunmaktad\u0131r. Bu nedenle saman veya sap, par\u00e7alanm\u0131\u015f ve par\u00e7alanm\u0131\u015f \u00fcr\u00fcnler halinde i\u015flenebilir. Ayr\u0131ca makinenin i\u00e7erisinde bir ekran bulunmaktad\u0131r. M\u00fc\u015fteriler ihtiya\u00e7lar\u0131 do\u011frultusunda ekran\u0131 farkl\u0131 mesh boyutlar\u0131yla de\u011fi\u015ftirebilmektedir.<\/p>    <figure class=\"wp-block-gallery aligncenter has-nested-images columns-default is-cropped wp-block-gallery-2 is-layout-flex wp-block-gallery-is-layout-flex\"> <figure class=\"wp-block-image size-large\"><img loading=\"lazy\" decoding=\"async\" width=\"720\" height=\"540\" data-id=\"142\" src=\"https:\/\/balerwrapper.com\/wp-content\/uploads\/2022\/08\/combined-grass-grain-crusher-9ZF-500B.webp\" alt=\"kombine \u00e7im tah\u0131l k\u0131r\u0131c\u0131 9ZF-500B\" class=\"wp-image-142\" title=\"kombine \u00e7im tah\u0131l k\u0131r\u0131c\u0131 9ZF-500B\"\/><figcaption class=\"wp-element-caption\">kombine \u00e7im tah\u0131l k\u0131r\u0131c\u0131 9ZF-500B<\/figcaption><\/figure>    <figure class=\"wp-block-image size-large\"><img loading=\"lazy\" decoding=\"async\" width=\"720\" height=\"540\" data-id=\"143\" src=\"https:\/\/balerwrapper.com\/wp-content\/uploads\/2022\/08\/grass-grin-crusher-9ZF-1800-.webp\" alt=\"\u00e7im s\u0131r\u0131tarak k\u0131r\u0131c\u0131 9ZF-1800 \" class=\"wp-image-143\" title=\"\u00e7im s\u0131r\u0131tarak k\u0131r\u0131c\u0131 9ZF-1800 \"\/><figcaption class=\"wp-element-caption\">\u00e7im s\u0131r\u0131tarak k\u0131r\u0131c\u0131 9ZF-1800<\/figcaption><\/figure> <\/figure>    <h3 class=\"wp-block-heading\" id=\"h-structure-of-the-silage-feed-cutting-grinder\">Silaj yemi kesme \u00f6\u011f\u00fct\u00fcc\u00fcn\u00fcn yap\u0131s\u0131<\/h3>    <p>Silaj yemi kesme \u00f6\u011f\u00fct\u00fcc\u00fcn\u00fcn her iki modelinin yap\u0131s\u0131 benzer olup, temel olarak kesme giri\u015fi, \u00e7e\u015fitli tah\u0131l giri\u015fi, y\u00fcksek p\u00fcsk\u00fcrtme \u00e7\u0131k\u0131\u015f\u0131, toz haline getirme \u00e7\u0131k\u0131\u015f\u0131, kesme par\u00e7alama sistemi, g\u00fc\u00e7 (motor, benzinli motor, dizel motor), hareketli tekerlekler (olabilir) i\u00e7erir. \u00f6zelle\u015ftirilmi\u015f pn\u00f6matik lastikler), \u00e7er\u00e7eve vb.<\/p>    <h3 class=\"wp-block-heading\" id=\"h-poultry-feed-grinder-parameters\">K\u00fcmes hayvanlar\u0131 yem de\u011firmeni parametreleri<\/h3>    <p>9ZF-500B kanatl\u0131 hayvan yemi \u00f6\u011f\u00fct\u00fcc\u00fcn\u00fcn parametreleri. Makinenin \u00e7\u0131k\u0131\u015f\u0131 daha k\u00fc\u00e7\u00fckt\u00fcr ve saatte 300-500 kg'a ula\u015fabilir.<\/p>    <figure class=\"wp-block-table is-style-stripes\"><table><tbody><tr><td>Modeli<\/td><td>500B<\/td><\/tr><tr><td>Motor h\u0131z\u0131<\/td><td>2800 dev\/dak<\/td><\/tr><tr><td>Kapasite<\/td><td>300KG-500KG\/saat<\/td><\/tr><tr><td>Ezme g\u00fcc\u00fc<\/td><td>3kw<\/td><\/tr><tr><td>A\u011f\u0131rl\u0131k<\/td><td>55KG (g\u00fc\u00e7 dahil de\u011fil)<\/td><\/tr><tr><td>Saman kesme kapasitesi<\/td><td>1200KG<\/td><\/tr><tr><td>E\u015fle\u015fen ekran<\/td><td>4 (2\/3\/10\/30)<\/td><\/tr><\/tbody><\/table><figcaption class=\"wp-element-caption\">K\u00fcmes hayvan\u0131 yemi de\u011firmeni parametresi<\/figcaption><\/figure>    <p>9ZF-1800 kombine \u00e7im tah\u0131l k\u0131r\u0131c\u0131n\u0131n \u00e7\u0131k\u0131\u015f\u0131 saatte 1800 kg'a ula\u015fabilir.<\/p>    <figure class=\"wp-block-table is-style-stripes\"><table><tbody><tr><td>Makine modeli<\/td><td class=\"has-text-align-left\" data-align=\"left\">&nbsp;9ZF-1800<\/td><\/tr><tr><td>Motor h\u0131z\u0131<\/td><td class=\"has-text-align-left\" data-align=\"left\">2800 dev\/dak<\/td><\/tr><tr><td>Nominal gerilim<\/td><td class=\"has-text-align-left\" data-align=\"left\">220V<\/td><\/tr><tr><td>G\u00fc\u00e7<\/td><td class=\"has-text-align-left\" data-align=\"left\">3KW<\/td><\/tr><tr><td>Makine a\u011f\u0131rl\u0131\u011f\u0131<\/td><td class=\"has-text-align-left\" data-align=\"left\">75kg<\/td><\/tr><tr><td>Makine \u00e7\u0131k\u0131\u015f\u0131<\/td><td class=\"has-text-align-left\" data-align=\"left\">1800kg\/saat<\/td><\/tr><tr><td>Uygulama kapsam\u0131<\/td><td class=\"has-text-align-left\" data-align=\"left\">\u0130nekler, koyunlar, domuzlar, tavuklar, \u00f6rdekler, tav\u015fanlar ve di\u011fer \u00e7iftlik hayvanlar\u0131<\/td><\/tr><\/tbody><\/table><figcaption class=\"wp-element-caption\">kombine \u00e7im tah\u0131l k\u0131r\u0131c\u0131 parametresi<\/figcaption><\/figure>    <h3 class=\"wp-block-heading\" id=\"h-what-are-the-advantages-of-the-straw-cutter-and-grain-grinder\">Saman kesici ve tah\u0131l \u00f6\u011f\u00fct\u00fcc\u00fcn\u00fcn avantajlar\u0131 nelerdir?<\/h3>    <ul class=\"wp-block-list\"> <li>Saman kesici ve tah\u0131l \u00f6\u011f\u00fct\u00fcc\u00fc yayg\u0131n olarak kullan\u0131lmaktad\u0131r. Saman, yem, sebzeler, meyveler, tah\u0131llar gibi \u00e7e\u015fitli malzemeleri i\u015fleyebilir. \u0130nsanlar\u0131n \u00e7e\u015fitli ve besleyici yem ihtiya\u00e7lar\u0131n\u0131 kar\u015f\u0131layabilir.<\/li>    <li>Giyotinin yan\u0131 s\u0131ra \u00e7e\u015fitli i\u015flevlere sahip olan makinenin ayn\u0131 zamanda \u00e7e\u015fitli tah\u0131l ve meyveleri de ezebilmesi m\u00fcmk\u00fcnd\u00fcr. Buna ek olarak yem, par\u00e7alar halinde yo\u011frulabilir.<\/li>    <li>Makinenin kolay hareket ettirilmesi i\u00e7in tekerlekler bulunur, bu da makineyi hareket ettirmek i\u00e7in zaman ve enerji tasarrufu sa\u011flar.<\/li>    <li>Makinenin \u00e7e\u015fitli modelleri, kullan\u0131c\u0131lar\u0131n \u00fcretime y\u00f6nelik farkl\u0131 gereksinimlerini kar\u015f\u0131layabilir. Ayn\u0131 zamanda farkl\u0131 g\u00fc\u00e7ler, farkl\u0131 b\u00f6lgelerin ihtiya\u00e7lar\u0131n\u0131 kar\u015f\u0131layabilmektedir.<\/li> <\/ul>    <figure class=\"wp-block-gallery aligncenter has-nested-images columns-default is-cropped wp-block-gallery-3 is-layout-flex wp-block-gallery-is-layout-flex\"> <figure class=\"wp-block-image size-large\"><img loading=\"lazy\" decoding=\"async\" width=\"720\" height=\"540\" data-id=\"148\" src=\"https:\/\/balerwrapper.com\/wp-content\/uploads\/2022\/08\/straw-cutter-and-grain-grinder-.webp\" alt=\"saman kesici ve tah\u0131l \u00f6\u011f\u00fct\u00fcc\u00fc\" class=\"wp-image-148\" title=\"saman kesici ve tah\u0131l \u00f6\u011f\u00fct\u00fcc\u00fc\"\/><figcaption class=\"wp-element-caption\">saman kesici ve tah\u0131l \u00f6\u011f\u00fct\u00fcc\u00fc<\/figcaption><\/figure>    <figure class=\"wp-block-image size-large\"><img loading=\"lazy\" decoding=\"async\" width=\"720\" height=\"540\" data-id=\"149\" src=\"https:\/\/balerwrapper.com\/wp-content\/uploads\/2022\/08\/puoltry-feed-grinder-.webp\" alt=\"k\u00fcmes hayvan\u0131 yem de\u011firmeni\" class=\"wp-image-149\" title=\"k\u00fcmes hayvan\u0131 yem de\u011firmeni\"\/><figcaption class=\"wp-element-caption\">k\u00fcmes hayvan\u0131 yem de\u011firmeni<\/figcaption><\/figure> <\/figure>    <h2 class=\"wp-block-heading\" id=\"h-type-2-five-port-combined-grass-grain-crusher\">Tip 2: Be\u015f portlu kombine \u00e7im tanesi k\u0131r\u0131c\u0131<\/h2>    <p>Be\u015f portlu kombine \u00e7im tah\u0131l k\u0131r\u0131c\u0131, bir \u00e7\u0131k\u0131\u015f daha i\u00e7eren d\u00f6rt portlu olan\u0131 temel al\u0131r. \u00dc\u00e7 bo\u015faltma a\u011fz\u0131ndan \u00fcstten \u00e7\u0131kan kuru malzeme, ortadan \u00e7\u0131kan daha sulu malzeme, alttan \u00e7\u0131kan ise tah\u0131ld\u0131r. <\/p>    <p>B\u00f6ylece makine farkl\u0131 malzemeleri otomatik olarak ay\u0131rt edebilir. Di\u011fer par\u00e7alar tip 1'e benzer. Makine ayr\u0131ca 5 adet elek ile donat\u0131lm\u0131\u015ft\u0131r. M\u00fc\u015fteriler ihtiya\u00e7lar\u0131na g\u00f6re do\u011fru a\u011f boyutunu se\u00e7ebilirler.<\/p>    <figure class=\"wp-block-gallery has-nested-images columns-default is-cropped wp-block-gallery-4 is-layout-flex wp-block-gallery-is-layout-flex\"> <figure class=\"wp-block-image size-large\"><img loading=\"lazy\" decoding=\"async\" width=\"720\" height=\"540\" data-id=\"144\" src=\"https:\/\/balerwrapper.com\/wp-content\/uploads\/2022\/08\/combined-grass-grain-crusher-2.webp\" alt=\"kombine \u00e7im tah\u0131l k\u0131r\u0131c\u0131\" class=\"wp-image-144\"\/><figcaption class=\"wp-element-caption\">kombine \u00e7im tah\u0131l k\u0131r\u0131c\u0131<\/figcaption><\/figure>    <figure class=\"wp-block-image size-large\"><img loading=\"lazy\" decoding=\"async\" width=\"720\" height=\"540\" data-id=\"684\" src=\"https:\/\/balerwrapper.com\/wp-content\/uploads\/2022\/08\/grain-cutting-and-crushing-machine.webp\" alt=\"tah\u0131l kesme ve k\u0131rma makinesi\" class=\"wp-image-684\" srcset=\"https:\/\/balerwrapper.com\/wp-content\/uploads\/2022\/08\/grain-cutting-and-crushing-machine.webp 720w, https:\/\/balerwrapper.com\/wp-content\/uploads\/2022\/08\/grain-cutting-and-crushing-machine-300x225.webp 300w, https:\/\/balerwrapper.com\/wp-content\/uploads\/2022\/08\/grain-cutting-and-crushing-machine-16x12.webp 16w\" sizes=\"auto, (max-width: 720px) 100vw, 720px\" \/><figcaption class=\"wp-element-caption\">tah\u0131l kesme ve k\u0131rma makinesi<\/figcaption><\/figure> <\/figure>    <h3 class=\"wp-block-heading\" id=\"h-what-is-the-structure-of-the-silage-feed-cutting-grinder\">Silaj yemi kesme \u00f6\u011f\u00fct\u00fcc\u00fcn\u00fcn yap\u0131s\u0131 nedir? <\/h3>    <p>Silaj yemi kesme \u00f6\u011f\u00fct\u00fcc\u00fcn\u00fcn yap\u0131s\u0131 tip 1'e benzer. Temel olarak bir \u00e7er\u00e7eve, tekerlekler, tah\u0131l giri\u015fi, giyotin giri\u015fi, g\u00fc\u00e7, y\u00fcksek p\u00fcsk\u00fcrtme \u00e7\u0131k\u0131\u015f\u0131, orta p\u00fcsk\u00fcrtme \u00e7\u0131k\u0131\u015f\u0131, d\u00fc\u015f\u00fck p\u00fcsk\u00fcrtme \u00e7\u0131k\u0131\u015f\u0131 vb.'den olu\u015fur. Genel yap\u0131 Kombine \u00e7im tanesi k\u0131r\u0131c\u0131n\u0131n kompakt ve tamamen i\u015flevseldir.<\/p>    <h3 class=\"wp-block-heading\" id=\"h-detailed-technical-parameters-of-the-chop-cutter-machine\">K\u0131yma kesici makinenin detayl\u0131 teknik parametreleri<\/h3>    <figure class=\"wp-block-table is-style-stripes\"><table><tbody><tr><td>Modeli<\/td><td>9ZF-500<\/td><\/tr><tr><td>Motor h\u0131z\u0131<\/td><td>2800 dev\/dak<\/td><\/tr><tr><td>G\u00fc\u00e7<\/td><td>3KW<\/td><\/tr><tr><td>Makine a\u011f\u0131rl\u0131\u011f\u0131<\/td><td>68kg<\/td><\/tr><tr><td>Makine \u00e7\u0131k\u0131\u015f\u0131<\/td><td>1200KG<\/td><\/tr><tr><td>Boyut<\/td><td>1220*1070*1190mm<\/td><\/tr><tr><td>E\u015fle\u015fen ekran<\/td><td>4 (2\/3\/10\/30)<\/td><\/tr><\/tbody><\/table><figcaption class=\"wp-element-caption\">do\u011frama kesici makine parametresi<\/figcaption><\/figure>    <h3 class=\"wp-block-heading\" id=\"h-what-are-the-good-points-of-the-cow-feed-cutting-machine\">\u0130nek yemi kesme makinas\u0131n\u0131n iyi y\u00f6nleri nelerdir?<\/h3>    <ul class=\"wp-block-list\"> <li>Kombine \u00e7im tanesi k\u0131r\u0131c\u0131n\u0131n yo\u011furma i\u015flevi, m\u0131s\u0131r saplar\u0131n\u0131, fasulye saplar\u0131n\u0131, payetleri ve di\u011fer mahsulleri ve yabani otlar\u0131 daha yumu\u015fak filamentlere d\u00f6n\u00fc\u015ft\u00fcrebilir. Bu par\u00e7alanm\u0131\u015f malzeme s\u0131\u011f\u0131rlar ve koyunlar i\u00e7in kolayd\u0131r ve daha fazla sindirim ve emilim sa\u011flar.<\/li>    <li>Makine geli\u015fmi\u015f tasar\u0131ma, sorunsuz \u00e7al\u0131\u015fmaya, kolay kullan\u0131ma, enerji tasarrufuna, g\u00fcvenli\u011fe ve g\u00fcvenilirli\u011fe ve daha bir\u00e7ok avantaja sahiptir.<\/li>    <li>Ayn\u0131 zamanda kombine \u00e7im tah\u0131l k\u0131r\u0131c\u0131 malzemenin d\u0131\u015f\u0131na balyalama ta\u015f\u0131ma ve depolamaya da elveri\u015flidir. Yeti\u015ftirme alan\u0131ndaki b\u00fcy\u00fckba\u015f ve k\u00fc\u00e7\u00fckba\u015f hayvan yeti\u015ftiricilerinin ve k\u00fc\u00e7\u00fck ve orta \u00f6l\u00e7ekli yem i\u015fleme tesislerinin \u00e7o\u011funlu\u011fu i\u00e7in gerekli bir makinedir.<\/li> <\/ul>    <figure class=\"wp-block-gallery has-nested-images columns-default is-cropped wp-block-gallery-5 is-layout-flex wp-block-gallery-is-layout-flex\"> <figure class=\"wp-block-image size-large\"><img loading=\"lazy\" decoding=\"async\" width=\"720\" height=\"540\" data-id=\"682\" src=\"https:\/\/balerwrapper.com\/wp-content\/uploads\/2022\/08\/silage-cutter-and-grinder-machine.webp\" alt=\"silaj kesici ve \u00f6\u011f\u00fct\u00fcc\u00fc makinesi\" class=\"wp-image-682\" srcset=\"https:\/\/balerwrapper.com\/wp-content\/uploads\/2022\/08\/silage-cutter-and-grinder-machine.webp 720w, https:\/\/balerwrapper.com\/wp-content\/uploads\/2022\/08\/silage-cutter-and-grinder-machine-300x225.webp 300w, https:\/\/balerwrapper.com\/wp-content\/uploads\/2022\/08\/silage-cutter-and-grinder-machine-16x12.webp 16w\" sizes=\"auto, (max-width: 720px) 100vw, 720px\" \/><figcaption class=\"wp-element-caption\">silaj kesici ve \u00f6\u011f\u00fct\u00fcc\u00fc makinesi<\/figcaption><\/figure>    <figure class=\"wp-block-image size-large\"><img loading=\"lazy\" decoding=\"async\" width=\"720\" height=\"540\" data-id=\"147\" src=\"https:\/\/balerwrapper.com\/wp-content\/uploads\/2022\/08\/cow-feed-cutting-machine-factory-.jpg\" alt=\"\" class=\"wp-image-147\"\/><\/figure> <\/figure>    <h2 class=\"wp-block-heading\" id=\"h-export-chaff-cutter-and-grinder-to-sudan\">Saman kesici ve \u00f6\u011f\u00fct\u00fcc\u00fcy\u00fc Sudan'a ihra\u00e7 edin<\/h2>    <p class=\"translation-block\">D\u00fcn, <a href=\"https:\/\/en.wikipedia.org\/wiki\/Sudan\" target=\"_blank\" rel=\"noopener\">Sudan<\/a>\u2019dan bir m\u00fc\u015fteri 9ZF-500 birle\u015fik otlu bu\u011fday k\u0131r\u0131c\u0131y\u0131 bizden sat\u0131n ald\u0131. M\u00fc\u015fterinin \u00e7o\u011funlukla s\u0131\u011f\u0131r ve koyun besledi\u011fi bir \u00fcretim tesisi var. Bu nedenle her g\u00fcn b\u00fcy\u00fck miktarda ot i\u015flenmesi gerekiyor. <\/p>    <p>Yem i\u015fleme verimlili\u011fini art\u0131rmak i\u00e7in m\u00fc\u015fterinin profesyonel bir yem i\u015fleme makinesine ihtiyac\u0131 vard\u0131. B\u00f6ylece m\u00fc\u015fteri internette makineyi arad\u0131 ve web sitemizi buldu. G\u00f6z att\u0131ktan sonra m\u00fc\u015fteri bizimle ileti\u015fime ge\u00e7ti. <\/p>    <p>M\u00fc\u015fteriye makinenin ve ilgili parametrelerin foto\u011fraflar\u0131n\u0131 ve videolar\u0131n\u0131 hemen g\u00f6nderdik. Ayr\u0131ca m\u00fc\u015fterinin ihtiya\u00e7lar\u0131na uygun bir makine modeli \u00f6nerdik. M\u00fc\u015fteri, de\u011ferlendirmeden sonra be\u015f di\u015fli saman do\u011fray\u0131c\u0131 \u00f6\u011f\u00fct\u00fcc\u00fc sat\u0131n almaya karar verdi.<\/p>    <figure class=\"wp-block-gallery has-nested-images columns-default is-cropped wp-block-gallery-6 is-layout-flex wp-block-gallery-is-layout-flex\"> <figure class=\"wp-block-image size-large\"><img loading=\"lazy\" decoding=\"async\" width=\"720\" height=\"540\" data-id=\"145\" src=\"https:\/\/balerwrapper.com\/wp-content\/uploads\/2022\/08\/wooden-case-packing-of-chaff-cutter-and-grinder-.jpg\" alt=\"\" class=\"wp-image-145\"\/><figcaption class=\"wp-element-caption\">Saman kesici ve \u00f6\u011f\u00fct\u00fcc\u00fc tahta sand\u0131k ambalaj\u0131<\/figcaption><\/figure>    <figure class=\"wp-block-image size-large\"><img loading=\"lazy\" decoding=\"async\" width=\"720\" height=\"540\" data-id=\"146\" src=\"https:\/\/balerwrapper.com\/wp-content\/uploads\/2022\/08\/shipping-of-the-9ZF-500-chaff-cutter-.jpg\" alt=\"9ZF-500 saman kesicinin nakliyesi\" class=\"wp-image-146\" title=\"9ZF-500 saman kesicinin nakliyesi\"\/><figcaption class=\"wp-element-caption\">9ZF-500 saman kesicinin nakliyesi<\/figcaption><\/figure> <\/figure>    <h2 class=\"wp-block-heading\">Diledi\u011finiz zaman bizimle ileti\u015fime ge\u00e7in<\/h2>    <p>Firmam\u0131z zengin deneyime sahip silaj i\u015fleme makineleri imalat\u0131nda uzmanla\u015fm\u0131\u015ft\u0131r. E\u011fer siz de ilgili i\u015flerle ilgileniyorsan\u0131z, en iyi se\u00e7iminiz olaca\u011f\u0131z, bu web sitesine g\u00f6z atmaya ho\u015f geldiniz ve bizimle ileti\u015fime ge\u00e7mekten \u00e7ekinmeyin, sizinle i\u015fbirli\u011fi yapmay\u0131 d\u00f6rt g\u00f6zle bekliyoruz!<\/p>","protected":false},"excerpt":{"rendered":"<p>Kombine \u00e7im tanesi k\u0131r\u0131c\u0131, \u00e7ok i\u015flevli bir yem i\u015fleme ekipman\u0131d\u0131r. Otlar\u0131, tah\u0131llar\u0131, meyveleri ve sebzeleri i\u015fleyebilir. <\/p>","protected":false},"author":1,"featured_media":150,"parent":0,"template":"","tags":[40,35],"product-type":[6],"class_list":["post-55","product","type-product","status-publish","has-post-thumbnail","hentry","tag-grass","tag-silage","product-type-chaff-cutter"],"_links":{"self":[{"href":"https:\/\/balerwrapper.com\/tr\/wp-json\/wp\/v2\/product\/55","targetHints":{"allow":["GET"]}}],"collection":[{"href":"https:\/\/balerwrapper.com\/tr\/wp-json\/wp\/v2\/product"}],"about":[{"href":"https:\/\/balerwrapper.com\/tr\/wp-json\/wp\/v2\/types\/product"}],"author":[{"embeddable":true,"href":"https:\/\/balerwrapper.com\/tr\/wp-json\/wp\/v2\/users\/1"}],"wp:featuredmedia":[{"embeddable":true,"href":"https:\/\/balerwrapper.com\/tr\/wp-json\/wp\/v2\/media\/150"}],"wp:attachment":[{"href":"https:\/\/balerwrapper.com\/tr\/wp-json\/wp\/v2\/media?parent=55"}],"wp:term":[{"taxonomy":"post_tag","embeddable":true,"href":"https:\/\/balerwrapper.com\/tr\/wp-json\/wp\/v2\/tags?post=55"},{"taxonomy":"product-type","embeddable":true,"href":"https:\/\/balerwrapper.com\/tr\/wp-json\/wp\/v2\/product-type?post=55"}],"curies":[{"name":"wp","href":"https:\/\/api.w.org\/{rel}","templated":true}]}}