{"id":53,"date":"2022-08-24T10:24:55","date_gmt":"2022-08-24T10:24:55","guid":{"rendered":"https:\/\/balerwrapper.com\/?post_type=product&#038;p=53"},"modified":"2026-04-23T16:45:07","modified_gmt":"2026-04-23T08:45:07","slug":"silage-wrapping-machine","status":"publish","type":"product","link":"https:\/\/balerwrapper.com\/tr\/product\/silage-wrapping-machine\/","title":{"rendered":"9YDB-70 Silaj Sarma Makinesi Ot Y\u0131\u011f\u0131n\u0131 Makinesi Sat\u0131\u015fta"},"content":{"rendered":"<div class=\"kk-star-ratings kksr-auto kksr-align-left kksr-valign-top\"     data-payload='{&quot;align&quot;:&quot;left&quot;,&quot;id&quot;:&quot;53&quot;,&quot;slug&quot;:&quot;default&quot;,&quot;valign&quot;:&quot;top&quot;,&quot;ignore&quot;:&quot;&quot;,&quot;reference&quot;:&quot;auto&quot;,&quot;class&quot;:&quot;&quot;,&quot;count&quot;:&quot;90&quot;,&quot;legendonly&quot;:&quot;&quot;,&quot;readonly&quot;:&quot;&quot;,&quot;score&quot;:&quot;4.8&quot;,&quot;starsonly&quot;:&quot;&quot;,&quot;best&quot;:&quot;5&quot;,&quot;gap&quot;:&quot;5&quot;,&quot;greet&quot;:&quot;Rate this product&quot;,&quot;legend&quot;:&quot;4.8\\\/5 - (90 votes)&quot;,&quot;size&quot;:&quot;24&quot;,&quot;title&quot;:&quot;9YDB-70 Silage Wrapping Machine Hay Baler For Sale&quot;,&quot;width&quot;:&quot;136.7&quot;,&quot;_legend&quot;:&quot;{score}\\\/{best} - ({count} {votes})&quot;,&quot;font_factor&quot;:&quot;1.25&quot;}'>              <div class=\"kksr-stars\">      <div class=\"kksr-stars-inactive\">             <div class=\"kksr-star\" data-star=\"1\" style=\"padding-right: 5px\">               <div class=\"kksr-icon\" style=\"width: 24px; height: 24px;\"><\/div>         <\/div>             <div class=\"kksr-star\" data-star=\"2\" style=\"padding-right: 5px\">               <div class=\"kksr-icon\" style=\"width: 24px; height: 24px;\"><\/div>         <\/div>             <div class=\"kksr-star\" data-star=\"3\" style=\"padding-right: 5px\">               <div class=\"kksr-icon\" style=\"width: 24px; height: 24px;\"><\/div>         <\/div>             <div class=\"kksr-star\" data-star=\"4\" style=\"padding-right: 5px\">               <div class=\"kksr-icon\" style=\"width: 24px; height: 24px;\"><\/div>         <\/div>             <div class=\"kksr-star\" data-star=\"5\" style=\"padding-right: 5px\">               <div class=\"kksr-icon\" style=\"width: 24px; height: 24px;\"><\/div>         <\/div>     <\/div>      <div class=\"kksr-stars-active\" style=\"width: 136.7px;\">             <div class=\"kksr-star\" style=\"padding-right: 5px\">               <div class=\"kksr-icon\" style=\"width: 24px; height: 24px;\"><\/div>         <\/div>             <div class=\"kksr-star\" style=\"padding-right: 5px\">               <div class=\"kksr-icon\" style=\"width: 24px; height: 24px;\"><\/div>         <\/div>             <div class=\"kksr-star\" style=\"padding-right: 5px\">               <div class=\"kksr-icon\" style=\"width: 24px; height: 24px;\"><\/div>         <\/div>             <div class=\"kksr-star\" style=\"padding-right: 5px\">               <div class=\"kksr-icon\" style=\"width: 24px; height: 24px;\"><\/div>         <\/div>             <div class=\"kksr-star\" style=\"padding-right: 5px\">               <div class=\"kksr-icon\" style=\"width: 24px; height: 24px;\"><\/div>         <\/div>     <\/div> <\/div>                   <div class=\"kksr-legend\" style=\"font-size: 19.2px;\">             4.8\/5 - (90 oy)    <\/div>     <\/div>  <p>TZ-70-70 Otomatik Silaj Sarma Makinesi \u00c7ift Film Sarma Teknolojisi (Tek Balya Boyutu 70 \u00d7 70cm), otomatik a\u00e7\u0131kl\u0131k ve ambalaj i\u015flemi ile birlikte 80 paket\/saat y\u00fcksekli\u011fe kadar.<\/p>    <p>Geleneksel manuel \u00e7al\u0131\u015fma ile kar\u015f\u0131la\u015ft\u0131r\u0131ld\u0131\u011f\u0131nda, makinenin verimlili\u011fi 5 kez artt\u0131r\u0131l\u0131r ve s\u0131zd\u0131rmazl\u0131k 99% anaerobik ortamd\u0131r. Laktik asit bakterilerinin stabil fermantasyonunu sa\u011flar, yemin ham protein tutma h\u0131z\u0131 95%'yi a\u015far ve besleme, 2-3 y\u0131l boyunca a\u00e7\u0131k havada bozulmadan saklan\u0131r. <\/p>    <p>Ak\u0131ll\u0131 a\u015f\u0131r\u0131 y\u00fck koruma sistemine sahip elektrikli tahrik tasar\u0131m\u0131, ar\u0131za oran\u0131n\u0131 40% azaltarak, b\u00fcy\u00fck \u00f6l\u00e7ekli \u00e7iftlikler ve yem i\u015fleme i\u015fletmeleri i\u00e7in t\u00fcm hava durumu, s\u00fcrekli bir \u00e7al\u0131\u015fma garantisi sa\u011flar.<\/p>    <figure class=\"wp-block-embed aligncenter is-type-video is-provider-youtube wp-block-embed-youtube wp-embed-aspect-16-9 wp-has-aspect-ratio\"><div class=\"wp-block-embed__wrapper\"> <iframe loading=\"lazy\" title=\"Otomatik silaj yuvarlak balya makinesi besleme ekipman\u0131yla \u00e7al\u0131\u015f\u0131r! y\u00fcksek verimli silaj paketleme makinesi\" width=\"500\" height=\"281\" src=\"https:\/\/www.youtube.com\/embed\/RlJzMLxkJc0?feature=oembed\" frameborder=\"0\" allow=\"accelerometer; autoplay; clipboard-write; encrypted-media; gyroscope; picture-in-picture; web-share\" referrerpolicy=\"strict-origin-when-cross-origin\" allowfullscreen><\/iframe> <\/div><figcaption class=\"wp-element-caption\">silaj saman balyalama sarma makinesinin \u00e7al\u0131\u015fma videosu<\/figcaption><\/figure>    <p>750kg\/m\u00b3 y\u00fcksek yo\u011funluklu balya ve \u00e7ift film lamine ambalaj teknolojisi ile TZ-70-70, tek balyan\u0131n a\u011f\u0131rl\u0131\u011f\u0131n\u0131n (60-100kg ayarlanabilir) kesin kontrol\u00fcn\u00fc fark eder ve ula\u015f\u0131m kayb\u0131 oran\u0131 0.5%'den azd\u0131r.<\/p>    <p>Ekipman mod\u00fcler tasar\u0131m\u0131 benimser, ambalaj katmanlar\u0131n\u0131n (2-6 katman) say\u0131s\u0131n\u0131n tek anahtar anahtarlamas\u0131n\u0131 destekleyerek farkl\u0131 depolama d\u00f6ng\u00fclerinin ihtiya\u00e7lar\u0131na uyum sa\u011flar.<\/p>    <p>Geleneksel silaj tank\u0131 ile kar\u015f\u0131la\u015ft\u0131r\u0131ld\u0131\u011f\u0131nda, tonun ton ba\u015f\u0131na kapsaml\u0131 maliyeti 30% taraf\u0131ndan tasarruf edilir, bu da \u00e7iftli\u011fin ortalama y\u0131ll\u0131k gelirinin 25%'den fazla artmas\u0131na yard\u0131mc\u0131 olur.<\/p>   <div class=\"wp-block-image\"> <figure class=\"aligncenter size-full\"><img loading=\"lazy\" decoding=\"async\" width=\"720\" height=\"540\" src=\"https:\/\/balerwrapper.com\/wp-content\/uploads\/2022\/08\/hay-baler-machine-.webp\" alt=\" saman balyalama makinesi\" class=\"wp-image-217\" title=\" saman balyalama makinesi\"\/><figcaption class=\"wp-element-caption\"> saman balyalama makinesi<\/figcaption><\/figure> <\/div>  <div class=\"wp-block-image\"> <figure class=\"aligncenter size-full\"><img loading=\"lazy\" decoding=\"async\" width=\"720\" height=\"540\" src=\"https:\/\/balerwrapper.com\/wp-content\/uploads\/2022\/08\/finished-production-from-hay-baler.webp\" alt=\"saman balyalama makinesinden bitmi\u015f \u00fcretim\" class=\"wp-image-655\" srcset=\"https:\/\/balerwrapper.com\/wp-content\/uploads\/2022\/08\/finished-production-from-hay-baler.webp 720w, https:\/\/balerwrapper.com\/wp-content\/uploads\/2022\/08\/finished-production-from-hay-baler-300x225.webp 300w, https:\/\/balerwrapper.com\/wp-content\/uploads\/2022\/08\/finished-production-from-hay-baler-16x12.webp 16w\" sizes=\"auto, (max-width: 720px) 100vw, 720px\" \/><figcaption class=\"wp-element-caption\">saman balyalama makinesinden bitmi\u015f \u00fcretim<\/figcaption><\/figure> <\/div>   <h2 class=\"wp-block-heading\" id=\"h-features-of-the-hay-baler-machine\">TZ-70-70 Silage Sarma Makinesinin \u00d6zellikleri<\/h2>    <ul class=\"wp-block-list\"> <li>\u00c7ift film sarg\u0131s\u0131 ile daha h\u0131zl\u0131 bir sarma h\u0131z\u0131 ve daha iyi verimlilik elde edersiniz.<\/li>    <li>Bitmi\u015f balya etkileyici bir \u015fekilde b\u00fcy\u00fckt\u00fcr, ayn\u0131 anda \u00f6nemli miktarda silaj tutabilir.<\/li>    <li>\u00c7ok y\u00f6nl\u00fcd\u00fcr ve her t\u00fcrl\u00fc silaj\u0131 y\u00f6netebilir, bu da onlar\u0131 \u00e7e\u015fitli uygulamalar i\u00e7in uygun hale getirir.<\/li>    <li>Silage sarma makinesinin \u00e7al\u0131\u015fmas\u0131 \u00e7ok kolayd\u0131r ve bir ki\u015fi hepsini kendi ba\u015flar\u0131na halledebilir. Bu ger\u00e7ek bir zaman kazand\u0131r\u0131c\u0131!<\/li> <\/ul>   <div class=\"wp-block-image\"> <figure class=\"aligncenter size-full\"><img loading=\"lazy\" decoding=\"async\" width=\"720\" height=\"540\" src=\"https:\/\/balerwrapper.com\/wp-content\/uploads\/2022\/08\/automatic-hay-baler-wrapper-machine-1.webp\" alt=\"otomatik saman balyalama sarma makinesi\" class=\"wp-image-656\" srcset=\"https:\/\/balerwrapper.com\/wp-content\/uploads\/2022\/08\/automatic-hay-baler-wrapper-machine-1.webp 720w, https:\/\/balerwrapper.com\/wp-content\/uploads\/2022\/08\/automatic-hay-baler-wrapper-machine-1-300x225.webp 300w, https:\/\/balerwrapper.com\/wp-content\/uploads\/2022\/08\/automatic-hay-baler-wrapper-machine-1-16x12.webp 16w\" sizes=\"auto, (max-width: 720px) 100vw, 720px\" \/><figcaption class=\"wp-element-caption\">otomatik saman balyalama sarma makinesi<\/figcaption><\/figure> <\/div>   <h2 class=\"wp-block-heading\" id=\"h-structure-of-corn-silage-baler-and-wrapper\">M\u0131s\u0131r silaj\u0131 balya makinesi ve ambalaj\u0131n\u0131n yap\u0131s\u0131<\/h2>    <p>M\u0131s\u0131r silaj\u0131 balya makinesi ve sarma makinesi esas olarak alt \u00e7er\u00e7eve, bantl\u0131 konvey\u00f6r, top kutusu, d\u00f6ner \u00e7er\u00e7eve, film aktarma mekanizmas\u0131, film presleme ve kesme mekanizmas\u0131, balyalama motoru ve d\u00f6ner motor vb. i\u00e7erir.<\/p>   <div class=\"wp-block-image is-resized\"> <figure class=\"aligncenter size-full\"><img loading=\"lazy\" decoding=\"async\" width=\"720\" height=\"540\" src=\"https:\/\/balerwrapper.com\/wp-content\/uploads\/2022\/08\/forage-baler-wrapper-machine-.webp\" alt=\"yem balya sarma makinesi\" class=\"wp-image-220\" title=\"yem balya sarma makinesi\"\/><figcaption class=\"wp-element-caption\">yem balya sarma makinesi<\/figcaption><\/figure> <\/div>   <h2 class=\"wp-block-heading\">Silage Baler sarg\u0131s\u0131 nas\u0131l \u00e7al\u0131\u015f\u0131r?<\/h2>    <p>Silaj sarma makinesinin i\u015f ak\u0131\u015f\u0131 iki ad\u0131ma ayr\u0131lm\u0131\u015ft\u0131r:<\/p>    <ul class=\"wp-block-list\"> <li><strong>Baling a\u015famas\u0131:<\/strong> Yo\u011falanm\u0131\u015f saman veya yem \u00e7imleri baling kutusuna beslenir ve bas\u0131n\u00e7 yo\u011funlu\u011fu set de\u011ferine ula\u015ft\u0131\u011f\u0131nda otomatik halat sarma ile tetiklenecek olan silindirik balyalar (genellikle 70 cm \u00e7ap\u0131nda, balya ba\u015f\u0131na yakla\u015f\u0131k 80 kg a\u011f\u0131rl\u0131\u011f\u0131nda) olu\u015fturmak i\u00e7in bas\u0131n\u00e7 silindiri taraf\u0131ndan ekstr\u00fcde edilir.<\/li>    <li><strong>Film sarma a\u015famas\u0131:<\/strong> Balyalar, baling sonras\u0131 otomatik olarak d\u00f6nen \u00e7er\u00e7eveye d\u00fc\u015fer ve film sarma katmanlar\u0131n\u0131n say\u0131s\u0131n\u0131 ayarlayarak, \u00f6zel mera film katman\u0131n\u0131 kapal\u0131 bir anaerobik ortam olu\u015fturmak i\u00e7in katmana g\u00f6re sarar.<\/li> <\/ul>    <figure class=\"wp-block-embed aligncenter is-type-video is-provider-youtube wp-block-embed-youtube wp-embed-aspect-16-9 wp-has-aspect-ratio\"><div class=\"wp-block-embed__wrapper\"> <iframe loading=\"lazy\" title=\"Silaj balyalama ve sarma makinesini kullanmadan \u00f6nce nas\u0131l haz\u0131rl\u0131k yap\u0131l\u0131r? saman saman balyalama makinesi\" width=\"500\" height=\"281\" src=\"https:\/\/www.youtube.com\/embed\/0Ggactf6n60?feature=oembed\" frameborder=\"0\" allow=\"accelerometer; autoplay; clipboard-write; encrypted-media; gyroscope; picture-in-picture; web-share\" referrerpolicy=\"strict-origin-when-cross-origin\" allowfullscreen><\/iframe> <\/div><figcaption class=\"wp-element-caption\">silaj yem balyalama makinas\u0131 \u00e7al\u0131\u015fma videosu<\/figcaption><\/figure>    <h2 class=\"wp-block-heading\" id=\"h-parameters-of-forage-baler-wrapper-machine\">Yem balya sarma makinesinin parametreleri<\/h2>    <figure class=\"wp-block-table is-style-stripes\"><table><tbody><tr><td>Modeli<\/td><td>9YDB-70<\/td><\/tr><tr><td>G\u00fc\u00e7<\/td><td>11kw+0.55kw+0.75kw+3kw+0.37kw elektrik motoru<\/td><\/tr><tr><td>Balya boyutu<\/td><td>\u03a670*70cm<\/td><\/tr><tr><td>Balya a\u011f\u0131rl\u0131\u011f\u0131<\/td><td>150-200kg\/balya<\/td><\/tr><tr><td>Kapasite<\/td><td>55-75balya\/saat<\/td><\/tr><tr><td>Hava kompres\u00f6r\u00fc hacmi<\/td><td>0.36m\u00b3<\/td><\/tr><tr><td>Besleme konvey\u00f6r\u00fc (G*U)<\/td><td>700*2100mm<\/td><\/tr><tr><td>Film kesme<\/td><td>Otomatik<\/td><\/tr><tr><td>Sarma verimlili\u011fi<\/td><td>6 katman\u0131n 22'ye ihtiyac\u0131 var<\/td><\/tr><tr><td>Boyut<\/td><td>4500*1900*2000mm<\/td><\/tr><tr><td>A\u011f\u0131rl\u0131k<\/td><td>1100kg<\/td><\/tr><\/tbody><\/table><figcaption class=\"wp-element-caption\">saman silaj sarmalama makinesinin parametreleri<\/figcaption><\/figure>    <h2 class=\"wp-block-heading\" id=\"h-the-difference-between-tz-70-70-and-ts-55-52-silage-round-baler\">TZ-70-70 ve <a href=\"https:\/\/balerwrapper.com\/tr\/product\/corn-silage-baler-machine\/\">TS-55-52 silaj yuvarlak balya makinesi<\/a><\/h2>    <ul start=\"2\" class=\"wp-block-list\"> <li>70 tip silaj sarma makinesi i\u00e7in g\u00fc\u00e7 se\u00e7enekleri sadece elektrik motorlar\u0131d\u0131r, 50 tip elektrik motorlar\u0131 veya dizel motorlarda \u00e7al\u0131\u015fabilir.<\/li>    <li>Boyut s\u00f6z konusu oldu\u011funda, 70 tip silaj sarma makinesi 70 x 70 \u00f6l\u00e7\u00fcl\u00fcrken, 50 tip 50 x 52'de biraz farkl\u0131d\u0131r.<\/li>    <li>\u00c7imleri ba\u011flama i\u00e7in, 70 tipi baling ve sarma makineleri sadece net halata g\u00fcvenir, ancak 50 tip hem net halat hem de \u00e7im ip kullanma esnekli\u011fine sahiptir.<\/li>    <li>70 tipte silaj sarma makinesi tam otomatik olarak \u00e7al\u0131\u015f\u0131r, 50 tip makine ise otomatik ve yar\u0131 otomatik i\u015flevler aras\u0131nda bir se\u00e7im sunar.<\/li> <\/ul>   <div class=\"wp-block-image\"> <figure class=\"aligncenter size-full\"><img loading=\"lazy\" decoding=\"async\" width=\"720\" height=\"540\" src=\"https:\/\/balerwrapper.com\/wp-content\/uploads\/2022\/08\/silage-baler-and-wrapper-machine.webp\" alt=\"silaj balyalama ve sarma makinesi\" class=\"wp-image-657\" title=\"silaj balya makinesi ve sar\u0131c\u0131\" srcset=\"https:\/\/balerwrapper.com\/wp-content\/uploads\/2022\/08\/silage-baler-and-wrapper-machine.webp 720w, https:\/\/balerwrapper.com\/wp-content\/uploads\/2022\/08\/silage-baler-and-wrapper-machine-300x225.webp 300w, https:\/\/balerwrapper.com\/wp-content\/uploads\/2022\/08\/silage-baler-and-wrapper-machine-16x12.webp 16w\" sizes=\"auto, (max-width: 720px) 100vw, 720px\" \/><figcaption class=\"wp-element-caption\">silaj balyalama ve sarma makinesi<\/figcaption><\/figure> <\/div>   <h2 class=\"wp-block-heading\" id=\"h-what-are-the-machines-that-can-work-with-automatic-silage-feed-balers\">Otomatik silaj besleme balyalar\u0131 ile \u00e7al\u0131\u015fabilen makineler<\/h2>    <p class=\"translation-block\">TZ-70-70 silaj paketleme makineleri, daha b\u00fcy\u00fck hacimli malzemeleri tek seferde i\u015flemek \u00fczere tasarlanm\u0131\u015ft\u0131r. Yem k\u0131y\u0131c\u0131 ve yem kar\u0131\u015ft\u0131r\u0131c\u0131 ile birlikte \u00e7al\u0131\u015fabilirler. (<em>Daha fazla bilgi i\u00e7in:<\/em> <strong><em><a href=\"https:\/\/balerwrapper.com\/tr\/product\/silage-chaff-cutter\/\">Silaj Yem K\u0131y\u0131c\u0131 Hayvan Yemi Ot Kesme Makinesi<\/a><\/em><\/strong><em>&gt;&gt;<\/em>)<\/p>    <p>\u0130lk olarak, yemleri kabar\u0131k bir k\u0131vamda i\u015fleyebilir ve ard\u0131ndan besleme mikserine aktarabilirsiniz. Kar\u0131\u015ft\u0131r\u0131ld\u0131ktan sonra, yem do\u011frudan baler\u0131n konvey\u00f6r band\u0131na g\u00f6nderilebilir.<\/p>   <div class=\"wp-block-image\"> <figure class=\"aligncenter size-full\"><img loading=\"lazy\" decoding=\"async\" width=\"720\" height=\"540\" src=\"https:\/\/balerwrapper.com\/wp-content\/uploads\/2022\/08\/automatic-silage-feed-balers-.webp\" alt=\"otomatik silaj besleme balya makineleri\" class=\"wp-image-219\" title=\"otomatik silaj besleme balya makineleri\"\/><figcaption class=\"wp-element-caption\">otomatik silaj besleme balya makineleri<\/figcaption><\/figure> <\/div>   <h2 class=\"wp-block-heading\">CE Silage Balya Makinesi Sertifikas\u0131<\/h2>    <p>Silo balya sarma makinesi i\u00e7in CE sertifikam\u0131z var. E\u011fer ihtiyac\u0131n\u0131z varsa, bize bildirin, sertifika ile ilgili t\u00fcm detaylar\u0131 sizinle payla\u015fal\u0131m.<\/p>   <div class=\"wp-block-image\"> <figure class=\"aligncenter size-full\"><img loading=\"lazy\" decoding=\"async\" width=\"540\" height=\"720\" src=\"https:\/\/balerwrapper.com\/wp-content\/uploads\/2022\/08\/silage-baler-machine-certificate.webp\" alt=\"silaj balya makinesi sertifikas\u0131\" class=\"wp-image-654\" srcset=\"https:\/\/balerwrapper.com\/wp-content\/uploads\/2022\/08\/silage-baler-machine-certificate.webp 540w, https:\/\/balerwrapper.com\/wp-content\/uploads\/2022\/08\/silage-baler-machine-certificate-225x300.webp 225w, https:\/\/balerwrapper.com\/wp-content\/uploads\/2022\/08\/silage-baler-machine-certificate-9x12.webp 9w\" sizes=\"auto, (max-width: 540px) 100vw, 540px\" \/><figcaption class=\"wp-element-caption\">silaj balya makinesi sertifikas\u0131<\/figcaption><\/figure> <\/div>   <h2 class=\"wp-block-heading\" id=\"h-faq\">SSS<\/h2>   <div id=\"rank-math-faq\" class=\"rank-math-block\"> <div class=\"rank-math-list\"> <div id=\"faq-question-1717055280482\" class=\"rank-math-list-item\"> <h3 class=\"rank-math-question\">A\u011f ipini ve filmi ayr\u0131 ayr\u0131 sat\u0131n alabilir miyim?<\/h3> <div class=\"rank-math-answer\">  <p>Evet.<\/p>  <\/div> <\/div> <div id=\"faq-question-1717055287844\" class=\"rank-math-list-item\"> <h3 class=\"rank-math-question\">Sarma filminin katman say\u0131s\u0131n\u0131 kendim ayarlayabilir miyim?<\/h3> <div class=\"rank-math-answer\">  <p>Evet, katman say\u0131s\u0131n\u0131 ihtiya\u00e7lar\u0131n\u0131za g\u00f6re ayarlayabilirsiniz.<\/p>  <\/div> <\/div> <div id=\"faq-question-1717055296648\" class=\"rank-math-list-item\"> <h3 class=\"rank-math-question\">Ne t\u00fcr yemlerin i\u015flenmesi daha kolayd\u0131r?<\/h3> <div class=\"rank-math-answer\">  <p>Topakl\u0131 yemi i\u015flemek i\u00e7in bir yo\u011furma makinesi kullanman\u0131z\u0131 \u00f6neririz \u00e7\u00fcnk\u00fc yemi birlikte yuvarlamak daha kolayd\u0131r ve yay\u0131lmas\u0131 kolay de\u011fildir.<\/p>  <\/div> <\/div> <div id=\"faq-question-1717055305431\" class=\"rank-math-list-item\"> <h3 class=\"rank-math-question\">CE belgeniz var m\u0131?<\/h3> <div class=\"rank-math-answer\">  <p>Evet, yap\u0131yoruz.<\/p>  <\/div> <\/div> <div id=\"faq-question-1717055313978\" class=\"rank-math-list-item\"> <h3 class=\"rank-math-question\">Makinenin g\u00fcc\u00fc nedir?<\/h3> <div class=\"rank-math-answer\">  <p>G\u00fc\u00e7 yaln\u0131zca bir elektrik motoru olabilir, 50 t\u00fcr elektrik motoru veya dizel motor olabilir.<\/p>  <\/div> <\/div> <\/div> <\/div>","protected":false},"excerpt":{"rendered":"<p>Silaj sarma makinesi bir t\u00fcr tar\u0131m makinesidir. Bug\u00fcn bir\u00e7ok \u00e7ift\u00e7i bu makineyi s\u0131\u011f\u0131r ve koyun gibi yemlerin taze tutulmas\u0131na yard\u0131mc\u0131 olmak i\u00e7in kullan\u0131yor.<\/p>","protected":false},"author":1,"featured_media":216,"parent":0,"template":"","tags":[37,35],"product-type":[7],"class_list":["post-53","product","type-product","status-publish","has-post-thumbnail","hentry","tag-feed","tag-silage","product-type-silage-baler"],"_links":{"self":[{"href":"https:\/\/balerwrapper.com\/tr\/wp-json\/wp\/v2\/product\/53","targetHints":{"allow":["GET"]}}],"collection":[{"href":"https:\/\/balerwrapper.com\/tr\/wp-json\/wp\/v2\/product"}],"about":[{"href":"https:\/\/balerwrapper.com\/tr\/wp-json\/wp\/v2\/types\/product"}],"author":[{"embeddable":true,"href":"https:\/\/balerwrapper.com\/tr\/wp-json\/wp\/v2\/users\/1"}],"wp:featuredmedia":[{"embeddable":true,"href":"https:\/\/balerwrapper.com\/tr\/wp-json\/wp\/v2\/media\/216"}],"wp:attachment":[{"href":"https:\/\/balerwrapper.com\/tr\/wp-json\/wp\/v2\/media?parent=53"}],"wp:term":[{"taxonomy":"post_tag","embeddable":true,"href":"https:\/\/balerwrapper.com\/tr\/wp-json\/wp\/v2\/tags?post=53"},{"taxonomy":"product-type","embeddable":true,"href":"https:\/\/balerwrapper.com\/tr\/wp-json\/wp\/v2\/product-type?post=53"}],"curies":[{"name":"wp","href":"https:\/\/api.w.org\/{rel}","templated":true}]}}