{"id":521,"date":"2023-11-29T09:49:04","date_gmt":"2023-11-29T01:49:04","guid":{"rendered":"https:\/\/balerwrapper.com\/?post_type=product&#038;p=521"},"modified":"2023-11-29T10:16:52","modified_gmt":"2023-11-29T02:16:52","slug":"silage-harvesting-and-recycling-machine","status":"publish","type":"product","link":"https:\/\/balerwrapper.com\/tr\/product\/silage-harvesting-and-recycling-machine\/","title":{"rendered":"Sat\u0131l\u0131k Mobil Tip Silaj Hasat ve Geri D\u00f6n\u00fc\u015f\u00fcm Makinas\u0131"},"content":{"rendered":"<div class=\"kk-star-ratings kksr-auto kksr-align-left kksr-valign-top\"     data-payload='{&quot;align&quot;:&quot;left&quot;,&quot;id&quot;:&quot;521&quot;,&quot;slug&quot;:&quot;default&quot;,&quot;valign&quot;:&quot;top&quot;,&quot;ignore&quot;:&quot;&quot;,&quot;reference&quot;:&quot;auto&quot;,&quot;class&quot;:&quot;&quot;,&quot;count&quot;:&quot;6&quot;,&quot;legendonly&quot;:&quot;&quot;,&quot;readonly&quot;:&quot;&quot;,&quot;score&quot;:&quot;4.7&quot;,&quot;starsonly&quot;:&quot;&quot;,&quot;best&quot;:&quot;5&quot;,&quot;gap&quot;:&quot;5&quot;,&quot;greet&quot;:&quot;Rate this product&quot;,&quot;legend&quot;:&quot;4.7\\\/5 - (6 votes)&quot;,&quot;size&quot;:&quot;24&quot;,&quot;title&quot;:&quot;Mobile Type Silage Harvesting And Recycling Machine For Sale&quot;,&quot;width&quot;:&quot;133.8&quot;,&quot;_legend&quot;:&quot;{score}\\\/{best} - ({count} {votes})&quot;,&quot;font_factor&quot;:&quot;1.25&quot;}'>              <div class=\"kksr-stars\">      <div class=\"kksr-stars-inactive\">             <div class=\"kksr-star\" data-star=\"1\" style=\"padding-right: 5px\">               <div class=\"kksr-icon\" style=\"width: 24px; height: 24px;\"><\/div>         <\/div>             <div class=\"kksr-star\" data-star=\"2\" style=\"padding-right: 5px\">               <div class=\"kksr-icon\" style=\"width: 24px; height: 24px;\"><\/div>         <\/div>             <div class=\"kksr-star\" data-star=\"3\" style=\"padding-right: 5px\">               <div class=\"kksr-icon\" style=\"width: 24px; height: 24px;\"><\/div>         <\/div>             <div class=\"kksr-star\" data-star=\"4\" style=\"padding-right: 5px\">               <div class=\"kksr-icon\" style=\"width: 24px; height: 24px;\"><\/div>         <\/div>             <div class=\"kksr-star\" data-star=\"5\" style=\"padding-right: 5px\">               <div class=\"kksr-icon\" style=\"width: 24px; height: 24px;\"><\/div>         <\/div>     <\/div>      <div class=\"kksr-stars-active\" style=\"width: 133.8px;\">             <div class=\"kksr-star\" style=\"padding-right: 5px\">               <div class=\"kksr-icon\" style=\"width: 24px; height: 24px;\"><\/div>         <\/div>             <div class=\"kksr-star\" style=\"padding-right: 5px\">               <div class=\"kksr-icon\" style=\"width: 24px; height: 24px;\"><\/div>         <\/div>             <div class=\"kksr-star\" style=\"padding-right: 5px\">               <div class=\"kksr-icon\" style=\"width: 24px; height: 24px;\"><\/div>         <\/div>             <div class=\"kksr-star\" style=\"padding-right: 5px\">               <div class=\"kksr-icon\" style=\"width: 24px; height: 24px;\"><\/div>         <\/div>             <div class=\"kksr-star\" style=\"padding-right: 5px\">               <div class=\"kksr-icon\" style=\"width: 24px; height: 24px;\"><\/div>         <\/div>     <\/div> <\/div>                   <div class=\"kksr-legend\" style=\"font-size: 19.2px;\">             4,7\/5 - (6 oy)    <\/div>     <\/div>  <p class=\"translation-block\">M\u0131s\u0131r silaj\u0131 hasat ve geri d\u00f6n\u00fc\u015f\u00fcm makinesi, <strong><a href=\"https:\/\/balerwrapper.com\/tr\/product\/stalk-cutting-recycling-machine\/\">saman ve di\u011fer bitki kal\u0131nt\u0131lar\u0131n\u0131n k\u0131r\u0131lmas\u0131 i\u00e7in kullan\u0131l\u0131r<\/a><\/strong>. Y\u00fcksek h\u0131zl\u0131 d\u00f6nen b\u0131\u00e7aklar ve k\u0131rma haznesi arac\u0131l\u0131\u011f\u0131yla saman, kompostlama, yem haz\u0131rlama veya enerji \u00fcretimi gibi sonraki kullan\u0131mlar i\u00e7in etkili bir \u015fekilde ince tanecikler halinde ezilir. <\/p>    <figure class=\"wp-block-image size-full\"><img loading=\"lazy\" decoding=\"async\" width=\"720\" height=\"540\" src=\"https:\/\/balerwrapper.com\/wp-content\/uploads\/2023\/11\/straw-crushing-and-recycling-machine.webp\" alt=\"saman k\u0131rma ve geri d\u00f6n\u00fc\u015f\u00fcm makinas\u0131\" class=\"wp-image-522\"\/><figcaption class=\"wp-element-caption\">saman k\u0131rma ve geri d\u00f6n\u00fc\u015f\u00fcm makinas\u0131<\/figcaption><\/figure>    <p>Hareket kabiliyeti, farkl\u0131 konum ve durumlardaki saman elle\u00e7leme ihtiya\u00e7lar\u0131na esnek bir \u015fekilde yan\u0131t vermesine olanak tan\u0131yarak tar\u0131msal at\u0131k y\u00f6netimi i\u00e7in uygun bir \u00e7\u00f6z\u00fcm sunar.<\/p>    <h2 class=\"wp-block-heading\">Silaj Hasat ve Geri D\u00f6n\u00fc\u015f\u00fcm Makinesi Uygulamalar\u0131<\/h2>    <p class=\"translation-block\">Samana k\u0131rma ve geri d\u00f6n\u00fc\u015ft\u00fcrme makinesi tar\u0131mda, hayvanc\u0131l\u0131kta ve enerji \u00fcretiminde yayg\u0131n olarak kullan\u0131lmaktad\u0131r. Ba\u015fl\u0131ca uygulamalar\u0131 \u015funlard\u0131r:<\/p>    <ol class=\"wp-block-list\"> <li><strong>Biyok\u00fctle Enerjisi \u00dcretimi:<\/strong> Saman pelet haline getirildikten sonra, biyok\u00fctle pelet yak\u0131t\u0131 ve \u0131s\u0131tma ve enerji \u00fcretimi i\u00e7in biyok\u00fctle gaz\u0131 haz\u0131rlama gibi biyok\u00fctle enerjisi alan\u0131nda kullan\u0131labilir.<\/li>    <li><strong>Organik G\u00fcbre Haz\u0131rlan\u0131\u015f\u0131:<\/strong> Ezilmi\u015f saman, topra\u011f\u0131n verimlili\u011fini art\u0131rmak amac\u0131yla tar\u0131msal \u00fcretimde kullan\u0131lan verimli organik g\u00fcbre yapmak i\u00e7in di\u011fer organik maddelerle kar\u0131\u015ft\u0131r\u0131labilir.<\/li>    <li><strong>\u00c7evresel Ar\u0131tma:<\/strong> Saman at\u0131klar\u0131n\u0131n i\u015flenmesi tar\u0131m arazilerindeki yanmay\u0131 azalt\u0131r ve hava ve \u00e7evre kirlili\u011finin azalt\u0131lmas\u0131na yard\u0131mc\u0131 olur.<\/li>    <li><strong>Yem \u0130\u015fleme:<\/strong> Saman ezildikten sonra yem hammaddesi olarak kullan\u0131labilir, bu da hayvanc\u0131l\u0131\u011f\u0131n yemden yararlanma oran\u0131n\u0131 art\u0131r\u0131r.<\/li> <\/ol>    <figure class=\"wp-block-image size-full\"><img loading=\"lazy\" decoding=\"async\" width=\"720\" height=\"540\" src=\"https:\/\/balerwrapper.com\/wp-content\/uploads\/2023\/11\/silage-harvesting-and-recycling-machine.webp\" alt=\"silaj hasat ve geri d\u00f6n\u00fc\u015f\u00fcm makinas\u0131\" class=\"wp-image-523\"\/><figcaption class=\"wp-element-caption\">silaj hasat ve geri d\u00f6n\u00fc\u015f\u00fcm makinas\u0131<\/figcaption><\/figure>    <h2 class=\"wp-block-heading\">Saman Hasat ve Geri D\u00f6n\u00fc\u015f\u00fcm Makinesi'nin Ana Fonksiyonu<\/h2>    <ul class=\"wp-block-list\"> <li>Olgun mahsullerden (\u00f6rne\u011fin bu\u011fday, arpa, pirin\u00e7 vb.) saman\u0131 verimli bir \u015fekilde hasat eder. Pipetin uygun uzunluklarda ve \u015fekillerde kesilmesi, i\u015flenmesini kolayla\u015ft\u0131r\u0131r.<\/li>    <li>Baz\u0131 modern saman hasat makineleri, saman\u0131 ezip tarlada e\u015fit \u015fekilde da\u011f\u0131tan, topra\u011f\u0131n verimlili\u011fini art\u0131rmaya, nemi tutmaya ve toprak erozyonunu azaltmaya yard\u0131mc\u0131 olan tarlaya d\u00f6n\u00fc\u015f \u00f6zelli\u011fine sahiptir.<\/li> <\/ul>    <figure class=\"wp-block-image size-full\"><img loading=\"lazy\" decoding=\"async\" width=\"720\" height=\"540\" src=\"https:\/\/balerwrapper.com\/wp-content\/uploads\/2023\/11\/silage-straw-recycler.webp\" alt=\"silaj saman\u0131 geri d\u00f6n\u00fc\u015ft\u00fcr\u00fcc\u00fcs\u00fc\" class=\"wp-image-524\"\/><figcaption class=\"wp-element-caption\">silaj saman\u0131 geri d\u00f6n\u00fc\u015ft\u00fcr\u00fcc\u00fcs\u00fc<\/figcaption><\/figure>    <h2 class=\"wp-block-heading\">Bu Makine Nas\u0131l \u00c7al\u0131\u015f\u0131r?<\/h2>    <p>Silaj hasat ve geri d\u00f6n\u00fc\u015f\u00fcm makinelerinin \u00e7al\u0131\u015fma prensibi genellikle a\u015fa\u011f\u0131daki ad\u0131mlar\u0131 i\u00e7erir:<\/p>    <ol class=\"wp-block-list\"> <li>\u0130lk \u00f6nce bir trakt\u00f6r taraf\u0131ndan \u00e7ekilir.<\/li>    <li>Saman, besleme a\u00e7\u0131kl\u0131\u011f\u0131ndan k\u0131r\u0131c\u0131n\u0131n i\u00e7ine ta\u015f\u0131n\u0131r.<\/li>    <li>saman, y\u00fcksek h\u0131zl\u0131 d\u00f6nen b\u0131\u00e7aklar\u0131n kesilmesi ve \u00e7arp\u0131lmas\u0131yla etkili bir \u015fekilde k\u00fc\u00e7\u00fck par\u00e7ac\u0131klar halinde toz haline getirilir.<\/li>    <li>Toz haline getirilmi\u015f par\u00e7ac\u0131klar, daha b\u00fcy\u00fck veya tam olarak toz haline getirilmemi\u015f par\u00e7ac\u0131klar\u0131n \u00e7\u0131kar\u0131lmas\u0131 i\u00e7in bir elek veya titre\u015fimli elek ile ayr\u0131l\u0131r.<\/li>    <li>Tozun yay\u0131lmas\u0131n\u0131 \u00f6nlemek amac\u0131yla baz\u0131 saman k\u0131rma ve geri d\u00f6n\u00fc\u015f\u00fcm makineleri, tozu toplayacak toz toplama ekipmanlar\u0131yla donat\u0131lm\u0131\u015ft\u0131r.<\/li>    <li>Son olarak, trakt\u00f6r \u00fczerindeki bir hidrolik \u00fcnite, k\u0131r\u0131lan saman\u0131n bo\u015falt\u0131lmas\u0131 i\u00e7in makineye g\u00fc\u00e7 sa\u011flar.<\/li> <\/ol>    <figure class=\"wp-block-image size-full\"><img loading=\"lazy\" decoding=\"async\" width=\"720\" height=\"540\" src=\"https:\/\/balerwrapper.com\/wp-content\/uploads\/2023\/11\/silage-shredding-recycling-machine.webp\" alt=\"silaj par\u00e7alama geri d\u00f6n\u00fc\u015f\u00fcm makinas\u0131\" class=\"wp-image-525\"\/><figcaption class=\"wp-element-caption\">silaj par\u00e7alama geri d\u00f6n\u00fc\u015f\u00fcm makinas\u0131<\/figcaption><\/figure>    <h2 class=\"wp-block-heading\">Mobil Tip Silaj Geri D\u00f6n\u00fc\u015f\u00fcm Makinas\u0131 Faydalar\u0131<\/h2>    <ul class=\"wp-block-list\"> <li><strong>Esneklik ve ta\u015f\u0131nabilirlik:<\/strong> Tekerleklerle donat\u0131ld\u0131klar\u0131 i\u00e7in farkl\u0131 tar\u0131m arazileri aras\u0131nda farkl\u0131 konumlar ve durumlar i\u00e7in kolayca hareket ettirilebilirler ve \u00e7ift\u00e7ilerin gerekti\u011finde ekipman\u0131 farkl\u0131 bir konuma ta\u015f\u0131mas\u0131 daha kolayd\u0131r.<\/li>    <li><strong>Maliyet etkinli\u011fi:<\/strong> Ta\u015f\u0131nabilir ekipman genellikle sabit ekipman olu\u015fturmaktan daha ekonomiktir. \u00c7ift\u00e7iler ihtiya\u00e7 duyduklar\u0131nda bunlar\u0131 kiralama veya sat\u0131n alma se\u00e7ene\u011fine sahip olacak ve bu da maliyetli in\u015faat i\u015flerine olan ihtiyac\u0131 ortadan kald\u0131racak.<\/li>    <li><strong>Uyarlanabilirlik:<\/strong> Ta\u015f\u0131nabilir silaj hasat ve geri d\u00f6n\u00fc\u015f\u00fcm makineleri, farkl\u0131 mahsul ve arazi ko\u015fullar\u0131na g\u00f6re ayarlanabilir ve uyarlanabilir. Bu, farkl\u0131 tar\u0131m arazilerinde en iyi sonu\u00e7lar\u0131n elde edilmesini kolayla\u015ft\u0131r\u0131r.<\/li>    <li><strong>Verimli \u00fcretim:<\/strong> Ta\u015f\u0131nabilir \u00fcniteler genellikle verimli \u00fcretim i\u00e7in tasarlanm\u0131\u015ft\u0131r ve 80%'nin \u00fczerinde bir geri kazan\u0131m oran\u0131yla saman\u0131 tamamen kesebilen 32 b\u0131\u00e7akla saman\u0131n daha h\u0131zl\u0131 toplanmas\u0131na, par\u00e7alanmas\u0131na ve i\u015flenmesine olanak tan\u0131r.<\/li>    <li><strong>Parseller aras\u0131ndaki bo\u015fluklar\u0131n azalt\u0131lmas\u0131:<\/strong> Bir sonraki tarlaya h\u0131zla ge\u00e7me olana\u011f\u0131 sunan portatif saman \u00f6\u011f\u00fct\u00fcc\u00fcler ve geri d\u00f6n\u00fc\u015f\u00fcm makineleri, araziler aras\u0131ndaki bo\u015fluklar\u0131n azalt\u0131lmas\u0131na yard\u0131mc\u0131 olarak arazinin daha tam olarak kullan\u0131lmas\u0131na olanak tan\u0131r.<\/li> <\/ul>    <figure class=\"wp-block-image size-full\"><img loading=\"lazy\" decoding=\"async\" width=\"720\" height=\"540\" src=\"https:\/\/balerwrapper.com\/wp-content\/uploads\/2023\/11\/silage-harvester.webp\" alt=\"silaj hasat makinesi\" class=\"wp-image-526\"\/><figcaption class=\"wp-element-caption\">silaj hasat makinesi<\/figcaption><\/figure>    <h2 class=\"wp-block-heading\">Bak\u0131m ve Onar\u0131m<\/h2>    <p>Silaj hasat ve geri d\u00f6n\u00fc\u015f\u00fcm makinesinin bak\u0131m\u0131 ve bak\u0131m\u0131, ekipman\u0131n uzun s\u00fcreli ve verimli \u00e7al\u0131\u015fmas\u0131n\u0131 sa\u011flaman\u0131n anahtar\u0131d\u0131r.<\/p>    <ol class=\"wp-block-list\"> <li><strong>Periyodik Temizlik:<\/strong> B\u0131\u00e7aklar, ta\u015f\u0131ma bantlar\u0131 ve elekler de dahil olmak \u00fczere saman k\u0131rma ve geri d\u00f6n\u00fc\u015f\u00fcm makinesinin t\u00fcm par\u00e7alar\u0131n\u0131 d\u00fczenli olarak temizleyin. Temizleme i\u015flemi s\u0131ras\u0131nda makinenin \u00e7evrimd\u0131\u015f\u0131 oldu\u011fundan emin olun.<\/li>    <li><strong>B\u0131\u00e7ak Muayenesi ve De\u011fi\u015fimi:<\/strong> Keskin kald\u0131klar\u0131ndan emin olmak i\u00e7in b\u0131\u00e7aklar\u0131n a\u015f\u0131nmas\u0131n\u0131 ve y\u0131pranmas\u0131n\u0131 d\u00fczenli olarak kontrol edin. Gerekirse, toz haline getirme etkisini ve ekipman \u00f6mr\u00fcn\u00fc garanti etmek i\u00e7in \u00e7ok a\u015f\u0131nm\u0131\u015f b\u0131\u00e7aklar\u0131 zaman\u0131nda de\u011fi\u015ftirin.<\/li>    <li><strong>Ya\u011flama sistemi:<\/strong> Ekipman\u0131n t\u00fcm par\u00e7alar\u0131n\u0131n \u00e7al\u0131\u015fma s\u0131ras\u0131nda sorunsuz \u00e7al\u0131\u015fabilmesini sa\u011flamak i\u00e7in ekipman\u0131n her ya\u011flama noktas\u0131na do\u011fru miktarda ya\u011flay\u0131c\u0131 ekleyin.<\/li> <\/ol>    <p>Silaj hasat ve geri d\u00f6n\u00fc\u015f\u00fcm makinelerimizle ilgileniyorsan\u0131z veya herhangi bir sorunuz varsa l\u00fctfen bizimle ileti\u015fime ge\u00e7mekten \u00e7ekinmeyin.<\/p>","protected":false},"excerpt":{"rendered":"<p>The silage harvesting and recycling machine is used for crushing straw and other crop residues. Through the high-speed rotating blades and crushing chamber, the straw is effectively crushed into fine particles for subsequent utilization, such as composting, feed preparation, or energy production. Its mobility allows it to flexibly respond to the straw handling needs of [&hellip;]<\/p>\n","protected":false},"author":1,"featured_media":527,"parent":0,"template":"","tags":[],"product-type":[8],"class_list":["post-521","product","type-product","status-publish","has-post-thumbnail","hentry","product-type-other-silage-machines"],"_links":{"self":[{"href":"https:\/\/balerwrapper.com\/tr\/wp-json\/wp\/v2\/product\/521","targetHints":{"allow":["GET"]}}],"collection":[{"href":"https:\/\/balerwrapper.com\/tr\/wp-json\/wp\/v2\/product"}],"about":[{"href":"https:\/\/balerwrapper.com\/tr\/wp-json\/wp\/v2\/types\/product"}],"author":[{"embeddable":true,"href":"https:\/\/balerwrapper.com\/tr\/wp-json\/wp\/v2\/users\/1"}],"wp:featuredmedia":[{"embeddable":true,"href":"https:\/\/balerwrapper.com\/tr\/wp-json\/wp\/v2\/media\/527"}],"wp:attachment":[{"href":"https:\/\/balerwrapper.com\/tr\/wp-json\/wp\/v2\/media?parent=521"}],"wp:term":[{"taxonomy":"post_tag","embeddable":true,"href":"https:\/\/balerwrapper.com\/tr\/wp-json\/wp\/v2\/tags?post=521"},{"taxonomy":"product-type","embeddable":true,"href":"https:\/\/balerwrapper.com\/tr\/wp-json\/wp\/v2\/product-type?post=521"}],"curies":[{"name":"wp","href":"https:\/\/api.w.org\/{rel}","templated":true}]}}