{"id":502,"date":"2023-10-26T16:06:00","date_gmt":"2023-10-26T08:06:00","guid":{"rendered":"https:\/\/balerwrapper.com\/?post_type=product&#038;p=502"},"modified":"2023-11-01T13:28:30","modified_gmt":"2023-11-01T05:28:30","slug":"straw-crushing-packaging-wrapping-machine","status":"publish","type":"product","link":"https:\/\/balerwrapper.com\/tr\/product\/straw-crushing-packaging-wrapping-machine\/","title":{"rendered":"Otomatik Sliage Saman K\u0131rma Paketleme Sarma Makinesi"},"content":{"rendered":"<div class=\"kk-star-ratings kksr-auto kksr-align-left kksr-valign-top\"     data-payload='{&quot;align&quot;:&quot;left&quot;,&quot;id&quot;:&quot;502&quot;,&quot;slug&quot;:&quot;default&quot;,&quot;valign&quot;:&quot;top&quot;,&quot;ignore&quot;:&quot;&quot;,&quot;reference&quot;:&quot;auto&quot;,&quot;class&quot;:&quot;&quot;,&quot;count&quot;:&quot;13&quot;,&quot;legendonly&quot;:&quot;&quot;,&quot;readonly&quot;:&quot;&quot;,&quot;score&quot;:&quot;4.6&quot;,&quot;starsonly&quot;:&quot;&quot;,&quot;best&quot;:&quot;5&quot;,&quot;gap&quot;:&quot;5&quot;,&quot;greet&quot;:&quot;Rate this product&quot;,&quot;legend&quot;:&quot;4.6\\\/5 - (13 votes)&quot;,&quot;size&quot;:&quot;24&quot;,&quot;title&quot;:&quot;Automatic Sliage Straw Crushing Packaging Wrapping Machine&quot;,&quot;width&quot;:&quot;130.9&quot;,&quot;_legend&quot;:&quot;{score}\\\/{best} - ({count} {votes})&quot;,&quot;font_factor&quot;:&quot;1.25&quot;}'>              <div class=\"kksr-stars\">      <div class=\"kksr-stars-inactive\">             <div class=\"kksr-star\" data-star=\"1\" style=\"padding-right: 5px\">               <div class=\"kksr-icon\" style=\"width: 24px; height: 24px;\"><\/div>         <\/div>             <div class=\"kksr-star\" data-star=\"2\" style=\"padding-right: 5px\">               <div class=\"kksr-icon\" style=\"width: 24px; height: 24px;\"><\/div>         <\/div>             <div class=\"kksr-star\" data-star=\"3\" style=\"padding-right: 5px\">               <div class=\"kksr-icon\" style=\"width: 24px; height: 24px;\"><\/div>         <\/div>             <div class=\"kksr-star\" data-star=\"4\" style=\"padding-right: 5px\">               <div class=\"kksr-icon\" style=\"width: 24px; height: 24px;\"><\/div>         <\/div>             <div class=\"kksr-star\" data-star=\"5\" style=\"padding-right: 5px\">               <div class=\"kksr-icon\" style=\"width: 24px; height: 24px;\"><\/div>         <\/div>     <\/div>      <div class=\"kksr-stars-active\" style=\"width: 130.9px;\">             <div class=\"kksr-star\" style=\"padding-right: 5px\">               <div class=\"kksr-icon\" style=\"width: 24px; height: 24px;\"><\/div>         <\/div>             <div class=\"kksr-star\" style=\"padding-right: 5px\">               <div class=\"kksr-icon\" style=\"width: 24px; height: 24px;\"><\/div>         <\/div>             <div class=\"kksr-star\" style=\"padding-right: 5px\">               <div class=\"kksr-icon\" style=\"width: 24px; height: 24px;\"><\/div>         <\/div>             <div class=\"kksr-star\" style=\"padding-right: 5px\">               <div class=\"kksr-icon\" style=\"width: 24px; height: 24px;\"><\/div>         <\/div>             <div class=\"kksr-star\" style=\"padding-right: 5px\">               <div class=\"kksr-icon\" style=\"width: 24px; height: 24px;\"><\/div>         <\/div>     <\/div> <\/div>                   <div class=\"kksr-legend\" style=\"font-size: 19.2px;\">             4.6\/5 - (13 oy)    <\/div>     <\/div>  <p>Saman k\u0131rma paketleme sarma makinesi, depolama, ta\u015f\u0131ma ve kapsaml\u0131 kullan\u0131m i\u00e7in saman\u0131 otomatik olarak toplamak, do\u011framak, balyalamak ve sarmak i\u00e7in kullan\u0131lan bir t\u00fcr tar\u0131m makine ve ekipman\u0131d\u0131r. <\/p>    <p class=\"translation-block\">Genellikle bu i\u015flenmi\u015f <a href=\"https:\/\/en.wikipedia.org\/wiki\/Straw\" target=\"_blank\" rel=\"noopener\">saplar<\/a> yem, biyok\u00fctle enerjisi, g\u00fcbre veya toprak d\u00fczenleyici olarak kullan\u0131labilir. Bu makine, \u00e7ift\u00e7ilerin i\u015f y\u00fck\u00fcn\u00fc azaltmaya ve sap\u0131n kapsaml\u0131 kullan\u0131m\u0131n\u0131 iyile\u015ftirmeye yard\u0131mc\u0131 olur.<\/p>    <figure class=\"wp-block-image size-full\"><img loading=\"lazy\" decoding=\"async\" width=\"720\" height=\"540\" src=\"https:\/\/balerwrapper.com\/wp-content\/uploads\/2023\/10\/silage-picking-crushing-baling-machine.webp\" alt=\"silaj toplama k\u0131rma balyalama makinesi\" class=\"wp-image-503\"\/><figcaption class=\"wp-element-caption\">silaj toplama k\u0131rma balyalama makinesi<\/figcaption><\/figure>    <h2 class=\"wp-block-heading\">Silaj K\u0131rma Balyalama Makinesi Ana Yap\u0131lar\u0131<\/h2>    <ul class=\"wp-block-list\"> <li>Saman k\u0131rma paketleme sarma makinesi, genellikle a\u015fa\u011f\u0131dakileri i\u00e7eren, birlikte \u00e7al\u0131\u015fan a\u015fa\u011f\u0131daki ana yap\u0131lardan olu\u015fur:<\/li>    <li>\u015easi (sahada hareketi kolayla\u015ft\u0131rmak i\u00e7in tekerleklerle donat\u0131lm\u0131\u015ft\u0131r)<\/li>    <li>Toplama sistemi (makinenin \u00f6n k\u0131sm\u0131na as\u0131l\u0131 d\u00f6nen bir di\u015fli veya toplay\u0131c\u0131)<\/li>    <li>\u00d6\u011f\u00fct\u00fcc\u00fcler (d\u00f6nen b\u0131\u00e7aklar veya tamburlar dahil)<\/li>    <li>Balyalama sistemi (saman toplama ve kompakt balya olu\u015fturma mekanizmas\u0131)<\/li>    <li>Sarma mekanizmas\u0131 (balyay\u0131 korumak ve muhafaza etmek i\u00e7in bir veya daha fazla plastik ambalaj katman\u0131na sar\u0131l\u0131r) Bu par\u00e7a genellikle sarma makaras\u0131n\u0131 ve uygulama mekanizmas\u0131n\u0131 i\u00e7erir.<\/li> <\/ul>    <figure class=\"wp-block-image size-full\"><img loading=\"lazy\" decoding=\"async\" width=\"720\" height=\"540\" src=\"https:\/\/balerwrapper.com\/wp-content\/uploads\/2023\/10\/straw-crushing-packaging-wrapping-machine.webp\" alt=\"saman k\u0131rma paketleme sarma makinesi\" class=\"wp-image-504\"\/><figcaption class=\"wp-element-caption\">saman k\u0131rma paketleme sarma makinesi<\/figcaption><\/figure>    <h2 class=\"wp-block-heading\">Saman K\u0131rma Paketleme Sarma Makinesi \u0130\u015f Ak\u0131\u015f\u0131<\/h2>    <ol class=\"wp-block-list\"> <li><strong>Saman toplama<\/strong>: Tar\u0131m arazisinde kalan samanlar\u0131 (m\u0131s\u0131r sap\u0131, bu\u011fday sap\u0131 vb.) otomatik olarak toplay\u0131p konsantre edebilen makinenin ilk ad\u0131m\u0131d\u0131r.<\/li>    <li><strong>Saman K\u0131r\u0131c\u0131<\/strong>: Pipetler topland\u0131ktan sonra genellikle \u00e7ok uzun olur ve bir sonraki ad\u0131mda kullan\u0131lmas\u0131 kolay de\u011fildir. Saman \u00f6\u011f\u00fct\u00fcc\u00fc, sonraki i\u015flemler i\u00e7in bu kam\u0131\u015flar\u0131 daha k\u00fc\u00e7\u00fck par\u00e7ac\u0131klar halinde kesecektir.<\/li>    <li><strong>Saman balyalama<\/strong>: Ezilmi\u015f saman, depolama, ta\u015f\u0131ma ve daha sonra kullan\u0131m i\u00e7in genellikle yuvarlak veya kare \u015feklinde s\u0131k\u0131 demetler halinde balyalan\u0131r.<\/li>    <li><strong>Sarma<\/strong>: Son olarak bu saman balyalar\u0131 genellikle plastik ambalajla sar\u0131l\u0131r. Bu, balyalar\u0131n depolama s\u0131ras\u0131nda hasar g\u00f6rmesini \u00f6nlemeye yard\u0131mc\u0131 olur ve ayr\u0131ca yal\u0131t\u0131m ve bozulma sa\u011flar.<\/li> <\/ol>    <figure class=\"wp-block-image size-full\"><img loading=\"lazy\" decoding=\"async\" width=\"720\" height=\"540\" src=\"https:\/\/balerwrapper.com\/wp-content\/uploads\/2023\/10\/silage-wrapper.webp\" alt=\"silaj sar\u0131c\u0131\" class=\"wp-image-505\"\/><figcaption class=\"wp-element-caption\">silaj sar\u0131c\u0131<\/figcaption><\/figure>    <h2 class=\"wp-block-heading\">\u00c7ok Fonksiyonlu Silaj Balya Makinesi Ana \u00d6zellikleri<\/h2>    <div class=\"wp-block-media-text has-media-on-the-right is-stacked-on-mobile\"><div class=\"wp-block-media-text__content\"> <ul class=\"wp-block-list\"> <li>\u0130\u015f\u00e7ilikten tasarruf sa\u011flar, hasattan ve k\u0131rmadan hemen sonra balyalanabilir ve sar\u0131labilir.<\/li>    <li>1300 ve 1720 mm kesme geni\u015fli\u011fine sahip iki model aras\u0131ndan se\u00e7im yap\u0131n.<\/li>    <li>Y\u00fcksek verim, bir rulo ip ve film, saatte 45-60 demet olmak \u00fczere yakla\u015f\u0131k 65-70 demet halinde sar\u0131labilir.<\/li>    <li>\u0130yi \u00e7al\u0131\u015fma etkisi, s\u0131k\u0131 paketleme, i\u00e7i gev\u015fek ve d\u0131\u015f\u0131 s\u0131k\u0131 ve iyi hava ge\u00e7irgenli\u011fi.<\/li>    <li>A\u00e7\u0131k i\u015fb\u00f6l\u00fcm\u00fc sayesinde trakt\u00f6r hasat ve k\u0131rma g\u00fcc\u00fc sa\u011flarken, benzinli motor da balyalama ve paketleme g\u00fcc\u00fc sa\u011flar.<\/li> <\/ul> <\/div><figure class=\"wp-block-media-text__media\"><img loading=\"lazy\" decoding=\"async\" width=\"540\" height=\"720\" src=\"https:\/\/balerwrapper.com\/wp-content\/uploads\/2023\/10\/silage-baler-machine-for-sale.webp\" alt=\"sat\u0131l\u0131k silaj balya makinesi\" class=\"wp-image-506 size-full\"\/><\/figure><\/div>    <h2 class=\"wp-block-heading\">Makine Teknik Parametreleri<\/h2>    <p>Bu cihaz\u0131m\u0131z, kendi kendine hareket eden bir saman ezme, paketleme ve sarma entegre T\u00fcm \u2013 Bir \u2013 Makinedir.<\/p>    <figure class=\"wp-block-table is-style-stripes\"><table><tbody><tr><td><strong>Modeli<\/strong><\/td><td>9YQ-1300<\/td><td>9YQ-1720<\/td><\/tr><tr><td><strong>G\u00fc\u00e7<\/strong><\/td><td>40 beygir<\/td><td>70 beygir<\/td><\/tr><tr><td><strong>Balyalama ve sarma g\u00fcc\u00fc<\/strong><\/td><td>benzinli jenerat\u00f6r (5+0,75 KW)<\/td><td>benzinli jenerat\u00f6r (5+0,75 KW)<\/td><\/tr><tr><td><strong>\u00c7al\u0131\u015fma geni\u015fli\u011fi<\/strong><\/td><td>1300mm<\/td><td>1720mm<\/td><\/tr><tr><td><strong>Bale'in boyutu<\/strong><\/td><td>L*\u0424 700*800mm<\/td><td>L*\u0424 700*800mm<\/td><\/tr><tr><td><strong>Bale'in a\u011f\u0131rl\u0131\u011f\u0131<\/strong><\/td><td>95-100 kg\/balya<\/td><td>95-100 kg\/balya<\/td><\/tr><tr><td><strong>Kapasite<\/strong><\/td><td>0,9 d\u00f6n\u00fcm\/saat<\/td><td>1,3 d\u00f6n\u00fcm\/saat<\/td><\/tr><tr><td><strong>Boyut<\/strong><\/td><td>3270*2150*1400 mm<\/td><td>3270*2150*1400 mm<\/td><\/tr><tr><td><strong>A\u011f\u0131rl\u0131k<\/strong><\/td><td>1200 kg<\/td><td>1300 kg<\/td><\/tr><\/tbody><\/table><\/figure>    <p>Firmam\u0131z, aralar\u0131ndan se\u00e7im yapabilece\u011finiz yukar\u0131daki iki ana saman k\u0131rma paketleme sarma makinesi modelini tan\u0131tm\u0131\u015ft\u0131r, yukar\u0131daki liste \u00f6nemli parametrelerin bir par\u00e7as\u0131d\u0131r. Daha detayl\u0131 bilgi edinmek istiyorsan\u0131z, l\u00fctfen bizimle ileti\u015fime ge\u00e7mekten \u00e7ekinmeyin.<\/p>    <h2 class=\"wp-block-heading\">\u0130lgili Makineler<\/h2>    <p class=\"translation-block\">Elbette, m\u00fc\u015fterinin farkl\u0131 kullan\u0131mlar\u0131na ve b\u00fct\u00e7elerine ba\u011fl\u0131 olarak, silaj balyalama ve paketleme makineleri, <strong><a href=\"https:\/\/balerwrapper.com\/tr\/product\/round-hay-baler\/\">sap toplama balyalama makineleri (yuvarlak veya kare balya)<\/a><\/strong> ve <strong><a href=\"https:\/\/balerwrapper.com\/tr\/product\/hay-cutter-and-baler\/\">ezilmi\u015f toplama balyalama makineleri<\/a><\/strong> gibi, bitki kal\u0131nt\u0131lar\u0131n\u0131 ve saman\u0131 elle\u00e7lemek ve y\u00f6netmek i\u00e7in di\u011fer nispeten basit makineler de \u00fcretiyoruz.<\/p>    <figure class=\"wp-block-gallery has-nested-images columns-2 is-cropped wp-block-gallery-2 is-layout-flex wp-block-gallery-is-layout-flex\"> <figure class=\"wp-block-image size-large\"><img loading=\"lazy\" decoding=\"async\" width=\"720\" height=\"540\" data-id=\"507\" src=\"https:\/\/balerwrapper.com\/wp-content\/uploads\/2023\/10\/straw-wrapping-machine.webp\" alt=\"saman sarma makinesi\" class=\"wp-image-507\"\/><figcaption class=\"wp-element-caption\">saman sarma makinesi<\/figcaption><\/figure>    <figure class=\"wp-block-image size-large\"><img loading=\"lazy\" decoding=\"async\" width=\"720\" height=\"540\" data-id=\"508\" src=\"https:\/\/balerwrapper.com\/wp-content\/uploads\/2023\/10\/round-hay-picking-baler-machine.webp\" alt=\"yuvarlak saman toplama balya makinesi\" class=\"wp-image-508\"\/><figcaption class=\"wp-element-caption\">yuvarlak saman toplama balya makinesi<\/figcaption><\/figure>    <figure class=\"wp-block-image size-large\"><img loading=\"lazy\" decoding=\"async\" width=\"720\" height=\"540\" data-id=\"509\" src=\"https:\/\/balerwrapper.com\/wp-content\/uploads\/2023\/10\/square-hay-baler-machine.webp\" alt=\"kare saman balyalama makinesi\" class=\"wp-image-509\"\/><figcaption class=\"wp-element-caption\">kare saman balyalama makinesi<\/figcaption><\/figure>    <figure class=\"wp-block-image size-large\"><img loading=\"lazy\" decoding=\"async\" width=\"720\" height=\"540\" data-id=\"510\" src=\"https:\/\/balerwrapper.com\/wp-content\/uploads\/2023\/10\/hay-cutter-and-baler-machine.webp\" alt=\"saman kesici ve balya makinesi\" class=\"wp-image-510\"\/><figcaption class=\"wp-element-caption\">saman kesici ve balya makinesi<\/figcaption><\/figure> <\/figure>    <p>Saman k\u0131rma paketleme sarma makinelerimiz \u00e7ok pop\u00fcler oldu ve Nijerya, Kenya, Etiyopya, Tanzanya, Hindistan, Banglade\u015f, Vietnam, Endonezya, Brezilya, Arjantin ve daha pek \u00e7ok \u00fclkeye ba\u015far\u0131yla ihra\u00e7 edildi. Hepsi silaj balya makinesi fiyat\u0131m\u0131z ve hizmetimiz vb. konusunda olumlu ve bizimle uzun vadeli i\u015fbirli\u011fi kurmaya istekli.<\/p>","protected":false},"excerpt":{"rendered":"<p>The straw crushing packaging wrapping machine is a kind of agricultural machinery and equipment used for automatically collecting, chopping, baling, and wrapping straw for storage, transportation, and comprehensive utilization. Usually, these processed straws can be used as feed, biomass energy, fertilizer, or soil conditioner. This machine helps to reduce the labor burden of farmers and [&hellip;]<\/p>\n","protected":false},"author":1,"featured_media":512,"parent":0,"template":"","tags":[],"product-type":[7],"class_list":["post-502","product","type-product","status-publish","has-post-thumbnail","hentry","product-type-silage-baler"],"_links":{"self":[{"href":"https:\/\/balerwrapper.com\/tr\/wp-json\/wp\/v2\/product\/502","targetHints":{"allow":["GET"]}}],"collection":[{"href":"https:\/\/balerwrapper.com\/tr\/wp-json\/wp\/v2\/product"}],"about":[{"href":"https:\/\/balerwrapper.com\/tr\/wp-json\/wp\/v2\/types\/product"}],"author":[{"embeddable":true,"href":"https:\/\/balerwrapper.com\/tr\/wp-json\/wp\/v2\/users\/1"}],"wp:featuredmedia":[{"embeddable":true,"href":"https:\/\/balerwrapper.com\/tr\/wp-json\/wp\/v2\/media\/512"}],"wp:attachment":[{"href":"https:\/\/balerwrapper.com\/tr\/wp-json\/wp\/v2\/media?parent=502"}],"wp:term":[{"taxonomy":"post_tag","embeddable":true,"href":"https:\/\/balerwrapper.com\/tr\/wp-json\/wp\/v2\/tags?post=502"},{"taxonomy":"product-type","embeddable":true,"href":"https:\/\/balerwrapper.com\/tr\/wp-json\/wp\/v2\/product-type?post=502"}],"curies":[{"name":"wp","href":"https:\/\/api.w.org\/{rel}","templated":true}]}}