{"id":408,"date":"2022-12-15T13:47:15","date_gmt":"2022-12-15T05:47:15","guid":{"rendered":"https:\/\/balerwrapper.com\/?post_type=product&#038;p=408"},"modified":"2022-12-16T11:43:40","modified_gmt":"2022-12-16T03:43:40","slug":"straw-cutting-machine","status":"publish","type":"product","link":"https:\/\/balerwrapper.com\/tr\/product\/straw-cutting-machine\/","title":{"rendered":"\u0130nek ve at yemi i\u00e7in saman kesme makinesi"},"content":{"rendered":"<div class=\"kk-star-ratings kksr-auto kksr-align-left kksr-valign-top\"     data-payload='{&quot;align&quot;:&quot;left&quot;,&quot;id&quot;:&quot;408&quot;,&quot;slug&quot;:&quot;default&quot;,&quot;valign&quot;:&quot;top&quot;,&quot;ignore&quot;:&quot;&quot;,&quot;reference&quot;:&quot;auto&quot;,&quot;class&quot;:&quot;&quot;,&quot;count&quot;:&quot;28&quot;,&quot;legendonly&quot;:&quot;&quot;,&quot;readonly&quot;:&quot;&quot;,&quot;score&quot;:&quot;4.7&quot;,&quot;starsonly&quot;:&quot;&quot;,&quot;best&quot;:&quot;5&quot;,&quot;gap&quot;:&quot;5&quot;,&quot;greet&quot;:&quot;Rate this product&quot;,&quot;legend&quot;:&quot;4.7\\\/5 - (28 votes)&quot;,&quot;size&quot;:&quot;24&quot;,&quot;title&quot;:&quot;Straw cutting machine for cow and horse feed&quot;,&quot;width&quot;:&quot;133.8&quot;,&quot;_legend&quot;:&quot;{score}\\\/{best} - ({count} {votes})&quot;,&quot;font_factor&quot;:&quot;1.25&quot;}'>              <div class=\"kksr-stars\">      <div class=\"kksr-stars-inactive\">             <div class=\"kksr-star\" data-star=\"1\" style=\"padding-right: 5px\">               <div class=\"kksr-icon\" style=\"width: 24px; height: 24px;\"><\/div>         <\/div>             <div class=\"kksr-star\" data-star=\"2\" style=\"padding-right: 5px\">               <div class=\"kksr-icon\" style=\"width: 24px; height: 24px;\"><\/div>         <\/div>             <div class=\"kksr-star\" data-star=\"3\" style=\"padding-right: 5px\">               <div class=\"kksr-icon\" style=\"width: 24px; height: 24px;\"><\/div>         <\/div>             <div class=\"kksr-star\" data-star=\"4\" style=\"padding-right: 5px\">               <div class=\"kksr-icon\" style=\"width: 24px; height: 24px;\"><\/div>         <\/div>             <div class=\"kksr-star\" data-star=\"5\" style=\"padding-right: 5px\">               <div class=\"kksr-icon\" style=\"width: 24px; height: 24px;\"><\/div>         <\/div>     <\/div>      <div class=\"kksr-stars-active\" style=\"width: 133.8px;\">             <div class=\"kksr-star\" style=\"padding-right: 5px\">               <div class=\"kksr-icon\" style=\"width: 24px; height: 24px;\"><\/div>         <\/div>             <div class=\"kksr-star\" style=\"padding-right: 5px\">               <div class=\"kksr-icon\" style=\"width: 24px; height: 24px;\"><\/div>         <\/div>             <div class=\"kksr-star\" style=\"padding-right: 5px\">               <div class=\"kksr-icon\" style=\"width: 24px; height: 24px;\"><\/div>         <\/div>             <div class=\"kksr-star\" style=\"padding-right: 5px\">               <div class=\"kksr-icon\" style=\"width: 24px; height: 24px;\"><\/div>         <\/div>             <div class=\"kksr-star\" style=\"padding-right: 5px\">               <div class=\"kksr-icon\" style=\"width: 24px; height: 24px;\"><\/div>         <\/div>     <\/div> <\/div>                   <div class=\"kksr-legend\" style=\"font-size: 19.2px;\">             4.7\/5 - (28 oy)    <\/div>     <\/div>  <p>Saman kesme makinesi silaj yapmak i\u00e7in iyi bir yard\u0131mc\u0131d\u0131r. Uzun y\u0131llard\u0131r saman kesiciyi \u00fcretmek zorunda kald\u0131k. Ve silaj saman kesicilerin tam modellerine sahibiz. \u00c7\u0131k\u0131\u015f olarak farkl\u0131d\u0131rlar. <\/p>    <p class=\"translation-block\">Ve \u00f6zellikle 9Z-2.5A'dan 9Z-10A'ya kadar olan modellerde, otomatik sap besleme gibi ek bir i\u015flev bulunmaktad\u0131r. Ve daha k\u00fc\u00e7\u00fck <a href=\"https:\/\/www.agriculture-machine.com\/small-chaff-cutter\/\" target=\"_blank\" rel=\"noopener\">\u00e7\u0131k\u0131\u015fl\u0131 ot do\u011fray\u0131c\u0131lar<\/a>\u0131n malzemeyi manuel olarak beslemesi gerekir.<\/p>    <h2 class=\"wp-block-heading\">Saman kesme makinesinin k\u0131sa tan\u0131t\u0131m\u0131<\/h2>    <p>Saman kesme makinesinde bir ta\u015f\u0131ma band\u0131 bulunmaktad\u0131r. Ve bu bant malzemeleri otomatik olarak k\u0131rma odas\u0131na g\u00f6nderebilir. Bu i\u015flev insanlar\u0131n daha fazla enerji ve zaman tasarrufu yapmas\u0131na yard\u0131mc\u0131 olabilir. Yani verimlilik \u00e7ok y\u00fcksektir. <\/p>    <p>Ayr\u0131ca otomatik saman kesicinin \u00e7\u0131k\u0131\u015f y\u00fcksekli\u011fi, saman kesicinin k\u00fc\u00e7\u00fck modeline g\u00f6re daha y\u00fcksektir. Bu nedenle m\u00fc\u015fterilerin k\u0131r\u0131lm\u0131\u015f silaj\u0131 her yere g\u00f6ndermeleri uygundur. Kullan\u0131c\u0131lar ayr\u0131ca kolay kullan\u0131m i\u00e7in \u00e7\u0131k\u0131\u015f\u0131 y\u00fcksek seviyeye ayarlayabilir.<\/p>    <figure class=\"wp-block-gallery has-nested-images columns-default is-cropped wp-block-gallery-2 is-layout-flex wp-block-gallery-is-layout-flex\"> <figure class=\"wp-block-image size-large\"><img loading=\"lazy\" decoding=\"async\" width=\"720\" height=\"540\" data-id=\"417\" src=\"https:\/\/balerwrapper.com\/wp-content\/uploads\/2022\/12\/straw-cutting-machine-1-1.webp\" alt=\"saman kesme makinas\u0131\" class=\"wp-image-417\" title=\"saman kesme makinas\u0131\"\/><figcaption class=\"wp-element-caption\">saman kesme makinas\u0131<\/figcaption><\/figure>    <figure class=\"wp-block-image size-large\"><img loading=\"lazy\" decoding=\"async\" width=\"720\" height=\"540\" data-id=\"418\" src=\"https:\/\/balerwrapper.com\/wp-content\/uploads\/2022\/12\/electric-hay-cutter-.webp\" alt=\"elektrikli saman saman kesici\" class=\"wp-image-418\" title=\"elektrikli saman saman kesici\"\/><figcaption class=\"wp-element-caption\">elektrikli saman saman kesici<\/figcaption><\/figure> <\/figure>    <h2 class=\"wp-block-heading\">Elektrikli saman saman kesiciyle hangi makineler birlikte \u00e7al\u0131\u015fabilir?<\/h2>    <p class=\"translation-block\">M\u00fc\u015fteriler, saman kesme makinesini <a href=\"https:\/\/balerwrapper.com\/tr\/product\/silage-wrapping-machine\/\">silaj balya sarma makinesi<\/a> veya hidrolik silaj balyalama makinesi ile e\u015fle\u015ftirebilir. \u00c7\u00fcnk\u00fc kullan\u0131c\u0131lar saplar\u0131 do\u011frudan yuvarlak veya kare balyalara d\u00f6n\u00fc\u015ft\u00fcrebilir. Bu nedenle \u00e7ift\u00e7iler i\u00e7in kullan\u0131m\u0131 kolayd\u0131r.<\/p>    <figure class=\"wp-block-gallery has-nested-images columns-default is-cropped wp-block-gallery-3 is-layout-flex wp-block-gallery-is-layout-flex\"> <figure class=\"wp-block-image size-large\"><img loading=\"lazy\" decoding=\"async\" width=\"720\" height=\"540\" data-id=\"419\" src=\"https:\/\/balerwrapper.com\/wp-content\/uploads\/2022\/12\/paddy-straw-cutting-machine-.webp\" alt=\"silaj balya sar\u0131c\u0131\" class=\"wp-image-419\" title=\"silaj balya sar\u0131c\u0131\"\/><figcaption class=\"wp-element-caption\">silaj balya sar\u0131c\u0131<\/figcaption><\/figure> <\/figure>    <h2 class=\"wp-block-heading\">Fil \u00e7im kesme makinesinin teknik bilgi verileri<\/h2>    <figure class=\"wp-block-table\"><table><tbody><tr><td>Modeli<\/td><td>9Z-2.5A<\/td><\/tr><tr><td>Destekleyici g\u00fc\u00e7<\/td><td>3kW motor<\/td><\/tr><tr><td>Motor h\u0131z\u0131<\/td><td>2800 devir\/dakika<\/td><\/tr><tr><td>Boyut<\/td><td>1050*1180*1600MM<\/td><\/tr><tr><td>\u00c7\u0131k\u0131\u015f<\/td><td>2500kg\/saat<\/td><\/tr><tr><td>B\u0131\u00e7ak say\u0131s\u0131<\/td><td>6 adet<\/td><\/tr><tr><td>Besleme y\u00f6ntemi<\/td><td>Otomatik besleme<\/td><\/tr><tr><td>A\u011f\u0131rl\u0131k<\/td><td>125kg<\/td><\/tr><tr><td>\u00c7\u0131k\u0131\u015f etkisi<\/td><td>7-35MM uzunluk<\/td><\/tr><\/tbody><\/table><figcaption class=\"wp-element-caption\">fil ele\u011fi kesme makinesinin parametreleri<\/figcaption><\/figure>    <h2 class=\"wp-block-heading\">Yem kesme makinesinin avantajlar\u0131<\/h2>    <ol class=\"wp-block-list\" type=\"1\"> <li>Y\u00fcksek kapasite. 9Z serisi otomatik saman kesme makineleri daha y\u00fcksek verimlere sahiptir. Ve en d\u00fc\u015f\u00fck kapasite 2,5 tondur.<\/li>    <li>Kullan\u0131m\u0131 daha kolay. Bu modelin makinesi otomatik bir sap g\u00f6nderme konvey\u00f6r\u00fcne sahip. Kullan\u0131c\u0131lar\u0131n sadece saplar\u0131 konvey\u00f6r\u00fcn \u00fczerine koymalar\u0131 gerekiyor. &nbsp;<\/li>    <li>G\u00fc\u00e7 \u00e7e\u015fitlili\u011fi. Otomatik k\u0131yma makinesi dizel, benzinli veya motorlu motorla \u00e7al\u0131\u015fabilmektedir.<\/li>    <li>Geni\u015f kullan\u0131m uygulamas\u0131. Saman kesici, sap\u0131n, saman\u0131n, otun vb. \u00e7o\u011funu i\u015fleyebilir. Ayr\u0131ca \u00e7e\u015fitli \u00e7ift\u00e7iler ve yem fabrikalar\u0131 taraf\u0131ndan da kullan\u0131labilir.<\/li> <\/ol>    <figure class=\"wp-block-image size-full\"><img loading=\"lazy\" decoding=\"async\" width=\"720\" height=\"540\" src=\"https:\/\/balerwrapper.com\/wp-content\/uploads\/2022\/12\/fodder-cutting-machine-.webp\" alt=\"\" class=\"wp-image-427\"\/><figcaption class=\"wp-element-caption\">yem kesme makinesi<\/figcaption><\/figure>    <h2 class=\"wp-block-heading\">\u00c7im par\u00e7alama makinesinin \u00e7al\u0131\u015fma videosu<\/h2>    <figure class=\"wp-block-embed is-type-video is-provider-youtube wp-block-embed-youtube wp-embed-aspect-16-9 wp-has-aspect-ratio\"><div class=\"wp-block-embed__wrapper\"> <iframe loading=\"lazy\" title=\"Filipin saman kesici makinesi\/\u00e7im kesme makinesi\/saman kesici makinesi\/m\u0131s\u0131r sap\u0131 kesici\" width=\"500\" height=\"281\" src=\"https:\/\/www.youtube.com\/embed\/YGkQjesfISA?feature=oembed\" frameborder=\"0\" allow=\"accelerometer; autoplay; clipboard-write; encrypted-media; gyroscope; picture-in-picture; web-share\" referrerpolicy=\"strict-origin-when-cross-origin\" allowfullscreen><\/iframe> <\/div><\/figure>    <h2 class=\"wp-block-heading\">Neden inek yemi kesme makinemizi se\u00e7melisiniz?<\/h2>    <ol class=\"wp-block-list\" type=\"1\"> <li>T\u00fcm makineleri ekstra a\u011f\u0131r \u00e7elik levha kullanarak \u00fcretiyoruz. Bu nedenle yem kesici makinalar dayan\u0131kl\u0131d\u0131r. Yani servis \u00f6mr\u00fc daha uzundur.<\/li>    <li>Motor bak\u0131rd\u0131r. B\u00f6ylece motor g\u00fc\u00e7l\u00fc bir g\u00fc\u00e7 sa\u011flayabilir ve makine stabil bir \u015fekilde \u00e7al\u0131\u015fabilir.<\/li>    <li>Ta\u015f\u0131mas\u0131 kolay. Otomatik saman kesicimiz her yere hareket edebilen tekerleklere sahiptir.<\/li>    <li>D\u00fc\u015f\u00fck g\u00fcr\u00fclt\u00fc ve enerji tasarrufu. \u00c7eltik saman\u0131 kesme makinesi \u00e7al\u0131\u015f\u0131rken \u00e7ok az ses duyulur. Ve di\u011fer makinelere g\u00f6re daha az enerji t\u00fcketir.<\/li> <\/ol>    <figure class=\"wp-block-image size-full\"><img loading=\"lazy\" decoding=\"async\" width=\"720\" height=\"540\" src=\"https:\/\/balerwrapper.com\/wp-content\/uploads\/2022\/12\/cow-feed-cutting-machine-.webp\" alt=\"inek yemi kesme makinas\u0131\" class=\"wp-image-429\" title=\"inek yemi kesme makinas\u0131\"\/><figcaption class=\"wp-element-caption\">inek yemi kesme makinas\u0131<\/figcaption><\/figure>","protected":false},"excerpt":{"rendered":"<p>Saman kesme makinesi silaj yapmak i\u00e7in iyi bir yard\u0131mc\u0131d\u0131r. Uzun y\u0131llard\u0131r saman kesiciyi \u00fcretmek zorunda kald\u0131k.<\/p>","protected":false},"author":1,"featured_media":416,"parent":0,"template":"","tags":[],"product-type":[6],"class_list":["post-408","product","type-product","status-publish","has-post-thumbnail","hentry","product-type-chaff-cutter"],"_links":{"self":[{"href":"https:\/\/balerwrapper.com\/tr\/wp-json\/wp\/v2\/product\/408","targetHints":{"allow":["GET"]}}],"collection":[{"href":"https:\/\/balerwrapper.com\/tr\/wp-json\/wp\/v2\/product"}],"about":[{"href":"https:\/\/balerwrapper.com\/tr\/wp-json\/wp\/v2\/types\/product"}],"author":[{"embeddable":true,"href":"https:\/\/balerwrapper.com\/tr\/wp-json\/wp\/v2\/users\/1"}],"wp:featuredmedia":[{"embeddable":true,"href":"https:\/\/balerwrapper.com\/tr\/wp-json\/wp\/v2\/media\/416"}],"wp:attachment":[{"href":"https:\/\/balerwrapper.com\/tr\/wp-json\/wp\/v2\/media?parent=408"}],"wp:term":[{"taxonomy":"post_tag","embeddable":true,"href":"https:\/\/balerwrapper.com\/tr\/wp-json\/wp\/v2\/tags?post=408"},{"taxonomy":"product-type","embeddable":true,"href":"https:\/\/balerwrapper.com\/tr\/wp-json\/wp\/v2\/product-type?post=408"}],"curies":[{"name":"wp","href":"https:\/\/api.w.org\/{rel}","templated":true}]}}