{"id":383,"date":"2022-11-16T16:06:09","date_gmt":"2022-11-16T08:06:09","guid":{"rendered":"https:\/\/balerwrapper.com\/?post_type=product&#038;p=383"},"modified":"2024-05-31T16:14:26","modified_gmt":"2024-05-31T08:14:26","slug":"silage-chopper","status":"publish","type":"product","link":"https:\/\/balerwrapper.com\/tr\/product\/silage-chopper\/","title":{"rendered":"Profesyonel Silaj K\u0131y\u0131c\u0131 Saman Kesme Makinas\u0131"},"content":{"rendered":"<div class=\"kk-star-ratings kksr-auto kksr-align-left kksr-valign-top\"     data-payload='{&quot;align&quot;:&quot;left&quot;,&quot;id&quot;:&quot;383&quot;,&quot;slug&quot;:&quot;default&quot;,&quot;valign&quot;:&quot;top&quot;,&quot;ignore&quot;:&quot;&quot;,&quot;reference&quot;:&quot;auto&quot;,&quot;class&quot;:&quot;&quot;,&quot;count&quot;:&quot;90&quot;,&quot;legendonly&quot;:&quot;&quot;,&quot;readonly&quot;:&quot;&quot;,&quot;score&quot;:&quot;4.8&quot;,&quot;starsonly&quot;:&quot;&quot;,&quot;best&quot;:&quot;5&quot;,&quot;gap&quot;:&quot;5&quot;,&quot;greet&quot;:&quot;Rate this product&quot;,&quot;legend&quot;:&quot;4.8\\\/5 - (90 votes)&quot;,&quot;size&quot;:&quot;24&quot;,&quot;title&quot;:&quot;Professional Silage Chopper Straw Cutting Machine&quot;,&quot;width&quot;:&quot;136.7&quot;,&quot;_legend&quot;:&quot;{score}\\\/{best} - ({count} {votes})&quot;,&quot;font_factor&quot;:&quot;1.25&quot;}'>              <div class=\"kksr-stars\">      <div class=\"kksr-stars-inactive\">             <div class=\"kksr-star\" data-star=\"1\" style=\"padding-right: 5px\">               <div class=\"kksr-icon\" style=\"width: 24px; height: 24px;\"><\/div>         <\/div>             <div class=\"kksr-star\" data-star=\"2\" style=\"padding-right: 5px\">               <div class=\"kksr-icon\" style=\"width: 24px; height: 24px;\"><\/div>         <\/div>             <div class=\"kksr-star\" data-star=\"3\" style=\"padding-right: 5px\">               <div class=\"kksr-icon\" style=\"width: 24px; height: 24px;\"><\/div>         <\/div>             <div class=\"kksr-star\" data-star=\"4\" style=\"padding-right: 5px\">               <div class=\"kksr-icon\" style=\"width: 24px; height: 24px;\"><\/div>         <\/div>             <div class=\"kksr-star\" data-star=\"5\" style=\"padding-right: 5px\">               <div class=\"kksr-icon\" style=\"width: 24px; height: 24px;\"><\/div>         <\/div>     <\/div>      <div class=\"kksr-stars-active\" style=\"width: 136.7px;\">             <div class=\"kksr-star\" style=\"padding-right: 5px\">               <div class=\"kksr-icon\" style=\"width: 24px; height: 24px;\"><\/div>         <\/div>             <div class=\"kksr-star\" style=\"padding-right: 5px\">               <div class=\"kksr-icon\" style=\"width: 24px; height: 24px;\"><\/div>         <\/div>             <div class=\"kksr-star\" style=\"padding-right: 5px\">               <div class=\"kksr-icon\" style=\"width: 24px; height: 24px;\"><\/div>         <\/div>             <div class=\"kksr-star\" style=\"padding-right: 5px\">               <div class=\"kksr-icon\" style=\"width: 24px; height: 24px;\"><\/div>         <\/div>             <div class=\"kksr-star\" style=\"padding-right: 5px\">               <div class=\"kksr-icon\" style=\"width: 24px; height: 24px;\"><\/div>         <\/div>     <\/div> <\/div>                   <div class=\"kksr-legend\" style=\"font-size: 19.2px;\">             4.8\/5 - (90 oy)    <\/div>     <\/div>  <p>Silaj k\u0131y\u0131c\u0131, \u00e7e\u015fitli bitki samanlar\u0131n\u0131 ezebilen bir makinedir. \u0130nsanlar bu saman kesme makinesini s\u0131\u011f\u0131r, koyun, at, domuz ve di\u011fer hayvanlar\u0131 beslemek i\u00e7in her t\u00fcrl\u00fc saman yemini ezmek i\u00e7in kullan\u0131yor. B\u00fcy\u00fck miktarda yemin manuel olarak i\u015flenmesi zaman ve emek gerektirir. Bu nedenle yem otlar\u0131n\u0131 i\u015flemek i\u00e7in saman kesme makinesi kullanmak iyi bir se\u00e7imdir. Fabrikam\u0131z maksimum 6T\/H kapasiteye sahip farkl\u0131 modellerde makineler \u00fcretmektedir.<\/p>    <figure class=\"wp-block-embed aligncenter is-type-video is-provider-youtube wp-block-embed-youtube wp-embed-aspect-16-9 wp-has-aspect-ratio\"><div class=\"wp-block-embed__wrapper\"> <iframe loading=\"lazy\" title=\"6 t\/h saman kesici\/\u00e7im kesme makinesi\/\u00e7im kesici\/hayvanlar i\u00e7in saman ve saman kesici\" width=\"500\" height=\"281\" src=\"https:\/\/www.youtube.com\/embed\/pjBWCWVfv4E?start=1&#038;feature=oembed\" frameborder=\"0\" allow=\"accelerometer; autoplay; clipboard-write; encrypted-media; gyroscope; picture-in-picture; web-share\" referrerpolicy=\"strict-origin-when-cross-origin\" allowfullscreen><\/iframe> <\/div><figcaption class=\"wp-element-caption\">silaj saman kesici makine \u00e7al\u0131\u015fma alan\u0131<\/figcaption><\/figure>    <p class=\"translation-block\">Ayr\u0131ca <a href=\"https:\/\/balerwrapper.com\/tr\/product\/corn-silage-baler-machine\/\">silaj balyalama ve sarma makineleri<\/a> de \u00fcretiyoruz. \u0130nsanlar bu makineleri uzun s\u00fcreli depolama i\u00e7in fazla yemi balyalama amac\u0131yla kullanabilirler.<\/p>    <h2 class=\"wp-block-heading\">Taizy'nin silaj do\u011fray\u0131c\u0131 makineleri<\/h2>    <p>Taizy'nin \u00fcretti\u011fi silaj k\u0131y\u0131c\u0131lar\u0131n\u0131n \u00fc\u00e7 modeli bulunmaktad\u0131r. Her modelin \u00e7\u0131k\u0131\u015f\u0131 farkl\u0131d\u0131r; \u00fc\u00e7 tip \u00e7\u0131k\u0131\u015f vard\u0131r: 3T\/H, 4T\/H ve 6T\/H. M\u00fc\u015fteriler ihtiya\u00e7lar\u0131na g\u00f6re se\u00e7im yapabilirler. Saman kesicilerimiz bir ta\u015f\u0131ma band\u0131na sahiptir. Konvey\u00f6r band\u0131, hammaddeleri saman kesme odas\u0131na otomatik olarak g\u00f6ndererek kullan\u0131c\u0131n\u0131n silaj k\u0131y\u0131c\u0131y\u0131 daha fazla i\u015f g\u00fcc\u00fc tasarrufu ve daha verimli kullanmas\u0131na yard\u0131mc\u0131 olur.<\/p>    <figure class=\"wp-block-gallery aligncenter has-nested-images columns-default is-cropped wp-block-gallery-2 is-layout-flex wp-block-gallery-is-layout-flex\"> <figure class=\"wp-block-image size-large\"><img loading=\"lazy\" decoding=\"async\" width=\"720\" height=\"540\" data-id=\"387\" src=\"https:\/\/balerwrapper.com\/wp-content\/uploads\/2022\/11\/silage-chopper-.webp\" alt=\"silaj k\u0131y\u0131c\u0131\" class=\"wp-image-387\" title=\"silaj k\u0131y\u0131c\u0131\"\/><figcaption class=\"wp-element-caption\">silaj k\u0131y\u0131c\u0131<\/figcaption><\/figure>    <figure class=\"wp-block-image size-large\"><img loading=\"lazy\" decoding=\"async\" width=\"720\" height=\"540\" data-id=\"388\" src=\"https:\/\/balerwrapper.com\/wp-content\/uploads\/2022\/11\/straw-cutting-machine-.webp\" alt=\"saman kesme makinas\u0131 \" class=\"wp-image-388\" title=\"saman kesme makinas\u0131 \"\/><figcaption class=\"wp-element-caption\">saman kesme makinas\u0131 <\/figcaption><\/figure> <\/figure>    <h2 class=\"wp-block-heading\">Saman kesme makinesinin kullanabilece\u011fi malzemeler<\/h2>    <p>Silaj k\u0131y\u0131c\u0131 taraf\u0131ndan i\u015flenen malzemeler pamuk saplar\u0131, m\u0131s\u0131r saplar\u0131, sorgum saplar\u0131, bu\u011fday saplar\u0131, pirin\u00e7 samanlar\u0131 vb. olabilir.<\/p>    <p class=\"translation-block\"><strong>Uygulama<\/strong>: Domuz, s\u0131\u011f\u0131r, koyun, at, e\u015fek, tav\u015fan, tavuk, \u00f6rdek, kaz vb. besleme.<\/p>    <p class=\"translation-block\"><strong>Yem \u00d6zellikleri<\/strong>: Yem \u00f6nce yo\u011frulup sonra tekrar yo\u011fruldu\u011fu i\u00e7in bu makine ile i\u015flenen malzeme daha k\u0131sa ve flok\u00fclerdir.<\/p>   <div class=\"wp-block-image\"> <figure class=\"aligncenter size-full\"><img loading=\"lazy\" decoding=\"async\" width=\"720\" height=\"540\" src=\"https:\/\/balerwrapper.com\/wp-content\/uploads\/2022\/11\/finished-silage-.webp\" alt=\"bitmi\u015f silaj \" class=\"wp-image-386\" title=\"bitmi\u015f silaj \"\/><figcaption class=\"wp-element-caption\">bitmi\u015f silaj <\/figcaption><\/figure> <\/div>   <h2 class=\"wp-block-heading\">\u00c7im saman kesicinin teknik parametreleri<\/h2>    <figure class=\"wp-block-table is-style-stripes\"><table><tbody><tr><td>Modeli<\/td><td>9RSZ-3<\/td><\/tr><tr><td>G\u00fc\u00e7<\/td><td>190F benzinli motor<\/td><\/tr><tr><td>Kapasite<\/td><td>3000kg\/saat<\/td><\/tr><tr><td>A\u011f\u0131rl\u0131k<\/td><td>100kg<\/td><\/tr><tr><td>Modeli<\/td><td>9RSZ-4<\/td><\/tr><tr><td>G\u00fc\u00e7<\/td><td>4kw motor, 8hp<\/td><\/tr><tr><td>Kapasite<\/td><td>4000kg\/saat<\/td><\/tr><tr><td>A\u011f\u0131rl\u0131k<\/td><td>170kg<\/td><\/tr><tr><td>Boyut<\/td><td>2000*600*920mm<\/td><\/tr><tr><td>Modeli<\/td><td>9RSZ-6<\/td><\/tr><tr><td>G\u00fc\u00e7<\/td><td>7.5kw motor, 15hp<\/td><\/tr><tr><td>Kapasite<\/td><td>6000kg\/saat<\/td><\/tr><tr><td>A\u011f\u0131rl\u0131k<\/td><td>230kg<\/td><\/tr><tr><td>Boyut<\/td><td>2000*700*980mm<\/td><\/tr><\/tbody><\/table><figcaption class=\"wp-element-caption\">\u00e7im saman kesici teknik veriler<\/figcaption><\/figure>    <h2 class=\"wp-block-heading\">Saman kesici nas\u0131l \u00e7al\u0131\u015f\u0131r\uff1f<\/h2>    <figure class=\"wp-block-embed aligncenter is-type-video is-provider-youtube wp-block-embed-youtube wp-embed-aspect-4-3 wp-has-aspect-ratio\"><div class=\"wp-block-embed__wrapper\"> <iframe loading=\"lazy\" title=\"Hayvan yemi i\u00e7in saman kesici\/\u00e7im kesici makine\/saman kesici\/saman kesme makinesi.\" width=\"500\" height=\"375\" src=\"https:\/\/www.youtube.com\/embed\/zEIdHhlR2z8?feature=oembed\" frameborder=\"0\" allow=\"accelerometer; autoplay; clipboard-write; encrypted-media; gyroscope; picture-in-picture; web-share\" referrerpolicy=\"strict-origin-when-cross-origin\" allowfullscreen><\/iframe> <\/div><figcaption class=\"wp-element-caption\">silaj kesme makinas\u0131 \u00e7al\u0131\u015fma videosu<\/figcaption><\/figure>    <h2 class=\"wp-block-heading\">Hayvan yemi saman k\u0131r\u0131c\u0131n\u0131n \u00e7al\u0131\u015fma prensibi<\/h2>    <p>\u0130nsanlar giri\u015fe malzeme koyuyor. Daha sonra konvey\u00f6r band\u0131 d\u00f6nerek malzemeyi kesme cihaz\u0131na getirir. Daha sonra y\u00fcksek h\u0131zda d\u00f6nen b\u0131\u00e7ak, kesme, k\u0131rma ve ta\u015flama i\u00e7in bir \u00e7eki\u00e7le birle\u015ftirilir. \u00c7ekicin ve di\u015f plakas\u0131n\u0131n g\u00f6receli hareketi, malzemeyi par\u00e7alar ve lifler halinde yo\u011furur ve fan taraf\u0131ndan makinenin d\u0131\u015f\u0131na at\u0131l\u0131r.<\/p>   <div class=\"wp-block-image\"> <figure class=\"aligncenter size-full\"><img loading=\"lazy\" decoding=\"async\" width=\"720\" height=\"540\" src=\"https:\/\/balerwrapper.com\/wp-content\/uploads\/2022\/11\/grass-chaff-cutter-.webp\" alt=\"\u00e7im saman kesici\" class=\"wp-image-397\" title=\"\u00e7im saman kesici\"\/><figcaption class=\"wp-element-caption\">\u00e7im saman kesici<\/figcaption><\/figure> <\/div>   <h2 class=\"wp-block-heading\">Saman k\u0131rma makinesinin g\u00fcc\u00fc<\/h2>    <p>Farkl\u0131 saman k\u0131r\u0131c\u0131 modelleri farkl\u0131 g\u00fc\u00e7lere sahiptir. Silaj k\u0131y\u0131c\u0131, elektrik motoru, benzinli motor ve dizel motor olmak \u00fczere \u00fc\u00e7 g\u00fc\u00e7le donat\u0131labilir. M\u00fc\u015fteriler iste\u011fe g\u00f6re se\u00e7im yapabilir.<\/p>    <figure class=\"wp-block-gallery has-nested-images columns-default is-cropped wp-block-gallery-3 is-layout-flex wp-block-gallery-is-layout-flex\"> <figure class=\"wp-block-image size-large\"><img loading=\"lazy\" decoding=\"async\" width=\"720\" height=\"540\" data-id=\"389\" src=\"https:\/\/balerwrapper.com\/wp-content\/uploads\/2022\/11\/straw-crusher-with-diesel-power-.webp\" alt=\"dizel motorlu saman k\u0131r\u0131c\u0131\" class=\"wp-image-389\" title=\"dizel motorlu saman k\u0131r\u0131c\u0131\"\/><figcaption class=\"wp-element-caption\">dizel motorlu saman k\u0131r\u0131c\u0131<\/figcaption><\/figure>    <figure class=\"wp-block-image size-large\"><img loading=\"lazy\" decoding=\"async\" width=\"720\" height=\"540\" data-id=\"390\" src=\"https:\/\/balerwrapper.com\/wp-content\/uploads\/2022\/11\/silage-chopper-with-gasoline-engine-.webp\" alt=\"Benzinli motorlu silaj k\u0131y\u0131c\u0131 \" class=\"wp-image-390\" title=\"Benzinli motorlu silaj k\u0131y\u0131c\u0131 \"\/><figcaption class=\"wp-element-caption\">Benzinli motorlu silaj k\u0131y\u0131c\u0131<\/figcaption><\/figure> <\/figure>    <h2 class=\"wp-block-heading\">Silaj do\u011fray\u0131c\u0131n\u0131n yap\u0131s\u0131 hakk\u0131nda ne dersiniz?<\/h2>    <p>Saman k\u0131rma makinesi esas olarak bir besleme yap\u0131s\u0131, \u00e7er\u00e7eve, kasa, saman yo\u011furma sistemi, \u00e7\u0131k\u0131\u015f, g\u00fc\u00e7 ve di\u011fer par\u00e7alar\u0131 i\u00e7erir.<\/p>    <figure class=\"wp-block-gallery has-nested-images columns-default is-cropped wp-block-gallery-4 is-layout-flex wp-block-gallery-is-layout-flex\"> <figure class=\"wp-block-image size-large\"><img loading=\"lazy\" decoding=\"async\" width=\"720\" height=\"540\" data-id=\"391\" src=\"https:\/\/balerwrapper.com\/wp-content\/uploads\/2022\/11\/inner-structuer-of-the-hay-chaff-cutter.webp\" alt=\"saman saman kesicinin i\u00e7 yap\u0131s\u0131\" class=\"wp-image-391\" title=\"saman saman kesicinin i\u00e7 yap\u0131s\u0131\"\/><figcaption class=\"wp-element-caption\">saman saman kesicinin i\u00e7 yap\u0131s\u0131<\/figcaption><\/figure>    <figure class=\"wp-block-image size-large\"><img loading=\"lazy\" decoding=\"async\" width=\"720\" height=\"540\" data-id=\"392\" src=\"https:\/\/balerwrapper.com\/wp-content\/uploads\/2022\/11\/straw-crusher-.webp\" alt=\"saman k\u0131r\u0131c\u0131 \" class=\"wp-image-392\" title=\"saman k\u0131r\u0131c\u0131 \"\/><figcaption class=\"wp-element-caption\">saman k\u0131r\u0131c\u0131 <\/figcaption><\/figure> <\/figure>    <h2 class=\"wp-block-heading\">Saman saman kesicinin avantajlar\u0131<\/h2>    <ul class=\"wp-block-list\"> <li>Saman saman kesici, istikrarl\u0131 bir \u015fekilde \u00e7al\u0131\u015fan ve ta\u015f\u0131nmas\u0131 kolay bir \u00e7elik yap\u0131 \u00e7er\u00e7evesidir.<\/li>    <li>Makinenin b\u0131\u00e7aklar\u0131 ve \u00e7eki\u00e7leri a\u015f\u0131nmaya dayan\u0131kl\u0131 \u00e7elikten yap\u0131lm\u0131\u015f, \u00f6zel teknoloji ile i\u015flenmi\u015f, a\u015f\u0131nmaya dayan\u0131kl\u0131 ve uzun \u00f6m\u00fcrl\u00fcd\u00fcr.<\/li>    <li>Pipetin s\u00fcrt\u00fcnme etkisi iyidir ve malzemeler filamentler halinde ezilebilir.<\/li>    <li>Saman kesici, otomatik \u00e7im besleme silindiri cihaz\u0131na, otomatik beslemeye, d\u00fczg\u00fcn \u00e7im beslemeye ve y\u00fcksek \u00fcretim verimlili\u011fine sahiptir.<\/li>    <li>Saman kesicinin bo\u015faltma portunun y\u00fcksekli\u011fi ayarlanabilir, bu da esnek ve kullan\u0131m\u0131 kolayd\u0131r.<\/li> <\/ul>    <figure class=\"wp-block-gallery has-nested-images columns-default is-cropped wp-block-gallery-5 is-layout-flex wp-block-gallery-is-layout-flex\"> <figure class=\"wp-block-image size-large\"><img loading=\"lazy\" decoding=\"async\" width=\"720\" height=\"540\" data-id=\"393\" src=\"https:\/\/balerwrapper.com\/wp-content\/uploads\/2022\/11\/hay-chaff-cutter-.webp\" alt=\"saman kesici\" class=\"wp-image-393\" title=\"saman kesici\"\/><figcaption class=\"wp-element-caption\">saman kesici<\/figcaption><\/figure>    <figure class=\"wp-block-image size-large\"><img loading=\"lazy\" decoding=\"async\" width=\"720\" height=\"540\" data-id=\"394\" src=\"https:\/\/balerwrapper.com\/wp-content\/uploads\/2022\/11\/animal-feed-hay-crusher-.webp\" alt=\"hayvan yemi saman k\u0131r\u0131c\u0131\" class=\"wp-image-394\" title=\"hayvan yemi saman k\u0131r\u0131c\u0131\"\/><figcaption class=\"wp-element-caption\">hayvan yemi saman k\u0131r\u0131c\u0131<\/figcaption><\/figure> <\/figure>    <h2 class=\"wp-block-heading\">Saman k\u0131r\u0131c\u0131 Zimbabve'ye sat\u0131ld\u0131<\/h2>    <p class=\"translation-block\">Bu hafta <a href=\"https:\/\/en.wikipedia.org\/wiki\/Zimbabwe\" target=\"_blank\" rel=\"noopener\">Zimbabve<\/a>'den bir m\u00fc\u015fteri bizden 9RSZ-6 silaj do\u011fray\u0131c\u0131 sat\u0131n ald\u0131. M\u00fc\u015fteri makineyi kendisi kullan\u0131yor. Bir koyun yeti\u015ftirme fabrikas\u0131 sahibidir. Yemi daha h\u0131zl\u0131 i\u015flemek i\u00e7in m\u00fc\u015fteri bir saman kesici sat\u0131n almak istiyor. M\u00fc\u015fterilerle ileti\u015fim s\u00fcrecinde, makinenin saatte be\u015f tona ula\u015fmas\u0131 gerekti\u011fini \u00f6\u011frendik. Bu nedenle 9RSZ-6 yem yo\u011furma makinesini \u00f6nerdik. M\u00fc\u015fteri, sa\u011flad\u0131\u011f\u0131m\u0131z t\u00fcm bilgileri okuduktan sonra sipari\u015f vermeye karar verdi.<\/p>    <figure class=\"wp-block-gallery has-nested-images columns-default is-cropped wp-block-gallery-6 is-layout-flex wp-block-gallery-is-layout-flex\"> <figure class=\"wp-block-image size-large\"><img loading=\"lazy\" decoding=\"async\" width=\"720\" height=\"540\" data-id=\"395\" src=\"https:\/\/balerwrapper.com\/wp-content\/uploads\/2022\/11\/wooden-case-packing-of-the-hay-cutting-machine-.webp\" alt=\"Saman kesme makinesinin tahta sand\u0131k ambalaj\u0131 \" class=\"wp-image-395\" title=\"Saman kesme makinesinin tahta sand\u0131k ambalaj\u0131 \"\/><figcaption class=\"wp-element-caption\">Saman kesme makinesinin tahta sand\u0131k ambalaj\u0131<\/figcaption><\/figure>    <figure class=\"wp-block-image size-large\"><img loading=\"lazy\" decoding=\"async\" width=\"720\" height=\"540\" data-id=\"396\" src=\"https:\/\/balerwrapper.com\/wp-content\/uploads\/2022\/11\/shipping-of-the-straw-crusher-machine-.webp\" alt=\"saman k\u0131rma makinesinin nakliyesi\" class=\"wp-image-396\" title=\"saman k\u0131rma makinesinin nakliyesi\"\/><figcaption class=\"wp-element-caption\">saman k\u0131rma makinesinin nakliyesi<\/figcaption><\/figure> <\/figure>    <p class=\"translation-block\">Se\u00e7ebilece\u011finiz daha bir\u00e7ok farkl\u0131 t\u00fcrde yem k\u0131y\u0131c\u0131 makinemiz var, t\u0131klayarak g\u00f6z atabilirsiniz: <strong><em><a href=\"https:\/\/balerwrapper.com\/tr\/products\/chaff-cutter\/\">https:\/\/balerwrapper.com\/products\/chaff-cutter\/<\/a><\/em><\/strong>. Makinelerin daha fazla foto\u011fraf\u0131 ve ayr\u0131nt\u0131l\u0131 bilgileri i\u00e7in bizimle ileti\u015fime ge\u00e7mekten \u00e7ekinmeyin.<\/p>","protected":false},"excerpt":{"rendered":"<p>Silaj k\u0131y\u0131c\u0131 \u00e7e\u015fitli bitki saplar\u0131n\u0131 k\u0131rabilen bir makinedir. Genellikle silaj kesme ve i\u015fleme sanayinde kullan\u0131l\u0131r.<\/p>","protected":false},"author":1,"featured_media":399,"parent":0,"template":"","tags":[40,39,35],"product-type":[6],"class_list":["post-383","product","type-product","status-publish","has-post-thumbnail","hentry","tag-grass","tag-hay","tag-silage","product-type-chaff-cutter"],"_links":{"self":[{"href":"https:\/\/balerwrapper.com\/tr\/wp-json\/wp\/v2\/product\/383","targetHints":{"allow":["GET"]}}],"collection":[{"href":"https:\/\/balerwrapper.com\/tr\/wp-json\/wp\/v2\/product"}],"about":[{"href":"https:\/\/balerwrapper.com\/tr\/wp-json\/wp\/v2\/types\/product"}],"author":[{"embeddable":true,"href":"https:\/\/balerwrapper.com\/tr\/wp-json\/wp\/v2\/users\/1"}],"wp:featuredmedia":[{"embeddable":true,"href":"https:\/\/balerwrapper.com\/tr\/wp-json\/wp\/v2\/media\/399"}],"wp:attachment":[{"href":"https:\/\/balerwrapper.com\/tr\/wp-json\/wp\/v2\/media?parent=383"}],"wp:term":[{"taxonomy":"post_tag","embeddable":true,"href":"https:\/\/balerwrapper.com\/tr\/wp-json\/wp\/v2\/tags?post=383"},{"taxonomy":"product-type","embeddable":true,"href":"https:\/\/balerwrapper.com\/tr\/wp-json\/wp\/v2\/product-type?post=383"}],"curies":[{"name":"wp","href":"https:\/\/api.w.org\/{rel}","templated":true}]}}