{"id":1283,"date":"2026-04-23T16:24:01","date_gmt":"2026-04-23T08:24:01","guid":{"rendered":"https:\/\/balerwrapper.com\/?post_type=product&#038;p=1283"},"modified":"2026-04-23T17:04:13","modified_gmt":"2026-04-23T09:04:13","slug":"forage-hay-baler-wrapper","status":"publish","type":"product","link":"https:\/\/balerwrapper.com\/tr\/product\/forage-hay-baler-wrapper\/","title":{"rendered":"9YDB-90 Ot Balya Sar\u0131c\u0131 | Yem Balyalama Sarma Makinesi"},"content":{"rendered":"<div class=\"kk-star-ratings kksr-auto kksr-align-left kksr-valign-top\"     data-payload='{&quot;align&quot;:&quot;left&quot;,&quot;id&quot;:&quot;1283&quot;,&quot;slug&quot;:&quot;default&quot;,&quot;valign&quot;:&quot;top&quot;,&quot;ignore&quot;:&quot;&quot;,&quot;reference&quot;:&quot;auto&quot;,&quot;class&quot;:&quot;&quot;,&quot;count&quot;:&quot;84&quot;,&quot;legendonly&quot;:&quot;&quot;,&quot;readonly&quot;:&quot;&quot;,&quot;score&quot;:&quot;4.6&quot;,&quot;starsonly&quot;:&quot;&quot;,&quot;best&quot;:&quot;5&quot;,&quot;gap&quot;:&quot;5&quot;,&quot;greet&quot;:&quot;Rate this product&quot;,&quot;legend&quot;:&quot;4.6\\\/5 - (84 votes)&quot;,&quot;size&quot;:&quot;24&quot;,&quot;title&quot;:&quot;9YDB-90 Hay Baler Wrapper | Forage Baling Wrapping Machine&quot;,&quot;width&quot;:&quot;130.9&quot;,&quot;_legend&quot;:&quot;{score}\\\/{best} - ({count} {votes})&quot;,&quot;font_factor&quot;:&quot;1.25&quot;}'>              <div class=\"kksr-stars\">      <div class=\"kksr-stars-inactive\">             <div class=\"kksr-star\" data-star=\"1\" style=\"padding-right: 5px\">               <div class=\"kksr-icon\" style=\"width: 24px; height: 24px;\"><\/div>         <\/div>             <div class=\"kksr-star\" data-star=\"2\" style=\"padding-right: 5px\">               <div class=\"kksr-icon\" style=\"width: 24px; height: 24px;\"><\/div>         <\/div>             <div class=\"kksr-star\" data-star=\"3\" style=\"padding-right: 5px\">               <div class=\"kksr-icon\" style=\"width: 24px; height: 24px;\"><\/div>         <\/div>             <div class=\"kksr-star\" data-star=\"4\" style=\"padding-right: 5px\">               <div class=\"kksr-icon\" style=\"width: 24px; height: 24px;\"><\/div>         <\/div>             <div class=\"kksr-star\" data-star=\"5\" style=\"padding-right: 5px\">               <div class=\"kksr-icon\" style=\"width: 24px; height: 24px;\"><\/div>         <\/div>     <\/div>      <div class=\"kksr-stars-active\" style=\"width: 130.9px;\">             <div class=\"kksr-star\" style=\"padding-right: 5px\">               <div class=\"kksr-icon\" style=\"width: 24px; height: 24px;\"><\/div>         <\/div>             <div class=\"kksr-star\" style=\"padding-right: 5px\">               <div class=\"kksr-icon\" style=\"width: 24px; height: 24px;\"><\/div>         <\/div>             <div class=\"kksr-star\" style=\"padding-right: 5px\">               <div class=\"kksr-icon\" style=\"width: 24px; height: 24px;\"><\/div>         <\/div>             <div class=\"kksr-star\" style=\"padding-right: 5px\">               <div class=\"kksr-icon\" style=\"width: 24px; height: 24px;\"><\/div>         <\/div>             <div class=\"kksr-star\" style=\"padding-right: 5px\">               <div class=\"kksr-icon\" style=\"width: 24px; height: 24px;\"><\/div>         <\/div>     <\/div> <\/div>                   <div class=\"kksr-legend\" style=\"font-size: 19.2px;\">             4.6\/5 - (84 oy)    <\/div>     <\/div>  <p>9YDB-90 ot balyalama sarma makinesi, \u00f6zellikle b\u00fcy\u00fck \u00e7iftlikler ve silaj i\u015fleme projeleri i\u00e7in tasarlanm\u0131\u015f y\u00fcksek kapasiteli bir makinedir. Y\u00fcksek yo\u011funlukta balyalama ile otomatik sarma kombinasyonuna sahiptir, her biri 300\u2013430 kg a\u011f\u0131rl\u0131\u011f\u0131nda b\u00fcy\u00fck 90\u00d790 cm balyalar \u00fcretir.<\/p>    <p>\u00c7al\u0131\u015fma verimlili\u011fi s\u00fcrekli olarak saatte 55-60 balya seviyesinde tutulur, toplam i\u015fleme kapasitesi saatte 23 tondan fazlad\u0131r. Makine, \u00e7ift kollu sarma tasar\u0131m\u0131 ve 28 silind\u0131rl\u0131 y\u00fcksek mukavemetli s\u0131k\u0131\u015ft\u0131rma sistemi ile donat\u0131lm\u0131\u015ft\u0131r, bu da s\u0131k\u0131\u015ft\u0131rma yo\u011funlu\u011funu ve s\u0131zd\u0131rmazl\u0131k performans\u0131n\u0131 \u00f6nemli \u00f6l\u00e7\u00fcde art\u0131r\u0131r. Bu, silaj\u0131n korunma s\u00fcresini uzat\u0131r ve besin kayb\u0131n\u0131 azalt\u0131r, b\u00fcy\u00fck \u00f6l\u00e7ekli silaj \u00fcretimi i\u00e7in vazge\u00e7ilmez ekipmand\u0131r.<\/p>    <figure class=\"wp-block-embed aligncenter is-type-video is-provider-youtube wp-block-embed-youtube wp-embed-aspect-16-9 wp-has-aspect-ratio\"><div class=\"wp-block-embed__wrapper\"> <iframe loading=\"lazy\" title=\"90\u00d790cm Silaj Balya Sarma Makinesi | Y\u00fcksek Verimli Yem Balyalama \u00c7\u00f6z\u00fcm\u00fc \ud83c\udf3e#silajbaler\" width=\"500\" height=\"281\" src=\"https:\/\/www.youtube.com\/embed\/C4GhlgKXp34?start=3&#038;feature=oembed\" frameborder=\"0\" allow=\"accelerometer; autoplay; clipboard-write; encrypted-media; gyroscope; picture-in-picture; web-share\" referrerpolicy=\"strict-origin-when-cross-origin\" allowfullscreen><\/iframe> <\/div><figcaption class=\"wp-element-caption\">B\u00fcy\u00fck \u00f6l\u00e7ekli yem balyalama sarma makinesi \u00e7al\u0131\u015fma videosu<\/figcaption><\/figure>    <h2 class=\"wp-block-heading\">Yem balyalama sarma makinesinin uygulamalar\u0131<\/h2>    <ul class=\"wp-block-list\"> <li>B\u00fcy\u00fck \u00f6l\u00e7ekli \u00e7iftlikler i\u00e7in silaj\u0131n merkezi i\u015flem ve depolamas\u0131<\/li>    <li>S\u00fct, s\u0131\u011f\u0131r ve koyun \u00e7iftlikleri i\u00e7in yem balyalama ve sarma<\/li>    <li>M\u0131s\u0131r saplar\u0131 ve silaj \u00fcr\u00fcnlerinin b\u00fcy\u00fck \u00f6l\u00e7ekli i\u015flenmesi<\/li>    <li>Do\u011fal yem hasad\u0131, balyalama ve fermantasyon koruma<\/li>    <li>Sopa kayna\u011f\u0131 kullan\u0131m\u0131 ve biyok\u00fctle projeleri<\/li>    <li>Yem i\u015fleme i\u015fletmeleri i\u00e7in b\u00fcy\u00fck \u00f6l\u00e7ekli silaj \u00fcretim operasyonlar\u0131<\/li> <\/ul>    <h2 class=\"wp-block-heading\">9YDB-90 silaj balyalama makinesi avantajlar\u0131<\/h2>    <ul class=\"wp-block-list\"> <li>B\u00fcy\u00fck boy balyalar i\u00e7in tasarlanm\u0131\u015f, y\u00fcksek tek balya kapasitesi ile ta\u015f\u0131ma ve depolama maliyetlerini azalt\u0131r.<\/li>    <li>\u00c7ok silind\u0131rl\u0131 s\u0131k\u0131\u015ft\u0131rma sistemi, balya yo\u011funlu\u011funu ve fermantasyon kalitesini \u00f6nemli \u00f6l\u00e7\u00fcde art\u0131r\u0131r.<\/li>    <li>\u00c7ift kol tasar\u0131m\u0131, sarma verimlili\u011fini art\u0131r\u0131r ve uniform sarma sa\u011flar.<\/li>    <li>B\u00fcy\u00fck \u00f6l\u00e7ekli s\u00fcrekli operasyonlar\u0131n taleplerini kar\u015f\u0131lamak i\u00e7in y\u00fcksek i\u015fleme kapasitesi.<\/li>    <li>Otomatik \u00e7al\u0131\u015fma, i\u015f\u00e7ilik gereksinimini azalt\u0131r ve operasyonel hatalar\u0131 en aza indirir.<\/li>    <li>Hammadde israf\u0131n\u0131 en aza indirmek i\u00e7in malzeme geri kazan\u0131m sistemi ile donat\u0131lm\u0131\u015ft\u0131r.<\/li> <\/ul>    <figure class=\"wp-block-gallery has-nested-images columns-default is-cropped wp-block-gallery-2 is-layout-flex wp-block-gallery-is-layout-flex\"> <figure class=\"wp-block-image\"><img loading=\"lazy\" decoding=\"async\" width=\"720\" height=\"540\" data-id=\"1291\" src=\"https:\/\/balerwrapper.com\/wp-content\/uploads\/2026\/04\/hay-bale-wrapping-machine.webp\" alt=\"yem balyalama makinesi\" class=\"wp-image-1291\" srcset=\"https:\/\/balerwrapper.com\/wp-content\/uploads\/2026\/04\/hay-bale-wrapping-machine.webp 720w, https:\/\/balerwrapper.com\/wp-content\/uploads\/2026\/04\/hay-bale-wrapping-machine-300x225.webp 300w, https:\/\/balerwrapper.com\/wp-content\/uploads\/2026\/04\/hay-bale-wrapping-machine-16x12.webp 16w\" sizes=\"auto, (max-width: 720px) 100vw, 720px\" \/><figcaption class=\"wp-element-caption\">yem balyalama makinesi<\/figcaption><\/figure>    <figure class=\"wp-block-image\"><img loading=\"lazy\" decoding=\"async\" width=\"720\" height=\"540\" data-id=\"1289\" src=\"https:\/\/balerwrapper.com\/wp-content\/uploads\/2026\/04\/forage-hay-baler-wrapper.webp\" alt=\"Yem saman balya sarg\u0131s\u0131\" class=\"wp-image-1289\" srcset=\"https:\/\/balerwrapper.com\/wp-content\/uploads\/2026\/04\/forage-hay-baler-wrapper.webp 720w, https:\/\/balerwrapper.com\/wp-content\/uploads\/2026\/04\/forage-hay-baler-wrapper-300x225.webp 300w, https:\/\/balerwrapper.com\/wp-content\/uploads\/2026\/04\/forage-hay-baler-wrapper-16x12.webp 16w\" sizes=\"auto, (max-width: 720px) 100vw, 720px\" \/><figcaption class=\"wp-element-caption\">Yem saman balya sarg\u0131s\u0131<\/figcaption><\/figure> <\/figure>    <h2 class=\"wp-block-heading\">Yem balyalama makinesi yap\u0131s\u0131 ve \u00e7al\u0131\u015fma prensibi<\/h2>    <p>\u00c7al\u0131\u015fma s\u0131ras\u0131nda, hammadde geni\u015f besleme a\u011fz\u0131ndan beslenir ve s\u00fcrekli s\u0131k\u0131\u015ft\u0131rma silindiri gruplar\u0131n\u0131n etkisiyle yava\u015f yava\u015f \u015fekillendirilir.<\/p>    <p>Bale \u00f6nceden belirlenmi\u015f boyutlara ula\u015ft\u0131\u011f\u0131nda, sistem otomatik olarak balyalama i\u015flemini tamamlar ve sarma alan\u0131na iletir.<\/p>    <p>Daha sonra, \u00e7ift sarma kollar\u0131 senkronize d\u00f6ner ve balyay\u0131 \u00e7ok katmanl\u0131 film ile sarar, s\u0131zd\u0131rmaz silaj balyas\u0131 olu\u015fturur ve sonunda bo\u015falt\u0131r, b\u00f6ylece t\u00fcm s\u00fcrekli \u00e7al\u0131\u015fma s\u00fcrecini tamamlar.<\/p>    <ul class=\"wp-block-list\"> <li>Besleme sistemi: geni\u015f geni\u015flikteki besleme haznesi tasar\u0131m\u0131, malzeme ak\u0131\u015f\u0131n\u0131 sorunsuz hale getirir ve genel verimlili\u011fi art\u0131r\u0131r.<\/li>    <li>S\u0131k\u0131\u015ft\u0131rma ve balyalama sistemi: y\u00fcksek yo\u011funluklu \u015fekillendirme sa\u011flamak i\u00e7in \u00e7oklu s\u0131k\u0131\u015ft\u0131rma silindiri ve zincirlerden olu\u015fur.<\/li>    <li>Sarma sistemi: \u00e7ift d\u00f6nen sarma kollar\u0131, \u00f6zel silaj filmi ile birlikte \u00e7al\u0131\u015farak s\u0131k\u0131 bir m\u00fch\u00fcr sa\u011flar.<\/li>    <li>Kemer sistemi: palet tarz\u0131 konvey\u00f6r yap\u0131s\u0131, balyalar\u0131n sorunsuz aktar\u0131m\u0131n\u0131 sa\u011flar.<\/li>    <li>Geri kazan\u0131m sistemi: sprey tarz\u0131 yap\u0131, d\u00f6k\u00fclen malzemeyi otomatik olarak toplar, malzeme kullan\u0131m\u0131n\u0131 art\u0131r\u0131r.<\/li> <\/ul>    <figure class=\"wp-block-gallery has-nested-images columns-default is-cropped wp-block-gallery-3 is-layout-flex wp-block-gallery-is-layout-flex\"> <figure class=\"wp-block-image size-large\"><img loading=\"lazy\" decoding=\"async\" width=\"720\" height=\"540\" data-id=\"1290\" src=\"https:\/\/balerwrapper.com\/wp-content\/uploads\/2026\/04\/round-bale-silage-wrapper.webp\" alt=\"Yuvarlak balya silaj sar\u0131c\u0131\" class=\"wp-image-1290\" srcset=\"https:\/\/balerwrapper.com\/wp-content\/uploads\/2026\/04\/round-bale-silage-wrapper.webp 720w, https:\/\/balerwrapper.com\/wp-content\/uploads\/2026\/04\/round-bale-silage-wrapper-300x225.webp 300w, https:\/\/balerwrapper.com\/wp-content\/uploads\/2026\/04\/round-bale-silage-wrapper-16x12.webp 16w\" sizes=\"auto, (max-width: 720px) 100vw, 720px\" \/><figcaption class=\"wp-element-caption\">Yuvarlak balya silaj sar\u0131c\u0131<\/figcaption><\/figure>    <figure class=\"wp-block-image size-large\"><img loading=\"lazy\" decoding=\"async\" width=\"720\" height=\"540\" data-id=\"1292\" src=\"https:\/\/balerwrapper.com\/wp-content\/uploads\/2026\/04\/agricultural-baler-wrapper.webp\" alt=\"tar\u0131m balyalama sarma makinesi\" class=\"wp-image-1292\" srcset=\"https:\/\/balerwrapper.com\/wp-content\/uploads\/2026\/04\/agricultural-baler-wrapper.webp 720w, https:\/\/balerwrapper.com\/wp-content\/uploads\/2026\/04\/agricultural-baler-wrapper-300x225.webp 300w, https:\/\/balerwrapper.com\/wp-content\/uploads\/2026\/04\/agricultural-baler-wrapper-16x12.webp 16w\" sizes=\"auto, (max-width: 720px) 100vw, 720px\" \/><figcaption class=\"wp-element-caption\">tar\u0131m balyalama sarma makinesi<\/figcaption><\/figure> <\/figure>    <h2 class=\"wp-block-heading\">9YDB-90 ot balyalama sarma makinesi \u00f6zellikleri<\/h2>    <figure class=\"wp-block-table is-style-stripes\"><table class=\"has-fixed-layout\"><tbody><tr><td><strong>\u00d6\u011fe<\/strong><\/td><td><strong>\u00d6zellikler<\/strong><\/td><\/tr><tr><td>Modeli<\/td><td>9YDB-90<\/td><\/tr><tr><td>Balya Boyutu<\/td><td>90 \u00d7 90 cm<\/td><\/tr><tr><td>Balya A\u011f\u0131rl\u0131\u011f\u0131<\/td><td>300\u2013430 kg<\/td><\/tr><tr><td>\u00c7\u0131k\u0131\u015f<\/td><td>55\u201360 balya\/saat<\/td><\/tr><tr><td>Verimlilik<\/td><td>\u226523 T\/h<\/td><\/tr><tr><td>G\u00fc\u00e7<\/td><td>39 kW<\/td><\/tr><tr><td>Silind\u0131rlar<\/td><td>\u226528<\/td><\/tr><tr><td>Sarma Kollar\u0131<\/td><td>2<\/td><\/tr><tr><td>Hopper Geni\u015fli\u011fi<\/td><td>\u2265170 cm<\/td><\/tr><tr><td>Besleme Giri\u015fi<\/td><td>\u2265900 mm<\/td><\/tr><tr><td>Makine A\u011f\u0131rl\u0131\u011f\u0131<\/td><td>\u22654200 kg<\/td><\/tr><tr><td>Boyutlar<\/td><td>\u22658100 \u00d7 2400 \u00d7 3100 mm<\/td><\/tr><\/tbody><\/table><figcaption class=\"wp-element-caption\">9YDB-90 ot balyalama sarma makinesi teknik parametreleri<\/figcaption><\/figure>    <figure class=\"wp-block-gallery has-nested-images columns-default is-cropped wp-block-gallery-4 is-layout-flex wp-block-gallery-is-layout-flex\"> <figure class=\"wp-block-image size-large\"><img loading=\"lazy\" decoding=\"async\" width=\"720\" height=\"540\" data-id=\"1293\" src=\"https:\/\/balerwrapper.com\/wp-content\/uploads\/2026\/04\/automatic-baler-wrapper.webp\" alt=\"otomatik balya sarma makinesi\" class=\"wp-image-1293\" srcset=\"https:\/\/balerwrapper.com\/wp-content\/uploads\/2026\/04\/automatic-baler-wrapper.webp 720w, https:\/\/balerwrapper.com\/wp-content\/uploads\/2026\/04\/automatic-baler-wrapper-300x225.webp 300w, https:\/\/balerwrapper.com\/wp-content\/uploads\/2026\/04\/automatic-baler-wrapper-16x12.webp 16w\" sizes=\"auto, (max-width: 720px) 100vw, 720px\" \/><figcaption class=\"wp-element-caption\">otomatik balya sarma makinesi<\/figcaption><\/figure>    <figure class=\"wp-block-image size-large\"><img loading=\"lazy\" decoding=\"async\" width=\"720\" height=\"540\" data-id=\"1294\" src=\"https:\/\/balerwrapper.com\/wp-content\/uploads\/2026\/04\/round-bale-wrapper-machine.webp\" alt=\"yuvarlak balya sarma makinesi\" class=\"wp-image-1294\" srcset=\"https:\/\/balerwrapper.com\/wp-content\/uploads\/2026\/04\/round-bale-wrapper-machine.webp 720w, https:\/\/balerwrapper.com\/wp-content\/uploads\/2026\/04\/round-bale-wrapper-machine-300x225.webp 300w, https:\/\/balerwrapper.com\/wp-content\/uploads\/2026\/04\/round-bale-wrapper-machine-16x12.webp 16w\" sizes=\"auto, (max-width: 720px) 100vw, 720px\" \/><figcaption class=\"wp-element-caption\">yuvarlak balya sarma makinesi<\/figcaption><\/figure> <\/figure>    <h2 class=\"wp-block-heading\">Daha fazla silaj balyalama makinesi \u00f6nerisi<\/h2>    <ul class=\"wp-block-list\"> <li><strong><em><a href=\"https:\/\/balerwrapper.com\/tr\/product\/corn-silage-baler-machine\/\">55-52 Silaj balyalama ve sarma<\/a><\/em><\/strong>: kompakt tasar\u0131m, aile \u00e7iftlikleri ve k\u00fc\u00e7\u00fck \u00f6l\u00e7ekli i\u015fletmeler i\u00e7in idealdir.<\/li>    <li><strong><em><a href=\"https:\/\/balerwrapper.com\/tr\/product\/silage-baling-and-wrapping-machine\/\">Model 60 Ot y\u0131\u011f\u0131n\u0131 sarma makinesi<\/a><\/em><\/strong>: m\u00fckemmel fiyat-performans oran\u0131, k\u00fc\u00e7\u00fck ve orta \u00f6l\u00e7ekli \u00e7iftlikler i\u00e7in uygundur.<\/li>    <li><strong><em><a href=\"https:\/\/balerwrapper.com\/tr\/product\/silage-wrapping-machine\/\">Model 70 Yem balyalama sar\u0131c\u0131<\/a><\/em><\/strong>: verimlilik ve esnekli\u011fi birle\u015ftirir, orta \u00f6l\u00e7ekli hayvanc\u0131l\u0131k \u00e7iftlikleri i\u00e7in uygundur.<\/li> <\/ul>    <h2 class=\"wp-block-heading\">Do\u011fru makine nas\u0131l se\u00e7ilir?<\/h2>    <p>Bir silaj balyalama-sar\u0131ma makinesi se\u00e7erken, \u00e7iftli\u011finizin b\u00fcy\u00fckl\u00fc\u011f\u00fcne, g\u00fcnl\u00fck i\u015fleme kapasitesine ve depolama y\u00f6ntemlerine en uygun modeli se\u00e7melisiniz.<\/p>    <p>K\u00fc\u00e7\u00fck \u00e7iftlikler, ba\u015flang\u0131\u00e7 maliyetlerini azaltmak i\u00e7in daha k\u00fc\u00e7\u00fck boyutlu ekipmanlar\u0131 tercih edebilir. B\u00fcy\u00fck \u00e7iftlikler veya silaj i\u015fleme projeleri i\u00e7in y\u00fcksek kapasiteli modelleri \u00f6neriyoruz, b\u00f6ylece daha fazla verimlilik ve d\u00fc\u015f\u00fck birim \u00fcretim maliyetleri elde edilir.<\/p>    <h2 class=\"wp-block-heading\">Bize Ula\u015f\u0131n<\/h2>    <p>Y\u00fcksek verimli, y\u00fcksek kapasiteli ve g\u00fcvenilir bir silaj \u00e7\u00f6z\u00fcm\u00fc ar\u0131yorsan\u0131z, 9YDB-90 saman balyalama sar\u0131c\u0131 kesinlikle ideal se\u00e7imdir. Ayr\u0131ca geni\u015f bir ekipman modeli ve kapsaml\u0131 silaj \u00fcretim \u00e7\u00f6z\u00fcmleri sunuyoruz.<\/p>    <p>Detayl\u0131 bilgi ve fiyat teklifi i\u00e7in l\u00fctfen bizimle istedi\u011finiz zaman ileti\u015fime ge\u00e7in, b\u00f6ylece \u00e7iftli\u011finizin verimli ve ak\u0131ll\u0131 geli\u015fimine yard\u0131mc\u0131 olabiliriz.<\/p>","protected":false},"excerpt":{"rendered":"<p>9YDB-90 saman balyalama sar\u0131c\u0131 makinesi y\u00fcksek yo\u011funlukta balyalama ve otomatik iki kol sarma kapasitesine sahiptir. B\u00fcy\u00fck \u00f6l\u00e7ekli \u00e7iftliklerde silaj \u00fcretimi ve depolama i\u00e7in uygundur.<\/p>","protected":false},"author":1,"featured_media":1296,"parent":0,"template":"","tags":[45,39,35],"product-type":[7],"class_list":["post-1283","product","type-product","status-publish","has-post-thumbnail","hentry","tag-forage","tag-hay","tag-silage","product-type-silage-baler"],"_links":{"self":[{"href":"https:\/\/balerwrapper.com\/tr\/wp-json\/wp\/v2\/product\/1283","targetHints":{"allow":["GET"]}}],"collection":[{"href":"https:\/\/balerwrapper.com\/tr\/wp-json\/wp\/v2\/product"}],"about":[{"href":"https:\/\/balerwrapper.com\/tr\/wp-json\/wp\/v2\/types\/product"}],"author":[{"embeddable":true,"href":"https:\/\/balerwrapper.com\/tr\/wp-json\/wp\/v2\/users\/1"}],"wp:featuredmedia":[{"embeddable":true,"href":"https:\/\/balerwrapper.com\/tr\/wp-json\/wp\/v2\/media\/1296"}],"wp:attachment":[{"href":"https:\/\/balerwrapper.com\/tr\/wp-json\/wp\/v2\/media?parent=1283"}],"wp:term":[{"taxonomy":"post_tag","embeddable":true,"href":"https:\/\/balerwrapper.com\/tr\/wp-json\/wp\/v2\/tags?post=1283"},{"taxonomy":"product-type","embeddable":true,"href":"https:\/\/balerwrapper.com\/tr\/wp-json\/wp\/v2\/product-type?post=1283"}],"curies":[{"name":"wp","href":"https:\/\/api.w.org\/{rel}","templated":true}]}}