{"id":1226,"date":"2026-04-13T15:51:01","date_gmt":"2026-04-13T07:51:01","guid":{"rendered":"https:\/\/balerwrapper.com\/?post_type=product&#038;p=1226"},"modified":"2026-04-13T15:51:02","modified_gmt":"2026-04-13T07:51:02","slug":"dual-film-wrapping-silage-baler","status":"publish","type":"product","link":"https:\/\/balerwrapper.com\/tr\/product\/dual-film-wrapping-silage-baler\/","title":{"rendered":"9YDB-60-2 \u00c7ift Film Sarma Silaj Balya Makinesi"},"content":{"rendered":"<div class=\"kk-star-ratings kksr-auto kksr-align-left kksr-valign-top\"     data-payload='{&quot;align&quot;:&quot;left&quot;,&quot;id&quot;:&quot;1226&quot;,&quot;slug&quot;:&quot;default&quot;,&quot;valign&quot;:&quot;top&quot;,&quot;ignore&quot;:&quot;&quot;,&quot;reference&quot;:&quot;auto&quot;,&quot;class&quot;:&quot;&quot;,&quot;count&quot;:&quot;79&quot;,&quot;legendonly&quot;:&quot;&quot;,&quot;readonly&quot;:&quot;&quot;,&quot;score&quot;:&quot;4.7&quot;,&quot;starsonly&quot;:&quot;&quot;,&quot;best&quot;:&quot;5&quot;,&quot;gap&quot;:&quot;5&quot;,&quot;greet&quot;:&quot;Rate this product&quot;,&quot;legend&quot;:&quot;4.7\\\/5 - (79 votes)&quot;,&quot;size&quot;:&quot;24&quot;,&quot;title&quot;:&quot;9YDB-60-2 Dual Film Wrapping Silage Baler Machine&quot;,&quot;width&quot;:&quot;133.8&quot;,&quot;_legend&quot;:&quot;{score}\\\/{best} - ({count} {votes})&quot;,&quot;font_factor&quot;:&quot;1.25&quot;}'>              <div class=\"kksr-stars\">      <div class=\"kksr-stars-inactive\">             <div class=\"kksr-star\" data-star=\"1\" style=\"padding-right: 5px\">               <div class=\"kksr-icon\" style=\"width: 24px; height: 24px;\"><\/div>         <\/div>             <div class=\"kksr-star\" data-star=\"2\" style=\"padding-right: 5px\">               <div class=\"kksr-icon\" style=\"width: 24px; height: 24px;\"><\/div>         <\/div>             <div class=\"kksr-star\" data-star=\"3\" style=\"padding-right: 5px\">               <div class=\"kksr-icon\" style=\"width: 24px; height: 24px;\"><\/div>         <\/div>             <div class=\"kksr-star\" data-star=\"4\" style=\"padding-right: 5px\">               <div class=\"kksr-icon\" style=\"width: 24px; height: 24px;\"><\/div>         <\/div>             <div class=\"kksr-star\" data-star=\"5\" style=\"padding-right: 5px\">               <div class=\"kksr-icon\" style=\"width: 24px; height: 24px;\"><\/div>         <\/div>     <\/div>      <div class=\"kksr-stars-active\" style=\"width: 133.8px;\">             <div class=\"kksr-star\" style=\"padding-right: 5px\">               <div class=\"kksr-icon\" style=\"width: 24px; height: 24px;\"><\/div>         <\/div>             <div class=\"kksr-star\" style=\"padding-right: 5px\">               <div class=\"kksr-icon\" style=\"width: 24px; height: 24px;\"><\/div>         <\/div>             <div class=\"kksr-star\" style=\"padding-right: 5px\">               <div class=\"kksr-icon\" style=\"width: 24px; height: 24px;\"><\/div>         <\/div>             <div class=\"kksr-star\" style=\"padding-right: 5px\">               <div class=\"kksr-icon\" style=\"width: 24px; height: 24px;\"><\/div>         <\/div>             <div class=\"kksr-star\" style=\"padding-right: 5px\">               <div class=\"kksr-icon\" style=\"width: 24px; height: 24px;\"><\/div>         <\/div>     <\/div> <\/div>                   <div class=\"kksr-legend\" style=\"font-size: 19.2px;\">             4.7\/5 - (79 oy)    <\/div>     <\/div>  <p>9YDB-60-2 \u00c7ift Film Sarma Silaj Balya Makinesi, otomatik balyalama ve \u00e7ift katmanl\u0131 sarma \u00f6zellikleriyle b\u00fcy\u00fck \u00f6l\u00e7ekli hayvanc\u0131l\u0131k \u00e7iftlikleri ve yem i\u015fleme merkezleri i\u00e7in idealdir. <\/p>    <p>PLC ak\u0131ll\u0131 kontrol sistemi ile donat\u0131lm\u0131\u015ft\u0131r, makine tek dokunu\u015fla ba\u015flat\u0131labilir ve tam otomatik \u00e7al\u0131\u015f\u0131r. \u00c7ift silindir besleme mekanizmas\u0131 ve 2,5 metre uzat\u0131lm\u0131\u015f konvey\u00f6r sistemi ile s\u00fcrekli ve stabil \u00e7al\u0131\u015fma sa\u011flar.<\/p>    <p>Makine, \u03a6550 \u00d7 550 mm \u00f6l\u00e7\u00fclerinde, 80\u2013120 kg a\u011f\u0131rl\u0131\u011f\u0131nda balyalar \u00fcretir ve saatte 60\u201385 balya kapasitesine sahiptir. \u00c7ift film sarma yap\u0131s\u0131, s\u0131zd\u0131rmazl\u0131\u011f\u0131 ve korunmay\u0131 \u00f6nemli \u00f6l\u00e7\u00fcde art\u0131r\u0131rken film israf\u0131n\u0131 azalt\u0131r, bu da silaj kalitesini ve \u00fcretim verimlili\u011fini art\u0131rmak i\u00e7in ideal ekipmand\u0131r.<\/p>    <figure class=\"wp-block-embed aligncenter is-type-video is-provider-youtube wp-block-embed-youtube wp-embed-aspect-16-9 wp-has-aspect-ratio\"><div class=\"wp-block-embed__wrapper\"> <iframe loading=\"lazy\" title=\"Double Film Silage Baler Wrapper | High Efficiency &amp; Superior Preservation#silage #silagebaler\" width=\"500\" height=\"281\" src=\"https:\/\/www.youtube.com\/embed\/4wvF_aae8Tk?feature=oembed\" frameborder=\"0\" allow=\"accelerometer; autoplay; clipboard-write; encrypted-media; gyroscope; picture-in-picture; web-share\" referrerpolicy=\"strict-origin-when-cross-origin\" allowfullscreen><\/iframe> <\/div><figcaption class=\"wp-element-caption\">\u00c7ift film sarma silaj balya makinesi \u00e7al\u0131\u015fma videosu<\/figcaption><\/figure>    <h2 class=\"wp-block-heading\">\u00c7ift film sarma silaj balya makinesi avantajlar\u0131<\/h2>    <ul class=\"wp-block-list\"> <li>Tam otomatik PLC kontrol sistemi: tek dokunu\u015fla ba\u015flatma manuel eme\u011fi azalt\u0131r.<\/li>    <li>\u00c7ift silindirli besleme mekanizmas\u0131: malzemenin stabil ve e\u015fit \u015fekilde iletimini sa\u011flar, balya olu\u015fum kalitesini art\u0131r\u0131r.<\/li>    <li>\u00c7ift film sarma tasar\u0131m\u0131: s\u0131zd\u0131rmazl\u0131\u011f\u0131 art\u0131r\u0131rken film israf\u0131n\u0131 azalt\u0131r.<\/li>    <li>Y\u00fcksek yo\u011funluklu balyalama sistemi: kay\u0131\u015f yap\u0131s\u0131, geleneksel silindir sistemlerinden daha s\u0131k\u0131 s\u0131k\u0131\u015ft\u0131rma sa\u011flar, b\u00f6ylece tazelik korunur.<\/li>    <li>S\u0131zd\u0131rmazl\u0131k sa\u011flayan geri kazan\u0131m yap\u0131s\u0131: malzeme d\u00f6k\u00fclmesini etkin \u015fekilde \u00f6nler ve \u00e7al\u0131\u015fma ortam\u0131n\u0131 temiz tutar.<\/li>    <li>Uzun \u00f6m\u00fcrl\u00fc s\u00fcr\u00fc\u015f sistemi: zincir konvey\u00f6r yap\u0131s\u0131 ana bile\u015fenlerin hizmet \u00f6mr\u00fcn\u00fc uzat\u0131r.<\/li>    <li>Y\u00fcksek kaliteli yatak konfig\u00fcrasyonu: \u0130svi\u00e7re 6207 yataklar ve Harbin 6206 yataklar ile stabil \u00e7al\u0131\u015fma ve a\u015f\u0131nma direnci sa\u011flar.<\/li> <\/ul>    <figure class=\"wp-block-gallery has-nested-images columns-default is-cropped wp-block-gallery-2 is-layout-flex wp-block-gallery-is-layout-flex\"> <figure class=\"wp-block-image size-large\"><img loading=\"lazy\" decoding=\"async\" width=\"720\" height=\"540\" data-id=\"1230\" src=\"https:\/\/balerwrapper.com\/wp-content\/uploads\/2026\/04\/dual-film-wrapping-silage-baler.webp\" alt=\"\u00c7ift film sarma silaj balya makinesi\" class=\"wp-image-1230\" srcset=\"https:\/\/balerwrapper.com\/wp-content\/uploads\/2026\/04\/dual-film-wrapping-silage-baler.webp 720w, https:\/\/balerwrapper.com\/wp-content\/uploads\/2026\/04\/dual-film-wrapping-silage-baler-300x225.webp 300w, https:\/\/balerwrapper.com\/wp-content\/uploads\/2026\/04\/dual-film-wrapping-silage-baler-16x12.webp 16w\" sizes=\"auto, (max-width: 720px) 100vw, 720px\" \/><figcaption class=\"wp-element-caption\">\u00c7ift film sarma silaj balya makinesi<\/figcaption><\/figure>    <figure class=\"wp-block-image size-large\"><img loading=\"lazy\" decoding=\"async\" width=\"720\" height=\"540\" data-id=\"1231\" src=\"https:\/\/balerwrapper.com\/wp-content\/uploads\/2026\/04\/forage-bale-wrapping-machine.webp\" alt=\"yem balyas\u0131 sarma makinesi\" class=\"wp-image-1231\" srcset=\"https:\/\/balerwrapper.com\/wp-content\/uploads\/2026\/04\/forage-bale-wrapping-machine.webp 720w, https:\/\/balerwrapper.com\/wp-content\/uploads\/2026\/04\/forage-bale-wrapping-machine-300x225.webp 300w, https:\/\/balerwrapper.com\/wp-content\/uploads\/2026\/04\/forage-bale-wrapping-machine-16x12.webp 16w\" sizes=\"auto, (max-width: 720px) 100vw, 720px\" \/><figcaption class=\"wp-element-caption\">yem balyas\u0131 sarma makinesi<\/figcaption><\/figure> <\/figure>    <h2 class=\"wp-block-heading\">9YDB-60-2 silaj balya sarmalay\u0131c\u0131 uygulamalar\u0131<\/h2>    <p>Bu \u00e7ift film sarma silaj balya makinesi, m\u0131s\u0131r saplar\u0131, yem otu, pirin\u00e7 sap\u0131, bu\u011fday sap\u0131 ve \u00e7e\u015fitli silaj t\u00fcrlerinin balyalama ve m\u00fch\u00fcrlenmesi i\u00e7in yayg\u0131n olarak kullan\u0131l\u0131r.<\/p>    <p>B\u00fcy\u00fck \u00f6l\u00e7ekli hayvanc\u0131l\u0131k \u00e7iftlikleri, s\u00fct \u00e7iftlikleri, s\u0131\u011f\u0131r \u00e7iftlikleri, yem i\u015fleme tesisleri ve biyok\u00fctle fermantasyon yem i\u015fleme tesislerinde kullan\u0131labilir. Y\u00fcksek yo\u011funluklu depolama ve uzun s\u00fcreli fermantasyon koruma gereksinimlerini kar\u015f\u0131lar.<\/p>    <h2 class=\"wp-block-heading\">Bu yem balya sar\u0131c\u0131 sarmalay\u0131c\u0131 nas\u0131l \u00e7al\u0131\u015f\u0131r?<\/h2>    <div class=\"wp-block-media-text is-stacked-on-mobile\"><figure class=\"wp-block-media-text__media\"><img loading=\"lazy\" decoding=\"async\" width=\"720\" height=\"540\" src=\"https:\/\/balerwrapper.com\/wp-content\/uploads\/2026\/04\/dual-film-wrapping-silage-baler-structure.webp\" alt=\"9YDB-60-2 \u00e7ift film sarma silaj balya makinesi, PLC tabanl\u0131 tam otomatik kontrol \u00f6zellikleriyle y\u00fcksek yo\u011funlukta balyalama ve m\u00fch\u00fcrleme sa\u011flar, saatte 60\u201385 balya kapasitesi ile.\" class=\"wp-image-1232 size-full\" srcset=\"https:\/\/balerwrapper.com\/wp-content\/uploads\/2026\/04\/dual-film-wrapping-silage-baler-structure.webp 720w, https:\/\/balerwrapper.com\/wp-content\/uploads\/2026\/04\/dual-film-wrapping-silage-baler-structure-300x225.webp 300w, https:\/\/balerwrapper.com\/wp-content\/uploads\/2026\/04\/dual-film-wrapping-silage-baler-structure-16x12.webp 16w\" sizes=\"auto, (max-width: 720px) 100vw, 720px\" \/><\/figure><div class=\"wp-block-media-text__content\"> <ol class=\"wp-block-list\"> <li>Hammadde, konvey\u00f6r band\u0131 arac\u0131l\u0131\u011f\u0131yla s\u0131k\u0131\u015ft\u0131rma sistemine girer, burada \u00e7ift silindir mekanizmas\u0131yla e\u015fit \u015fekilde da\u011f\u0131t\u0131l\u0131r ve s\u0131k\u0131\u015ft\u0131r\u0131l\u0131r, standart balyalar (\u03a6550\u00d7550 mm) olu\u015fturulur.<\/li>    <li>Balyalar daha sonra sarma sistemine girer, burada otomatik film besleme cihaz\u0131 ile \u00e7ift katmanl\u0131 film uygulan\u0131r ve m\u00fch\u00fcrl\u00fc paket olu\u015fturulur.<\/li>    <li>Son olarak, bitmi\u015f \u00fcr\u00fcn zincir konvey\u00f6r arac\u0131l\u0131\u011f\u0131yla bo\u015falt\u0131l\u0131r, b\u00f6ylece s\u00fcrekli \u00fcretim s\u00fcreci sa\u011flan\u0131r.<\/li> <\/ol> <\/div><\/div>    <h2 class=\"wp-block-heading\">\u00c7ift film sarma silaj balya makinesi \u00f6zellikleri<\/h2>    <figure class=\"wp-block-table is-style-stripes\"><table class=\"has-fixed-layout\"><tbody><tr><td><strong>\u00d6\u011fe<\/strong><\/td><td><strong>\u00d6zellikler<\/strong><\/td><td><strong>\u00d6\u011fe<\/strong><\/td><td><strong>\u00d6zellikler<\/strong><\/td><\/tr><tr><td>Modeli<\/td><td>9YDB-60-2<\/td><td>Balya Boyutu<\/td><td>\u03a6550 \u00d7 550 mm<\/td><\/tr><tr><td>Balya A\u011f\u0131rl\u0131\u011f\u0131<\/td><td>80\u2013120 kg<\/td><td>G\u00fc\u00e7 Kayna\u011f\u0131<\/td><td>7.5\u20136 kW<\/td><\/tr><tr><td>De\u011ferlendirilmi\u015f H\u0131z<\/td><td>350 r\/dak<\/td><td>Hava Kompres\u00f6r\u00fc Motoru<\/td><td>3 kW<\/td><\/tr><tr><td>Balya Y\u00f6ntemi<\/td><td>Otomatik<\/td><td>Hava Pompas\u0131 Hacmi<\/td><td>30 L<\/td><\/tr><tr><td>Silindirik Say\u0131s\u0131<\/td><td>14 adet<\/td><td>Sar\u0131lma Motoru<\/td><td>0.75 kW<\/td><\/tr><tr><td>Film Katmanlar\u0131<\/td><td>2 katman<\/td><td>Sal\u0131ncak Motoru<\/td><td>0.37 kW<\/td><\/tr><tr><td>Konvey\u00f6r Boyutu<\/td><td>2500 \u00d7 63 mm<\/td><td>Duvar Kal\u0131nl\u0131\u011f\u0131<\/td><td>8 mm<\/td><\/tr><tr><td>Kontrol Sistemi<\/td><td>PLC Dokunmatik Ekran<\/td><td>Sar\u0131lma T\u00fcr\u00fc<\/td><td>Otomatik<\/td><\/tr><tr><td>Yatak T\u00fcr\u00fc<\/td><td>6207 \u0130svi\u00e7re \/ 6206 HRB<\/td><td>Makine Boyutu<\/td><td>7.4 \u00d7 1.8 \u00d7 2.45 m<\/td><\/tr><tr><td>Kapasite<\/td><td>60\u201385 balya\/saat<\/td><td>Toplam A\u011f\u0131rl\u0131k<\/td><td>1700 kg<\/td><\/tr><tr><td>Zincir Modeli<\/td><td>Hangzhou 12A<\/td><td>Besleme Motoru<\/td><td>2.2 kW<\/td><\/tr><tr><td>Film Geni\u015fli\u011fi<\/td><td>600 mm<\/td><td>Silaj Filmi<\/td><td>1800 m \u00d7 250 mm \u00d7 25 \u03bcm<\/td><\/tr><tr><td>Lastikler<\/td><td>\u0130ki 206 yatak<\/td><td>Hopper Kay\u0131\u015f\u0131<\/td><td>2340   2590 mm<\/td><\/tr><\/tbody><\/table><figcaption class=\"wp-element-caption\">\u00c7ift film sarma silaj balya makinesi teknik parametreleri<\/figcaption><\/figure>    <figure class=\"wp-block-gallery has-nested-images columns-default is-cropped wp-block-gallery-3 is-layout-flex wp-block-gallery-is-layout-flex\"> <figure class=\"wp-block-image size-large\"><img loading=\"lazy\" decoding=\"async\" width=\"720\" height=\"540\" data-id=\"1233\" src=\"https:\/\/balerwrapper.com\/wp-content\/uploads\/2026\/04\/forage-baler-wrapper-machine.webp\" alt=\"yem balya sarma makinesi\" class=\"wp-image-1233\" srcset=\"https:\/\/balerwrapper.com\/wp-content\/uploads\/2026\/04\/forage-baler-wrapper-machine.webp 720w, https:\/\/balerwrapper.com\/wp-content\/uploads\/2026\/04\/forage-baler-wrapper-machine-300x225.webp 300w, https:\/\/balerwrapper.com\/wp-content\/uploads\/2026\/04\/forage-baler-wrapper-machine-16x12.webp 16w\" sizes=\"auto, (max-width: 720px) 100vw, 720px\" \/><figcaption class=\"wp-element-caption\">yem balya sarma makinesi<\/figcaption><\/figure>    <figure class=\"wp-block-image size-large\"><img loading=\"lazy\" decoding=\"async\" width=\"720\" height=\"540\" data-id=\"1234\" src=\"https:\/\/balerwrapper.com\/wp-content\/uploads\/2026\/04\/silage-round-bale-wrapper.webp\" alt=\"silaj yuvarlak balya sar\u0131c\u0131\" class=\"wp-image-1234\" srcset=\"https:\/\/balerwrapper.com\/wp-content\/uploads\/2026\/04\/silage-round-bale-wrapper.webp 720w, https:\/\/balerwrapper.com\/wp-content\/uploads\/2026\/04\/silage-round-bale-wrapper-300x225.webp 300w, https:\/\/balerwrapper.com\/wp-content\/uploads\/2026\/04\/silage-round-bale-wrapper-16x12.webp 16w\" sizes=\"auto, (max-width: 720px) 100vw, 720px\" \/><figcaption class=\"wp-element-caption\">silaj yuvarlak balya sar\u0131c\u0131<\/figcaption><\/figure> <\/figure>    <h2 class=\"wp-block-heading\">Neden bizi se\u00e7melisiniz?<\/h2>    <p>Silaj ekipmanlar\u0131n\u0131n ara\u015ft\u0131rma, geli\u015ftirme ve \u00fcretiminde uzman\u0131z. Makinalar\u0131m\u0131z y\u00fcksek standart end\u00fcstriyel bile\u015fenler ve mod\u00fcler tasar\u0131m \u00f6zellikleriyle uzun vadeli, stabil \u00e7al\u0131\u015fma sa\u011flar.<\/p>    <p>\u00c7ekirdek bile\u015fenler y\u00fcksek a\u015f\u0131nma direncine sahip malzemelerden imal edilmi\u015ftir ve y\u00fcksek kaliteli yatak sistemleriyle donat\u0131lm\u0131\u015ft\u0131r. Ayr\u0131ca \u00f6zelle\u015ftirme se\u00e7enekleri ve \u00fcretim hatt\u0131 entegrasyon \u00e7\u00f6z\u00fcmleri sunuyoruz.<\/p>    <p>Ayr\u0131ca, m\u00fc\u015fterilerin i\u015fletme maliyetlerini azaltmalar\u0131na ve \u00fcretim verimlili\u011fini art\u0131rmalar\u0131na yard\u0131mc\u0131 olmak i\u00e7in kapsaml\u0131 sat\u0131\u015f sonras\u0131 hizmet ve yedek par\u00e7a deste\u011fi sa\u011fl\u0131yoruz.<\/p>    <h2 class=\"wp-block-heading\">Uygun silaj balyas\u0131 nas\u0131l se\u00e7ilir?<\/h2>    <p>Ekipman se\u00e7erken, operasyon \u00f6l\u00e7e\u011fi, g\u00fcnl\u00fck i\u015fleme kapasitesi ve silaj depolama gereksinimleri dikkate al\u0131nmal\u0131d\u0131r.<\/p>    <p>K\u00fc\u00e7\u00fck \u00f6l\u00e7ekli operasyonlar i\u00e7in temel modeller uygundur; orta ve b\u00fcy\u00fck \u00f6l\u00e7ekli \u00e7iftlikler i\u00e7in, s\u00fcrekli \u00e7al\u0131\u015fma ve daha y\u00fcksek verimlilik sa\u011flamak amac\u0131yla 60 serisi veya y\u00fcksek verimli \u00e7ift katmanl\u0131 modelleri \u00f6neririz.<\/p>    <p>Ayr\u0131ca, kullan\u0131labilir alan, elektrik g\u00fcc\u00fc ve depolama y\u00f6ntemleri gibi fakt\u00f6rler de g\u00f6z \u00f6n\u00fcnde bulundurulmal\u0131d\u0131r.<\/p>    <figure class=\"wp-block-gallery has-nested-images columns-default is-cropped wp-block-gallery-4 is-layout-flex wp-block-gallery-is-layout-flex\"> <figure class=\"wp-block-image size-large\"><img loading=\"lazy\" decoding=\"async\" width=\"720\" height=\"540\" data-id=\"1235\" src=\"https:\/\/balerwrapper.com\/wp-content\/uploads\/2026\/04\/silage-bale-packaging-machine.webp\" alt=\"silaj balya paketleme makinesi\" class=\"wp-image-1235\" srcset=\"https:\/\/balerwrapper.com\/wp-content\/uploads\/2026\/04\/silage-bale-packaging-machine.webp 720w, https:\/\/balerwrapper.com\/wp-content\/uploads\/2026\/04\/silage-bale-packaging-machine-300x225.webp 300w, https:\/\/balerwrapper.com\/wp-content\/uploads\/2026\/04\/silage-bale-packaging-machine-16x12.webp 16w\" sizes=\"auto, (max-width: 720px) 100vw, 720px\" \/><figcaption class=\"wp-element-caption\">silaj balya paketleme makinesi<\/figcaption><\/figure>    <figure class=\"wp-block-image size-large\"><img loading=\"lazy\" decoding=\"async\" width=\"720\" height=\"540\" data-id=\"1236\" src=\"https:\/\/balerwrapper.com\/wp-content\/uploads\/2026\/04\/silage-forage-bale-production.webp\" alt=\"Silaj yem balyas\u0131 \u00fcretimi\" class=\"wp-image-1236\" srcset=\"https:\/\/balerwrapper.com\/wp-content\/uploads\/2026\/04\/silage-forage-bale-production.webp 720w, https:\/\/balerwrapper.com\/wp-content\/uploads\/2026\/04\/silage-forage-bale-production-300x225.webp 300w, https:\/\/balerwrapper.com\/wp-content\/uploads\/2026\/04\/silage-forage-bale-production-16x12.webp 16w\" sizes=\"auto, (max-width: 720px) 100vw, 720px\" \/><figcaption class=\"wp-element-caption\">Silaj yem balyas\u0131 \u00fcretimi<\/figcaption><\/figure> <\/figure>    <h2 class=\"wp-block-heading\">\u00c7\u00f6z\u00fcm<\/h2>    <p>Y\u00fcksek verimlilik, m\u00fckemmel s\u0131zd\u0131rmazl\u0131k performans\u0131 ve g\u00fcvenilir \u00e7al\u0131\u015fma sunan bir silaj \u00e7\u00f6z\u00fcm\u00fc ar\u0131yorsan\u0131z, 9YDB-60-2 \u00e7ift film sarma silaj balya makinesi ideal se\u00e7imdir.<\/p>    <p class=\"translation-block\">Ayr\u0131ca, <strong><em><a href=\"https:\/\/balerwrapper.com\/tr\/product\/corn-silage-baler-machine\/\">55-52 yem balya sar\u0131c\u0131 sarmalay\u0131c\u0131<\/a><\/em><\/strong> ve standart <strong><em><a href=\"https:\/\/balerwrapper.com\/tr\/product\/silage-baling-and-wrapping-machine\/\">60 serisi silaj balya makinesi<\/a><\/em><\/strong> gibi \u00e7e\u015fitli modeller de sunuyoruz, bunlar ihtiya\u00e7lar\u0131n\u0131za g\u00f6re esnek \u015fekilde yap\u0131land\u0131r\u0131labilir.<\/p>    <p>L\u00fctfen detayl\u0131 \u00e7\u00f6z\u00fcmler ve fiyat teklifleri i\u00e7in bizimle istedi\u011finiz zaman ileti\u015fime ge\u00e7mekten \u00e7ekinmeyin, b\u00f6ylece silaj \u00fcretiminizi daha verimli ve stabil hale getirebiliriz.<\/p>","protected":false},"excerpt":{"rendered":"<p>The 9YDB-60-2 dual film wrapping silage baler machine features PLC-based fully automatic control, enabling high-density baling and sealing with a production capacity of 60\u201385 bales per hour.<\/p>","protected":false},"author":1,"featured_media":1237,"parent":0,"template":"","tags":[45,35],"product-type":[7],"class_list":["post-1226","product","type-product","status-publish","has-post-thumbnail","hentry","tag-forage","tag-silage","product-type-silage-baler"],"_links":{"self":[{"href":"https:\/\/balerwrapper.com\/tr\/wp-json\/wp\/v2\/product\/1226","targetHints":{"allow":["GET"]}}],"collection":[{"href":"https:\/\/balerwrapper.com\/tr\/wp-json\/wp\/v2\/product"}],"about":[{"href":"https:\/\/balerwrapper.com\/tr\/wp-json\/wp\/v2\/types\/product"}],"author":[{"embeddable":true,"href":"https:\/\/balerwrapper.com\/tr\/wp-json\/wp\/v2\/users\/1"}],"wp:featuredmedia":[{"embeddable":true,"href":"https:\/\/balerwrapper.com\/tr\/wp-json\/wp\/v2\/media\/1237"}],"wp:attachment":[{"href":"https:\/\/balerwrapper.com\/tr\/wp-json\/wp\/v2\/media?parent=1226"}],"wp:term":[{"taxonomy":"post_tag","embeddable":true,"href":"https:\/\/balerwrapper.com\/tr\/wp-json\/wp\/v2\/tags?post=1226"},{"taxonomy":"product-type","embeddable":true,"href":"https:\/\/balerwrapper.com\/tr\/wp-json\/wp\/v2\/product-type?post=1226"}],"curies":[{"name":"wp","href":"https:\/\/api.w.org\/{rel}","templated":true}]}}