{"id":1217,"date":"2026-04-07T16:56:29","date_gmt":"2026-04-07T08:56:29","guid":{"rendered":"https:\/\/balerwrapper.com\/?post_type=product&#038;p=1217"},"modified":"2026-04-07T16:56:30","modified_gmt":"2026-04-07T08:56:30","slug":"manure-cleaning-machine","status":"publish","type":"product","link":"https:\/\/balerwrapper.com\/tr\/product\/manure-cleaning-machine\/","title":{"rendered":"\u00c7iftlik G\u00fcbre Temizleme Makinesi | Otomatik \u0130nek D\u00f6l\u00fc Kaz\u0131y\u0131c\u0131"},"content":{"rendered":"<div class=\"kk-star-ratings kksr-auto kksr-align-left kksr-valign-top\"     data-payload='{&quot;align&quot;:&quot;left&quot;,&quot;id&quot;:&quot;1217&quot;,&quot;slug&quot;:&quot;default&quot;,&quot;valign&quot;:&quot;top&quot;,&quot;ignore&quot;:&quot;&quot;,&quot;reference&quot;:&quot;auto&quot;,&quot;class&quot;:&quot;&quot;,&quot;count&quot;:&quot;82&quot;,&quot;legendonly&quot;:&quot;&quot;,&quot;readonly&quot;:&quot;&quot;,&quot;score&quot;:&quot;4.8&quot;,&quot;starsonly&quot;:&quot;&quot;,&quot;best&quot;:&quot;5&quot;,&quot;gap&quot;:&quot;5&quot;,&quot;greet&quot;:&quot;Rate this product&quot;,&quot;legend&quot;:&quot;4.8\\\/5 - (82 votes)&quot;,&quot;size&quot;:&quot;24&quot;,&quot;title&quot;:&quot;Farm Manure Cleaning Machine | Automatic Cow Dung Scraper&quot;,&quot;width&quot;:&quot;136.7&quot;,&quot;_legend&quot;:&quot;{score}\\\/{best} - ({count} {votes})&quot;,&quot;font_factor&quot;:&quot;1.25&quot;}'>              <div class=\"kksr-stars\">      <div class=\"kksr-stars-inactive\">             <div class=\"kksr-star\" data-star=\"1\" style=\"padding-right: 5px\">               <div class=\"kksr-icon\" style=\"width: 24px; height: 24px;\"><\/div>         <\/div>             <div class=\"kksr-star\" data-star=\"2\" style=\"padding-right: 5px\">               <div class=\"kksr-icon\" style=\"width: 24px; height: 24px;\"><\/div>         <\/div>             <div class=\"kksr-star\" data-star=\"3\" style=\"padding-right: 5px\">               <div class=\"kksr-icon\" style=\"width: 24px; height: 24px;\"><\/div>         <\/div>             <div class=\"kksr-star\" data-star=\"4\" style=\"padding-right: 5px\">               <div class=\"kksr-icon\" style=\"width: 24px; height: 24px;\"><\/div>         <\/div>             <div class=\"kksr-star\" data-star=\"5\" style=\"padding-right: 5px\">               <div class=\"kksr-icon\" style=\"width: 24px; height: 24px;\"><\/div>         <\/div>     <\/div>      <div class=\"kksr-stars-active\" style=\"width: 136.7px;\">             <div class=\"kksr-star\" style=\"padding-right: 5px\">               <div class=\"kksr-icon\" style=\"width: 24px; height: 24px;\"><\/div>         <\/div>             <div class=\"kksr-star\" style=\"padding-right: 5px\">               <div class=\"kksr-icon\" style=\"width: 24px; height: 24px;\"><\/div>         <\/div>             <div class=\"kksr-star\" style=\"padding-right: 5px\">               <div class=\"kksr-icon\" style=\"width: 24px; height: 24px;\"><\/div>         <\/div>             <div class=\"kksr-star\" style=\"padding-right: 5px\">               <div class=\"kksr-icon\" style=\"width: 24px; height: 24px;\"><\/div>         <\/div>             <div class=\"kksr-star\" style=\"padding-right: 5px\">               <div class=\"kksr-icon\" style=\"width: 24px; height: 24px;\"><\/div>         <\/div>     <\/div> <\/div>                   <div class=\"kksr-legend\" style=\"font-size: 19.2px;\">             4.8\/5 - (82 oy)    <\/div>     <\/div>  <p>The manure cleaning machine is specifically designed for modern livestock farms, including large-scale dairy farms, cattle farms, and sheep farms. It employs a fully automated process featuring front-mounted auger mixing and collection, chain scraper conveyance, and rear-mounted hydraulic tipping for unloading. Each truck completes the process in just 3\u20138 minutes with a cleaning efficiency of \u226599%, capable of clearing manure from a 1,000-head dairy farm in approximately 2 hours.<\/p>    <p>\u00d6n kaz\u0131y\u0131c\u0131 ve zincirli konvey\u00f6r tasar\u0131m\u0131, g\u00fcbrenin kapsaml\u0131 toplanmas\u0131n\u0131 sa\u011flar, manuel eme\u011fi azalt\u0131r ve \u00e7iftlik hijyenini art\u0131r\u0131r. Ayr\u0131ca amonyak emisyonlar\u0131n\u0131 ve bakteriyel b\u00fcy\u00fcmeyi en aza indirir, hayvan sa\u011fl\u0131\u011f\u0131n\u0131 destekler ve modern hayvanc\u0131l\u0131k operasyonlar\u0131 i\u00e7in verimli, d\u00fc\u015f\u00fck maliyetli ve enerji tasarruflu g\u00fcbre y\u00f6netimi \u00e7\u00f6z\u00fcm\u00fc sunar.<\/p>    <figure class=\"wp-block-embed aligncenter is-type-video is-provider-youtube wp-block-embed-youtube wp-embed-aspect-16-9 wp-has-aspect-ratio\"><div class=\"wp-block-embed__wrapper\"> <iframe loading=\"lazy\" title=\"Efficient Cow &amp; Sheep Manure Cleaning Machine | Smart Farm Cleaning Equipment \ud83d\ude9c\ud83d\udc04#cleaner\" width=\"500\" height=\"281\" src=\"https:\/\/www.youtube.com\/embed\/Np55Evcl7-o?feature=oembed\" frameborder=\"0\" allow=\"accelerometer; autoplay; clipboard-write; encrypted-media; gyroscope; picture-in-picture; web-share\" referrerpolicy=\"strict-origin-when-cross-origin\" allowfullscreen><\/iframe> <\/div><figcaption class=\"wp-element-caption\">Otomatik inek g\u00fcbresi temizleme \u00e7iftlik g\u00fcbre temizleme makinesi \u00e7al\u0131\u015fma videosu<\/figcaption><\/figure>    <h2 class=\"wp-block-heading\">Otomatik g\u00fcbre kaz\u0131y\u0131c\u0131 uygulamalar\u0131<\/h2>    <ul class=\"wp-block-list\"> <li>G\u00fcnl\u00fck g\u00fcbre kald\u0131rma ve hijyen y\u00f6netimi, s\u00fct \u00e7iftlikleri, s\u0131\u011f\u0131r \u00e7iftlikleri ve koyun \u00e7iftliklerinde.<\/li>    <li>B\u00fcy\u00fck \u00f6l\u00e7ekli meralarda ve yo\u011fun hayvanc\u0131l\u0131k \u00e7iftliklerinde verimli g\u00fcbre y\u00f6netimi.<\/li>    <li>\u00dc\u00e7 veya d\u00f6rt tekerlekli dizel ara\u00e7larla kullan\u0131labilir, \u00e7e\u015fitli alanlar\u0131n ihtiya\u00e7lar\u0131n\u0131 kar\u015f\u0131lar.<\/li>    <li>\u00c7iftlik ortam\u0131n\u0131 \u00f6nemli \u00f6l\u00e7\u00fcde iyile\u015ftirir, hastal\u0131k yay\u0131l\u0131m\u0131n\u0131 azalt\u0131r ve hayvan sa\u011fl\u0131\u011f\u0131n\u0131 art\u0131r\u0131r.<\/li> <\/ul>    <h2 class=\"wp-block-heading\">Otomatik g\u00fcbre temizleme makinesi \u00f6zellikleri<\/h2>    <ul class=\"wp-block-list\"> <li>Y\u00fcksek verimli otomasyon: tek bir operat\u00f6r t\u00fcm temizleme i\u015flemini tamamlayabilir; 3m\u00b3 model i\u00e7in 3-5 dakika ve 5m\u00b3 model i\u00e7in 5-8 dakika ba\u015f\u0131na y\u00fck.<\/li>    <li>Dayan\u0131kl\u0131 ve g\u00fcvenilir: a\u011f\u0131r hizmet tipi, a\u015f\u0131nmaya dayan\u0131kl\u0131 kaz\u0131y\u0131c\u0131 zincirler ve kal\u0131n paslanmaz \u00e7elik toplama kovalar\u0131 korozyona, a\u015f\u0131nmaya ve uzun hizmet \u00f6mr\u00fcne kar\u015f\u0131 dayan\u0131kl\u0131l\u0131k sa\u011flar.<\/li>    <li>Y\u00fcksek uyarlanabilirlik: g\u00fcbre kal\u0131nl\u0131\u011f\u0131na g\u00f6re kesintisiz h\u0131z ayar\u0131, farkl\u0131 alanlara, g\u00fcbre hacimlerine ve iklim ko\u015fullar\u0131na uyum sa\u011flar.<\/li>    <li>G\u00fcvenli ve \u00e7evre dostu: g\u00fcbre kontaminasyonunu ve amonyak birikimini azalt\u0131r, hayvan hastal\u0131klar\u0131n\u0131n \u00f6nlenmesine ve kontrol\u00fcne etkin \u015fekilde yard\u0131mc\u0131 olur, ah\u0131r ko\u015fullar\u0131n\u0131 iyile\u015ftirir.<\/li>    <li>Maliyet etkin: i\u015f\u00e7ilik maliyetlerini ve temizlik s\u00fcresini azalt\u0131r, genel \u00e7iftlik verimlili\u011fini art\u0131r\u0131r.<\/li> <\/ul>    <figure class=\"wp-block-gallery has-nested-images columns-default is-cropped wp-block-gallery-2 is-layout-flex wp-block-gallery-is-layout-flex\"> <figure class=\"wp-block-image size-large\"><img loading=\"lazy\" decoding=\"async\" width=\"720\" height=\"540\" data-id=\"1221\" src=\"https:\/\/balerwrapper.com\/wp-content\/uploads\/2026\/04\/manure-cleaning-machine.webp\" alt=\"g\u00fcbre temizleme makinesi\" class=\"wp-image-1221\" srcset=\"https:\/\/balerwrapper.com\/wp-content\/uploads\/2026\/04\/manure-cleaning-machine.webp 720w, https:\/\/balerwrapper.com\/wp-content\/uploads\/2026\/04\/manure-cleaning-machine-300x225.webp 300w, https:\/\/balerwrapper.com\/wp-content\/uploads\/2026\/04\/manure-cleaning-machine-16x12.webp 16w\" sizes=\"auto, (max-width: 720px) 100vw, 720px\" \/><figcaption class=\"wp-element-caption\">g\u00fcbre temizleme makinesi<\/figcaption><\/figure>    <figure class=\"wp-block-image size-large\"><img loading=\"lazy\" decoding=\"async\" width=\"720\" height=\"540\" data-id=\"1220\" src=\"https:\/\/balerwrapper.com\/wp-content\/uploads\/2026\/04\/cow-dung-cleaner-machine.webp\" alt=\"inek g\u00fcbresi temizleme makinesi\" class=\"wp-image-1220\" srcset=\"https:\/\/balerwrapper.com\/wp-content\/uploads\/2026\/04\/cow-dung-cleaner-machine.webp 720w, https:\/\/balerwrapper.com\/wp-content\/uploads\/2026\/04\/cow-dung-cleaner-machine-300x225.webp 300w, https:\/\/balerwrapper.com\/wp-content\/uploads\/2026\/04\/cow-dung-cleaner-machine-16x12.webp 16w\" sizes=\"auto, (max-width: 720px) 100vw, 720px\" \/><figcaption class=\"wp-element-caption\">inek g\u00fcbresi temizleme makinesi<\/figcaption><\/figure> <\/figure>    <h2 class=\"wp-block-heading\">Hayvan at\u0131\u011f\u0131 temizleyici nas\u0131l \u00e7al\u0131\u015f\u0131r?<\/h2>    <ul class=\"wp-block-list\"> <li>Vida kar\u0131\u015ft\u0131rma ve toplama: \u00f6n monte edilmi\u015f vida kar\u0131\u015ft\u0131r\u0131c\u0131, s\u0131\u011f\u0131r veya koyun ah\u0131rlar\u0131ndan g\u00fcbre toplar ve temizlik alan\u0131na y\u00f6nlendirir.<\/li>    <li>Zincirli kaz\u0131y\u0131c\u0131 konvey\u00f6r: toplanan g\u00fcbre, a\u015f\u0131nmaya dayan\u0131kl\u0131 zincir arac\u0131l\u0131\u011f\u0131yla arac\u0131n y\u00fck yata\u011f\u0131na ta\u015f\u0131n\u0131r.<\/li>    <li>Hidrolik devrilerek bo\u015faltma: ara\u00e7 tamamen y\u00fcklendi\u011finde, kovas\u0131 otomatik olarak devrilerek g\u00fcbrenin bo\u015falt\u0131lmas\u0131n\u0131 sa\u011flar, h\u0131zl\u0131 ve s\u00fcrekli \u00e7al\u0131\u015fma imkan\u0131 sunar.<\/li>    <li>S\u00fcrekli temizlik: operat\u00f6rler, verimli temizlik sa\u011flamak i\u00e7in g\u00fcbrenin kal\u0131nl\u0131\u011f\u0131na g\u00f6re ileri h\u0131z\u0131n\u0131 ayarlayabilir.<\/li> <\/ul>    <h2 class=\"wp-block-heading\">Ah\u0131r g\u00fcbre temizleme makinesi \u00f6zellikleri<\/h2>    <figure class=\"wp-block-table is-style-stripes\"><table class=\"has-fixed-layout\"><tbody><tr><td><strong>Modeli<\/strong><\/td><td><strong>QF-3<\/strong><\/td><td><strong>QF-5<\/strong><\/td><\/tr><tr><td>Sepet Hacmi<\/td><td>3 m\u00b3<\/td><td>5 m\u00b3<\/td><\/tr><tr><td>Boyut<\/td><td>4500\u00d71450\u00d72450 mm<\/td><td>5200\u00d72200\u00d72600 mm<\/td><\/tr><tr><td>G\u00fc\u00e7<\/td><td>25 HP Dizel Motor<\/td><td>Dizel Motor<\/td><\/tr><tr><td>Y\u00fcr\u00fcy\u00fc\u015f G\u00fcc\u00fc<\/td><td>\u00dc\u00e7 tekerlekli<\/td><td>D\u00f6rt tekerlekli Kamyon<\/td><\/tr><tr><td>\u00dcretim Kapasitesi<\/td><td>3\u20135 dk\/ara\u00e7<\/td><td>5\u20138 dk\/ara\u00e7<\/td><\/tr><tr><td>G\u00fcbre Temizleme Geni\u015fli\u011fi<\/td><td>1500 mm<\/td><td>2000 mm<\/td><\/tr><tr><td>Lastik Say\u0131s\u0131<\/td><td>3 adet<\/td><td>4 adet<\/td><\/tr><tr><td>G\u00fcbre Toplama Sistemi<\/td><td>Vida   Zincir Kaz\u0131y\u0131c\u0131 Konvey\u00f6r<\/td><td>Vida   Zincir Kaz\u0131y\u0131c\u0131 Konvey\u00f6r<\/td><\/tr><tr><td>Bo\u015faltma Y\u00f6ntemi<\/td><td>Hidrolik Tipping<\/td><td>Hidrolik Tipping<\/td><\/tr><\/tbody><\/table><figcaption class=\"wp-element-caption\">G\u00fcbre temizleme makinesinin teknik parametreleri<\/figcaption><\/figure>    <figure class=\"wp-block-gallery has-nested-images columns-default is-cropped wp-block-gallery-3 is-layout-flex wp-block-gallery-is-layout-flex\"> <figure class=\"wp-block-image size-large\"><img loading=\"lazy\" decoding=\"async\" width=\"720\" height=\"540\" data-id=\"1223\" src=\"https:\/\/balerwrapper.com\/wp-content\/uploads\/2026\/04\/livestock-manure-scraper.webp\" alt=\"hayvan g\u00fcbresi kaz\u0131y\u0131c\u0131\" class=\"wp-image-1223\" srcset=\"https:\/\/balerwrapper.com\/wp-content\/uploads\/2026\/04\/livestock-manure-scraper.webp 720w, https:\/\/balerwrapper.com\/wp-content\/uploads\/2026\/04\/livestock-manure-scraper-300x225.webp 300w, https:\/\/balerwrapper.com\/wp-content\/uploads\/2026\/04\/livestock-manure-scraper-16x12.webp 16w\" sizes=\"auto, (max-width: 720px) 100vw, 720px\" \/><figcaption class=\"wp-element-caption\">hayvan g\u00fcbresi kaz\u0131y\u0131c\u0131<\/figcaption><\/figure>    <figure class=\"wp-block-image size-large\"><img loading=\"lazy\" decoding=\"async\" width=\"720\" height=\"540\" data-id=\"1222\" src=\"https:\/\/balerwrapper.com\/wp-content\/uploads\/2026\/04\/dairy-barn-cleaning-machine.webp\" alt=\"G\u00fcbre temizleme makinesi, toplama, ta\u015f\u0131ma ve otomatik bo\u015faltmay\u0131 birle\u015ftirerek, 3 ila 8 dakika i\u00e7inde tek bir i\u015flem tamamlar, b\u00f6ylece \u00e7iftlik hijyenini ve \u00fcretim verimlili\u011fini \u00f6nemli \u00f6l\u00e7\u00fcde art\u0131r\u0131r.\" class=\"wp-image-1222\" srcset=\"https:\/\/balerwrapper.com\/wp-content\/uploads\/2026\/04\/dairy-barn-cleaning-machine.webp 720w, https:\/\/balerwrapper.com\/wp-content\/uploads\/2026\/04\/dairy-barn-cleaning-machine-300x225.webp 300w, https:\/\/balerwrapper.com\/wp-content\/uploads\/2026\/04\/dairy-barn-cleaning-machine-16x12.webp 16w\" sizes=\"auto, (max-width: 720px) 100vw, 720px\" \/><figcaption class=\"wp-element-caption\">s\u00fct \u00e7iftli\u011fi g\u00fcbre temizleme makinesi<\/figcaption><\/figure> <\/figure>    <h2 class=\"wp-block-heading\">Neden bizi se\u00e7melisiniz?<\/h2>    <ul class=\"wp-block-list\"> <li>\u00c7ok say\u0131da model mevcut: 3 m\u00b3, 5 m\u00b3 ve daha fazlas\u0131 kapasiteli modellerimiz, orta ve b\u00fcy\u00fck \u00f6l\u00e7ekli s\u00fct \u00e7iftliklerinin ihtiya\u00e7lar\u0131n\u0131 kar\u015f\u0131lar.<\/li>    <li>Tam otomatik tasar\u0131m: manuel eme\u011fi azalt\u0131r ve \u00fcretim verimlili\u011fini art\u0131r\u0131r.<\/li>    <li>G\u00fc\u00e7l\u00fc performans ve dayan\u0131kl\u0131 yap\u0131: y\u00fcksek kaliteli dizel motorlar, a\u015f\u0131nmaya dayan\u0131kl\u0131 zincirler ve paslanmaz \u00e7elik tanklar ile donat\u0131lm\u0131\u015ft\u0131r, zorlu \u00e7al\u0131\u015fma ko\u015fullar\u0131na dayan\u0131r.<\/li>    <li>Sat\u0131\u015f sonras\u0131 ve \u00f6zelle\u015ftirme hizmetleri: uzun vadeli g\u00fcvenilirlik sa\u011flar ve \u00e7iftlik b\u00fcy\u00fckl\u00fc\u011f\u00fc ile hayvan say\u0131s\u0131na g\u00f6re \u00e7\u00f6z\u00fcmler sunar.<\/li>    <li>Sa\u011fl\u0131k ve \u00e7evre faydalar\u0131: \u00e7iftlik ortam\u0131n\u0131 \u00f6nemli \u00f6l\u00e7\u00fcde iyile\u015ftirir, hastal\u0131k yay\u0131l\u0131m riskini azalt\u0131r ve s\u00fct ineklerinin verimlili\u011fini art\u0131r\u0131r.<\/li> <\/ul>    <h2 class=\"wp-block-heading\">Koridor g\u00fcbre kaz\u0131y\u0131c\u0131 fiyat\u0131<\/h2>    <p>G\u00fcbre temizleme makinelerinin fiyat\u0131, modele, otomasyon seviyesine, g\u00fc\u00e7 konfig\u00fcrasyonuna, malzemelere ve \u00f6zelle\u015ftirme gereksinimlerine ba\u011fl\u0131d\u0131r. QF-3 modeli orta \u00f6l\u00e7ekli \u00e7iftlikler i\u00e7in uygundur ve daha ekonomik bir fiyat sunar; QF-5 modeli ise b\u00fcy\u00fck \u00e7iftlikler i\u00e7in uygundur ve y\u00fcksek verimlilik ile dayan\u0131kl\u0131d\u0131r.<\/p>    <p>Hayvan g\u00fcbresi kaynak geri kazan\u0131m ihtiya\u00e7lar\u0131n\u0131 kar\u015f\u0131laman\u0131n yan\u0131 s\u0131ra, e\u015f zamanl\u0131 g\u00fcbre yayma makineleri de sunuyoruz. Bu makineler, toplanan g\u00fcbrenin tarlalara e\u015fit \u015fekilde da\u011f\u0131t\u0131lmas\u0131n\u0131 sa\u011flar, hayvanc\u0131l\u0131k ve bitki yeti\u015ftiricili\u011fi aras\u0131nda d\u00f6ng\u00fcsel ekonomi olu\u015fturur ve b\u00f6ylece ekonomik ve \u00e7evresel de\u011feri art\u0131r\u0131r.<\/p>    <p>L\u00fctfen bizimle ileti\u015fime ge\u00e7mekten \u00e7ekinmeyin, \u00e7iftli\u011finizin b\u00fcy\u00fckl\u00fc\u011f\u00fc, hayvan say\u0131s\u0131 ve b\u00fct\u00e7enize g\u00f6re en uygun entegre g\u00fcbre kald\u0131rma ve i\u015fleme \u00e7\u00f6z\u00fcm\u00fcn\u00fc \u00f6zelle\u015ftirelim.<\/p>","protected":false},"excerpt":{"rendered":"<p>The manure cleaning machine combines collection, conveyance, and automatic unloading, completing a single operation in 3 to 8 minutes, thereby significantly improving farm hygiene and production efficiency.<\/p>","protected":false},"author":1,"featured_media":1224,"parent":0,"template":"","tags":[],"product-type":[8],"class_list":["post-1217","product","type-product","status-publish","has-post-thumbnail","hentry","product-type-other-silage-machines"],"_links":{"self":[{"href":"https:\/\/balerwrapper.com\/tr\/wp-json\/wp\/v2\/product\/1217","targetHints":{"allow":["GET"]}}],"collection":[{"href":"https:\/\/balerwrapper.com\/tr\/wp-json\/wp\/v2\/product"}],"about":[{"href":"https:\/\/balerwrapper.com\/tr\/wp-json\/wp\/v2\/types\/product"}],"author":[{"embeddable":true,"href":"https:\/\/balerwrapper.com\/tr\/wp-json\/wp\/v2\/users\/1"}],"wp:featuredmedia":[{"embeddable":true,"href":"https:\/\/balerwrapper.com\/tr\/wp-json\/wp\/v2\/media\/1224"}],"wp:attachment":[{"href":"https:\/\/balerwrapper.com\/tr\/wp-json\/wp\/v2\/media?parent=1217"}],"wp:term":[{"taxonomy":"post_tag","embeddable":true,"href":"https:\/\/balerwrapper.com\/tr\/wp-json\/wp\/v2\/tags?post=1217"},{"taxonomy":"product-type","embeddable":true,"href":"https:\/\/balerwrapper.com\/tr\/wp-json\/wp\/v2\/product-type?post=1217"}],"curies":[{"name":"wp","href":"https:\/\/api.w.org\/{rel}","templated":true}]}}