{"id":13,"date":"2022-08-22T08:58:42","date_gmt":"2022-08-22T08:58:42","guid":{"rendered":"https:\/\/balerwrapper.com\/?page_id=13"},"modified":"2022-08-23T03:05:26","modified_gmt":"2022-08-23T03:05:26","slug":"about-us","status":"publish","type":"page","link":"https:\/\/balerwrapper.com\/tr\/about-us\/","title":{"rendered":"Hakk\u0131m\u0131zda"},"content":{"rendered":"<div class=\"wp-block-media-text alignwide is-stacked-on-mobile\"><figure class=\"wp-block-media-text__media\"><img loading=\"lazy\" decoding=\"async\" width=\"720\" height=\"540\" src=\"https:\/\/balerwrapper.com\/wp-content\/uploads\/2022\/08\/Taizy-machinery-_720_540.webp\" alt=\"\" class=\"wp-image-27 size-full\"\/><\/figure><div class=\"wp-block-media-text__content\"> <p>Taize Makina'n\u0131n kurulu\u015fundan bu yana s\u00fcrekli geli\u015fimle birlikte \u00f6l\u00e7e\u011fimiz b\u00fcy\u00fck \u00f6l\u00e7\u00fcde artmaktad\u0131r. Y\u0131llar s\u00fcren geli\u015fimin ard\u0131ndan yem makineleri \u00fcretim teknolojimiz olduk\u00e7a olgunla\u015ft\u0131. Farkl\u0131 makine imalat ba\u011flant\u0131lar\u0131n\u0131 y\u00f6netmek i\u00e7in farkl\u0131 departmanlar\u0131m\u0131z var. \u00d6rne\u011fin Ar-Ge departman\u0131, makinelerin ara\u015ft\u0131r\u0131lmas\u0131 ve g\u00fcncellenmesinden, \u00fcretim departman\u0131ndan, kalite kontrol departman\u0131ndan vb. sorumludur. Ayr\u0131ca m\u00fc\u015fterilerimize profesyonel, eksiksiz ve kaliteli hizmet ve \u00fcr\u00fcnler sunmak i\u00e7in profesyonel sat\u0131\u015f ve servis departmanlar\u0131m\u0131z bulunmaktad\u0131r.<\/p> <\/div><\/div>    <h2 class=\"wp-block-heading\" id=\"h-our-main-products\">Ana \u00fcr\u00fcnlerimiz<\/h2>    <p>Esas olarak balyalama ve sarma makineleri, \u00e7e\u015fitli giyotin makineleri, \u00e7e\u015fitli yem balya makineleri, saman k\u0131rma ve geri d\u00f6n\u00fc\u015f\u00fcm makineleri dahil olmak \u00fczere yemle ilgili makineler \u00fcretiyoruz ve kullan\u0131yoruz. Bu makineler, kullan\u0131c\u0131lar\u0131n \u00e7e\u015fitli yem t\u00fcrlerini hasat etmesine, besin de\u011ferini art\u0131racak yemleri paketlemesine, kolayca saklamas\u0131na ve ta\u015f\u0131mas\u0131na yard\u0131mc\u0131 olur. Baz\u0131 makineler daha y\u00fcksek verimle birlikte \u00e7al\u0131\u015farak daha fazla zaman ve i\u015f g\u00fcc\u00fc tasarrufu sa\u011flayabilir.<\/p>    <figure class=\"wp-block-gallery has-nested-images columns-default is-cropped wp-block-gallery-2 is-layout-flex wp-block-gallery-is-layout-flex\"> <figure class=\"wp-block-image size-large\"><img loading=\"lazy\" decoding=\"async\" width=\"720\" height=\"540\" data-id=\"30\" src=\"https:\/\/balerwrapper.com\/wp-content\/uploads\/2022\/08\/silage-maker-machine-_720_540.webp\" alt=\"silaj balya makinesi \" class=\"wp-image-30\" title=\"silaj balya makinesi \"\/><figcaption>silaj balya makinesi <\/figcaption><\/figure>    <figure class=\"wp-block-image size-large\"><img loading=\"lazy\" decoding=\"async\" width=\"720\" height=\"540\" data-id=\"31\" src=\"https:\/\/balerwrapper.com\/wp-content\/uploads\/2022\/08\/corn-straw-cruher-machine-and-recycling-machine-tuya.webp\" alt=\"saman k\u0131rma ve geri d\u00f6n\u00fc\u015f\u00fcm makinas\u0131\" class=\"wp-image-31\" title=\"saman k\u0131rma ve geri d\u00f6n\u00fc\u015f\u00fcm makinas\u0131\"\/><figcaption>saman k\u0131rma ve geri d\u00f6n\u00fc\u015f\u00fcm makinas\u0131<\/figcaption><\/figure>    <figure class=\"wp-block-image size-large\"><img loading=\"lazy\" decoding=\"async\" width=\"720\" height=\"540\" data-id=\"32\" src=\"https:\/\/balerwrapper.com\/wp-content\/uploads\/2022\/08\/chaff-cutter-1-1.webp\" alt=\"saman kesici\" class=\"wp-image-32\" title=\"saman kesici\"\/><figcaption>saman kesici<\/figcaption><\/figure> <\/figure>    <h2 class=\"wp-block-heading\" id=\"h-honors-and-certificates\">Ba\u015far\u0131lar ve sertifikalar<\/h2>    <p>Taizy Machinery profesyonel bir yem makineleri \u00fcreticisidir. \u015eu ana kadar \u00e7e\u015fitli onur sertifikalar\u0131m\u0131z ve CE sertifikalar\u0131m\u0131z var.<\/p>    <figure class=\"wp-block-image size-full is-resized\"><img loading=\"lazy\" decoding=\"async\" src=\"https:\/\/balerwrapper.com\/wp-content\/uploads\/2022\/08\/honors-and-certifications-tuya.webp\" alt=\"Ba\u015far\u0131lar ve sertifikalar\" class=\"wp-image-35\" width=\"720\" height=\"540\" title=\"Ba\u015far\u0131lar ve sertifikalar\"\/><figcaption>Ba\u015far\u0131lar ve sertifikalar<\/figcaption><\/figure>    <h2 class=\"wp-block-heading\" id=\"h-customer-s-feedback\">M\u00fc\u015fterinin geri bildirimi<\/h2>    <p>Y\u00fcksek kaliteli makinelerimiz ve sat\u0131\u015f sonras\u0131 hizmetlerimiz nedeniyle bir\u00e7ok m\u00fc\u015fteri makinelerimizden memnun!<\/p>    <figure class=\"wp-block-image size-full\"><img loading=\"lazy\" decoding=\"async\" width=\"720\" height=\"540\" src=\"https:\/\/balerwrapper.com\/wp-content\/uploads\/2022\/08\/customer-feedback-tuya_720_540.webp\" alt=\"m\u00fc\u015fteri geri bildirimi\" class=\"wp-image-34\" title=\"m\u00fc\u015fteri geri bildirimi\"\/><figcaption>m\u00fc\u015fteri geri bildirimi<\/figcaption><\/figure>","protected":false},"excerpt":{"rendered":"<p>Since the establishment of Taize Machinery, with the continuous development, our scale has been increasing largely. And after years of development our feed machinery manufacturing technology has been quite mature. We have different departments to manage different machinery manufacturing links. For example, the R&amp;D department is responsible for researching and updating the machines, the manufacturing [&hellip;]<\/p>\n","protected":false},"author":1,"featured_media":0,"parent":0,"menu_order":0,"comment_status":"closed","ping_status":"closed","template":"","meta":{"footnotes":""},"class_list":["post-13","page","type-page","status-publish","hentry"],"_links":{"self":[{"href":"https:\/\/balerwrapper.com\/tr\/wp-json\/wp\/v2\/pages\/13","targetHints":{"allow":["GET"]}}],"collection":[{"href":"https:\/\/balerwrapper.com\/tr\/wp-json\/wp\/v2\/pages"}],"about":[{"href":"https:\/\/balerwrapper.com\/tr\/wp-json\/wp\/v2\/types\/page"}],"author":[{"embeddable":true,"href":"https:\/\/balerwrapper.com\/tr\/wp-json\/wp\/v2\/users\/1"}],"replies":[{"embeddable":true,"href":"https:\/\/balerwrapper.com\/tr\/wp-json\/wp\/v2\/comments?post=13"}],"version-history":[{"count":0,"href":"https:\/\/balerwrapper.com\/tr\/wp-json\/wp\/v2\/pages\/13\/revisions"}],"wp:attachment":[{"href":"https:\/\/balerwrapper.com\/tr\/wp-json\/wp\/v2\/media?parent=13"}],"curies":[{"name":"wp","href":"https:\/\/api.w.org\/{rel}","templated":true}]}}