{"id":743,"date":"2024-06-18T18:36:34","date_gmt":"2024-06-18T10:36:34","guid":{"rendered":"https:\/\/balerwrapper.com\/?post_type=product&#038;p=743"},"modified":"2026-04-23T16:46:14","modified_gmt":"2026-04-23T08:46:14","slug":"silage-baling-and-wrapping-machine","status":"publish","type":"product","link":"https:\/\/balerwrapper.com\/sw\/product\/silage-baling-and-wrapping-machine\/","title":{"rendered":"9YDB-60 Mashine ya Kuweka na Kufunga Silage ya Aina ya Mshipa"},"content":{"rendered":"<div class=\"kk-star-ratings kksr-auto kksr-align-left kksr-valign-top\"     data-payload='{&quot;align&quot;:&quot;left&quot;,&quot;id&quot;:&quot;743&quot;,&quot;slug&quot;:&quot;default&quot;,&quot;valign&quot;:&quot;top&quot;,&quot;ignore&quot;:&quot;&quot;,&quot;reference&quot;:&quot;auto&quot;,&quot;class&quot;:&quot;&quot;,&quot;count&quot;:&quot;96&quot;,&quot;legendonly&quot;:&quot;&quot;,&quot;readonly&quot;:&quot;&quot;,&quot;score&quot;:&quot;4.9&quot;,&quot;starsonly&quot;:&quot;&quot;,&quot;best&quot;:&quot;5&quot;,&quot;gap&quot;:&quot;5&quot;,&quot;greet&quot;:&quot;Rate this product&quot;,&quot;legend&quot;:&quot;4.9\\\/5 - (96 votes)&quot;,&quot;size&quot;:&quot;24&quot;,&quot;title&quot;:&quot;9YDB-60 Belt-type Automatic Silage Baling And Wrapping Machine&quot;,&quot;width&quot;:&quot;139.6&quot;,&quot;_legend&quot;:&quot;{score}\\\/{best} - ({count} {votes})&quot;,&quot;font_factor&quot;:&quot;1.25&quot;}'>              <div class=\"kksr-stars\">      <div class=\"kksr-stars-inactive\">             <div class=\"kksr-star\" data-star=\"1\" style=\"padding-right: 5px\">               <div class=\"kksr-icon\" style=\"width: 24px; height: 24px;\"><\/div>         <\/div>             <div class=\"kksr-star\" data-star=\"2\" style=\"padding-right: 5px\">               <div class=\"kksr-icon\" style=\"width: 24px; height: 24px;\"><\/div>         <\/div>             <div class=\"kksr-star\" data-star=\"3\" style=\"padding-right: 5px\">               <div class=\"kksr-icon\" style=\"width: 24px; height: 24px;\"><\/div>         <\/div>             <div class=\"kksr-star\" data-star=\"4\" style=\"padding-right: 5px\">               <div class=\"kksr-icon\" style=\"width: 24px; height: 24px;\"><\/div>         <\/div>             <div class=\"kksr-star\" data-star=\"5\" style=\"padding-right: 5px\">               <div class=\"kksr-icon\" style=\"width: 24px; height: 24px;\"><\/div>         <\/div>     <\/div>      <div class=\"kksr-stars-active\" style=\"width: 139.6px;\">             <div class=\"kksr-star\" style=\"padding-right: 5px\">               <div class=\"kksr-icon\" style=\"width: 24px; height: 24px;\"><\/div>         <\/div>             <div class=\"kksr-star\" style=\"padding-right: 5px\">               <div class=\"kksr-icon\" style=\"width: 24px; height: 24px;\"><\/div>         <\/div>             <div class=\"kksr-star\" style=\"padding-right: 5px\">               <div class=\"kksr-icon\" style=\"width: 24px; height: 24px;\"><\/div>         <\/div>             <div class=\"kksr-star\" style=\"padding-right: 5px\">               <div class=\"kksr-icon\" style=\"width: 24px; height: 24px;\"><\/div>         <\/div>             <div class=\"kksr-star\" style=\"padding-right: 5px\">               <div class=\"kksr-icon\" style=\"width: 24px; height: 24px;\"><\/div>         <\/div>     <\/div> <\/div>                   <div class=\"kksr-legend\" style=\"font-size: 19.2px;\">             4.9\/5 - (96 kura)    <\/div>     <\/div>  <p>Tumekuwa tukijikita katika uzalishaji na usafirishaji wa mashine za kufunga na kufunika silage kwa miaka mingi na tumepata uzoefu mkubwa katika tasnia. Sasa tunajivunia kuzindua kizazi kipya cha mashine ya kufunga silage ya aina 60 (9YDB-60).<\/p>    <p>Vifaa vinatumia muundo wa chumba cha kubana na muundo wa mkanda wa herringbone, na vina kazi nyingi za akili kama vile kubana kiotomatiki kabisa, kuvuta filamu, kufungua na kufunga hatch, na kutoa mfuko kwa nyuma. <\/p>    <p>Inabala 50-75 bales kwa saa, kila bale ina uzito kati ya 90-140 kg, na ukubwa wa bale ni \u03a6600\u00d7520mm. Wiani wa bale moja unazidi 800kg\/m\u00b3, na uwezo wa usindikaji wa kila siku unaweza kufikia tani 48. Ni vifaa bora kwa ajili ya kubalisha na kufunga katika ranchi na sekta za ufugaji.<\/p>    <figure class=\"wp-block-embed aligncenter is-type-video is-provider-youtube wp-block-embed-youtube wp-embed-aspect-16-9 wp-has-aspect-ratio\"><div class=\"wp-block-embed__wrapper\"> <iframe loading=\"lazy\" title=\"Mashine Mpya Zaidi ya Kulishea Silage Inayojiendesha Kikamilifu ya Lishe ya Kusaga na Kufunga!\" width=\"500\" height=\"281\" src=\"https:\/\/www.youtube.com\/embed\/R0KwAUTpV_s?feature=oembed\" frameborder=\"0\" allow=\"accelerometer; autoplay; clipboard-write; encrypted-media; gyroscope; picture-in-picture; web-share\" referrerpolicy=\"strict-origin-when-cross-origin\" allowfullscreen><\/iframe> <\/div><figcaption class=\"wp-element-caption\">video inayofanya kazi ya 9YDB-60 silage baling na mashine ya kufunga<\/figcaption><\/figure>    <h2 class=\"wp-block-heading\">Vikundi vinavyotumika vya mashine<\/h2>    <ul class=\"wp-block-list\"> <li>Farms and farms: s\u00e5som mejerig\u00e5rdar, n\u00f6tkreatursg\u00e5rdar, f\u00e5rg\u00e5rdar, etc. Det \u00e4r l\u00e4mpligt f\u00f6r att pressa och bevara stora m\u00e4ngder ensilage.<\/li>    <li>Cooperativ jordbruk och familjejordbruk: l\u00e4mpliga f\u00f6r sm\u00e5 och medelstora kooperativa enheter som kombinerar odling och uppf\u00f6dning, f\u00f6rb\u00e4ttrar effektiviteten i sk\u00f6rd och lagring samt minskar arbetskostnaderna.<\/li>    <li>Kampuni kubwa za kilimo: fanya operesheni ya kubalisha kiotomatiki kwa ufanisi wakati wa msimu wa mavuno ya silage, ambayo ni rahisi kwa usafirishaji na uhifadhi wa muda mrefu.<\/li>    <li>Tj\u00e4nsteleverant\u00f6r f\u00f6r uthyrning av jordbruksmaskiner: l\u00e4mplig f\u00f6r att tillhandah\u00e5lla pressningstj\u00e4nst som effektiv driftsutrustning f\u00f6r att m\u00f6ta olika kundbehov.<\/li> <\/ul>   <div class=\"wp-block-image\"> <figure class=\"aligncenter size-full\"><img loading=\"lazy\" decoding=\"async\" width=\"720\" height=\"540\" src=\"https:\/\/balerwrapper.com\/wp-content\/uploads\/2024\/06\/application-of-silage-baling-machine.webp\" alt=\"matumizi ya mashine ya kusaga silaji\" class=\"wp-image-746\" srcset=\"https:\/\/balerwrapper.com\/wp-content\/uploads\/2024\/06\/application-of-silage-baling-machine.webp 720w, https:\/\/balerwrapper.com\/wp-content\/uploads\/2024\/06\/application-of-silage-baling-machine-300x225.webp 300w, https:\/\/balerwrapper.com\/wp-content\/uploads\/2024\/06\/application-of-silage-baling-machine-16x12.webp 16w\" sizes=\"auto, (max-width: 720px) 100vw, 720px\" \/><figcaption class=\"wp-element-caption\">till\u00e4mpning av ensilagebalar och omslagmaskin<\/figcaption><\/figure> <\/div>   <h2 class=\"wp-block-heading\">Matumizi ya mashine za kufungia malisho<\/h2>    <ul class=\"wp-block-list\"> <li>Bevarande av foder: anv\u00e4nds fr\u00e4mst f\u00f6r att pressa och filma olika typer av foder som gr\u00e4s, halm, ensilage, etc. f\u00f6r l\u00e5ngtidslagring. Det filmade fodret isoleras fr\u00e5n luften f\u00f6r att f\u00f6rhindra j\u00e4sning och m\u00f6gel, vilket d\u00e4rmed bevarar det n\u00e4ringsm\u00e4ssiga inneh\u00e5llet i fodret.<\/li>    <li>Behandling ya taka: inaweza kuchakata taka za kilimo kama vile majani ya mazao, maganda, shina za mahindi, nk, na kuyapakia na kuyahifadhi kwa matumizi ya chakula au madhumuni mengine ili kupunguza uchafuzi wa mazingira.<\/li>    <li>Produktion av ensilage: genom filmbel\u00e4ggning och j\u00e4sning g\u00f6rs f\u00e4rskt fodergr\u00e4s eller gr\u00f6dorester till h\u00f6gkvalitativt ensilage, som \u00e4r l\u00e4mpligt f\u00f6r att utfodra boskap som n\u00f6tkreatur och f\u00e5r f\u00f6r att f\u00f6rb\u00e4ttra deras n\u00e4ringsstruktur.<\/li> <\/ul>    <figure class=\"wp-block-gallery has-nested-images columns-default is-cropped wp-block-gallery-2 is-layout-flex wp-block-gallery-is-layout-flex\"> <figure class=\"wp-block-image size-large\"><img loading=\"lazy\" decoding=\"async\" width=\"720\" height=\"540\" data-id=\"751\" src=\"https:\/\/balerwrapper.com\/wp-content\/uploads\/2024\/06\/forage-baling-machine.webp\" alt=\"mashine ya kusaga malisho\" class=\"wp-image-751\" srcset=\"https:\/\/balerwrapper.com\/wp-content\/uploads\/2024\/06\/forage-baling-machine.webp 720w, https:\/\/balerwrapper.com\/wp-content\/uploads\/2024\/06\/forage-baling-machine-300x225.webp 300w, https:\/\/balerwrapper.com\/wp-content\/uploads\/2024\/06\/forage-baling-machine-16x12.webp 16w\" sizes=\"auto, (max-width: 720px) 100vw, 720px\" \/><figcaption class=\"wp-element-caption\">mashine ya kusaga malisho<\/figcaption><\/figure>    <figure class=\"wp-block-image size-large\"><img loading=\"lazy\" decoding=\"async\" width=\"720\" height=\"540\" data-id=\"752\" src=\"https:\/\/balerwrapper.com\/wp-content\/uploads\/2024\/06\/silage-baling-and-wrapping-machine.webp\" alt=\"silage baling na wrapping mashine\" class=\"wp-image-752\" srcset=\"https:\/\/balerwrapper.com\/wp-content\/uploads\/2024\/06\/silage-baling-and-wrapping-machine.webp 720w, https:\/\/balerwrapper.com\/wp-content\/uploads\/2024\/06\/silage-baling-and-wrapping-machine-300x225.webp 300w, https:\/\/balerwrapper.com\/wp-content\/uploads\/2024\/06\/silage-baling-and-wrapping-machine-16x12.webp 16w\" sizes=\"auto, (max-width: 720px) 100vw, 720px\" \/><figcaption class=\"wp-element-caption\">silage baling na wrapping mashine<\/figcaption><\/figure> <\/figure>    <h2 class=\"wp-block-heading\">9YDB-60 Muundo wa mashine ya kufungia silaji na ya kufunga<\/h2>    <p>Mashine hii hasa ina sehemu mbili, ikiwa ni pamoja na baling bin na sehemu ya kufunika filamu.<\/p>    <p>Mashine mpya ya 9YDB-60 ya kuwekea silaji na kuifunga inatofautiana na miundo ya awali ya TZ-55-52 na 70 kwa kuwa miundo miwili ya kwanza iliweza kutumia kamba za majani na nyavu kwa ajili ya chakula cha kuwekea, wakati 9YDB-60 mpya inaweza kutumia tu. filamu ya uwazi ya plastiki kwa baling.<\/p>   <div class=\"wp-block-image\"> <figure class=\"aligncenter size-full\"><img loading=\"lazy\" decoding=\"async\" width=\"720\" height=\"540\" src=\"https:\/\/balerwrapper.com\/wp-content\/uploads\/2024\/06\/belt-type-silage-baler-machine-structure.webp\" alt=\"muundo wa mashine ya silaji ya aina ya ukanda\" class=\"wp-image-745\" srcset=\"https:\/\/balerwrapper.com\/wp-content\/uploads\/2024\/06\/belt-type-silage-baler-machine-structure.webp 720w, https:\/\/balerwrapper.com\/wp-content\/uploads\/2024\/06\/belt-type-silage-baler-machine-structure-300x225.webp 300w, https:\/\/balerwrapper.com\/wp-content\/uploads\/2024\/06\/belt-type-silage-baler-machine-structure-16x12.webp 16w\" sizes=\"auto, (max-width: 720px) 100vw, 720px\" \/><figcaption class=\"wp-element-caption\">muundo wa mashine ya silaji ya aina ya ukanda<\/figcaption><\/figure> <\/div>   <h2 class=\"wp-block-heading\">Onyesho la maelezo ya baler ya Hay<\/h2>    <p>Efter att ha f\u00f6rst\u00e5tt den \u00f6vergripande strukturen av ensilagebalarens och omslagningens maskin, l\u00e5t oss dyka ner i detaljerna om n\u00e5gra nyckelkomponenter. Dessa komponenter spelar en avg\u00f6rande roll i den effektiva driften och p\u00e5litliga prestandan hos maskinen. <\/p>    <p>F\u00f6ljande kommer att anv\u00e4nda n\u00e5gra detaljerade visningsdiagram f\u00f6r att hj\u00e4lpa dig att mer intuitivt f\u00f6rst\u00e5 de strukturella detaljerna och arbetsprinciperna f\u00f6r denna maskin.<\/p>    <figure class=\"wp-block-gallery has-nested-images columns-2 is-cropped wp-block-gallery-3 is-layout-flex wp-block-gallery-is-layout-flex\"> <figure class=\"wp-block-image size-large\"><img loading=\"lazy\" decoding=\"async\" width=\"720\" height=\"540\" data-id=\"754\" src=\"https:\/\/balerwrapper.com\/wp-content\/uploads\/2024\/06\/Conveyor-belt-and-plastic-film.webp\" alt=\"Ukanda wa conveyor na filamu ya plastiki\" class=\"wp-image-754\" srcset=\"https:\/\/balerwrapper.com\/wp-content\/uploads\/2024\/06\/Conveyor-belt-and-plastic-film.webp 720w, https:\/\/balerwrapper.com\/wp-content\/uploads\/2024\/06\/Conveyor-belt-and-plastic-film-300x225.webp 300w, https:\/\/balerwrapper.com\/wp-content\/uploads\/2024\/06\/Conveyor-belt-and-plastic-film-16x12.webp 16w\" sizes=\"auto, (max-width: 720px) 100vw, 720px\" \/><figcaption class=\"wp-element-caption\">Ukanda wa conveyor na filamu ya plastiki<\/figcaption><\/figure>    <figure class=\"wp-block-image size-large\"><img loading=\"lazy\" decoding=\"async\" width=\"720\" height=\"540\" data-id=\"756\" src=\"https:\/\/balerwrapper.com\/wp-content\/uploads\/2024\/06\/PLC-control-cabinet-and-bin.webp\" alt=\"Baraza la mawaziri la kudhibiti PLC na pipa\" class=\"wp-image-756\" srcset=\"https:\/\/balerwrapper.com\/wp-content\/uploads\/2024\/06\/PLC-control-cabinet-and-bin.webp 720w, https:\/\/balerwrapper.com\/wp-content\/uploads\/2024\/06\/PLC-control-cabinet-and-bin-300x225.webp 300w, https:\/\/balerwrapper.com\/wp-content\/uploads\/2024\/06\/PLC-control-cabinet-and-bin-16x12.webp 16w\" sizes=\"auto, (max-width: 720px) 100vw, 720px\" \/><figcaption class=\"wp-element-caption\">Baraza la mawaziri la kudhibiti PLC na pipa<\/figcaption><\/figure>    <figure class=\"wp-block-image size-large\"><img loading=\"lazy\" decoding=\"async\" width=\"720\" height=\"540\" data-id=\"753\" src=\"https:\/\/balerwrapper.com\/wp-content\/uploads\/2024\/06\/baling-belt-and-wrap-machine.webp\" alt=\"baling ukanda na wrap mashine\" class=\"wp-image-753\" srcset=\"https:\/\/balerwrapper.com\/wp-content\/uploads\/2024\/06\/baling-belt-and-wrap-machine.webp 720w, https:\/\/balerwrapper.com\/wp-content\/uploads\/2024\/06\/baling-belt-and-wrap-machine-300x225.webp 300w, https:\/\/balerwrapper.com\/wp-content\/uploads\/2024\/06\/baling-belt-and-wrap-machine-16x12.webp 16w\" sizes=\"auto, (max-width: 720px) 100vw, 720px\" \/><figcaption class=\"wp-element-caption\">baling ukanda na wrap mashine<\/figcaption><\/figure>    <figure class=\"wp-block-image size-large\"><img loading=\"lazy\" decoding=\"async\" width=\"720\" height=\"540\" data-id=\"755\" src=\"https:\/\/balerwrapper.com\/wp-content\/uploads\/2024\/06\/film-cutter-and-intelligent-alarming.webp\" alt=\"kikata filamu na akili ya kutisha\" class=\"wp-image-755\" srcset=\"https:\/\/balerwrapper.com\/wp-content\/uploads\/2024\/06\/film-cutter-and-intelligent-alarming.webp 720w, https:\/\/balerwrapper.com\/wp-content\/uploads\/2024\/06\/film-cutter-and-intelligent-alarming-300x225.webp 300w, https:\/\/balerwrapper.com\/wp-content\/uploads\/2024\/06\/film-cutter-and-intelligent-alarming-16x12.webp 16w\" sizes=\"auto, (max-width: 720px) 100vw, 720px\" \/><figcaption class=\"wp-element-caption\">kikata filamu na akili ya kutisha<\/figcaption><\/figure> <\/figure>    <h2 class=\"wp-block-heading\">Kanuni ya kazi ya mashine ya silage baler<\/h2>   <div id=\"rank-math-howto\" class=\"rank-math-block\" > <div class=\"rank-math-howto-description\"> <img loading=\"lazy\" decoding=\"async\" width=\"720\" height=\"540\" src=\"https:\/\/balerwrapper.com\/wp-content\/uploads\/2024\/06\/silage-feed-compact-baler.webp\" class=\"attachment-full size-full\" alt=\"silage kulisha kompakt baler\" srcset=\"https:\/\/balerwrapper.com\/wp-content\/uploads\/2024\/06\/silage-feed-compact-baler.webp 720w, https:\/\/balerwrapper.com\/wp-content\/uploads\/2024\/06\/silage-feed-compact-baler-300x225.webp 300w, https:\/\/balerwrapper.com\/wp-content\/uploads\/2024\/06\/silage-feed-compact-baler-16x12.webp 16w\" sizes=\"auto, (max-width: 720px) 100vw, 720px\" \/> <p class=\"translation-block\">Nyenzo ghafi za mashine ya kukandamiza na kufunga silaji kwa kawaida huchakatwa na kitengeneza nyasi. Kulingana na mahitaji yako ya ubora wa silaji iliyokamilishwa, tunatoa aina tofauti za mashine za kukata nyasi. Unaweza kujifunza zaidi kuzihusu kwa kubofya <strong><em><a href=\"https:\/\/balerwrapper.com\/sw\/products\/chaff-cutter\/\">https:\/\/balerwrapper.com\/products\/chaff-cutter\/<\/a><\/em><\/strong>. Nyasi iliyochakatwa hufungwa na kufungwa kupitia mchakato ufuatao.<\/p>  <\/div>  <div class=\"rank-math-steps\"> <div id=\"howto-step-1718700563266\" class=\"rank-math-step\"> <h3 class=\"rank-math-step-title\">Baling ya kulisha silage<\/h3> <div class=\"rank-math-step-content\"><p>Lishe hulishwa haraka na sawasawa ndani ya pipa la baling kupitia ukanda wa kulisha. Vifaa vya kukandamiza kama vile mshipa wa sill katika pipa hubana lishe kwenye marobota ya silinda ya takriban kilo 120, ambayo hufungwa kwa filamu ya plastiki.<\/p> <\/div> <\/div> <div id=\"howto-step-1718700622406\" class=\"rank-math-step\"> <h3 class=\"rank-math-step-title\">Sehemu ya kufunga<\/h3> <div class=\"rank-math-step-content\"><p>Mabao yaliyofungwa yamefungwa na kifaa cha kukunja filamu, ambacho huvuta filamu ya plastiki kiotomatiki na kuifunga sawasawa kwenye uso wa bale ili kuhakikisha kwamba bale imefungwa kabisa kwenye filamu ili kutenga hewa na kuzuia kuchacha na ukungu.<\/p> <\/div> <\/div> <\/div> <\/div>       <figure class=\"wp-block-gallery has-nested-images columns-default is-cropped wp-block-gallery-4 is-layout-flex wp-block-gallery-is-layout-flex\"> <figure class=\"wp-block-image size-large\"><img loading=\"lazy\" decoding=\"async\" width=\"720\" height=\"540\" data-id=\"749\" src=\"https:\/\/balerwrapper.com\/wp-content\/uploads\/2024\/06\/livestock-feed-baling-machine.webp\" alt=\"mashine ya kukoboa malisho ya mifugo\" class=\"wp-image-749\" srcset=\"https:\/\/balerwrapper.com\/wp-content\/uploads\/2024\/06\/livestock-feed-baling-machine.webp 720w, https:\/\/balerwrapper.com\/wp-content\/uploads\/2024\/06\/livestock-feed-baling-machine-300x225.webp 300w, https:\/\/balerwrapper.com\/wp-content\/uploads\/2024\/06\/livestock-feed-baling-machine-16x12.webp 16w\" sizes=\"auto, (max-width: 720px) 100vw, 720px\" \/><figcaption class=\"wp-element-caption\">mashine ya kukoboa malisho ya mifugo<\/figcaption><\/figure>    <figure class=\"wp-block-image size-large\"><img loading=\"lazy\" decoding=\"async\" width=\"720\" height=\"540\" data-id=\"750\" src=\"https:\/\/balerwrapper.com\/wp-content\/uploads\/2024\/06\/silage-round-baler-for-sale.webp\" alt=\"silage round baler inauzwa\" class=\"wp-image-750\" srcset=\"https:\/\/balerwrapper.com\/wp-content\/uploads\/2024\/06\/silage-round-baler-for-sale.webp 720w, https:\/\/balerwrapper.com\/wp-content\/uploads\/2024\/06\/silage-round-baler-for-sale-300x225.webp 300w, https:\/\/balerwrapper.com\/wp-content\/uploads\/2024\/06\/silage-round-baler-for-sale-16x12.webp 16w\" sizes=\"auto, (max-width: 720px) 100vw, 720px\" \/><figcaption class=\"wp-element-caption\">silage round baler inauzwa<\/figcaption><\/figure> <\/figure>    <h2 class=\"wp-block-heading\">Vigezo vya kiufundi vya malisho ya kiotomatiki<\/h2>    <figure class=\"wp-block-table is-style-stripes\"><table><tbody><tr><td>Mfano<\/td><td>Mfano wa Ukanda wa Juu 9YDB-60<\/td><td>Ukubwa wa bale (mm)<\/td><td>\u03a6600*520<\/td><\/tr><tr><td>Uzito wa bale (kg)<\/td><td>90-140<\/td><td>Nguvu inayounga mkono (kW)<\/td><td>7.5kW-6<\/td><\/tr><tr><td>Kasi iliyokadiriwa(r\/min)<\/td><td>350<\/td><td>Injini ya compressor ya hewa<\/td><td>1.5kw<\/td><\/tr><tr><td>Njia ya kufunga bale<\/td><td>Otomatiki<\/td><td>Kiasi cha pampu ya hewa (lita)<\/td><td>30<\/td><\/tr><tr><td>Idadi ya rollers za alumini (pcs)<\/td><td>Roli 8 kwa pipa linalohamishika<br>Fixed bin 9 rollers<\/td><td>Mashine ya kufunga filamu<\/td><td>0.75kw<\/td><\/tr><tr><td>Tabaka za kufunga filamu<\/td><td>Marekebisho ya kukabiliana<\/td><td>Inre v\u00e4ggtjocklek (mm)<\/td><td>6<\/td><\/tr><tr><td>Nyenzo za kuunganisha<\/td><td>Filamu ya plastiki ya lishe<\/td><td>Njia ya kuvuta filamu<\/td><td>Otomatiki<\/td><\/tr><tr><td>Plastfilmsp\u00e4nning<\/td><td>Marekebisho ya kukabiliana<\/td><td>Kipunguza kasi cha mashine ya kufunga filamu<\/td><td>Gia ya minyoo<\/td><\/tr><tr><td>Marekebisho ya wiani<\/td><td>Marekebisho ya sasa ya Superman ndogo<\/td><td>Uendeshaji wa sanduku la usambazaji wa nguvu<\/td><td>Operesheni ya Mwongozo\/otomatiki<\/td><\/tr><tr><td>Alumini roller kuzaa<\/td><td>FC205(skurubu 4 za kurekebisha)<\/td><td>Bonyeza roller<\/td><td>8 filimbi<\/td><\/tr><tr><td>Matningskonveyorrem (mm)<\/td><td>L 2500\u00d7517<\/td><td>Rullaxeltjocklek (mm)<\/td><td>30<\/td><\/tr><tr><td>Fast bin rem (mm) (herringbone rem)<\/td><td>2300&#215;517<\/td><td>Kufagia hewa bunduki<\/td><td>ndio<\/td><\/tr><tr><td>R\u00f6rlig bin rem (mm) (herringbone rem)<\/td><td>2470&#215;517<\/td><td>Mbinu ya ufungaji wa kuzaa<\/td><td>Mashine ni ya nje kabisa.<\/td><\/tr><tr><td>Remtjocklek (mm)<\/td><td>5<\/td><td><strong>&nbsp;<\/strong><\/td><td><strong>&nbsp;<\/strong><\/td><\/tr><tr><td>Nyenzo za roller za alumini<\/td><td>Utoaji wa aloi ya alumini<\/td><td>Ukubwa wa mashine(mm)<\/td><td>3500*1450*1550<\/td><\/tr><tr><td>Mfano wa mnyororo<\/td><td>12Mnyororo wa viwanda<\/td><td>Sura ya kuchana filamu<\/td><td>Mtindo mpya wa chemchemi mbili<\/td><\/tr><tr><td>Uwezo<\/td><td>Vifurushi 50-75 \/ h<\/td><td>Mashine nzima<\/td><td>Kunyunyizia plastiki<\/td><\/tr><tr><td>Kufungua na kufunga pipa<\/td><td>Otomatiki<\/td><td>Kugeuza na kurudisha kifungu<\/td><td>Otomatiki<\/td><\/tr><tr><td>Kulinganisha filamu ya ndani (maalum)<\/td><td>2000m urefu 525mm upana 15kg<\/td><td>Kulingana na filamu ya lishe<br>(L*W*H)<\/td><td>1800m*250mm*25mm<\/td><\/tr><\/tbody><\/table><figcaption class=\"wp-element-caption\">Maelezo ya kina ya kiufundi kuhusu mashine ya kufungia silaji ya 9YDB-60<\/figcaption><\/figure>    <h2 class=\"wp-block-heading\">Kifaa cha kuunga mkono baler ya sileji<\/h2>    <p class=\"translation-block\">Unapotumia hii <a href=\"https:\/\/en.wikipedia.org\/wiki\/Silage\" target=\"_blank\" rel=\"noopener\">silaji<\/a> mashine ya kukandamiza na kufunga, tunapendekeza kutumia kifaa cha kulishia kiotomatiki ili kuhakikisha kuwa malisho yanaweza kulishwa bila kukoma na kwa usawa. Kwa kuongezea, tunatoa gari bila malipo ili kuwezesha usafirishaji wa mafungu yaliyokamilishwa.<\/p>    <figure class=\"wp-block-gallery has-nested-images columns-default is-cropped wp-block-gallery-5 is-layout-flex wp-block-gallery-is-layout-flex\"> <figure class=\"wp-block-image size-large\"><img loading=\"lazy\" decoding=\"async\" width=\"720\" height=\"540\" data-id=\"748\" src=\"https:\/\/balerwrapper.com\/wp-content\/uploads\/2024\/06\/silage-feeder-with-baler-machine.webp\" alt=\"mashine ya kulisha silage na baler\" class=\"wp-image-748\" srcset=\"https:\/\/balerwrapper.com\/wp-content\/uploads\/2024\/06\/silage-feeder-with-baler-machine.webp 720w, https:\/\/balerwrapper.com\/wp-content\/uploads\/2024\/06\/silage-feeder-with-baler-machine-300x225.webp 300w, https:\/\/balerwrapper.com\/wp-content\/uploads\/2024\/06\/silage-feeder-with-baler-machine-16x12.webp 16w\" sizes=\"auto, (max-width: 720px) 100vw, 720px\" \/><figcaption class=\"wp-element-caption\">mashine ya kulisha silage na baler<\/figcaption><\/figure>    <figure class=\"wp-block-image size-large\"><img loading=\"lazy\" decoding=\"async\" width=\"720\" height=\"540\" data-id=\"747\" src=\"https:\/\/balerwrapper.com\/wp-content\/uploads\/2024\/06\/hay-baler-machine.webp\" alt=\"hay baler na feeder\" class=\"wp-image-747\" srcset=\"https:\/\/balerwrapper.com\/wp-content\/uploads\/2024\/06\/hay-baler-machine.webp 720w, https:\/\/balerwrapper.com\/wp-content\/uploads\/2024\/06\/hay-baler-machine-300x225.webp 300w, https:\/\/balerwrapper.com\/wp-content\/uploads\/2024\/06\/hay-baler-machine-16x12.webp 16w\" sizes=\"auto, (max-width: 720px) 100vw, 720px\" \/><figcaption class=\"wp-element-caption\">hay baler na feeder<\/figcaption><\/figure> <\/figure>    <p class=\"translation-block\">Ikiwa unataka kujua aina zingine za mashine za kukandamiza na kufunga silaji, tafadhali bonyeza <a href=\"https:\/\/balerwrapper.com\/sw\/product\/corn-silage-baler-machine\/\"><strong><em>Mashine ya Kiotomatiki ya Kukandamiza Silaji ya Mahindi kwa Uhifadhi wa Malisho<\/em><\/strong><\/a> na <a href=\"https:\/\/balerwrapper.com\/sw\/product\/silage-wrapping-machine\/\"><strong><em>Mashine ya Kufunga Silaji Mashine ya Kukandamiza Nyasi kwa Uuzaji<\/em><\/strong><\/a>.<\/p>    <p>Ikiwa una maswali au mahitaji yoyote kuhusu bidhaa zetu, tafadhali jisikie huru kuwasiliana nasi. Pia tunakualika kwa dhati kutembelea kiwanda chetu ili kujifunza kuhusu mchakato wetu wa uzalishaji na uendeshaji wa vifaa ana kwa ana. Kuangalia mbele kwa kushirikiana na wewe!<\/p>","protected":false},"excerpt":{"rendered":"<p>Mashine hii mpya ya 9YDB-60 ya kuwekea silaji kiotomatiki na kuifunga ina muundo wa ukanda wa herringbone na inaweza kuunganisha marobota 50-75 kwa saa, ambayo yanafaa kwa ufungashaji na kuhifadhi silaji.<\/p>","protected":false},"author":1,"featured_media":1207,"parent":0,"template":"","tags":[45,39,35],"product-type":[7],"class_list":["post-743","product","type-product","status-publish","has-post-thumbnail","hentry","tag-forage","tag-hay","tag-silage","product-type-silage-baler"],"_links":{"self":[{"href":"https:\/\/balerwrapper.com\/sw\/wp-json\/wp\/v2\/product\/743","targetHints":{"allow":["GET"]}}],"collection":[{"href":"https:\/\/balerwrapper.com\/sw\/wp-json\/wp\/v2\/product"}],"about":[{"href":"https:\/\/balerwrapper.com\/sw\/wp-json\/wp\/v2\/types\/product"}],"author":[{"embeddable":true,"href":"https:\/\/balerwrapper.com\/sw\/wp-json\/wp\/v2\/users\/1"}],"wp:featuredmedia":[{"embeddable":true,"href":"https:\/\/balerwrapper.com\/sw\/wp-json\/wp\/v2\/media\/1207"}],"wp:attachment":[{"href":"https:\/\/balerwrapper.com\/sw\/wp-json\/wp\/v2\/media?parent=743"}],"wp:term":[{"taxonomy":"post_tag","embeddable":true,"href":"https:\/\/balerwrapper.com\/sw\/wp-json\/wp\/v2\/tags?post=743"},{"taxonomy":"product-type","embeddable":true,"href":"https:\/\/balerwrapper.com\/sw\/wp-json\/wp\/v2\/product-type?post=743"}],"curies":[{"name":"wp","href":"https:\/\/api.w.org\/{rel}","templated":true}]}}