{"id":69,"date":"2022-08-26T02:33:07","date_gmt":"2022-08-26T02:33:07","guid":{"rendered":"https:\/\/balerwrapper.com\/?post_type=product&#038;p=69"},"modified":"2025-06-16T18:24:07","modified_gmt":"2025-06-16T10:24:07","slug":"hydraulic-baler-machine","status":"publish","type":"product","link":"https:\/\/balerwrapper.com\/sw\/product\/hydraulic-baler-machine\/","title":{"rendered":"Mashine ya Hydraulic Baler Hay Baling Equipment"},"content":{"rendered":"<div class=\"kk-star-ratings kksr-auto kksr-align-left kksr-valign-top\"     data-payload='{&quot;align&quot;:&quot;left&quot;,&quot;id&quot;:&quot;69&quot;,&quot;slug&quot;:&quot;default&quot;,&quot;valign&quot;:&quot;top&quot;,&quot;ignore&quot;:&quot;&quot;,&quot;reference&quot;:&quot;auto&quot;,&quot;class&quot;:&quot;&quot;,&quot;count&quot;:&quot;85&quot;,&quot;legendonly&quot;:&quot;&quot;,&quot;readonly&quot;:&quot;&quot;,&quot;score&quot;:&quot;4.8&quot;,&quot;starsonly&quot;:&quot;&quot;,&quot;best&quot;:&quot;5&quot;,&quot;gap&quot;:&quot;5&quot;,&quot;greet&quot;:&quot;Rate this product&quot;,&quot;legend&quot;:&quot;4.8\\\/5 - (85 votes)&quot;,&quot;size&quot;:&quot;24&quot;,&quot;title&quot;:&quot;Hydraulic Baler Machine Hay Baling Equipment&quot;,&quot;width&quot;:&quot;136.7&quot;,&quot;_legend&quot;:&quot;{score}\\\/{best} - ({count} {votes})&quot;,&quot;font_factor&quot;:&quot;1.25&quot;}'>              <div class=\"kksr-stars\">      <div class=\"kksr-stars-inactive\">             <div class=\"kksr-star\" data-star=\"1\" style=\"padding-right: 5px\">               <div class=\"kksr-icon\" style=\"width: 24px; height: 24px;\"><\/div>         <\/div>             <div class=\"kksr-star\" data-star=\"2\" style=\"padding-right: 5px\">               <div class=\"kksr-icon\" style=\"width: 24px; height: 24px;\"><\/div>         <\/div>             <div class=\"kksr-star\" data-star=\"3\" style=\"padding-right: 5px\">               <div class=\"kksr-icon\" style=\"width: 24px; height: 24px;\"><\/div>         <\/div>             <div class=\"kksr-star\" data-star=\"4\" style=\"padding-right: 5px\">               <div class=\"kksr-icon\" style=\"width: 24px; height: 24px;\"><\/div>         <\/div>             <div class=\"kksr-star\" data-star=\"5\" style=\"padding-right: 5px\">               <div class=\"kksr-icon\" style=\"width: 24px; height: 24px;\"><\/div>         <\/div>     <\/div>      <div class=\"kksr-stars-active\" style=\"width: 136.7px;\">             <div class=\"kksr-star\" style=\"padding-right: 5px\">               <div class=\"kksr-icon\" style=\"width: 24px; height: 24px;\"><\/div>         <\/div>             <div class=\"kksr-star\" style=\"padding-right: 5px\">               <div class=\"kksr-icon\" style=\"width: 24px; height: 24px;\"><\/div>         <\/div>             <div class=\"kksr-star\" style=\"padding-right: 5px\">               <div class=\"kksr-icon\" style=\"width: 24px; height: 24px;\"><\/div>         <\/div>             <div class=\"kksr-star\" style=\"padding-right: 5px\">               <div class=\"kksr-icon\" style=\"width: 24px; height: 24px;\"><\/div>         <\/div>             <div class=\"kksr-star\" style=\"padding-right: 5px\">               <div class=\"kksr-icon\" style=\"width: 24px; height: 24px;\"><\/div>         <\/div>     <\/div> <\/div>                   <div class=\"kksr-legend\" style=\"font-size: 19.2px;\">             4.8\/5 - (85 r\u00f6ster)    <\/div>     <\/div>  <p>Mashine ya baler ya silage ya hidrauliki ni vifaa vyenye ufanisi wa juu vilivyoundwa kwa ajili ya kufunga na kuhifadhi malisho, majani, shina la mahindi na shina nyingine za mazao. <\/p>    <p>Kupitia mfumo wa extrusion wa hidrauliki, inaweza kubana majani na malisho yasiyo na mpangilio kuwa bales za mraba zenye nguvu (700\u00d7400\u00d7300mm vizuizi vya kawaida) zikiwa na wiani \u2265800kg\/m\u00b3. <\/p>    <p>Och den antar PE+PP dubbelskiktsf\u00f6rpackning, vilket \u00f6kar aktiviteten hos foderlaktobaciller med 300% och n\u00e4ringsbevarandegraden &gt;85%. Fr\u00e4schhetsbevarandeperioden \u00e4r upp till 2-3 \u00e5r.<\/p>    <figure class=\"wp-block-embed aligncenter is-type-video is-provider-youtube wp-block-embed-youtube wp-embed-aspect-16-9 wp-has-aspect-ratio\"><div class=\"wp-block-embed__wrapper\"> <iframe loading=\"lazy\" title=\"Utendaji wa Ufanisi wa Juu wa Majani Hydraulic Baler | Zana za Kilimo rafiki kwa mazingira Shiriki!\" width=\"500\" height=\"281\" src=\"https:\/\/www.youtube.com\/embed\/GI3he-Y3oDc?feature=oembed\" frameborder=\"0\" allow=\"accelerometer; autoplay; clipboard-write; encrypted-media; gyroscope; picture-in-picture; web-share\" referrerpolicy=\"strict-origin-when-cross-origin\" allowfullscreen><\/iframe> <\/div><figcaption class=\"wp-element-caption\">Video ya kufanya kazi kwa silinda ya hydraulic hydraulic<\/figcaption><\/figure>    <p>Kulingana na mahitaji ya uzalishaji, vifaa vinagawanywa katika mifano miwili: baler ya hidrauliki ya silinda mbili na baler ya hidrauliki ya silinda tatu:<\/p>    <ul class=\"wp-block-list\"> <li>Baler ya hidrauliki ya silinda mbili: inasaidia kuendeshwa na motor au injini ya dizeli, inafaa, rahisi na yenye kubadilika.<\/li>    <li>Baler ya hidrauliki ya silinda tatu: inasaidia tu kuendeshwa na motor, ufanisi wa juu, wiani mkubwa wa bidhaa za mwisho, uwezo mkubwa kwa saa.<\/li> <\/ul>    <p>Samtidigt kan den anv\u00e4ndas med guillotinekross f\u00f6r att f\u00f6rst klippa gr\u00e4set och sedan g\u00e5 in i balningsprocessen f\u00f6r att f\u00f6rb\u00e4ttra balningseffekten och ensileringens kvalitet.<\/p>    <figure class=\"wp-block-gallery has-nested-images columns-default is-cropped wp-block-gallery-2 is-layout-flex wp-block-gallery-is-layout-flex\"> <figure class=\"wp-block-image size-large\"><img loading=\"lazy\" decoding=\"async\" width=\"720\" height=\"540\" data-id=\"179\" src=\"https:\/\/balerwrapper.com\/wp-content\/uploads\/2022\/08\/haydraulic-baler-machine-.jpg\" alt=\"mashine ya baler ya haydraulic\" class=\"wp-image-179\" title=\"mashine ya baler ya haydraulic\"\/><figcaption class=\"wp-element-caption\">mashine ya baler ya haydraulic<\/figcaption><\/figure>    <figure class=\"wp-block-image size-large\"><img loading=\"lazy\" decoding=\"async\" width=\"720\" height=\"540\" data-id=\"180\" src=\"https:\/\/balerwrapper.com\/wp-content\/uploads\/2022\/08\/baler-press-machine-.webp\" alt=\"mashine ya vyombo vya habari ya baler\" class=\"wp-image-180\" title=\"mashine ya vyombo vya habari ya baler\"\/><figcaption class=\"wp-element-caption\">mashine ya vyombo vya habari ya baler<\/figcaption><\/figure> <\/figure>    <h2 class=\"wp-block-heading\" id=\"h-using-scopes-of-the-hydraulic-hay-baler\">Anv\u00e4ndning av silage hydraulisk balpress<\/h2>    <p class=\"translation-block\"><strong>Malighafi: <\/strong>Mashine ya hydraulic baler inaweza kuchakata majani, nyasi, mhindi, malisho ya mahindi, mabua ya mahindi, mabua ya ngano, miche ya karanga, mabua ya pamba, nyasi za alfalfa, mikoriza, n.k. Tunaweza kutumia mazao haya kulisha ng'ombe, kondoo, farasi, nguruwe, sungura, na mifugo mingine.<br><strong>Watumiaji:<\/strong> Mashine ya hydraulic baler ni vifaa muhimu kwa ajili ya ufugaji, utengenezaji wa karatasi, ufugaji wa ng'ombe na kondoo, usambazaji wa malisho, na uzalishaji wa nguvu kwa kutumia mabua.<\/p>   <div class=\"wp-block-image\"> <figure class=\"aligncenter size-full\"><img loading=\"lazy\" decoding=\"async\" width=\"720\" height=\"540\" src=\"https:\/\/balerwrapper.com\/wp-content\/uploads\/2022\/08\/hydraulic-hay-baler-.webp\" alt=\"hydraulic hay baler\" class=\"wp-image-171\" title=\"hydraulic hay baler\"\/><figcaption class=\"wp-element-caption\">hydraulic hay baler<\/figcaption><\/figure> <\/div>   <h2 class=\"wp-block-heading\" id=\"h-structure-of-the-press-baler\">Struktur av hydraulisk press balmaskin<\/h2>    <h3 class=\"wp-block-heading\" id=\"h-the-structure-of-the-double-cylinder-hay-and-straw-baler\">Struktur av dubbelcylindrig h\u00f6- och halmbalare<\/h3>    <p>Mtindo huu WA mashine ya hydraulic baler hasa inajumuisha mabano ya kudumu, nguvu, kifaa cha kupoeza, hifadhi ya mafuta, silinda ya majimaji, vifaa vya kupigana moto vya umeme, bomba la mafuta, kitenganishi cha mafuta, nk.<\/p>    <figure class=\"wp-block-gallery aligncenter has-nested-images columns-default is-cropped wp-block-gallery-3 is-layout-flex wp-block-gallery-is-layout-flex\"> <figure class=\"wp-block-image size-large\"><img loading=\"lazy\" decoding=\"async\" width=\"720\" height=\"540\" data-id=\"174\" src=\"https:\/\/balerwrapper.com\/wp-content\/uploads\/2022\/08\/double-cylinder-hay-and-straw-baler-.webp\" alt=\"nyasi zenye silinda mbili na kichungi cha majani\" class=\"wp-image-174\" title=\"nyasi zenye silinda mbili na kichungi cha majani\"\/><figcaption class=\"wp-element-caption\">nyasi zenye silinda mbili na kichungi cha majani<\/figcaption><\/figure>    <figure class=\"wp-block-image size-large\"><img loading=\"lazy\" decoding=\"async\" width=\"720\" height=\"540\" data-id=\"175\" src=\"https:\/\/balerwrapper.com\/wp-content\/uploads\/2022\/08\/haydraulic-hay-baler-.webp\" alt=\"hydraulic hay baler\" class=\"wp-image-175\" title=\"hydraulic hay baler\"\/><figcaption class=\"wp-element-caption\">hydraulic hay baler<\/figcaption><\/figure> <\/figure>    <h3 class=\"wp-block-heading\" id=\"h-3-cylinder-hydraulic-baler-structure\">Muundo wa baler hydraulic silinda 3<\/h3>    <figure class=\"wp-block-gallery aligncenter has-nested-images columns-default is-cropped wp-block-gallery-4 is-layout-flex wp-block-gallery-is-layout-flex\"> <figure class=\"wp-block-image size-large\"><img loading=\"lazy\" decoding=\"async\" width=\"720\" height=\"540\" data-id=\"177\" src=\"https:\/\/balerwrapper.com\/wp-content\/uploads\/2022\/08\/3-cylinder-hydraulic-baler-.webp\" alt=\"3 silinda hydraulic baler \" class=\"wp-image-177\" title=\"3 silinda hydraulic baler \"\/><figcaption class=\"wp-element-caption\">3 silinda hydraulic baler <\/figcaption><\/figure>    <figure class=\"wp-block-image size-large\"><img loading=\"lazy\" decoding=\"async\" width=\"720\" height=\"540\" data-id=\"178\" src=\"https:\/\/balerwrapper.com\/wp-content\/uploads\/2022\/08\/wheat-hay-baler-.webp\" alt=\"baler ya nyasi ya ngano \" class=\"wp-image-178\" title=\"baler ya nyasi ya ngano \"\/><figcaption class=\"wp-element-caption\">baler ya nyasi ya ngano <\/figcaption><\/figure> <\/figure>    <h2 class=\"wp-block-heading\" id=\"h-machine-s-parameters\">Parametrar f\u00f6r hydraulisk balpressmaskin<\/h2>    <h3 class=\"wp-block-heading\" id=\"h-double-cylinder-baler\">Baler ya silinda mbili <\/h3>    <figure class=\"wp-block-table is-style-stripes\"><table><tbody><tr><td>Mfano<\/td><td>9YK-70<\/td><\/tr><tr><td>Nguvu<\/td><td>15kw motor au 28HP injini ya dizeli<\/td><\/tr><tr><td>Uhamisho wa silinda ya mafuta<\/td><td>63-80L\/dak<\/td><\/tr><tr><td>Shinikizo la kawaida la silinda ya mafuta<\/td><td>16Mpa<\/td><\/tr><tr><td>Ukubwa wa bale<\/td><td>700*400*300mm<\/td><\/tr><tr><td>Uzito wa Bale<\/td><td>300-400kg \/ h<\/td><\/tr><tr><td>Ufanisi wa kuunganisha<\/td><td>1-2t\/saa<\/td><\/tr><tr><td>Uzito<\/td><td>1500kg<\/td><\/tr><tr><td>Dimension<\/td><td>3400*2800*2700mm<\/td><\/tr><tr><td>Kasi ya Kuunganisha Piston<\/td><td>4-8m\/dak<\/td><\/tr><\/tbody><\/table><figcaption class=\"wp-element-caption\">Parameta ya baler ya silinda mbili<\/figcaption><\/figure>    <h3 class=\"wp-block-heading\" id=\"h-silage-baler-machine\">Mashine ya silaji ya silinda tatu<\/h3>    <figure class=\"wp-block-table is-style-stripes\"><table><tbody><tr><td>Kipengee<\/td><td>9YK-130<\/td><\/tr><tr><td>Nguvu<\/td><td>22kw<\/td><\/tr><tr><td>Uhamisho wa Silinda ya Mafuta<\/td><td>80L\/dak<\/td><\/tr><tr><td>Shinikizo la kawaida la Silinda ya Mafuta<\/td><td>18Mpa<\/td><\/tr><tr><td>Ukubwa wa Bale<\/td><td>700*400*300mm<\/td><\/tr><tr><td>Ufanisi wa Kuunganisha<\/td><td>6-8t\/saa<\/td><\/tr><tr><td>Uzito wa Bale<\/td><td>800-1100kg\/m<sup>3<\/sup><sup><\/sup><\/td><\/tr><tr><td>Uzito<\/td><td>2600kg\/h<\/td><\/tr><tr><td>Dimension<\/td><td>4300*2800*2000mm<\/td><\/tr><tr><td>Kasi ya Kuunganisha Piston<\/td><td>4-8m\/dak<\/td><\/tr><\/tbody><\/table><figcaption class=\"wp-element-caption\">Kigezo cha mashine ya silage<\/figcaption><\/figure>    <h2 class=\"wp-block-heading\" id=\"h-how-does-the-hydraulic-baler-work\">Je, baler ya majimaji hufanyaje kazi? <\/h2>   <div id=\"rank-math-howto\" class=\"rank-math-block\" > <div class=\"rank-math-howto-description\">  <p>Wote wawili waliweka lishe kwenye mashine kwanza. Washa mashine ya hydraulic baler, wakati silinda kuu inasukumwa kwa usawa na kuunganishwa, na mitungi ya upande imeunganishwa kwa longitudinally. Hatimaye, kichwa cha kusukuma kinasukuma bale ndani ya mfuko. Maliza mchakato wote wa kuoka.<\/p>  <\/div>  <div class=\"rank-math-steps\"> <div id=\"howto-step-1717139105042\" class=\"rank-math-step\"> <div class=\"rank-math-step-content\"><p>Tayarisha nyasi, nyasi, au malighafi nyingine kwenye mlango wa mashine ya kuwekea majimaji kwa njia ya tone au ukanda wa kusafirisha.<\/p> <\/div> <\/div> <div id=\"howto-step-1717139142953\" class=\"rank-math-step\"> <div class=\"rank-math-step-content\"><p>Mashine ya kukata nyasi au mashine ya kukandia majani huponda malighafi iliyoongezwa na kuzisaga kwa ajili ya kusindika na kutengeneza.<\/p> <\/div> <\/div> <div id=\"howto-step-1717139148210\" class=\"rank-math-step\"> <div class=\"rank-math-step-content\"><p>Mfuko wa majani huwekwa kwenye njia ya kutoka ili kufunga nyenzo iliyokamilishwa baada ya usindikaji.<\/p> <\/div> <\/div> <div id=\"howto-step-1717139154097\" class=\"rank-math-step\"> <div class=\"rank-math-step-content\"><p>Baraza la mawaziri la kudhibiti otomatiki, ufunguo mmoja wa kuanza usindikaji na ufungaji, rahisi na rahisi.<\/p> <\/div> <\/div> <div id=\"howto-step-1717139158193\" class=\"rank-math-step\"> <div class=\"rank-math-step-content\"><p>Kiasi na ukubwa wa nyenzo zilizosindika ni sawa, kulingana na viwango vya ufungaji, na ni rahisi kwa usafirishaji na uhifadhi.<\/p> <\/div> <\/div> <\/div> <\/div>       <figure class=\"wp-block-embed aligncenter is-type-video is-provider-youtube wp-block-embed-youtube wp-embed-aspect-16-9 wp-has-aspect-ratio\"><div class=\"wp-block-embed__wrapper\"> <iframe loading=\"lazy\" title=\"Kazi ya kuokoa hydraulic silage press machine! hydralic maize silage square baler\u4e28silage baler mashine\" width=\"500\" height=\"281\" src=\"https:\/\/www.youtube.com\/embed\/1ROg99yYpCY?feature=oembed\" frameborder=\"0\" allow=\"accelerometer; autoplay; clipboard-write; encrypted-media; gyroscope; picture-in-picture; web-share\" referrerpolicy=\"strict-origin-when-cross-origin\" allowfullscreen><\/iframe> <\/div><figcaption class=\"wp-element-caption\">corn silage hydraulic baling mashine ya kufanya kazi video<\/figcaption><\/figure>    <h2 class=\"wp-block-heading\" id=\"h-advantages-of-the-hydraulic-wheat-hay-baler\">F\u00f6rdelar med silage hydraulisk press balare<\/h2>    <ul class=\"wp-block-list\"> <li>Baling ya aina kubwa ya sleeve ya usawa, umbo la bale la kawaida, muhuri mzuri, rahisi kuhifadhi na kusafirisha.<\/li>    <li>Ufungaji rahisi, matengenezo rahisi, eneo dogo, kuokoa gharama za eneo.<\/li>    <li>Inatumia mfumo wa hidrauliki wa shinikizo la juu na la chini, uendeshaji wa haraka na wa ufanisi, kuokoa nguvu, kazi na muda.<\/li>    <li>Sehemu muhimu zimefungwa na vipuri asilia, maisha marefu ya silinda na kiwango cha chini cha kushindwa.<\/li>    <li>Inaweza kufunga majani ya silage, shina la mahindi kavu, aina zote za majani yaliyokatwa, filamu za plastiki za taka, nk, na kutekeleza ufungaji na pakiti kiotomatiki.<\/li>    <li>Inatumia mfumo wa kulisha wa ukanda na shinikizo la usawa la silinda mbili, na mfumo maalum wa hidrauliki unahakikisha utoaji wa nguvu thabiti.<\/li>    <li>Hakuna haja ya kuchimba mabwawa ya silage, kuokoa nguvu nyingi za kazi (seti nzima ya vifaa inahitaji watu 2-3 tu kufanya kazi), nafasi na gharama za ufungaji, na kipindi cha uhifadhi wa silage kinaweza kufikia miaka 3.<\/li>    <li>Baada ya kufunga na kufunga, silage inakua na asili, yenye probiotics, bakteria wa asidi lactic na protini, ambayo ni rahisi kunyonya na mifugo na inakuza kiwango cha ukuaji kuongezeka kwa zaidi ya 2%.<\/li> <\/ul>   <div class=\"wp-block-image\"> <figure class=\"aligncenter size-full\"><img loading=\"lazy\" decoding=\"async\" width=\"720\" height=\"540\" src=\"https:\/\/balerwrapper.com\/wp-content\/uploads\/2022\/08\/press-baling-machine-.webp\" alt=\"vyombo vya habari baling mashine\" class=\"wp-image-183\" title=\"vyombo vya habari baling mashine\"\/><figcaption class=\"wp-element-caption\">vyombo vya habari baling mashine<\/figcaption><\/figure> <\/div>   <h2 class=\"wp-block-heading\" id=\"h-other-machines-that-can-be-matched\">Mashine zingine ambazo zinaweza kuendana<\/h2>    <p class=\"translation-block\">Kwa kuwa mashine ya hydraulic baler inashughulikia malisho zaidi, nafasi ya kulishia ni ya juu zaidi. Kwa hivyo tunapendekeza kutumia <a href=\"https:\/\/balerwrapper.com\/sw\/product\/silage-chaff-cutter\/\">mashine ya kukata malisho<\/a> ili kukata mabua kwanza. Kisha unganisha ukanda wa kusafirisha ili kupeleka nyenzo zilizokatwa kwenye kifungaji cha hydraulic. Unaweza pia kutumia mchanganyiko wa kulishia kuchanganya malisho tofauti sawasawa na kisha unganisha ukanda wa kusafirisha kwenye mashine.<\/p>   <div class=\"wp-block-image\"> <figure class=\"aligncenter size-full\"><img loading=\"lazy\" decoding=\"async\" width=\"720\" height=\"540\" src=\"https:\/\/balerwrapper.com\/wp-content\/uploads\/2022\/08\/hydraulic-stalk-baler-machine-.webp\" alt=\"mashine ya kubeba mabua ya majimaji\" class=\"wp-image-182\" title=\"mashine ya kubeba mabua ya majimaji\"\/><figcaption class=\"wp-element-caption\">mashine ya kubeba mabua ya majimaji<\/figcaption><\/figure> <\/div>   <h2 class=\"wp-block-heading\" id=\"h-successful-cases\">Kesi zilizofanikiwa<\/h2>    <p class=\"translation-block\">Wiki iliyopita mteja kutoka <a href=\"https:\/\/en.wikipedia.org\/wiki\/Kenya\" target=\"_blank\" rel=\"noopener\">Kenya<\/a> alinunua mashine ya hydraulic baler kutoka kwetu. Mteja ana shamba la mifugo na anataka kuweka malisho safi kwa ajili ya kulisha mwaka mzima. Mteja alitafuta mtandaoni kwa ajili ya mashine ambayo inaweza kuhifadhi malisho kwa muda mrefu. <\/p>    <p>Na akaingia kwenye tovuti yetu. Baada ya kuvinjari, mteja alipendezwa na mashine yetu ya kuwekea majimaji na akawasiliana nasi kupitia WhatsApp. Kwa hiyo, tulizungumza naye kuhusu vipengele vyote vya mashine. Na kisha mteja aliamua kununua baler mbili-silinda hydraulic.<\/p>    <figure class=\"wp-block-gallery has-nested-images columns-default is-cropped wp-block-gallery-5 is-layout-flex wp-block-gallery-is-layout-flex\"> <figure class=\"wp-block-image size-large\"><img loading=\"lazy\" decoding=\"async\" width=\"720\" height=\"540\" data-id=\"185\" src=\"https:\/\/balerwrapper.com\/wp-content\/uploads\/2022\/08\/wooden-case-packaging-10.webp\" alt=\"ufungaji wa kesi ya mbao \" class=\"wp-image-185\" title=\"ufungaji wa kesi ya mbao \"\/><figcaption class=\"wp-element-caption\">ufungaji wa kesi ya mbao<\/figcaption><\/figure>    <figure class=\"wp-block-image size-large\"><img loading=\"lazy\" decoding=\"async\" width=\"720\" height=\"540\" data-id=\"186\" src=\"https:\/\/balerwrapper.com\/wp-content\/uploads\/2022\/08\/shipping-of-forage-baler-machine-40.webp\" alt=\"usafirishaji wa mashine ya kusaga malisho \" class=\"wp-image-186\" title=\"usafirishaji wa mashine ya kusaga malisho \"\/><figcaption class=\"wp-element-caption\">usafirishaji wa mashine ya kusaga malisho<\/figcaption><\/figure> <\/figure>    <p>Ikiwa una maswali yoyote au unahitaji maelezo zaidi, tunakaribisha maoni yako wakati wowote. Tunakualika kwa dhati kutembelea kiwanda chetu na tunatarajia kushirikiana nawe.<\/p>","protected":false},"excerpt":{"rendered":"<p>Mashine ya baler ya hidrauliki inaweza kubana na kufunga aina zote za majani ya silage, majani, na mazao mengine na kuyafunga kwa ajili ya fermentation, ambayo ni rahisi kwa ajili ya uhifadhi wa muda mrefu, usafirishaji, na kulisha.<\/p>","protected":false},"author":1,"featured_media":172,"parent":0,"template":"","tags":[45,39,35],"product-type":[7],"class_list":["post-69","product","type-product","status-publish","has-post-thumbnail","hentry","tag-forage","tag-hay","tag-silage","product-type-silage-baler"],"_links":{"self":[{"href":"https:\/\/balerwrapper.com\/sw\/wp-json\/wp\/v2\/product\/69","targetHints":{"allow":["GET"]}}],"collection":[{"href":"https:\/\/balerwrapper.com\/sw\/wp-json\/wp\/v2\/product"}],"about":[{"href":"https:\/\/balerwrapper.com\/sw\/wp-json\/wp\/v2\/types\/product"}],"author":[{"embeddable":true,"href":"https:\/\/balerwrapper.com\/sw\/wp-json\/wp\/v2\/users\/1"}],"wp:featuredmedia":[{"embeddable":true,"href":"https:\/\/balerwrapper.com\/sw\/wp-json\/wp\/v2\/media\/172"}],"wp:attachment":[{"href":"https:\/\/balerwrapper.com\/sw\/wp-json\/wp\/v2\/media?parent=69"}],"wp:term":[{"taxonomy":"post_tag","embeddable":true,"href":"https:\/\/balerwrapper.com\/sw\/wp-json\/wp\/v2\/tags?post=69"},{"taxonomy":"product-type","embeddable":true,"href":"https:\/\/balerwrapper.com\/sw\/wp-json\/wp\/v2\/product-type?post=69"}],"curies":[{"name":"wp","href":"https:\/\/api.w.org\/{rel}","templated":true}]}}