{"id":67,"date":"2022-08-26T02:21:53","date_gmt":"2022-08-26T02:21:53","guid":{"rendered":"https:\/\/balerwrapper.com\/?post_type=product&#038;p=67"},"modified":"2025-05-21T17:09:19","modified_gmt":"2025-05-21T09:09:19","slug":"stalk-cutting-recycling-machine","status":"publish","type":"product","link":"https:\/\/balerwrapper.com\/sw\/product\/stalk-cutting-recycling-machine\/","title":{"rendered":"Mashine ya kukatia mashina ya kuchakata mabua\u4e28 Mashine ya kuvunia silage"},"content":{"rendered":"<div class=\"kk-star-ratings kksr-auto kksr-align-left kksr-valign-top\"     data-payload='{&quot;align&quot;:&quot;left&quot;,&quot;id&quot;:&quot;67&quot;,&quot;slug&quot;:&quot;default&quot;,&quot;valign&quot;:&quot;top&quot;,&quot;ignore&quot;:&quot;&quot;,&quot;reference&quot;:&quot;auto&quot;,&quot;class&quot;:&quot;&quot;,&quot;count&quot;:&quot;91&quot;,&quot;legendonly&quot;:&quot;&quot;,&quot;readonly&quot;:&quot;&quot;,&quot;score&quot;:&quot;4.8&quot;,&quot;starsonly&quot;:&quot;&quot;,&quot;best&quot;:&quot;5&quot;,&quot;gap&quot;:&quot;5&quot;,&quot;greet&quot;:&quot;Rate this product&quot;,&quot;legend&quot;:&quot;4.8\\\/5 - (91 votes)&quot;,&quot;size&quot;:&quot;24&quot;,&quot;title&quot;:&quot;Stalk cutting recycling machine\u4e28silage harvester machine&quot;,&quot;width&quot;:&quot;136.7&quot;,&quot;_legend&quot;:&quot;{score}\\\/{best} - ({count} {votes})&quot;,&quot;font_factor&quot;:&quot;1.25&quot;}'>              <div class=\"kksr-stars\">      <div class=\"kksr-stars-inactive\">             <div class=\"kksr-star\" data-star=\"1\" style=\"padding-right: 5px\">               <div class=\"kksr-icon\" style=\"width: 24px; height: 24px;\"><\/div>         <\/div>             <div class=\"kksr-star\" data-star=\"2\" style=\"padding-right: 5px\">               <div class=\"kksr-icon\" style=\"width: 24px; height: 24px;\"><\/div>         <\/div>             <div class=\"kksr-star\" data-star=\"3\" style=\"padding-right: 5px\">               <div class=\"kksr-icon\" style=\"width: 24px; height: 24px;\"><\/div>         <\/div>             <div class=\"kksr-star\" data-star=\"4\" style=\"padding-right: 5px\">               <div class=\"kksr-icon\" style=\"width: 24px; height: 24px;\"><\/div>         <\/div>             <div class=\"kksr-star\" data-star=\"5\" style=\"padding-right: 5px\">               <div class=\"kksr-icon\" style=\"width: 24px; height: 24px;\"><\/div>         <\/div>     <\/div>      <div class=\"kksr-stars-active\" style=\"width: 136.7px;\">             <div class=\"kksr-star\" style=\"padding-right: 5px\">               <div class=\"kksr-icon\" style=\"width: 24px; height: 24px;\"><\/div>         <\/div>             <div class=\"kksr-star\" style=\"padding-right: 5px\">               <div class=\"kksr-icon\" style=\"width: 24px; height: 24px;\"><\/div>         <\/div>             <div class=\"kksr-star\" style=\"padding-right: 5px\">               <div class=\"kksr-icon\" style=\"width: 24px; height: 24px;\"><\/div>         <\/div>             <div class=\"kksr-star\" style=\"padding-right: 5px\">               <div class=\"kksr-icon\" style=\"width: 24px; height: 24px;\"><\/div>         <\/div>             <div class=\"kksr-star\" style=\"padding-right: 5px\">               <div class=\"kksr-icon\" style=\"width: 24px; height: 24px;\"><\/div>         <\/div>     <\/div> <\/div>                   <div class=\"kksr-legend\" style=\"font-size: 19.2px;\">             4.8\/5 - (91 kura)    <\/div>     <\/div>  <p>Mashine ya kukata shina ni vifaa vya kilimo vyenye matumizi mengi vinavyounganisha uvunaji, kusaga na kuchakata tena, ambavyo vinafaa kwa usindikaji wa shamba wa majani mbalimbali na silage. Inaweza kuwasaidia wakulima kubadilisha \"vifaa vya taka\" kuwa rasilimali za usindikaji wa chakula, uzalishaji wa nguvu za biomass na uzalishaji wa mbolea ya kikaboni.<\/p>    <p>Vifaa na trekta vinavyosaidia operesheni, mashine ya matumizi mengi, inaweza kufikia kukandamiza majani kwenye tovuti na kurejeleza moja kwa moja au kurudisha shambani. Ukubwa wa kukandamiza ni \u2264 5cm, na kufikia kiwango cha urejeleaji zaidi ya 80% kwa majani ya mahindi, ngano, mchele na mazao mengine.<\/p>    <figure class=\"wp-block-embed aligncenter is-type-video is-provider-youtube wp-block-embed-youtube wp-embed-aspect-16-9 wp-has-aspect-ratio\"><div class=\"wp-block-embed__wrapper\"> <iframe loading=\"lazy\" title=\"Mashine ya kusagwa na kuchakata majani yenye ufanisi wa hali ya juu: kugeuza majani taka kuwa rasilimali muhimu!\" width=\"500\" height=\"281\" src=\"https:\/\/www.youtube.com\/embed\/sjBreEGG9XI?feature=oembed\" frameborder=\"0\" allow=\"accelerometer; autoplay; clipboard-write; encrypted-media; gyroscope; picture-in-picture; web-share\" referrerpolicy=\"strict-origin-when-cross-origin\" allowfullscreen><\/iframe> <\/div><figcaption class=\"wp-element-caption\">video ya mashine ya kusagwa na kuchakata mashina ya silaji<\/figcaption><\/figure>    <p>Denna maskin f\u00f6r \u00e5tervinning av stj\u00e4lksk\u00e4rning \u00e4r utrustad med olika sk\u00f6rdebredder som 1,3 m, 1,35 m, 1,5 m, 1,65 m, 1,7 m, 1,8 m och 2 m, som \u00e4r l\u00e4mpliga f\u00f6r olika storlekar av \u00e5kermark, och den kan uppn\u00e5 en ultraeffektiv bearbetningskapacitet p\u00e5 0,25-0,48 h\u33a1\/h.<\/p>   <div class=\"wp-block-image\"> <figure class=\"aligncenter size-full\"><img loading=\"lazy\" decoding=\"async\" width=\"720\" height=\"540\" src=\"https:\/\/balerwrapper.com\/wp-content\/uploads\/2022\/08\/Stalk-cutting-recycling-machine1.jpg\" alt=\"Mashine ya kuchakata mabua\" class=\"wp-image-223\" title=\"Mashine ya kuchakata mabua\"\/><figcaption class=\"wp-element-caption\">Mashine ya kuchakata mabua<\/figcaption><\/figure> <\/div>   <h2 class=\"wp-block-heading\" id=\"h-the-using-scope-of-the-silage-harvester-machine\">Anv\u00e4ndning av ensilage sk\u00f6rdemaskin<\/h2>    <h3 class=\"wp-block-heading\">Objekt som g\u00e4ller (typer av gr\u00f6dor som kan behandlas)<\/h3>    <ul class=\"wp-block-list\"> <li>Majsstj\u00e4lkar, bomullsstj\u00e4lkar, bananstj\u00e4lkar, sorghumstj\u00e4lkar, vetestr\u00e5, kornstj\u00e4lkar och andra gr\u00f6dstj\u00e4lkar.<\/li>    <li>Alla typer av v\u00e5ta och torra blandade ensilagegr\u00f6dor p\u00e5 f\u00e4ltet.<\/li>    <li>Alla typer av frukttr\u00e4dg\u00e5rdsrester och biomassa stj\u00e4lkar efter sk\u00f6rd.<\/li> <\/ul>    <h3 class=\"wp-block-heading\">Scenarier och till\u00e4mpningar<\/h3>    <ul class=\"wp-block-list\"> <li>G\u00e5rdar och foderfabriker f\u00f6r ensilage eller str\u00e5pelletsfoderbearbetning.<\/li>    <li>Kolgruvor, str\u00e5kolfabriker, etc. anv\u00e4nds f\u00f6r att producera str\u00e5kol, str\u00e5kol och biomassa br\u00e4nsle.<\/li>    <li>Anv\u00e4nds av odlare av \u00e4tliga svampar f\u00f6r att g\u00f6ra odlingssubstrat.<\/li>    <li>Kan anv\u00e4ndas som r\u00e5material f\u00f6r biomassa kraftgenerering, vilket realiserar energirecirkulering.<\/li> <\/ul>    <figure class=\"wp-block-gallery aligncenter has-nested-images columns-default is-cropped wp-block-gallery-2 is-layout-flex wp-block-gallery-is-layout-flex\"> <figure class=\"wp-block-image size-large\"><img loading=\"lazy\" decoding=\"async\" width=\"720\" height=\"540\" data-id=\"225\" src=\"https:\/\/balerwrapper.com\/wp-content\/uploads\/2022\/08\/stalk-crushing-and-recycling-machine-.webp\" alt=\"mashine ya kusagwa na kuchakata mabua\" class=\"wp-image-225\" title=\"mashine ya kusagwa na kuchakata mabua\"\/><figcaption class=\"wp-element-caption\">mashine ya kusagwa na kuchakata mabua<\/figcaption><\/figure>    <figure class=\"wp-block-image size-large\"><img loading=\"lazy\" decoding=\"async\" width=\"720\" height=\"540\" data-id=\"226\" src=\"https:\/\/balerwrapper.com\/wp-content\/uploads\/2022\/08\/corn-silage-harvester-.webp\" alt=\" kivuna silaji ya mahindi\" class=\"wp-image-226\" title=\" kivuna silaji ya mahindi\"\/><figcaption class=\"wp-element-caption\"> kivuna silaji ya mahindi<\/figcaption><\/figure> <\/figure>    <h2 class=\"wp-block-heading\">Hur fungerar ensilage sk\u00f6rdemaskinen?<\/h2>    <p>N\u00e4r traktorn r\u00f6r sig fram\u00e5t p\u00e5 f\u00e4ltet, drivs maskinen f\u00f6r att synkronisera operationen, och den fr\u00e4mre sk\u00e4rbordet skickar det sk\u00f6rdade halmen till krossningsanordningen f\u00f6r malning.<\/p>    <p>D\u00e4refter samlas den krossade halmen i \u00e5tervinningsl\u00e5dan genom transportsystemet, eller \u00e5terf\u00f6rs direkt till f\u00e4ltet, vilket m\u00f6jligg\u00f6r en integrerad och effektiv drift av sk\u00f6rd, krossning och \u00e5tervinning.<\/p>    <figure class=\"wp-block-embed aligncenter is-type-video is-provider-youtube wp-block-embed-youtube wp-embed-aspect-16-9 wp-has-aspect-ratio\"><div class=\"wp-block-embed__wrapper\"> <iframe loading=\"lazy\" title=\"Kwa hivyo mashine bora! kivuna silaji na mashine ya kuchakata\/kukata nyasi na kuchakata tena\" width=\"500\" height=\"281\" src=\"https:\/\/www.youtube.com\/embed\/WdzrTHwBtvU?start=3&#038;feature=oembed\" frameborder=\"0\" allow=\"accelerometer; autoplay; clipboard-write; encrypted-media; gyroscope; picture-in-picture; web-share\" referrerpolicy=\"strict-origin-when-cross-origin\" allowfullscreen><\/iframe> <\/div><figcaption class=\"wp-element-caption\">mashine ya kuchakata majani ya silage inayofanya kazi video<\/figcaption><\/figure>    <h2 class=\"wp-block-heading\" id=\"h-structure-of-the-forage-harvester\">Struktur av stj\u00e4lksk\u00e4rande \u00e5tervinningsmaskin<\/h2>    <p>Muundo wa mashine ya kuchakata mabua ni rahisi na rahisi kufanya kazi. Mashine hasa inajumuisha chumba cha kusagwa, kifaa cha upakuaji wa majimaji kiotomatiki, trekta ya 60HP, chombo cha majani kilichokandamizwa, PTO inayoendeshwa, kifaa cha majimaji, nk.<\/p>   <div class=\"wp-block-image\"> <figure class=\"aligncenter size-full\"><img loading=\"lazy\" decoding=\"async\" width=\"720\" height=\"540\" src=\"https:\/\/balerwrapper.com\/wp-content\/uploads\/2022\/08\/forage-harvester-.webp\" alt=\"kuvuna malisho\" class=\"wp-image-224\" title=\"kuvuna malisho\"\/><figcaption class=\"wp-element-caption\">kuvuna malisho<\/figcaption><\/figure> <\/div>   <h2 class=\"wp-block-heading\" id=\"h-parameters-of-the-corn-silage-harvester\">Parametrar f\u00f6r majsensilage sk\u00f6rdare<\/h2>    <figure class=\"wp-block-table is-style-stripes\"><table><tbody><tr><td>Jina<\/td><td>Kivuna makapi<\/td><\/tr><tr><td>Injini<\/td><td>\u226560HP trekta<\/td><\/tr><tr><td>Dimension<\/td><td>1.6*1.2*2.8m<\/td><\/tr><tr><td>Uzito<\/td><td>800kg<\/td><\/tr><tr><td>Upana wa kuvuna<\/td><td>1.3m<\/td><\/tr><tr><td>Mfano<\/td><td>GH-400<\/td><\/tr><tr><td>Kiwango cha kuchakata tena<\/td><td>\u226580%<\/td><\/tr><tr><td>Umbali wa kuruka<\/td><td>3-5m<\/td><\/tr><tr><td>Urefu wa kuruka<\/td><td>\u22652m<\/td><\/tr><tr><td>Urefu wa majani yaliyoangamizwa<\/td><td>Chini ya 80 mm<\/td><\/tr><tr><td>Kisu kinachozunguka<\/td><td>32<\/td><\/tr><tr><td>Kasi ya shimoni ya kukata<\/td><td>2160r\/dak<\/td><\/tr><tr><td>Kasi ya kufanya kazi<\/td><td>2-4km\/saa<\/td><\/tr><tr><td>Uwezo<\/td><td>0.25-0.48hm2\/saa<\/td><\/tr><\/tbody><\/table><figcaption class=\"wp-element-caption\">parameta ya kivuna silaji ya mahindi<\/figcaption><\/figure>    <h2 class=\"wp-block-heading\" id=\"h-advantages-of-the-trailed-forage-harvester\">F\u00f6rdelar med sl\u00e4pvagnsgr\u00e4sklippare<\/h2>    <ul class=\"wp-block-list\"> <li>Multifunktionell integration: integrering av sk\u00e4rning, kn\u00e5dning, krossning och sk\u00f6rd f\u00f6r att m\u00f6ta olika driftsbehov.<\/li>    <li>H\u00f6g effektivitet och l\u00e5g f\u00f6rbrukning: driftsprocessen har f\u00f6renklats till en procedur, med h\u00f6g drifteffektivitet och anm\u00e4rkningsv\u00e4rd energibesparande effekt.<\/li>    <li>L\u00e5g total kostnad: l\u00e5g energif\u00f6rbrukning, h\u00f6g produktion, l\u00e4gre totalkostnad och stark ekonomi.<\/li>    <li>Inatumika sana: inaweza kubadilishwa kwa aina mbalimbali za mazao ya majani kavu na mvua, inafaa kwa mazingira mbalimbali ya ardhi, na ina matumizi makubwa.<\/li>    <li>Promovet jordbruket gr\u00f8nt: hjelp den omfattende utnyttelsen av biomasseenergi, er det ideelle utstyret for utviklingen av milj\u00f8vennlig jordbruk.<\/li> <\/ul>   <div class=\"wp-block-image\"> <figure class=\"aligncenter size-full\"><img loading=\"lazy\" decoding=\"async\" width=\"720\" height=\"540\" src=\"https:\/\/balerwrapper.com\/wp-content\/uploads\/2022\/08\/trailed-forage-harvester-.webp\" alt=\"kivuna malisho kilichofuata\" class=\"wp-image-228\" title=\"kivuna malisho kilichofuata\"\/><figcaption class=\"wp-element-caption\">kivuna malisho kilichofuata<\/figcaption><\/figure> <\/div>   <h2 class=\"wp-block-heading\" id=\"h-successful-cases\">Kesi zilizofanikiwa<\/h2>    <p>Mteja kutoka Malaysia alinunua mashine ya kusaga makasha ya 1.3m kutoka kwetu. Anawapa ng'ombe na kondoo chakula katika eneo lake. Ili kupata chakula cha kutosha, mteja alihitaji mashine ya kusaga majani ili kushughulikia makasha ya mahindi.<\/p>    <p>Tulituma picha, vigezo na video za mashine kwa mteja. Baada ya kuzingatia, mteja aliamua kununua moja. Baada ya mteja kupokea mashine ya kuchakata mabua, aliitumia kwa muda. Alisema mashine hiyo ilifanya kazi vizuri sana na aliridhika nayo na anatarajia ushirikiano mwingine na sisi.<\/p>    <figure class=\"wp-block-gallery aligncenter has-nested-images columns-default is-cropped wp-block-gallery-3 is-layout-flex wp-block-gallery-is-layout-flex\"><div class=\"wp-block-image\"> <figure class=\"aligncenter size-large\"><img loading=\"lazy\" decoding=\"async\" width=\"720\" height=\"540\" data-id=\"229\" src=\"https:\/\/balerwrapper.com\/wp-content\/uploads\/2022\/08\/Stalk-cutting-recycling-machine1-.jpg\" alt=\"Mashine ya kuchakata mabua\" class=\"wp-image-229\" title=\"Mashine ya kuchakata mabua\"\/><figcaption class=\"wp-element-caption\">Mashine ya kuchakata mabua<\/figcaption><\/figure> <\/div><\/figure>    <p class=\"translation-block\">Mbali na mashine za kusaga na kuchakata mabua, pia tuna aina zingine za malisho na vifaa vingine vya usindikaji, kama vile <strong><em><a href=\"https:\/\/balerwrapper.com\/sw\/product\/corn-silage-baler-machine\/\">mashine za kufungia malisho<\/a><\/em><\/strong> na <strong><em><a href=\"https:\/\/balerwrapper.com\/sw\/product\/hydraulic-baler-machine\/\">mashine za kufungia za majimaji<\/a><\/em><\/strong>. Unaweza kuvinjari tovuti yetu kuchagua mashine inayofaa mwenyewe. Karibu kuwasiliana nasi wakati wowote!<\/p>    <h2 class=\"wp-block-heading\">Maswali Yanayoulizwa Mara kwa Mara<\/h2>   <div id=\"rank-math-faq\" class=\"rank-math-block\"> <div class=\"rank-math-list\"> <div id=\"faq-question-1717140253430\" class=\"rank-math-list-item\"> <h3 class=\"rank-math-question\">Je, ni nini kazi ya <a href=\"https:\/\/www.agriculture-machine.com\/silage-harvester-machine-with-tractor\/\" target=\"_blank\" rel=\"noopener\">mashine ya kuchakata mabua<\/a>?<\/h3> <div class=\"rank-math-answer\">  <p>Kazi ya kusagwa kwa majani na kuchakata tena.<\/p>  <\/div> <\/div> <div id=\"faq-question-1717140260481\" class=\"rank-math-list-item\"> <h3 class=\"rank-math-question\">Je, ninaweza kununua sehemu ya kusagwa tu?<\/h3> <div class=\"rank-math-answer\">  <p>Ndiyo, unaweza kuponda majani tofauti (bei pia ni nafuu). Inapendekezwa kwamba utumie lori ya hopper kufuata shredder.<\/p>  <\/div> <\/div> <div id=\"faq-question-1717140264401\" class=\"rank-math-list-item\"> <h3 class=\"rank-math-question\">Je, unaweza kushughulikia nyasi kavu?<\/h3> <div class=\"rank-math-answer\">  <p>Ndio, lakini majani ya kijani kibichi ndio bora zaidi kwa ubichi na uhifadhi wa wanyama.<\/p>  <\/div> <\/div> <div id=\"faq-question-1717140271944\" class=\"rank-math-list-item\"> <h3 class=\"rank-math-question\">Je, mashine inahitaji nguvu ya farasi kiasi gani?<\/h3> <div class=\"rank-math-answer\">  <p>Trekta ya hp 80, upana tofauti wa kuvuna na ukubwa tofauti wa nguvu za farasi wa trekta, ili kuthibitisha ukubwa wa uwezo wa farasi wa trekta ya mteja.<\/p>  <\/div> <\/div> <div id=\"faq-question-1717140280105\" class=\"rank-math-list-item\"> <h3 class=\"rank-math-question\">Je, urefu wa makapi baada ya kusagwa ni nini?<\/h3> <div class=\"rank-math-answer\">  <p>8-15cm.<\/p>  <\/div> <\/div> <div id=\"faq-question-1717140290609\" class=\"rank-math-list-item\"> <h3 class=\"rank-math-question\">Uzuri wa majani yaliyosagwa ni nini?<\/h3> <div class=\"rank-math-answer\">  <p>Ni 3-5 cm.<\/p>  <\/div> <\/div> <\/div> <\/div>","protected":false},"excerpt":{"rendered":"<p>Mashine ya kuchakata majani ni kifaa cha kuvuna na kusindika majani. Mashine inaweza kushughulikia kila aina ya majani na malisho. <\/p>","protected":false},"author":1,"featured_media":222,"parent":0,"template":"","tags":[42,39,35,43,38],"product-type":[8],"class_list":["post-67","product","type-product","status-publish","has-post-thumbnail","hentry","tag-corn-silage","tag-hay","tag-silage","tag-stalk","tag-straw","product-type-other-silage-machines"],"_links":{"self":[{"href":"https:\/\/balerwrapper.com\/sw\/wp-json\/wp\/v2\/product\/67","targetHints":{"allow":["GET"]}}],"collection":[{"href":"https:\/\/balerwrapper.com\/sw\/wp-json\/wp\/v2\/product"}],"about":[{"href":"https:\/\/balerwrapper.com\/sw\/wp-json\/wp\/v2\/types\/product"}],"author":[{"embeddable":true,"href":"https:\/\/balerwrapper.com\/sw\/wp-json\/wp\/v2\/users\/1"}],"wp:featuredmedia":[{"embeddable":true,"href":"https:\/\/balerwrapper.com\/sw\/wp-json\/wp\/v2\/media\/222"}],"wp:attachment":[{"href":"https:\/\/balerwrapper.com\/sw\/wp-json\/wp\/v2\/media?parent=67"}],"wp:term":[{"taxonomy":"post_tag","embeddable":true,"href":"https:\/\/balerwrapper.com\/sw\/wp-json\/wp\/v2\/tags?post=67"},{"taxonomy":"product-type","embeddable":true,"href":"https:\/\/balerwrapper.com\/sw\/wp-json\/wp\/v2\/product-type?post=67"}],"curies":[{"name":"wp","href":"https:\/\/api.w.org\/{rel}","templated":true}]}}