{"id":63,"date":"2022-08-26T01:48:00","date_gmt":"2022-08-26T01:48:00","guid":{"rendered":"https:\/\/balerwrapper.com\/?post_type=product&#038;p=63"},"modified":"2025-06-06T17:45:12","modified_gmt":"2025-06-06T09:45:12","slug":"round-hay-baler","status":"publish","type":"product","link":"https:\/\/balerwrapper.com\/sw\/product\/round-hay-baler\/","title":{"rendered":"Mzunguko wa Hay Baler na Mashine ya kuokota majani ya mraba"},"content":{"rendered":"<div class=\"kk-star-ratings kksr-auto kksr-align-left kksr-valign-top\"     data-payload='{&quot;align&quot;:&quot;left&quot;,&quot;id&quot;:&quot;63&quot;,&quot;slug&quot;:&quot;default&quot;,&quot;valign&quot;:&quot;top&quot;,&quot;ignore&quot;:&quot;&quot;,&quot;reference&quot;:&quot;auto&quot;,&quot;class&quot;:&quot;&quot;,&quot;count&quot;:&quot;98&quot;,&quot;legendonly&quot;:&quot;&quot;,&quot;readonly&quot;:&quot;&quot;,&quot;score&quot;:&quot;4.9&quot;,&quot;starsonly&quot;:&quot;&quot;,&quot;best&quot;:&quot;5&quot;,&quot;gap&quot;:&quot;5&quot;,&quot;greet&quot;:&quot;Rate this product&quot;,&quot;legend&quot;:&quot;4.9\\\/5 - (98 votes)&quot;,&quot;size&quot;:&quot;24&quot;,&quot;title&quot;:&quot;Round Hay Baler And Square Straw Picking Machine&quot;,&quot;width&quot;:&quot;139.6&quot;,&quot;_legend&quot;:&quot;{score}\\\/{best} - ({count} {votes})&quot;,&quot;font_factor&quot;:&quot;1.25&quot;}'>              <div class=\"kksr-stars\">      <div class=\"kksr-stars-inactive\">             <div class=\"kksr-star\" data-star=\"1\" style=\"padding-right: 5px\">               <div class=\"kksr-icon\" style=\"width: 24px; height: 24px;\"><\/div>         <\/div>             <div class=\"kksr-star\" data-star=\"2\" style=\"padding-right: 5px\">               <div class=\"kksr-icon\" style=\"width: 24px; height: 24px;\"><\/div>         <\/div>             <div class=\"kksr-star\" data-star=\"3\" style=\"padding-right: 5px\">               <div class=\"kksr-icon\" style=\"width: 24px; height: 24px;\"><\/div>         <\/div>             <div class=\"kksr-star\" data-star=\"4\" style=\"padding-right: 5px\">               <div class=\"kksr-icon\" style=\"width: 24px; height: 24px;\"><\/div>         <\/div>             <div class=\"kksr-star\" data-star=\"5\" style=\"padding-right: 5px\">               <div class=\"kksr-icon\" style=\"width: 24px; height: 24px;\"><\/div>         <\/div>     <\/div>      <div class=\"kksr-stars-active\" style=\"width: 139.6px;\">             <div class=\"kksr-star\" style=\"padding-right: 5px\">               <div class=\"kksr-icon\" style=\"width: 24px; height: 24px;\"><\/div>         <\/div>             <div class=\"kksr-star\" style=\"padding-right: 5px\">               <div class=\"kksr-icon\" style=\"width: 24px; height: 24px;\"><\/div>         <\/div>             <div class=\"kksr-star\" style=\"padding-right: 5px\">               <div class=\"kksr-icon\" style=\"width: 24px; height: 24px;\"><\/div>         <\/div>             <div class=\"kksr-star\" style=\"padding-right: 5px\">               <div class=\"kksr-icon\" style=\"width: 24px; height: 24px;\"><\/div>         <\/div>             <div class=\"kksr-star\" style=\"padding-right: 5px\">               <div class=\"kksr-icon\" style=\"width: 24px; height: 24px;\"><\/div>         <\/div>     <\/div> <\/div>                   <div class=\"kksr-legend\" style=\"font-size: 19.2px;\">             4.9\/5 - (98 kura)    <\/div>     <\/div>  <p>Mashine ya kuunda nyasi za duara ni aina ya vifaa vya kilimo vyenye ufanisi na vitendo, vinavyotumiwa hasa kwa ajili ya kuchukua kiotomatiki, kufunga, na kupakia operesheni za nyasi zilizovunjika baada ya kuvuna shambani. <\/p>    <p>Mashine hii inafaa hasa kwa mahindi, ngano, mchele, malisho, na mazao mengine ya kushughulikia majani, na inaweza kuboresha kwa kiasi kikubwa ufanisi wa uendeshaji (hadi ekari 1.3-1.65 kwa saa).<\/p>    <p>Det slutliga resultatet av maskinen \u00e4r kompakta halmbalar med en densitet av 180 kg\/m\u00b3 (diameter 50 cm \u00d7 l\u00e4ngd 80 cm), vilket \u00e4r praktiskt f\u00f6r insamling, transport och lagring av halm. <\/p>    <p>Inatumika sana katika nyanja ya ufugaji wa wanyama na matumizi kamili ya majani, na imeuzwa nje katika nchi nyingi kama Uholanzi, Malaysia, Panama, Indonesia, n.k., na inapokelewa vyema na watumiaji.<\/p>    <figure class=\"wp-block-embed aligncenter is-type-video is-provider-youtube wp-block-embed-youtube wp-embed-aspect-16-9 wp-has-aspect-ratio\"><div class=\"wp-block-embed__wrapper\"> <iframe loading=\"lazy\" title=\"Kuokota kwa Ufanisi na Ujumuishaji wa Baling! Square Hay Baler Inauzwa\" width=\"500\" height=\"281\" src=\"https:\/\/www.youtube.com\/embed\/VuYooF-GE2I?start=54&#038;feature=oembed\" frameborder=\"0\" allow=\"accelerometer; autoplay; clipboard-write; encrypted-media; gyroscope; picture-in-picture; web-share\" referrerpolicy=\"strict-origin-when-cross-origin\" allowfullscreen><\/iframe> <\/div><figcaption class=\"wp-element-caption\">video ya kazi ya mashine ya silage nyasi pande zote<\/figcaption><\/figure>    <h2 class=\"wp-block-heading\" id=\"h-what-s-the-best-hay-baler\">Tv\u00e5 typer av halmpressmaskiner<\/h2>    <p>Vi producerar huvudsakligen tv\u00e5 typer av halmbalar: runda h\u00f6balar och fyrkantiga halmbalar. De \u00e4r l\u00e4mpliga f\u00f6r olika former och bredder av halmbalningsbehov. B\u00e5da drivs av PTO-effekten fr\u00e5n traktorens trepunktsupph\u00e4ngning, vilket \u00e4r mycket anpassningsbart och effektivt.<\/p>    <p class=\"translation-block\"><strong>Tofauti kuu na vipengele vya ziada:<\/strong><\/p>    <p>Den runda balpressen kan anv\u00e4nda sn\u00f6re eller n\u00e4t f\u00f6r pressning p\u00e5 olika s\u00e4tt, medan den fyrkantiga balpressen endast kan anv\u00e4nda sn\u00f6re f\u00f6r pressning, vilket \u00e4r mer kompakt. <\/p>    <p class=\"translation-block\">Zaidi ya hayo, pia tunatoa <a href=\"https:\/\/balerwrapper.com\/sw\/product\/hay-cutter-and-baler\/\"><strong><em>mashine za kukata nyasi na baler<\/em><\/strong><\/a> zenye kazi ya kusaga, ambayo inafaa kwa matibabu ya nyasi zisizo na mkataba, ikitekeleza operesheni iliyounganishwa ya kukusanya, kusaga, na kubalisha.<\/p>    <figure class=\"wp-block-gallery has-nested-images columns-default is-cropped wp-block-gallery-2 is-layout-flex wp-block-gallery-is-layout-flex\"> <figure class=\"wp-block-image size-large\"><img loading=\"lazy\" decoding=\"async\" width=\"720\" height=\"540\" data-id=\"190\" src=\"https:\/\/balerwrapper.com\/wp-content\/uploads\/2022\/08\/best-hay-baler-.webp\" alt=\"bora pande zote hay baler\" class=\"wp-image-190\" title=\"bora pande zote hay baler\"\/><figcaption class=\"wp-element-caption\">bora pande zote hay baler<\/figcaption><\/figure>    <figure class=\"wp-block-image size-large\"><img loading=\"lazy\" decoding=\"async\" width=\"720\" height=\"540\" data-id=\"191\" src=\"https:\/\/balerwrapper.com\/wp-content\/uploads\/2022\/08\/square-hay-pick-up-baler-machine-.webp\" alt=\"mraba nyasi pick up baler mashine \" class=\"wp-image-191\" title=\"mraba nyasi pick up baler mashine \"\/><figcaption class=\"wp-element-caption\">mraba nyasi pick up baler mashine <\/figcaption><\/figure> <\/figure>    <h2 class=\"wp-block-heading\">F\u00f6rdelar med att anv\u00e4nda maskin f\u00f6r att plocka och pressa halm<\/h2>    <ul class=\"wp-block-list\"> <li>Kompakt struktur, liten fotavtryck: hela maskinen har en rimlig struktur som sparar driftsutrymme.<\/li>    <li>Enkel drift, l\u00e4tt att starta: enkel struktur, l\u00e4tt att f\u00f6rst\u00e5 och anv\u00e4nda, l\u00e5ga utbildningskostnader.<\/li>    <li>Bra pressningseffekt: balen \u00e4r t\u00e4t p\u00e5 utsidan och l\u00f6s p\u00e5 insidan, ventilerad och luftig, vilket \u00e4r bra f\u00f6r lagring.<\/li>    <li>Minska milj\u00f6f\u00f6roreningar: den kan samla upp den trasiga halmen p\u00e5 f\u00e4ltet och undvika luftf\u00f6roreningar orsakade av br\u00e4nning.<\/li>    <li>Effektiv utnyttjande av resurser: den pressade halmen kan anv\u00e4ndas f\u00f6r papperstillverkning, kraftgenerering, uppf\u00f6dning och andra \u00e4ndam\u00e5l.<\/li>    <li>Bekv\u00e4m transport och lagring: den pressade halmen \u00e4r prydlig och kompakt, vilket f\u00f6rb\u00e4ttrar hanterings- och lagringseffektiviteten.<\/li> <\/ul>   <div class=\"wp-block-image\"> <figure class=\"aligncenter size-full\"><img loading=\"lazy\" decoding=\"async\" width=\"720\" height=\"540\" src=\"https:\/\/balerwrapper.com\/wp-content\/uploads\/2022\/08\/hay-and-straw-baling-machine-.webp\" alt=\"mashine ya kusaga nyasi na majani\" class=\"wp-image-193\" title=\"mashine ya kusaga nyasi na majani\"\/><figcaption class=\"wp-element-caption\">Mashine ya kusaga nyasi na majani<\/figcaption><\/figure> <\/div>   <h2 class=\"wp-block-heading\">Till\u00e4mpningsomr\u00e5den f\u00f6r halmupptagningspressmaskiner<\/h2>    <ul class=\"wp-block-list\"> <li>L\u00e4mplig f\u00f6r plockning och pressning av h\u00f6, ensilage och foder.<\/li>    <li>Inafaa kwa operesheni ya kuunganisha ngano, mchele na majani ya mahindi yaliyokandwa.<\/li>    <li>Wakati huo huo, inaweza kutumika kukusanya na kuunganisha majani ya pamba, majani ya mafuta, mzizi wa karanga, majani ya kunde na aina nyingine za majani ya mazao.<\/li>    <li>Ni chaguo bora kwa matumizi ya rasilimali za majani katika nyanja za ufugaji wa wanyama, utengenezaji wa karatasi na kadhalika.<\/li> <\/ul>    <h2 class=\"wp-block-heading\" id=\"h-type-i-pickup-round-baler\">Aina ya I: Pickup round baler<\/h2>    <p>Baler ya majani ya mviringo hukusanya vifaa kwa kutumia meno ya mbele ya mashine. Ukubwa wa bale ya mwisho ni sentimita 70 kwa kipenyo na sentimita 100 kwa urefu. Mashine ni ndogo, rahisi kutumia, na inategemewa.<\/p>   <div class=\"wp-block-image\"> <figure class=\"aligncenter size-full\"><img loading=\"lazy\" decoding=\"async\" width=\"720\" height=\"540\" src=\"https:\/\/balerwrapper.com\/wp-content\/uploads\/2022\/08\/Pickup-round-baler.webp\" alt=\"Pickup pande zote baler\" class=\"wp-image-192\" title=\"Pickup pande zote baler\"\/><figcaption class=\"wp-element-caption\">Pickup pande zote hay baler<\/figcaption><\/figure> <\/div>   <h3 class=\"wp-block-heading\">Struktur av kompakt rund halmpress<\/h3>    <p>Aina hii ya mashine ya kuunganisha majani ya mviringo inajumuisha hasa mfumo wa kuchukua, mfumo wa roller wa kuzunguka, mfumo wa kufunga, mfumo wa kutoa bale, n.k. <\/p>    <p>Balen som bildas \u00e4r liten och kompakt, och balen \u00e4r l\u00f6s inuti och t\u00e4t utanp\u00e5, med god luftgenomsl\u00e4pplighet, vilket \u00e4r praktiskt f\u00f6r transport och lagring.<\/p>   <div class=\"wp-block-image\"> <figure class=\"aligncenter size-full\"><img loading=\"lazy\" decoding=\"async\" width=\"720\" height=\"540\" src=\"https:\/\/balerwrapper.com\/wp-content\/uploads\/2022\/08\/compact-round-baler.webp\" alt=\"kompakt pande zote baler\" class=\"wp-image-199\" title=\"kompakt pande zote baler\"\/><figcaption class=\"wp-element-caption\">kompakt pande zote baler<\/figcaption><\/figure> <\/div>   <h3 class=\"wp-block-heading\">Je, baler ya nyasi ya pande zote hufanyaje kazi?<\/h3>   <div id=\"rank-math-howto\" class=\"rank-math-block\" > <div class=\"rank-math-howto-description\">  <\/div>  <div class=\"rank-math-steps\"> <div id=\"howto-step-1717057803150\" class=\"rank-math-step\"> <div class=\"rank-math-step-content\"><p>Trekta huvuta baler ya nyasi ya pande zote ili kupanda kwenye majani yaliyovunwa. Kisha trekta inaposonga mbele, nguvu hutoka na utaratibu wa kuokota huanza kuzunguka, ukichukua majani na kulisha ndani ya chumba cha kuviringisha.<\/p> <\/div> <\/div> <div id=\"howto-step-1717057819817\" class=\"rank-math-step\"> <div class=\"rank-math-step-content\"><p>Kwa mzunguko unaoendelea wa ngoma ya baler, majani yanayoingia kwenye chemba ya bale hubadilika polepole kutoka ndogo hadi kubwa na kuunda bale ya pande zote inayobana.<\/p> <\/div> <\/div> <div id=\"howto-step-1717057832313\" class=\"rank-math-step\"> <div class=\"rank-math-step-content\"><p>Kisha, bale inapofikia msongamano ulioamuliwa kimbele, honi ya kengele hulia, na dereva husimamisha trekta mbele.<\/p> <\/div> <\/div> <div id=\"howto-step-1717057843722\" class=\"rank-math-step\"> <div class=\"rank-math-step-content\"><p>Dereva huchota lever ya hydraulic kufanya mwelekeo wa kubadilisha valve ya hydraulic, silinda inafanya kazi, na sura ya nyuma inafungua na kutupa bale.<\/p> <\/div> <\/div> <\/div> <\/div>       <figure class=\"wp-block-embed is-type-video is-provider-youtube wp-block-embed-youtube wp-embed-aspect-16-9 wp-has-aspect-ratio\"><div class=\"wp-block-embed__wrapper\"> <iframe loading=\"lazy\" title=\"Video ya maoni ya kuchukua baler | mashine ya kutengeneza nyasi | video ya mashine ya kuchungia majani.\" width=\"500\" height=\"281\" src=\"https:\/\/www.youtube.com\/embed\/dH9rpWyAvro?feature=oembed\" frameborder=\"0\" allow=\"accelerometer; autoplay; clipboard-write; encrypted-media; gyroscope; picture-in-picture; web-share\" referrerpolicy=\"strict-origin-when-cross-origin\" allowfullscreen><\/iframe> <\/div><figcaption class=\"wp-element-caption\">arbetsplats f\u00f6r rund balpressmaskin<\/figcaption><\/figure>    <h3 class=\"wp-block-heading\" id=\"h-specification-of-the-round-hay-baler\">Teknisk data f\u00f6r rund halmpress<\/h3>    <figure class=\"wp-block-table is-style-stripes\"><table><tbody><tr><td>Mfano<\/td><td>ST80*100<\/td><\/tr><tr><td>Uzito<\/td><td>680kg<\/td><\/tr><tr><td>Nguvu ya trekta<\/td><td>Zaidi ya 40 hp<\/td><\/tr><tr><td>Vipimo vya Jumla<\/td><td>1.63*1.37*1.43m<\/td><\/tr><tr><td>Ukubwa\u00a0Baler<\/td><td>\u03a6800*1000mm<\/td><\/tr><tr><td>Uzito wa Baler<\/td><td>40-50kg<\/td><\/tr><tr><td>Uwezo<\/td><td>1.3-1.65ekari\/saa<\/td><\/tr><\/tbody><\/table><figcaption class=\"wp-element-caption\"> parameter f\u00f6r rund h\u00f6balar<\/figcaption><\/figure>   <div class=\"wp-block-image\"> <figure class=\"aligncenter size-full\"><img loading=\"lazy\" decoding=\"async\" width=\"720\" height=\"540\" src=\"https:\/\/balerwrapper.com\/wp-content\/uploads\/2022\/08\/mini-round-baler-.webp\" alt=\"baler mini pande zote\" class=\"wp-image-198\" title=\"baler mini pande zote\"\/><figcaption class=\"wp-element-caption\">baler mini pande zote<\/figcaption><\/figure> <\/div>   <h2 class=\"wp-block-heading\" id=\"h-type-ii-pick-up-square-baler\">Aina ya II: Chukua baler ya mraba<\/h2>    <p>Aina hii ya mashine ya kuunganisha majani ya mraba inaweza kuvuna vifaa vya upana wa 2m au 2.2m. Ukubwa wa mwisho wa bale ni 110cm mrefu, 40cm mpana, na 30cm mrefu.<\/p>    <p>Du kan v\u00e4lja r\u00e4tt bredd enligt deras behov. De fyrkantiga balarna \u00e4r l\u00e4tta att placera och transportera. Det \u00e4r en idealisk utrustning f\u00f6r halmsamling.<\/p>   <div class=\"wp-block-image\"> <figure class=\"aligncenter size-full\"><img loading=\"lazy\" decoding=\"async\" width=\"720\" height=\"540\" src=\"https:\/\/balerwrapper.com\/wp-content\/uploads\/2022\/08\/pick-up-square-baler-.webp\" alt=\"chukua baler ya mraba\" class=\"wp-image-195\" title=\"chukua baler ya mraba\"\/><figcaption class=\"wp-element-caption\">chukua baler ya mraba<\/figcaption><\/figure> <\/div>   <h3 class=\"wp-block-heading\" id=\"h-structure-of-automatic-straw-pick-up-packing-machine\">Muundo wa mashine ya kuokota nyasi kiotomatiki <\/h3>    <p>Sehemu kuu za kazi ni pamoja na kifaa cha kuokota, utaratibu wa upitishaji, kifaa cha kulisha majani, muundo wa kushinikiza bale, muundo wa kuunganisha bale, kifaa cha kuzuia, muundo wa marekebisho na udhibiti, nk.<\/p>    <h3 class=\"wp-block-heading\" id=\"h-technical-information-on-the-tractor-mounted-hay-picking-and-baling-machine\">Parametrar f\u00f6r traktormonterad maskin f\u00f6r att plocka och pressa h\u00f6<\/h3>    <figure class=\"wp-block-table is-style-stripes\"><table><tbody><tr><td>mfano<\/td><td>TZ-190<\/td><\/tr><tr><td>Nguvu<\/td><td>80-90 HP trekta<\/td><\/tr><tr><td>Kufanya kazi kwa ufanisi<\/td><td>6-15km\/saa<\/td><\/tr><tr><td>Upana wa kufanya kazi<\/td><td>1.9\u00a0m<\/td><\/tr><tr><td>Ukubwa wa bale<\/td><td>110*40*30 cm<\/td><\/tr><tr><td>Ukubwa<\/td><td>500*280*140 cm<\/td><\/tr><tr><td>Uzito<\/td><td>1460 kg<\/td><\/tr><\/tbody><\/table><figcaption class=\"wp-element-caption\">kigezo cha mashine ya kuokota nyasi iliyopachikwa kwenye trekta na mashine ya kulipia<\/figcaption><\/figure>   <div class=\"wp-block-image\"> <figure class=\"aligncenter size-full\"><img loading=\"lazy\" decoding=\"async\" width=\"720\" height=\"540\" src=\"https:\/\/balerwrapper.com\/wp-content\/uploads\/2022\/08\/hay-picking-and-baling-machine-.webp\" alt=\"mashine ya kuokota nyasi na kusaga \" class=\"wp-image-196\" title=\"mashine ya kuokota nyasi na kusaga \"\/><figcaption class=\"wp-element-caption\">Mashine ya kuokota nyasi na kusaga <\/figcaption><\/figure> <\/div>   <h3 class=\"wp-block-heading\" id=\"h-working-principle-of-the-hay-picking-and-baling-machine\">Kanuni ya kazi ya kuokota nyasi na mashine ya kusaga <\/h3>    <ul class=\"wp-block-list\"> <li>Str\u00f6mk\u00e4lla: ansluten genom traktorns bakre trepunktsupph\u00e4ngning, anv\u00e4nds traktorns bakre utg\u00e5ngsaxel f\u00f6r att tillhandah\u00e5lla drift- och driftskraft.<\/li>    <li>Kuchukua na kulisha: mchukuzi huzunguka kuchukua majani kwenye ardhi na kuyapeleka kwenye kifaa cha kulisha.<\/li>    <li>Kusaga na kuunganisha: majani yanaingia kwenye chumba cha kuunganisha kwa usawa na yanabana na kuunganishwa kiotomatiki wanapofikia ujazo ulioamriwa.<\/li>    <li>Kutoa bale kiotomatiki: baada ya kuunganisha kukamilika, bale za mraba zinatolewa kutoka kwenye bandari ya kutolea, kukamilisha mchakato mzima wa kuunganisha.<\/li> <\/ul>    <figure class=\"wp-block-embed is-type-video is-provider-youtube wp-block-embed-youtube wp-embed-aspect-16-9 wp-has-aspect-ratio\"><div class=\"wp-block-embed__wrapper\"> <iframe loading=\"lazy\" title=\"Mashine ya kuvuta trekta ya kufungia majani ya mraba ya baler\" width=\"500\" height=\"281\" src=\"https:\/\/www.youtube.com\/embed\/5o1yotMUw0Y?feature=oembed\" frameborder=\"0\" allow=\"accelerometer; autoplay; clipboard-write; encrypted-media; gyroscope; picture-in-picture; web-share\" referrerpolicy=\"strict-origin-when-cross-origin\" allowfullscreen><\/iframe> <\/div><figcaption class=\"wp-element-caption\">Videoklipp av fyrkantig balpress<\/figcaption><\/figure>    <h2 class=\"wp-block-heading\" id=\"h-why-choose-our-straw-picking-and-baling-machine\">Kwa nini tuchague mashine yetu ya kuokota majani na kusaga?<\/h2>    <ul class=\"wp-block-list\"> <li>Timu ya kitaalamu ya utengenezaji: inajengwa na wahandisi wenye uzoefu, wakitumia vifaa vya ubora wa juu, muundo wa busara na utendaji wa kuaminika.<\/li>    <li>Huduma ya haraka na ya kitaalamu: toa majibu ya haraka na majibu ya kitaalamu kusaidia wateja kutatua matatizo wanayokutana nayo katika mchakato wa matumizi.<\/li>    <li>Perfect efterf\u00f6rs\u00e4ljningsskydd: njut av ett \u00e5rs efterf\u00f6rs\u00e4ljningsservice. Om kunder rapporterar problem inom ett \u00e5r, kommer vi snabbt att hj\u00e4lpa till att l\u00f6sa, f\u00f6r att s\u00e4kerst\u00e4lla en bekymmersfri anv\u00e4ndning.<\/li> <\/ul>   <div class=\"wp-block-image\"> <figure class=\"aligncenter size-full\"><img loading=\"lazy\" decoding=\"async\" width=\"720\" height=\"540\" src=\"https:\/\/balerwrapper.com\/wp-content\/uploads\/2022\/08\/stock-of-our-straw-picking-and-baling-machine-.jpg\" alt=\"hisa ya mashine yetu ya kuokota na kusaga majani \" class=\"wp-image-197\" title=\"hisa ya mashine yetu ya kuokota na kusaga majani \"\/><figcaption class=\"wp-element-caption\">akiba ya mashine yetu ya kuokota na kusaga majani<\/figcaption><\/figure> <\/div>   <h2 class=\"wp-block-heading\" id=\"h-faults-and-solutions\">Makosa na suluhisho<\/h2>    <ol class=\"wp-block-list\"> <li>Fel: plockningsdelen \u00e4r blockerad av gr\u00e4s.<br>Orsak: gr\u00e4smattan \u00e4r f\u00f6r stor, hastigheten \u00e4r f\u00f6r h\u00f6g och fuktigheten p\u00e5 arbetsstycket \u00e4r f\u00f6r h\u00f6g.<br>L\u00f6sning: mindre <a href=\"https:\/\/en.wikipedia.org\/wiki\/Straw\" target=\"_blank\" rel=\"noopener\">majani<\/a> hiva, pole kazi kasi, nyenzo za kazi kavu.<\/li>    <li>Kosa: bale ni conical.<br>Orsak: k\u00f6rning i ena \u00e4nden av gr\u00e4sremsan, och gr\u00e4sremsan \u00e4r tjock i ena \u00e4nden.<br>Suluhisho: drive katikati ya strip ya majani.<\/li>    <li>Kosa: roller inageuka lakini picker haigeuki.<br>Orsak: s\u00e4kerhetsbulten p\u00e5 gr\u00e4sh\u00e4mtaren \u00e4r avskuren.<br>Suluhisho: Badilisha bolt ya usalama.<\/li>    <li>Fel: n\u00e4r det finns en bruten linje i mitten av bunten.<br>Sababu: kifaa cha usambazaji wa kamba shinikizo la kifaa cha upinzani wa kifaa, go kamba kifaa kina tatizo.<br>L\u00f6sning: slappna av repet och s\u00e4tt sedan p\u00e5 repet f\u00f6r att justera fj\u00e4dern f\u00f6r att minska motst\u00e5ndet. Kontrollera repet.<\/li> <\/ol>    <p>Om du letar efter en effektiv, h\u00e5llbar och l\u00e4ttanv\u00e4nd halmplockare och balpress, kommer v\u00e5ra produkter att vara ditt idealiska val. Kontakta oss nu f\u00f6r att hj\u00e4lpa dig \u00e5teranv\u00e4nda din gr\u00f6da halm!<\/p>","protected":false},"excerpt":{"rendered":"<p>Baler ya nyasi ya pande zote kwa ujumla hutumiwa katika mashamba ya mahindi baada ya kuvuna. Kwa sababu inaweza kushughulikia tu mabua ya mahindi ambayo yamekandamizwa. Inafanya kazi ya kuokota na kuweka nyasi zilizokatwa.<\/p>","protected":false},"author":1,"featured_media":188,"parent":0,"template":"","tags":[39,38],"product-type":[7],"class_list":["post-63","product","type-product","status-publish","has-post-thumbnail","hentry","tag-hay","tag-straw","product-type-silage-baler"],"_links":{"self":[{"href":"https:\/\/balerwrapper.com\/sw\/wp-json\/wp\/v2\/product\/63","targetHints":{"allow":["GET"]}}],"collection":[{"href":"https:\/\/balerwrapper.com\/sw\/wp-json\/wp\/v2\/product"}],"about":[{"href":"https:\/\/balerwrapper.com\/sw\/wp-json\/wp\/v2\/types\/product"}],"author":[{"embeddable":true,"href":"https:\/\/balerwrapper.com\/sw\/wp-json\/wp\/v2\/users\/1"}],"wp:featuredmedia":[{"embeddable":true,"href":"https:\/\/balerwrapper.com\/sw\/wp-json\/wp\/v2\/media\/188"}],"wp:attachment":[{"href":"https:\/\/balerwrapper.com\/sw\/wp-json\/wp\/v2\/media?parent=63"}],"wp:term":[{"taxonomy":"post_tag","embeddable":true,"href":"https:\/\/balerwrapper.com\/sw\/wp-json\/wp\/v2\/tags?post=63"},{"taxonomy":"product-type","embeddable":true,"href":"https:\/\/balerwrapper.com\/sw\/wp-json\/wp\/v2\/product-type?post=63"}],"curies":[{"name":"wp","href":"https:\/\/api.w.org\/{rel}","templated":true}]}}