{"id":61,"date":"2022-08-25T10:44:13","date_gmt":"2022-08-25T10:44:13","guid":{"rendered":"https:\/\/balerwrapper.com\/?post_type=product&#038;p=61"},"modified":"2025-05-08T18:21:02","modified_gmt":"2025-05-08T10:21:02","slug":"silage-chaff-cutter","status":"publish","type":"product","link":"https:\/\/balerwrapper.com\/sw\/product\/silage-chaff-cutter\/","title":{"rendered":"Mashine ya Kukata Chafu ya Silage ya Kulisha Wanyama"},"content":{"rendered":"<div class=\"kk-star-ratings kksr-auto kksr-align-left kksr-valign-top\"     data-payload='{&quot;align&quot;:&quot;left&quot;,&quot;id&quot;:&quot;61&quot;,&quot;slug&quot;:&quot;default&quot;,&quot;valign&quot;:&quot;top&quot;,&quot;ignore&quot;:&quot;&quot;,&quot;reference&quot;:&quot;auto&quot;,&quot;class&quot;:&quot;&quot;,&quot;count&quot;:&quot;97&quot;,&quot;legendonly&quot;:&quot;&quot;,&quot;readonly&quot;:&quot;&quot;,&quot;score&quot;:&quot;4.9&quot;,&quot;starsonly&quot;:&quot;&quot;,&quot;best&quot;:&quot;5&quot;,&quot;gap&quot;:&quot;5&quot;,&quot;greet&quot;:&quot;Rate this product&quot;,&quot;legend&quot;:&quot;4.9\\\/5 - (97 votes)&quot;,&quot;size&quot;:&quot;24&quot;,&quot;title&quot;:&quot;Silage Chaff Cutter Animal Feed Grass Cutting Machine&quot;,&quot;width&quot;:&quot;139.6&quot;,&quot;_legend&quot;:&quot;{score}\\\/{best} - ({count} {votes})&quot;,&quot;font_factor&quot;:&quot;1.25&quot;}'>              <div class=\"kksr-stars\">      <div class=\"kksr-stars-inactive\">             <div class=\"kksr-star\" data-star=\"1\" style=\"padding-right: 5px\">               <div class=\"kksr-icon\" style=\"width: 24px; height: 24px;\"><\/div>         <\/div>             <div class=\"kksr-star\" data-star=\"2\" style=\"padding-right: 5px\">               <div class=\"kksr-icon\" style=\"width: 24px; height: 24px;\"><\/div>         <\/div>             <div class=\"kksr-star\" data-star=\"3\" style=\"padding-right: 5px\">               <div class=\"kksr-icon\" style=\"width: 24px; height: 24px;\"><\/div>         <\/div>             <div class=\"kksr-star\" data-star=\"4\" style=\"padding-right: 5px\">               <div class=\"kksr-icon\" style=\"width: 24px; height: 24px;\"><\/div>         <\/div>             <div class=\"kksr-star\" data-star=\"5\" style=\"padding-right: 5px\">               <div class=\"kksr-icon\" style=\"width: 24px; height: 24px;\"><\/div>         <\/div>     <\/div>      <div class=\"kksr-stars-active\" style=\"width: 139.6px;\">             <div class=\"kksr-star\" style=\"padding-right: 5px\">               <div class=\"kksr-icon\" style=\"width: 24px; height: 24px;\"><\/div>         <\/div>             <div class=\"kksr-star\" style=\"padding-right: 5px\">               <div class=\"kksr-icon\" style=\"width: 24px; height: 24px;\"><\/div>         <\/div>             <div class=\"kksr-star\" style=\"padding-right: 5px\">               <div class=\"kksr-icon\" style=\"width: 24px; height: 24px;\"><\/div>         <\/div>             <div class=\"kksr-star\" style=\"padding-right: 5px\">               <div class=\"kksr-icon\" style=\"width: 24px; height: 24px;\"><\/div>         <\/div>             <div class=\"kksr-star\" style=\"padding-right: 5px\">               <div class=\"kksr-icon\" style=\"width: 24px; height: 24px;\"><\/div>         <\/div>     <\/div> <\/div>                   <div class=\"kksr-legend\" style=\"font-size: 19.2px;\">             4.9\/5 - (97 kura)    <\/div>     <\/div>  <p>V\u00e5r multifunktionella ensilage hackmaskin \u00e4r designad f\u00f6r moderna g\u00e5rdar, som kan m\u00f6ta efterfr\u00e5gan p\u00e5 fin utfodring av olika djur som kor, f\u00e5r, grisar och s\u00e5 vidare p\u00e5 olika storlekar av g\u00e5rdar.<\/p>    <p>Fr\u00e5n familjejordbruk till storskaliga avelsbaser erbjuder vi ett fullst\u00e4ndigt utbud av modeller, utrustade med elektriska, bensin- och dieseldrivna system, med ett flexibelt val av daglig hanteringskapacitet fr\u00e5n n\u00e5gra ton till tiotals ton.<\/p>    <p>Mashiini wa kukata majani ya silage unaweza kuunganishwa na mashine ya kufunga na kufunika silage, ukanda wa kubebea, na vifaa vingine ili kuunda laini ya uzalishaji ya moja kwa moja. Hii inaweza kufanikisha operesheni ya moja kwa moja kutoka kwa usindikaji wa malighafi hadi ufungashaji wa bidhaa zilizo kamilika, ikikusaidia kuboresha usindikaji wa chakula na kupunguza gharama za kazi.<\/p>    <figure class=\"wp-block-embed aligncenter is-type-video is-provider-youtube wp-block-embed-youtube wp-embed-aspect-16-9 wp-has-aspect-ratio\"><div class=\"wp-block-embed__wrapper\"> <iframe loading=\"lazy\" title=\"bei ya chini sana kukata makapi na mashine ya kusaga nafaka nyasi kukata makapi\" width=\"500\" height=\"281\" src=\"https:\/\/www.youtube.com\/embed\/WTOfgH9OdSs?feature=oembed\" frameborder=\"0\" allow=\"accelerometer; autoplay; clipboard-write; encrypted-media; gyroscope; picture-in-picture; web-share\" referrerpolicy=\"strict-origin-when-cross-origin\" allowfullscreen><\/iframe> <\/div><figcaption class=\"wp-element-caption\">kikata makapi na mashine ya kusaga nafaka<\/figcaption><\/figure>    <h2 class=\"wp-block-heading\" id=\"h-application-range-of-the-animal-feed-chaff-cutter-machine\">Aina ya matumizi ya mashine ya kukata makapi ya chakula cha mifugo<\/h2>    <p>Mashine zetu za kukata silage zinaweza kufanya kazi kwa ufanisi na aina zote za majani na malighafi ya malisho, ikiwa ni pamoja na shina za mahindi ya kijani (kavu), majani ya mpunga-ngano, miche ya soya, majani ya tembo, na kadhalika. <\/p>    <p>Det bearbetade h\u00f6gkvalitativa fodret \u00e4r s\u00e4rskilt l\u00e4mpligt f\u00f6r n\u00f6tkreatur, f\u00e5r, hjortar, h\u00e4star och annan djurh\u00e5llning, vilket kan f\u00f6rb\u00e4ttra smakligheten och n\u00e4ringsv\u00e4rdet av fodret avsev\u00e4rt.<\/p>    <p>F\u00f6rutom boskapsuppf\u00f6dning anv\u00e4nds utrustningen ocks\u00e5 i:<\/p>    <ul class=\"wp-block-list\"> <li>Biomassaenergi: tillhandah\u00e5ller standardiserade halmmaterial f\u00f6r kraftverk.<\/li>    <li>Pappersindustri: f\u00f6rbehandling av olika typer av \u00f6rtfiber r\u00e5material.<\/li>    <li>Ethanolraffinering: h\u00f6gkvalitativa v\u00e4xt r\u00e5material f\u00f6r framst\u00e4llning av biobr\u00e4nsle.<\/li>    <li>Bearbetning av kinesisk \u00f6rtmedicin: precis sk\u00e4rning av medicinskt v\u00e4xtmaterial.<\/li> <\/ul>    <figure class=\"wp-block-gallery has-nested-images columns-default is-cropped wp-block-gallery-2 is-layout-flex wp-block-gallery-is-layout-flex\"> <figure class=\"wp-block-image size-large\"><img loading=\"lazy\" decoding=\"async\" width=\"720\" height=\"540\" data-id=\"213\" src=\"https:\/\/balerwrapper.com\/wp-content\/uploads\/2022\/08\/grass-shredder-.webp\" alt=\"shredder ya nyasi\" class=\"wp-image-213\" title=\"shredder ya nyasi\"\/><figcaption class=\"wp-element-caption\">shredder ya nyasi<\/figcaption><\/figure>    <figure class=\"wp-block-image size-large\"><img loading=\"lazy\" decoding=\"async\" width=\"720\" height=\"540\" data-id=\"215\" src=\"https:\/\/balerwrapper.com\/wp-content\/uploads\/2022\/08\/straw-pulverizer-machine-.webp\" alt=\"mashine ya kusaga majani\" class=\"wp-image-215\" title=\"mashine ya kusaga majani\"\/><figcaption class=\"wp-element-caption\">mashine ya kusaga majani<\/figcaption><\/figure> <\/figure>    <h2 class=\"wp-block-heading\" id=\"h-type-1-9z-0-4-grass-cutting-machine\">Aina ya 1: 9Z-0.4 mashine ya kukata nyasi<\/h2>    <p>Designad f\u00f6r familjejordbruk och sm\u00e5 g\u00e5rdar, \u00e4r 9Z-0.4 ensilage hackmaskin kompakt men kraftfull!<\/p>    <p>Kujitolea kwenye seti ya blade za aloi zenye usahihi wa juu kama mfumo mkuu wa kukata, kupitia muundo wa blade unaoweza kubadilishwa, unaweza kudhibiti kwa uhuru urefu wa kukata nyasi (1-5cm chaguo), inafaa kabisa kwa mahitaji ya kulisha mifugo tofauti.<\/p>   <div class=\"wp-block-image\"> <figure class=\"aligncenter size-full\"><img loading=\"lazy\" decoding=\"async\" width=\"720\" height=\"540\" src=\"https:\/\/balerwrapper.com\/wp-content\/uploads\/2022\/08\/9Z-0.4-grass-cutting-machine-.webp\" alt=\"9Z-0.4 mashine ya kukata nyasi\" class=\"wp-image-201\" title=\"9Z-0.4 mashine ya kukata nyasi\"\/><figcaption class=\"wp-element-caption\">9Z-0.4 mashine ya kukata nyasi<\/figcaption><\/figure> <\/div>   <h3 class=\"wp-block-heading\" id=\"h-parameters-of-the-grass-cutting-machine\">Vigezo vya mashine ya kukata nyasi<\/h3>    <figure class=\"wp-block-table is-style-stripes\"><table><tbody><tr><td>Mfano<\/td><td>9Z-0.4<\/td><\/tr><tr><td>Nguvu inayounga mkono<\/td><td>3kw\u00a0motor ya umeme<\/td><\/tr><tr><td>Kasi ya gari<\/td><td>2800 rpm<\/td><\/tr><tr><td>Uzito wa mashine<\/td><td>60KG (bila kujumuisha motor)<\/td><\/tr><tr><td>Vipimo<\/td><td>1050*490*790mm<\/td><\/tr><tr><td>Ufanisi wa uzalishaji<\/td><td>&nbsp;400-1000KG\/H<\/td><\/tr><tr><td>Idadi ya visu<\/td><td>&nbsp;&nbsp;4\/6<\/td><\/tr><tr><td>Mbinu ya kulisha<\/td><td>kulisha moja kwa moja<\/td><\/tr><tr><td>Athari ya kutokwa<\/td><td>10-35 mm<\/td><\/tr><tr><td>Aina ya muundo<\/td><td>&nbsp;Aina ya ngoma<\/td><\/tr><\/tbody><\/table><figcaption class=\"wp-element-caption\">data ya kiufundi ya mashine ya kukata nyasi<\/figcaption><\/figure>    <h3 class=\"wp-block-heading\">Utendaji wa kazi wa cutter ya silage<\/h3>    <figure class=\"wp-block-embed aligncenter is-type-video is-provider-youtube wp-block-embed-youtube wp-embed-aspect-16-9 wp-has-aspect-ratio\"><div class=\"wp-block-embed__wrapper\"> <iframe loading=\"lazy\" title=\"Mashine ndogo ya kukatia makapi na yenye manufaa kwa wakulima yenye injini\/kukata nyasi kwa bei nafuu.\" width=\"500\" height=\"281\" src=\"https:\/\/www.youtube.com\/embed\/VyG_Q1J90mw?feature=oembed\" frameborder=\"0\" allow=\"accelerometer; autoplay; clipboard-write; encrypted-media; gyroscope; picture-in-picture; web-share\" referrerpolicy=\"strict-origin-when-cross-origin\" allowfullscreen><\/iframe> <\/div><figcaption class=\"wp-element-caption\">Video ya 9Z-0.4 ya kukata silage inayofanya kazi<\/figcaption><\/figure>    <h2 class=\"wp-block-heading\" id=\"h-type-2-9z-0-4-square-mouth-grass-chopper-machine\">Aina ya 2: Mashine ya kukata nyasi ya mdomo wa mraba 9Z-0.4<\/h2>    <p>Juu ya mashine hii ya kukata majani imeandaliwa kwa njia maalum na bandari ya kulisha ya mraba yenye kazi nyingi, ambayo inakuwezesha kwa urahisi kuongeza aina mbalimbali za vifaa vya lishe kama vile kichwa cha sukari, viazi vitamu, soya, nk. wakati wa kukata majani, ikifanikisha uwiano wa dhahabu wa lishe ya chakula.<\/p>   <div class=\"wp-block-image\"> <figure class=\"aligncenter size-full\"><img loading=\"lazy\" decoding=\"async\" width=\"720\" height=\"540\" src=\"https:\/\/balerwrapper.com\/wp-content\/uploads\/2022\/08\/grass-chopper-machine-.webp\" alt=\"mashine ya kukata nyasi\" class=\"wp-image-202\" title=\"mashine ya kukata nyasi\"\/><figcaption class=\"wp-element-caption\">mashine ya kukata nyasi<\/figcaption><\/figure> <\/div>   <figure class=\"wp-block-embed aligncenter is-type-video is-provider-youtube wp-block-embed-youtube wp-embed-aspect-16-9 wp-has-aspect-ratio\"><div class=\"wp-block-embed__wrapper\"> <iframe loading=\"lazy\" title=\"Utendaji mzuri pamoja na mashine ya kukata majani na mashine ya kusaga nafaka! Mkata makapi na grinder ya nafaka\" width=\"500\" height=\"281\" src=\"https:\/\/www.youtube.com\/embed\/y2SDH-pRT_s?feature=oembed\" frameborder=\"0\" allow=\"accelerometer; autoplay; clipboard-write; encrypted-media; gyroscope; picture-in-picture; web-share\" referrerpolicy=\"strict-origin-when-cross-origin\" allowfullscreen><\/iframe> <\/div><figcaption class=\"wp-element-caption\">9Z-0.4 eneo la kazi la kukata makapi mdomo wa silaji<\/figcaption><\/figure>    <h3 class=\"wp-block-heading\" id=\"h-detailed-information-on-the-grass-cutter\">Maelezo ya kina juu ya mkataji wa nyasi<\/h3>    <figure class=\"wp-block-table is-style-stripes\"><table><tbody><tr><td>Mfano<\/td><td>9Z-0.4 kukata makapi na mdomo wa mraba<\/td><\/tr><tr><td>Nguvu inayounga mkono<\/td><td>3kw\u00a0motor ya umeme<\/td><\/tr><tr><td>Kasi ya gari<\/td><td>2800 rpm \/ dakika<\/td><\/tr><tr><td>Uzito wa mashine<\/td><td>60KG<\/td><\/tr><tr><td>Vipimo<\/td><td>1130*500*1190mm<\/td><\/tr><tr><td>Ufanisi wa uzalishaji<\/td><td>400-1000KG\/H<\/td><\/tr><tr><td>Idadi ya visu<\/td><td>4\/6<\/td><\/tr><tr><td>Mbinu ya kulisha<\/td><td>kulisha otomatiki\/kwa mikono<\/td><\/tr><tr><td>Athari ya kutokwa<\/td><td>10-35 mm<\/td><\/tr><tr><td>Aina ya kazi nyingi<\/td><td>Kukata nyasi na mboga<\/td><\/tr><\/tbody><\/table><figcaption class=\"wp-element-caption\">parameter f\u00f6r gr\u00e4svallens ensilage hackmaskin<\/figcaption><\/figure>    <h3 class=\"wp-block-heading\" id=\"h-structure-of-the-grass-chaff-cutter\">Muundo wa kikata makapi ya nyasi<\/h3>    <p>Muundo wa mashine ya kukata silage ya Aina I na Aina II ni sawa. Zote zina sehemu ya kukata, chumba cha guillotine, gearbox, magurudumu yanayosonga, na motor ya shaba safi. Mashine ya kukata silage ya Aina II ina sehemu ya kulisha ya mraba juu ya chumba cha guillotine. Hapa chini kuna mchoro wa muundo wa mashine ya kukata majani ya Aina I 9Z-0.4.<\/p>   <div class=\"wp-block-image\"> <figure class=\"aligncenter size-full\"><img loading=\"lazy\" decoding=\"async\" width=\"720\" height=\"540\" src=\"https:\/\/balerwrapper.com\/wp-content\/uploads\/2022\/08\/grass-chaff-cutter-.jpg\" alt=\"muundo wa kukata makapi ya nyasi\" class=\"wp-image-204\" title=\"muundo wa kukata makapi ya nyasi\"\/><figcaption class=\"wp-element-caption\">struktur av gr\u00e4sklippare<\/figcaption><\/figure> <\/div>   <h3 class=\"wp-block-heading\" id=\"h-what-are-the-characteristics-of-the-grass-shredder\">Je, ni sifa gani za mpasuaji nyasi?<\/h3>    <ul class=\"wp-block-list\"> <li>Muundo thabiti na wa kudumu: msaada wa chuma cha kutupwa na mwili wa chuma cha manganese unahakikisha uthabiti na upinzani wa kuvaa wa vifaa, ukiongeza muda wa huduma.<\/li>    <li>H\u00f6g effektivitet sk\u00e4rsystem: tre upps\u00e4ttningar av r\u00f6rlig kniv + fast kniv med avfasad design, tangentiell matningsstruktur, minskar motst\u00e5ndet med 30%, f\u00f6rb\u00e4ttrar sk\u00e4rningens enhetlighet.<\/li>    <li>Intelligent tyst energibesparing: optimerad struktur minskar buller, v\u00e4xeldrift minskar energif\u00f6rbrukningen med 20%, l\u00e4mplig f\u00f6r l\u00e5ngvarig drift.<\/li>    <li>Flexibla och m\u00e5ngsidiga h\u00f6g effektivitet: dubbelrullmatning justerbart knivavst\u00e5nd (1-10 cm), hantering av 0,5-1 ton per timme, effektivitet 20 g\u00e5nger h\u00f6gre \u00e4n manuellt.<\/li> <\/ul>    <h2 class=\"wp-block-heading\" id=\"h-type-3-large-straw-chaff-cutter\">Aina ya 3: Kikata makapi kikubwa cha majani<\/h2>    <ul class=\"wp-block-list\"> <li>V\u00e5rt utbud av h\u00f6gpresterande ensilage hackmaskiner inkluderar 8 modeller fr\u00e5n 9Z-1.2 till 9Z-10A, var och en av dem \u00e4r designad med en l\u00e5nghalsad utg\u00e5ng f\u00f6r att s\u00e4kerst\u00e4lla en l\u00e4ngre och smidigare leverans av h\u00f6.<\/li>    <li>Mifano ya 9Z-2.5A na 9Z-10A yamewekwa hasa na mfumo wa kulisha kiotomatiki, ambao unatekeleza kiotomatiki kamili na kuboresha kwa kiasi kikubwa ufanisi wa uzalishaji.<\/li>    <li>N\u00e4r det g\u00e4ller val av kraft st\u00f6der hela serien tre konfigurationer av elektrisk motor, dieselmotor och bensinmotor, och modeller \u00f6ver 1,8 ton rekommenderas att drivas av en kraftfullare elektrisk motor eller dieselmotor f\u00f6r att s\u00e4kerst\u00e4lla stabil drift under l\u00e5ng tid.<\/li>    <li>Mfumo wa utoaji wa ndege wa kipekee unaweza kupuliza kwa nguvu nyasi zilizotibiwa mita 8-15, urefu na pembe ya utoaji vinaweza kubadilishwa kwa urahisi, rahisi kuunganisha na gari la usafirishaji au silo ya kuhifadhi.<\/li> <\/ul>    <figure class=\"wp-block-gallery has-nested-images columns-default is-cropped wp-block-gallery-3 is-layout-flex wp-block-gallery-is-layout-flex\"> <figure class=\"wp-block-image size-large\"><img loading=\"lazy\" decoding=\"async\" width=\"720\" height=\"540\" data-id=\"205\" src=\"https:\/\/balerwrapper.com\/wp-content\/uploads\/2022\/08\/9Z-1.2-large-straw-chaff-cutter-.webp\" alt=\"9Z-1.2 Kikata makapi kikubwa cha majani\" class=\"wp-image-205\" title=\"9Z-1.2 Kikata makapi kikubwa cha majani\"\/><figcaption class=\"wp-element-caption\">9Z-1.2 Kikata makapi kikubwa cha majani<\/figcaption><\/figure>    <figure class=\"wp-block-image size-large\"><img loading=\"lazy\" decoding=\"async\" width=\"720\" height=\"540\" data-id=\"206\" src=\"https:\/\/balerwrapper.com\/wp-content\/uploads\/2022\/08\/9Z-3A-chaff-chopper-.webp\" alt=\"9Z-3A chopa makapi \" class=\"wp-image-206\" title=\"9Z-3A chopa makapi \"\/><figcaption class=\"wp-element-caption\">9Z-3A chopa makapi <\/figcaption><\/figure>    <figure class=\"wp-block-image size-large\"><img loading=\"lazy\" decoding=\"async\" width=\"720\" height=\"540\" data-id=\"207\" src=\"https:\/\/balerwrapper.com\/wp-content\/uploads\/2022\/08\/9Z-4.5A-sialge-chopper-.jpg\" alt=\"9Z-4.5A chopa ya sialge \" class=\"wp-image-207\" title=\"9Z-4.5A chopa ya sialge \"\/><figcaption class=\"wp-element-caption\">9Z-4.5A chopa ya sialge<\/figcaption><\/figure>    <figure class=\"wp-block-image size-large\"><img loading=\"lazy\" decoding=\"async\" width=\"720\" height=\"540\" data-id=\"208\" src=\"https:\/\/balerwrapper.com\/wp-content\/uploads\/2022\/08\/9Z-6.5A-grass-cutting-machine-.webp\" alt=\"mashine ya kukata nyasi\" class=\"wp-image-208\" title=\"mashine ya kukata nyasi\"\/><figcaption class=\"wp-element-caption\">mashine ya kukata nyasi<\/figcaption><\/figure>    <figure class=\"wp-block-image size-large\"><img loading=\"lazy\" decoding=\"async\" width=\"720\" height=\"540\" data-id=\"209\" src=\"https:\/\/balerwrapper.com\/wp-content\/uploads\/2022\/08\/9Z-8A-grass-chopper-machine-.jpg\" alt=\"9Z-8A mashine ya kukata nyasi\" class=\"wp-image-209\" title=\"9Z-8A mashine ya kukata nyasi\"\/><figcaption class=\"wp-element-caption\">9Z-8A mashine ya kukata nyasi<\/figcaption><\/figure>    <figure class=\"wp-block-image size-large\"><img loading=\"lazy\" decoding=\"async\" width=\"720\" height=\"540\" data-id=\"210\" src=\"https:\/\/balerwrapper.com\/wp-content\/uploads\/2022\/08\/9Z-10A-grass-chaff-cutter-.jpg\" alt=\"9Z-10A kikata makapi ya nyasi\" class=\"wp-image-210\" title=\"9Z-10A kikata makapi ya nyasi\"\/><figcaption class=\"wp-element-caption\">9Z-10A kikata makapi ya nyasi<\/figcaption><\/figure> <\/figure>    <h3 class=\"wp-block-heading\" id=\"h-structure-of-the-large-straw-chaff-cutter\">Muundo wa mashine kubwa ya kukata makapi ya majani<\/h3>    <p>Muundo wa mchele mkubwa wa silage ni sawa: zote zina mlango wa kulisha, sanduku la gia, kifaa cha kukata, mrija mrefu, motor \/ injini ya dizeli, magurudumu yanayosonga, fremu, n.k.<\/p>   <div class=\"wp-block-image\"> <figure class=\"aligncenter size-full\"><img loading=\"lazy\" decoding=\"async\" width=\"720\" height=\"540\" src=\"https:\/\/balerwrapper.com\/wp-content\/uploads\/2022\/08\/large-straw-chaff-cutter1-.webp\" alt=\" kikata makapi kikubwa cha majani\" class=\"wp-image-211\" title=\" kikata makapi kikubwa cha majani\"\/><figcaption class=\"wp-element-caption\"> kikata makapi kikubwa cha majani<\/figcaption><\/figure> <\/div>   <h3 class=\"wp-block-heading\" id=\"h-parameters-of-the-9z-1-2-straw-cutting-machine\">Vigezo vya mashine ya kukata majani ya 9Z-1.2<\/h3>    <figure class=\"wp-block-table is-style-stripes\"><table><tbody><tr><td>Mfano<\/td><td>9Z-1.2<\/td><\/tr><tr><td>Nguvu inayounga mkono<\/td><td>3kw\u00a0motor ya awamu moja<\/td><\/tr><tr><td>Kasi ya gari<\/td><td>2800 rpm \/ dakika<\/td><\/tr><tr><td>Uzito wa mashine<\/td><td>80KG<\/td><\/tr><tr><td>Vipimo<\/td><td>880*1010*1750mm<\/td><\/tr><tr><td>Ufanisi wa uzalishaji<\/td><td>1200KG\/H<\/td><\/tr><tr><td>Idadi ya visu<\/td><td>6<\/td><\/tr><tr><td>Mbinu ya kulisha<\/td><td>Kulisha\u00a0mwongozo<\/td><\/tr><tr><td>Athari ya kutokwa<\/td><td>7-35 mm<\/td><\/tr><tr><td>Aina ya muundo<\/td><td>diski<\/td><\/tr><\/tbody><\/table><figcaption class=\"wp-element-caption\">9Z-1.2 mashine ya kukata majani parameter<\/figcaption><\/figure>    <figure class=\"wp-block-embed aligncenter is-type-video is-provider-youtube wp-block-embed-youtube wp-embed-aspect-16-9 wp-has-aspect-ratio\"><div class=\"wp-block-embed__wrapper\"> <iframe loading=\"lazy\" title=\"Kikata makapi chenye uwezo wa juu \/ kikata matawi ya miti \/ kiwanda cha mashine ya kukata nyasi\" width=\"500\" height=\"281\" src=\"https:\/\/www.youtube.com\/embed\/v89h5m6HhsQ?start=16&#038;feature=oembed\" frameborder=\"0\" allow=\"accelerometer; autoplay; clipboard-write; encrypted-media; gyroscope; picture-in-picture; web-share\" referrerpolicy=\"strict-origin-when-cross-origin\" allowfullscreen><\/iframe> <\/div><figcaption class=\"wp-element-caption\">mashine ya kukata makapi yenye uwezo mkubwa wa video inayofanya kazi<\/figcaption><\/figure>    <h3 class=\"wp-block-heading\" id=\"h-advantages-of-the-straw-chopper\">F\u00f6rdelar med den stora halmklipparen<\/h3>    <ul class=\"wp-block-list\"> <li>Sura ya muundo wa chuma, kiasi kidogo, nyepesi, rahisi kusonga.<\/li>    <li>Tengeneza kifaa cha bima, ili kuondoa ajali za kusaga visu, mashine ni salama na ya kuaminika.<\/li>    <li>Shimoni ya kiendeshi cha roller ya nyasi hutumia uunganisho wa ulimwengu wote, muundo wa kompakt, uendeshaji unaonyumbulika, na utenganishaji rahisi, na unganisho.<\/li>    <li>nguvu ya kusaidia ni uchaguzi mbalimbali, motor umeme, injini ya dizeli, trekta inaweza kuendana, hasa kwa ukosefu wa umeme katika kanda ni kufaa zaidi.<\/li>    <li>Usu wa mashine umetengenezwa kwa chuma cha hali ya juu, iliyosafishwa kwa teknolojia maalum, na sugu ya kuvaa. Matumizi ya bolts ya juu-nguvu, matumizi ya salama na ya kuaminika.<\/li>    <li>Ganda la kukata makapi la sileji limetengenezwa kwa bamba la chuma lililonenepa ambalo husogezwa kila mara, ukungu wote huunda, mzuri na wa kudumu.<\/li> <\/ul>   <div class=\"wp-block-image\"> <figure class=\"aligncenter size-full\"><img loading=\"lazy\" decoding=\"async\" width=\"720\" height=\"540\" src=\"https:\/\/balerwrapper.com\/wp-content\/uploads\/2022\/08\/straw-chopper-.webp\" alt=\"chopper cha majani\" class=\"wp-image-212\" title=\"chopper cha majani\"\/><figcaption class=\"wp-element-caption\">chopper cha majani<\/figcaption><\/figure> <\/div>   <h3 class=\"wp-block-heading\" id=\"h-the-working-principle-of-the-straw-cutter\">Kanuni ya kazi ya mkataji wa majani makubwa<\/h3>    <p>Oavsett om det \u00e4r en stor eller liten ensilage hackmaskin, \u00e4r arbetsprincipen densamma. Motorn, dieselmotorn och bensinmotorn \u00f6verf\u00f6r kraften fr\u00e5n remmen till huvudaxeln. V\u00e4xeln i den andra \u00e4nden av huvudaxeln \u00f6verf\u00f6r den hastighetsreglerade kraften. <\/p>    <p>N\u00e4r materialet kommer in mellan de \u00f6vre och nedre pressvalsen fr\u00e5n inloppet. D\u00e5 utf\u00f6r de snabbt roterande knivarna gr\u00e4sklippningsoperationen. Slutligen kastas det klippta gr\u00e4set ut ur maskinen genom utloppet.<\/p>    <p class=\"translation-block\">Inaweza kutumiwa na vifaa vya kufungia filamu baadaye, tafadhali bonyeza kwa maelezo zaidi: <a href=\"https:\/\/balerwrapper.com\/sw\/product\/corn-silage-baler-machine\/\"><strong><em>Mashine ya Kufungia Kipupepu cha Nafaka Kiotomatiki kwa Ajili ya Kuhifadhi Chakula<\/em><\/strong><\/a>.<\/p>    <h2 class=\"wp-block-heading\" id=\"h-successful-case\">Kesi iliyofanikiwa <\/h2>    <p class=\"translation-block\">Mteja kutoka <a href=\"https:\/\/en.wikipedia.org\/wiki\/Philippines\" target=\"_blank\" rel=\"noopener\">Ufilipino<\/a> alinunua kutoka kwetu kikata nyasi cha silage 9Z-1.2. Mteja huyo amewekeza mifugo kadhaa. Muda mfupi uliopita aliamua kupanua kiwango cha ufugaji wake. Kwa hiyo, pia alitaka kununua mfumo mkuu zaidi wa kukata malisho. <\/p>    <figure class=\"wp-block-gallery has-nested-images columns-default is-cropped wp-block-gallery-4 is-layout-flex wp-block-gallery-is-layout-flex\"> <figure class=\"wp-block-image size-large\"><img loading=\"lazy\" decoding=\"async\" width=\"720\" height=\"540\" data-id=\"737\" src=\"https:\/\/balerwrapper.com\/wp-content\/uploads\/2022\/08\/silage-straw-cutter-packaging-site.webp\" alt=\"tovuti ya ufungaji ya kukata majani ya silage\" class=\"wp-image-737\" srcset=\"https:\/\/balerwrapper.com\/wp-content\/uploads\/2022\/08\/silage-straw-cutter-packaging-site.webp 720w, https:\/\/balerwrapper.com\/wp-content\/uploads\/2022\/08\/silage-straw-cutter-packaging-site-300x225.webp 300w, https:\/\/balerwrapper.com\/wp-content\/uploads\/2022\/08\/silage-straw-cutter-packaging-site-16x12.webp 16w\" sizes=\"auto, (max-width: 720px) 100vw, 720px\" \/><figcaption class=\"wp-element-caption\">tovuti ya ufungaji ya kukata majani ya silage<\/figcaption><\/figure>    <figure class=\"wp-block-image size-large\"><img loading=\"lazy\" decoding=\"async\" width=\"720\" height=\"540\" data-id=\"736\" src=\"https:\/\/balerwrapper.com\/wp-content\/uploads\/2022\/08\/chaff-cutter-machines-in-factory.webp\" alt=\"mashine za kukata makapi kiwandani\" class=\"wp-image-736\" srcset=\"https:\/\/balerwrapper.com\/wp-content\/uploads\/2022\/08\/chaff-cutter-machines-in-factory.webp 720w, https:\/\/balerwrapper.com\/wp-content\/uploads\/2022\/08\/chaff-cutter-machines-in-factory-300x225.webp 300w, https:\/\/balerwrapper.com\/wp-content\/uploads\/2022\/08\/chaff-cutter-machines-in-factory-16x12.webp 16w\" sizes=\"auto, (max-width: 720px) 100vw, 720px\" \/><figcaption class=\"wp-element-caption\">mashine za kukata makapi kiwandani<\/figcaption><\/figure> <\/figure>    <p>Om du har behov av ensilagebearbetning, tveka inte att kontakta oss f\u00f6r mer utrustningsdetaljer, videodemonstration och skr\u00e4ddarsydd service!<\/p>","protected":false},"excerpt":{"rendered":"<p>Wakataji wa makapi ya silaji hutumiwa sana katika mashamba makubwa, ya kati na madogo ya mifugo na mashamba ya kuzaliana. Chapisho hili linaelezea aina chache tofauti za wakata makapi.<\/p>","protected":false},"author":1,"featured_media":200,"parent":0,"template":"","tags":[44,42,40,35],"product-type":[6],"class_list":["post-61","product","type-product","status-publish","has-post-thumbnail","hentry","tag-animal-feed","tag-corn-silage","tag-grass","tag-silage","product-type-chaff-cutter"],"_links":{"self":[{"href":"https:\/\/balerwrapper.com\/sw\/wp-json\/wp\/v2\/product\/61","targetHints":{"allow":["GET"]}}],"collection":[{"href":"https:\/\/balerwrapper.com\/sw\/wp-json\/wp\/v2\/product"}],"about":[{"href":"https:\/\/balerwrapper.com\/sw\/wp-json\/wp\/v2\/types\/product"}],"author":[{"embeddable":true,"href":"https:\/\/balerwrapper.com\/sw\/wp-json\/wp\/v2\/users\/1"}],"wp:featuredmedia":[{"embeddable":true,"href":"https:\/\/balerwrapper.com\/sw\/wp-json\/wp\/v2\/media\/200"}],"wp:attachment":[{"href":"https:\/\/balerwrapper.com\/sw\/wp-json\/wp\/v2\/media?parent=61"}],"wp:term":[{"taxonomy":"post_tag","embeddable":true,"href":"https:\/\/balerwrapper.com\/sw\/wp-json\/wp\/v2\/tags?post=61"},{"taxonomy":"product-type","embeddable":true,"href":"https:\/\/balerwrapper.com\/sw\/wp-json\/wp\/v2\/product-type?post=61"}],"curies":[{"name":"wp","href":"https:\/\/api.w.org\/{rel}","templated":true}]}}