{"id":55,"date":"2022-08-24T10:35:12","date_gmt":"2022-08-24T10:35:12","guid":{"rendered":"https:\/\/balerwrapper.com\/?post_type=product&#038;p=55"},"modified":"2024-05-30T18:34:56","modified_gmt":"2024-05-30T10:34:56","slug":"combined-grass-grain-crusher","status":"publish","type":"product","link":"https:\/\/balerwrapper.com\/sw\/product\/combined-grass-grain-crusher\/","title":{"rendered":"Mashine ya Kusaga Nafaka Iliyochanganywa ya Nyasi"},"content":{"rendered":"<div class=\"kk-star-ratings kksr-auto kksr-align-left kksr-valign-top\"     data-payload='{&quot;align&quot;:&quot;left&quot;,&quot;id&quot;:&quot;55&quot;,&quot;slug&quot;:&quot;default&quot;,&quot;valign&quot;:&quot;top&quot;,&quot;ignore&quot;:&quot;&quot;,&quot;reference&quot;:&quot;auto&quot;,&quot;class&quot;:&quot;&quot;,&quot;count&quot;:&quot;97&quot;,&quot;legendonly&quot;:&quot;&quot;,&quot;readonly&quot;:&quot;&quot;,&quot;score&quot;:&quot;4.8&quot;,&quot;starsonly&quot;:&quot;&quot;,&quot;best&quot;:&quot;5&quot;,&quot;gap&quot;:&quot;5&quot;,&quot;greet&quot;:&quot;Rate this product&quot;,&quot;legend&quot;:&quot;4.8\\\/5 - (97 votes)&quot;,&quot;size&quot;:&quot;24&quot;,&quot;title&quot;:&quot;Combined Grass Grain Crusher Chaff Cutter Grinder Machine&quot;,&quot;width&quot;:&quot;136.7&quot;,&quot;_legend&quot;:&quot;{score}\\\/{best} - ({count} {votes})&quot;,&quot;font_factor&quot;:&quot;1.25&quot;}'>              <div class=\"kksr-stars\">      <div class=\"kksr-stars-inactive\">             <div class=\"kksr-star\" data-star=\"1\" style=\"padding-right: 5px\">               <div class=\"kksr-icon\" style=\"width: 24px; height: 24px;\"><\/div>         <\/div>             <div class=\"kksr-star\" data-star=\"2\" style=\"padding-right: 5px\">               <div class=\"kksr-icon\" style=\"width: 24px; height: 24px;\"><\/div>         <\/div>             <div class=\"kksr-star\" data-star=\"3\" style=\"padding-right: 5px\">               <div class=\"kksr-icon\" style=\"width: 24px; height: 24px;\"><\/div>         <\/div>             <div class=\"kksr-star\" data-star=\"4\" style=\"padding-right: 5px\">               <div class=\"kksr-icon\" style=\"width: 24px; height: 24px;\"><\/div>         <\/div>             <div class=\"kksr-star\" data-star=\"5\" style=\"padding-right: 5px\">               <div class=\"kksr-icon\" style=\"width: 24px; height: 24px;\"><\/div>         <\/div>     <\/div>      <div class=\"kksr-stars-active\" style=\"width: 136.7px;\">             <div class=\"kksr-star\" style=\"padding-right: 5px\">               <div class=\"kksr-icon\" style=\"width: 24px; height: 24px;\"><\/div>         <\/div>             <div class=\"kksr-star\" style=\"padding-right: 5px\">               <div class=\"kksr-icon\" style=\"width: 24px; height: 24px;\"><\/div>         <\/div>             <div class=\"kksr-star\" style=\"padding-right: 5px\">               <div class=\"kksr-icon\" style=\"width: 24px; height: 24px;\"><\/div>         <\/div>             <div class=\"kksr-star\" style=\"padding-right: 5px\">               <div class=\"kksr-icon\" style=\"width: 24px; height: 24px;\"><\/div>         <\/div>             <div class=\"kksr-star\" style=\"padding-right: 5px\">               <div class=\"kksr-icon\" style=\"width: 24px; height: 24px;\"><\/div>         <\/div>     <\/div> <\/div>                   <div class=\"kksr-legend\" style=\"font-size: 19.2px;\">             4.8\/5 - (97 kura)    <\/div>     <\/div>  <p>Mchanganyiko wa nafaka ya nyasi ni kifaa cha kushughulikia malisho cha kazi nyingi. Tunaweza kutumia mashine kukata nyasi lakini pia kuponda aina mbalimbali za nafaka, matunda, na mboga. Nyenzo zilizochakatwa kwa ujumla hutumiwa kulisha ng'ombe, kondoo, farasi, nguruwe, na mifugo mingine. <\/p>    <figure class=\"wp-block-embed aligncenter is-type-video is-provider-youtube wp-block-embed-youtube wp-embed-aspect-16-9 wp-has-aspect-ratio\"><div class=\"wp-block-embed__wrapper\"> <iframe loading=\"lazy\" title=\"Mashine ya Kukata makapi na Kusaga, Kuboresha Ufanisi wa Uvunaji wa Mazao!\" width=\"500\" height=\"281\" src=\"https:\/\/www.youtube.com\/embed\/csKAdpXtbn8?feature=oembed\" frameborder=\"0\" allow=\"accelerometer; autoplay; clipboard-write; encrypted-media; gyroscope; picture-in-picture; web-share\" referrerpolicy=\"strict-origin-when-cross-origin\" allowfullscreen><\/iframe> <\/div><figcaption class=\"wp-element-caption\">Video ya kawaida ya kukata makapi na mashine ya kusagia<\/figcaption><\/figure>    <p class=\"translation-block\">Mashine hiyo ni ndogo na rahisi kubeba lakini inaweza kuzalisha hadi 1800kg\/h. Inaweza pia kufanya kazi na <a href=\"https:\/\/balerwrapper.com\/sw\/product\/corn-silage-baler-machine\/\">mashine ya kufunga mifugo<\/a> ili kutengeneza lishe ya mifugo.<\/p>    <h2 class=\"wp-block-heading\" id=\"h-introduction-to-the-combined-grass-grain-crusher\">Utangulizi wa mashine ya kusaga nafaka ya nyasi<\/h2>    <p>Kiwanda chetu kinazalisha aina nyingi tofauti za viunzi vilivyochanganywa vya nyasi. Maarufu zaidi ni mashine ya kusaga makapi yenye bandari tano na bandari nne. Kuna mifano miwili ya kukata makapi ya midomo minne na grinder ambayo ni maarufu zaidi. Wao ni 9ZF-500B na 9ZF-1800 kwa mtiririko huo. Wanashughulikia nyenzo sawa. <\/p>    <p>Ang\u00e5ende kraft kan de vara elektriska motorer, bensinmotorer och dieselmotorer. Den specifika kraften beror p\u00e5 den specifika maskinmodellen och kundens behov. De kan inte bara sk\u00e4ra, krossa och kn\u00e5da halm, foder, etc. F\u00f6ljande \u00e4r en detaljerad beskrivning av maskinen. Om du beh\u00f6ver mer information om maskinen \u00e4r du v\u00e4lkommen att kontakta oss!<\/p>    <h2 class=\"wp-block-heading\" id=\"h-the-range-of-chaff-cutter-grinder-machine-use\">Aina mbalimbali za mashine za kusagia makapi<\/h2>    <p>Mashine ya kusagia makapi inaweza kushughulikia aina za majani, kama vile mashina ya mahindi, mashina ya maharagwe, mrija, mirija ya mpunga, majani ya ngano, nyasi za malisho, mche wa karanga, mche wa njugu n.k. Pia inaweza kushughulikia matunda, mboga mboga n.k.<\/p>   <div class=\"wp-block-image is-resized\"> <figure class=\"aligncenter size-full\"><img loading=\"lazy\" decoding=\"async\" width=\"720\" height=\"540\" src=\"https:\/\/balerwrapper.com\/wp-content\/uploads\/2022\/08\/chaff-cutter-grinder-machine-.webp\" alt=\"mashine ya kusaga ya kukata makapi\" class=\"wp-image-139\" title=\"mashine ya kusaga ya kukata makapi\"\/><figcaption class=\"wp-element-caption\">mashine ya kusaga ya kukata makapi<\/figcaption><\/figure> <\/div>  <div class=\"wp-block-image\"> <figure class=\"aligncenter size-full\"><img loading=\"lazy\" decoding=\"async\" width=\"720\" height=\"540\" src=\"https:\/\/balerwrapper.com\/wp-content\/uploads\/2022\/08\/finished-production-from-chaff-cutter.webp\" alt=\"kumaliza uzalishaji kutoka kwa mkataji wa makapi\" class=\"wp-image-686\" srcset=\"https:\/\/balerwrapper.com\/wp-content\/uploads\/2022\/08\/finished-production-from-chaff-cutter.webp 720w, https:\/\/balerwrapper.com\/wp-content\/uploads\/2022\/08\/finished-production-from-chaff-cutter-300x225.webp 300w, https:\/\/balerwrapper.com\/wp-content\/uploads\/2022\/08\/finished-production-from-chaff-cutter-16x12.webp 16w\" sizes=\"auto, (max-width: 720px) 100vw, 720px\" \/><figcaption class=\"wp-element-caption\">kumaliza uzalishaji kutoka kwa mkataji wa makapi<\/figcaption><\/figure> <\/div>   <h2 class=\"wp-block-heading\">Je, mashine ya kusagia makapi inafanya kazi vipi?<\/h2>    <figure class=\"wp-block-embed is-type-video is-provider-youtube wp-block-embed-youtube wp-embed-aspect-16-9 wp-has-aspect-ratio\"><div class=\"wp-block-embed__wrapper\"> <iframe loading=\"lazy\" title=\"Kikata makapi na kisaga nafaka hufanyaje kazi? Mkataji wa majani pamoja na grinder\" width=\"500\" height=\"281\" src=\"https:\/\/www.youtube.com\/embed\/fRnZ0Yh8jaE?feature=oembed\" frameborder=\"0\" allow=\"accelerometer; autoplay; clipboard-write; encrypted-media; gyroscope; picture-in-picture; web-share\" referrerpolicy=\"strict-origin-when-cross-origin\" allowfullscreen><\/iframe> <\/div><\/figure>    <h2 class=\"wp-block-heading\" id=\"h-type-1-four-port-combined-grass-grain-crusher\">Aina ya 1: Chombo cha kusaga nafaka cha nyasi chenye bandari nne<\/h2>    <p>Chombo cha kusaga nafaka cha nyasi chenye bandari nne kina sehemu mbili na viingilio viwili. Sehemu moja humwaga nyasi iliyosagwa na tundu moja hutoa nafaka iliyosagwa. Kwa hiyo nyenzo hizo mbili pia huingia kupitia njia tofauti. <\/p>    <p>Mashine ina vile vile na vile vya nyundo ndani. Kwa hivyo, majani au bua inaweza kusindika katika bidhaa zilizogawanywa na zilizokatwa. Kwa kuongeza, kuna skrini ndani ya mashine. Wateja wanaweza kubadilisha skrini na saizi tofauti za matundu kulingana na mahitaji yao.<\/p>    <figure class=\"wp-block-gallery aligncenter has-nested-images columns-default is-cropped wp-block-gallery-2 is-layout-flex wp-block-gallery-is-layout-flex\"> <figure class=\"wp-block-image size-large\"><img loading=\"lazy\" decoding=\"async\" width=\"720\" height=\"540\" data-id=\"142\" src=\"https:\/\/balerwrapper.com\/wp-content\/uploads\/2022\/08\/combined-grass-grain-crusher-9ZF-500B.webp\" alt=\"pamoja nyasi nafaka crusher 9ZF-500B\" class=\"wp-image-142\" title=\"pamoja nyasi nafaka crusher 9ZF-500B\"\/><figcaption class=\"wp-element-caption\">pamoja nyasi nafaka crusher 9ZF-500B<\/figcaption><\/figure>    <figure class=\"wp-block-image size-large\"><img loading=\"lazy\" decoding=\"async\" width=\"720\" height=\"540\" data-id=\"143\" src=\"https:\/\/balerwrapper.com\/wp-content\/uploads\/2022\/08\/grass-grin-crusher-9ZF-1800-.webp\" alt=\"nyasi grin crusher 9ZF-1800 \" class=\"wp-image-143\" title=\"nyasi grin crusher 9ZF-1800 \"\/><figcaption class=\"wp-element-caption\">nyasi grin crusher 9ZF-1800<\/figcaption><\/figure> <\/figure>    <h3 class=\"wp-block-heading\" id=\"h-structure-of-the-silage-feed-cutting-grinder\">Muundo wa grinder ya kukata malisho ya silage<\/h3>    <p>Muundo wa aina zote mbili za grinder ya kukata chakula cha silage ni sawa, haswa ikiwa ni pamoja na ghuba ya kukata, ingizo la nafaka tofauti, sehemu ya juu ya kunyunyizia dawa, sehemu ya kusaga, mfumo wa kukata, nguvu (motor, injini ya petroli, injini ya dizeli), vifaa vya rununu (inaweza kuwa matairi ya nyumatiki yaliyobinafsishwa), sura, nk.<\/p>    <h3 class=\"wp-block-heading\" id=\"h-poultry-feed-grinder-parameters\">Vigezo vya grinder ya kulisha kuku<\/h3>    <p>Vigezo vya grinder ya kulisha kuku 9ZF-500B. Pato la mashine ni ndogo na linaweza kufikia 300-500kg kwa saa.<\/p>    <figure class=\"wp-block-table is-style-stripes\"><table><tbody><tr><td>Mfano<\/td><td>500B<\/td><\/tr><tr><td>Kasi ya gari<\/td><td>2800 rpm<\/td><\/tr><tr><td>Uwezo<\/td><td>300KG-500KG\/H<\/td><\/tr><tr><td>Nguvu ya kuponda<\/td><td>3 kw<\/td><\/tr><tr><td>Uzito<\/td><td>55KG (bila kujumuisha nguvu)<\/td><\/tr><tr><td>Uwezo wa kukata makapi<\/td><td>1200KG<\/td><\/tr><tr><td>Skrini inayolingana<\/td><td>4 (2\/3\/10\/30)<\/td><\/tr><\/tbody><\/table><figcaption class=\"wp-element-caption\">Kigezo cha grinder ya chakula cha kuku<\/figcaption><\/figure>    <p>Matokeo ya 9ZF-1800 pamoja ya kusaga nafaka ya nyasi yanaweza kufikia 1800kg kwa saa.<\/p>    <figure class=\"wp-block-table is-style-stripes\"><table><tbody><tr><td>Mfano wa mashine<\/td><td class=\"has-text-align-left\" data-align=\"left\">&nbsp;9ZF-1800<\/td><\/tr><tr><td>Kasi ya gari<\/td><td class=\"has-text-align-left\" data-align=\"left\">2800 rpm<\/td><\/tr><tr><td>Ilipimwa voltage<\/td><td class=\"has-text-align-left\" data-align=\"left\">220V<\/td><\/tr><tr><td>Nguvu<\/td><td class=\"has-text-align-left\" data-align=\"left\">3KW<\/td><\/tr><tr><td>Uzito wa mashine<\/td><td class=\"has-text-align-left\" data-align=\"left\">75KG<\/td><\/tr><tr><td>Pato la mashine<\/td><td class=\"has-text-align-left\" data-align=\"left\">1800KG\/H<\/td><\/tr><tr><td>Upeo wa maombi<\/td><td class=\"has-text-align-left\" data-align=\"left\">Ng'ombe, kondoo, nguruwe, kuku, bata, sungura na mifugo mingine<\/td><\/tr><\/tbody><\/table><figcaption class=\"wp-element-caption\">parameter ya pamoja ya kuponda nafaka ya nyasi<\/figcaption><\/figure>    <h3 class=\"wp-block-heading\" id=\"h-what-are-the-advantages-of-the-straw-cutter-and-grain-grinder\">Je, ni faida gani za kukata majani na grinder ya nafaka?<\/h3>    <ul class=\"wp-block-list\"> <li>Mchongaji wa majani na grinder wa nafaka vinatumika sana. Vinaweza kushughulikia aina mbalimbali za vifaa, kama vile majani, malisho, mboga, matunda, nafaka, n.k. Inaweza kukidhi mahitaji ya watu ya chakula tofauti na chenye virutubisho.<\/li>    <li>Mashine ina kazi mbalimbali pamoja na guillotine lakini pia inaweza kuponda aina mbalimbali za nafaka, na matunda. Mbali na hayo, malisho pia yanaweza kukandamizwa kwenye vipande.<\/li>    <li>Mashine ina casters kwa ajili ya harakati rahisi, kuokoa muda na nishati ya kusonga mashine.<\/li>    <li>Aina anuwai za mashine zinaweza kukidhi mahitaji tofauti ya watumiaji kwa utengenezaji. Wakati huo huo, mamlaka tofauti yanaweza kukidhi mahitaji ya mikoa tofauti.<\/li> <\/ul>    <figure class=\"wp-block-gallery aligncenter has-nested-images columns-default is-cropped wp-block-gallery-3 is-layout-flex wp-block-gallery-is-layout-flex\"> <figure class=\"wp-block-image size-large\"><img loading=\"lazy\" decoding=\"async\" width=\"720\" height=\"540\" data-id=\"148\" src=\"https:\/\/balerwrapper.com\/wp-content\/uploads\/2022\/08\/straw-cutter-and-grain-grinder-.webp\" alt=\"mkataji wa majani na grinder ya nafaka\" class=\"wp-image-148\" title=\"mkataji wa majani na grinder ya nafaka\"\/><figcaption class=\"wp-element-caption\">mkataji wa majani na grinder ya nafaka<\/figcaption><\/figure>    <figure class=\"wp-block-image size-large\"><img loading=\"lazy\" decoding=\"async\" width=\"720\" height=\"540\" data-id=\"149\" src=\"https:\/\/balerwrapper.com\/wp-content\/uploads\/2022\/08\/puoltry-feed-grinder-.webp\" alt=\"grinder ya kulisha ya puoltry\" class=\"wp-image-149\" title=\"grinder ya kulisha ya puoltry\"\/><figcaption class=\"wp-element-caption\">grinder ya kulisha ya puoltry<\/figcaption><\/figure> <\/figure>    <h2 class=\"wp-block-heading\" id=\"h-type-2-five-port-combined-grass-grain-crusher\">Aina ya 2: Kisaga cha kusaga nafaka cha nyasi chenye bandari tano<\/h2>    <p>Chombo cha kusaga nafaka cha nyasi chenye bandari tano kinategemea bandari nne iliyo na sehemu moja zaidi. Kati ya bandari tatu za kutokwa, moja inayotoka juu ni nyenzo kavu, moja inayotoka katikati ni nyenzo za maji zaidi, na moja inayotoka chini ni nafaka. <\/p>    <p>Kwa hivyo mashine inaweza kutofautisha kiotomati vifaa tofauti. Sehemu nyingine ni sawa na aina ya 1. Mashine pia ina vifaa vya skrini 5. Na wateja wanaweza kuchagua ukubwa sahihi wa matundu kulingana na mahitaji yao.<\/p>    <figure class=\"wp-block-gallery has-nested-images columns-default is-cropped wp-block-gallery-4 is-layout-flex wp-block-gallery-is-layout-flex\"> <figure class=\"wp-block-image size-large\"><img loading=\"lazy\" decoding=\"async\" width=\"720\" height=\"540\" data-id=\"144\" src=\"https:\/\/balerwrapper.com\/wp-content\/uploads\/2022\/08\/combined-grass-grain-crusher-2.webp\" alt=\"pamoja nyasi nafaka crusher\" class=\"wp-image-144\"\/><figcaption class=\"wp-element-caption\">pamoja nyasi nafaka crusher<\/figcaption><\/figure>    <figure class=\"wp-block-image size-large\"><img loading=\"lazy\" decoding=\"async\" width=\"720\" height=\"540\" data-id=\"684\" src=\"https:\/\/balerwrapper.com\/wp-content\/uploads\/2022\/08\/grain-cutting-and-crushing-machine.webp\" alt=\"mashine ya kukata na kusaga nafaka\" class=\"wp-image-684\" srcset=\"https:\/\/balerwrapper.com\/wp-content\/uploads\/2022\/08\/grain-cutting-and-crushing-machine.webp 720w, https:\/\/balerwrapper.com\/wp-content\/uploads\/2022\/08\/grain-cutting-and-crushing-machine-300x225.webp 300w, https:\/\/balerwrapper.com\/wp-content\/uploads\/2022\/08\/grain-cutting-and-crushing-machine-16x12.webp 16w\" sizes=\"auto, (max-width: 720px) 100vw, 720px\" \/><figcaption class=\"wp-element-caption\">mashine ya kukata na kusaga nafaka<\/figcaption><\/figure> <\/figure>    <h3 class=\"wp-block-heading\" id=\"h-what-is-the-structure-of-the-silage-feed-cutting-grinder\">Je, ni muundo gani wa grinder ya kukata malisho ya silage? <\/h3>    <p>Muundo wa grinder ya kukata malisho ya silage ni sawa na ile ya aina ya 1. Inajumuisha fremu, magurudumu, ghuba ya nafaka, ghuba ya guillotine, nguvu, sehemu ya juu ya kunyunyizia dawa, sehemu ya kati ya dawa, sehemu ya chini ya dawa, nk. Muundo wa jumla. ya mchanganyiko wa kusaga nafaka ya nyasi ni compact na inafanya kazi kikamilifu.<\/p>    <h3 class=\"wp-block-heading\" id=\"h-detailed-technical-parameters-of-the-chop-cutter-machine\">Vigezo vya kina vya kiufundi vya mashine ya kukata kukata<\/h3>    <figure class=\"wp-block-table is-style-stripes\"><table><tbody><tr><td>Mfano<\/td><td>9ZF-500<\/td><\/tr><tr><td>Kasi ya gari<\/td><td>2800 rpm<\/td><\/tr><tr><td>Nguvu<\/td><td>3KW<\/td><\/tr><tr><td>Uzito wa mashine<\/td><td>68KG<\/td><\/tr><tr><td>Pato la mashine<\/td><td>1200KG<\/td><\/tr><tr><td>Ukubwa<\/td><td>1220*1070*1190mm<\/td><\/tr><tr><td>Skrini inayolingana<\/td><td>4 (2\/3\/10\/30)<\/td><\/tr><\/tbody><\/table><figcaption class=\"wp-element-caption\">parameter ya mashine ya kukata kata<\/figcaption><\/figure>    <h3 class=\"wp-block-heading\" id=\"h-what-are-the-good-points-of-the-cow-feed-cutting-machine\">Je, ni pointi gani nzuri za mashine ya kukata malisho ya ng'ombe?<\/h3>    <ul class=\"wp-block-list\"> <li>Kazi ya kukandia ya kipondaji cha nafaka cha nyasi kilichounganishwa kinaweza kufanya mabua ya mahindi, mabua ya maharagwe, majani, na mazao mengine na magugu mwitu kuwa nyuzi laini. Nyenzo hii iliyosagwa ni rahisi kwa ng'ombe, kondoo, na usagaji zaidi na kunyonya.<\/li>    <li>Mashine ina muundo wa hali ya juu, uendeshaji laini, uendeshaji rahisi, kuokoa nishati, usalama na kuegemea, na faida zingine nyingi.<\/li>    <li>Wakati huo huo, pamoja nyasi nafaka crusher nje ya nyenzo pia ni mazuri kwa baling usafiri na kuhifadhi. Ni mashine muhimu kwa wakulima wengi wa ng'ombe na kondoo na viwanda vidogo na vya kati vya kusindika malisho katika eneo la kuzaliana.<\/li> <\/ul>    <figure class=\"wp-block-gallery has-nested-images columns-default is-cropped wp-block-gallery-5 is-layout-flex wp-block-gallery-is-layout-flex\"> <figure class=\"wp-block-image size-large\"><img loading=\"lazy\" decoding=\"async\" width=\"720\" height=\"540\" data-id=\"682\" src=\"https:\/\/balerwrapper.com\/wp-content\/uploads\/2022\/08\/silage-cutter-and-grinder-machine.webp\" alt=\"mashine ya kukata silage na mashine ya kusaga\" class=\"wp-image-682\" srcset=\"https:\/\/balerwrapper.com\/wp-content\/uploads\/2022\/08\/silage-cutter-and-grinder-machine.webp 720w, https:\/\/balerwrapper.com\/wp-content\/uploads\/2022\/08\/silage-cutter-and-grinder-machine-300x225.webp 300w, https:\/\/balerwrapper.com\/wp-content\/uploads\/2022\/08\/silage-cutter-and-grinder-machine-16x12.webp 16w\" sizes=\"auto, (max-width: 720px) 100vw, 720px\" \/><figcaption class=\"wp-element-caption\">mashine ya kukata silage na mashine ya kusaga<\/figcaption><\/figure>    <figure class=\"wp-block-image size-large\"><img loading=\"lazy\" decoding=\"async\" width=\"720\" height=\"540\" data-id=\"147\" src=\"https:\/\/balerwrapper.com\/wp-content\/uploads\/2022\/08\/cow-feed-cutting-machine-factory-.jpg\" alt=\"\" class=\"wp-image-147\"\/><\/figure> <\/figure>    <h2 class=\"wp-block-heading\" id=\"h-export-chaff-cutter-and-grinder-to-sudan\">Hamisha mashine ya kukata makapi na kusagia hadi Sudan<\/h2>    <p class=\"translation-block\">Jana, mteja kutoka <a href=\"https:\/\/en.wikipedia.org\/wiki\/Sudan\" target=\"_blank\" rel=\"noopener\">Sudan<\/a> alinunua kutoka kwetu mashine ya kukata na kusaga nyasi na nafaka yenye mchanganyiko ya 9ZF-500. Mteja ana kiwanda cha ufugaji, anayelisha zaidi ng'ombe na kondoo. Kwa hiyo, kiasi kikubwa cha malisho kinapaswa kuchakatwa kila siku. <\/p>    <p>Ili kuboresha ufanisi wa usindikaji wa malisho, mteja alihitaji mashine ya kitaalamu ya usindikaji wa malisho. Kwa hivyo mteja alitafuta mashine kwenye mtandao na kupata tovuti yetu. Baada ya kuvinjari, mteja aliwasiliana nasi. <\/p>    <p>Tulifanya haraka kutuma picha na video za mashine na vigezo vinavyohusiana kwa mteja. Pia tulipendekeza mfano wa mashine ambao ulifaa mahitaji ya mteja. Baada ya kufikiria, mteja aliamua kununua grinder ya kukata majani yenye meno matano.<\/p>    <figure class=\"wp-block-gallery has-nested-images columns-default is-cropped wp-block-gallery-6 is-layout-flex wp-block-gallery-is-layout-flex\"> <figure class=\"wp-block-image size-large\"><img loading=\"lazy\" decoding=\"async\" width=\"720\" height=\"540\" data-id=\"145\" src=\"https:\/\/balerwrapper.com\/wp-content\/uploads\/2022\/08\/wooden-case-packing-of-chaff-cutter-and-grinder-.jpg\" alt=\"\" class=\"wp-image-145\"\/><figcaption class=\"wp-element-caption\">mbao kesi ya kufunga ya kukata makapi na grinder<\/figcaption><\/figure>    <figure class=\"wp-block-image size-large\"><img loading=\"lazy\" decoding=\"async\" width=\"720\" height=\"540\" data-id=\"146\" src=\"https:\/\/balerwrapper.com\/wp-content\/uploads\/2022\/08\/shipping-of-the-9ZF-500-chaff-cutter-.jpg\" alt=\"usafirishaji wa kikata makapi cha 9ZF-500\" class=\"wp-image-146\" title=\"usafirishaji wa kikata makapi cha 9ZF-500\"\/><figcaption class=\"wp-element-caption\">usafirishaji wa kikata makapi cha 9ZF-500<\/figcaption><\/figure> <\/figure>    <h2 class=\"wp-block-heading\">Wasiliana nasi wakati wowote<\/h2>    <p>Kampuni yetu ni maalumu katika utengenezaji wa mashine za kusindika silaji zenye uzoefu mkubwa. Ikiwa pia unajishughulisha na biashara inayohusiana, tutakuwa chaguo lako bora, karibu kuvinjari tovuti hii na ujisikie huru kuwasiliana nasi, tunatarajia kushirikiana nawe!<\/p>","protected":false},"excerpt":{"rendered":"<p>Mchanganyiko wa nafaka ya nyasi ni kifaa cha kushughulikia malisho cha kazi nyingi. Inaweza kusindika nyasi, nafaka, matunda, na mboga. <\/p>","protected":false},"author":1,"featured_media":150,"parent":0,"template":"","tags":[40,35],"product-type":[6],"class_list":["post-55","product","type-product","status-publish","has-post-thumbnail","hentry","tag-grass","tag-silage","product-type-chaff-cutter"],"_links":{"self":[{"href":"https:\/\/balerwrapper.com\/sw\/wp-json\/wp\/v2\/product\/55","targetHints":{"allow":["GET"]}}],"collection":[{"href":"https:\/\/balerwrapper.com\/sw\/wp-json\/wp\/v2\/product"}],"about":[{"href":"https:\/\/balerwrapper.com\/sw\/wp-json\/wp\/v2\/types\/product"}],"author":[{"embeddable":true,"href":"https:\/\/balerwrapper.com\/sw\/wp-json\/wp\/v2\/users\/1"}],"wp:featuredmedia":[{"embeddable":true,"href":"https:\/\/balerwrapper.com\/sw\/wp-json\/wp\/v2\/media\/150"}],"wp:attachment":[{"href":"https:\/\/balerwrapper.com\/sw\/wp-json\/wp\/v2\/media?parent=55"}],"wp:term":[{"taxonomy":"post_tag","embeddable":true,"href":"https:\/\/balerwrapper.com\/sw\/wp-json\/wp\/v2\/tags?post=55"},{"taxonomy":"product-type","embeddable":true,"href":"https:\/\/balerwrapper.com\/sw\/wp-json\/wp\/v2\/product-type?post=55"}],"curies":[{"name":"wp","href":"https:\/\/api.w.org\/{rel}","templated":true}]}}