{"id":53,"date":"2022-08-24T10:24:55","date_gmt":"2022-08-24T10:24:55","guid":{"rendered":"https:\/\/balerwrapper.com\/?post_type=product&#038;p=53"},"modified":"2026-04-23T16:45:07","modified_gmt":"2026-04-23T08:45:07","slug":"silage-wrapping-machine","status":"publish","type":"product","link":"https:\/\/balerwrapper.com\/sw\/product\/silage-wrapping-machine\/","title":{"rendered":"9YDB-70 Mashine ya Kufunga Silage Baling kwa ajili ya Mauzo"},"content":{"rendered":"<div class=\"kk-star-ratings kksr-auto kksr-align-left kksr-valign-top\"     data-payload='{&quot;align&quot;:&quot;left&quot;,&quot;id&quot;:&quot;53&quot;,&quot;slug&quot;:&quot;default&quot;,&quot;valign&quot;:&quot;top&quot;,&quot;ignore&quot;:&quot;&quot;,&quot;reference&quot;:&quot;auto&quot;,&quot;class&quot;:&quot;&quot;,&quot;count&quot;:&quot;90&quot;,&quot;legendonly&quot;:&quot;&quot;,&quot;readonly&quot;:&quot;&quot;,&quot;score&quot;:&quot;4.8&quot;,&quot;starsonly&quot;:&quot;&quot;,&quot;best&quot;:&quot;5&quot;,&quot;gap&quot;:&quot;5&quot;,&quot;greet&quot;:&quot;Rate this product&quot;,&quot;legend&quot;:&quot;4.8\\\/5 - (90 votes)&quot;,&quot;size&quot;:&quot;24&quot;,&quot;title&quot;:&quot;9YDB-70 Silage Wrapping Machine Hay Baler For Sale&quot;,&quot;width&quot;:&quot;136.7&quot;,&quot;_legend&quot;:&quot;{score}\\\/{best} - ({count} {votes})&quot;,&quot;font_factor&quot;:&quot;1.25&quot;}'>              <div class=\"kksr-stars\">      <div class=\"kksr-stars-inactive\">             <div class=\"kksr-star\" data-star=\"1\" style=\"padding-right: 5px\">               <div class=\"kksr-icon\" style=\"width: 24px; height: 24px;\"><\/div>         <\/div>             <div class=\"kksr-star\" data-star=\"2\" style=\"padding-right: 5px\">               <div class=\"kksr-icon\" style=\"width: 24px; height: 24px;\"><\/div>         <\/div>             <div class=\"kksr-star\" data-star=\"3\" style=\"padding-right: 5px\">               <div class=\"kksr-icon\" style=\"width: 24px; height: 24px;\"><\/div>         <\/div>             <div class=\"kksr-star\" data-star=\"4\" style=\"padding-right: 5px\">               <div class=\"kksr-icon\" style=\"width: 24px; height: 24px;\"><\/div>         <\/div>             <div class=\"kksr-star\" data-star=\"5\" style=\"padding-right: 5px\">               <div class=\"kksr-icon\" style=\"width: 24px; height: 24px;\"><\/div>         <\/div>     <\/div>      <div class=\"kksr-stars-active\" style=\"width: 136.7px;\">             <div class=\"kksr-star\" style=\"padding-right: 5px\">               <div class=\"kksr-icon\" style=\"width: 24px; height: 24px;\"><\/div>         <\/div>             <div class=\"kksr-star\" style=\"padding-right: 5px\">               <div class=\"kksr-icon\" style=\"width: 24px; height: 24px;\"><\/div>         <\/div>             <div class=\"kksr-star\" style=\"padding-right: 5px\">               <div class=\"kksr-icon\" style=\"width: 24px; height: 24px;\"><\/div>         <\/div>             <div class=\"kksr-star\" style=\"padding-right: 5px\">               <div class=\"kksr-icon\" style=\"width: 24px; height: 24px;\"><\/div>         <\/div>             <div class=\"kksr-star\" style=\"padding-right: 5px\">               <div class=\"kksr-icon\" style=\"width: 24px; height: 24px;\"><\/div>         <\/div>     <\/div> <\/div>                   <div class=\"kksr-legend\" style=\"font-size: 19.2px;\">             4.8\/5 - (90 r\u00f6ster)    <\/div>     <\/div>  <p>Mashine ya kufunika ya moja kwa moja ya TZ-70-70 na teknolojia ya kufunika-filamu mara mbili (saizi moja ya 70 \u00d7 70cm) pamoja na mchakato wa ufunguzi wa moja kwa moja na kuvinjari, hadi vifungu 80\/pato la juu la saa.<\/p>    <p>Ikilinganishwa na operesheni ya mwongozo wa jadi, ufanisi wa mashine huongezeka kwa mara 5, na kuziba ni mazingira ya anaerobic 99%. Inahakikisha Fermentation thabiti ya bakteria ya asidi ya lactic, kiwango cha uhifadhi wa protini cha kulisha kinazidi 95%, na malisho huhifadhiwa hewani kwa miaka 2-3 bila uharibifu. <\/p>    <p>Ubunifu wa gari la umeme na mfumo wa ulinzi wa busara wa akili hupunguza kiwango cha kutofaulu kwa 40%, kutoa hali ya hewa yote, dhamana ya operesheni inayoendelea kwa shamba kubwa na biashara za usindikaji wa malisho.<\/p>    <figure class=\"wp-block-embed aligncenter is-type-video is-provider-youtube wp-block-embed-youtube wp-embed-aspect-16-9 wp-has-aspect-ratio\"><div class=\"wp-block-embed__wrapper\"> <iframe loading=\"lazy\" title=\"Otomatiki silage duru baler kazi na vifaa vya kulisha! mashine ya kufunga silage yenye ufanisi mkubwa\" width=\"500\" height=\"281\" src=\"https:\/\/www.youtube.com\/embed\/RlJzMLxkJc0?feature=oembed\" frameborder=\"0\" allow=\"accelerometer; autoplay; clipboard-write; encrypted-media; gyroscope; picture-in-picture; web-share\" referrerpolicy=\"strict-origin-when-cross-origin\" allowfullscreen><\/iframe> <\/div><figcaption class=\"wp-element-caption\">video inayofanya kazi ya mashine ya kufunika nyasi ya silage<\/figcaption><\/figure>    <p>Na 750kg\/m\u00b3 kiwango cha juu cha wiani na teknolojia ya kuinua filamu mara mbili, TZ-70-70 hugundua udhibiti sahihi wa uzani wa bale moja (60-100kg inayoweza kubadilishwa), na kiwango cha upotezaji wa usafirishaji ni chini ya 0.5%.<\/p>    <p>Vifaa vinachukua muundo wa kawaida, kuunga mkono ubadilishaji wa kitufe cha idadi ya tabaka za kufunika (tabaka 2-6), kuzoea mahitaji ya mizunguko tofauti ya uhifadhi.<\/p>    <p>Ikilinganishwa na tank ya jadi ya silage, gharama kamili kwa tani ya malisho imeokolewa na 30%, ambayo husaidia mapato ya wastani ya mwaka wa shamba kuongezeka kwa zaidi ya 25%.<\/p>   <div class=\"wp-block-image\"> <figure class=\"aligncenter size-full\"><img loading=\"lazy\" decoding=\"async\" width=\"720\" height=\"540\" src=\"https:\/\/balerwrapper.com\/wp-content\/uploads\/2022\/08\/hay-baler-machine-.webp\" alt=\" mashine ya baler ya nyasi\" class=\"wp-image-217\" title=\" mashine ya baler ya nyasi\"\/><figcaption class=\"wp-element-caption\"> mashine ya baler ya nyasi<\/figcaption><\/figure> <\/div>  <div class=\"wp-block-image\"> <figure class=\"aligncenter size-full\"><img loading=\"lazy\" decoding=\"async\" width=\"720\" height=\"540\" src=\"https:\/\/balerwrapper.com\/wp-content\/uploads\/2022\/08\/finished-production-from-hay-baler.webp\" alt=\"kumaliza uzalishaji kutoka kwa baler ya nyasi\" class=\"wp-image-655\" srcset=\"https:\/\/balerwrapper.com\/wp-content\/uploads\/2022\/08\/finished-production-from-hay-baler.webp 720w, https:\/\/balerwrapper.com\/wp-content\/uploads\/2022\/08\/finished-production-from-hay-baler-300x225.webp 300w, https:\/\/balerwrapper.com\/wp-content\/uploads\/2022\/08\/finished-production-from-hay-baler-16x12.webp 16w\" sizes=\"auto, (max-width: 720px) 100vw, 720px\" \/><figcaption class=\"wp-element-caption\">kumaliza uzalishaji kutoka kwa baler ya nyasi<\/figcaption><\/figure> <\/div>   <h2 class=\"wp-block-heading\" id=\"h-features-of-the-hay-baler-machine\">Vipengele vya Mashine ya Kufungia Silage ya TZ-70-70<\/h2>    <ul class=\"wp-block-list\"> <li>Na vilima vya filamu mara mbili, unapata kasi ya kufunga haraka na ufanisi ulioboreshwa.<\/li>    <li>Bale iliyomalizika ni kubwa sana, yenye uwezo wa kushikilia kiasi kikubwa cha silage mara moja.<\/li>    <li>Inabadilika na inaweza kusimamia aina zote za silage, na kuzifanya zifaulu kwa matumizi anuwai.<\/li>    <li>Mashine ya kufunga ya Silage ni rahisi kufanya kazi, na mtu mmoja anaweza kushughulikia yote peke yao. Ni wakati halisi wa kuokoa!<\/li> <\/ul>   <div class=\"wp-block-image\"> <figure class=\"aligncenter size-full\"><img loading=\"lazy\" decoding=\"async\" width=\"720\" height=\"540\" src=\"https:\/\/balerwrapper.com\/wp-content\/uploads\/2022\/08\/automatic-hay-baler-wrapper-machine-1.webp\" alt=\"mashine ya kufunga baler ya moja kwa moja ya nyasi\" class=\"wp-image-656\" srcset=\"https:\/\/balerwrapper.com\/wp-content\/uploads\/2022\/08\/automatic-hay-baler-wrapper-machine-1.webp 720w, https:\/\/balerwrapper.com\/wp-content\/uploads\/2022\/08\/automatic-hay-baler-wrapper-machine-1-300x225.webp 300w, https:\/\/balerwrapper.com\/wp-content\/uploads\/2022\/08\/automatic-hay-baler-wrapper-machine-1-16x12.webp 16w\" sizes=\"auto, (max-width: 720px) 100vw, 720px\" \/><figcaption class=\"wp-element-caption\">mashine ya kufunga baler ya moja kwa moja ya nyasi<\/figcaption><\/figure> <\/div>   <h2 class=\"wp-block-heading\" id=\"h-structure-of-corn-silage-baler-and-wrapper\">Muundo wa baler ya silaji ya mahindi na kanga<\/h2>    <p>Kitengenezo cha silaji ya mahindi na kanga hujumuisha hasa fremu ya chini, kisafirisha mkanda, pipa la mpira, fremu inayozunguka, utaratibu wa kuhamisha filamu, ukandamizaji wa filamu, na utaratibu wa kukata, pikipiki ya kuwekea baling na motor inayozunguka, n.k.<\/p>   <div class=\"wp-block-image is-resized\"> <figure class=\"aligncenter size-full\"><img loading=\"lazy\" decoding=\"async\" width=\"720\" height=\"540\" src=\"https:\/\/balerwrapper.com\/wp-content\/uploads\/2022\/08\/forage-baler-wrapper-machine-.webp\" alt=\"mashine ya kufunga baler ya lishe\" class=\"wp-image-220\" title=\"mashine ya kufunga baler ya lishe\"\/><figcaption class=\"wp-element-caption\">mashine ya kufunga baler ya lishe<\/figcaption><\/figure> <\/div>   <h2 class=\"wp-block-heading\">Je! Kifurushi cha Silage Baler hufanyaje?<\/h2>    <p>Mtiririko wa mashine ya kufunika ya silage imegawanywa katika hatua mbili:<\/p>    <ul class=\"wp-block-list\"> <li><strong>Hatua ya kusawazisha:<\/strong> Nyasi iliyokatwa au nyasi za kulisha hutiwa ndani ya pipa la kusawazisha na kutolewa kwa shinikizo la kuunda bales za silinda (kawaida 70cm kwa kipenyo, uzani wa 80kg kwa bale), ambayo itasababishwa na kamba ya moja kwa moja wakati wiani wa malisho unafikia thamani iliyowekwa.<\/li>    <li><strong>Hatua ya Kufunga Filamu:<\/strong> Bales moja kwa moja huanguka kwenye sura inayozunguka baada ya kusawazisha, na kupitia kuweka idadi ya tabaka za kufunika filamu, kufunika safu maalum ya filamu ya malisho na safu kuunda mazingira ya anaerobic iliyotiwa muhuri.<\/li> <\/ul>    <figure class=\"wp-block-embed aligncenter is-type-video is-provider-youtube wp-block-embed-youtube wp-embed-aspect-16-9 wp-has-aspect-ratio\"><div class=\"wp-block-embed__wrapper\"> <iframe loading=\"lazy\" title=\"Jinsi ya kuandaa kabla ya kutumia silage baling na wrapping mashine? mashine ya kusaga nyasi\" width=\"500\" height=\"281\" src=\"https:\/\/www.youtube.com\/embed\/0Ggactf6n60?feature=oembed\" frameborder=\"0\" allow=\"accelerometer; autoplay; clipboard-write; encrypted-media; gyroscope; picture-in-picture; web-share\" referrerpolicy=\"strict-origin-when-cross-origin\" allowfullscreen><\/iframe> <\/div><figcaption class=\"wp-element-caption\">video ya mashine ya kulisha silage inayofanya kazi<\/figcaption><\/figure>    <h2 class=\"wp-block-heading\" id=\"h-parameters-of-forage-baler-wrapper-machine\">Vigezo vya mashine ya kufunga baler ya lishe<\/h2>    <figure class=\"wp-block-table is-style-stripes\"><table><tbody><tr><td>Mfano<\/td><td>9YDB-70<\/td><\/tr><tr><td>Nguvu<\/td><td>11kw+0.55kw+0.75kw+3kw+0.37kw motor ya umeme<\/td><\/tr><tr><td>Ukubwa wa bale<\/td><td>\u03a670*70cm<\/td><\/tr><tr><td>Uzito wa bale<\/td><td>150-200kg \/ balbu<\/td><\/tr><tr><td>Uwezo<\/td><td>55-75 bales\/h<\/td><\/tr><tr><td>Kiasi cha compressor ya hewa<\/td><td>0.36m\u00b3<\/td><\/tr><tr><td>Kisafirishaji cha kulisha(W*L)<\/td><td>700*2100mm<\/td><\/tr><tr><td>Kukata filamu<\/td><td>Otomatiki<\/td><\/tr><tr><td>Ufanisi wa kufunga<\/td><td>Tabaka 6 zinahitaji 22s<\/td><\/tr><tr><td>Ukubwa<\/td><td>4500*1900*2000mm<\/td><\/tr><tr><td>Uzito<\/td><td>1100kg<\/td><\/tr><\/tbody><\/table><figcaption class=\"wp-element-caption\">parametrar f\u00f6r ensilageinpackningsmaskin<\/figcaption><\/figure>    <h2 class=\"wp-block-heading\" id=\"h-the-difference-between-tz-70-70-and-ts-55-52-silage-round-baler\">Tofauti kati ya TZ-70-70 na <a href=\"https:\/\/balerwrapper.com\/sw\/product\/corn-silage-baler-machine\/\">TS-55-52 silage pande zote baler<\/a><\/h2>    <ul start=\"2\" class=\"wp-block-list\"> <li>Chaguzi za nguvu kwa aina 70 za mashine za kufunika za silage ni motors za umeme tu, wakati aina 50 zinaweza kukimbia kwenye motors za umeme au injini za dizeli.<\/li>    <li>Linapokuja saizi, aina 70 za mashine za kufunika za silage hupima 70 x 70, wakati aina 50 ni tofauti kidogo kwa 50 x 52.<\/li>    <li>Kwa nyasi za kumfunga, mashine za kusawazisha na za aina 70 hutegemea tu kamba ya wavu, lakini aina 50 zina kubadilika kwa kutumia kamba zote mbili na kamba ya nyasi.<\/li>    <li>Mashine ya aina 70 ya kufunika inafanya kazi moja kwa moja, wakati mashine ya aina 50 hutoa chaguo kati ya kazi za moja kwa moja na za moja kwa moja.<\/li> <\/ul>   <div class=\"wp-block-image\"> <figure class=\"aligncenter size-full\"><img loading=\"lazy\" decoding=\"async\" width=\"720\" height=\"540\" src=\"https:\/\/balerwrapper.com\/wp-content\/uploads\/2022\/08\/silage-baler-and-wrapper-machine.webp\" alt=\"mashine ya kusaga silage na kanga\" class=\"wp-image-657\" title=\"silage baler na wrapper\" srcset=\"https:\/\/balerwrapper.com\/wp-content\/uploads\/2022\/08\/silage-baler-and-wrapper-machine.webp 720w, https:\/\/balerwrapper.com\/wp-content\/uploads\/2022\/08\/silage-baler-and-wrapper-machine-300x225.webp 300w, https:\/\/balerwrapper.com\/wp-content\/uploads\/2022\/08\/silage-baler-and-wrapper-machine-16x12.webp 16w\" sizes=\"auto, (max-width: 720px) 100vw, 720px\" \/><figcaption class=\"wp-element-caption\">mashine ya kusaga silage na kanga<\/figcaption><\/figure> <\/div>   <h2 class=\"wp-block-heading\" id=\"h-what-are-the-machines-that-can-work-with-automatic-silage-feed-balers\">Mashine ambazo zinaweza kufanya kazi na viboreshaji vya malisho ya silage moja kwa moja<\/h2>    <p class=\"translation-block\">Mashine za kufungia nyasi za TZ-70-70 zimeundwa kushughulikia kiasi kikubwa cha vifaa mara moja. Zinaweza kufanya kazi pamoja na kikata nyasi na mchanganyiko wa kulisha. (<em>Soma zaidi:<\/em> <strong><em><a href=\"https:\/\/balerwrapper.com\/sw\/product\/silage-chaff-cutter\/\">Mashine ya Kukata Nyasi ya Kulisha Mifugo ya Kukata Nyasi<\/a><\/em><\/strong><em>&gt;&gt;<\/em>)<\/p>    <p>Kwanza, unaweza kusindika malisho kuwa msimamo wa fluffy, na kisha kuihamisha kwenye mchanganyiko wa kulisha. Mara tu ikichanganywa, malisho yanaweza kutumwa moja kwa moja kwenye ukanda wa conveyor wa baler.<\/p>   <div class=\"wp-block-image\"> <figure class=\"aligncenter size-full\"><img loading=\"lazy\" decoding=\"async\" width=\"720\" height=\"540\" src=\"https:\/\/balerwrapper.com\/wp-content\/uploads\/2022\/08\/automatic-silage-feed-balers-.webp\" alt=\"vichungi vya kulisha silaji kiotomatiki\" class=\"wp-image-219\" title=\"vichungi vya kulisha silaji kiotomatiki\"\/><figcaption class=\"wp-element-caption\">vichungi vya kulisha silaji kiotomatiki<\/figcaption><\/figure> <\/div>   <h2 class=\"wp-block-heading\">Cheti cha CE cha Mashine ya Silage Baler<\/h2>    <p>Vi har CE-certifikatet f\u00f6r ensilagebalarens omslagmaskin. Om du beh\u00f6ver det, l\u00e5t oss veta, s\u00e5 delar vi alla detaljer om certifikatet med dig.<\/p>   <div class=\"wp-block-image\"> <figure class=\"aligncenter size-full\"><img loading=\"lazy\" decoding=\"async\" width=\"540\" height=\"720\" src=\"https:\/\/balerwrapper.com\/wp-content\/uploads\/2022\/08\/silage-baler-machine-certificate.webp\" alt=\"cheti cha mashine ya silage baler\" class=\"wp-image-654\" srcset=\"https:\/\/balerwrapper.com\/wp-content\/uploads\/2022\/08\/silage-baler-machine-certificate.webp 540w, https:\/\/balerwrapper.com\/wp-content\/uploads\/2022\/08\/silage-baler-machine-certificate-225x300.webp 225w, https:\/\/balerwrapper.com\/wp-content\/uploads\/2022\/08\/silage-baler-machine-certificate-9x12.webp 9w\" sizes=\"auto, (max-width: 540px) 100vw, 540px\" \/><figcaption class=\"wp-element-caption\">cheti cha mashine ya silage baler<\/figcaption><\/figure> <\/div>   <h2 class=\"wp-block-heading\" id=\"h-faq\">Maswali Yanayoulizwa Mara kwa Mara<\/h2>   <div id=\"rank-math-faq\" class=\"rank-math-block\"> <div class=\"rank-math-list\"> <div id=\"faq-question-1717055280482\" class=\"rank-math-list-item\"> <h3 class=\"rank-math-question\">Je, ninaweza kununua kamba ya wavu na filamu tofauti?<\/h3> <div class=\"rank-math-answer\">  <p>Ndiyo.<\/p>  <\/div> <\/div> <div id=\"faq-question-1717055287844\" class=\"rank-math-list-item\"> <h3 class=\"rank-math-question\">Ninaweza kurekebisha idadi ya tabaka za filamu ya kufunika peke yangu?<\/h3> <div class=\"rank-math-answer\">  <p>Ndio, unaweza kurekebisha idadi ya tabaka kulingana na mahitaji yako.<\/p>  <\/div> <\/div> <div id=\"faq-question-1717055296648\" class=\"rank-math-list-item\"> <h3 class=\"rank-math-question\">Ni aina gani ya lishe ambayo ni rahisi kushughulikia?<\/h3> <div class=\"rank-math-answer\">  <p>Tunapendekeza utumie mashine ya kukandia ili kusindika malisho ya mitishamba kwa sababu ni rahisi kukunja lishe pamoja na si rahisi kueneza.<\/p>  <\/div> <\/div> <div id=\"faq-question-1717055305431\" class=\"rank-math-list-item\"> <h3 class=\"rank-math-question\">Je! una cheti cha CE?<\/h3> <div class=\"rank-math-answer\">  <p>Ndiyo, tunafanya hivyo.<\/p>  <\/div> <\/div> <div id=\"faq-question-1717055313978\" class=\"rank-math-list-item\"> <h3 class=\"rank-math-question\">Nguvu ya mashine ni nini?<\/h3> <div class=\"rank-math-answer\">  <p>Nguvu inaweza kuwa tu injini ya umeme, aina 50 zinaweza kuwa injini ya umeme au injini ya dizeli.<\/p>  <\/div> <\/div> <\/div> <\/div>","protected":false},"excerpt":{"rendered":"<p>Mashine ya kufunga silaji ni aina ya mashine za kilimo. Leo, wakulima wengi wanatumia mashine hii kusaidia kuweka malisho ya mifugo kama vile ng'ombe na kondoo.<\/p>","protected":false},"author":1,"featured_media":216,"parent":0,"template":"","tags":[37,35],"product-type":[7],"class_list":["post-53","product","type-product","status-publish","has-post-thumbnail","hentry","tag-feed","tag-silage","product-type-silage-baler"],"_links":{"self":[{"href":"https:\/\/balerwrapper.com\/sw\/wp-json\/wp\/v2\/product\/53","targetHints":{"allow":["GET"]}}],"collection":[{"href":"https:\/\/balerwrapper.com\/sw\/wp-json\/wp\/v2\/product"}],"about":[{"href":"https:\/\/balerwrapper.com\/sw\/wp-json\/wp\/v2\/types\/product"}],"author":[{"embeddable":true,"href":"https:\/\/balerwrapper.com\/sw\/wp-json\/wp\/v2\/users\/1"}],"wp:featuredmedia":[{"embeddable":true,"href":"https:\/\/balerwrapper.com\/sw\/wp-json\/wp\/v2\/media\/216"}],"wp:attachment":[{"href":"https:\/\/balerwrapper.com\/sw\/wp-json\/wp\/v2\/media?parent=53"}],"wp:term":[{"taxonomy":"post_tag","embeddable":true,"href":"https:\/\/balerwrapper.com\/sw\/wp-json\/wp\/v2\/tags?post=53"},{"taxonomy":"product-type","embeddable":true,"href":"https:\/\/balerwrapper.com\/sw\/wp-json\/wp\/v2\/product-type?post=53"}],"curies":[{"name":"wp","href":"https:\/\/api.w.org\/{rel}","templated":true}]}}