{"id":51,"date":"2022-08-24T10:19:54","date_gmt":"2022-08-24T10:19:54","guid":{"rendered":"https:\/\/balerwrapper.com\/?post_type=product&#038;p=51"},"modified":"2025-05-16T14:24:33","modified_gmt":"2025-05-16T06:24:33","slug":"corn-silage-baler-machine","status":"publish","type":"product","link":"https:\/\/balerwrapper.com\/sw\/product\/corn-silage-baler-machine\/","title":{"rendered":"Mashine ya Otomatiki ya Silaji ya Baler ya Kuhifadhi Milisho"},"content":{"rendered":"<div class=\"kk-star-ratings kksr-auto kksr-align-left kksr-valign-top\"     data-payload='{&quot;align&quot;:&quot;left&quot;,&quot;id&quot;:&quot;51&quot;,&quot;slug&quot;:&quot;default&quot;,&quot;valign&quot;:&quot;top&quot;,&quot;ignore&quot;:&quot;&quot;,&quot;reference&quot;:&quot;auto&quot;,&quot;class&quot;:&quot;&quot;,&quot;count&quot;:&quot;96&quot;,&quot;legendonly&quot;:&quot;&quot;,&quot;readonly&quot;:&quot;&quot;,&quot;score&quot;:&quot;4.8&quot;,&quot;starsonly&quot;:&quot;&quot;,&quot;best&quot;:&quot;5&quot;,&quot;gap&quot;:&quot;5&quot;,&quot;greet&quot;:&quot;Rate this product&quot;,&quot;legend&quot;:&quot;4.8\\\/5 - (96 votes)&quot;,&quot;size&quot;:&quot;24&quot;,&quot;title&quot;:&quot;Automatic Corn Silage Baler Machine For Feed Preservation&quot;,&quot;width&quot;:&quot;136.7&quot;,&quot;_legend&quot;:&quot;{score}\\\/{best} - ({count} {votes})&quot;,&quot;font_factor&quot;:&quot;1.25&quot;}'>              <div class=\"kksr-stars\">      <div class=\"kksr-stars-inactive\">             <div class=\"kksr-star\" data-star=\"1\" style=\"padding-right: 5px\">               <div class=\"kksr-icon\" style=\"width: 24px; height: 24px;\"><\/div>         <\/div>             <div class=\"kksr-star\" data-star=\"2\" style=\"padding-right: 5px\">               <div class=\"kksr-icon\" style=\"width: 24px; height: 24px;\"><\/div>         <\/div>             <div class=\"kksr-star\" data-star=\"3\" style=\"padding-right: 5px\">               <div class=\"kksr-icon\" style=\"width: 24px; height: 24px;\"><\/div>         <\/div>             <div class=\"kksr-star\" data-star=\"4\" style=\"padding-right: 5px\">               <div class=\"kksr-icon\" style=\"width: 24px; height: 24px;\"><\/div>         <\/div>             <div class=\"kksr-star\" data-star=\"5\" style=\"padding-right: 5px\">               <div class=\"kksr-icon\" style=\"width: 24px; height: 24px;\"><\/div>         <\/div>     <\/div>      <div class=\"kksr-stars-active\" style=\"width: 136.7px;\">             <div class=\"kksr-star\" style=\"padding-right: 5px\">               <div class=\"kksr-icon\" style=\"width: 24px; height: 24px;\"><\/div>         <\/div>             <div class=\"kksr-star\" style=\"padding-right: 5px\">               <div class=\"kksr-icon\" style=\"width: 24px; height: 24px;\"><\/div>         <\/div>             <div class=\"kksr-star\" style=\"padding-right: 5px\">               <div class=\"kksr-icon\" style=\"width: 24px; height: 24px;\"><\/div>         <\/div>             <div class=\"kksr-star\" style=\"padding-right: 5px\">               <div class=\"kksr-icon\" style=\"width: 24px; height: 24px;\"><\/div>         <\/div>             <div class=\"kksr-star\" style=\"padding-right: 5px\">               <div class=\"kksr-icon\" style=\"width: 24px; height: 24px;\"><\/div>         <\/div>     <\/div> <\/div>                   <div class=\"kksr-legend\" style=\"font-size: 19.2px;\">             4.8\/5 - (96 kura)    <\/div>     <\/div>  <p>Mashine ya kubalisha silage ya mahindi Model 55-52 inatekeleza uundaji wa bale wa kiwango cha \u03a6550\u00d7520mm + kufunga kiotomatiki, na ufanisi wa uzalishaji unaweza kufikia bales 60-90 kwa saa.<\/p>    <p>Ufanisi wa uzalishaji unaweza kufikia 60-90 bales\/saa. Pamoja na mashine hii, wiani wa bales unaweza kuongezeka kwa 40%, na kwa teknolojia ya kufunga filamu inayoweza kubadilishwa kwa tabaka 2-6, mzunguko wa uhifadhi wa silage wa wazi unaweza kupanuliwa hadi miaka 2-3.<\/p>    <figure class=\"wp-block-embed aligncenter is-type-video is-provider-youtube wp-block-embed-youtube wp-embed-aspect-16-9 wp-has-aspect-ratio\"><div class=\"wp-block-embed__wrapper\"> <iframe loading=\"lazy\" title=\"Ufungaji Usio na Juhudi: Mashine ya Kufunika ya Kufunika ya Silage ya Mviringo ya Baler!\" width=\"500\" height=\"281\" src=\"https:\/\/www.youtube.com\/embed\/Ljq42vUcNN8?feature=oembed\" frameborder=\"0\" allow=\"accelerometer; autoplay; clipboard-write; encrypted-media; gyroscope; picture-in-picture; web-share\" referrerpolicy=\"strict-origin-when-cross-origin\" allowfullscreen><\/iframe> <\/div><figcaption class=\"wp-element-caption\">Video ya kazi ya mashine ya kufunga silaji ya aina ya PLC<\/figcaption><\/figure>    <p>Mfano huu unatumia mfumo wa nguvu mbili unaoweza kubadilika, ukiwa na motor ya umeme ya 5.5 kW au injini ya dizeli ya 8 hp, ambayo inajitenga na kufanya kazi kwa muda mrefu katika eneo la gridi ya nguvu isiyo thabiti. <\/p>    <p>Inatekeleza automatisering kamili ya mchakato kutoka kulisha, kubalisha hadi kufunga, na inahitaji waendeshaji 1-2 tu kukamilisha uzalishaji wa tani 50 za silage kwa siku.<\/p>   <div class=\"wp-block-image is-resized\"> <figure class=\"aligncenter size-full\"><img loading=\"lazy\" decoding=\"async\" width=\"720\" height=\"540\" src=\"https:\/\/balerwrapper.com\/wp-content\/uploads\/2022\/08\/silage-baler-wrapper-machine-.webp\" alt=\"mashine ya kukunja silage baler\" class=\"wp-image-153\" title=\"mashine ya kukunja silage baler\"\/><figcaption class=\"wp-element-caption\">mashine ya kukunja silage baler<\/figcaption><\/figure> <\/div>   <h2 class=\"wp-block-heading\">Kutumia anuwai ya mashine ya kusaga silaji ya mahindi<\/h2>    <p>Mashine ya silaji ya mahindi inaweza kushughulikia mabua ya mahindi, alfalfa, majani ya mkia wa miwa, mizabibu ya karanga, matete, mche wa maharagwe, silaji kutoka kwa soda, nk.<\/p>    <p>Silaji hizi zina thamani kubwa ya kibiashara baada ya silaji ndogo, ambayo hufanya upotevu wa mazao kuwa hazina na kuboresha kiwango cha matumizi ya rasilimali. Kisha tunaweza kulisha silaji iliyopigwa kwa ng'ombe, kondoo, sungura, kulungu, farasi, nguruwe, ngamia, nk.<\/p>   <div class=\"wp-block-image\"> <figure class=\"aligncenter size-full\"><img loading=\"lazy\" decoding=\"async\" width=\"720\" height=\"540\" src=\"https:\/\/balerwrapper.com\/wp-content\/uploads\/2022\/08\/silage-baler-usage-.jpg\" alt=\"matumizi ya silage baler\" class=\"wp-image-154\" title=\"matumizi ya silage baler\"\/><figcaption class=\"wp-element-caption\">matumizi ya silage baler<\/figcaption><\/figure> <\/div>   <h2 class=\"wp-block-heading\">Mashine mpya ya kufungia na kufunga ya aina ya PLC<\/h2>    <p>Nedan finns en ny silagebalar och inpackningsmaskin av PLC-typ. Denna maskin har nu en helt automatisk filmklippfunktion, s\u00e5 det \u00e4r inte l\u00e4ngre n\u00f6dv\u00e4ndigt att riva filmen manuellt, vilket avsev\u00e4rt f\u00f6rb\u00e4ttrar arbets effektiviteten och drifts bekv\u00e4mligheten.<\/p>    <figure class=\"wp-block-gallery has-nested-images columns-default is-cropped wp-block-gallery-2 is-layout-flex wp-block-gallery-is-layout-flex\"> <figure class=\"wp-block-image size-large\"><img loading=\"lazy\" decoding=\"async\" width=\"720\" height=\"540\" data-id=\"646\" src=\"https:\/\/balerwrapper.com\/wp-content\/uploads\/2022\/08\/silage-feed-baling-machine.webp\" alt=\"mashine ya kulisha silage\" class=\"wp-image-646\" srcset=\"https:\/\/balerwrapper.com\/wp-content\/uploads\/2022\/08\/silage-feed-baling-machine.webp 720w, https:\/\/balerwrapper.com\/wp-content\/uploads\/2022\/08\/silage-feed-baling-machine-300x225.webp 300w, https:\/\/balerwrapper.com\/wp-content\/uploads\/2022\/08\/silage-feed-baling-machine-16x12.webp 16w\" sizes=\"auto, (max-width: 720px) 100vw, 720px\" \/><figcaption class=\"wp-element-caption\">mashine ya kulisha silage<\/figcaption><\/figure>    <figure class=\"wp-block-image size-large\"><img loading=\"lazy\" decoding=\"async\" width=\"720\" height=\"540\" data-id=\"645\" src=\"https:\/\/balerwrapper.com\/wp-content\/uploads\/2022\/08\/automatic-silage-baler-wrapper.webp\" alt=\"moja kwa moja silage baler wrapper\" class=\"wp-image-645\" srcset=\"https:\/\/balerwrapper.com\/wp-content\/uploads\/2022\/08\/automatic-silage-baler-wrapper.webp 720w, https:\/\/balerwrapper.com\/wp-content\/uploads\/2022\/08\/automatic-silage-baler-wrapper-300x225.webp 300w, https:\/\/balerwrapper.com\/wp-content\/uploads\/2022\/08\/automatic-silage-baler-wrapper-16x12.webp 16w\" sizes=\"auto, (max-width: 720px) 100vw, 720px\" \/><figcaption class=\"wp-element-caption\">moja kwa moja silage baler wrapper<\/figcaption><\/figure> <\/figure>    <h2 class=\"wp-block-heading\" id=\"h-the-using-range-of-silage-baler-wrapper-machine\">Mashine iliyoboreshwa na kuboreshwa ya silaji<\/h2>    <p>V\u00e5r anl\u00e4ggning har flera innovativa uppgraderingar av v\u00e5ra majsensilagebalarmaskiner, vilket g\u00f6r att du kan \u00f6ka produktiviteten samtidigt som du minskar stillest\u00e5nd och underh\u00e5llsbehov. H\u00e4r \u00e4r de viktigaste uppgraderingarna vi har genomf\u00f6rt:<\/p>    <h3 class=\"wp-block-heading\">Kuboresha uhamaji na uimara<\/h3>    <ul class=\"wp-block-list\"> <li>Badilisha matairi madogo ya mpira na yale makubwa zaidi ili kuboresha uwezaji na kupunguza uwezekano wa kupasuka kwa tairi. <\/li>    <li>F\u00f6rst\u00e4rkte maskinens ram med tjockare material (5x5 cm) f\u00f6r att \u00f6ka stabiliteten och f\u00f6rl\u00e4nga dess livsl\u00e4ngd.<\/li> <\/ul>    <figure class=\"wp-block-gallery has-nested-images columns-default is-cropped wp-block-gallery-3 is-layout-flex wp-block-gallery-is-layout-flex\"> <figure class=\"wp-block-image size-large\"><img loading=\"lazy\" decoding=\"async\" width=\"720\" height=\"540\" data-id=\"823\" src=\"https:\/\/balerwrapper.com\/wp-content\/uploads\/2022\/08\/larger-solid-tire.webp\" alt=\"tairi kubwa imara\" class=\"wp-image-823\" srcset=\"https:\/\/balerwrapper.com\/wp-content\/uploads\/2022\/08\/larger-solid-tire.webp 720w, https:\/\/balerwrapper.com\/wp-content\/uploads\/2022\/08\/larger-solid-tire-300x225.webp 300w, https:\/\/balerwrapper.com\/wp-content\/uploads\/2022\/08\/larger-solid-tire-16x12.webp 16w\" sizes=\"auto, (max-width: 720px) 100vw, 720px\" \/><figcaption class=\"wp-element-caption\">tairi kubwa imara<\/figcaption><\/figure>    <figure class=\"wp-block-image size-large\"><img loading=\"lazy\" decoding=\"async\" width=\"720\" height=\"540\" data-id=\"824\" src=\"https:\/\/balerwrapper.com\/wp-content\/uploads\/2022\/08\/widened-frame.webp\" alt=\"sura iliyopanuliwa\" class=\"wp-image-824\" srcset=\"https:\/\/balerwrapper.com\/wp-content\/uploads\/2022\/08\/widened-frame.webp 720w, https:\/\/balerwrapper.com\/wp-content\/uploads\/2022\/08\/widened-frame-300x225.webp 300w, https:\/\/balerwrapper.com\/wp-content\/uploads\/2022\/08\/widened-frame-16x12.webp 16w\" sizes=\"auto, (max-width: 720px) 100vw, 720px\" \/><figcaption class=\"wp-element-caption\">sura iliyopanuliwa<\/figcaption><\/figure> <\/figure>    <h3 class=\"wp-block-heading\">Utendaji ulioimarishwa na kuegemea<\/h3>    <ul class=\"wp-block-list\"> <li>fani zilizoboreshwa hadi fani kubwa 204 zilizo na shafts nene kwa uendeshaji laini na viwango vilivyopunguzwa vya kutofaulu.<\/li>    <li>Imetumika sahani za chuma baridi zilizochujwa kwa upinzani bora wa kutu na mahitaji ya chini ya matengenezo.<\/li> <\/ul>    <figure class=\"wp-block-gallery has-nested-images columns-default is-cropped wp-block-gallery-4 is-layout-flex wp-block-gallery-is-layout-flex\"> <figure class=\"wp-block-image size-large\"><img loading=\"lazy\" decoding=\"async\" width=\"720\" height=\"540\" data-id=\"827\" src=\"https:\/\/balerwrapper.com\/wp-content\/uploads\/2022\/08\/upgraded-204-bearing.webp\" alt=\"kuboreshwa 204 kuzaa\" class=\"wp-image-827\" srcset=\"https:\/\/balerwrapper.com\/wp-content\/uploads\/2022\/08\/upgraded-204-bearing.webp 720w, https:\/\/balerwrapper.com\/wp-content\/uploads\/2022\/08\/upgraded-204-bearing-300x225.webp 300w, https:\/\/balerwrapper.com\/wp-content\/uploads\/2022\/08\/upgraded-204-bearing-16x12.webp 16w\" sizes=\"auto, (max-width: 720px) 100vw, 720px\" \/><figcaption class=\"wp-element-caption\">kuboreshwa 204 kuzaa<\/figcaption><\/figure>    <figure class=\"wp-block-image size-large\"><img loading=\"lazy\" decoding=\"async\" width=\"720\" height=\"540\" data-id=\"826\" src=\"https:\/\/balerwrapper.com\/wp-content\/uploads\/2022\/08\/pickled-cold-steel-plate.webp\" alt=\"sahani ya chuma baridi iliyokatwa\" class=\"wp-image-826\" srcset=\"https:\/\/balerwrapper.com\/wp-content\/uploads\/2022\/08\/pickled-cold-steel-plate.webp 720w, https:\/\/balerwrapper.com\/wp-content\/uploads\/2022\/08\/pickled-cold-steel-plate-300x225.webp 300w, https:\/\/balerwrapper.com\/wp-content\/uploads\/2022\/08\/pickled-cold-steel-plate-16x12.webp 16w\" sizes=\"auto, (max-width: 720px) 100vw, 720px\" \/><figcaption class=\"wp-element-caption\">sahani ya chuma baridi iliyokatwa<\/figcaption><\/figure> <\/figure>    <h3 class=\"wp-block-heading\">Usafirishaji wa hali ya juu na mfumo wa kuunganisha wavu<\/h3>    <ul class=\"wp-block-list\"> <li>Umetumia mkanda wa kupitisha unaodhibitiwa na mnyororo ulio na kitenganishi cha silinda kwa ajili ya kulisha na kusimamisha nyenzo kiotomatiki. <\/li>    <li>Ufungaji wa wavu ulioimarishwa kwa kutumia roller za kuwekea zene, fremu ya juu ya wavu, na udhibiti huru wa clutch kwa utendakazi ulioboreshwa.<\/li> <\/ul>    <figure class=\"wp-block-gallery has-nested-images columns-2 is-cropped wp-block-gallery-5 is-layout-flex wp-block-gallery-is-layout-flex\"> <figure class=\"wp-block-image size-large\"><img loading=\"lazy\" decoding=\"async\" width=\"540\" height=\"720\" data-id=\"829\" src=\"https:\/\/balerwrapper.com\/wp-content\/uploads\/2022\/08\/chain-conveyor-belt.webp\" alt=\"ukanda wa conveyor wa mnyororo\" class=\"wp-image-829\" srcset=\"https:\/\/balerwrapper.com\/wp-content\/uploads\/2022\/08\/chain-conveyor-belt.webp 540w, https:\/\/balerwrapper.com\/wp-content\/uploads\/2022\/08\/chain-conveyor-belt-225x300.webp 225w, https:\/\/balerwrapper.com\/wp-content\/uploads\/2022\/08\/chain-conveyor-belt-9x12.webp 9w\" sizes=\"auto, (max-width: 540px) 100vw, 540px\" \/><figcaption class=\"wp-element-caption\">ukanda wa conveyor wa mnyororo<\/figcaption><\/figure>    <figure class=\"wp-block-image size-large\"><img loading=\"lazy\" decoding=\"async\" width=\"540\" height=\"720\" data-id=\"831\" src=\"https:\/\/balerwrapper.com\/wp-content\/uploads\/2022\/08\/single-chain.webp\" alt=\"mlolongo mmoja\" class=\"wp-image-831\" srcset=\"https:\/\/balerwrapper.com\/wp-content\/uploads\/2022\/08\/single-chain.webp 540w, https:\/\/balerwrapper.com\/wp-content\/uploads\/2022\/08\/single-chain-225x300.webp 225w, https:\/\/balerwrapper.com\/wp-content\/uploads\/2022\/08\/single-chain-9x12.webp 9w\" sizes=\"auto, (max-width: 540px) 100vw, 540px\" \/><figcaption class=\"wp-element-caption\">mlolongo mmoja<\/figcaption><\/figure>    <figure class=\"wp-block-image size-large\"><img loading=\"lazy\" decoding=\"async\" width=\"720\" height=\"540\" data-id=\"830\" src=\"https:\/\/balerwrapper.com\/wp-content\/uploads\/2022\/08\/more-smoother-net-bundling.webp\" alt=\"laini zaidi wavu bundling\" class=\"wp-image-830\" srcset=\"https:\/\/balerwrapper.com\/wp-content\/uploads\/2022\/08\/more-smoother-net-bundling.webp 720w, https:\/\/balerwrapper.com\/wp-content\/uploads\/2022\/08\/more-smoother-net-bundling-300x225.webp 300w, https:\/\/balerwrapper.com\/wp-content\/uploads\/2022\/08\/more-smoother-net-bundling-16x12.webp 16w\" sizes=\"auto, (max-width: 720px) 100vw, 720px\" \/><figcaption class=\"wp-element-caption\">laini zaidi wavu bundling<\/figcaption><\/figure>    <figure class=\"wp-block-image size-large\"><img loading=\"lazy\" decoding=\"async\" width=\"720\" height=\"540\" data-id=\"828\" src=\"https:\/\/balerwrapper.com\/wp-content\/uploads\/2022\/08\/additional-spring-and-screws.webp\" alt=\"spring ya ziada na screws\" class=\"wp-image-828\" srcset=\"https:\/\/balerwrapper.com\/wp-content\/uploads\/2022\/08\/additional-spring-and-screws.webp 720w, https:\/\/balerwrapper.com\/wp-content\/uploads\/2022\/08\/additional-spring-and-screws-300x225.webp 300w, https:\/\/balerwrapper.com\/wp-content\/uploads\/2022\/08\/additional-spring-and-screws-16x12.webp 16w\" sizes=\"auto, (max-width: 720px) 100vw, 720px\" \/><figcaption class=\"wp-element-caption\">spring ya ziada na screws<\/figcaption><\/figure> <\/figure>    <h3 class=\"wp-block-heading\">Uimarishaji wa muundo<\/h3>    <p>Imeongeza usaidizi wa ziada wa fremu chini ya mashine ya kukunja ili kuboresha uadilifu wa muundo na uthabiti wakati wa matumizi makubwa.<\/p>    <figure class=\"wp-block-gallery has-nested-images columns-default is-cropped wp-block-gallery-6 is-layout-flex wp-block-gallery-is-layout-flex\"> <figure class=\"wp-block-image size-large\"><img loading=\"lazy\" decoding=\"async\" width=\"720\" height=\"540\" data-id=\"832\" src=\"https:\/\/balerwrapper.com\/wp-content\/uploads\/2022\/08\/extra-frame.webp\" alt=\"sura ya ziada\" class=\"wp-image-832\" srcset=\"https:\/\/balerwrapper.com\/wp-content\/uploads\/2022\/08\/extra-frame.webp 720w, https:\/\/balerwrapper.com\/wp-content\/uploads\/2022\/08\/extra-frame-300x225.webp 300w, https:\/\/balerwrapper.com\/wp-content\/uploads\/2022\/08\/extra-frame-16x12.webp 16w\" sizes=\"auto, (max-width: 720px) 100vw, 720px\" \/><figcaption class=\"wp-element-caption\">sura ya ziada<\/figcaption><\/figure>    <figure class=\"wp-block-image size-large\"><img loading=\"lazy\" decoding=\"async\" width=\"720\" height=\"540\" data-id=\"833\" src=\"https:\/\/balerwrapper.com\/wp-content\/uploads\/2022\/08\/silage-baling-and-wrapping-machine-frame.webp\" alt=\"silage baling na wrapping mashine frame\" class=\"wp-image-833\" srcset=\"https:\/\/balerwrapper.com\/wp-content\/uploads\/2022\/08\/silage-baling-and-wrapping-machine-frame.webp 720w, https:\/\/balerwrapper.com\/wp-content\/uploads\/2022\/08\/silage-baling-and-wrapping-machine-frame-300x225.webp 300w, https:\/\/balerwrapper.com\/wp-content\/uploads\/2022\/08\/silage-baling-and-wrapping-machine-frame-16x12.webp 16w\" sizes=\"auto, (max-width: 720px) 100vw, 720px\" \/><figcaption class=\"wp-element-caption\">silage baling na wrapping mashine frame<\/figcaption><\/figure> <\/figure>    <p>Iwapo una mahitaji yoyote ya ziada, tunaweza pia kukusaidia kubinafsisha mashine yako ya kukokotoa silaji ya mahindi. Tafadhali jisikie huru kuwasiliana nasi.<\/p>    <h3 class=\"wp-block-heading\">Videohandling av arbete<\/h3>    <figure class=\"wp-block-embed aligncenter is-type-video is-provider-youtube wp-block-embed-youtube wp-embed-aspect-16-9 wp-has-aspect-ratio\"><div class=\"wp-block-embed__wrapper\"> <iframe loading=\"lazy\" title=\"Tairi kubwa ya tairi iliyosafirishwa pande zote za baler - bora bale kufunika suluhisho#silagebaler\" width=\"500\" height=\"281\" src=\"https:\/\/www.youtube.com\/embed\/b_8wTFsUBp4?feature=oembed\" frameborder=\"0\" allow=\"accelerometer; autoplay; clipboard-write; encrypted-media; gyroscope; picture-in-picture; web-share\" referrerpolicy=\"strict-origin-when-cross-origin\" allowfullscreen><\/iframe> <\/div><figcaption class=\"wp-element-caption\">Video onyesho la mashine ya kubalisha mahindi ya silage iliyoboreshwa na iliyobinafsishwa<\/figcaption><\/figure>    <h2 class=\"wp-block-heading\" id=\"h-technical-specifications-of-the-silage-baler-machine\">Silage baler wrapper specifikationer kiufundi<\/h2>    <figure class=\"wp-block-table is-style-stripes\"><table><tbody><tr><td>Mfano<\/td><td>TS-55-52<\/td><\/tr><tr><td>Nguvu<\/td><td>5.5+1.1kw, awamu 3<\/td><\/tr><tr><td>Ukubwa wa bale<\/td><td>\u03a6550*520mm<\/td><\/tr><tr><td>Injini ya dizeli<\/td><td>15 hp<\/td><\/tr><tr><td>Kasi ya kulipuka<\/td><td>40-50 kipande \/ h, 4-5t \/ h<\/td><\/tr><tr><td>Ukubwa<\/td><td>2135*1350*1300mm<\/td><\/tr><tr><td>Uzito wa mashine<\/td><td>850kg<\/td><\/tr><tr><td>Uzito wa bale<\/td><td>65-100kg \/ balbu<\/td><\/tr><tr><td>Uzito wa bale<\/td><td>450-500kg\/m\u00b3<\/td><\/tr><tr><td>Matumizi ya kamba<\/td><td>2.5kg\/t<\/td><\/tr><tr><td>Nguvu ya mashine ya kufunga<\/td><td>1.1-3kw, awamu 3<\/td><\/tr><tr><td>Kasi ya kufunga filamu<\/td><td>13s kwa filamu ya safu 2, 19 kwa filamu ya safu-3<\/td><\/tr><\/tbody><\/table><figcaption class=\"wp-element-caption\"> parametrar f\u00f6r ensilagebalar maskin<\/figcaption><\/figure>   <div class=\"wp-block-image\"> <figure class=\"aligncenter size-full\"><img loading=\"lazy\" decoding=\"async\" width=\"720\" height=\"540\" src=\"https:\/\/balerwrapper.com\/wp-content\/uploads\/2022\/08\/silage-round-baler-.webp\" alt=\"silage baler pande zote\" class=\"wp-image-156\" title=\"silage baler pande zote\"\/><figcaption class=\"wp-element-caption\">silage pande zote kamba baler na filamu undani<\/figcaption><\/figure> <\/div>   <h2 class=\"wp-block-heading\" id=\"h-components-of-the-round-silage-packing-machine\">Vipengele vya mashine ya kufunga silage pande zote<\/h2>    <p>Mashine ya kuwekea silaji nafaka hujumuisha hasa ukanda wa kusafirisha, chemba ya kuegemeza, mfumo wa kufunga na injini ya dizeli. Muundo wa jumla ni rahisi na rahisi kuelewa na kufanya kazi. Silaji baada ya kuweka safu ni mnene na rahisi kuhifadhi na kusafirisha.<\/p>   <div class=\"wp-block-image is-resized\"> <figure class=\"aligncenter size-full\"><img loading=\"lazy\" decoding=\"async\" width=\"720\" height=\"540\" src=\"https:\/\/balerwrapper.com\/wp-content\/uploads\/2022\/08\/round-silage-packing-machine-.webp\" alt=\"muundo wa mashine ya kufunga silage pande zote\" class=\"wp-image-155\" title=\"muundo wa mashine ya kufunga silage pande zote\"\/><figcaption class=\"wp-element-caption\">struktur f\u00f6r rund ensilagepackningsmaskin<\/figcaption><\/figure> <\/div>   <h2 class=\"wp-block-heading\" id=\"h-workflow-of-the-silage-round-baler\">Mtiririko wa kazi wa baler ya pande zote za silage<\/h2>   <div id=\"rank-math-howto\" class=\"rank-math-block\" > <div class=\"rank-math-howto-description\">  <\/div>  <div class=\"rank-math-steps\"> <div id=\"howto-step-1717053805206\" class=\"rank-math-step\"> <div class=\"rank-math-step-content\"><p>Kwanza, weka silaji kwenye ukanda wa conveyor wa mashine ya kusambaza silaji ya mahindi. Ukanda wa conveyor utatuma silage kwenye chumba cha baling. Baada ya kiasi cha silaji kufikia kiasi fulani, mwanga juu ya chumba cha baling utawaka na tunapaswa kuacha kulisha kwa wakati huu.<\/p> <\/div> <\/div> <div id=\"howto-step-1717053812266\" class=\"rank-math-step\"> <div class=\"rank-math-step-content\"><p>Kisha silage huenda kwenye chumba cha baling. Chumba cha baling kitavingirisha silaji kwenye marobota ya pande zote. Wakati huo huo, bale itapigwa kwa kamba ya majani au wavu.<\/p> <\/div> <\/div> <div id=\"howto-step-1717053816666\" class=\"rank-math-step\"> <div class=\"rank-math-step-content\"><p>Baada ya kupiga, silage huingia kwenye mfumo wa kufunga, ambapo silage imefungwa.<\/p> <\/div> <\/div> <\/div> <\/div>       <figure class=\"wp-block-embed aligncenter is-type-video is-provider-youtube wp-block-embed-youtube wp-embed-aspect-16-9 wp-has-aspect-ratio\"><div class=\"wp-block-embed__wrapper\"> <iframe loading=\"lazy\" title=\"Wow, utendaji mzuri wa mashine ya silage baler! Silage baler na mashine ya kanga\" width=\"500\" height=\"281\" src=\"https:\/\/www.youtube.com\/embed\/7kx5D0BC8s8?feature=oembed\" frameborder=\"0\" allow=\"accelerometer; autoplay; clipboard-write; encrypted-media; gyroscope; picture-in-picture; web-share\" referrerpolicy=\"strict-origin-when-cross-origin\" allowfullscreen><\/iframe> <\/div><figcaption class=\"wp-element-caption\">tovuti ya kufanya kazi ya mashine ya kufungia baler ya silage<\/figcaption><\/figure>    <h2 class=\"wp-block-heading\" id=\"h-why-is-it-necessary-to-bale-the-silage\">Kwa nini ni muhimu kupiga silage?<\/h2>    <ul class=\"wp-block-list\"> <li>Mazao ya majani yaliyofungwa yanafaa kwa uhifadhi wa muda mrefu. Nyasi si rahisi kuharibika, na ni rahisi kusafirisha. Na ni chaguo la maandalizi ya silaji kwa ng'ombe, kondoo, na mifugo.<\/li>    <li>Baling na wiani mkubwa. Yanafaa kwa ajili ya uwekaji uwekaji wa nyasi za mahindi, nyasi za ngano, mchele na nyasi za malisho. Inaweza kupunguza sana eneo la kuhifadhi na kuwezesha kuzaliana.<\/li>    <li>Mashine ya kuwekea silaji nafaka inaweza kuchukua nafasi kwa uhaba na ubora duni wa vyanzo vya malisho katika tasnia ya mifugo. Na kupunguza gharama za kulisha, na kuboresha uzalishaji na ubora wa nyama au maziwa. Kwa hivyo tasnia ya malisho imeanza biashara.<\/li> <\/ul>   <div class=\"wp-block-image\"> <figure class=\"aligncenter size-full\"><img loading=\"lazy\" decoding=\"async\" width=\"720\" height=\"540\" src=\"https:\/\/balerwrapper.com\/wp-content\/uploads\/2022\/08\/Corn-silage-baler-machine2.webp\" alt=\"Mashine ya kukoboa silaji ya mahindi\" class=\"wp-image-158\" title=\"Mashine ya kukoboa silaji ya mahindi\"\/><figcaption class=\"wp-element-caption\">Mashine ya kukoboa silaji ya mahindi<\/figcaption><\/figure> <\/div>   <p class=\"translation-block\">Karibu kwenye mifano mingine ya mashine za kufungia balasi za malisho kwa kubofya: <a href=\"https:\/\/balerwrapper.com\/sw\/product\/silage-wrapping-machine\/\"><strong><em>Mashine ya Kufungia Balasi ya Malisho Mfagio wa Kuuza<\/em><\/strong><\/a> na <a href=\"https:\/\/balerwrapper.com\/sw\/product\/silage-baling-and-wrapping-machine\/\"><strong><em>Mashine Mpya ya Kufungia na Kufungia Balasi ya Malisho Kiotomatiki ya Aina ya Ukanda<\/em><\/strong><\/a>.<\/p>    <p>Iwe wewe ni shamba la familia au uzalishaji mkubwa wa kilimo, mashine zetu za silaji zinaweza kukusaidia kuboresha ufanisi wa uzalishaji na kuhakikisha ubora wa malisho. Tunakukaribisha kwa dhati kuwasiliana nasi wakati wowote kwa maelezo zaidi ya bidhaa na ushauri wa kitaalamu.<\/p>","protected":false},"excerpt":{"rendered":"<p>Mashine ya kuwekea silaji ya mahindi ni vifaa vya kufungia silaji. Mashine hii inaweza kubandika na kufunika kila aina ya majani yaliyosagwa na malisho. Mara nyingi hutumika kuhifadhi na kuhifadhi malisho.<\/p>","protected":false},"author":1,"featured_media":152,"parent":0,"template":"","tags":[36,35],"product-type":[7],"class_list":["post-51","product","type-product","status-publish","has-post-thumbnail","hentry","tag-baler","tag-silage","product-type-silage-baler"],"_links":{"self":[{"href":"https:\/\/balerwrapper.com\/sw\/wp-json\/wp\/v2\/product\/51","targetHints":{"allow":["GET"]}}],"collection":[{"href":"https:\/\/balerwrapper.com\/sw\/wp-json\/wp\/v2\/product"}],"about":[{"href":"https:\/\/balerwrapper.com\/sw\/wp-json\/wp\/v2\/types\/product"}],"author":[{"embeddable":true,"href":"https:\/\/balerwrapper.com\/sw\/wp-json\/wp\/v2\/users\/1"}],"wp:featuredmedia":[{"embeddable":true,"href":"https:\/\/balerwrapper.com\/sw\/wp-json\/wp\/v2\/media\/152"}],"wp:attachment":[{"href":"https:\/\/balerwrapper.com\/sw\/wp-json\/wp\/v2\/media?parent=51"}],"wp:term":[{"taxonomy":"post_tag","embeddable":true,"href":"https:\/\/balerwrapper.com\/sw\/wp-json\/wp\/v2\/tags?post=51"},{"taxonomy":"product-type","embeddable":true,"href":"https:\/\/balerwrapper.com\/sw\/wp-json\/wp\/v2\/product-type?post=51"}],"curies":[{"name":"wp","href":"https:\/\/api.w.org\/{rel}","templated":true}]}}