{"id":502,"date":"2023-10-26T16:06:00","date_gmt":"2023-10-26T08:06:00","guid":{"rendered":"https:\/\/balerwrapper.com\/?post_type=product&#038;p=502"},"modified":"2023-11-01T13:28:30","modified_gmt":"2023-11-01T05:28:30","slug":"straw-crushing-packaging-wrapping-machine","status":"publish","type":"product","link":"https:\/\/balerwrapper.com\/sw\/product\/straw-crushing-packaging-wrapping-machine\/","title":{"rendered":"Mashine ya Kufunga Kifungashio Kiotomatiki ya Kusaga Majani"},"content":{"rendered":"<div class=\"kk-star-ratings kksr-auto kksr-align-left kksr-valign-top\"     data-payload='{&quot;align&quot;:&quot;left&quot;,&quot;id&quot;:&quot;502&quot;,&quot;slug&quot;:&quot;default&quot;,&quot;valign&quot;:&quot;top&quot;,&quot;ignore&quot;:&quot;&quot;,&quot;reference&quot;:&quot;auto&quot;,&quot;class&quot;:&quot;&quot;,&quot;count&quot;:&quot;13&quot;,&quot;legendonly&quot;:&quot;&quot;,&quot;readonly&quot;:&quot;&quot;,&quot;score&quot;:&quot;4.6&quot;,&quot;starsonly&quot;:&quot;&quot;,&quot;best&quot;:&quot;5&quot;,&quot;gap&quot;:&quot;5&quot;,&quot;greet&quot;:&quot;Rate this product&quot;,&quot;legend&quot;:&quot;4.6\\\/5 - (13 votes)&quot;,&quot;size&quot;:&quot;24&quot;,&quot;title&quot;:&quot;Automatic Sliage Straw Crushing Packaging Wrapping Machine&quot;,&quot;width&quot;:&quot;130.9&quot;,&quot;_legend&quot;:&quot;{score}\\\/{best} - ({count} {votes})&quot;,&quot;font_factor&quot;:&quot;1.25&quot;}'>              <div class=\"kksr-stars\">      <div class=\"kksr-stars-inactive\">             <div class=\"kksr-star\" data-star=\"1\" style=\"padding-right: 5px\">               <div class=\"kksr-icon\" style=\"width: 24px; height: 24px;\"><\/div>         <\/div>             <div class=\"kksr-star\" data-star=\"2\" style=\"padding-right: 5px\">               <div class=\"kksr-icon\" style=\"width: 24px; height: 24px;\"><\/div>         <\/div>             <div class=\"kksr-star\" data-star=\"3\" style=\"padding-right: 5px\">               <div class=\"kksr-icon\" style=\"width: 24px; height: 24px;\"><\/div>         <\/div>             <div class=\"kksr-star\" data-star=\"4\" style=\"padding-right: 5px\">               <div class=\"kksr-icon\" style=\"width: 24px; height: 24px;\"><\/div>         <\/div>             <div class=\"kksr-star\" data-star=\"5\" style=\"padding-right: 5px\">               <div class=\"kksr-icon\" style=\"width: 24px; height: 24px;\"><\/div>         <\/div>     <\/div>      <div class=\"kksr-stars-active\" style=\"width: 130.9px;\">             <div class=\"kksr-star\" style=\"padding-right: 5px\">               <div class=\"kksr-icon\" style=\"width: 24px; height: 24px;\"><\/div>         <\/div>             <div class=\"kksr-star\" style=\"padding-right: 5px\">               <div class=\"kksr-icon\" style=\"width: 24px; height: 24px;\"><\/div>         <\/div>             <div class=\"kksr-star\" style=\"padding-right: 5px\">               <div class=\"kksr-icon\" style=\"width: 24px; height: 24px;\"><\/div>         <\/div>             <div class=\"kksr-star\" style=\"padding-right: 5px\">               <div class=\"kksr-icon\" style=\"width: 24px; height: 24px;\"><\/div>         <\/div>             <div class=\"kksr-star\" style=\"padding-right: 5px\">               <div class=\"kksr-icon\" style=\"width: 24px; height: 24px;\"><\/div>         <\/div>     <\/div> <\/div>                   <div class=\"kksr-legend\" style=\"font-size: 19.2px;\">             4.6\/5 - (13 r\u00f6ster)    <\/div>     <\/div>  <p>Mashine ya kufungia vifungashio vya kusagwa majani ni aina ya mashine na vifaa vya kilimo vinavyotumika kukusanya, kukatia, kusaga, na kufungia majani kwa ajili ya kuhifadhi, usafirishaji na matumizi ya kina kiotomatiki. <\/p>    <p class=\"translation-block\">Kwa kawaida, <a href=\"https:\/\/en.wikipedia.org\/wiki\/Straw\" target=\"_blank\" rel=\"noopener\">nyasi<\/a> hizi zilizochakatwa zinaweza kutumika kama malisho, nishati ya mimea, mbolea, au kiimarishaji udongo. Mashine hii husaidia kupunguza mzigo wa kazi kwa wakulima na kuboresha matumizi kamili ya nyasi.<\/p>    <figure class=\"wp-block-image size-full\"><img loading=\"lazy\" decoding=\"async\" width=\"720\" height=\"540\" src=\"https:\/\/balerwrapper.com\/wp-content\/uploads\/2023\/10\/silage-picking-crushing-baling-machine.webp\" alt=\"kuokota silage kusagwa baling mashine\" class=\"wp-image-503\"\/><figcaption class=\"wp-element-caption\">kuokota silage kusagwa baling mashine<\/figcaption><\/figure>    <h2 class=\"wp-block-heading\">Miundo Mikuu ya Mashine ya Kusaga Silaji<\/h2>    <ul class=\"wp-block-list\"> <li>Mashine ya kufunga vifungashio vya kusaga majani ina miundo kuu ifuatayo inayofanya kazi sanjari, ambayo kawaida ni pamoja na:<\/li>    <li>Chassis (iliyo na magurudumu ili kuwezesha harakati kwenye uwanja)<\/li>    <li>Mfumo wa kuchukua (gia inayozunguka au kiteua kilichosimamishwa mbele ya mashine)<\/li>    <li>Vipasua (pamoja na vile vile vinavyozunguka au ngoma)<\/li>    <li>Mfumo wa kusawazisha (utaratibu wa ukusanyaji wa majani na uundaji wa marobota ya kompakt)<\/li>    <li>Utaratibu wa kukunja (uliofungwa katika safu moja au zaidi ya kanga ya plastiki ili kulinda na kuhifadhi bale) Sehemu hii kwa kawaida inajumuisha sehemu ya kukunja na utaratibu wa utumaji.<\/li> <\/ul>    <figure class=\"wp-block-image size-full\"><img loading=\"lazy\" decoding=\"async\" width=\"720\" height=\"540\" src=\"https:\/\/balerwrapper.com\/wp-content\/uploads\/2023\/10\/straw-crushing-packaging-wrapping-machine.webp\" alt=\"mashine ya kufungia ya kusagwa majani\" class=\"wp-image-504\"\/><figcaption class=\"wp-element-caption\">mashine ya kufungia ya kusagwa majani<\/figcaption><\/figure>    <h2 class=\"wp-block-heading\">Mtiririko wa Kazi wa Mashine ya Kufunga Ufungaji wa Kusaga Majani<\/h2>    <ol class=\"wp-block-list\"> <li><strong>Kuchuna majani<\/strong>: ni hatua ya kwanza ya mashine, ambayo inaweza kuchukua moja kwa moja na kuzingatia majani (kama vile mashina ya mahindi, mashina ya ngano, nk) iliyoachwa katika shamba.<\/li>    <li><strong>Majani crusher<\/strong>: Nyasi baada ya kuokota kwa kawaida huwa ndefu sana na si rahisi kutumika katika hatua inayofuata. Kisafishaji cha majani kitakata majani haya katika chembe ndogo kwa shughuli zinazofuata.<\/li>    <li><strong>Uwekaji wa majani<\/strong>: Majani yaliyopondwa huwekwa kwenye vifurushi vinavyobana, kwa kawaida mviringo au mraba, kwa ajili ya kuhifadhi, kusafirisha, na matumizi ya baadaye.<\/li>    <li><strong>Kufunga<\/strong>: Hatimaye, marobota haya ya majani huwa yanafungwa kwa uzi wa plastiki. Hii husaidia kulinda bales kutokana na uharibifu wakati wa kuhifadhi na pia hutoa insulation na uharibifu.<\/li> <\/ol>    <figure class=\"wp-block-image size-full\"><img loading=\"lazy\" decoding=\"async\" width=\"720\" height=\"540\" src=\"https:\/\/balerwrapper.com\/wp-content\/uploads\/2023\/10\/silage-wrapper.webp\" alt=\"karatasi ya silage\" class=\"wp-image-505\"\/><figcaption class=\"wp-element-caption\">karatasi ya silage<\/figcaption><\/figure>    <h2 class=\"wp-block-heading\">Silage Baler ya kazi nyingi Sifa Kuu<\/h2>    <div class=\"wp-block-media-text has-media-on-the-right is-stacked-on-mobile\"><div class=\"wp-block-media-text__content\"> <ul class=\"wp-block-list\"> <li>Kuokoa kazi, moja kwa moja baada ya kuvuna na kusagwa inaweza kuwa baled na amefungwa.<\/li>    <li>Chagua kutoka kwa mifano miwili na upana wa kukata 1300 na 1720 mm.<\/li>    <li>Pato la juu, roll ya kamba na filamu inaweza kuvikwa kwenye vifurushi 65-70, vifungu 45-60 kwa saa.<\/li>    <li>Athari nzuri ya kufanya kazi, kuunganisha kwa nguvu, ndani na nje iliyolegea, na upenyezaji mzuri wa hewa.<\/li>    <li>Mgawanyiko wazi wa kazi, trekta hutoa nguvu kwa ajili ya kuvuna na kusagwa, na injini ya petroli hutoa nguvu ya kuweka na kufunga.<\/li> <\/ul> <\/div><figure class=\"wp-block-media-text__media\"><img loading=\"lazy\" decoding=\"async\" width=\"540\" height=\"720\" src=\"https:\/\/balerwrapper.com\/wp-content\/uploads\/2023\/10\/silage-baler-machine-for-sale.webp\" alt=\"mashine ya silage baler inauzwa\" class=\"wp-image-506 size-full\"\/><\/figure><\/div>    <h2 class=\"wp-block-heading\">Vigezo vya Kiufundi vya Mashine<\/h2>    <p>Denna enhet \u00e4r en sj\u00e4lvdriven halm krossnings-, f\u00f6rpacknings- och omslag integrerad Allt-i-ett-maskin.<\/p>    <figure class=\"wp-block-table is-style-stripes\"><table><tbody><tr><td><strong>Mfano<\/strong><\/td><td>9YQ-1300<\/td><td>9YQ-1720<\/td><\/tr><tr><td><strong>Nguvu<\/strong><\/td><td>40 HP<\/td><td>70 HP<\/td><\/tr><tr><td><strong>Baling na nguvu ya kufunga<\/strong><\/td><td>jenereta ya petroli (5+0.75 KW)<\/td><td>jenereta ya petroli (5+0.75 KW)<\/td><\/tr><tr><td><strong>Upana wa kufanya kazi<\/strong><\/td><td>1300 mm<\/td><td>1720 mm<\/td><\/tr><tr><td><strong>Kipimo cha Bale<\/strong><\/td><td>L*\u0424 700*800mm<\/td><td>L*\u0424 700*800mm<\/td><\/tr><tr><td><strong>Uzito wa Bale<\/strong><\/td><td>95-100 kg \/ bale<\/td><td>95-100 kg \/ bale<\/td><\/tr><tr><td><strong>Uwezo<\/strong><\/td><td>Ekari 0.9 kwa saa<\/td><td>Ekari 1.3 kwa saa<\/td><\/tr><tr><td><strong>Ukubwa<\/strong><\/td><td>3270*2150*1400 mm<\/td><td>3270*2150*1400 mm<\/td><\/tr><tr><td><strong>Uzito<\/strong><\/td><td>1200 Kg<\/td><td>1300 kg<\/td><\/tr><\/tbody><\/table><\/figure>    <p>Kampuni yetu imeanzisha mifano miwili ya juu ya mashine ya kusagwa ya ufungaji wa majani kuchagua kutoka, orodha iliyo hapo juu ni sehemu ya vigezo muhimu. Ikiwa unataka kujua maelezo zaidi, tafadhali jisikie huru kuwasiliana nasi.<\/p>    <h2 class=\"wp-block-heading\">Mashine Zinazohusiana<\/h2>    <p class=\"translation-block\">Sj\u00e4lvklart, beroende p\u00e5 kundens olika anv\u00e4ndningar och budgetar, producerar vi ocks\u00e5 andra relativt enkla maskiner f\u00f6r hantering och f\u00f6rvaltning av gr\u00f6dorester och halm, s\u00e5som ensilagebalar och inpackningsmaskiner, <strong><a href=\"https:\/\/balerwrapper.com\/sw\/product\/round-hay-baler\/\">halmplockare (runda eller fyrkantiga balar)<\/a><\/strong>, och <strong><a href=\"https:\/\/balerwrapper.com\/sw\/product\/hay-cutter-and-baler\/\">krossade plockbalar<\/a><\/strong>.<\/p>    <figure class=\"wp-block-gallery has-nested-images columns-2 is-cropped wp-block-gallery-2 is-layout-flex wp-block-gallery-is-layout-flex\"> <figure class=\"wp-block-image size-large\"><img loading=\"lazy\" decoding=\"async\" width=\"720\" height=\"540\" data-id=\"507\" src=\"https:\/\/balerwrapper.com\/wp-content\/uploads\/2023\/10\/straw-wrapping-machine.webp\" alt=\"mashine ya kufunga majani\" class=\"wp-image-507\"\/><figcaption class=\"wp-element-caption\">mashine ya kufunga majani<\/figcaption><\/figure>    <figure class=\"wp-block-image size-large\"><img loading=\"lazy\" decoding=\"async\" width=\"720\" height=\"540\" data-id=\"508\" src=\"https:\/\/balerwrapper.com\/wp-content\/uploads\/2023\/10\/round-hay-picking-baler-machine.webp\" alt=\"mashine ya kuokota nyasi pande zote\" class=\"wp-image-508\"\/><figcaption class=\"wp-element-caption\">mashine ya kuokota nyasi pande zote<\/figcaption><\/figure>    <figure class=\"wp-block-image size-large\"><img loading=\"lazy\" decoding=\"async\" width=\"720\" height=\"540\" data-id=\"509\" src=\"https:\/\/balerwrapper.com\/wp-content\/uploads\/2023\/10\/square-hay-baler-machine.webp\" alt=\"mashine ya baler ya nyasi ya mraba\" class=\"wp-image-509\"\/><figcaption class=\"wp-element-caption\">mashine ya baler ya nyasi ya mraba<\/figcaption><\/figure>    <figure class=\"wp-block-image size-large\"><img loading=\"lazy\" decoding=\"async\" width=\"720\" height=\"540\" data-id=\"510\" src=\"https:\/\/balerwrapper.com\/wp-content\/uploads\/2023\/10\/hay-cutter-and-baler-machine.webp\" alt=\"mashine ya kukata nyasi na baler\" class=\"wp-image-510\"\/><figcaption class=\"wp-element-caption\">mashine ya kukata nyasi na baler<\/figcaption><\/figure> <\/figure>    <p>Mashine zetu za kufungia vifungashio vya kusagwa majani zimekuwa maarufu sana na zimesafirishwa kwa mafanikio katika nchi kadhaa zikiwemo Nigeria, Kenya, Ethiopia, Tanzania, India, Bangladesh, Vietnam, Indonesia, Brazil, Argentina, na nyinginezo nyingi. Wote ni chanya kuhusu bei yetu ya silaji pamoja na huduma, n.k., na wako tayari kuanzisha ushirikiano wa muda mrefu nasi.<\/p>","protected":false},"excerpt":{"rendered":"<p>The straw crushing packaging wrapping machine is a kind of agricultural machinery and equipment used for automatically collecting, chopping, baling, and wrapping straw for storage, transportation, and comprehensive utilization. Usually, these processed straws can be used as feed, biomass energy, fertilizer, or soil conditioner. This machine helps to reduce the labor burden of farmers and [&hellip;]<\/p>\n","protected":false},"author":1,"featured_media":512,"parent":0,"template":"","tags":[],"product-type":[7],"class_list":["post-502","product","type-product","status-publish","has-post-thumbnail","hentry","product-type-silage-baler"],"_links":{"self":[{"href":"https:\/\/balerwrapper.com\/sw\/wp-json\/wp\/v2\/product\/502","targetHints":{"allow":["GET"]}}],"collection":[{"href":"https:\/\/balerwrapper.com\/sw\/wp-json\/wp\/v2\/product"}],"about":[{"href":"https:\/\/balerwrapper.com\/sw\/wp-json\/wp\/v2\/types\/product"}],"author":[{"embeddable":true,"href":"https:\/\/balerwrapper.com\/sw\/wp-json\/wp\/v2\/users\/1"}],"wp:featuredmedia":[{"embeddable":true,"href":"https:\/\/balerwrapper.com\/sw\/wp-json\/wp\/v2\/media\/512"}],"wp:attachment":[{"href":"https:\/\/balerwrapper.com\/sw\/wp-json\/wp\/v2\/media?parent=502"}],"wp:term":[{"taxonomy":"post_tag","embeddable":true,"href":"https:\/\/balerwrapper.com\/sw\/wp-json\/wp\/v2\/tags?post=502"},{"taxonomy":"product-type","embeddable":true,"href":"https:\/\/balerwrapper.com\/sw\/wp-json\/wp\/v2\/product-type?post=502"}],"curies":[{"name":"wp","href":"https:\/\/api.w.org\/{rel}","templated":true}]}}