{"id":408,"date":"2022-12-15T13:47:15","date_gmt":"2022-12-15T05:47:15","guid":{"rendered":"https:\/\/balerwrapper.com\/?post_type=product&#038;p=408"},"modified":"2022-12-16T11:43:40","modified_gmt":"2022-12-16T03:43:40","slug":"straw-cutting-machine","status":"publish","type":"product","link":"https:\/\/balerwrapper.com\/sw\/product\/straw-cutting-machine\/","title":{"rendered":"Mashine ya kukata majani kwa ajili ya kulisha ng'ombe na farasi"},"content":{"rendered":"<div class=\"kk-star-ratings kksr-auto kksr-align-left kksr-valign-top\"     data-payload='{&quot;align&quot;:&quot;left&quot;,&quot;id&quot;:&quot;408&quot;,&quot;slug&quot;:&quot;default&quot;,&quot;valign&quot;:&quot;top&quot;,&quot;ignore&quot;:&quot;&quot;,&quot;reference&quot;:&quot;auto&quot;,&quot;class&quot;:&quot;&quot;,&quot;count&quot;:&quot;28&quot;,&quot;legendonly&quot;:&quot;&quot;,&quot;readonly&quot;:&quot;&quot;,&quot;score&quot;:&quot;4.7&quot;,&quot;starsonly&quot;:&quot;&quot;,&quot;best&quot;:&quot;5&quot;,&quot;gap&quot;:&quot;5&quot;,&quot;greet&quot;:&quot;Rate this product&quot;,&quot;legend&quot;:&quot;4.7\\\/5 - (28 votes)&quot;,&quot;size&quot;:&quot;24&quot;,&quot;title&quot;:&quot;Straw cutting machine for cow and horse feed&quot;,&quot;width&quot;:&quot;133.8&quot;,&quot;_legend&quot;:&quot;{score}\\\/{best} - ({count} {votes})&quot;,&quot;font_factor&quot;:&quot;1.25&quot;}'>              <div class=\"kksr-stars\">      <div class=\"kksr-stars-inactive\">             <div class=\"kksr-star\" data-star=\"1\" style=\"padding-right: 5px\">               <div class=\"kksr-icon\" style=\"width: 24px; height: 24px;\"><\/div>         <\/div>             <div class=\"kksr-star\" data-star=\"2\" style=\"padding-right: 5px\">               <div class=\"kksr-icon\" style=\"width: 24px; height: 24px;\"><\/div>         <\/div>             <div class=\"kksr-star\" data-star=\"3\" style=\"padding-right: 5px\">               <div class=\"kksr-icon\" style=\"width: 24px; height: 24px;\"><\/div>         <\/div>             <div class=\"kksr-star\" data-star=\"4\" style=\"padding-right: 5px\">               <div class=\"kksr-icon\" style=\"width: 24px; height: 24px;\"><\/div>         <\/div>             <div class=\"kksr-star\" data-star=\"5\" style=\"padding-right: 5px\">               <div class=\"kksr-icon\" style=\"width: 24px; height: 24px;\"><\/div>         <\/div>     <\/div>      <div class=\"kksr-stars-active\" style=\"width: 133.8px;\">             <div class=\"kksr-star\" style=\"padding-right: 5px\">               <div class=\"kksr-icon\" style=\"width: 24px; height: 24px;\"><\/div>         <\/div>             <div class=\"kksr-star\" style=\"padding-right: 5px\">               <div class=\"kksr-icon\" style=\"width: 24px; height: 24px;\"><\/div>         <\/div>             <div class=\"kksr-star\" style=\"padding-right: 5px\">               <div class=\"kksr-icon\" style=\"width: 24px; height: 24px;\"><\/div>         <\/div>             <div class=\"kksr-star\" style=\"padding-right: 5px\">               <div class=\"kksr-icon\" style=\"width: 24px; height: 24px;\"><\/div>         <\/div>             <div class=\"kksr-star\" style=\"padding-right: 5px\">               <div class=\"kksr-icon\" style=\"width: 24px; height: 24px;\"><\/div>         <\/div>     <\/div> <\/div>                   <div class=\"kksr-legend\" style=\"font-size: 19.2px;\">             4.7\/5 - (28 votes)    <\/div>     <\/div>  <p>Mashine ya kukata majani ni msaidizi mzuri wa kutengeneza silaji. Tumelazimika kutengeneza kikata makapi kwa miaka mingi. Na tunayo mifano kamili ya wakataji wa makapi ya silaji. Wao ni tofauti katika pato. <\/p>    <p class=\"translation-block\">Na hasa kutoka kwa mfumo wa 9Z-2.5A hadi 9Z-10A, ambao wana kazi ya ziada ya kulisha bua kiotomatiki. Na <a href=\"https:\/\/www.agriculture-machine.com\/small-chaff-cutter\/\" target=\"_blank\" rel=\"noopener\">vikataji nyasi vidogo<\/a> vinahitaji watu kulisha nyenzo kwa mikono.<\/p>    <h2 class=\"wp-block-heading\">Utangulizi mfupi wa mashine ya kukata majani<\/h2>    <p>Mashine ya kukata majani ina ukanda wa conveyor. Na ukanda huu unaweza kutuma vifaa kwenye chumba cha kusagwa moja kwa moja. Kitendaji hiki kinaweza kusaidia watu kuokoa nishati na wakati mwingi. Kwa hivyo ufanisi ni wa juu sana. <\/p>    <p>Pia, urefu wa pato la kukata makapi moja kwa moja ni kubwa zaidi kuliko mfano mdogo wa mkataji wa makapi. Kwa hivyo, ni rahisi kwa wateja kutuma silaji iliyokandamizwa kila mahali. Watumiaji wanaweza pia kurekebisha sehemu ya juu kwa matumizi rahisi.<\/p>    <figure class=\"wp-block-gallery has-nested-images columns-default is-cropped wp-block-gallery-2 is-layout-flex wp-block-gallery-is-layout-flex\"> <figure class=\"wp-block-image size-large\"><img loading=\"lazy\" decoding=\"async\" width=\"720\" height=\"540\" data-id=\"417\" src=\"https:\/\/balerwrapper.com\/wp-content\/uploads\/2022\/12\/straw-cutting-machine-1-1.webp\" alt=\"mashine ya kukata majani\" class=\"wp-image-417\" title=\"mashine ya kukata majani\"\/><figcaption class=\"wp-element-caption\">mashine ya kukata majani<\/figcaption><\/figure>    <figure class=\"wp-block-image size-large\"><img loading=\"lazy\" decoding=\"async\" width=\"720\" height=\"540\" data-id=\"418\" src=\"https:\/\/balerwrapper.com\/wp-content\/uploads\/2022\/12\/electric-hay-cutter-.webp\" alt=\"kikata makapi ya nyasi ya umeme\" class=\"wp-image-418\" title=\"kikata makapi ya nyasi ya umeme\"\/><figcaption class=\"wp-element-caption\">kikata makapi ya nyasi ya umeme<\/figcaption><\/figure> <\/figure>    <h2 class=\"wp-block-heading\">Je, ni mashine gani zinaweza kufanya kazi pamoja na kikata makapi ya nyasi ya umeme?<\/h2>    <p class=\"translation-block\">Wateja wanaweza kuoanisha mashine ya kukata nyasi na <a href=\"https:\/\/balerwrapper.com\/sw\/product\/silage-wrapping-machine\/\">mashine ya kufungia nyasi za malisho<\/a> au mashine ya kufungia nyasi za malisho ya hydraulic. Kwa sababu watumiaji wanaweza kugeuza bua kuwa marundo au mraba moja kwa moja. Kwa hivyo, ni rahisi kwa wakulima kutumia.<\/p>    <figure class=\"wp-block-gallery has-nested-images columns-default is-cropped wp-block-gallery-3 is-layout-flex wp-block-gallery-is-layout-flex\"> <figure class=\"wp-block-image size-large\"><img loading=\"lazy\" decoding=\"async\" width=\"720\" height=\"540\" data-id=\"419\" src=\"https:\/\/balerwrapper.com\/wp-content\/uploads\/2022\/12\/paddy-straw-cutting-machine-.webp\" alt=\"kanga ya silage baler\" class=\"wp-image-419\" title=\"kanga ya silage baler\"\/><figcaption class=\"wp-element-caption\">kanga ya silage baler<\/figcaption><\/figure> <\/figure>    <h2 class=\"wp-block-heading\">Data ya taarifa za kiufundi za mashine ya kukata nyasi za tembo<\/h2>    <figure class=\"wp-block-table\"><table><tbody><tr><td>Mfano<\/td><td>9Z-2.5A<\/td><\/tr><tr><td>Nguvu inayounga mkono<\/td><td>3 kW injini<\/td><\/tr><tr><td>Kasi ya gari<\/td><td>2800 rpm \/ min<\/td><\/tr><tr><td>Ukubwa<\/td><td>1050*1180*1600MM<\/td><\/tr><tr><td>Pato<\/td><td>2500KG\/H<\/td><\/tr><tr><td>Idadi ya visu<\/td><td>6 pcs<\/td><\/tr><tr><td>Mbinu ya kulisha<\/td><td>Kulisha moja kwa moja<\/td><\/tr><tr><td>Uzito<\/td><td>125KG<\/td><\/tr><tr><td>Athari ya pato<\/td><td>Urefu wa 7-35 mm<\/td><\/tr><\/tbody><\/table><figcaption class=\"wp-element-caption\">parametrar f\u00f6r gr\u00e4sklippare f\u00f6r elefanter<\/figcaption><\/figure>    <h2 class=\"wp-block-heading\">Faida za mashine ya kukata lishe<\/h2>    <ol class=\"wp-block-list\" type=\"1\"> <li>Uwezo wa juu. Mashine za kukata nyasi za mfululizo wa 9Z zina matokeo ya juu zaidi. Na uwezo wa chini kabisa ni tani 2.5.<\/li>    <li>Mer praktiskt att anv\u00e4nda. Denna modells maskin har ett automatiskt transportband f\u00f6r stj\u00e4lkar. Anv\u00e4ndarna beh\u00f6ver bara l\u00e4gga stj\u00e4lkarna p\u00e5 bandet. &nbsp;<\/li>    <li>Nguvu mbalimbali. Mashine ya kukata kukata kiotomatiki inaweza kufanya kazi na dizeli, petroli, au injini ya gari.<\/li>    <li>Kwa upana kwa kutumia programu. Kikata makapi kinaweza kusindika sehemu kubwa ya bua, majani, nyasi, n.k. Na kinaweza kutumiwa na wakulima mbalimbali na viwanda vya kusaga chakula.<\/li> <\/ol>    <figure class=\"wp-block-image size-full\"><img loading=\"lazy\" decoding=\"async\" width=\"720\" height=\"540\" src=\"https:\/\/balerwrapper.com\/wp-content\/uploads\/2022\/12\/fodder-cutting-machine-.webp\" alt=\"\" class=\"wp-image-427\"\/><figcaption class=\"wp-element-caption\">mashine ya kukata lishe<\/figcaption><\/figure>    <h2 class=\"wp-block-heading\">Video ya kazi ya mashine ya kukata nyasi<\/h2>    <figure class=\"wp-block-embed is-type-video is-provider-youtube wp-block-embed-youtube wp-embed-aspect-16-9 wp-has-aspect-ratio\"><div class=\"wp-block-embed__wrapper\"> <iframe loading=\"lazy\" title=\"Mashine ya kukata makapi nchini Ufilipino\/mashine ya kukata nyasi\/mashine ya kukata majani\/kikata mashina ya mahindi\" width=\"500\" height=\"281\" src=\"https:\/\/www.youtube.com\/embed\/YGkQjesfISA?feature=oembed\" frameborder=\"0\" allow=\"accelerometer; autoplay; clipboard-write; encrypted-media; gyroscope; picture-in-picture; web-share\" referrerpolicy=\"strict-origin-when-cross-origin\" allowfullscreen><\/iframe> <\/div><\/figure>    <h2 class=\"wp-block-heading\">Kwa nini kuchagua mashine yetu ya kukata chakula cha ng'ombe?<\/h2>    <ol class=\"wp-block-list\" type=\"1\"> <li>Tunatengeneza mashine zote kwa kutumia sahani nzito ya ziada ya chuma. Kwa hiyo mashine za kukata malisho ni za kudumu. Kwa hivyo maisha ya huduma ni marefu.<\/li>    <li>Motor ni shaba. Kwa hivyo, motor inaweza kutoa nguvu kali na mashine inaweza kukimbia kwa utulivu.<\/li>    <li>Rahisi kusonga. Kikataji cha makapi kiotomatiki kina magurudumu, ambayo yanaweza kusonga kila mahali.<\/li>    <li>Kelele ya chini na kuokoa nishati. Kuna kelele kidogo sana wakati mashine ya kukata majani ya mpunga inafanya kazi. Na, hutumia nishati kidogo kuliko mashine zingine.<\/li> <\/ol>    <figure class=\"wp-block-image size-full\"><img loading=\"lazy\" decoding=\"async\" width=\"720\" height=\"540\" src=\"https:\/\/balerwrapper.com\/wp-content\/uploads\/2022\/12\/cow-feed-cutting-machine-.webp\" alt=\"mashine ya kukata chakula cha ng&#039;ombe\" class=\"wp-image-429\" title=\"mashine ya kukata chakula cha ng&#039;ombe\"\/><figcaption class=\"wp-element-caption\">mashine ya kukata chakula cha ng'ombe<\/figcaption><\/figure>","protected":false},"excerpt":{"rendered":"<p>Mashine ya kukata majani ni msaidizi mzuri wa kutengeneza silaji. Tumelazimika kutengeneza kikata makapi kwa miaka mingi.<\/p>","protected":false},"author":1,"featured_media":416,"parent":0,"template":"","tags":[],"product-type":[6],"class_list":["post-408","product","type-product","status-publish","has-post-thumbnail","hentry","product-type-chaff-cutter"],"_links":{"self":[{"href":"https:\/\/balerwrapper.com\/sw\/wp-json\/wp\/v2\/product\/408","targetHints":{"allow":["GET"]}}],"collection":[{"href":"https:\/\/balerwrapper.com\/sw\/wp-json\/wp\/v2\/product"}],"about":[{"href":"https:\/\/balerwrapper.com\/sw\/wp-json\/wp\/v2\/types\/product"}],"author":[{"embeddable":true,"href":"https:\/\/balerwrapper.com\/sw\/wp-json\/wp\/v2\/users\/1"}],"wp:featuredmedia":[{"embeddable":true,"href":"https:\/\/balerwrapper.com\/sw\/wp-json\/wp\/v2\/media\/416"}],"wp:attachment":[{"href":"https:\/\/balerwrapper.com\/sw\/wp-json\/wp\/v2\/media?parent=408"}],"wp:term":[{"taxonomy":"post_tag","embeddable":true,"href":"https:\/\/balerwrapper.com\/sw\/wp-json\/wp\/v2\/tags?post=408"},{"taxonomy":"product-type","embeddable":true,"href":"https:\/\/balerwrapper.com\/sw\/wp-json\/wp\/v2\/product-type?post=408"}],"curies":[{"name":"wp","href":"https:\/\/api.w.org\/{rel}","templated":true}]}}