{"id":743,"date":"2024-06-18T18:36:34","date_gmt":"2024-06-18T10:36:34","guid":{"rendered":"https:\/\/balerwrapper.com\/?post_type=product&#038;p=743"},"modified":"2026-03-31T10:18:25","modified_gmt":"2026-03-31T02:18:25","slug":"silage-baling-and-wrapping-machine","status":"publish","type":"product","link":"https:\/\/balerwrapper.com\/pt\/product\/silage-baling-and-wrapping-machine\/","title":{"rendered":"Nova m\u00e1quina autom\u00e1tica de enfardamento e embalagem de silagem tipo correia"},"content":{"rendered":"<div class=\"kk-star-ratings kksr-auto kksr-align-left kksr-valign-top\"     data-payload='{&quot;align&quot;:&quot;left&quot;,&quot;id&quot;:&quot;743&quot;,&quot;slug&quot;:&quot;default&quot;,&quot;valign&quot;:&quot;top&quot;,&quot;ignore&quot;:&quot;&quot;,&quot;reference&quot;:&quot;auto&quot;,&quot;class&quot;:&quot;&quot;,&quot;count&quot;:&quot;96&quot;,&quot;legendonly&quot;:&quot;&quot;,&quot;readonly&quot;:&quot;&quot;,&quot;score&quot;:&quot;4.9&quot;,&quot;starsonly&quot;:&quot;&quot;,&quot;best&quot;:&quot;5&quot;,&quot;gap&quot;:&quot;5&quot;,&quot;greet&quot;:&quot;Rate this product&quot;,&quot;legend&quot;:&quot;4.9\\\/5 - (96 votes)&quot;,&quot;size&quot;:&quot;24&quot;,&quot;title&quot;:&quot;New Belt-type Automatic Silage Baling And Wrapping Machine&quot;,&quot;width&quot;:&quot;139.6&quot;,&quot;_legend&quot;:&quot;{score}\\\/{best} - ({count} {votes})&quot;,&quot;font_factor&quot;:&quot;1.25&quot;}'>              <div class=\"kksr-stars\">      <div class=\"kksr-stars-inactive\">             <div class=\"kksr-star\" data-star=\"1\" style=\"padding-right: 5px\">               <div class=\"kksr-icon\" style=\"width: 24px; height: 24px;\"><\/div>         <\/div>             <div class=\"kksr-star\" data-star=\"2\" style=\"padding-right: 5px\">               <div class=\"kksr-icon\" style=\"width: 24px; height: 24px;\"><\/div>         <\/div>             <div class=\"kksr-star\" data-star=\"3\" style=\"padding-right: 5px\">               <div class=\"kksr-icon\" style=\"width: 24px; height: 24px;\"><\/div>         <\/div>             <div class=\"kksr-star\" data-star=\"4\" style=\"padding-right: 5px\">               <div class=\"kksr-icon\" style=\"width: 24px; height: 24px;\"><\/div>         <\/div>             <div class=\"kksr-star\" data-star=\"5\" style=\"padding-right: 5px\">               <div class=\"kksr-icon\" style=\"width: 24px; height: 24px;\"><\/div>         <\/div>     <\/div>      <div class=\"kksr-stars-active\" style=\"width: 139.6px;\">             <div class=\"kksr-star\" style=\"padding-right: 5px\">               <div class=\"kksr-icon\" style=\"width: 24px; height: 24px;\"><\/div>         <\/div>             <div class=\"kksr-star\" style=\"padding-right: 5px\">               <div class=\"kksr-icon\" style=\"width: 24px; height: 24px;\"><\/div>         <\/div>             <div class=\"kksr-star\" style=\"padding-right: 5px\">               <div class=\"kksr-icon\" style=\"width: 24px; height: 24px;\"><\/div>         <\/div>             <div class=\"kksr-star\" style=\"padding-right: 5px\">               <div class=\"kksr-icon\" style=\"width: 24px; height: 24px;\"><\/div>         <\/div>             <div class=\"kksr-star\" style=\"padding-right: 5px\">               <div class=\"kksr-icon\" style=\"width: 24px; height: 24px;\"><\/div>         <\/div>     <\/div> <\/div>                   <div class=\"kksr-legend\" style=\"font-size: 19.2px;\">             [4.9\/5 - (96 votos)]    <\/div>     <\/div>  <p>Temos focado na produ\u00e7\u00e3o e exporta\u00e7\u00e3o de m\u00e1quinas de fardos de silagem e envolvimento h\u00e1 muitos anos e acumulamos uma rica experi\u00eancia na ind\u00fastria. Agora, temos o orgulho de lan\u00e7ar a nova gera\u00e7\u00e3o de m\u00e1quinas de fardos de silagem com correia tipo 60 (9YDB-60).<\/p>    <p>O equipamento adota um design de c\u00e2mara de prensagem com uma estrutura de correia em espinha de peixe e possui muitas fun\u00e7\u00f5es inteligentes, como prensagem totalmente autom\u00e1tica, puxar filme, abertura e fechamento de tampa e sa\u00edda reversa do saco. <\/p>    <p>Pode embalar 50-75 fardos por hora, cada fardo pesa entre 90-140 kg, e o tamanho do fardo \u00e9 \u03a6600\u00d7520mm. A densidade do fardo \u00fanico excede 800kg\/m\u00b3, e a capacidade de processamento di\u00e1ria pode atingir 48 toneladas. \u00c9 o equipamento ideal para embalar e envolver em rancheiras e ind\u00fastrias de cria\u00e7\u00e3o.<\/p>    <figure class=\"wp-block-embed aligncenter is-type-video is-provider-youtube wp-block-embed-youtube wp-embed-aspect-16-9 wp-has-aspect-ratio\"><div class=\"wp-block-embed__wrapper\"> <iframe loading=\"lazy\" title=\"A mais nova m\u00e1quina revolucion\u00e1ria de enfardamento e embalagem de forragem para ra\u00e7\u00e3o de silagem totalmente automatizada!\" width=\"500\" height=\"281\" src=\"https:\/\/www.youtube.com\/embed\/R0KwAUTpV_s?feature=oembed\" frameborder=\"0\" allow=\"accelerometer; autoplay; clipboard-write; encrypted-media; gyroscope; picture-in-picture; web-share\" referrerpolicy=\"strict-origin-when-cross-origin\" allowfullscreen><\/iframe> <\/div><figcaption class=\"wp-element-caption\">v\u00eddeo de trabalho da m\u00e1quina de enfardamento e embalagem de silagem 9YDB-60<\/figcaption><\/figure>    <h2 class=\"wp-block-heading\">Grupos aplic\u00e1veis \u200b\u200bda m\u00e1quina<\/h2>    <ul class=\"wp-block-list\"> <li>Fazendas e quintas: como quintas de leite, quintas de gado bovino, quintas de ovelhas, etc. \u00c9 adequado para enfardar e preservar grandes quantidades de silagem.<\/li>    <li>Cooperativas agr\u00edcolas e explora\u00e7\u00f5es familiares: adequadas para pequenas e m\u00e9dias unidades cooperativas que combinam cultivo e cria\u00e7\u00e3o, melhorando a efici\u00eancia da colheita e armazenamento e reduzindo o custo da m\u00e3o de obra.<\/li>    <li>Grandes empresas agr\u00edcolas: realizam uma opera\u00e7\u00e3o de enfardamento autom\u00e1tico eficiente durante a \u00e9poca concentrada de colheita de silagem, o que \u00e9 conveniente para o transporte e armazenamento a longo prazo.<\/li>    <li>Fornecedor de servi\u00e7os de aluguer de m\u00e1quinas agr\u00edcolas: adequado para fornecer servi\u00e7o de enfardamento como equipamento de opera\u00e7\u00e3o eficiente para atender a v\u00e1rias necessidades dos clientes.<\/li> <\/ul>   <div class=\"wp-block-image\"> <figure class=\"aligncenter size-full\"><img loading=\"lazy\" decoding=\"async\" width=\"720\" height=\"540\" src=\"https:\/\/balerwrapper.com\/wp-content\/uploads\/2024\/06\/application-of-silage-baling-machine.webp\" alt=\"aplica\u00e7\u00e3o de enfardadeira de silagem\" class=\"wp-image-746\" srcset=\"https:\/\/balerwrapper.com\/wp-content\/uploads\/2024\/06\/application-of-silage-baling-machine.webp 720w, https:\/\/balerwrapper.com\/wp-content\/uploads\/2024\/06\/application-of-silage-baling-machine-300x225.webp 300w, https:\/\/balerwrapper.com\/wp-content\/uploads\/2024\/06\/application-of-silage-baling-machine-16x12.webp 16w\" sizes=\"auto, (max-width: 720px) 100vw, 720px\" \/><figcaption class=\"wp-element-caption\">aplica\u00e7\u00e3o de m\u00e1quina de enfardamento e envolvimento de silagem<\/figcaption><\/figure> <\/div>   <h2 class=\"wp-block-heading\">Usos de enfardadeiras de forragem<\/h2>    <ul class=\"wp-block-list\"> <li>Preserva\u00e7\u00e3o de ra\u00e7\u00e3o: utilizada principalmente para embalar e filmar v\u00e1rios tipos de forragem, como gram\u00edneas, palhas, silagem, etc., para armazenamento a longo prazo. A ra\u00e7\u00e3o filmada \u00e9 isolada do ar para prevenir fermenta\u00e7\u00e3o e bolor, mantendo assim o conte\u00fado nutricional da ra\u00e7\u00e3o.<\/li>    <li>Tratamento de res\u00edduos agr\u00edcolas: pode processar res\u00edduos agr\u00edcolas como palhas de culturas, cascas, talos de milho, etc., e embal\u00e1-los e armazen\u00e1-los para posterior uso como ra\u00e7\u00e3o ou outros fins, a fim de reduzir a polui\u00e7\u00e3o ambiental.<\/li>    <li>Produ\u00e7\u00e3o de silagem: atrav\u00e9s de revestimento com filme e fermenta\u00e7\u00e3o, forragem fresca ou res\u00edduos de culturas s\u00e3o transformados em silagem altamente nutritiva, adequada para alimentar gado como vacas e ovelhas, melhorando a sua estrutura nutricional.<\/li> <\/ul>    <figure class=\"wp-block-gallery has-nested-images columns-default is-cropped wp-block-gallery-2 is-layout-flex wp-block-gallery-is-layout-flex\"> <figure class=\"wp-block-image size-large\"><img loading=\"lazy\" decoding=\"async\" width=\"720\" height=\"540\" data-id=\"751\" src=\"https:\/\/balerwrapper.com\/wp-content\/uploads\/2024\/06\/forage-baling-machine.webp\" alt=\"m\u00e1quina de enfardamento de forragem\" class=\"wp-image-751\" srcset=\"https:\/\/balerwrapper.com\/wp-content\/uploads\/2024\/06\/forage-baling-machine.webp 720w, https:\/\/balerwrapper.com\/wp-content\/uploads\/2024\/06\/forage-baling-machine-300x225.webp 300w, https:\/\/balerwrapper.com\/wp-content\/uploads\/2024\/06\/forage-baling-machine-16x12.webp 16w\" sizes=\"auto, (max-width: 720px) 100vw, 720px\" \/><figcaption class=\"wp-element-caption\">m\u00e1quina de enfardamento de forragem<\/figcaption><\/figure>    <figure class=\"wp-block-image size-large\"><img loading=\"lazy\" decoding=\"async\" width=\"720\" height=\"540\" data-id=\"752\" src=\"https:\/\/balerwrapper.com\/wp-content\/uploads\/2024\/06\/silage-baling-and-wrapping-machine.webp\" alt=\"m\u00e1quina de enfardamento e embalagem de silagem\" class=\"wp-image-752\" srcset=\"https:\/\/balerwrapper.com\/wp-content\/uploads\/2024\/06\/silage-baling-and-wrapping-machine.webp 720w, https:\/\/balerwrapper.com\/wp-content\/uploads\/2024\/06\/silage-baling-and-wrapping-machine-300x225.webp 300w, https:\/\/balerwrapper.com\/wp-content\/uploads\/2024\/06\/silage-baling-and-wrapping-machine-16x12.webp 16w\" sizes=\"auto, (max-width: 720px) 100vw, 720px\" \/><figcaption class=\"wp-element-caption\">m\u00e1quina de enfardamento e embalagem de silagem<\/figcaption><\/figure> <\/figure>    <h2 class=\"wp-block-heading\">Estrutura da m\u00e1quina de enfardamento e embalagem de silagem 9YDB-60<\/h2>    <p>Esta m\u00e1quina consiste principalmente em duas partes, incluindo a caixa de enfardamento e a parte de embalagem de filme.<\/p>    <p>A nova m\u00e1quina enfardadeira e empacotadora de silagem 9YDB-60 difere dos modelos anteriores TZ-55-52 e 70 porque os dois primeiros modelos podiam usar cabos de palha e cabos de rede para enfardar alimentos, enquanto o novo 9YDB-60 s\u00f3 pode usar filme pl\u00e1stico transparente para enfardamento.<\/p>   <div class=\"wp-block-image\"> <figure class=\"aligncenter size-full\"><img loading=\"lazy\" decoding=\"async\" width=\"720\" height=\"540\" src=\"https:\/\/balerwrapper.com\/wp-content\/uploads\/2024\/06\/belt-type-silage-baler-machine-structure.webp\" alt=\"estrutura da m\u00e1quina enfardadeira de silagem tipo correia\" class=\"wp-image-745\" srcset=\"https:\/\/balerwrapper.com\/wp-content\/uploads\/2024\/06\/belt-type-silage-baler-machine-structure.webp 720w, https:\/\/balerwrapper.com\/wp-content\/uploads\/2024\/06\/belt-type-silage-baler-machine-structure-300x225.webp 300w, https:\/\/balerwrapper.com\/wp-content\/uploads\/2024\/06\/belt-type-silage-baler-machine-structure-16x12.webp 16w\" sizes=\"auto, (max-width: 720px) 100vw, 720px\" \/><figcaption class=\"wp-element-caption\">estrutura da m\u00e1quina enfardadeira de silagem tipo correia<\/figcaption><\/figure> <\/div>   <h2 class=\"wp-block-heading\">Exibi\u00e7\u00e3o de detalhes da enfardadeira de feno<\/h2>    <p>Ap\u00f3s entender a estrutura geral da m\u00e1quina de fardos de silagem e envolvimento, vamos nos aprofundar nos detalhes de alguns componentes-chave. Esses componentes desempenham um papel vital na opera\u00e7\u00e3o eficiente e no desempenho confi\u00e1vel da m\u00e1quina. <\/p>    <p>O seguinte utilizar\u00e1 alguns diagramas de exibi\u00e7\u00e3o detalhados para ajud\u00e1-lo a entender de forma mais intuitiva os detalhes estruturais e os princ\u00edpios de funcionamento desta m\u00e1quina.<\/p>    <figure class=\"wp-block-gallery has-nested-images columns-2 is-cropped wp-block-gallery-3 is-layout-flex wp-block-gallery-is-layout-flex\"> <figure class=\"wp-block-image size-large\"><img loading=\"lazy\" decoding=\"async\" width=\"720\" height=\"540\" data-id=\"754\" src=\"https:\/\/balerwrapper.com\/wp-content\/uploads\/2024\/06\/Conveyor-belt-and-plastic-film.webp\" alt=\"Correia transportadora e filme pl\u00e1stico\" class=\"wp-image-754\" srcset=\"https:\/\/balerwrapper.com\/wp-content\/uploads\/2024\/06\/Conveyor-belt-and-plastic-film.webp 720w, https:\/\/balerwrapper.com\/wp-content\/uploads\/2024\/06\/Conveyor-belt-and-plastic-film-300x225.webp 300w, https:\/\/balerwrapper.com\/wp-content\/uploads\/2024\/06\/Conveyor-belt-and-plastic-film-16x12.webp 16w\" sizes=\"auto, (max-width: 720px) 100vw, 720px\" \/><figcaption class=\"wp-element-caption\">Correia transportadora e filme pl\u00e1stico<\/figcaption><\/figure>    <figure class=\"wp-block-image size-large\"><img loading=\"lazy\" decoding=\"async\" width=\"720\" height=\"540\" data-id=\"756\" src=\"https:\/\/balerwrapper.com\/wp-content\/uploads\/2024\/06\/PLC-control-cabinet-and-bin.webp\" alt=\"Gabinete de controle PLC e compartimento\" class=\"wp-image-756\" srcset=\"https:\/\/balerwrapper.com\/wp-content\/uploads\/2024\/06\/PLC-control-cabinet-and-bin.webp 720w, https:\/\/balerwrapper.com\/wp-content\/uploads\/2024\/06\/PLC-control-cabinet-and-bin-300x225.webp 300w, https:\/\/balerwrapper.com\/wp-content\/uploads\/2024\/06\/PLC-control-cabinet-and-bin-16x12.webp 16w\" sizes=\"auto, (max-width: 720px) 100vw, 720px\" \/><figcaption class=\"wp-element-caption\">Gabinete de controle PLC e compartimento<\/figcaption><\/figure>    <figure class=\"wp-block-image size-large\"><img loading=\"lazy\" decoding=\"async\" width=\"720\" height=\"540\" data-id=\"753\" src=\"https:\/\/balerwrapper.com\/wp-content\/uploads\/2024\/06\/baling-belt-and-wrap-machine.webp\" alt=\"correia de enfardamento e m\u00e1quina de embalagem\" class=\"wp-image-753\" srcset=\"https:\/\/balerwrapper.com\/wp-content\/uploads\/2024\/06\/baling-belt-and-wrap-machine.webp 720w, https:\/\/balerwrapper.com\/wp-content\/uploads\/2024\/06\/baling-belt-and-wrap-machine-300x225.webp 300w, https:\/\/balerwrapper.com\/wp-content\/uploads\/2024\/06\/baling-belt-and-wrap-machine-16x12.webp 16w\" sizes=\"auto, (max-width: 720px) 100vw, 720px\" \/><figcaption class=\"wp-element-caption\">correia de enfardamento e m\u00e1quina de embalagem<\/figcaption><\/figure>    <figure class=\"wp-block-image size-large\"><img loading=\"lazy\" decoding=\"async\" width=\"720\" height=\"540\" data-id=\"755\" src=\"https:\/\/balerwrapper.com\/wp-content\/uploads\/2024\/06\/film-cutter-and-intelligent-alarming.webp\" alt=\"cortador de filme e alarme inteligente\" class=\"wp-image-755\" srcset=\"https:\/\/balerwrapper.com\/wp-content\/uploads\/2024\/06\/film-cutter-and-intelligent-alarming.webp 720w, https:\/\/balerwrapper.com\/wp-content\/uploads\/2024\/06\/film-cutter-and-intelligent-alarming-300x225.webp 300w, https:\/\/balerwrapper.com\/wp-content\/uploads\/2024\/06\/film-cutter-and-intelligent-alarming-16x12.webp 16w\" sizes=\"auto, (max-width: 720px) 100vw, 720px\" \/><figcaption class=\"wp-element-caption\">cortador de filme e alarme inteligente<\/figcaption><\/figure> <\/figure>    <h2 class=\"wp-block-heading\">Princ\u00edpio de funcionamento da enfardadeira de silagem<\/h2>   <div id=\"rank-math-howto\" class=\"rank-math-block\" > <div class=\"rank-math-howto-description\"> <img loading=\"lazy\" decoding=\"async\" width=\"720\" height=\"540\" src=\"https:\/\/balerwrapper.com\/wp-content\/uploads\/2024\/06\/silage-feed-compact-baler.webp\" class=\"attachment-full size-full\" alt=\"enfardadeira compacta para alimenta\u00e7\u00e3o de silagem\" srcset=\"https:\/\/balerwrapper.com\/wp-content\/uploads\/2024\/06\/silage-feed-compact-baler.webp 720w, https:\/\/balerwrapper.com\/wp-content\/uploads\/2024\/06\/silage-feed-compact-baler-300x225.webp 300w, https:\/\/balerwrapper.com\/wp-content\/uploads\/2024\/06\/silage-feed-compact-baler-16x12.webp 16w\" sizes=\"auto, (max-width: 720px) 100vw, 720px\" \/> <p class=\"translation-block\"><p>A mat\u00e9ria-prima da m\u00e1quina de ensilagem e embrulho \u00e9 geralmente processada por um picador de palha. Dependendo dos seus requisitos quanto \u00e0 finura da silagem final, fornecemos diferentes tipos de m\u00e1quinas de ceifar feno. Pode saber mais clicando <strong><em><a href=\"https:\/\/balerwrapper.com\/pt\/products\/chaff-cutter\/\">https:\/\/balerwrapper.com\/products\/chaff-cutter\/<\/a><\/em><\/strong>. O feno processado \u00e9 enfardado e embrulhado atrav\u00e9s do seguinte processo.<\/p>  <\/div>  <div class=\"rank-math-steps\"> <div id=\"howto-step-1718700563266\" class=\"rank-math-step\"> <h3 class=\"rank-math-step-title\">Enfardamento de ra\u00e7\u00e3o para silagem<\/h3> <div class=\"rank-math-step-content\"><p>A forragem \u00e9 alimentada de forma r\u00e1pida e uniforme na caixa de enfardamento atrav\u00e9s da correia transportadora de alimenta\u00e7\u00e3o. Os dispositivos de compress\u00e3o, como a correia em espinha no silo, comprimem a forragem em fardos cil\u00edndricos compactos de cerca de 120 kg, que s\u00e3o ent\u00e3o amarrados com filme pl\u00e1stico.<\/p> <\/div> <\/div> <div id=\"howto-step-1718700622406\" class=\"rank-math-step\"> <h3 class=\"rank-math-step-title\">Parte de embrulho<\/h3> <div class=\"rank-math-step-content\"><p>Os fardos amarrados s\u00e3o embrulhados por um dispositivo de envolvimento de filme, que puxa automaticamente o filme pl\u00e1stico e o envolve uniformemente em torno da superf\u00edcie do fardo para garantir que o fardo esteja completamente embrulhado no filme para isolar o ar e evitar fermenta\u00e7\u00e3o e mofo.<\/p> <\/div> <\/div> <\/div> <\/div>       <figure class=\"wp-block-gallery has-nested-images columns-default is-cropped wp-block-gallery-4 is-layout-flex wp-block-gallery-is-layout-flex\"> <figure class=\"wp-block-image size-large\"><img loading=\"lazy\" decoding=\"async\" width=\"720\" height=\"540\" data-id=\"749\" src=\"https:\/\/balerwrapper.com\/wp-content\/uploads\/2024\/06\/livestock-feed-baling-machine.webp\" alt=\"m\u00e1quina de enfardamento de ra\u00e7\u00e3o para gado\" class=\"wp-image-749\" srcset=\"https:\/\/balerwrapper.com\/wp-content\/uploads\/2024\/06\/livestock-feed-baling-machine.webp 720w, https:\/\/balerwrapper.com\/wp-content\/uploads\/2024\/06\/livestock-feed-baling-machine-300x225.webp 300w, https:\/\/balerwrapper.com\/wp-content\/uploads\/2024\/06\/livestock-feed-baling-machine-16x12.webp 16w\" sizes=\"auto, (max-width: 720px) 100vw, 720px\" \/><figcaption class=\"wp-element-caption\">m\u00e1quina de enfardamento de ra\u00e7\u00e3o para gado<\/figcaption><\/figure>    <figure class=\"wp-block-image size-large\"><img loading=\"lazy\" decoding=\"async\" width=\"720\" height=\"540\" data-id=\"750\" src=\"https:\/\/balerwrapper.com\/wp-content\/uploads\/2024\/06\/silage-round-baler-for-sale.webp\" alt=\"enfardadeira redonda de silagem para venda\" class=\"wp-image-750\" srcset=\"https:\/\/balerwrapper.com\/wp-content\/uploads\/2024\/06\/silage-round-baler-for-sale.webp 720w, https:\/\/balerwrapper.com\/wp-content\/uploads\/2024\/06\/silage-round-baler-for-sale-300x225.webp 300w, https:\/\/balerwrapper.com\/wp-content\/uploads\/2024\/06\/silage-round-baler-for-sale-16x12.webp 16w\" sizes=\"auto, (max-width: 720px) 100vw, 720px\" \/><figcaption class=\"wp-element-caption\">enfardadeira redonda de silagem para venda<\/figcaption><\/figure> <\/figure>    <h2 class=\"wp-block-heading\">Par\u00e2metros t\u00e9cnicos da enfardadeira de forragem autom\u00e1tica<\/h2>    <figure class=\"wp-block-table is-style-stripes\"><table><tbody><tr><td>Modelo<\/td><td>Cinto Supremo Modelo 9YDB-60<\/td><td>Tamanho do fardo (mm)<\/td><td>\u03a6600*520<\/td><\/tr><tr><td>Peso do fardo (kg)<\/td><td>90-140<\/td><td>Pot\u00eancia de suporte (kW)<\/td><td>7,5 kW-6<\/td><\/tr><tr><td>Velocidade nominal (r\/min)<\/td><td>350<\/td><td>Motor compressor de ar<\/td><td>1,5 kW<\/td><\/tr><tr><td>Modo de amarra\u00e7\u00e3o de fardo<\/td><td>Autom\u00e1tico<\/td><td>Volume da bomba de ar (litro)<\/td><td>30<\/td><\/tr><tr><td>N\u00famero de rolos de alum\u00ednio (pcs)<\/td><td>8 rolos para caixa m\u00f3vel<br>Caixa fixa 9 rolos<\/td><td>Motor da m\u00e1quina de embalagem de filme<\/td><td>0,75 kW<\/td><\/tr><tr><td>Camadas de envolvimento de filme<\/td><td>Ajuste do contador<\/td><td>Espessura da parede interna (mm)<\/td><td>6<\/td><\/tr><tr><td>Pacote de material<\/td><td>Filme pl\u00e1stico forrageiro<\/td><td>M\u00e9todo de puxar filme<\/td><td>Autom\u00e1tico<\/td><\/tr><tr><td>Fita de filme pl\u00e1stico<\/td><td>Ajuste do contador<\/td><td>Redutor de velocidade da m\u00e1quina embaladora de filme<\/td><td>Engrenagem sem-fim<\/td><\/tr><tr><td>Ajuste de densidade<\/td><td>Ajuste atual do pequeno Superman<\/td><td>Opera\u00e7\u00e3o da caixa de distribui\u00e7\u00e3o de energia<\/td><td>Opera\u00e7\u00e3o manual\/autom\u00e1tica<\/td><\/tr><tr><td>Rolamento de rolos de alum\u00ednio<\/td><td>FC205(4 parafusos de fixa\u00e7\u00e3o)<\/td><td>Rolo de prensa<\/td><td>8 flauta<\/td><\/tr><tr><td>Correia transportadora de alimenta\u00e7\u00e3o (mm)<\/td><td>L 2500\u00d7517<\/td><td>Espessura do eixo do rolo (mm)<\/td><td>30<\/td><\/tr><tr><td>Correia de bin fixo (mm) (correia em espinha de peixe)<\/td><td>2300&#215;517<\/td><td>Pistola de ar comprimido<\/td><td>sim<\/td><\/tr><tr><td>Correia de bin m\u00f3vel (mm) (correia em espinha de peixe)<\/td><td>2470&#215;517<\/td><td>M\u00e9todo de montagem de rolamento<\/td><td>A m\u00e1quina \u00e9 totalmente externa.<\/td><\/tr><tr><td>Espessura da correia (mm)<\/td><td>5<\/td><td><strong>&nbsp;<\/strong><\/td><td><strong>&nbsp;<\/strong><\/td><\/tr><tr><td>Material de rolo de alum\u00ednio<\/td><td>Fundi\u00e7\u00e3o em liga de alum\u00ednio<\/td><td>Tamanho da m\u00e1quina (mm)<\/td><td>3500*1450*1550<\/td><\/tr><tr><td>Modelo de corrente<\/td><td>Cadeia industrial 12A<\/td><td>Quadro de pentear filme<\/td><td>Novo estilo de mola dupla<\/td><\/tr><tr><td>Capacidade<\/td><td>50-75 pacotes\/h<\/td><td>M\u00e1quina inteira<\/td><td>Pulveriza\u00e7\u00e3o de pl\u00e1stico<\/td><\/tr><tr><td>Abrindo e fechando a lixeira<\/td><td>Autom\u00e1tico<\/td><td>Virando e devolvendo o pacote<\/td><td>Autom\u00e1tico<\/td><\/tr><tr><td>Filme interno correspondente (especifica\u00e7\u00e3o)<\/td><td>2.000 m de comprimento 525 mm de largura 15 kg<\/td><td>Filme forrageiro correspondente<br>(C*L*A)<\/td><td>1800m*250mm*25mm<\/td><\/tr><\/tbody><\/table><figcaption class=\"wp-element-caption\">Informa\u00e7\u00f5es t\u00e9cnicas detalhadas sobre a enfardadeira e embaladora de silagem 9YDB-60<\/figcaption><\/figure>    <h2 class=\"wp-block-heading\">Dispositivo de suporte para enfardadeira de silagem<\/h2>    <p class=\"translation-block\">Ao usar esta <a href=\"https:\/\/en.wikipedia.org\/wiki\/Silage\" target=\"_blank\" rel=\"noopener\">silagem<\/a> de enrolamento e embrulho, recomendamos o uso de um alimentador autom\u00e1tico para garantir que a alimenta\u00e7\u00e3o possa ser cont\u00ednua e uniforme. Al\u00e9m disso, fornecemos um carrinho sem custos para facilitar o transporte das fardos acabados.<\/p>    <figure class=\"wp-block-gallery has-nested-images columns-default is-cropped wp-block-gallery-5 is-layout-flex wp-block-gallery-is-layout-flex\"> <figure class=\"wp-block-image size-large\"><img loading=\"lazy\" decoding=\"async\" width=\"720\" height=\"540\" data-id=\"748\" src=\"https:\/\/balerwrapper.com\/wp-content\/uploads\/2024\/06\/silage-feeder-with-baler-machine.webp\" alt=\"alimentador de silagem e enfardadeira\" class=\"wp-image-748\" srcset=\"https:\/\/balerwrapper.com\/wp-content\/uploads\/2024\/06\/silage-feeder-with-baler-machine.webp 720w, https:\/\/balerwrapper.com\/wp-content\/uploads\/2024\/06\/silage-feeder-with-baler-machine-300x225.webp 300w, https:\/\/balerwrapper.com\/wp-content\/uploads\/2024\/06\/silage-feeder-with-baler-machine-16x12.webp 16w\" sizes=\"auto, (max-width: 720px) 100vw, 720px\" \/><figcaption class=\"wp-element-caption\">alimentador de silagem e enfardadeira<\/figcaption><\/figure>    <figure class=\"wp-block-image size-large\"><img loading=\"lazy\" decoding=\"async\" width=\"720\" height=\"540\" data-id=\"747\" src=\"https:\/\/balerwrapper.com\/wp-content\/uploads\/2024\/06\/hay-baler-machine.webp\" alt=\"enfardadeira de feno com alimentador\" class=\"wp-image-747\" srcset=\"https:\/\/balerwrapper.com\/wp-content\/uploads\/2024\/06\/hay-baler-machine.webp 720w, https:\/\/balerwrapper.com\/wp-content\/uploads\/2024\/06\/hay-baler-machine-300x225.webp 300w, https:\/\/balerwrapper.com\/wp-content\/uploads\/2024\/06\/hay-baler-machine-16x12.webp 16w\" sizes=\"auto, (max-width: 720px) 100vw, 720px\" \/><figcaption class=\"wp-element-caption\">enfardadeira de feno com alimentador<\/figcaption><\/figure> <\/figure>    <p class=\"translation-block\">Se pretender conhecer outros tipos de m\u00e1quinas de ensilagem e embrulho, por favor clique em <a href=\"https:\/\/balerwrapper.com\/pt\/product\/corn-silage-baler-machine\/\"><strong><em>M\u00e1quina autom\u00e1tica de ensilagem de milho para preserva\u00e7\u00e3o de ra\u00e7\u00e3o<\/em><\/strong><\/a> e em <a href=\"https:\/\/balerwrapper.com\/pt\/product\/silage-wrapping-machine\/\"><strong><em>M\u00e1quina de embrulho de silagem para venda<\/em><\/strong><\/a>.<\/p>    <p>Se voc\u00ea tiver alguma d\u00favida ou necessidade sobre nossos produtos, n\u00e3o hesite em nos contatar. Tamb\u00e9m convidamos voc\u00ea sinceramente a visitar nossa f\u00e1brica para conhecer pessoalmente nosso processo de produ\u00e7\u00e3o e opera\u00e7\u00e3o de equipamentos. Ansioso para cooperar com voc\u00ea!<\/p>","protected":false},"excerpt":{"rendered":"<p>Esta nova m\u00e1quina autom\u00e1tica de enfardamento e embalagem de silagem 9YDB-60 adota um design de correia em espinha e pode agrupar de 50 a 75 fardos por hora, o que \u00e9 adequado para embalagem e preserva\u00e7\u00e3o de silagem.<\/p>","protected":false},"author":1,"featured_media":1207,"parent":0,"template":"","tags":[45,39,35],"product-type":[7],"class_list":["post-743","product","type-product","status-publish","has-post-thumbnail","hentry","tag-forage","tag-hay","tag-silage","product-type-silage-baler"],"_links":{"self":[{"href":"https:\/\/balerwrapper.com\/pt\/wp-json\/wp\/v2\/product\/743","targetHints":{"allow":["GET"]}}],"collection":[{"href":"https:\/\/balerwrapper.com\/pt\/wp-json\/wp\/v2\/product"}],"about":[{"href":"https:\/\/balerwrapper.com\/pt\/wp-json\/wp\/v2\/types\/product"}],"author":[{"embeddable":true,"href":"https:\/\/balerwrapper.com\/pt\/wp-json\/wp\/v2\/users\/1"}],"wp:featuredmedia":[{"embeddable":true,"href":"https:\/\/balerwrapper.com\/pt\/wp-json\/wp\/v2\/media\/1207"}],"wp:attachment":[{"href":"https:\/\/balerwrapper.com\/pt\/wp-json\/wp\/v2\/media?parent=743"}],"wp:term":[{"taxonomy":"post_tag","embeddable":true,"href":"https:\/\/balerwrapper.com\/pt\/wp-json\/wp\/v2\/tags?post=743"},{"taxonomy":"product-type","embeddable":true,"href":"https:\/\/balerwrapper.com\/pt\/wp-json\/wp\/v2\/product-type?post=743"}],"curies":[{"name":"wp","href":"https:\/\/api.w.org\/{rel}","templated":true}]}}