{"id":69,"date":"2022-08-26T02:33:07","date_gmt":"2022-08-26T02:33:07","guid":{"rendered":"https:\/\/balerwrapper.com\/?post_type=product&#038;p=69"},"modified":"2025-06-16T18:24:07","modified_gmt":"2025-06-16T10:24:07","slug":"hydraulic-baler-machine","status":"publish","type":"product","link":"https:\/\/balerwrapper.com\/pt\/product\/hydraulic-baler-machine\/","title":{"rendered":"M\u00e1quina enfardadeira hidr\u00e1ulica Equipamento de enfardamento de feno"},"content":{"rendered":"<div class=\"kk-star-ratings kksr-auto kksr-align-left kksr-valign-top\"     data-payload='{&quot;align&quot;:&quot;left&quot;,&quot;id&quot;:&quot;69&quot;,&quot;slug&quot;:&quot;default&quot;,&quot;valign&quot;:&quot;top&quot;,&quot;ignore&quot;:&quot;&quot;,&quot;reference&quot;:&quot;auto&quot;,&quot;class&quot;:&quot;&quot;,&quot;count&quot;:&quot;85&quot;,&quot;legendonly&quot;:&quot;&quot;,&quot;readonly&quot;:&quot;&quot;,&quot;score&quot;:&quot;4.8&quot;,&quot;starsonly&quot;:&quot;&quot;,&quot;best&quot;:&quot;5&quot;,&quot;gap&quot;:&quot;5&quot;,&quot;greet&quot;:&quot;Rate this product&quot;,&quot;legend&quot;:&quot;4.8\\\/5 - (85 votes)&quot;,&quot;size&quot;:&quot;24&quot;,&quot;title&quot;:&quot;Hydraulic Baler Machine Hay Baling Equipment&quot;,&quot;width&quot;:&quot;136.7&quot;,&quot;_legend&quot;:&quot;{score}\\\/{best} - ({count} {votes})&quot;,&quot;font_factor&quot;:&quot;1.25&quot;}'>              <div class=\"kksr-stars\">      <div class=\"kksr-stars-inactive\">             <div class=\"kksr-star\" data-star=\"1\" style=\"padding-right: 5px\">               <div class=\"kksr-icon\" style=\"width: 24px; height: 24px;\"><\/div>         <\/div>             <div class=\"kksr-star\" data-star=\"2\" style=\"padding-right: 5px\">               <div class=\"kksr-icon\" style=\"width: 24px; height: 24px;\"><\/div>         <\/div>             <div class=\"kksr-star\" data-star=\"3\" style=\"padding-right: 5px\">               <div class=\"kksr-icon\" style=\"width: 24px; height: 24px;\"><\/div>         <\/div>             <div class=\"kksr-star\" data-star=\"4\" style=\"padding-right: 5px\">               <div class=\"kksr-icon\" style=\"width: 24px; height: 24px;\"><\/div>         <\/div>             <div class=\"kksr-star\" data-star=\"5\" style=\"padding-right: 5px\">               <div class=\"kksr-icon\" style=\"width: 24px; height: 24px;\"><\/div>         <\/div>     <\/div>      <div class=\"kksr-stars-active\" style=\"width: 136.7px;\">             <div class=\"kksr-star\" style=\"padding-right: 5px\">               <div class=\"kksr-icon\" style=\"width: 24px; height: 24px;\"><\/div>         <\/div>             <div class=\"kksr-star\" style=\"padding-right: 5px\">               <div class=\"kksr-icon\" style=\"width: 24px; height: 24px;\"><\/div>         <\/div>             <div class=\"kksr-star\" style=\"padding-right: 5px\">               <div class=\"kksr-icon\" style=\"width: 24px; height: 24px;\"><\/div>         <\/div>             <div class=\"kksr-star\" style=\"padding-right: 5px\">               <div class=\"kksr-icon\" style=\"width: 24px; height: 24px;\"><\/div>         <\/div>             <div class=\"kksr-star\" style=\"padding-right: 5px\">               <div class=\"kksr-icon\" style=\"width: 24px; height: 24px;\"><\/div>         <\/div>     <\/div> <\/div>                   <div class=\"kksr-legend\" style=\"font-size: 19.2px;\">             4.8\/5 - (85 votos)    <\/div>     <\/div>  <p>A m\u00e1quina de prensa hidr\u00e1ulica para silagem \u00e9 um equipamento de alta efici\u00eancia projetado para a prensagem e armazenamento de forragem, palha, talos de milho e outros talos de culturas. <\/p>    <p>Atrav\u00e9s do sistema de extrus\u00e3o hidr\u00e1ulica, \u00e9 poss\u00edvel comprimir palha solta e forragem em fardos quadrados compactos (blocos padr\u00e3o de 700\u00d7400\u00d7300mm) com uma densidade \u2265800kg\/m\u00b3. <\/p>    <p>E adota uma embalagem de dupla camada PE+PP, que aumenta a atividade das bact\u00e9rias l\u00e1cticas forrageiras em 300% e a taxa de preserva\u00e7\u00e3o de nutrientes \u00e9 superior a 85%. O per\u00edodo de preserva\u00e7\u00e3o da frescura \u00e9 de at\u00e9 2-3 anos.<\/p>    <figure class=\"wp-block-embed aligncenter is-type-video is-provider-youtube wp-block-embed-youtube wp-embed-aspect-16-9 wp-has-aspect-ratio\"><div class=\"wp-block-embed__wrapper\"> <iframe loading=\"lazy\" title=\"Opera\u00e7\u00e3o de enfardadeira hidr\u00e1ulica de palha de alta efici\u00eancia | Ferramentas agr\u00edcolas ecol\u00f3gicas Compartilhe!\" width=\"500\" height=\"281\" src=\"https:\/\/www.youtube.com\/embed\/GI3he-Y3oDc?feature=oembed\" frameborder=\"0\" allow=\"accelerometer; autoplay; clipboard-write; encrypted-media; gyroscope; picture-in-picture; web-share\" referrerpolicy=\"strict-origin-when-cross-origin\" allowfullscreen><\/iframe> <\/div><figcaption class=\"wp-element-caption\">V\u00eddeo de funcionamento da enfardadeira hidr\u00e1ulica de tr\u00eas cilindros<\/figcaption><\/figure>    <p>De acordo com a demanda de produ\u00e7\u00e3o, o equipamento \u00e9 dividido em dois modelos: prensa hidr\u00e1ulica de duplo cilindro e prensa hidr\u00e1ulica de tr\u00eas cilindros:<\/p>    <ul class=\"wp-block-list\"> <li>Prensa hidr\u00e1ulica de duplo cilindro: suporta motor ou motor a diesel, aplicabilidade, conveniente e flex\u00edvel.<\/li>    <li>Prensa hidr\u00e1ulica de tr\u00eas cilindros: suporta apenas motor, maior efici\u00eancia, maior densidade de produtos acabados, maior capacidade por hora.<\/li> <\/ul>    <p>Ao mesmo tempo, pode ser utilizado com um triturador de guilhotina para cortar a grama primeiro e depois entrar no processo de enfardamento para melhorar o efeito de enfardamento e a qualidade da silagem.<\/p>    <figure class=\"wp-block-gallery has-nested-images columns-default is-cropped wp-block-gallery-2 is-layout-flex wp-block-gallery-is-layout-flex\"> <figure class=\"wp-block-image size-large\"><img loading=\"lazy\" decoding=\"async\" width=\"720\" height=\"540\" data-id=\"179\" src=\"https:\/\/balerwrapper.com\/wp-content\/uploads\/2022\/08\/haydraulic-baler-machine-.jpg\" alt=\"m\u00e1quina enfardadeira haydraulic\" class=\"wp-image-179\" title=\"m\u00e1quina enfardadeira haydraulic\"\/><figcaption class=\"wp-element-caption\">m\u00e1quina enfardadeira haydraulic<\/figcaption><\/figure>    <figure class=\"wp-block-image size-large\"><img loading=\"lazy\" decoding=\"async\" width=\"720\" height=\"540\" data-id=\"180\" src=\"https:\/\/balerwrapper.com\/wp-content\/uploads\/2022\/08\/baler-press-machine-.webp\" alt=\"prensa enfardadeira\" class=\"wp-image-180\" title=\"prensa enfardadeira\"\/><figcaption class=\"wp-element-caption\">prensa enfardadeira<\/figcaption><\/figure> <\/figure>    <h2 class=\"wp-block-heading\" id=\"h-using-scopes-of-the-hydraulic-hay-baler\">Utiliza\u00e7\u00e3o de escopos de prensa hidr\u00e1ulica para silagem<\/h2>    <p class=\"translation-block\"><strong>Mat\u00e9rias-primas: <\/strong>A m\u00e1quina de prensa hidr\u00e1ulica pode processar palha, feno, sorgo, silagem de milho, palha de milho, palha de trigo, mudas de amendoim, palha de algod\u00e3o, grama de alfafa, micorriza, etc. Podemos usar esses forragens para alimentar gado, ovelhas, cavalos, porcos, coelhos e outros animais de cria\u00e7\u00e3o.<br><strong>Usu\u00e1rios:<\/strong> A m\u00e1quina de prensa hidr\u00e1ulica \u00e9 um equipamento indispens\u00e1vel para a pecu\u00e1ria, fabrica\u00e7\u00e3o de papel, cria\u00e7\u00e3o de gado e ovelhas, distribui\u00e7\u00e3o de forragens e gera\u00e7\u00e3o de energia a partir de palha.<\/p>   <div class=\"wp-block-image\"> <figure class=\"aligncenter size-full\"><img loading=\"lazy\" decoding=\"async\" width=\"720\" height=\"540\" src=\"https:\/\/balerwrapper.com\/wp-content\/uploads\/2022\/08\/hydraulic-hay-baler-.webp\" alt=\"enfardadeira de feno hidr\u00e1ulica\" class=\"wp-image-171\" title=\"enfardadeira de feno hidr\u00e1ulica\"\/><figcaption class=\"wp-element-caption\">enfardadeira de feno hidr\u00e1ulica<\/figcaption><\/figure> <\/div>   <h2 class=\"wp-block-heading\" id=\"h-structure-of-the-press-baler\">Estrutura da m\u00e1quina prensa hidr\u00e1ulica<\/h2>    <h3 class=\"wp-block-heading\" id=\"h-the-structure-of-the-double-cylinder-hay-and-straw-baler\">Estrutura da prensa de feno e palha de dupla cilindrada<\/h3>    <p>Este modelo de enfardadeira hidr\u00e1ulica inclui principalmente um suporte fixo, energia, dispositivo de resfriamento, reservat\u00f3rio de \u00f3leo, cilindro hidr\u00e1ulico, equipamento el\u00e9trico de combate a inc\u00eandio, oleoduto, separador de \u00f3leo, etc.<\/p>    <figure class=\"wp-block-gallery aligncenter has-nested-images columns-default is-cropped wp-block-gallery-3 is-layout-flex wp-block-gallery-is-layout-flex\"> <figure class=\"wp-block-image size-large\"><img loading=\"lazy\" decoding=\"async\" width=\"720\" height=\"540\" data-id=\"174\" src=\"https:\/\/balerwrapper.com\/wp-content\/uploads\/2022\/08\/double-cylinder-hay-and-straw-baler-.webp\" alt=\"enfardadeira de feno e palha de dois cilindros\" class=\"wp-image-174\" title=\"enfardadeira de feno e palha de dois cilindros\"\/><figcaption class=\"wp-element-caption\">enfardadeira de feno e palha de dois cilindros<\/figcaption><\/figure>    <figure class=\"wp-block-image size-large\"><img loading=\"lazy\" decoding=\"async\" width=\"720\" height=\"540\" data-id=\"175\" src=\"https:\/\/balerwrapper.com\/wp-content\/uploads\/2022\/08\/haydraulic-hay-baler-.webp\" alt=\"enfardadeira de feno hidr\u00e1ulica\" class=\"wp-image-175\" title=\"enfardadeira de feno hidr\u00e1ulica\"\/><figcaption class=\"wp-element-caption\">enfardadeira de feno hidr\u00e1ulica<\/figcaption><\/figure> <\/figure>    <h3 class=\"wp-block-heading\" id=\"h-3-cylinder-hydraulic-baler-structure\">Estrutura da enfardadeira hidr\u00e1ulica de 3 cilindros<\/h3>    <figure class=\"wp-block-gallery aligncenter has-nested-images columns-default is-cropped wp-block-gallery-4 is-layout-flex wp-block-gallery-is-layout-flex\"> <figure class=\"wp-block-image size-large\"><img loading=\"lazy\" decoding=\"async\" width=\"720\" height=\"540\" data-id=\"177\" src=\"https:\/\/balerwrapper.com\/wp-content\/uploads\/2022\/08\/3-cylinder-hydraulic-baler-.webp\" alt=\"enfardadeira hidr\u00e1ulica de 3 cilindros \" class=\"wp-image-177\" title=\"enfardadeira hidr\u00e1ulica de 3 cilindros \"\/><figcaption class=\"wp-element-caption\">enfardadeira hidr\u00e1ulica de 3 cilindros <\/figcaption><\/figure>    <figure class=\"wp-block-image size-large\"><img loading=\"lazy\" decoding=\"async\" width=\"720\" height=\"540\" data-id=\"178\" src=\"https:\/\/balerwrapper.com\/wp-content\/uploads\/2022\/08\/wheat-hay-baler-.webp\" alt=\"enfardadeira de feno de trigo \" class=\"wp-image-178\" title=\"enfardadeira de feno de trigo \"\/><figcaption class=\"wp-element-caption\">enfardadeira de feno de trigo <\/figcaption><\/figure> <\/figure>    <h2 class=\"wp-block-heading\" id=\"h-machine-s-parameters\">Par\u00e2metros da m\u00e1quina de prensagem hidr\u00e1ulica<\/h2>    <h3 class=\"wp-block-heading\" id=\"h-double-cylinder-baler\">Enfardadeira de cilindro duplo <\/h3>    <figure class=\"wp-block-table is-style-stripes\"><table><tbody><tr><td>Modelo<\/td><td>9YK-70<\/td><\/tr><tr><td>Poder<\/td><td>Motor 15kw ou motor diesel 28HP<\/td><\/tr><tr><td>Deslocamento do cilindro de \u00f3leo<\/td><td>63-80L\/min<\/td><\/tr><tr><td>A press\u00e3o normal do cilindro de \u00f3leo<\/td><td>16Mpa<\/td><\/tr><tr><td>Tamanho do fardo<\/td><td>700*400*300mm<\/td><\/tr><tr><td>Densidade do fardo<\/td><td>300-400 kg\/hora<\/td><\/tr><tr><td>Efici\u00eancia de agrupamento<\/td><td>1-2t\/h<\/td><\/tr><tr><td>Peso<\/td><td>1500kg<\/td><\/tr><tr><td>Dimens\u00e3o<\/td><td>3400*2800*2700mm<\/td><\/tr><tr><td>Velocidade de empacotamento do pist\u00e3o<\/td><td>4-8m\/min<\/td><\/tr><\/tbody><\/table><figcaption class=\"wp-element-caption\">Par\u00e2metro da enfardadeira de cilindro duplo<\/figcaption><\/figure>    <h3 class=\"wp-block-heading\" id=\"h-silage-baler-machine\">Enfardadeira de silagem de tr\u00eas cilindros<\/h3>    <figure class=\"wp-block-table is-style-stripes\"><table><tbody><tr><td>Item<\/td><td>9YK-130<\/td><\/tr><tr><td>Poder<\/td><td>22 kW<\/td><\/tr><tr><td>Deslocamento do Cilindro de \u00d3leo<\/td><td>80L\/min<\/td><\/tr><tr><td>Press\u00e3o normal do cilindro de \u00f3leo<\/td><td>18Mpa<\/td><\/tr><tr><td>Tamanho do fardo<\/td><td>700*400*300mm<\/td><\/tr><tr><td>Efici\u00eancia de empacotamento<\/td><td>6-8t\/h<\/td><\/tr><tr><td>Densidade do fardo<\/td><td>800-1100kg\/m<sup>3<\/sup><sup><\/sup><\/td><\/tr><tr><td>Peso<\/td><td>2600kg\/hora<\/td><\/tr><tr><td>Dimens\u00e3o<\/td><td>4300*2800*2000mm<\/td><\/tr><tr><td>Velocidade de empacotamento do pist\u00e3o<\/td><td>4-8m\/min<\/td><\/tr><\/tbody><\/table><figcaption class=\"wp-element-caption\">Par\u00e2metro da m\u00e1quina enfardadeira de silagem<\/figcaption><\/figure>    <h2 class=\"wp-block-heading\" id=\"h-how-does-the-hydraulic-baler-work\">Como funciona a enfardadeira hidr\u00e1ulica? <\/h2>   <div id=\"rank-math-howto\" class=\"rank-math-block\" > <div class=\"rank-math-howto-description\">  <p>Ambos colocaram primeiro a forragem na m\u00e1quina. Ligue a enfardadeira hidr\u00e1ulica, quando o cilindro principal for empurrado horizontalmente e compactado, e os cilindros laterais forem compactados longitudinalmente. Finalmente, a cabe\u00e7a empurra o fardo para dentro do saco. Conclua todo o processo de enfardamento.<\/p>  <\/div>  <div class=\"rank-math-steps\"> <div id=\"howto-step-1717139105042\" class=\"rank-math-step\"> <div class=\"rank-math-step-content\"><p>Prepare a grama, palha ou outras mat\u00e9rias-primas na entrada da enfardadeira hidr\u00e1ulica por queda manual ou correia transportadora.<\/p> <\/div> <\/div> <div id=\"howto-step-1717139142953\" class=\"rank-math-step\"> <div class=\"rank-math-step-content\"><p>A m\u00e1quina de corte de feno ou amassadeira de palha tritura as mat\u00e9rias-primas adicionadas e as tritura para processamento e fabrica\u00e7\u00e3o.<\/p> <\/div> <\/div> <div id=\"howto-step-1717139148210\" class=\"rank-math-step\"> <div class=\"rank-math-step-content\"><p>O saco de palha \u00e9 colocado na sa\u00edda para embalar o material acabado ap\u00f3s o processamento.<\/p> <\/div> <\/div> <div id=\"howto-step-1717139154097\" class=\"rank-math-step\"> <div class=\"rank-math-step-content\"><p>Gabinete de controle autom\u00e1tico, uma chave para iniciar o processamento e embalagem, simples e conveniente.<\/p> <\/div> <\/div> <div id=\"howto-step-1717139158193\" class=\"rank-math-step\"> <div class=\"rank-math-step-content\"><p>O volume e o tamanho do material processado s\u00e3o consistentes, alinhados com os padr\u00f5es de embalagem e convenientes para transporte e armazenamento.<\/p> <\/div> <\/div> <\/div> <\/div>       <figure class=\"wp-block-embed aligncenter is-type-video is-provider-youtube wp-block-embed-youtube wp-embed-aspect-16-9 wp-has-aspect-ratio\"><div class=\"wp-block-embed__wrapper\"> <iframe loading=\"lazy\" title=\"Prensa de silagem hidr\u00e1ulica que economiza trabalho! Enfardadeira quadrada de silagem de milho hidr\u00e1ulica\u4e28m\u00e1quina enfardadeira de silagem\" width=\"500\" height=\"281\" src=\"https:\/\/www.youtube.com\/embed\/1ROg99yYpCY?feature=oembed\" frameborder=\"0\" allow=\"accelerometer; autoplay; clipboard-write; encrypted-media; gyroscope; picture-in-picture; web-share\" referrerpolicy=\"strict-origin-when-cross-origin\" allowfullscreen><\/iframe> <\/div><figcaption class=\"wp-element-caption\">V\u00eddeo de funcionamento da m\u00e1quina enfardadeira hidr\u00e1ulica para silagem de milho<\/figcaption><\/figure>    <h2 class=\"wp-block-heading\" id=\"h-advantages-of-the-hydraulic-wheat-hay-baler\">Vantagens da prensa hidr\u00e1ulica para silagem<\/h2>    <ul class=\"wp-block-list\"> <li>Prensagem horizontal de grande tamanho, forma de fardo regular, boa veda\u00e7\u00e3o, f\u00e1cil de armazenar e transportar.<\/li>    <li>Instala\u00e7\u00e3o conveniente, manuten\u00e7\u00e3o simples, pequena \u00e1rea ocupada, economizando custos de espa\u00e7o.<\/li>    <li>Adota um sistema hidr\u00e1ulico combinado de alta e baixa press\u00e3o, opera\u00e7\u00e3o r\u00e1pida e eficiente, economizando energia, m\u00e3o de obra e tempo.<\/li>    <li>Os componentes principais s\u00e3o pe\u00e7as originais seladas, longa vida \u00fatil do cilindro e baixa taxa de falhas.<\/li>    <li>Pode prensar palha de silagem, talos de milho secos, todos os tipos de palha picada, filme pl\u00e1stico desperdi\u00e7ado, etc., e realizar embalagem e ensacamento autom\u00e1ticos.<\/li>    <li>Adota alimenta\u00e7\u00e3o por correia transportadora e compress\u00e3o balanceada de duplo cilindro, e o sistema hidr\u00e1ulico especial garante uma sa\u00edda de pot\u00eancia est\u00e1vel.<\/li>    <li>N\u00e3o h\u00e1 necessidade de escavar po\u00e7os de silagem, economizando muita m\u00e3o de obra (todo o conjunto de equipamentos precisa apenas de 2-3 pessoas para operar), espa\u00e7o e custos de embalagem, e o per\u00edodo de preserva\u00e7\u00e3o da silagem pode chegar a 3 anos.<\/li>    <li>Ap\u00f3s o empacotamento e selagem, a silagem \u00e9 fermentada naturalmente, rica em probi\u00f3ticos, bact\u00e9rias l\u00e1cticas e prote\u00ednas, que s\u00e3o facilmente absorvidas pelo gado e promovem um aumento na taxa de crescimento superior a 2%.<\/li> <\/ul>   <div class=\"wp-block-image\"> <figure class=\"aligncenter size-full\"><img loading=\"lazy\" decoding=\"async\" width=\"720\" height=\"540\" src=\"https:\/\/balerwrapper.com\/wp-content\/uploads\/2022\/08\/press-baling-machine-.webp\" alt=\"pressione a m\u00e1quina de enfardamento\" class=\"wp-image-183\" title=\"pressione a m\u00e1quina de enfardamento\"\/><figcaption class=\"wp-element-caption\">pressione a m\u00e1quina de enfardamento<\/figcaption><\/figure> <\/div>   <h2 class=\"wp-block-heading\" id=\"h-other-machines-that-can-be-matched\">Outras m\u00e1quinas que podem ser combinadas<\/h2>    <p class=\"translation-block\">\u00c0 medida que a m\u00e1quina de prensa hidr\u00e1ulica lida com mais forragem, a abertura de alimenta\u00e7\u00e3o \u00e9 maior. Portanto, recomendamos usar uma <a href=\"https:\/\/balerwrapper.com\/pt\/product\/silage-chaff-cutter\/\">m\u00e1quina de tritura\u00e7\u00e3o de forragem<\/a> para primeiro triturar a palha. Depois, conecte a correia transportadora para enviar o material triturado para a prensa hidr\u00e1ulica. Voc\u00ea tamb\u00e9m pode usar o misturador de ra\u00e7\u00e3o para misturar as diferentes forragens de maneira uniforme e, em seguida, conectar a correia transportadora \u00e0 m\u00e1quina.<\/p>   <div class=\"wp-block-image\"> <figure class=\"aligncenter size-full\"><img loading=\"lazy\" decoding=\"async\" width=\"720\" height=\"540\" src=\"https:\/\/balerwrapper.com\/wp-content\/uploads\/2022\/08\/hydraulic-stalk-baler-machine-.webp\" alt=\"m\u00e1quina enfardadeira de haste hidr\u00e1ulica\" class=\"wp-image-182\" title=\"m\u00e1quina enfardadeira de haste hidr\u00e1ulica\"\/><figcaption class=\"wp-element-caption\">m\u00e1quina enfardadeira de haste hidr\u00e1ulica<\/figcaption><\/figure> <\/div>   <h2 class=\"wp-block-heading\" id=\"h-successful-cases\">Casos de sucesso<\/h2>    <p class=\"translation-block\">Na semana passada, um cliente de <a href=\"https:\/\/en.wikipedia.org\/wiki\/Kenya\" target=\"_blank\" rel=\"noopener\">Qu\u00eania<\/a> comprou uma m\u00e1quina de prensa hidr\u00e1ulica de n\u00f3s. O cliente possui uma fazenda de gado e deseja manter forragem fresca para alimentar ao longo do ano. O cliente pesquisou online por uma m\u00e1quina que pudesse armazenar forragem por um longo per\u00edodo. <\/p>    <p>E ele entrou em nosso site. Ap\u00f3s navegar, o cliente se interessou pela nossa enfardadeira hidr\u00e1ulica e nos contatou via WhatsApp. Ent\u00e3o conversamos com ele sobre todos os aspectos da m\u00e1quina. E ent\u00e3o o cliente decidiu comprar uma enfardadeira hidr\u00e1ulica de dois cilindros.<\/p>    <figure class=\"wp-block-gallery has-nested-images columns-default is-cropped wp-block-gallery-5 is-layout-flex wp-block-gallery-is-layout-flex\"> <figure class=\"wp-block-image size-large\"><img loading=\"lazy\" decoding=\"async\" width=\"720\" height=\"540\" data-id=\"185\" src=\"https:\/\/balerwrapper.com\/wp-content\/uploads\/2022\/08\/wooden-case-packaging-10.webp\" alt=\"embalagem em caixa de madeira \" class=\"wp-image-185\" title=\"embalagem em caixa de madeira \"\/><figcaption class=\"wp-element-caption\">embalagem em caixa de madeira<\/figcaption><\/figure>    <figure class=\"wp-block-image size-large\"><img loading=\"lazy\" decoding=\"async\" width=\"720\" height=\"540\" data-id=\"186\" src=\"https:\/\/balerwrapper.com\/wp-content\/uploads\/2022\/08\/shipping-of-forage-baler-machine-40.webp\" alt=\"envio de m\u00e1quina enfardadeira de forragem \" class=\"wp-image-186\" title=\"envio de m\u00e1quina enfardadeira de forragem \"\/><figcaption class=\"wp-element-caption\">envio de m\u00e1quina enfardadeira de forragem<\/figcaption><\/figure> <\/figure>    <p>Se voc\u00ea tiver alguma d\u00favida ou precisar de informa\u00e7\u00f5es mais detalhadas, suas d\u00favidas ser\u00e3o bem-vindas a qualquer momento. Sinceramente, convidamos voc\u00ea a visitar nossa f\u00e1brica e esperamos cooperar com voc\u00ea.<\/p>","protected":false},"excerpt":{"rendered":"<p>A m\u00e1quina de enfardar hidr\u00e1ulica pode comprimir e embalar todos os tipos de erva silagem, palha e outras culturas e sel\u00e1-las para fermenta\u00e7\u00e3o, o que \u00e9 conveniente para armazenamento a longo prazo, transporte e alimenta\u00e7\u00e3o.<\/p>","protected":false},"author":1,"featured_media":172,"parent":0,"template":"","tags":[45,39,35],"product-type":[7],"class_list":["post-69","product","type-product","status-publish","has-post-thumbnail","hentry","tag-forage","tag-hay","tag-silage","product-type-silage-baler"],"_links":{"self":[{"href":"https:\/\/balerwrapper.com\/pt\/wp-json\/wp\/v2\/product\/69","targetHints":{"allow":["GET"]}}],"collection":[{"href":"https:\/\/balerwrapper.com\/pt\/wp-json\/wp\/v2\/product"}],"about":[{"href":"https:\/\/balerwrapper.com\/pt\/wp-json\/wp\/v2\/types\/product"}],"author":[{"embeddable":true,"href":"https:\/\/balerwrapper.com\/pt\/wp-json\/wp\/v2\/users\/1"}],"wp:featuredmedia":[{"embeddable":true,"href":"https:\/\/balerwrapper.com\/pt\/wp-json\/wp\/v2\/media\/172"}],"wp:attachment":[{"href":"https:\/\/balerwrapper.com\/pt\/wp-json\/wp\/v2\/media?parent=69"}],"wp:term":[{"taxonomy":"post_tag","embeddable":true,"href":"https:\/\/balerwrapper.com\/pt\/wp-json\/wp\/v2\/tags?post=69"},{"taxonomy":"product-type","embeddable":true,"href":"https:\/\/balerwrapper.com\/pt\/wp-json\/wp\/v2\/product-type?post=69"}],"curies":[{"name":"wp","href":"https:\/\/api.w.org\/{rel}","templated":true}]}}