{"id":67,"date":"2022-08-26T02:21:53","date_gmt":"2022-08-26T02:21:53","guid":{"rendered":"https:\/\/balerwrapper.com\/?post_type=product&#038;p=67"},"modified":"2025-05-21T17:09:19","modified_gmt":"2025-05-21T09:09:19","slug":"stalk-cutting-recycling-machine","status":"publish","type":"product","link":"https:\/\/balerwrapper.com\/pt\/product\/stalk-cutting-recycling-machine\/","title":{"rendered":"M\u00e1quina de reciclagem de corte de caule\u4e28m\u00e1quina colhedora de silagem"},"content":{"rendered":"<div class=\"kk-star-ratings kksr-auto kksr-align-left kksr-valign-top\"     data-payload='{&quot;align&quot;:&quot;left&quot;,&quot;id&quot;:&quot;67&quot;,&quot;slug&quot;:&quot;default&quot;,&quot;valign&quot;:&quot;top&quot;,&quot;ignore&quot;:&quot;&quot;,&quot;reference&quot;:&quot;auto&quot;,&quot;class&quot;:&quot;&quot;,&quot;count&quot;:&quot;91&quot;,&quot;legendonly&quot;:&quot;&quot;,&quot;readonly&quot;:&quot;&quot;,&quot;score&quot;:&quot;4.8&quot;,&quot;starsonly&quot;:&quot;&quot;,&quot;best&quot;:&quot;5&quot;,&quot;gap&quot;:&quot;5&quot;,&quot;greet&quot;:&quot;Rate this product&quot;,&quot;legend&quot;:&quot;4.8\\\/5 - (91 votes)&quot;,&quot;size&quot;:&quot;24&quot;,&quot;title&quot;:&quot;Stalk cutting recycling machine\u4e28silage harvester machine&quot;,&quot;width&quot;:&quot;136.7&quot;,&quot;_legend&quot;:&quot;{score}\\\/{best} - ({count} {votes})&quot;,&quot;font_factor&quot;:&quot;1.25&quot;}'>              <div class=\"kksr-stars\">      <div class=\"kksr-stars-inactive\">             <div class=\"kksr-star\" data-star=\"1\" style=\"padding-right: 5px\">               <div class=\"kksr-icon\" style=\"width: 24px; height: 24px;\"><\/div>         <\/div>             <div class=\"kksr-star\" data-star=\"2\" style=\"padding-right: 5px\">               <div class=\"kksr-icon\" style=\"width: 24px; height: 24px;\"><\/div>         <\/div>             <div class=\"kksr-star\" data-star=\"3\" style=\"padding-right: 5px\">               <div class=\"kksr-icon\" style=\"width: 24px; height: 24px;\"><\/div>         <\/div>             <div class=\"kksr-star\" data-star=\"4\" style=\"padding-right: 5px\">               <div class=\"kksr-icon\" style=\"width: 24px; height: 24px;\"><\/div>         <\/div>             <div class=\"kksr-star\" data-star=\"5\" style=\"padding-right: 5px\">               <div class=\"kksr-icon\" style=\"width: 24px; height: 24px;\"><\/div>         <\/div>     <\/div>      <div class=\"kksr-stars-active\" style=\"width: 136.7px;\">             <div class=\"kksr-star\" style=\"padding-right: 5px\">               <div class=\"kksr-icon\" style=\"width: 24px; height: 24px;\"><\/div>         <\/div>             <div class=\"kksr-star\" style=\"padding-right: 5px\">               <div class=\"kksr-icon\" style=\"width: 24px; height: 24px;\"><\/div>         <\/div>             <div class=\"kksr-star\" style=\"padding-right: 5px\">               <div class=\"kksr-icon\" style=\"width: 24px; height: 24px;\"><\/div>         <\/div>             <div class=\"kksr-star\" style=\"padding-right: 5px\">               <div class=\"kksr-icon\" style=\"width: 24px; height: 24px;\"><\/div>         <\/div>             <div class=\"kksr-star\" style=\"padding-right: 5px\">               <div class=\"kksr-icon\" style=\"width: 24px; height: 24px;\"><\/div>         <\/div>     <\/div> <\/div>                   <div class=\"kksr-legend\" style=\"font-size: 19.2px;\">             4.8\/5 - (91 votos)    <\/div>     <\/div>  <p>A m\u00e1quina de reciclagem de corte de talos \u00e9 um equipamento agr\u00edcola multifuncional que integra colheita, tritura\u00e7\u00e3o e reciclagem, sendo adequada para o processamento em campo de v\u00e1rios tipos de palha de culturas e silagem. Ela pode ajudar os agricultores a transformar \"materiais de desperd\u00edcio\" em recursos para processamento de ra\u00e7\u00e3o, gera\u00e7\u00e3o de energia a partir de biomassa e produ\u00e7\u00e3o de fertilizantes org\u00e2nicos.<\/p>    <p>O equipamento e o trator que suportam as opera\u00e7\u00f5es, uma m\u00e1quina multifuncional, podem realizar a tritura\u00e7\u00e3o de palha no local e o reaproveitamento direto ou retorno ao campo. Sua granularidade de tritura\u00e7\u00e3o \u00e9 \u2264 5cm, e consegue alcan\u00e7ar uma taxa de recupera\u00e7\u00e3o de mais de 80% da palha de culturas como milho, trigo, arroz e outras.<\/p>    <figure class=\"wp-block-embed aligncenter is-type-video is-provider-youtube wp-block-embed-youtube wp-embed-aspect-16-9 wp-has-aspect-ratio\"><div class=\"wp-block-embed__wrapper\"> <iframe loading=\"lazy\" title=\"M\u00e1quina de tritura\u00e7\u00e3o e reciclagem de palha de alta efici\u00eancia: transformando res\u00edduos de palha em recursos valiosos!\" width=\"500\" height=\"281\" src=\"https:\/\/www.youtube.com\/embed\/sjBreEGG9XI?feature=oembed\" frameborder=\"0\" allow=\"accelerometer; autoplay; clipboard-write; encrypted-media; gyroscope; picture-in-picture; web-share\" referrerpolicy=\"strict-origin-when-cross-origin\" allowfullscreen><\/iframe> <\/div><figcaption class=\"wp-element-caption\">v\u00eddeo de trabalho da m\u00e1quina de tritura\u00e7\u00e3o e reciclagem de talo de silagem<\/figcaption><\/figure>    <p>Esta m\u00e1quina de reciclagem de corte de talos est\u00e1 equipada com diferentes larguras de colheita, como 1,3m, 1,35m, 1,5m, 1,65m, 1,7m, 1,8m e 2m, que s\u00e3o adequadas para diferentes tamanhos de terrenos agr\u00edcolas, e pode realizar uma capacidade de processamento ultra-eficiente de 0,25-0,48h\u33a1\/h.<\/p>   <div class=\"wp-block-image\"> <figure class=\"aligncenter size-full\"><img loading=\"lazy\" decoding=\"async\" width=\"720\" height=\"540\" src=\"https:\/\/balerwrapper.com\/wp-content\/uploads\/2022\/08\/Stalk-cutting-recycling-machine1.jpg\" alt=\"M\u00e1quina de reciclagem de corte de caule\" class=\"wp-image-223\" title=\"M\u00e1quina de reciclagem de corte de caule\"\/><figcaption class=\"wp-element-caption\">M\u00e1quina de reciclagem de corte de caule<\/figcaption><\/figure> <\/div>   <h2 class=\"wp-block-heading\" id=\"h-the-using-scope-of-the-silage-harvester-machine\">Utiliza\u00e7\u00e3o do alcance da m\u00e1quina de colheita de silagem<\/h2>    <h3 class=\"wp-block-heading\">Objetos aplic\u00e1veis (tipos de culturas que podem ser tratadas)<\/h3>    <ul class=\"wp-block-list\"> <li>Talos de milho, talos de algod\u00e3o, talos de banana, talos de sorgo, palha de trigo, talos de gr\u00e3os e outros talos de culturas.<\/li>    <li>Todos os tipos de silagem mista \u00famida e seca no campo.<\/li>    <li>Todos os tipos de palha residual de pomar e talos de biomassa ap\u00f3s a colheita.<\/li> <\/ul>    <h3 class=\"wp-block-heading\">Cen\u00e1rios e aplica\u00e7\u00f5es<\/h3>    <ul class=\"wp-block-list\"> <li>Fazendas e f\u00e1bricas de ra\u00e7\u00e3o para processamento de silagem ou ra\u00e7\u00e3o em pellet de palha.<\/li>    <li>F\u00e1bricas de carv\u00e3o, f\u00e1bricas de carv\u00e3o de palha, etc. s\u00e3o usadas para produzir carv\u00e3o de palha, carv\u00e3o de palha e combust\u00edvel de biomassa.<\/li>    <li>Usado por cultivadores de cogumelos comest\u00edveis para fazer substrato de cultivo.<\/li>    <li>Pode ser usado como mat\u00e9ria-prima para gera\u00e7\u00e3o de energia a partir de biomassa, realizando a reciclagem de energia.<\/li> <\/ul>    <figure class=\"wp-block-gallery aligncenter has-nested-images columns-default is-cropped wp-block-gallery-2 is-layout-flex wp-block-gallery-is-layout-flex\"> <figure class=\"wp-block-image size-large\"><img loading=\"lazy\" decoding=\"async\" width=\"720\" height=\"540\" data-id=\"225\" src=\"https:\/\/balerwrapper.com\/wp-content\/uploads\/2022\/08\/stalk-crushing-and-recycling-machine-.webp\" alt=\"m\u00e1quina de tritura\u00e7\u00e3o e reciclagem de talos\" class=\"wp-image-225\" title=\"m\u00e1quina de tritura\u00e7\u00e3o e reciclagem de talos\"\/><figcaption class=\"wp-element-caption\">m\u00e1quina de tritura\u00e7\u00e3o e reciclagem de talos<\/figcaption><\/figure>    <figure class=\"wp-block-image size-large\"><img loading=\"lazy\" decoding=\"async\" width=\"720\" height=\"540\" data-id=\"226\" src=\"https:\/\/balerwrapper.com\/wp-content\/uploads\/2022\/08\/corn-silage-harvester-.webp\" alt=\" colheitadeira de silagem de milho\" class=\"wp-image-226\" title=\" colheitadeira de silagem de milho\"\/><figcaption class=\"wp-element-caption\"> colheitadeira de silagem de milho<\/figcaption><\/figure> <\/figure>    <h2 class=\"wp-block-heading\">Como funciona a m\u00e1quina de colheita de silagem?<\/h2>    <p>Quando o trator se move para frente no campo, a m\u00e1quina \u00e9 acionada para sincronizar a opera\u00e7\u00e3o, e a mesa de corte frontal envia a palha colhida para o dispositivo de esmagamento para ser triturada.<\/p>    <p>Subsequentemente, a palha esmagada \u00e9 coletada na caixa de reciclagem atrav\u00e9s do sistema de transporte, ou retornada diretamente ao campo, realizando a opera\u00e7\u00e3o integrada e eficiente de colheita, esmagamento e reciclagem.<\/p>    <figure class=\"wp-block-embed aligncenter is-type-video is-provider-youtube wp-block-embed-youtube wp-embed-aspect-16-9 wp-has-aspect-ratio\"><div class=\"wp-block-embed__wrapper\"> <iframe loading=\"lazy\" title=\"M\u00e1quina t\u00e3o excelente! colheitadeira de silagem e m\u00e1quina de reciclagem\/cortador de palha e reciclagem\" width=\"500\" height=\"281\" src=\"https:\/\/www.youtube.com\/embed\/WdzrTHwBtvU?start=3&#038;feature=oembed\" frameborder=\"0\" allow=\"accelerometer; autoplay; clipboard-write; encrypted-media; gyroscope; picture-in-picture; web-share\" referrerpolicy=\"strict-origin-when-cross-origin\" allowfullscreen><\/iframe> <\/div><figcaption class=\"wp-element-caption\">v\u00eddeo de funcionamento da m\u00e1quina de reciclagem de cortador de palha de silagem<\/figcaption><\/figure>    <h2 class=\"wp-block-heading\" id=\"h-structure-of-the-forage-harvester\">Estrutura da m\u00e1quina de reciclagem de corte de talos<\/h2>    <p>A estrutura da m\u00e1quina de reciclagem de corte de caule \u00e9 simples e f\u00e1cil de operar. A m\u00e1quina inclui principalmente uma c\u00e2mara de britagem, dispositivo de descarga autom\u00e1tica hidr\u00e1ulica, trator 60HP, recipiente de palha triturada, acionamento por tomada de for\u00e7a, dispositivo hidr\u00e1ulico, etc.<\/p>   <div class=\"wp-block-image\"> <figure class=\"aligncenter size-full\"><img loading=\"lazy\" decoding=\"async\" width=\"720\" height=\"540\" src=\"https:\/\/balerwrapper.com\/wp-content\/uploads\/2022\/08\/forage-harvester-.webp\" alt=\"colhedora de forragem\" class=\"wp-image-224\" title=\"colhedora de forragem\"\/><figcaption class=\"wp-element-caption\">colhedora de forragem<\/figcaption><\/figure> <\/div>   <h2 class=\"wp-block-heading\" id=\"h-parameters-of-the-corn-silage-harvester\">Par\u00e2metros da colhedora de silagem de milho<\/h2>    <figure class=\"wp-block-table is-style-stripes\"><table><tbody><tr><td>Nome<\/td><td>Colheitadeira de palha<\/td><\/tr><tr><td>Motor<\/td><td>Trator \u226560HP<\/td><\/tr><tr><td>Dimens\u00e3o<\/td><td>1,6*1,2*2,8m<\/td><\/tr><tr><td>Peso<\/td><td>800kg<\/td><\/tr><tr><td>Largura de colheita<\/td><td>1,3m<\/td><\/tr><tr><td>Modelo<\/td><td>GH-400<\/td><\/tr><tr><td>Taxa de reciclagem<\/td><td>\u226580%<\/td><\/tr><tr><td>Dist\u00e2ncia de arremesso<\/td><td>3-5m<\/td><\/tr><tr><td>Altura do arremesso<\/td><td>\u22652m<\/td><\/tr><tr><td>O comprimento da palha esmagada<\/td><td>Menos de 80mm<\/td><\/tr><tr><td>L\u00e2mina rotativa<\/td><td>32<\/td><\/tr><tr><td>Velocidade do eixo do cortador<\/td><td>2160 r\/min<\/td><\/tr><tr><td>Velocidade de trabalho<\/td><td>2-4km\/h<\/td><\/tr><tr><td>Capacidade<\/td><td>0,25-0,48hm2\/h<\/td><\/tr><\/tbody><\/table><figcaption class=\"wp-element-caption\">Par\u00e2metro da colheitadeira de silagem de milho<\/figcaption><\/figure>    <h2 class=\"wp-block-heading\" id=\"h-advantages-of-the-trailed-forage-harvester\">Vantagens da colhedora de forragem rebocada<\/h2>    <ul class=\"wp-block-list\"> <li>Integra\u00e7\u00e3o multifuncional: integrando corte, amassamento, tritura\u00e7\u00e3o e colheita para atender a diferentes necessidades operacionais.<\/li>    <li>Alta efici\u00eancia e baixo consumo: o processo de opera\u00e7\u00e3o \u00e9 simplificado em um procedimento, com alta efici\u00eancia operacional e not\u00e1vel efeito de economia de energia.<\/li>    <li>Baixo custo abrangente: baixo consumo de energia, alta produ\u00e7\u00e3o, custo geral mais baixo e forte economia.<\/li>    <li>Amplamente aplic\u00e1vel: pode ser adaptado a uma variedade de culturas de palha secas e molhadas, adequado para uma variedade de ambientes de terreno e possui uma forte aplicabilidade.<\/li>    <li>Promover a agricultura verde: ajudar a utiliza\u00e7\u00e3o abrangente da energia da biomassa, \u00e9 o equipamento ideal para o desenvolvimento de uma agricultura amiga do ambiente.<\/li> <\/ul>   <div class=\"wp-block-image\"> <figure class=\"aligncenter size-full\"><img loading=\"lazy\" decoding=\"async\" width=\"720\" height=\"540\" src=\"https:\/\/balerwrapper.com\/wp-content\/uploads\/2022\/08\/trailed-forage-harvester-.webp\" alt=\"colhedora de forragem de arrasto\" class=\"wp-image-228\" title=\"colhedora de forragem de arrasto\"\/><figcaption class=\"wp-element-caption\">colhedora de forragem de arrasto<\/figcaption><\/figure> <\/div>   <h2 class=\"wp-block-heading\" id=\"h-successful-cases\">Casos de sucesso<\/h2>    <p>Um cliente da Mal\u00e1sia comprou uma m\u00e1quina de reciclagem de corte de talos de 1,3m de n\u00f3s. Ele alimenta gado e ovelhas na sua \u00e1rea local. Para obter ra\u00e7\u00e3o suficiente, o cliente precisava de um moedor de palha para processar os talos de milho.<\/p>    <p>Enviamos fotos, par\u00e2metros e v\u00eddeo da m\u00e1quina ao cliente. Ap\u00f3s considera\u00e7\u00e3o, o cliente decidiu comprar um. Depois que o cliente recebeu a m\u00e1quina de reciclagem de corte de caule, ele a utilizou por um tempo. Ele disse que a m\u00e1quina funcionou muito bem e que estava satisfeito com ela e ansioso pela pr\u00f3xima coopera\u00e7\u00e3o conosco.<\/p>    <figure class=\"wp-block-gallery aligncenter has-nested-images columns-default is-cropped wp-block-gallery-3 is-layout-flex wp-block-gallery-is-layout-flex\"><div class=\"wp-block-image\"> <figure class=\"aligncenter size-large\"><img loading=\"lazy\" decoding=\"async\" width=\"720\" height=\"540\" data-id=\"229\" src=\"https:\/\/balerwrapper.com\/wp-content\/uploads\/2022\/08\/Stalk-cutting-recycling-machine1-.jpg\" alt=\"M\u00e1quina de reciclagem de corte de caule\" class=\"wp-image-229\" title=\"M\u00e1quina de reciclagem de corte de caule\"\/><figcaption class=\"wp-element-caption\">M\u00e1quina de reciclagem de corte de caule<\/figcaption><\/figure> <\/div><\/figure>    <p class=\"translation-block\">Al\u00e9m das m\u00e1quinas de esmagamento e reciclagem de palha, tamb\u00e9m temos outros tipos de equipamentos de silagem e processamento, como <strong><em><a href=\"https:\/\/balerwrapper.com\/pt\/product\/corn-silage-baler-machine\/\">m\u00e1quinas de enfardamento e embalagem de forragem<\/a><\/em><\/strong> e <strong><em><a href=\"https:\/\/balerwrapper.com\/pt\/product\/hydraulic-baler-machine\/\">prensa enfardadeira hidr\u00e1ulica<\/a><\/em><\/strong>. Pode navegar no nosso site para escolher a m\u00e1quina certa. Bem-vindo a contactar-nos a qualquer momento!<\/p>    <h2 class=\"wp-block-heading\">Perguntas frequentes<\/h2>   <div id=\"rank-math-faq\" class=\"rank-math-block\"> <div class=\"rank-math-list\"> <div id=\"faq-question-1717140253430\" class=\"rank-math-list-item\"> <h3 class=\"rank-math-question\">Qual \u00e9 a fun\u00e7\u00e3o do <a href=\"https:\/\/www.agriculture-machine.com\/silage-harvester-machine-with-tractor\/\" target=\"_blank\" rel=\"noopener\">m\u00e1quina de reciclagem de corte de caule<\/a>?<\/h3> <div class=\"rank-math-answer\">  <p>A fun\u00e7\u00e3o de tritura\u00e7\u00e3o e reciclagem de palha.<\/p>  <\/div> <\/div> <div id=\"faq-question-1717140260481\" class=\"rank-math-list-item\"> <h3 class=\"rank-math-question\">Posso comprar apenas a parte de britagem?<\/h3> <div class=\"rank-math-answer\">  <p>Sim, voc\u00ea pode amassar o canudo separadamente (o pre\u00e7o tamb\u00e9m \u00e9 mais barato). Recomenda-se a utiliza\u00e7\u00e3o de um caminh\u00e3o basculante para acompanhar o triturador.<\/p>  <\/div> <\/div> <div id=\"faq-question-1717140264401\" class=\"rank-math-list-item\"> <h3 class=\"rank-math-question\">Voc\u00ea consegue lidar com canudos secos?<\/h3> <div class=\"rank-math-answer\">  <p>Sim, mas a palha verde \u00e9 a melhor para frescor e armazenamento dos animais.<\/p>  <\/div> <\/div> <div id=\"faq-question-1717140271944\" class=\"rank-math-list-item\"> <h3 class=\"rank-math-question\">De quanta pot\u00eancia a m\u00e1quina precisa?<\/h3> <div class=\"rank-math-answer\">  <p>Trator de 80 HP, diferentes larguras de colheita com diferentes tamanhos de pot\u00eancia do trator, para confirmar o tamanho da pot\u00eancia do trator do cliente.<\/p>  <\/div> <\/div> <div id=\"faq-question-1717140280105\" class=\"rank-math-list-item\"> <h3 class=\"rank-math-question\">Qual \u00e9 a altura do restolho ap\u00f3s o esmagamento?<\/h3> <div class=\"rank-math-answer\">  <p>8-15cm.<\/p>  <\/div> <\/div> <div id=\"faq-question-1717140290609\" class=\"rank-math-list-item\"> <h3 class=\"rank-math-question\">Qual \u00e9 a finura da palha triturada?<\/h3> <div class=\"rank-math-answer\">  <p>Tem 3-5cm.<\/p>  <\/div> <\/div> <\/div> <\/div>","protected":false},"excerpt":{"rendered":"<p>A m\u00e1quina de reciclagem e corte de palha \u00e9 um equipamento de colheita e processamento de palha. A m\u00e1quina pode manusear todos os tipos de palha e forragem. <\/p>","protected":false},"author":1,"featured_media":222,"parent":0,"template":"","tags":[42,39,35,43,38],"product-type":[8],"class_list":["post-67","product","type-product","status-publish","has-post-thumbnail","hentry","tag-corn-silage","tag-hay","tag-silage","tag-stalk","tag-straw","product-type-other-silage-machines"],"_links":{"self":[{"href":"https:\/\/balerwrapper.com\/pt\/wp-json\/wp\/v2\/product\/67","targetHints":{"allow":["GET"]}}],"collection":[{"href":"https:\/\/balerwrapper.com\/pt\/wp-json\/wp\/v2\/product"}],"about":[{"href":"https:\/\/balerwrapper.com\/pt\/wp-json\/wp\/v2\/types\/product"}],"author":[{"embeddable":true,"href":"https:\/\/balerwrapper.com\/pt\/wp-json\/wp\/v2\/users\/1"}],"wp:featuredmedia":[{"embeddable":true,"href":"https:\/\/balerwrapper.com\/pt\/wp-json\/wp\/v2\/media\/222"}],"wp:attachment":[{"href":"https:\/\/balerwrapper.com\/pt\/wp-json\/wp\/v2\/media?parent=67"}],"wp:term":[{"taxonomy":"post_tag","embeddable":true,"href":"https:\/\/balerwrapper.com\/pt\/wp-json\/wp\/v2\/tags?post=67"},{"taxonomy":"product-type","embeddable":true,"href":"https:\/\/balerwrapper.com\/pt\/wp-json\/wp\/v2\/product-type?post=67"}],"curies":[{"name":"wp","href":"https:\/\/api.w.org\/{rel}","templated":true}]}}