{"id":65,"date":"2022-08-26T02:05:24","date_gmt":"2022-08-26T02:05:24","guid":{"rendered":"https:\/\/balerwrapper.com\/?post_type=product&#038;p=65"},"modified":"2024-05-31T14:47:17","modified_gmt":"2024-05-31T06:47:17","slug":"hay-cutter-and-baler","status":"publish","type":"product","link":"https:\/\/balerwrapper.com\/pt\/product\/hay-cutter-and-baler\/","title":{"rendered":"M\u00e1quina de enfardamento e corte de silagem para cortador de feno e enfardadeira"},"content":{"rendered":"<div class=\"kk-star-ratings kksr-auto kksr-align-left kksr-valign-top\"     data-payload='{&quot;align&quot;:&quot;left&quot;,&quot;id&quot;:&quot;65&quot;,&quot;slug&quot;:&quot;default&quot;,&quot;valign&quot;:&quot;top&quot;,&quot;ignore&quot;:&quot;&quot;,&quot;reference&quot;:&quot;auto&quot;,&quot;class&quot;:&quot;&quot;,&quot;count&quot;:&quot;89&quot;,&quot;legendonly&quot;:&quot;&quot;,&quot;readonly&quot;:&quot;&quot;,&quot;score&quot;:&quot;4.8&quot;,&quot;starsonly&quot;:&quot;&quot;,&quot;best&quot;:&quot;5&quot;,&quot;gap&quot;:&quot;5&quot;,&quot;greet&quot;:&quot;Rate this product&quot;,&quot;legend&quot;:&quot;4.8\\\/5 - (89 votes)&quot;,&quot;size&quot;:&quot;24&quot;,&quot;title&quot;:&quot;Hay Cutter And Baler Silage Cutting Baling Machine&quot;,&quot;width&quot;:&quot;136.7&quot;,&quot;_legend&quot;:&quot;{score}\\\/{best} - ({count} {votes})&quot;,&quot;font_factor&quot;:&quot;1.25&quot;}'>              <div class=\"kksr-stars\">      <div class=\"kksr-stars-inactive\">             <div class=\"kksr-star\" data-star=\"1\" style=\"padding-right: 5px\">               <div class=\"kksr-icon\" style=\"width: 24px; height: 24px;\"><\/div>         <\/div>             <div class=\"kksr-star\" data-star=\"2\" style=\"padding-right: 5px\">               <div class=\"kksr-icon\" style=\"width: 24px; height: 24px;\"><\/div>         <\/div>             <div class=\"kksr-star\" data-star=\"3\" style=\"padding-right: 5px\">               <div class=\"kksr-icon\" style=\"width: 24px; height: 24px;\"><\/div>         <\/div>             <div class=\"kksr-star\" data-star=\"4\" style=\"padding-right: 5px\">               <div class=\"kksr-icon\" style=\"width: 24px; height: 24px;\"><\/div>         <\/div>             <div class=\"kksr-star\" data-star=\"5\" style=\"padding-right: 5px\">               <div class=\"kksr-icon\" style=\"width: 24px; height: 24px;\"><\/div>         <\/div>     <\/div>      <div class=\"kksr-stars-active\" style=\"width: 136.7px;\">             <div class=\"kksr-star\" style=\"padding-right: 5px\">               <div class=\"kksr-icon\" style=\"width: 24px; height: 24px;\"><\/div>         <\/div>             <div class=\"kksr-star\" style=\"padding-right: 5px\">               <div class=\"kksr-icon\" style=\"width: 24px; height: 24px;\"><\/div>         <\/div>             <div class=\"kksr-star\" style=\"padding-right: 5px\">               <div class=\"kksr-icon\" style=\"width: 24px; height: 24px;\"><\/div>         <\/div>             <div class=\"kksr-star\" style=\"padding-right: 5px\">               <div class=\"kksr-icon\" style=\"width: 24px; height: 24px;\"><\/div>         <\/div>             <div class=\"kksr-star\" style=\"padding-right: 5px\">               <div class=\"kksr-icon\" style=\"width: 24px; height: 24px;\"><\/div>         <\/div>     <\/div> <\/div>                   <div class=\"kksr-legend\" style=\"font-size: 19.2px;\">             4.8\/5 - (89 votos)    <\/div>     <\/div>  <p>O cortador de feno e a enfardadeira podem esmagar e enfardar a palha diretamente no campo. Atende \u00e0s necessidades de quem deseja enfardar palha ou forragem diretamente do campo. A m\u00e1quina economiza tempo, m\u00e3o de obra e custos de transporte para coleta, transporte e tritura\u00e7\u00e3o de canudos. Ele pode lidar com talos em p\u00e9 ou ca\u00eddos, como talos de milho, talos de trigo, talos de algod\u00e3o, etc. E pode realizar 0,82-1,3 acres de reciclagem de palha agr\u00edcola de uma s\u00f3 vez.<\/p>    <figure class=\"wp-block-embed aligncenter is-type-video is-provider-youtube wp-block-embed-youtube wp-embed-aspect-16-9 wp-has-aspect-ratio\"><div class=\"wp-block-embed__wrapper\"> <iframe loading=\"lazy\" title=\"M\u00e1quina de colheita e enfardamento de palha de alta efici\u00eancia, ajuda voc\u00ea a lidar facilmente com res\u00edduos de terras agr\u00edcolas! \ud83c\udf3e\ud83d\ude9c\" width=\"500\" height=\"281\" src=\"https:\/\/www.youtube.com\/embed\/MNmNnsWwQdk?feature=oembed\" frameborder=\"0\" allow=\"accelerometer; autoplay; clipboard-write; encrypted-media; gyroscope; picture-in-picture; web-share\" referrerpolicy=\"strict-origin-when-cross-origin\" allowfullscreen><\/iframe> <\/div><figcaption class=\"wp-element-caption\">V\u00eddeo de funcionamento da m\u00e1quina de corte e enfardamento de feno<\/figcaption><\/figure>    <h2 class=\"wp-block-heading\" id=\"h-what-are-the-hay-cutter-and-baler\">O que \u00e9 o cortador de feno e enfardadeira?<\/h2>    <p class=\"translation-block\">O cortador de feno e enfardadeira pode trabalhar em campos antes e depois da colheita. A m\u00e1quina esmaga, recolhe e enfarda a palha conforme aparece na \u00e1rea de trabalho. Portanto, possui mais fun\u00e7\u00f5es de esmagamento do que a <a href=\"https:\/\/balerwrapper.com\/pt\/product\/round-hay-baler\/\">enfardadeira de recolha de palha.<\/a> A palha enfardada pode ser densa e respir\u00e1vel para facilitar o transporte e armazenamento. <\/p>    <p>Produzimos dois tipos de m\u00e1quinas, enfardadeiras de fardos quadrados e fardos redondos para esmagamento e colheita de palha. Al\u00e9m de ambos utilizarem o trator como for\u00e7a, s\u00e3o diferentes em estrutura e produtos acabados. Aqui est\u00e1 uma breve introdu\u00e7\u00e3o \u00e0s duas m\u00e1quinas.<\/p>    <figure class=\"wp-block-gallery aligncenter has-nested-images columns-default is-cropped wp-block-gallery-2 is-layout-flex wp-block-gallery-is-layout-flex\"><div class=\"wp-block-image\"> <figure class=\"aligncenter size-large\"><img loading=\"lazy\" decoding=\"async\" width=\"720\" height=\"540\" data-id=\"169\" src=\"https:\/\/balerwrapper.com\/wp-content\/uploads\/2022\/08\/hay-cutter-and-baler-.webp\" alt=\"cortador de feno e enfardadeira\" class=\"wp-image-169\" title=\"cortador de feno e enfardadeira\"\/><figcaption class=\"wp-element-caption\">cortador de feno e enfardadeira<\/figcaption><\/figure> <\/div><\/figure>    <h2 class=\"wp-block-heading\" id=\"h-using-scopes-of-the-silage-cutting-baling-machine\">Usando escopos da enfardadeira de corte de silagem<\/h2>    <p>Temos dois tipos de enfardadeiras para corte de silagem. Ambas as m\u00e1quinas podem manusear milho em p\u00e9 ou ca\u00eddo, arroz, trigo, palha de trigo, palha de alfafa, palha de ovelha, junco, palha de algod\u00e3o, etc. Devido \u00e0 fun\u00e7\u00e3o de tritura\u00e7\u00e3o, elas podem trabalhar no campo antes e depois da colheita. E tem um bom efeito de colheita.<\/p>    <h2 class=\"wp-block-heading\" id=\"h-type-i-round-straw-crushing-and-picking-baler\">Tipo I: Enfardadeira de esmagamento e colheita de palha redonda<\/h2>    <p>Este tipo de m\u00e1quina enfarda o produto acabado em formato redondo. Pode utilizar corda e rede para enfardar os fardos, e o tamanho dos fardos \u00e9 70*100mm, al\u00e9m da largura de colheita ser 1,8m ou 1,65m. Os tamanhos de trator correspondentes s\u00e3o superiores a 75 CV e 60 CV.<\/p>   <div class=\"wp-block-image\"> <figure class=\"aligncenter size-full\"><img loading=\"lazy\" decoding=\"async\" width=\"720\" height=\"540\" src=\"https:\/\/balerwrapper.com\/wp-content\/uploads\/2022\/08\/Round-straw-crushing-and-picking-baler-.webp\" alt=\"Enfardadeira de esmagamento e colheita de palha redonda\" class=\"wp-image-163\" title=\"Enfardadeira de esmagamento e colheita de palha redonda\"\/><figcaption class=\"wp-element-caption\">Enfardadeira de esmagamento e colheita de palha redonda<\/figcaption><\/figure> <\/div>   <h3 class=\"wp-block-heading\">Como funcionam as m\u00e1quinas cortadoras de feno e enfardadeiras\uff1f<\/h3>    <figure class=\"wp-block-embed aligncenter is-type-video is-provider-youtube wp-block-embed-youtube wp-embed-aspect-16-9 wp-has-aspect-ratio\"><div class=\"wp-block-embed__wrapper\"> <iframe loading=\"lazy\" title=\"M\u00e1quina trituradora e enfardadeira de palha | Local de trabalho da m\u00e1quina trituradora de corte de palha e enfardadeira\" width=\"500\" height=\"281\" src=\"https:\/\/www.youtube.com\/embed\/zbVtbyUgH64?feature=oembed\" frameborder=\"0\" allow=\"accelerometer; autoplay; clipboard-write; encrypted-media; gyroscope; picture-in-picture; web-share\" referrerpolicy=\"strict-origin-when-cross-origin\" allowfullscreen><\/iframe> <\/div><figcaption class=\"wp-element-caption\">v\u00eddeo de trabalho da enfardadeira de colheita de feno<\/figcaption><\/figure>    <h3 class=\"wp-block-heading\" id=\"h-structure-of-the-hay-cutter-and-baler\">Estrutura do cortador de feno e enfardadeira<\/h3>    <p>O cortador de feno e a enfardadeira cont\u00eam principalmente um mecanismo de corte de palha, mecanismo de transmiss\u00e3o, mecanismo de colheita, mecanismo de ajuntamento, mecanismo de estampagem de pist\u00e3o, mecanismo de prensagem de fardos e outras pe\u00e7as.<\/p>   <div class=\"wp-block-image\"> <figure class=\"aligncenter size-full\"><img loading=\"lazy\" decoding=\"async\" width=\"720\" height=\"540\" src=\"https:\/\/balerwrapper.com\/wp-content\/uploads\/2022\/08\/round-silage-cutting-and-baling-machine-.webp\" alt=\"cortador de feno e enfardadeira\" class=\"wp-image-164\" title=\"cortador de feno e enfardadeira\"\/><figcaption class=\"wp-element-caption\">Cortador de feno e enfardadeira<\/figcaption><\/figure> <\/div>   <h3 class=\"wp-block-heading\" id=\"h-parameters-of-the-small-hay-round-baler\">Par\u00e2metros da enfardadeira de feno pequena<\/h3>    <figure class=\"wp-block-table is-style-stripes\"><table><tbody><tr><td>Modelo<\/td><td>STF 70*100<\/td><\/tr><tr><td>Capacidade de trabalho<\/td><td>0,82-1,3 acres<\/td><\/tr><tr><td>Tamanho<\/td><td>2300*2200*1450mm<\/td><\/tr><\/tbody><\/table><figcaption class=\"wp-element-caption\">dados t\u00e9cnicos da m\u00e1quina de enfardamento redondo de feno pequeno<\/figcaption><\/figure>    <h3 class=\"wp-block-heading\" id=\"h-how-does-the-tractor-baler-work\">Como funciona a enfardadeira trator? <\/h3>   <div id=\"rank-math-howto\" class=\"rank-math-block\" > <div class=\"rank-math-howto-description\">  <\/div>  <div class=\"rank-math-steps\"> <div id=\"howto-step-1717136285118\" class=\"rank-math-step\"> <div class=\"rank-math-step-content\"><p>O princ\u00edpio de funcionamento da enfardadeira trator \u00e9 primeiro amassar e esmagar os talos de milho grossos, fortes e duros. E sob a in\u00e9rcia da m\u00e1quina, o material ser\u00e1 jogado na batedeira.<\/p> <\/div> <\/div> <div id=\"howto-step-1717137652050\" class=\"rank-math-step\"> <div class=\"rank-math-step-content\"><p>Ent\u00e3o a batedeira empurrar\u00e1 o material para a porta de alimenta\u00e7\u00e3o, o garfo de alimenta\u00e7\u00e3o enviar\u00e1 o material para a c\u00e2mara de compress\u00e3o.<\/p> <\/div> <\/div> <div id=\"howto-step-1717137658958\" class=\"rank-math-step\"> <div class=\"rank-math-step-content\"><p>Em seguida, o pist\u00e3o comprimir\u00e1 o canudo sob a a\u00e7\u00e3o rec\u00edproca.<\/p> <\/div> <\/div> <div id=\"howto-step-1717137724308\" class=\"rank-math-step\"> <div class=\"rank-math-step-content\"><p>Assim, a parte traseira da caixa da enfardadeira ir\u00e1 soar um alarme automaticamente quando a capacidade estiver cheia. E a corda autom\u00e1tica envolver\u00e1 o fardo. E por fim, abra a lixeira e coloque a bola nos fardos.<\/p> <\/div> <\/div> <\/div> <\/div>      <div class=\"wp-block-image\"> <figure class=\"aligncenter size-full\"><img loading=\"lazy\" decoding=\"async\" width=\"720\" height=\"540\" src=\"https:\/\/balerwrapper.com\/wp-content\/uploads\/2022\/08\/tractor-baler-.webp\" alt=\"enfardadeira de trator \" class=\"wp-image-165\" title=\"enfardadeira de trator \"\/><figcaption class=\"wp-element-caption\">enfardadeira de trator <\/figcaption><\/figure> <\/div>   <h3 class=\"wp-block-heading has-text-align-left\" id=\"h-highlights-of-the-compact-tractor-baler\">Destaques da enfardadeira trator compacta<\/h3>    <ul class=\"wp-block-list\"> <li>O cortador de feno e a enfardadeira t\u00eam uma ampla gama de utiliza\u00e7\u00f5es. Pode colher palha de arroz, feno, palha de trigo, alfafa e outros caules de gram\u00edneas de cereais.<\/li>    <li>A enfardadeira trator possui estrutura simples, baixo \u00edndice de falhas e trabalho confi\u00e1vel. A m\u00e1quina \u00e9 f\u00e1cil de operar e os fardos formados s\u00e3o pequenos e f\u00e1ceis de transportar.<\/li>    <li>Por ser pendente, \u00e9 indicado para tratores de pequeno e m\u00e9dio porte, que s\u00e3o flex\u00edveis e m\u00f3veis.<\/li>    <li>Ap\u00f3s a forma\u00e7\u00e3o do fardo, o trator vem com um mecanismo hidr\u00e1ulico para controlar o cilindro, e a estrutura traseira se abre, cuspindo o fardo.<\/li> <\/ul>    <h2 class=\"wp-block-heading\" id=\"h-type-ii-square-hay-baler\">Tipo II: enfardadeira de feno quadrada<\/h2>    <p>A enfardadeira quadrada de esmagamento e colheita de palha s\u00f3 pode usar a corda para enfardar o material. A m\u00e1quina tem largura de britagem de 2,2m e precisa ser conduzida por trator de 75cv ou mais. O tamanho do fardo \u00e9 1100*400*300mm e a m\u00e1quina n\u00e3o precisa colocar a bola em opera\u00e7\u00e3o, ela descarregar\u00e1 o fardo automaticamente. O usu\u00e1rio s\u00f3 precisa se mover a uma determinada velocidade no campo.<\/p>   <div class=\"wp-block-image\"> <figure class=\"aligncenter size-full\"><img loading=\"lazy\" decoding=\"async\" width=\"720\" height=\"540\" src=\"https:\/\/balerwrapper.com\/wp-content\/uploads\/2022\/08\/Square-hay-baler-.webp\" alt=\"Enfardadeira de feno quadrada\" class=\"wp-image-166\" title=\"Enfardadeira de feno quadrada\"\/><figcaption class=\"wp-element-caption\">Enfardadeira de feno quadrada<\/figcaption><\/figure> <\/div>   <h3 class=\"wp-block-heading\" id=\"h-detailed-specification-of-the-hay-cutter-and-baler\">Especifica\u00e7\u00f5es detalhadas do cortador de feno e enfardadeira<\/h3>    <figure class=\"wp-block-table is-style-stripes\"><table><tbody><tr><td>Modelo<\/td><td>Largura do seletor<\/td><td>Tipo de estrutura do seletor<\/td><td>Tipo de n\u00f3<\/td><td>N\u00famero de atadores<\/td><td>Tempos de reciprocidade do pist\u00e3o agrupado<\/td><td>Dimens\u00f5es (mm)<\/td><td>Poder de apoio<\/td><\/tr><tr><td>9YFQ-2.2<\/td><td>2.240 mm<\/td><td>Dente de mola<\/td><td>D<\/td><td>2<\/td><td>100\/min<\/td><td>4150\u00d72850\u00d71800<\/td><td>\u226536,7 kW<\/td><\/tr><\/tbody><\/table><figcaption class=\"wp-element-caption\">Dados t\u00e9cnicos da m\u00e1quina cortadora de feno e enfardadeira<\/figcaption><\/figure>    <h3 class=\"wp-block-heading\" id=\"h-structure-of-the-straw-crushing-baler\">Estrutura da enfardadeira trituradora de palha<\/h3>    <p>A enfardadeira trituradora de palha inclui principalmente uma estrutura, roda m\u00f3vel, viga de tra\u00e7\u00e3o, sistema de transmiss\u00e3o, dispositivo de compress\u00e3o, dispositivo de enfardamento, dispositivo de coleta, dispositivo de embalagem, etc.<\/p>   <div class=\"wp-block-image\"> <figure class=\"aligncenter size-full\"><img loading=\"lazy\" decoding=\"async\" width=\"720\" height=\"540\" src=\"https:\/\/balerwrapper.com\/wp-content\/uploads\/2022\/08\/straw-crushing-baler-.webp\" alt=\" enfardadeira de esmagamento de palha\" class=\"wp-image-167\" title=\" enfardadeira de esmagamento de palha\"\/><figcaption class=\"wp-element-caption\"> enfardadeira de esmagamento de palha<\/figcaption><\/figure> <\/div>   <h3 class=\"wp-block-heading\">Cena de trabalho da enfardadeira de feno quadrada <\/h3>    <figure class=\"wp-block-embed aligncenter is-type-video is-provider-youtube wp-block-embed-youtube wp-embed-aspect-16-9 wp-has-aspect-ratio\"><div class=\"wp-block-embed__wrapper\"> <iframe loading=\"lazy\" title=\"M\u00e1quina enfardadeira de feno quadrada para enfardar feno, palha de arroz, conversa de milho, alfafa, etc.\" width=\"500\" height=\"281\" src=\"https:\/\/www.youtube.com\/embed\/ZZp-At9iy2w?feature=oembed\" frameborder=\"0\" allow=\"accelerometer; autoplay; clipboard-write; encrypted-media; gyroscope; picture-in-picture; web-share\" referrerpolicy=\"strict-origin-when-cross-origin\" allowfullscreen><\/iframe> <\/div><figcaption class=\"wp-element-caption\">v\u00eddeo de funcionamento da m\u00e1quina de enfardamento de feno quadrado<\/figcaption><\/figure>    <h3 class=\"wp-block-heading\" id=\"h-advantages-of-the-square-press-crushing-baling-machine\">Vantagens da prensa quadrada e enfardadeira<\/h3>    <ul class=\"wp-block-list\"> <li>A estrutura dianteira do trator pode girar 180 graus livremente e com flexibilidade, o que resolve o problema de limita\u00e7\u00e3o de pot\u00eancia do trator.<\/li>    <li>Esta m\u00e1quina \u00e9 firmemente soldada e adota uma caixa de engrenagens ampliada e rolamentos ampliados, que s\u00e3o resistentes ao desgaste.<\/li>    <li>A l\u00e2mina pode atender aos requisitos de diferentes clientes quanto ao grau de esmagamento da palha.<\/li>    <li>O eixo de alimenta\u00e7\u00e3o adota uma faca de propuls\u00e3o em espiral e transmiss\u00e3o em forma de onda, resolvendo o problema de palha emaranhada e material de bloqueio, e n\u00e3o aparecer\u00e1 eixo quebrado.<\/li>    <li>A m\u00e1quina adota tubo de a\u00e7o sem costura s\u00f3lido, resistente ao desgaste e dur\u00e1vel.<\/li> <\/ul>   <div class=\"wp-block-image\"> <figure class=\"aligncenter size-full\"><img loading=\"lazy\" decoding=\"async\" width=\"720\" height=\"540\" src=\"https:\/\/balerwrapper.com\/wp-content\/uploads\/2022\/08\/square-press-crushing-baling-machine-.webp\" alt=\"m\u00e1quina de enfardamento e britagem de prensa quadrada\" class=\"wp-image-168\" title=\"m\u00e1quina de enfardamento e britagem de prensa quadrada\"\/><figcaption class=\"wp-element-caption\">m\u00e1quina de enfardamento e britagem de prensa quadrada<\/figcaption><\/figure> <\/div>   <h2 class=\"wp-block-heading\" id=\"h-what-are-the-differences-between-the-two-hay-cutter-and-balers\">Quais s\u00e3o as diferen\u00e7as entre os dois cortadores de feno e enfardadeiras?<\/h2>    <ul class=\"wp-block-list\"> <li>O formato dos produtos acabados das duas m\u00e1quinas \u00e9 diferente, uma \u00e9 um fardo redondo e a outra \u00e9 um fardo quadrado.<\/li>    <li>O material usado para enfardar a grama \u00e9 diferente, a enfardadeira de esmagamento e colheita de palha redonda pode usar rede e corda. O quadrado s\u00f3 pode usar a corda para enfardar a grama.<\/li>    <li>A estrutura interna das duas m\u00e1quinas tamb\u00e9m \u00e9 diferente e o formato do produto final \u00e9 diferente em tamanho.<\/li> <\/ul>    <p class=\"translation-block\">A nossa f\u00e1brica produz e fabrica diferentes tipos de m\u00e1quinas de reciclagem de <a href=\"https:\/\/en.wikipedia.org\/wiki\/Straw\" target=\"_blank\" rel=\"noopener\">palha<\/a>, pode escolher de acordo com a procura e a situa\u00e7\u00e3o real, e aceitamos personaliza\u00e7\u00e3o. N\u00e3o hesite em contactar-nos para mais informa\u00e7\u00f5es e cota\u00e7\u00e3o da m\u00e1quina.<\/p>","protected":false},"excerpt":{"rendered":"<p>O cortador de feno e a enfardadeira podem esmagar e enfardar a palha diretamente no campo. Consegue enfardar palha ou forragem diretamente do campo. Assim, a reciclagem da palha \u00e9 realizada.<\/p>","protected":false},"author":1,"featured_media":161,"parent":0,"template":"","tags":[39,35],"product-type":[7],"class_list":["post-65","product","type-product","status-publish","has-post-thumbnail","hentry","tag-hay","tag-silage","product-type-silage-baler"],"_links":{"self":[{"href":"https:\/\/balerwrapper.com\/pt\/wp-json\/wp\/v2\/product\/65","targetHints":{"allow":["GET"]}}],"collection":[{"href":"https:\/\/balerwrapper.com\/pt\/wp-json\/wp\/v2\/product"}],"about":[{"href":"https:\/\/balerwrapper.com\/pt\/wp-json\/wp\/v2\/types\/product"}],"author":[{"embeddable":true,"href":"https:\/\/balerwrapper.com\/pt\/wp-json\/wp\/v2\/users\/1"}],"wp:featuredmedia":[{"embeddable":true,"href":"https:\/\/balerwrapper.com\/pt\/wp-json\/wp\/v2\/media\/161"}],"wp:attachment":[{"href":"https:\/\/balerwrapper.com\/pt\/wp-json\/wp\/v2\/media?parent=65"}],"wp:term":[{"taxonomy":"post_tag","embeddable":true,"href":"https:\/\/balerwrapper.com\/pt\/wp-json\/wp\/v2\/tags?post=65"},{"taxonomy":"product-type","embeddable":true,"href":"https:\/\/balerwrapper.com\/pt\/wp-json\/wp\/v2\/product-type?post=65"}],"curies":[{"name":"wp","href":"https:\/\/api.w.org\/{rel}","templated":true}]}}