{"id":63,"date":"2022-08-26T01:48:00","date_gmt":"2022-08-26T01:48:00","guid":{"rendered":"https:\/\/balerwrapper.com\/?post_type=product&#038;p=63"},"modified":"2025-06-06T17:45:12","modified_gmt":"2025-06-06T09:45:12","slug":"round-hay-baler","status":"publish","type":"product","link":"https:\/\/balerwrapper.com\/pt\/product\/round-hay-baler\/","title":{"rendered":"Enfardadeira de feno redonda e m\u00e1quina de colheita de palha quadrada"},"content":{"rendered":"<div class=\"kk-star-ratings kksr-auto kksr-align-left kksr-valign-top\"     data-payload='{&quot;align&quot;:&quot;left&quot;,&quot;id&quot;:&quot;63&quot;,&quot;slug&quot;:&quot;default&quot;,&quot;valign&quot;:&quot;top&quot;,&quot;ignore&quot;:&quot;&quot;,&quot;reference&quot;:&quot;auto&quot;,&quot;class&quot;:&quot;&quot;,&quot;count&quot;:&quot;98&quot;,&quot;legendonly&quot;:&quot;&quot;,&quot;readonly&quot;:&quot;&quot;,&quot;score&quot;:&quot;4.9&quot;,&quot;starsonly&quot;:&quot;&quot;,&quot;best&quot;:&quot;5&quot;,&quot;gap&quot;:&quot;5&quot;,&quot;greet&quot;:&quot;Rate this product&quot;,&quot;legend&quot;:&quot;4.9\\\/5 - (98 votes)&quot;,&quot;size&quot;:&quot;24&quot;,&quot;title&quot;:&quot;Round Hay Baler And Square Straw Picking Machine&quot;,&quot;width&quot;:&quot;139.6&quot;,&quot;_legend&quot;:&quot;{score}\\\/{best} - ({count} {votes})&quot;,&quot;font_factor&quot;:&quot;1.25&quot;}'>              <div class=\"kksr-stars\">      <div class=\"kksr-stars-inactive\">             <div class=\"kksr-star\" data-star=\"1\" style=\"padding-right: 5px\">               <div class=\"kksr-icon\" style=\"width: 24px; height: 24px;\"><\/div>         <\/div>             <div class=\"kksr-star\" data-star=\"2\" style=\"padding-right: 5px\">               <div class=\"kksr-icon\" style=\"width: 24px; height: 24px;\"><\/div>         <\/div>             <div class=\"kksr-star\" data-star=\"3\" style=\"padding-right: 5px\">               <div class=\"kksr-icon\" style=\"width: 24px; height: 24px;\"><\/div>         <\/div>             <div class=\"kksr-star\" data-star=\"4\" style=\"padding-right: 5px\">               <div class=\"kksr-icon\" style=\"width: 24px; height: 24px;\"><\/div>         <\/div>             <div class=\"kksr-star\" data-star=\"5\" style=\"padding-right: 5px\">               <div class=\"kksr-icon\" style=\"width: 24px; height: 24px;\"><\/div>         <\/div>     <\/div>      <div class=\"kksr-stars-active\" style=\"width: 139.6px;\">             <div class=\"kksr-star\" style=\"padding-right: 5px\">               <div class=\"kksr-icon\" style=\"width: 24px; height: 24px;\"><\/div>         <\/div>             <div class=\"kksr-star\" style=\"padding-right: 5px\">               <div class=\"kksr-icon\" style=\"width: 24px; height: 24px;\"><\/div>         <\/div>             <div class=\"kksr-star\" style=\"padding-right: 5px\">               <div class=\"kksr-icon\" style=\"width: 24px; height: 24px;\"><\/div>         <\/div>             <div class=\"kksr-star\" style=\"padding-right: 5px\">               <div class=\"kksr-icon\" style=\"width: 24px; height: 24px;\"><\/div>         <\/div>             <div class=\"kksr-star\" style=\"padding-right: 5px\">               <div class=\"kksr-icon\" style=\"width: 24px; height: 24px;\"><\/div>         <\/div>     <\/div> <\/div>                   <div class=\"kksr-legend\" style=\"font-size: 19.2px;\">             4,9\/5 - (98 votos)    <\/div>     <\/div>  <p>A m\u00e1quina de fardos redondos de palha \u00e9 um tipo de equipamento agr\u00edcola eficiente e pr\u00e1tico, utilizado principalmente para a colheita autom\u00e1tica, fardagem e descarregamento de palha quebrada ap\u00f3s a colheita no campo. <\/p>    <p>A m\u00e1quina \u00e9 especialmente adequada para milho, trigo, arroz, pastagens e outras culturas para processamento de palha, e pode melhorar significativamente a efici\u00eancia operacional (at\u00e9 1,3-1,65 acres\/h).<\/p>    <p>O produto final da m\u00e1quina s\u00e3o fardos de palha compactos com uma densidade de 180kg\/m\u00b3 (di\u00e2metro 50cm \u00d7 comprimento 80cm), o que \u00e9 conveniente para a coleta, transporte e armazenamento da palha. <\/p>    <p>\u00c9 amplamente utilizado na \u00e1rea da pecu\u00e1ria e na utiliza\u00e7\u00e3o abrangente da palha, e foi exportado para muitos pa\u00edses como a Holanda, Mal\u00e1sia, Panam\u00e1, Indon\u00e9sia, etc., sendo bem recebido pelos usu\u00e1rios.<\/p>    <figure class=\"wp-block-embed aligncenter is-type-video is-provider-youtube wp-block-embed-youtube wp-embed-aspect-16-9 wp-has-aspect-ratio\"><div class=\"wp-block-embed__wrapper\"> <iframe loading=\"lazy\" title=\"Integra\u00e7\u00e3o eficiente de coleta e enfardamento! Enfardadeira de feno quadrada para venda\" width=\"500\" height=\"281\" src=\"https:\/\/www.youtube.com\/embed\/VuYooF-GE2I?start=54&#038;feature=oembed\" frameborder=\"0\" allow=\"accelerometer; autoplay; clipboard-write; encrypted-media; gyroscope; picture-in-picture; web-share\" referrerpolicy=\"strict-origin-when-cross-origin\" allowfullscreen><\/iframe> <\/div><figcaption class=\"wp-element-caption\">v\u00eddeo de trabalho da m\u00e1quina enfardadeira de feno redonda de palha de silagem<\/figcaption><\/figure>    <h2 class=\"wp-block-heading\" id=\"h-what-s-the-best-hay-baler\">Dois tipos de m\u00e1quina de enfardamento de palha<\/h2>    <p>Produzimos principalmente dois tipos de enfardadeiras de palha: enfardadeiras de feno redondas e enfardadeiras de palha quadradas. Elas s\u00e3o adequadas para diferentes formas e larguras das necessidades de enfardamento de palha. Ambas s\u00e3o acionadas pela pot\u00eancia do PTO da suspens\u00e3o de tr\u00eas pontos do trator, o que \u00e9 altamente adapt\u00e1vel e eficiente.<\/p>    <p class=\"translation-block\"><strong>Principais diferen\u00e7as e funcionalidades adicionais:<\/strong><\/p>    <p>A prensa redonda pode usar corda ou rede para prensar de v\u00e1rias maneiras, enquanto a prensa quadrada s\u00f3 pode usar corda para prensar, o que \u00e9 mais compacto. <\/p>    <p class=\"translation-block\">Adicionalmente, fornecemos tamb\u00e9m enfardadeiras de feno com fun\u00e7\u00e3o de esmagamento, que s\u00e3o adequadas para o tratamento de palha n\u00e3o partida, realizando a opera\u00e7\u00e3o integrada de recolha, esmagamento e enfardamento.<\/p>    <figure class=\"wp-block-gallery has-nested-images columns-default is-cropped wp-block-gallery-2 is-layout-flex wp-block-gallery-is-layout-flex\"> <figure class=\"wp-block-image size-large\"><img loading=\"lazy\" decoding=\"async\" width=\"720\" height=\"540\" data-id=\"190\" src=\"https:\/\/balerwrapper.com\/wp-content\/uploads\/2022\/08\/best-hay-baler-.webp\" alt=\"melhor enfardadeira de feno redonda\" class=\"wp-image-190\" title=\"melhor enfardadeira de feno redonda\"\/><figcaption class=\"wp-element-caption\">melhor enfardadeira de feno redonda<\/figcaption><\/figure>    <figure class=\"wp-block-image size-large\"><img loading=\"lazy\" decoding=\"async\" width=\"720\" height=\"540\" data-id=\"191\" src=\"https:\/\/balerwrapper.com\/wp-content\/uploads\/2022\/08\/square-hay-pick-up-baler-machine-.webp\" alt=\"m\u00e1quina enfardadeira de coleta de feno quadrado \" class=\"wp-image-191\" title=\"m\u00e1quina enfardadeira de coleta de feno quadrado \"\/><figcaption class=\"wp-element-caption\">m\u00e1quina enfardadeira de coleta de feno quadrado <\/figcaption><\/figure> <\/figure>    <h2 class=\"wp-block-heading\">Vantagens do uso de m\u00e1quinas de coleta e prensagem de palha<\/h2>    <ul class=\"wp-block-list\"> <li>Estrutura compacta, pequena \u00e1rea ocupada: a m\u00e1quina inteira tem uma estrutura razo\u00e1vel, economizando espa\u00e7o de opera\u00e7\u00e3o.<\/li>    <li>Opera\u00e7\u00e3o simples, f\u00e1cil de iniciar: estrutura simples, f\u00e1cil de entender e usar, baixo custo de treinamento.<\/li>    <li>Bom efeito de prensagem: o fardo \u00e9 apertado por fora e solto por dentro, ventilado e arejado, o que \u00e9 bom para armazenamento.<\/li>    <li>Reduzir a polui\u00e7\u00e3o ambiental: pode coletar a palha quebrada no campo e evitar a polui\u00e7\u00e3o do ar causada pela queima.<\/li>    <li>Utiliza\u00e7\u00e3o eficiente de recursos: a palha prensada pode ser usada para fabrica\u00e7\u00e3o de papel, gera\u00e7\u00e3o de energia, cria\u00e7\u00e3o de animais e outros fins.<\/li>    <li>Transporte e armazenamento convenientes: a palha prensada \u00e9 organizada e compacta, o que melhora a efici\u00eancia de manuseio e armazenamento.<\/li> <\/ul>   <div class=\"wp-block-image\"> <figure class=\"aligncenter size-full\"><img loading=\"lazy\" decoding=\"async\" width=\"720\" height=\"540\" src=\"https:\/\/balerwrapper.com\/wp-content\/uploads\/2022\/08\/hay-and-straw-baling-machine-.webp\" alt=\"m\u00e1quina de enfardamento de feno e palha\" class=\"wp-image-193\" title=\"m\u00e1quina de enfardamento de feno e palha\"\/><figcaption class=\"wp-element-caption\">Enfardadeira de feno e palha<\/figcaption><\/figure> <\/div>   <h2 class=\"wp-block-heading\">\u00c2mbitos de aplica\u00e7\u00e3o da m\u00e1quina de enfardamento de palha<\/h2>    <ul class=\"wp-block-list\"> <li>Adequado para a colheita e prensagem de feno, silagem e forragem.<\/li>    <li>\u00c9 adequado para a opera\u00e7\u00e3o de prensagem de palha de trigo, arroz e milho amassado.<\/li>    <li>Entretanto, pode ser utilizado para coletar e prensar palha de algod\u00e3o, palha de colza, vinhas de amendoim, palha de feij\u00e3o e outros tipos de palha de culturas.<\/li>    <li>\u00c9 a escolha ideal para a utiliza\u00e7\u00e3o de recursos de palha nos campos da pecu\u00e1ria, fabrica\u00e7\u00e3o de papel e assim por diante.<\/li> <\/ul>    <h2 class=\"wp-block-heading\" id=\"h-type-i-pickup-round-baler\">Tipo I: enfardadeira redonda coletora<\/h2>    <p>A enfardadeira de feno redonda recolhe material utilizando os dentes frontais da m\u00e1quina. O tamanho do fardo final \u00e9 de 70 cm de di\u00e2metro e 100 cm de comprimento. A m\u00e1quina \u00e9 compacta, f\u00e1cil de operar e fi\u00e1vel.<\/p>   <div class=\"wp-block-image\"> <figure class=\"aligncenter size-full\"><img loading=\"lazy\" decoding=\"async\" width=\"720\" height=\"540\" src=\"https:\/\/balerwrapper.com\/wp-content\/uploads\/2022\/08\/Pickup-round-baler.webp\" alt=\"Enfardadeira redonda coletora\" class=\"wp-image-192\" title=\"Enfardadeira redonda coletora\"\/><figcaption class=\"wp-element-caption\">Enfardadeira de feno redonda recolhida<\/figcaption><\/figure> <\/div>   <h3 class=\"wp-block-heading\">Estrutura da enfardadora de palha redonda compacta<\/h3>    <p>Este tipo de prensa redonda de feno inclui principalmente um mecanismo de coleta, mecanismo de rolo de prensagem, mecanismo de amarra\u00e7\u00e3o, mecanismo de libera\u00e7\u00e3o de fardos, etc. <\/p>    <p>O fardo formado \u00e9 pequeno e compacto, e o fardo \u00e9 solto por dentro e apertado por fora, com boa permeabilidade ao ar, o que \u00e9 conveniente para transporte e armazenamento.<\/p>   <div class=\"wp-block-image\"> <figure class=\"aligncenter size-full\"><img loading=\"lazy\" decoding=\"async\" width=\"720\" height=\"540\" src=\"https:\/\/balerwrapper.com\/wp-content\/uploads\/2022\/08\/compact-round-baler.webp\" alt=\"enfardadeira redonda compacta\" class=\"wp-image-199\" title=\"enfardadeira redonda compacta\"\/><figcaption class=\"wp-element-caption\">enfardadeira redonda compacta<\/figcaption><\/figure> <\/div>   <h3 class=\"wp-block-heading\">Como funciona a enfardadeira de feno redonda?<\/h3>   <div id=\"rank-math-howto\" class=\"rank-math-block\" > <div class=\"rank-math-howto-description\">  <\/div>  <div class=\"rank-math-steps\"> <div id=\"howto-step-1717057803150\" class=\"rank-math-step\"> <div class=\"rank-math-step-content\"><p>O trator puxa a enfardadeira de feno redonda para andar na palha colhida. Ent\u00e3o, \u00e0 medida que o trator avan\u00e7a, a pot\u00eancia \u00e9 liberada e o mecanismo de coleta come\u00e7a a girar, recolhendo a palha e alimentando-a na c\u00e2mara de lamina\u00e7\u00e3o.<\/p> <\/div> <\/div> <div id=\"howto-step-1717057819817\" class=\"rank-math-step\"> <div class=\"rank-math-step-content\"><p>Com a rota\u00e7\u00e3o cont\u00ednua do tambor da enfardadeira, a palha que entra na c\u00e2mara de enfardamento muda gradualmente de pequena para grande para formar um fardo redondo e compacto.<\/p> <\/div> <\/div> <div id=\"howto-step-1717057832313\" class=\"rank-math-step\"> <div class=\"rank-math-step-content\"><p>Em seguida, quando o fardo atinge uma densidade predeterminada, a buzina de alarme soa e o motorista para o trator avan\u00e7ar.<\/p> <\/div> <\/div> <div id=\"howto-step-1717057843722\" class=\"rank-math-step\"> <div class=\"rank-math-step-content\"><p>O motorista puxa a alavanca hidr\u00e1ulica para fazer a v\u00e1lvula hidr\u00e1ulica mudar de dire\u00e7\u00e3o, o cilindro funciona e a estrutura traseira abre e joga fora o fardo.<\/p> <\/div> <\/div> <\/div> <\/div>       <figure class=\"wp-block-embed is-type-video is-provider-youtube wp-block-embed-youtube wp-embed-aspect-16-9 wp-has-aspect-ratio\"><div class=\"wp-block-embed__wrapper\"> <iframe loading=\"lazy\" title=\"V\u00eddeo de feedback da enfardadeira pick-up | enfardadeira de feno | v\u00eddeo de funcionamento da m\u00e1quina enfardadeira de palha.\" width=\"500\" height=\"281\" src=\"https:\/\/www.youtube.com\/embed\/dH9rpWyAvro?feature=oembed\" frameborder=\"0\" allow=\"accelerometer; autoplay; clipboard-write; encrypted-media; gyroscope; picture-in-picture; web-share\" referrerpolicy=\"strict-origin-when-cross-origin\" allowfullscreen><\/iframe> <\/div><figcaption class=\"wp-element-caption\">local de trabalho da m\u00e1quina de fardos de feno redondos<\/figcaption><\/figure>    <h3 class=\"wp-block-heading\" id=\"h-specification-of-the-round-hay-baler\">Dados t\u00e9cnicos da enfardadora de palha redonda<\/h3>    <figure class=\"wp-block-table is-style-stripes\"><table><tbody><tr><td>Modelo<\/td><td>ST80*100<\/td><\/tr><tr><td>Peso<\/td><td>680kg<\/td><\/tr><tr><td>Pot\u00eancia do trator<\/td><td>Mais de 40cv<\/td><\/tr><tr><td>Dimens\u00e3o Geral<\/td><td>1,63*1,37*1,43m<\/td><\/tr><tr><td>Tamanho da enfardadeira<\/td><td>\u03a6800*1000mm<\/td><\/tr><tr><td>Peso da enfardadeira<\/td><td>40-50kg<\/td><\/tr><tr><td>Capacidade<\/td><td>1,3-1,65 acres\/h<\/td><\/tr><\/tbody><\/table><figcaption class=\"wp-element-caption\"> par\u00e2metro da enfardadeira de feno redonda<\/figcaption><\/figure>   <div class=\"wp-block-image\"> <figure class=\"aligncenter size-full\"><img loading=\"lazy\" decoding=\"async\" width=\"720\" height=\"540\" src=\"https:\/\/balerwrapper.com\/wp-content\/uploads\/2022\/08\/mini-round-baler-.webp\" alt=\"mini enfardadeira redonda\" class=\"wp-image-198\" title=\"mini enfardadeira redonda\"\/><figcaption class=\"wp-element-caption\">mini enfardadeira redonda<\/figcaption><\/figure> <\/div>   <h2 class=\"wp-block-heading\" id=\"h-type-ii-pick-up-square-baler\">Tipo II: Pegue a enfardadeira quadrada<\/h2>    <p>Este tipo de prensa quadrada de coleta pode colher materiais com 2m ou 2,2m de largura. O tamanho final do fardo \u00e9 de 110cm de comprimento, 40cm de largura e 30cm de altura.<\/p>    <p>Voc\u00ea pode escolher a largura certa de acordo com suas necessidades. Os fardos em forma de quadrado s\u00e3o f\u00e1ceis de colocar e transportar. \u00c9 um equipamento ideal para a coleta de palha.<\/p>   <div class=\"wp-block-image\"> <figure class=\"aligncenter size-full\"><img loading=\"lazy\" decoding=\"async\" width=\"720\" height=\"540\" src=\"https:\/\/balerwrapper.com\/wp-content\/uploads\/2022\/08\/pick-up-square-baler-.webp\" alt=\"pegar enfardadeira quadrada\" class=\"wp-image-195\" title=\"pegar enfardadeira quadrada\"\/><figcaption class=\"wp-element-caption\">pegar enfardadeira quadrada<\/figcaption><\/figure> <\/div>   <h3 class=\"wp-block-heading\" id=\"h-structure-of-automatic-straw-pick-up-packing-machine\">Estrutura da m\u00e1quina embaladora autom\u00e1tica de coleta de palha <\/h3>    <p>As principais pe\u00e7as de trabalho incluem o dispositivo de coleta, mecanismo de transmiss\u00e3o, dispositivo de alimenta\u00e7\u00e3o de palha, estrutura de prensagem de fardos, estrutura de amarra\u00e7\u00e3o de fardos, dispositivo limitador, estrutura de ajuste e controle, etc.<\/p>    <h3 class=\"wp-block-heading\" id=\"h-technical-information-on-the-tractor-mounted-hay-picking-and-baling-machine\">Par\u00e2metros da m\u00e1quina de coleta e prensagem de feno montada em trator<\/h3>    <figure class=\"wp-block-table is-style-stripes\"><table><tbody><tr><td>modelo<\/td><td>TZ-190<\/td><\/tr><tr><td>Poder<\/td><td>Trator 80-90 HP<\/td><\/tr><tr><td>Trabalhando de forma eficiente<\/td><td>6-15km\/h<\/td><\/tr><tr><td>Largura de trabalho<\/td><td>1,9 m<\/td><\/tr><tr><td>Tamanho do fardo<\/td><td>110*40*30 cent\u00edmetros<\/td><\/tr><tr><td>Tamanho<\/td><td>500*280*140 cent\u00edmetros<\/td><\/tr><tr><td>Peso<\/td><td>1460kg<\/td><\/tr><\/tbody><\/table><figcaption class=\"wp-element-caption\">par\u00e2metro da m\u00e1quina de colheita e enfardamento de feno montada em trator<\/figcaption><\/figure>   <div class=\"wp-block-image\"> <figure class=\"aligncenter size-full\"><img loading=\"lazy\" decoding=\"async\" width=\"720\" height=\"540\" src=\"https:\/\/balerwrapper.com\/wp-content\/uploads\/2022\/08\/hay-picking-and-baling-machine-.webp\" alt=\"m\u00e1quina de colheita e enfardamento de feno \" class=\"wp-image-196\" title=\"m\u00e1quina de colheita e enfardamento de feno \"\/><figcaption class=\"wp-element-caption\">M\u00e1quina de colheita e enfardamento de feno <\/figcaption><\/figure> <\/div>   <h3 class=\"wp-block-heading\" id=\"h-working-principle-of-the-hay-picking-and-baling-machine\">Princ\u00edpio de funcionamento da m\u00e1quina de colheita e enfardamento de feno <\/h3>    <ul class=\"wp-block-list\"> <li>Fonte de energia: conectada atrav\u00e9s da suspens\u00e3o traseira de tr\u00eas pontos do trator, o eixo de sa\u00edda traseiro do trator \u00e9 utilizado para fornecer energia de funcionamento e opera\u00e7\u00e3o.<\/li>    <li>Coleta e alimenta\u00e7\u00e3o: o coletor gira para pegar a palha no ch\u00e3o e transport\u00e1-la para o dispositivo de alimenta\u00e7\u00e3o.<\/li>    <li>Compacta\u00e7\u00e3o e prensagem: a palha entra na c\u00e2mara de prensagem de forma uniforme e \u00e9 automaticamente compactada e prensada quando atinge o volume definido.<\/li>    <li>Descarregamento autom\u00e1tico de fardos: ap\u00f3s a prensagem ser conclu\u00edda, os fardos quadrados s\u00e3o descarregados pela porta de descarga, completando todo o processo de prensagem.<\/li> <\/ul>    <figure class=\"wp-block-embed is-type-video is-provider-youtube wp-block-embed-youtube wp-embed-aspect-16-9 wp-has-aspect-ratio\"><div class=\"wp-block-embed__wrapper\"> <iframe loading=\"lazy\" title=\"Tractore rebocando m\u00e1quina enfardadeira de cintas de palha quadrada\" width=\"500\" height=\"281\" src=\"https:\/\/www.youtube.com\/embed\/5o1yotMUw0Y?feature=oembed\" frameborder=\"0\" allow=\"accelerometer; autoplay; clipboard-write; encrypted-media; gyroscope; picture-in-picture; web-share\" referrerpolicy=\"strict-origin-when-cross-origin\" allowfullscreen><\/iframe> <\/div><figcaption class=\"wp-element-caption\">V\u00eddeo de trabalho da enfardadora de feno quadrada<\/figcaption><\/figure>    <h2 class=\"wp-block-heading\" id=\"h-why-choose-our-straw-picking-and-baling-machine\">Por que escolher nossa m\u00e1quina de colheita e enfardamento de palha?<\/h2>    <ul class=\"wp-block-list\"> <li>Equipe de fabrica\u00e7\u00e3o profissional: constru\u00edda por t\u00e9cnicos experientes, utilizando materiais de alta qualidade, estrutura razo\u00e1vel e desempenho confi\u00e1vel.<\/li>    <li>Servi\u00e7o pontual e profissional: fornecer respostas r\u00e1pidas e profissionais para ajudar os clientes a resolver problemas encontrados no processo de uso.<\/li>    <li>Prote\u00e7\u00e3o p\u00f3s-venda perfeita: desfrute de um ano de servi\u00e7o p\u00f3s-venda. Se os clientes relatarem problemas dentro de um ano, iremos ajudar prontamente a resolver, para garantir um uso sem preocupa\u00e7\u00f5es.<\/li> <\/ul>   <div class=\"wp-block-image\"> <figure class=\"aligncenter size-full\"><img loading=\"lazy\" decoding=\"async\" width=\"720\" height=\"540\" src=\"https:\/\/balerwrapper.com\/wp-content\/uploads\/2022\/08\/stock-of-our-straw-picking-and-baling-machine-.jpg\" alt=\"estoque de nossa m\u00e1quina de colheita e enfardamento de palha \" class=\"wp-image-197\" title=\"estoque de nossa m\u00e1quina de colheita e enfardamento de palha \"\/><figcaption class=\"wp-element-caption\">o estoque da nossa m\u00e1quina de colheita e enfardamento de palha<\/figcaption><\/figure> <\/div>   <h2 class=\"wp-block-heading\" id=\"h-faults-and-solutions\">Falhas e solu\u00e7\u00f5es<\/h2>    <ol class=\"wp-block-list\"> <li>Falha: a parte de coleta est\u00e1 bloqueada por grama.<br>Raz\u00e3o: o monte de grama \u00e9 muito grande, a velocidade de condu\u00e7\u00e3o \u00e9 muito r\u00e1pida e a humidade da pe\u00e7a de trabalho \u00e9 muito alta.<br>Solu\u00e7\u00e3o: menor <a href=\"https:\/\/en.wikipedia.org\/wiki\/Straw\" target=\"_blank\" rel=\"noopener\">canudo<\/a> pilha, velocidade de trabalho mais lenta, material de trabalho seco.<\/li>    <li>Falha: o fardo \u00e9 c\u00f4nico.<br>Raz\u00e3o: conduzir em uma extremidade da faixa de grama, e a faixa de grama \u00e9 espessa em uma extremidade.<br>Solu\u00e7\u00e3o: conduza no centro da faixa de grama.<\/li>    <li>Falha: o rolo gira, o coletor n\u00e3o gira.<br>Raz\u00e3o: o pino de seguran\u00e7a do coletor de grama est\u00e1 cortado.<br>Solu\u00e7\u00e3o: Substitua o parafuso de seguran\u00e7a.<\/li>    <li>Falha: quando h\u00e1 uma linha quebrada no meio do feixe.<br>Raz\u00e3o: a resist\u00eancia do dispositivo de corda de press\u00e3o do dispositivo de fornecimento de corda, o dispositivo de corda tem um problema.<br>Solu\u00e7\u00e3o: relaxar a corda e depois passar a corda para ajustar a mola e reduzir a resist\u00eancia. Verifique o andador de corda.<\/li> <\/ol>    <p>Se voc\u00ea est\u00e1 procurando um coletor e enfardador de palha eficiente, dur\u00e1vel e f\u00e1cil de operar, nossos produtos ser\u00e3o a sua escolha ideal. Entre em contato conosco agora para ajud\u00e1-lo a reutilizar a palha da sua colheita!<\/p>","protected":false},"excerpt":{"rendered":"<p>A enfardadeira de feno redonda \u00e9 geralmente usada em campos de milho p\u00f3s-colheita. Porque s\u00f3 aguenta talos de milho amassados. Desempenha a fun\u00e7\u00e3o de recolher e enfardar a palha picada.<\/p>","protected":false},"author":1,"featured_media":188,"parent":0,"template":"","tags":[39,38],"product-type":[7],"class_list":["post-63","product","type-product","status-publish","has-post-thumbnail","hentry","tag-hay","tag-straw","product-type-silage-baler"],"_links":{"self":[{"href":"https:\/\/balerwrapper.com\/pt\/wp-json\/wp\/v2\/product\/63","targetHints":{"allow":["GET"]}}],"collection":[{"href":"https:\/\/balerwrapper.com\/pt\/wp-json\/wp\/v2\/product"}],"about":[{"href":"https:\/\/balerwrapper.com\/pt\/wp-json\/wp\/v2\/types\/product"}],"author":[{"embeddable":true,"href":"https:\/\/balerwrapper.com\/pt\/wp-json\/wp\/v2\/users\/1"}],"wp:featuredmedia":[{"embeddable":true,"href":"https:\/\/balerwrapper.com\/pt\/wp-json\/wp\/v2\/media\/188"}],"wp:attachment":[{"href":"https:\/\/balerwrapper.com\/pt\/wp-json\/wp\/v2\/media?parent=63"}],"wp:term":[{"taxonomy":"post_tag","embeddable":true,"href":"https:\/\/balerwrapper.com\/pt\/wp-json\/wp\/v2\/tags?post=63"},{"taxonomy":"product-type","embeddable":true,"href":"https:\/\/balerwrapper.com\/pt\/wp-json\/wp\/v2\/product-type?post=63"}],"curies":[{"name":"wp","href":"https:\/\/api.w.org\/{rel}","templated":true}]}}