{"id":55,"date":"2022-08-24T10:35:12","date_gmt":"2022-08-24T10:35:12","guid":{"rendered":"https:\/\/balerwrapper.com\/?post_type=product&#038;p=55"},"modified":"2024-05-30T18:34:56","modified_gmt":"2024-05-30T10:34:56","slug":"combined-grass-grain-crusher","status":"publish","type":"product","link":"https:\/\/balerwrapper.com\/pt\/product\/combined-grass-grain-crusher\/","title":{"rendered":"M\u00e1quina combinada do moedor do cortador de palha do triturador de gr\u00e3o da grama"},"content":{"rendered":"<div class=\"kk-star-ratings kksr-auto kksr-align-left kksr-valign-top\"     data-payload='{&quot;align&quot;:&quot;left&quot;,&quot;id&quot;:&quot;55&quot;,&quot;slug&quot;:&quot;default&quot;,&quot;valign&quot;:&quot;top&quot;,&quot;ignore&quot;:&quot;&quot;,&quot;reference&quot;:&quot;auto&quot;,&quot;class&quot;:&quot;&quot;,&quot;count&quot;:&quot;97&quot;,&quot;legendonly&quot;:&quot;&quot;,&quot;readonly&quot;:&quot;&quot;,&quot;score&quot;:&quot;4.8&quot;,&quot;starsonly&quot;:&quot;&quot;,&quot;best&quot;:&quot;5&quot;,&quot;gap&quot;:&quot;5&quot;,&quot;greet&quot;:&quot;Rate this product&quot;,&quot;legend&quot;:&quot;4.8\\\/5 - (97 votes)&quot;,&quot;size&quot;:&quot;24&quot;,&quot;title&quot;:&quot;Combined Grass Grain Crusher Chaff Cutter Grinder Machine&quot;,&quot;width&quot;:&quot;136.7&quot;,&quot;_legend&quot;:&quot;{score}\\\/{best} - ({count} {votes})&quot;,&quot;font_factor&quot;:&quot;1.25&quot;}'>              <div class=\"kksr-stars\">      <div class=\"kksr-stars-inactive\">             <div class=\"kksr-star\" data-star=\"1\" style=\"padding-right: 5px\">               <div class=\"kksr-icon\" style=\"width: 24px; height: 24px;\"><\/div>         <\/div>             <div class=\"kksr-star\" data-star=\"2\" style=\"padding-right: 5px\">               <div class=\"kksr-icon\" style=\"width: 24px; height: 24px;\"><\/div>         <\/div>             <div class=\"kksr-star\" data-star=\"3\" style=\"padding-right: 5px\">               <div class=\"kksr-icon\" style=\"width: 24px; height: 24px;\"><\/div>         <\/div>             <div class=\"kksr-star\" data-star=\"4\" style=\"padding-right: 5px\">               <div class=\"kksr-icon\" style=\"width: 24px; height: 24px;\"><\/div>         <\/div>             <div class=\"kksr-star\" data-star=\"5\" style=\"padding-right: 5px\">               <div class=\"kksr-icon\" style=\"width: 24px; height: 24px;\"><\/div>         <\/div>     <\/div>      <div class=\"kksr-stars-active\" style=\"width: 136.7px;\">             <div class=\"kksr-star\" style=\"padding-right: 5px\">               <div class=\"kksr-icon\" style=\"width: 24px; height: 24px;\"><\/div>         <\/div>             <div class=\"kksr-star\" style=\"padding-right: 5px\">               <div class=\"kksr-icon\" style=\"width: 24px; height: 24px;\"><\/div>         <\/div>             <div class=\"kksr-star\" style=\"padding-right: 5px\">               <div class=\"kksr-icon\" style=\"width: 24px; height: 24px;\"><\/div>         <\/div>             <div class=\"kksr-star\" style=\"padding-right: 5px\">               <div class=\"kksr-icon\" style=\"width: 24px; height: 24px;\"><\/div>         <\/div>             <div class=\"kksr-star\" style=\"padding-right: 5px\">               <div class=\"kksr-icon\" style=\"width: 24px; height: 24px;\"><\/div>         <\/div>     <\/div> <\/div>                   <div class=\"kksr-legend\" style=\"font-size: 19.2px;\">             4.8\/5 - (97 votos)    <\/div>     <\/div>  <p>O triturador combinado de gr\u00e3os de grama \u00e9 um equipamento multifuncional de manuseio de ra\u00e7\u00e3o. Podemos usar a m\u00e1quina para cortar grama, mas tamb\u00e9m para esmagar uma variedade de gr\u00e3os, frutas e vegetais. O material processado \u00e9 geralmente usado para alimentar bovinos, ovinos, cavalos, porcos e outros animais. <\/p>    <figure class=\"wp-block-embed aligncenter is-type-video is-provider-youtube wp-block-embed-youtube wp-embed-aspect-16-9 wp-has-aspect-ratio\"><div class=\"wp-block-embed__wrapper\"> <iframe loading=\"lazy\" title=\"M\u00e1quina cortadora e trituradora de palha, melhorando a efici\u00eancia da colheita!\" width=\"500\" height=\"281\" src=\"https:\/\/www.youtube.com\/embed\/csKAdpXtbn8?feature=oembed\" frameborder=\"0\" allow=\"accelerometer; autoplay; clipboard-write; encrypted-media; gyroscope; picture-in-picture; web-share\" referrerpolicy=\"strict-origin-when-cross-origin\" allowfullscreen><\/iframe> <\/div><figcaption class=\"wp-element-caption\">V\u00eddeo t\u00edpico de funcionamento da m\u00e1quina cortadora e moedora de palha<\/figcaption><\/figure>    <p class=\"translation-block\">A m\u00e1quina \u00e9 compacta e port\u00e1til, mas pode produzir at\u00e9 1800 kg\/h. Tamb\u00e9m pode funcionar com uma <a href=\"https:\/\/balerwrapper.com\/pt\/product\/corn-silage-baler-machine\/\">m\u00e1quina de enfardar silagem<\/a> para fazer a ra\u00e7\u00e3o para o gado.<\/p>    <h2 class=\"wp-block-heading\" id=\"h-introduction-to-the-combined-grass-grain-crusher\">Introdu\u00e7\u00e3o ao triturador combinado de gr\u00e3os de grama<\/h2>    <p>Nossa f\u00e1brica produz muitos modelos diferentes de trituradores combinados de gr\u00e3os de grama. As mais populares s\u00e3o a m\u00e1quina trituradora de palha de cinco portas e a de quatro portas. Existem dois modelos de cortador e moedor de palha de quatro bocas que s\u00e3o mais populares. Eles s\u00e3o 9ZF-500B e 9ZF-1800 respectivamente. Eles lidam com os mesmos materiais. <\/p>    <p>Quanto \u00e0 pot\u00eancia, podem ser motores el\u00e9tricos, motores a gasolina e motores a diesel. A pot\u00eancia espec\u00edfica depende do modelo espec\u00edfico da m\u00e1quina e das necessidades do cliente. Elas podem n\u00e3o apenas cortar, esmagar e amassar a palha, forragem, etc. A seguir est\u00e1 uma descri\u00e7\u00e3o detalhada da m\u00e1quina. Para mais informa\u00e7\u00f5es sobre a m\u00e1quina, n\u00e3o hesite em nos contactar!<\/p>    <h2 class=\"wp-block-heading\" id=\"h-the-range-of-chaff-cutter-grinder-machine-use\">A gama de m\u00e1quinas trituradoras de palha utiliza<\/h2>    <p>A m\u00e1quina trituradora de palha pode lidar com tipos de palha, como talos de milho, talos de feij\u00e3o, palhas, palhas de arroz, palhas de trigo, pastagens, mudas de amendoim, mudas de amendoim, etc.<\/p>   <div class=\"wp-block-image is-resized\"> <figure class=\"aligncenter size-full\"><img loading=\"lazy\" decoding=\"async\" width=\"720\" height=\"540\" src=\"https:\/\/balerwrapper.com\/wp-content\/uploads\/2022\/08\/chaff-cutter-grinder-machine-.webp\" alt=\"m\u00e1quina cortadora de palha\" class=\"wp-image-139\" title=\"m\u00e1quina cortadora de palha\"\/><figcaption class=\"wp-element-caption\">m\u00e1quina cortadora de palha<\/figcaption><\/figure> <\/div>  <div class=\"wp-block-image\"> <figure class=\"aligncenter size-full\"><img loading=\"lazy\" decoding=\"async\" width=\"720\" height=\"540\" src=\"https:\/\/balerwrapper.com\/wp-content\/uploads\/2022\/08\/finished-production-from-chaff-cutter.webp\" alt=\"produ\u00e7\u00e3o finalizada de cortador de palha\" class=\"wp-image-686\" srcset=\"https:\/\/balerwrapper.com\/wp-content\/uploads\/2022\/08\/finished-production-from-chaff-cutter.webp 720w, https:\/\/balerwrapper.com\/wp-content\/uploads\/2022\/08\/finished-production-from-chaff-cutter-300x225.webp 300w, https:\/\/balerwrapper.com\/wp-content\/uploads\/2022\/08\/finished-production-from-chaff-cutter-16x12.webp 16w\" sizes=\"auto, (max-width: 720px) 100vw, 720px\" \/><figcaption class=\"wp-element-caption\">produ\u00e7\u00e3o finalizada de cortador de palha<\/figcaption><\/figure> <\/div>   <h2 class=\"wp-block-heading\">Como funciona a m\u00e1quina trituradora de palha?<\/h2>    <figure class=\"wp-block-embed is-type-video is-provider-youtube wp-block-embed-youtube wp-embed-aspect-16-9 wp-has-aspect-ratio\"><div class=\"wp-block-embed__wrapper\"> <iframe loading=\"lazy\" title=\"Como funciona o cortador de palha e o moedor de gr\u00e3os? Cortador e moedor de palha combinado\" width=\"500\" height=\"281\" src=\"https:\/\/www.youtube.com\/embed\/fRnZ0Yh8jaE?feature=oembed\" frameborder=\"0\" allow=\"accelerometer; autoplay; clipboard-write; encrypted-media; gyroscope; picture-in-picture; web-share\" referrerpolicy=\"strict-origin-when-cross-origin\" allowfullscreen><\/iframe> <\/div><\/figure>    <h2 class=\"wp-block-heading\" id=\"h-type-1-four-port-combined-grass-grain-crusher\">Tipo 1: Triturador combinado de gr\u00e3os de grama de quatro portas<\/h2>    <p>O triturador combinado de gr\u00e3os de grama de quatro portas possui duas sa\u00eddas e duas entradas. Uma sa\u00edda descarrega a grama triturada e uma sa\u00edda descarrega o gr\u00e3o triturado. Portanto, os dois materiais tamb\u00e9m entram por entradas diferentes. <\/p>    <p>A m\u00e1quina possui l\u00e2minas e l\u00e2minas de martelo em seu interior. Portanto, a palha ou o talo podem ser transformados em produtos segmentados e triturados. Al\u00e9m disso, h\u00e1 uma tela dentro da m\u00e1quina. Os clientes podem alterar a tela com diferentes tamanhos de malha de acordo com suas necessidades.<\/p>    <figure class=\"wp-block-gallery aligncenter has-nested-images columns-default is-cropped wp-block-gallery-2 is-layout-flex wp-block-gallery-is-layout-flex\"> <figure class=\"wp-block-image size-large\"><img loading=\"lazy\" decoding=\"async\" width=\"720\" height=\"540\" data-id=\"142\" src=\"https:\/\/balerwrapper.com\/wp-content\/uploads\/2022\/08\/combined-grass-grain-crusher-9ZF-500B.webp\" alt=\"triturador de gr\u00e3os de grama combinado 9ZF-500B\" class=\"wp-image-142\" title=\"triturador de gr\u00e3os de grama combinado 9ZF-500B\"\/><figcaption class=\"wp-element-caption\">triturador de gr\u00e3os de grama combinado 9ZF-500B<\/figcaption><\/figure>    <figure class=\"wp-block-image size-large\"><img loading=\"lazy\" decoding=\"async\" width=\"720\" height=\"540\" data-id=\"143\" src=\"https:\/\/balerwrapper.com\/wp-content\/uploads\/2022\/08\/grass-grin-crusher-9ZF-1800-.webp\" alt=\"triturador de grama 9ZF-1800 \" class=\"wp-image-143\" title=\"triturador de grama 9ZF-1800 \"\/><figcaption class=\"wp-element-caption\">triturador de grama 9ZF-1800<\/figcaption><\/figure> <\/figure>    <h3 class=\"wp-block-heading\" id=\"h-structure-of-the-silage-feed-cutting-grinder\">Estrutura do moedor de corte de alimenta\u00e7\u00e3o para silagem<\/h3>    <p>A estrutura de ambos os modelos de moedor de corte de alimenta\u00e7\u00e3o para silagem \u00e9 semelhante, incluindo principalmente uma entrada de corte, entrada de gr\u00e3os diversos, sa\u00edda de pulveriza\u00e7\u00e3o alta, sa\u00edda de pulveriza\u00e7\u00e3o, sistema de tritura\u00e7\u00e3o de corte, pot\u00eancia (motor, motor a gasolina, motor diesel), rod\u00edzios m\u00f3veis (podem ser pneus pneum\u00e1ticos personalizados), estrutura, etc.<\/p>    <h3 class=\"wp-block-heading\" id=\"h-poultry-feed-grinder-parameters\">Par\u00e2metros do moedor de ra\u00e7\u00e3o para aves<\/h3>    <p>Os par\u00e2metros do moedor de ra\u00e7\u00e3o para aves 9ZF-500B. A produ\u00e7\u00e3o da m\u00e1quina \u00e9 menor e pode chegar a 300-500kg por hora.<\/p>    <figure class=\"wp-block-table is-style-stripes\"><table><tbody><tr><td>Modelo<\/td><td>500B<\/td><\/tr><tr><td>Velocidade do motor<\/td><td>2.800 rpm<\/td><\/tr><tr><td>Capacidade<\/td><td>300KG-500KG\/H<\/td><\/tr><tr><td>Poder esmagador<\/td><td>3 kW<\/td><\/tr><tr><td>Peso<\/td><td>55KG (n\u00e3o incluindo energia)<\/td><\/tr><tr><td>Capacidade de corte de palha<\/td><td>1200KG<\/td><\/tr><tr><td>Tela correspondente<\/td><td>4 (2\/3\/10\/30)<\/td><\/tr><\/tbody><\/table><figcaption class=\"wp-element-caption\">Par\u00e2metro do moedor de ra\u00e7\u00e3o para aves<\/figcaption><\/figure>    <p>A produ\u00e7\u00e3o do triturador combinado de gr\u00e3os de grama 9ZF-1800 pode chegar a 1.800 kg por hora.<\/p>    <figure class=\"wp-block-table is-style-stripes\"><table><tbody><tr><td>Modelo de m\u00e1quina<\/td><td class=\"has-text-align-left\" data-align=\"left\">&nbsp;9ZF-1800<\/td><\/tr><tr><td>Velocidade do motor<\/td><td class=\"has-text-align-left\" data-align=\"left\">2.800 rpm<\/td><\/tr><tr><td>Tens\u00e3o nominal<\/td><td class=\"has-text-align-left\" data-align=\"left\">220 V<\/td><\/tr><tr><td>Poder<\/td><td class=\"has-text-align-left\" data-align=\"left\">3KW<\/td><\/tr><tr><td>Peso da m\u00e1quina<\/td><td class=\"has-text-align-left\" data-align=\"left\">75KG<\/td><\/tr><tr><td>Sa\u00edda da m\u00e1quina<\/td><td class=\"has-text-align-left\" data-align=\"left\">1800kg\/hora<\/td><\/tr><tr><td>Escopo de aplica\u00e7\u00e3o<\/td><td class=\"has-text-align-left\" data-align=\"left\">Vacas, ovelhas, porcos, galinhas, patos, coelhos e outros animais<\/td><\/tr><\/tbody><\/table><figcaption class=\"wp-element-caption\">Par\u00e2metro combinado do triturador de gr\u00e3os de grama<\/figcaption><\/figure>    <h3 class=\"wp-block-heading\" id=\"h-what-are-the-advantages-of-the-straw-cutter-and-grain-grinder\">Quais s\u00e3o as vantagens do cortador de palha e do moedor de gr\u00e3os?<\/h3>    <ul class=\"wp-block-list\"> <li>O cortador de palha e o moedor de gr\u00e3os s\u00e3o amplamente utilizados. Eles podem lidar com uma variedade de materiais, como palha, forragem, vegetais, frutas, gr\u00e3os, etc. Isso pode atender \u00e0s necessidades das pessoas por ra\u00e7\u00e3o diversificada e nutritiva.<\/li>    <li>A m\u00e1quina tem uma variedade de fun\u00e7\u00f5es al\u00e9m da guilhotina, mas tamb\u00e9m pode esmagar uma variedade de gr\u00e3os e frutas. Al\u00e9m disso, a forragem tamb\u00e9m pode ser amassada em peda\u00e7os.<\/li>    <li>A m\u00e1quina possui rod\u00edzios para facilitar a movimenta\u00e7\u00e3o, economizando tempo e energia para movimentar a m\u00e1quina.<\/li>    <li>V\u00e1rios modelos da m\u00e1quina podem atender aos diferentes requisitos dos usu\u00e1rios para produ\u00e7\u00e3o. Ao mesmo tempo, diferentes pot\u00eancias podem satisfazer as necessidades de diferentes regi\u00f5es.<\/li> <\/ul>    <figure class=\"wp-block-gallery aligncenter has-nested-images columns-default is-cropped wp-block-gallery-3 is-layout-flex wp-block-gallery-is-layout-flex\"> <figure class=\"wp-block-image size-large\"><img loading=\"lazy\" decoding=\"async\" width=\"720\" height=\"540\" data-id=\"148\" src=\"https:\/\/balerwrapper.com\/wp-content\/uploads\/2022\/08\/straw-cutter-and-grain-grinder-.webp\" alt=\"cortador de palha e moedor de gr\u00e3os\" class=\"wp-image-148\" title=\"cortador de palha e moedor de gr\u00e3os\"\/><figcaption class=\"wp-element-caption\">cortador de palha e moedor de gr\u00e3os<\/figcaption><\/figure>    <figure class=\"wp-block-image size-large\"><img loading=\"lazy\" decoding=\"async\" width=\"720\" height=\"540\" data-id=\"149\" src=\"https:\/\/balerwrapper.com\/wp-content\/uploads\/2022\/08\/puoltry-feed-grinder-.webp\" alt=\"moedor de ra\u00e7\u00e3o para aves\" class=\"wp-image-149\" title=\"moedor de ra\u00e7\u00e3o para aves\"\/><figcaption class=\"wp-element-caption\">moedor de ra\u00e7\u00e3o para aves<\/figcaption><\/figure> <\/figure>    <h2 class=\"wp-block-heading\" id=\"h-type-2-five-port-combined-grass-grain-crusher\">Tipo 2: Triturador combinado de gr\u00e3os de grama de cinco portas<\/h2>    <p>O triturador combinado de gr\u00e3os de grama de cinco portas \u00e9 baseado no de quatro portas com mais uma sa\u00edda. Das tr\u00eas portas de descarga, a que sai de cima \u00e9 material seco, a que sai do meio \u00e9 material mais aguado e a que sai de baixo \u00e9 gr\u00e3o. <\/p>    <p>Assim, a m\u00e1quina pode distinguir automaticamente diferentes materiais. As demais pe\u00e7as s\u00e3o semelhantes ao tipo 1. A m\u00e1quina tamb\u00e9m \u00e9 equipada com 5 telas. E os clientes podem escolher o tamanho de malha certo de acordo com suas necessidades.<\/p>    <figure class=\"wp-block-gallery has-nested-images columns-default is-cropped wp-block-gallery-4 is-layout-flex wp-block-gallery-is-layout-flex\"> <figure class=\"wp-block-image size-large\"><img loading=\"lazy\" decoding=\"async\" width=\"720\" height=\"540\" data-id=\"144\" src=\"https:\/\/balerwrapper.com\/wp-content\/uploads\/2022\/08\/combined-grass-grain-crusher-2.webp\" alt=\"triturador de gr\u00e3os de grama combinado\" class=\"wp-image-144\"\/><figcaption class=\"wp-element-caption\">triturador de gr\u00e3os de grama combinado<\/figcaption><\/figure>    <figure class=\"wp-block-image size-large\"><img loading=\"lazy\" decoding=\"async\" width=\"720\" height=\"540\" data-id=\"684\" src=\"https:\/\/balerwrapper.com\/wp-content\/uploads\/2022\/08\/grain-cutting-and-crushing-machine.webp\" alt=\"m\u00e1quina de corte e tritura\u00e7\u00e3o de gr\u00e3os\" class=\"wp-image-684\" srcset=\"https:\/\/balerwrapper.com\/wp-content\/uploads\/2022\/08\/grain-cutting-and-crushing-machine.webp 720w, https:\/\/balerwrapper.com\/wp-content\/uploads\/2022\/08\/grain-cutting-and-crushing-machine-300x225.webp 300w, https:\/\/balerwrapper.com\/wp-content\/uploads\/2022\/08\/grain-cutting-and-crushing-machine-16x12.webp 16w\" sizes=\"auto, (max-width: 720px) 100vw, 720px\" \/><figcaption class=\"wp-element-caption\">m\u00e1quina de corte e tritura\u00e7\u00e3o de gr\u00e3os<\/figcaption><\/figure> <\/figure>    <h3 class=\"wp-block-heading\" id=\"h-what-is-the-structure-of-the-silage-feed-cutting-grinder\">Qual \u00e9 a estrutura do moedor de corte de alimenta\u00e7\u00e3o para silagem? <\/h3>    <p>A estrutura do moedor de corte de alimenta\u00e7\u00e3o para silagem \u00e9 semelhante \u00e0 do tipo 1. Consiste principalmente em uma estrutura, rodas, entrada de gr\u00e3os, entrada de guilhotina, pot\u00eancia, sa\u00edda de pulveriza\u00e7\u00e3o alta, sa\u00edda de pulveriza\u00e7\u00e3o m\u00e9dia, sa\u00edda de pulveriza\u00e7\u00e3o baixa, etc. do triturador combinado de gr\u00e3os de grama \u00e9 compacto e totalmente funcional.<\/p>    <h3 class=\"wp-block-heading\" id=\"h-detailed-technical-parameters-of-the-chop-cutter-machine\">Par\u00e2metros t\u00e9cnicos detalhados da m\u00e1quina cortadora de chop<\/h3>    <figure class=\"wp-block-table is-style-stripes\"><table><tbody><tr><td>Modelo<\/td><td>9ZF-500<\/td><\/tr><tr><td>Velocidade do motor<\/td><td>2.800 rpm<\/td><\/tr><tr><td>Poder<\/td><td>3KW<\/td><\/tr><tr><td>Peso da m\u00e1quina<\/td><td>68KG<\/td><\/tr><tr><td>Sa\u00edda da m\u00e1quina<\/td><td>1200KG<\/td><\/tr><tr><td>Tamanho<\/td><td>1220*1070*1190mm<\/td><\/tr><tr><td>Tela correspondente<\/td><td>4 (2\/3\/10\/30)<\/td><\/tr><\/tbody><\/table><figcaption class=\"wp-element-caption\">par\u00e2metro da m\u00e1quina cortadora de costeleta<\/figcaption><\/figure>    <h3 class=\"wp-block-heading\" id=\"h-what-are-the-good-points-of-the-cow-feed-cutting-machine\">Quais s\u00e3o os pontos positivos da m\u00e1quina de corte de ra\u00e7\u00e3o para vacas?<\/h3>    <ul class=\"wp-block-list\"> <li>A fun\u00e7\u00e3o de amassar do triturador de gr\u00e3os de grama combinado pode transformar talos de milho, talos de feij\u00e3o, palhas e outras culturas e ervas daninhas selvagens em filamentos mais macios. Este material triturado \u00e9 f\u00e1cil para bovinos, ovinos e posterior digest\u00e3o e absor\u00e7\u00e3o.<\/li>    <li>A m\u00e1quina possui design avan\u00e7ado, opera\u00e7\u00e3o suave, f\u00e1cil opera\u00e7\u00e3o, economia de energia, seguran\u00e7a e confiabilidade e muitas outras vantagens.<\/li>    <li>Ao mesmo tempo, o triturador combinado de gr\u00e3os de grama fora do material tamb\u00e9m \u00e9 prop\u00edcio para o transporte e armazenamento de enfardamento. \u00c9 uma m\u00e1quina necess\u00e1ria para a maioria dos criadores de gado e ovinos e pequenas e m\u00e9dias f\u00e1bricas de processamento de ra\u00e7\u00f5es na \u00e1rea de cria\u00e7\u00e3o.<\/li> <\/ul>    <figure class=\"wp-block-gallery has-nested-images columns-default is-cropped wp-block-gallery-5 is-layout-flex wp-block-gallery-is-layout-flex\"> <figure class=\"wp-block-image size-large\"><img loading=\"lazy\" decoding=\"async\" width=\"720\" height=\"540\" data-id=\"682\" src=\"https:\/\/balerwrapper.com\/wp-content\/uploads\/2022\/08\/silage-cutter-and-grinder-machine.webp\" alt=\"m\u00e1quina cortadora e moedora de silagem\" class=\"wp-image-682\" srcset=\"https:\/\/balerwrapper.com\/wp-content\/uploads\/2022\/08\/silage-cutter-and-grinder-machine.webp 720w, https:\/\/balerwrapper.com\/wp-content\/uploads\/2022\/08\/silage-cutter-and-grinder-machine-300x225.webp 300w, https:\/\/balerwrapper.com\/wp-content\/uploads\/2022\/08\/silage-cutter-and-grinder-machine-16x12.webp 16w\" sizes=\"auto, (max-width: 720px) 100vw, 720px\" \/><figcaption class=\"wp-element-caption\">m\u00e1quina cortadora e moedora de silagem<\/figcaption><\/figure>    <figure class=\"wp-block-image size-large\"><img loading=\"lazy\" decoding=\"async\" width=\"720\" height=\"540\" data-id=\"147\" src=\"https:\/\/balerwrapper.com\/wp-content\/uploads\/2022\/08\/cow-feed-cutting-machine-factory-.jpg\" alt=\"\" class=\"wp-image-147\"\/><\/figure> <\/figure>    <h2 class=\"wp-block-heading\" id=\"h-export-chaff-cutter-and-grinder-to-sudan\">Exportar cortador e moedor de palha para o Sud\u00e3o<\/h2>    <p class=\"translation-block\">Ontem, um cliente do <a href=\"https:\/\/en.wikipedia.org\/wiki\/Sudan\" target=\"_blank\" rel=\"noopener\">Sud\u00e3o<\/a> comprou de n\u00f3s uma trituradora combinada de capim e gr\u00e3os 9ZF-500. O cliente possui uma f\u00e1brica de cria\u00e7\u00e3o, alimentando principalmente gado bovino e ovino. Portanto, uma grande quantidade de forragem tem de ser processada todos os dias. <\/p>    <p>Para melhorar a efici\u00eancia do processamento de forragem, o cliente precisava de uma m\u00e1quina profissional de processamento de forragem. Ent\u00e3o o cliente procurou a m\u00e1quina na internet e encontrou nosso site. Ap\u00f3s navegar, o cliente nos contatou. <\/p>    <p>Imediatamente envi\u00e1mos fotos e v\u00eddeos da m\u00e1quina e dos par\u00e2metros relacionados ao cliente. Tamb\u00e9m recomendamos um modelo de m\u00e1quina que se adequasse \u00e0s necessidades do cliente. Ap\u00f3s considera\u00e7\u00e3o, o cliente decidiu comprar um moedor de palha de cinco cortes.<\/p>    <figure class=\"wp-block-gallery has-nested-images columns-default is-cropped wp-block-gallery-6 is-layout-flex wp-block-gallery-is-layout-flex\"> <figure class=\"wp-block-image size-large\"><img loading=\"lazy\" decoding=\"async\" width=\"720\" height=\"540\" data-id=\"145\" src=\"https:\/\/balerwrapper.com\/wp-content\/uploads\/2022\/08\/wooden-case-packing-of-chaff-cutter-and-grinder-.jpg\" alt=\"\" class=\"wp-image-145\"\/><figcaption class=\"wp-element-caption\">embalagem em caixa de madeira para cortador e moedor de palha<\/figcaption><\/figure>    <figure class=\"wp-block-image size-large\"><img loading=\"lazy\" decoding=\"async\" width=\"720\" height=\"540\" data-id=\"146\" src=\"https:\/\/balerwrapper.com\/wp-content\/uploads\/2022\/08\/shipping-of-the-9ZF-500-chaff-cutter-.jpg\" alt=\"envio do cortador de palha 9ZF-500\" class=\"wp-image-146\" title=\"envio do cortador de palha 9ZF-500\"\/><figcaption class=\"wp-element-caption\">envio do cortador de palha 9ZF-500<\/figcaption><\/figure> <\/figure>    <h2 class=\"wp-block-heading\">Contate-nos a qualquer momento<\/h2>    <p>Nossa empresa \u00e9 especializada na fabrica\u00e7\u00e3o de m\u00e1quinas de processamento de silagem com vasta experi\u00eancia. Se voc\u00ea tamb\u00e9m est\u00e1 envolvido em neg\u00f3cios relacionados, seremos sua melhor escolha, seja bem-vindo ao navegar neste site e n\u00e3o hesite em nos contatar, estamos ansiosos para cooperar com voc\u00ea!<\/p>","protected":false},"excerpt":{"rendered":"<p>O triturador combinado de gr\u00e3os de grama \u00e9 um equipamento multifuncional de manuseio de ra\u00e7\u00e3o. Pode processar grama, gr\u00e3os, frutas e vegetais. <\/p>","protected":false},"author":1,"featured_media":150,"parent":0,"template":"","tags":[40,35],"product-type":[6],"class_list":["post-55","product","type-product","status-publish","has-post-thumbnail","hentry","tag-grass","tag-silage","product-type-chaff-cutter"],"_links":{"self":[{"href":"https:\/\/balerwrapper.com\/pt\/wp-json\/wp\/v2\/product\/55","targetHints":{"allow":["GET"]}}],"collection":[{"href":"https:\/\/balerwrapper.com\/pt\/wp-json\/wp\/v2\/product"}],"about":[{"href":"https:\/\/balerwrapper.com\/pt\/wp-json\/wp\/v2\/types\/product"}],"author":[{"embeddable":true,"href":"https:\/\/balerwrapper.com\/pt\/wp-json\/wp\/v2\/users\/1"}],"wp:featuredmedia":[{"embeddable":true,"href":"https:\/\/balerwrapper.com\/pt\/wp-json\/wp\/v2\/media\/150"}],"wp:attachment":[{"href":"https:\/\/balerwrapper.com\/pt\/wp-json\/wp\/v2\/media?parent=55"}],"wp:term":[{"taxonomy":"post_tag","embeddable":true,"href":"https:\/\/balerwrapper.com\/pt\/wp-json\/wp\/v2\/tags?post=55"},{"taxonomy":"product-type","embeddable":true,"href":"https:\/\/balerwrapper.com\/pt\/wp-json\/wp\/v2\/product-type?post=55"}],"curies":[{"name":"wp","href":"https:\/\/api.w.org\/{rel}","templated":true}]}}