{"id":53,"date":"2022-08-24T10:24:55","date_gmt":"2022-08-24T10:24:55","guid":{"rendered":"https:\/\/balerwrapper.com\/?post_type=product&#038;p=53"},"modified":"2026-04-23T16:45:07","modified_gmt":"2026-04-23T08:45:07","slug":"silage-wrapping-machine","status":"publish","type":"product","link":"https:\/\/balerwrapper.com\/pt\/product\/silage-wrapping-machine\/","title":{"rendered":"M\u00e1quina de embrulho de silagem 9YDB-70 para venda"},"content":{"rendered":"<div class=\"kk-star-ratings kksr-auto kksr-align-left kksr-valign-top\"     data-payload='{&quot;align&quot;:&quot;left&quot;,&quot;id&quot;:&quot;53&quot;,&quot;slug&quot;:&quot;default&quot;,&quot;valign&quot;:&quot;top&quot;,&quot;ignore&quot;:&quot;&quot;,&quot;reference&quot;:&quot;auto&quot;,&quot;class&quot;:&quot;&quot;,&quot;count&quot;:&quot;90&quot;,&quot;legendonly&quot;:&quot;&quot;,&quot;readonly&quot;:&quot;&quot;,&quot;score&quot;:&quot;4.8&quot;,&quot;starsonly&quot;:&quot;&quot;,&quot;best&quot;:&quot;5&quot;,&quot;gap&quot;:&quot;5&quot;,&quot;greet&quot;:&quot;Rate this product&quot;,&quot;legend&quot;:&quot;4.8\\\/5 - (90 votes)&quot;,&quot;size&quot;:&quot;24&quot;,&quot;title&quot;:&quot;9YDB-70 Silage Wrapping Machine Hay Baler For Sale&quot;,&quot;width&quot;:&quot;136.7&quot;,&quot;_legend&quot;:&quot;{score}\\\/{best} - ({count} {votes})&quot;,&quot;font_factor&quot;:&quot;1.25&quot;}'>              <div class=\"kksr-stars\">      <div class=\"kksr-stars-inactive\">             <div class=\"kksr-star\" data-star=\"1\" style=\"padding-right: 5px\">               <div class=\"kksr-icon\" style=\"width: 24px; height: 24px;\"><\/div>         <\/div>             <div class=\"kksr-star\" data-star=\"2\" style=\"padding-right: 5px\">               <div class=\"kksr-icon\" style=\"width: 24px; height: 24px;\"><\/div>         <\/div>             <div class=\"kksr-star\" data-star=\"3\" style=\"padding-right: 5px\">               <div class=\"kksr-icon\" style=\"width: 24px; height: 24px;\"><\/div>         <\/div>             <div class=\"kksr-star\" data-star=\"4\" style=\"padding-right: 5px\">               <div class=\"kksr-icon\" style=\"width: 24px; height: 24px;\"><\/div>         <\/div>             <div class=\"kksr-star\" data-star=\"5\" style=\"padding-right: 5px\">               <div class=\"kksr-icon\" style=\"width: 24px; height: 24px;\"><\/div>         <\/div>     <\/div>      <div class=\"kksr-stars-active\" style=\"width: 136.7px;\">             <div class=\"kksr-star\" style=\"padding-right: 5px\">               <div class=\"kksr-icon\" style=\"width: 24px; height: 24px;\"><\/div>         <\/div>             <div class=\"kksr-star\" style=\"padding-right: 5px\">               <div class=\"kksr-icon\" style=\"width: 24px; height: 24px;\"><\/div>         <\/div>             <div class=\"kksr-star\" style=\"padding-right: 5px\">               <div class=\"kksr-icon\" style=\"width: 24px; height: 24px;\"><\/div>         <\/div>             <div class=\"kksr-star\" style=\"padding-right: 5px\">               <div class=\"kksr-icon\" style=\"width: 24px; height: 24px;\"><\/div>         <\/div>             <div class=\"kksr-star\" style=\"padding-right: 5px\">               <div class=\"kksr-icon\" style=\"width: 24px; height: 24px;\"><\/div>         <\/div>     <\/div> <\/div>                   <div class=\"kksr-legend\" style=\"font-size: 19.2px;\">             4.8\/5 - (90 votos)    <\/div>     <\/div>  <p>A m\u00e1quina de embrulho de silagem autom\u00e1tica TZ-70-70 com tecnologia de embrulho de filmagem dupla (tamanho \u00fanico 70 \u00d7 70cm) combinado com processo autom\u00e1tico de abertura e embalagem, at\u00e9 80 pacotes\/hora de alta.<\/p>    <p>Comparado com a opera\u00e7\u00e3o manual tradicional, a efici\u00eancia da m\u00e1quina \u00e9 aumentada em 5 vezes e a veda\u00e7\u00e3o \u00e9 99% ANIMEMENTO ANAEROBIC. Ele garante a fermenta\u00e7\u00e3o est\u00e1vel das bact\u00e9rias do \u00e1cido l\u00e1tico, a taxa de reten\u00e7\u00e3o de prote\u00ednas de alimentos brutas excede 95%, e a alimenta\u00e7\u00e3o \u00e9 armazenada ao ar livre por 2-3 anos sem deteriora\u00e7\u00e3o. <\/p>    <p>O design do acionamento el\u00e9trico com um sistema inteligente de prote\u00e7\u00e3o contra sobrecarga reduz a taxa de falhas em 40%, fornecendo uma garantia de opera\u00e7\u00e3o cont\u00ednua para qualquer clima para fazendas em larga escala e empresas de processamento de alimenta\u00e7\u00e3o.<\/p>    <figure class=\"wp-block-embed aligncenter is-type-video is-provider-youtube wp-block-embed-youtube wp-embed-aspect-16-9 wp-has-aspect-ratio\"><div class=\"wp-block-embed__wrapper\"> <iframe loading=\"lazy\" title=\"Enfardadeira redonda de silagem autom\u00e1tica funciona com equipamento de alimenta\u00e7\u00e3o! m\u00e1quina de embalagem de silagem de alta efici\u00eancia\" width=\"500\" height=\"281\" src=\"https:\/\/www.youtube.com\/embed\/RlJzMLxkJc0?feature=oembed\" frameborder=\"0\" allow=\"accelerometer; autoplay; clipboard-write; encrypted-media; gyroscope; picture-in-picture; web-share\" referrerpolicy=\"strict-origin-when-cross-origin\" allowfullscreen><\/iframe> <\/div><figcaption class=\"wp-element-caption\">v\u00eddeo de trabalho da m\u00e1quina de enfardamento e enfardamento de feno para silagem<\/figcaption><\/figure>    <p>Com 750 kg\/m\u00b3 de alojamento de alta densidade e tecnologia de embalagem laminada de dois filmes, o TZ-70-70 realiza o controle preciso do peso do fardo \u00fanico (60-100 kg ajust\u00e1vel) e a taxa de perda de transporte \u00e9 inferior a 0,5%.<\/p>    <p>O equipamento adota um projeto modularizado, suportando a troca de uma chave do n\u00famero de camadas de embalagem (2-6 camadas), adaptando-se \u00e0s necessidades de diferentes ciclos de armazenamento.<\/p>    <p>Comparado com o tanque de silagem tradicional, o custo abrangente por tonelada de ra\u00e7\u00e3o \u00e9 salvo por 30%, o que ajuda a renda m\u00e9dia anual do rancho a aumentar em mais de 25%.<\/p>   <div class=\"wp-block-image\"> <figure class=\"aligncenter size-full\"><img loading=\"lazy\" decoding=\"async\" width=\"720\" height=\"540\" src=\"https:\/\/balerwrapper.com\/wp-content\/uploads\/2022\/08\/hay-baler-machine-.webp\" alt=\" m\u00e1quina enfardadeira de feno\" class=\"wp-image-217\" title=\" m\u00e1quina enfardadeira de feno\"\/><figcaption class=\"wp-element-caption\"> m\u00e1quina enfardadeira de feno<\/figcaption><\/figure> <\/div>  <div class=\"wp-block-image\"> <figure class=\"aligncenter size-full\"><img loading=\"lazy\" decoding=\"async\" width=\"720\" height=\"540\" src=\"https:\/\/balerwrapper.com\/wp-content\/uploads\/2022\/08\/finished-production-from-hay-baler.webp\" alt=\"produ\u00e7\u00e3o finalizada de enfardadeira de feno\" class=\"wp-image-655\" srcset=\"https:\/\/balerwrapper.com\/wp-content\/uploads\/2022\/08\/finished-production-from-hay-baler.webp 720w, https:\/\/balerwrapper.com\/wp-content\/uploads\/2022\/08\/finished-production-from-hay-baler-300x225.webp 300w, https:\/\/balerwrapper.com\/wp-content\/uploads\/2022\/08\/finished-production-from-hay-baler-16x12.webp 16w\" sizes=\"auto, (max-width: 720px) 100vw, 720px\" \/><figcaption class=\"wp-element-caption\">produ\u00e7\u00e3o finalizada de uma enfardadeira de feno<\/figcaption><\/figure> <\/div>   <h2 class=\"wp-block-heading\" id=\"h-features-of-the-hay-baler-machine\">Recursos da m\u00e1quina de embalagem de silagem TZ-70-70<\/h2>    <ul class=\"wp-block-list\"> <li>Com o enrolamento de filme duplo, voc\u00ea obt\u00e9m uma velocidade de embalagem mais r\u00e1pida e uma efici\u00eancia aprimorada.<\/li>    <li>O fardo acabado \u00e9 impressionantemente grande, capaz de manter uma quantidade significativa de silagem de uma s\u00f3 vez.<\/li>    <li>\u00c9 vers\u00e1til e pode gerenciar todos os tipos de silagem, tornando -os adequados para uma variedade de aplica\u00e7\u00f5es.<\/li>    <li>A m\u00e1quina de embrulho de silagem \u00e9 super f\u00e1cil de operar e uma pessoa pode lidar com tudo por conta pr\u00f3pria. \u00c9 um tempo real!<\/li> <\/ul>   <div class=\"wp-block-image\"> <figure class=\"aligncenter size-full\"><img loading=\"lazy\" decoding=\"async\" width=\"720\" height=\"540\" src=\"https:\/\/balerwrapper.com\/wp-content\/uploads\/2022\/08\/automatic-hay-baler-wrapper-machine-1.webp\" alt=\"m\u00e1quina enfardadeira autom\u00e1tica de feno\" class=\"wp-image-656\" srcset=\"https:\/\/balerwrapper.com\/wp-content\/uploads\/2022\/08\/automatic-hay-baler-wrapper-machine-1.webp 720w, https:\/\/balerwrapper.com\/wp-content\/uploads\/2022\/08\/automatic-hay-baler-wrapper-machine-1-300x225.webp 300w, https:\/\/balerwrapper.com\/wp-content\/uploads\/2022\/08\/automatic-hay-baler-wrapper-machine-1-16x12.webp 16w\" sizes=\"auto, (max-width: 720px) 100vw, 720px\" \/><figcaption class=\"wp-element-caption\">m\u00e1quina enfardadeira autom\u00e1tica de feno<\/figcaption><\/figure> <\/div>   <h2 class=\"wp-block-heading\" id=\"h-structure-of-corn-silage-baler-and-wrapper\">Estrutura da enfardadeira e enfardadeira de silagem de milho<\/h2>    <p>A enfardadeira e enfardadeira de silagem de milho inclui principalmente a estrutura inferior, correia transportadora, caixa de esferas, estrutura rotativa, mecanismo de transfer\u00eancia de filme, prensagem de filme e mecanismo de corte, motor de enfardamento e motor rotativo, etc.<\/p>   <div class=\"wp-block-image is-resized\"> <figure class=\"aligncenter size-full\"><img loading=\"lazy\" decoding=\"async\" width=\"720\" height=\"540\" src=\"https:\/\/balerwrapper.com\/wp-content\/uploads\/2022\/08\/forage-baler-wrapper-machine-.webp\" alt=\"m\u00e1quina enfardadeira de forragem\" class=\"wp-image-220\" title=\"m\u00e1quina enfardadeira de forragem\"\/><figcaption class=\"wp-element-caption\">m\u00e1quina enfardadeira de forragem<\/figcaption><\/figure> <\/div>   <h2 class=\"wp-block-heading\">Como funciona o inv\u00f3lucro de silagem?<\/h2>    <p>O fluxo de trabalho da m\u00e1quina de embalagem de silagem \u00e9 dividido em duas etapas:<\/p>    <ul class=\"wp-block-list\"> <li><strong>Est\u00e1gio de caraceiro:<\/strong> A palha amassada ou a grama forrageira \u00e9 alimentada na lixeira e extrudada pelo rolo de press\u00e3o para formar fardos cil\u00edndricos (geralmente 70 cm de di\u00e2metro, pesando cerca de 80 kg por fardo), que ser\u00e3o acionados por embalagem autom\u00e1tica de corda quando a densidade da forragem atingir o valor do conjunto.<\/li>    <li><strong>Est\u00e1gio de embrulho de filme:<\/strong> Os fardos caem automaticamente na estrutura rotativa ap\u00f3s o enfardamento e, ao definir o n\u00famero de camadas de embrulho de filme, envolvendo a camada de filme de pastagem especial por camada para formar um ambiente anaer\u00f3bico selado.<\/li> <\/ul>    <figure class=\"wp-block-embed aligncenter is-type-video is-provider-youtube wp-block-embed-youtube wp-embed-aspect-16-9 wp-has-aspect-ratio\"><div class=\"wp-block-embed__wrapper\"> <iframe loading=\"lazy\" title=\"Como se preparar antes de usar a enfardadeira e embaladora de silagem? m\u00e1quina de enfardamento de feno de palha\" width=\"500\" height=\"281\" src=\"https:\/\/www.youtube.com\/embed\/0Ggactf6n60?feature=oembed\" frameborder=\"0\" allow=\"accelerometer; autoplay; clipboard-write; encrypted-media; gyroscope; picture-in-picture; web-share\" referrerpolicy=\"strict-origin-when-cross-origin\" allowfullscreen><\/iframe> <\/div><figcaption class=\"wp-element-caption\">v\u00eddeo de funcionamento da m\u00e1quina de enfardamento de ra\u00e7\u00e3o para silagem<\/figcaption><\/figure>    <h2 class=\"wp-block-heading\" id=\"h-parameters-of-forage-baler-wrapper-machine\">Par\u00e2metros da m\u00e1quina enfardadeira de forragem<\/h2>    <figure class=\"wp-block-table is-style-stripes\"><table><tbody><tr><td>Modelo<\/td><td>9YDB-70<\/td><\/tr><tr><td>Poder<\/td><td>Motor el\u00e9trico de 11kw+0,55kw+0,75kw+3kw+0,37kw<\/td><\/tr><tr><td>Tamanho do fardo<\/td><td>\u03a670*70cm<\/td><\/tr><tr><td>Peso do fardo<\/td><td>150-200kg\/fardo<\/td><\/tr><tr><td>Capacidade<\/td><td>55-75 fardos\/h<\/td><\/tr><tr><td>Volume do compressor de ar<\/td><td>0,36m\u00b3<\/td><\/tr><tr><td>Transportador de alimenta\u00e7\u00e3o (W*L)<\/td><td>700*2100mm<\/td><\/tr><tr><td>Corte de filmagem<\/td><td>Autom\u00e1tico<\/td><\/tr><tr><td>Efici\u00eancia de embalagem<\/td><td>6 camadas precisam de 22s<\/td><\/tr><tr><td>Tamanho<\/td><td>4500*1900*2000mm<\/td><\/tr><tr><td>Peso<\/td><td>1100kg<\/td><\/tr><\/tbody><\/table><figcaption class=\"wp-element-caption\">par\u00e2metro da m\u00e1quina de embalagem de silagem de forragem<\/figcaption><\/figure>    <h2 class=\"wp-block-heading\" id=\"h-the-difference-between-tz-70-70-and-ts-55-52-silage-round-baler\">Diferen\u00e7a entre TZ-70-70 e <a href=\"https:\/\/balerwrapper.com\/pt\/product\/corn-silage-baler-machine\/\">Enfardadeira redonda de silagem TS-55-52<\/a><\/h2>    <ul start=\"2\" class=\"wp-block-list\"> <li>As op\u00e7\u00f5es de energia para os 70 tipos de m\u00e1quinas de embalagem de silagem s\u00e3o motores exclusivamente el\u00e9tricos, enquanto os 50 tipos podem ser executados em motores el\u00e9tricos ou motores a diesel.<\/li>    <li>Quando se trata de tamanho, os 70 tipos de m\u00e1quinas de embalagem de silagem medem 70 x 70, enquanto os 50 tipos s\u00e3o ligeiramente diferentes a 50 x 52.<\/li>    <li>Para a grama de liga\u00e7\u00e3o, as m\u00e1quinas de enfardamento e embalagem de 70 tipos dependem apenas da corda l\u00edquida, mas os 50 tipos t\u00eam a flexibilidade de usar a corda l\u00edquida e a corda de grama.<\/li>    <li>A m\u00e1quina de embrulho de silagem de 70 tipos opera totalmente automaticamente, enquanto a m\u00e1quina de 50 tipos oferece uma op\u00e7\u00e3o entre fun\u00e7\u00f5es autom\u00e1ticas e semi-autom\u00e1ticas.<\/li> <\/ul>   <div class=\"wp-block-image\"> <figure class=\"aligncenter size-full\"><img loading=\"lazy\" decoding=\"async\" width=\"720\" height=\"540\" src=\"https:\/\/balerwrapper.com\/wp-content\/uploads\/2022\/08\/silage-baler-and-wrapper-machine.webp\" alt=\"enfardadeira de silagem e m\u00e1quina embaladora\" class=\"wp-image-657\" title=\"enfardadeira e enfardadeira de silagem\" srcset=\"https:\/\/balerwrapper.com\/wp-content\/uploads\/2022\/08\/silage-baler-and-wrapper-machine.webp 720w, https:\/\/balerwrapper.com\/wp-content\/uploads\/2022\/08\/silage-baler-and-wrapper-machine-300x225.webp 300w, https:\/\/balerwrapper.com\/wp-content\/uploads\/2022\/08\/silage-baler-and-wrapper-machine-16x12.webp 16w\" sizes=\"auto, (max-width: 720px) 100vw, 720px\" \/><figcaption class=\"wp-element-caption\">enfardadeira de silagem e m\u00e1quina embaladora<\/figcaption><\/figure> <\/div>   <h2 class=\"wp-block-heading\" id=\"h-what-are-the-machines-that-can-work-with-automatic-silage-feed-balers\">M\u00e1quinas que podem funcionar com protestos autom\u00e1ticos de alimenta\u00e7\u00e3o de silagem<\/h2>    <p class=\"translation-block\">As m\u00e1quinas de embrulho de silagem TZ-70-70 s\u00e3o concebidas para lidar com um volume maior de materiais de uma s\u00f3 vez. Podem trabalhar em conjunto com um picador de palha e um misturador de alimenta\u00e7\u00e3o. (<em>Ler mais:<\/em> <strong><em><a href=\"https:\/\/balerwrapper.com\/pt\/product\/silage-chaff-cutter\/\">Silage Chaff Cutter Animal Feed Grass Cutting Machine<\/a><\/em><\/strong><em>&gt;&gt;<\/em>)<\/p>    <p>Primeiro, voc\u00ea pode processar a forragem em uma consist\u00eancia macia e depois transferi -la para o misturador de alimenta\u00e7\u00e3o. Uma vez misturada, a forragem pode ser enviada diretamente para a correia transportadora da enfardadeira.<\/p>   <div class=\"wp-block-image\"> <figure class=\"aligncenter size-full\"><img loading=\"lazy\" decoding=\"async\" width=\"720\" height=\"540\" src=\"https:\/\/balerwrapper.com\/wp-content\/uploads\/2022\/08\/automatic-silage-feed-balers-.webp\" alt=\"enfardadeiras autom\u00e1ticas de alimenta\u00e7\u00e3o de silagem\" class=\"wp-image-219\" title=\"enfardadeiras autom\u00e1ticas de alimenta\u00e7\u00e3o de silagem\"\/><figcaption class=\"wp-element-caption\">enfardadeiras autom\u00e1ticas de alimenta\u00e7\u00e3o de silagem<\/figcaption><\/figure> <\/div>   <h2 class=\"wp-block-heading\">Certificado CE de Silage Baler Machine<\/h2>    <p>Temos o certificado CE para a m\u00e1quina envolvedora de fardos de silagem. Se precisar, basta avisar-nos e partilharemos todos os detalhes sobre o certificado consigo.<\/p>   <div class=\"wp-block-image\"> <figure class=\"aligncenter size-full\"><img loading=\"lazy\" decoding=\"async\" width=\"540\" height=\"720\" src=\"https:\/\/balerwrapper.com\/wp-content\/uploads\/2022\/08\/silage-baler-machine-certificate.webp\" alt=\"certificado de m\u00e1quina enfardadeira de silagem\" class=\"wp-image-654\" srcset=\"https:\/\/balerwrapper.com\/wp-content\/uploads\/2022\/08\/silage-baler-machine-certificate.webp 540w, https:\/\/balerwrapper.com\/wp-content\/uploads\/2022\/08\/silage-baler-machine-certificate-225x300.webp 225w, https:\/\/balerwrapper.com\/wp-content\/uploads\/2022\/08\/silage-baler-machine-certificate-9x12.webp 9w\" sizes=\"auto, (max-width: 540px) 100vw, 540px\" \/><figcaption class=\"wp-element-caption\">certificado de m\u00e1quina enfardadeira de silagem<\/figcaption><\/figure> <\/div>   <h2 class=\"wp-block-heading\" id=\"h-faq\">Perguntas frequentes<\/h2>   <div id=\"rank-math-faq\" class=\"rank-math-block\"> <div class=\"rank-math-list\"> <div id=\"faq-question-1717055280482\" class=\"rank-math-list-item\"> <h3 class=\"rank-math-question\">Posso comprar a corda da rede e o filme separadamente?<\/h3> <div class=\"rank-math-answer\">  <p>Sim.<\/p>  <\/div> <\/div> <div id=\"faq-question-1717055287844\" class=\"rank-math-list-item\"> <h3 class=\"rank-math-question\">Posso ajustar sozinho o n\u00famero de camadas do filme de embrulho?<\/h3> <div class=\"rank-math-answer\">  <p>Sim, voc\u00ea pode ajustar o n\u00famero de camadas de acordo com suas necessidades.<\/p>  <\/div> <\/div> <div id=\"faq-question-1717055296648\" class=\"rank-math-list-item\"> <h3 class=\"rank-math-question\">Que tipo de forragem \u00e9 mais f\u00e1cil de manusear?<\/h3> <div class=\"rank-math-answer\">  <p>Recomendamos que voc\u00ea use uma amassadeira para processar forragem floculante porque \u00e9 mais f\u00e1cil enrolar a forragem e n\u00e3o \u00e9 f\u00e1cil de espalhar.<\/p>  <\/div> <\/div> <div id=\"faq-question-1717055305431\" class=\"rank-math-list-item\"> <h3 class=\"rank-math-question\">Voc\u00ea tem um certificado CE?<\/h3> <div class=\"rank-math-answer\">  <p>Sim, n\u00f3s fazemos.<\/p>  <\/div> <\/div> <div id=\"faq-question-1717055313978\" class=\"rank-math-list-item\"> <h3 class=\"rank-math-question\">Qual \u00e9 a pot\u00eancia da m\u00e1quina?<\/h3> <div class=\"rank-math-answer\">  <p>A pot\u00eancia pode ser apenas um motor el\u00e9trico, 50 tipos podem ser um motor el\u00e9trico ou um motor a diesel.<\/p>  <\/div> <\/div> <\/div> <\/div>","protected":false},"excerpt":{"rendered":"<p>A embaladora de silagem \u00e9 uma esp\u00e9cie de maquinaria agr\u00edcola. Hoje, muitos agricultores est\u00e3o usando esta m\u00e1quina para ajudar a manter frescas forragens como bovinos e ovinos.<\/p>","protected":false},"author":1,"featured_media":216,"parent":0,"template":"","tags":[37,35],"product-type":[7],"class_list":["post-53","product","type-product","status-publish","has-post-thumbnail","hentry","tag-feed","tag-silage","product-type-silage-baler"],"_links":{"self":[{"href":"https:\/\/balerwrapper.com\/pt\/wp-json\/wp\/v2\/product\/53","targetHints":{"allow":["GET"]}}],"collection":[{"href":"https:\/\/balerwrapper.com\/pt\/wp-json\/wp\/v2\/product"}],"about":[{"href":"https:\/\/balerwrapper.com\/pt\/wp-json\/wp\/v2\/types\/product"}],"author":[{"embeddable":true,"href":"https:\/\/balerwrapper.com\/pt\/wp-json\/wp\/v2\/users\/1"}],"wp:featuredmedia":[{"embeddable":true,"href":"https:\/\/balerwrapper.com\/pt\/wp-json\/wp\/v2\/media\/216"}],"wp:attachment":[{"href":"https:\/\/balerwrapper.com\/pt\/wp-json\/wp\/v2\/media?parent=53"}],"wp:term":[{"taxonomy":"post_tag","embeddable":true,"href":"https:\/\/balerwrapper.com\/pt\/wp-json\/wp\/v2\/tags?post=53"},{"taxonomy":"product-type","embeddable":true,"href":"https:\/\/balerwrapper.com\/pt\/wp-json\/wp\/v2\/product-type?post=53"}],"curies":[{"name":"wp","href":"https:\/\/api.w.org\/{rel}","templated":true}]}}