{"id":521,"date":"2023-11-29T09:49:04","date_gmt":"2023-11-29T01:49:04","guid":{"rendered":"https:\/\/balerwrapper.com\/?post_type=product&#038;p=521"},"modified":"2023-11-29T10:16:52","modified_gmt":"2023-11-29T02:16:52","slug":"silage-harvesting-and-recycling-machine","status":"publish","type":"product","link":"https:\/\/balerwrapper.com\/pt\/product\/silage-harvesting-and-recycling-machine\/","title":{"rendered":"M\u00e1quina m\u00f3vel de colheita e reciclagem de silagem para venda"},"content":{"rendered":"<div class=\"kk-star-ratings kksr-auto kksr-align-left kksr-valign-top\"     data-payload='{&quot;align&quot;:&quot;left&quot;,&quot;id&quot;:&quot;521&quot;,&quot;slug&quot;:&quot;default&quot;,&quot;valign&quot;:&quot;top&quot;,&quot;ignore&quot;:&quot;&quot;,&quot;reference&quot;:&quot;auto&quot;,&quot;class&quot;:&quot;&quot;,&quot;count&quot;:&quot;6&quot;,&quot;legendonly&quot;:&quot;&quot;,&quot;readonly&quot;:&quot;&quot;,&quot;score&quot;:&quot;4.7&quot;,&quot;starsonly&quot;:&quot;&quot;,&quot;best&quot;:&quot;5&quot;,&quot;gap&quot;:&quot;5&quot;,&quot;greet&quot;:&quot;Rate this product&quot;,&quot;legend&quot;:&quot;4.7\\\/5 - (6 votes)&quot;,&quot;size&quot;:&quot;24&quot;,&quot;title&quot;:&quot;Mobile Type Silage Harvesting And Recycling Machine For Sale&quot;,&quot;width&quot;:&quot;133.8&quot;,&quot;_legend&quot;:&quot;{score}\\\/{best} - ({count} {votes})&quot;,&quot;font_factor&quot;:&quot;1.25&quot;}'>              <div class=\"kksr-stars\">      <div class=\"kksr-stars-inactive\">             <div class=\"kksr-star\" data-star=\"1\" style=\"padding-right: 5px\">               <div class=\"kksr-icon\" style=\"width: 24px; height: 24px;\"><\/div>         <\/div>             <div class=\"kksr-star\" data-star=\"2\" style=\"padding-right: 5px\">               <div class=\"kksr-icon\" style=\"width: 24px; height: 24px;\"><\/div>         <\/div>             <div class=\"kksr-star\" data-star=\"3\" style=\"padding-right: 5px\">               <div class=\"kksr-icon\" style=\"width: 24px; height: 24px;\"><\/div>         <\/div>             <div class=\"kksr-star\" data-star=\"4\" style=\"padding-right: 5px\">               <div class=\"kksr-icon\" style=\"width: 24px; height: 24px;\"><\/div>         <\/div>             <div class=\"kksr-star\" data-star=\"5\" style=\"padding-right: 5px\">               <div class=\"kksr-icon\" style=\"width: 24px; height: 24px;\"><\/div>         <\/div>     <\/div>      <div class=\"kksr-stars-active\" style=\"width: 133.8px;\">             <div class=\"kksr-star\" style=\"padding-right: 5px\">               <div class=\"kksr-icon\" style=\"width: 24px; height: 24px;\"><\/div>         <\/div>             <div class=\"kksr-star\" style=\"padding-right: 5px\">               <div class=\"kksr-icon\" style=\"width: 24px; height: 24px;\"><\/div>         <\/div>             <div class=\"kksr-star\" style=\"padding-right: 5px\">               <div class=\"kksr-icon\" style=\"width: 24px; height: 24px;\"><\/div>         <\/div>             <div class=\"kksr-star\" style=\"padding-right: 5px\">               <div class=\"kksr-icon\" style=\"width: 24px; height: 24px;\"><\/div>         <\/div>             <div class=\"kksr-star\" style=\"padding-right: 5px\">               <div class=\"kksr-icon\" style=\"width: 24px; height: 24px;\"><\/div>         <\/div>     <\/div> <\/div>                   <div class=\"kksr-legend\" style=\"font-size: 19.2px;\">             4.7\/5 - (6 votos)    <\/div>     <\/div>  <p class=\"translation-block\">A m\u00e1quina de colheita e reciclagem de silagem \u00e9 <strong><a href=\"https:\/\/balerwrapper.com\/pt\/product\/stalk-cutting-recycling-machine\/\">utilizada para esmagar palha e outros res\u00edduos de culturas<\/a><\/strong>. Atrav\u00e9s das l\u00e2minas de alta velocidade e da c\u00e2mara de esmagamento, a palha \u00e9 eficazmente esmagada em part\u00edculas finas para utiliza\u00e7\u00e3o subsequente, como compostagem, prepara\u00e7\u00e3o de ra\u00e7\u00e3o ou produ\u00e7\u00e3o de energia. <\/p>    <figure class=\"wp-block-image size-full\"><img loading=\"lazy\" decoding=\"async\" width=\"720\" height=\"540\" src=\"https:\/\/balerwrapper.com\/wp-content\/uploads\/2023\/11\/straw-crushing-and-recycling-machine.webp\" alt=\"m\u00e1quina de tritura\u00e7\u00e3o e reciclagem de palha\" class=\"wp-image-522\"\/><figcaption class=\"wp-element-caption\">m\u00e1quina de tritura\u00e7\u00e3o e reciclagem de palha<\/figcaption><\/figure>    <p>A sua mobilidade permite responder com flexibilidade \u00e0s necessidades de manuseamento da palha em diferentes locais e ocasi\u00f5es, proporcionando uma solu\u00e7\u00e3o conveniente para a gest\u00e3o de res\u00edduos agr\u00edcolas.<\/p>    <h2 class=\"wp-block-heading\">Aplica\u00e7\u00f5es da m\u00e1quina de colheita e reciclagem de silagem<\/h2>    <p class=\"translation-block\">A <a href=\"https:\/\/en.wikipedia.org\/wiki\/Straw\" target=\"_blank\" rel=\"noopener\">palha<\/a> de esmagamento e reciclagem \u00e9 amplamente utilizada na agricultura, na cria\u00e7\u00e3o de animais e na produ\u00e7\u00e3o de energia. As suas principais aplica\u00e7\u00f5es incluem:<\/p>    <ol class=\"wp-block-list\"> <li><strong>Produ\u00e7\u00e3o de Energia de Biomassa:<\/strong> Ap\u00f3s a tritura\u00e7\u00e3o da palha em pellets, ela pode ser utilizada na \u00e1rea de energia de biomassa, como combust\u00edvel de pellets de biomassa e prepara\u00e7\u00e3o de g\u00e1s de biomassa para aquecimento e gera\u00e7\u00e3o de energia.<\/li>    <li><strong>Prepara\u00e7\u00e3o de fertilizante org\u00e2nico:<\/strong> A palha triturada pode ser misturada com outras mat\u00e9rias org\u00e2nicas para formar um fertilizante org\u00e2nico eficiente, utilizado na produ\u00e7\u00e3o agr\u00edcola, para melhorar a fertilidade do solo.<\/li>    <li><strong>Tratamento Ambiental:<\/strong> O manejo de res\u00edduos de palha reduz as queimadas em terras agr\u00edcolas e ajuda a reduzir a polui\u00e7\u00e3o atmosf\u00e9rica e ambiental.<\/li>    <li><strong>Processamento de alimenta\u00e7\u00e3o:<\/strong> Ap\u00f3s a tritura\u00e7\u00e3o da palha, ela pode ser utilizada como mat\u00e9ria-prima para ra\u00e7\u00e3o, o que melhora a taxa de utiliza\u00e7\u00e3o da ra\u00e7\u00e3o na pecu\u00e1ria.<\/li> <\/ol>    <figure class=\"wp-block-image size-full\"><img loading=\"lazy\" decoding=\"async\" width=\"720\" height=\"540\" src=\"https:\/\/balerwrapper.com\/wp-content\/uploads\/2023\/11\/silage-harvesting-and-recycling-machine.webp\" alt=\"m\u00e1quina de colheita e reciclagem de silagem\" class=\"wp-image-523\"\/><figcaption class=\"wp-element-caption\">m\u00e1quina de colheita e reciclagem de silagem<\/figcaption><\/figure>    <h2 class=\"wp-block-heading\">Fun\u00e7\u00e3o Principal da M\u00e1quina de Colheita e Reciclagem de Palha<\/h2>    <ul class=\"wp-block-list\"> <li>Colhe com efici\u00eancia palha de culturas maduras (por exemplo, trigo, cevada, arroz, etc.). Cortar a palha em comprimentos e formatos apropriados facilita o manuseio.<\/li>    <li>Algumas colheitadeiras de palha modernas possuem um recurso de retorno ao campo que tritura e distribui uniformemente a palha no campo, ajudando a melhorar a fertilidade do solo, reter a umidade e reduzir a eros\u00e3o do solo.<\/li> <\/ul>    <figure class=\"wp-block-image size-full\"><img loading=\"lazy\" decoding=\"async\" width=\"720\" height=\"540\" src=\"https:\/\/balerwrapper.com\/wp-content\/uploads\/2023\/11\/silage-straw-recycler.webp\" alt=\"reciclador de palha para silagem\" class=\"wp-image-524\"\/><figcaption class=\"wp-element-caption\">reciclador de palha para silagem<\/figcaption><\/figure>    <h2 class=\"wp-block-heading\">Como funciona esta m\u00e1quina<\/h2>    <p>O princ\u00edpio de funcionamento das m\u00e1quinas de colheita e reciclagem de silagem geralmente inclui as seguintes etapas:<\/p>    <ol class=\"wp-block-list\"> <li>\u00c9 primeiro puxado por um trator.<\/li>    <li>A palha \u00e9 transportada para o interior do triturador atrav\u00e9s da abertura de alimenta\u00e7\u00e3o.<\/li>    <li>a palha \u00e9 efetivamente pulverizada em pequenas part\u00edculas cortando e impactando as facas rotativas de alta velocidade.<\/li>    <li>As part\u00edculas pulverizadas s\u00e3o separadas por uma peneira ou peneira vibrat\u00f3ria para remover part\u00edculas maiores ou incompletamente pulverizadas.<\/li>    <li>Para evitar a propaga\u00e7\u00e3o do p\u00f3, algumas m\u00e1quinas de tritura\u00e7\u00e3o e reciclagem de palha est\u00e3o equipadas com equipamento de recolha de p\u00f3 para recolher o p\u00f3.<\/li>    <li>Por fim, uma unidade hidr\u00e1ulica no trator aciona a m\u00e1quina para descarregar a palha triturada.<\/li> <\/ol>    <figure class=\"wp-block-image size-full\"><img loading=\"lazy\" decoding=\"async\" width=\"720\" height=\"540\" src=\"https:\/\/balerwrapper.com\/wp-content\/uploads\/2023\/11\/silage-shredding-recycling-machine.webp\" alt=\"m\u00e1quina de reciclagem de tritura\u00e7\u00e3o de silagem\" class=\"wp-image-525\"\/><figcaption class=\"wp-element-caption\">m\u00e1quina de reciclagem de tritura\u00e7\u00e3o de silagem<\/figcaption><\/figure>    <h2 class=\"wp-block-heading\">Benef\u00edcios da m\u00e1quina de reciclagem de silagem tipo m\u00f3vel<\/h2>    <ul class=\"wp-block-list\"> <li><strong>Flexibilidade e portabilidade:<\/strong> Equipados com rodas, s\u00e3o f\u00e1ceis de deslocar entre diferentes terras agr\u00edcolas para diferentes locais e ocasi\u00f5es, e \u00e9 mais f\u00e1cil para os agricultores deslocarem o equipamento para um local diferente quando necess\u00e1rio.<\/li>    <li><strong>Custo-benef\u00edcio:<\/strong> Equipamentos port\u00e1teis s\u00e3o geralmente mais acess\u00edveis do que equipamentos estacion\u00e1rios. Os agricultores t\u00eam a op\u00e7\u00e3o de alug\u00e1-los ou compr\u00e1-los quando necess\u00e1rio, eliminando a necessidade de obras dispendiosas.<\/li>    <li><strong>Adaptabilidade:<\/strong> As m\u00e1quinas port\u00e1teis de colheita e reciclagem de silagem podem ser ajustadas e adaptadas a diferentes culturas e condi\u00e7\u00f5es de terreno. Isto torna mais f\u00e1cil alcan\u00e7ar resultados ideais em diferentes terras agr\u00edcolas.<\/li>    <li><strong>Produ\u00e7\u00e3o eficiente:<\/strong> As unidades port\u00e1teis s\u00e3o frequentemente projetadas para uma produ\u00e7\u00e3o eficiente, permitindo uma coleta, tritura\u00e7\u00e3o e processamento de palha mais r\u00e1pidos, com 32 l\u00e2minas que podem cortar totalmente a palha para uma taxa de recupera\u00e7\u00e3o superior a 80%.<\/li>    <li><strong>Reduzindo lacunas entre parcelas:<\/strong> Com a capacidade de se mover rapidamente para o pr\u00f3ximo campo, os trituradores e recicladores de palha port\u00e1teis ajudam a reduzir as lacunas entre os lotes, permitindo que a terra seja utilizada de forma mais completa.<\/li> <\/ul>    <figure class=\"wp-block-image size-full\"><img loading=\"lazy\" decoding=\"async\" width=\"720\" height=\"540\" src=\"https:\/\/balerwrapper.com\/wp-content\/uploads\/2023\/11\/silage-harvester.webp\" alt=\"colheitadeira de silagem\" class=\"wp-image-526\"\/><figcaption class=\"wp-element-caption\">colheitadeira de silagem<\/figcaption><\/figure>    <h2 class=\"wp-block-heading\">Manuten\u00e7\u00e3o e Reparo<\/h2>    <p>A manuten\u00e7\u00e3o e conserva\u00e7\u00e3o da m\u00e1quina de colheita e reciclagem de silagem \u00e9 a chave para garantir o funcionamento eficiente e de longo prazo do equipamento.<\/p>    <ol class=\"wp-block-list\"> <li><strong>Limpeza Peri\u00f3dica:<\/strong> Limpe regularmente todas as pe\u00e7as da m\u00e1quina de tritura\u00e7\u00e3o e reciclagem de palha, incluindo facas, correias transportadoras e telas. Certifique-se de que a m\u00e1quina esteja off-line durante o processo de limpeza.<\/li>    <li><strong>Inspe\u00e7\u00e3o e substitui\u00e7\u00e3o de facas:<\/strong> Verifique regularmente o desgaste das facas para garantir que permane\u00e7am afiadas. Se necess\u00e1rio, substitua as facas muito gastas em tempo h\u00e1bil para garantir o efeito de pulveriza\u00e7\u00e3o e a vida \u00fatil do equipamento.<\/li>    <li><strong>Sistema de lubrifica\u00e7\u00e3o:<\/strong> Adicione a quantidade certa de lubrificante a cada ponto de lubrifica\u00e7\u00e3o do equipamento para garantir que todas as partes do equipamento possam funcionar perfeitamente durante a opera\u00e7\u00e3o.<\/li> <\/ol>    <p>Se voc\u00ea estiver interessado em nossas m\u00e1quinas de colheita e reciclagem de silagem ou tiver alguma d\u00favida, n\u00e3o hesite em nos contatar.<\/p>","protected":false},"excerpt":{"rendered":"<p>The silage harvesting and recycling machine is used for crushing straw and other crop residues. Through the high-speed rotating blades and crushing chamber, the straw is effectively crushed into fine particles for subsequent utilization, such as composting, feed preparation, or energy production. Its mobility allows it to flexibly respond to the straw handling needs of [&hellip;]<\/p>\n","protected":false},"author":1,"featured_media":527,"parent":0,"template":"","tags":[],"product-type":[8],"class_list":["post-521","product","type-product","status-publish","has-post-thumbnail","hentry","product-type-other-silage-machines"],"_links":{"self":[{"href":"https:\/\/balerwrapper.com\/pt\/wp-json\/wp\/v2\/product\/521","targetHints":{"allow":["GET"]}}],"collection":[{"href":"https:\/\/balerwrapper.com\/pt\/wp-json\/wp\/v2\/product"}],"about":[{"href":"https:\/\/balerwrapper.com\/pt\/wp-json\/wp\/v2\/types\/product"}],"author":[{"embeddable":true,"href":"https:\/\/balerwrapper.com\/pt\/wp-json\/wp\/v2\/users\/1"}],"wp:featuredmedia":[{"embeddable":true,"href":"https:\/\/balerwrapper.com\/pt\/wp-json\/wp\/v2\/media\/527"}],"wp:attachment":[{"href":"https:\/\/balerwrapper.com\/pt\/wp-json\/wp\/v2\/media?parent=521"}],"wp:term":[{"taxonomy":"post_tag","embeddable":true,"href":"https:\/\/balerwrapper.com\/pt\/wp-json\/wp\/v2\/tags?post=521"},{"taxonomy":"product-type","embeddable":true,"href":"https:\/\/balerwrapper.com\/pt\/wp-json\/wp\/v2\/product-type?post=521"}],"curies":[{"name":"wp","href":"https:\/\/api.w.org\/{rel}","templated":true}]}}