{"id":502,"date":"2023-10-26T16:06:00","date_gmt":"2023-10-26T08:06:00","guid":{"rendered":"https:\/\/balerwrapper.com\/?post_type=product&#038;p=502"},"modified":"2023-11-01T13:28:30","modified_gmt":"2023-11-01T05:28:30","slug":"straw-crushing-packaging-wrapping-machine","status":"publish","type":"product","link":"https:\/\/balerwrapper.com\/pt\/product\/straw-crushing-packaging-wrapping-machine\/","title":{"rendered":"M\u00e1quina autom\u00e1tica de embalagem e esmagamento de palha de sliage"},"content":{"rendered":"<div class=\"kk-star-ratings kksr-auto kksr-align-left kksr-valign-top\"     data-payload='{&quot;align&quot;:&quot;left&quot;,&quot;id&quot;:&quot;502&quot;,&quot;slug&quot;:&quot;default&quot;,&quot;valign&quot;:&quot;top&quot;,&quot;ignore&quot;:&quot;&quot;,&quot;reference&quot;:&quot;auto&quot;,&quot;class&quot;:&quot;&quot;,&quot;count&quot;:&quot;13&quot;,&quot;legendonly&quot;:&quot;&quot;,&quot;readonly&quot;:&quot;&quot;,&quot;score&quot;:&quot;4.6&quot;,&quot;starsonly&quot;:&quot;&quot;,&quot;best&quot;:&quot;5&quot;,&quot;gap&quot;:&quot;5&quot;,&quot;greet&quot;:&quot;Rate this product&quot;,&quot;legend&quot;:&quot;4.6\\\/5 - (13 votes)&quot;,&quot;size&quot;:&quot;24&quot;,&quot;title&quot;:&quot;Automatic Sliage Straw Crushing Packaging Wrapping Machine&quot;,&quot;width&quot;:&quot;130.9&quot;,&quot;_legend&quot;:&quot;{score}\\\/{best} - ({count} {votes})&quot;,&quot;font_factor&quot;:&quot;1.25&quot;}'>              <div class=\"kksr-stars\">      <div class=\"kksr-stars-inactive\">             <div class=\"kksr-star\" data-star=\"1\" style=\"padding-right: 5px\">               <div class=\"kksr-icon\" style=\"width: 24px; height: 24px;\"><\/div>         <\/div>             <div class=\"kksr-star\" data-star=\"2\" style=\"padding-right: 5px\">               <div class=\"kksr-icon\" style=\"width: 24px; height: 24px;\"><\/div>         <\/div>             <div class=\"kksr-star\" data-star=\"3\" style=\"padding-right: 5px\">               <div class=\"kksr-icon\" style=\"width: 24px; height: 24px;\"><\/div>         <\/div>             <div class=\"kksr-star\" data-star=\"4\" style=\"padding-right: 5px\">               <div class=\"kksr-icon\" style=\"width: 24px; height: 24px;\"><\/div>         <\/div>             <div class=\"kksr-star\" data-star=\"5\" style=\"padding-right: 5px\">               <div class=\"kksr-icon\" style=\"width: 24px; height: 24px;\"><\/div>         <\/div>     <\/div>      <div class=\"kksr-stars-active\" style=\"width: 130.9px;\">             <div class=\"kksr-star\" style=\"padding-right: 5px\">               <div class=\"kksr-icon\" style=\"width: 24px; height: 24px;\"><\/div>         <\/div>             <div class=\"kksr-star\" style=\"padding-right: 5px\">               <div class=\"kksr-icon\" style=\"width: 24px; height: 24px;\"><\/div>         <\/div>             <div class=\"kksr-star\" style=\"padding-right: 5px\">               <div class=\"kksr-icon\" style=\"width: 24px; height: 24px;\"><\/div>         <\/div>             <div class=\"kksr-star\" style=\"padding-right: 5px\">               <div class=\"kksr-icon\" style=\"width: 24px; height: 24px;\"><\/div>         <\/div>             <div class=\"kksr-star\" style=\"padding-right: 5px\">               <div class=\"kksr-icon\" style=\"width: 24px; height: 24px;\"><\/div>         <\/div>     <\/div> <\/div>                   <div class=\"kksr-legend\" style=\"font-size: 19.2px;\">             4.6\/5 - (13 votos)    <\/div>     <\/div>  <p>A m\u00e1quina embaladora e trituradora de palha \u00e9 um tipo de maquinaria e equipamento agr\u00edcola usado para coletar, cortar, enfardar e embalar palha automaticamente para armazenamento, transporte e utiliza\u00e7\u00e3o abrangente. <\/p>    <p class=\"translation-block\">Usually, these processed <a href=\"https:\/\/en.wikipedia.org\/wiki\/Straw\" target=\"_blank\" rel=\"noopener\">straws<\/a> can be used as feed, biomass energy, fertilizer, or soil conditioner. This machine helps to reduce the labor burden of farmers and improve the comprehensive utilization of straw.<\/p>    <figure class=\"wp-block-image size-full\"><img loading=\"lazy\" decoding=\"async\" width=\"720\" height=\"540\" src=\"https:\/\/balerwrapper.com\/wp-content\/uploads\/2023\/10\/silage-picking-crushing-baling-machine.webp\" alt=\"silagem colheita esmagamento m\u00e1quina de enfardamento\" class=\"wp-image-503\"\/><figcaption class=\"wp-element-caption\">silagem colheita esmagamento m\u00e1quina de enfardamento<\/figcaption><\/figure>    <h2 class=\"wp-block-heading\">Estruturas principais da m\u00e1quina enfardadeira e trituradora de silagem<\/h2>    <ul class=\"wp-block-list\"> <li>A embaladora para embalagem trituradora de palha consiste nas seguintes estruturas principais trabalhando em conjunto, que geralmente incluem:<\/li>    <li>Chassi (equipado com rodas para facilitar a movimenta\u00e7\u00e3o no campo)<\/li>    <li>Sistema de coleta (uma engrenagem rotativa ou selecionadora suspensa na frente da m\u00e1quina)<\/li>    <li>Trituradores (incluindo l\u00e2minas rotativas ou tambores)<\/li>    <li>Sistema de enfardamento (mecanismo de coleta de palha e forma\u00e7\u00e3o de fardos compactos)<\/li>    <li>Mecanismo de embalagem (envolto em uma ou mais camadas de filme pl\u00e1stico para proteger e preservar o fardo) Esta parte geralmente inclui a bobina de embalagem e o mecanismo de aplica\u00e7\u00e3o.<\/li> <\/ul>    <figure class=\"wp-block-image size-full\"><img loading=\"lazy\" decoding=\"async\" width=\"720\" height=\"540\" src=\"https:\/\/balerwrapper.com\/wp-content\/uploads\/2023\/10\/straw-crushing-packaging-wrapping-machine.webp\" alt=\"m\u00e1quina de embalagem de esmagamento de palha\" class=\"wp-image-504\"\/><figcaption class=\"wp-element-caption\">m\u00e1quina de embalagem de esmagamento de palha<\/figcaption><\/figure>    <h2 class=\"wp-block-heading\">Fluxo de trabalho da m\u00e1quina de embalagem e embalagem de esmagamento de palha<\/h2>    <ol class=\"wp-block-list\"> <li><strong>Colheita de palha<\/strong>: \u00e9 a primeira etapa da m\u00e1quina, que pode coletar e concentrar automaticamente as palhas (como talos de milho, talos de trigo, etc.) deixadas nas terras agr\u00edcolas.<\/li>    <li><strong>Triturador de palha<\/strong>: Os canudos depois de recolhidos costumam ser muito longos e n\u00e3o s\u00e3o f\u00e1ceis de usar na pr\u00f3xima etapa. O pulverizador de canudos cortar\u00e1 esses canudos em part\u00edculas menores para opera\u00e7\u00f5es subsequentes.<\/li>    <li><strong>Enfardamento de palha<\/strong>: A palha triturada \u00e9 enfardada em feixes apertados, geralmente redondos ou quadrados, para armazenamento, transporte e posterior utiliza\u00e7\u00e3o.<\/li>    <li><strong>Embrulho<\/strong>: Por fim, esses fardos de palha geralmente s\u00e3o embrulhados em filme pl\u00e1stico. Isto ajuda a proteger os fardos contra danos durante o armazenamento e tamb\u00e9m proporciona isolamento e degrada\u00e7\u00e3o.<\/li> <\/ol>    <figure class=\"wp-block-image size-full\"><img loading=\"lazy\" decoding=\"async\" width=\"720\" height=\"540\" src=\"https:\/\/balerwrapper.com\/wp-content\/uploads\/2023\/10\/silage-wrapper.webp\" alt=\"envolt\u00f3rio de silagem\" class=\"wp-image-505\"\/><figcaption class=\"wp-element-caption\">envolt\u00f3rio de silagem<\/figcaption><\/figure>    <h2 class=\"wp-block-heading\">Caracter\u00edsticas principais da enfardadeira de silagem multifuncional<\/h2>    <div class=\"wp-block-media-text has-media-on-the-right is-stacked-on-mobile\"><div class=\"wp-block-media-text__content\"> <ul class=\"wp-block-list\"> <li>Economizando m\u00e3o de obra, diretamente ap\u00f3s a colheita e tritura\u00e7\u00e3o pode ser enfardado e embalado.<\/li>    <li>Escolha entre dois modelos com larguras de corte de 1300 e 1720 mm.<\/li>    <li>De alto rendimento, um rolo de corda e filme pode ser embrulhado em cerca de 65-70 pacotes, 45-60 pacotes por hora.<\/li>    <li>Bom efeito de trabalho, agrupamento apertado, solto por dentro e apertado por fora e boa permeabilidade ao ar.<\/li>    <li>Clara divis\u00e3o de trabalho, o trator fornece a pot\u00eancia para colheita e tritura\u00e7\u00e3o, e o motor a gasolina fornece a pot\u00eancia para enfardamento e embalagem.<\/li> <\/ul> <\/div><figure class=\"wp-block-media-text__media\"><img loading=\"lazy\" decoding=\"async\" width=\"540\" height=\"720\" src=\"https:\/\/balerwrapper.com\/wp-content\/uploads\/2023\/10\/silage-baler-machine-for-sale.webp\" alt=\"M\u00e1quina enfardadeira de silagem para venda\" class=\"wp-image-506 size-full\"\/><\/figure><\/div>    <h2 class=\"wp-block-heading\">Par\u00e2metros T\u00e9cnicos da M\u00e1quina<\/h2>    <p>Este nosso dispositivo \u00e9 uma m\u00e1quina integrada de esmagamento, embalagem e envolvimento de palha autopropelida, tudo em um.<\/p>    <figure class=\"wp-block-table is-style-stripes\"><table><tbody><tr><td><strong>Modelo<\/strong><\/td><td>9YQ-1300<\/td><td>9YQ-1720<\/td><\/tr><tr><td><strong>Poder<\/strong><\/td><td>40 CV<\/td><td>70 CV<\/td><\/tr><tr><td><strong>Poder de enfardamento e empacotamento<\/strong><\/td><td>gerador a gasolina (5+0,75 KW)<\/td><td>gerador a gasolina (5+0,75 KW)<\/td><\/tr><tr><td><strong>Largura de trabalho<\/strong><\/td><td>1300 mil\u00edmetros<\/td><td>1720 mil\u00edmetros<\/td><\/tr><tr><td><strong>A dimens\u00e3o de Bale<\/strong><\/td><td>L*\u0424 700*800mm<\/td><td>L*\u0424 700*800mm<\/td><\/tr><tr><td><strong>Peso de Bale<\/strong><\/td><td>95-100 kg\/fardo<\/td><td>95-100 kg\/fardo<\/td><\/tr><tr><td><strong>Capacidade<\/strong><\/td><td>0,9 acres\/h<\/td><td>1,3 acres\/h<\/td><\/tr><tr><td><strong>Tamanho<\/strong><\/td><td>3270*2150*1400mm<\/td><td>3270*2150*1400mm<\/td><\/tr><tr><td><strong>Peso<\/strong><\/td><td>1200kg<\/td><td>1300kg<\/td><\/tr><\/tbody><\/table><\/figure>    <p>Nossa empresa introduziu os dois principais modelos de m\u00e1quinas de embalagem para britagem de palha acima para voc\u00ea escolher. A lista acima faz parte dos par\u00e2metros importantes. Se voc\u00ea quiser saber informa\u00e7\u00f5es mais detalhadas, n\u00e3o hesite em nos contatar.<\/p>    <h2 class=\"wp-block-heading\">M\u00e1quinas Relacionadas<\/h2>    <p class=\"translation-block\">Of course, depending on the customer\u2019s different uses and budgets, we also produce other relatively simple machines for handling and managing crop residues and straw, such as silage baling and wrapping machines, <strong><a href=\"https:\/\/balerwrapper.com\/pt\/product\/round-hay-baler\/\">straw picking balers (round or square bales)<\/a><\/strong>, and <strong><a href=\"https:\/\/balerwrapper.com\/pt\/product\/hay-cutter-and-baler\/\">crushed pick-up balers<\/a><\/strong>.<\/p>    <figure class=\"wp-block-gallery has-nested-images columns-2 is-cropped wp-block-gallery-2 is-layout-flex wp-block-gallery-is-layout-flex\"> <figure class=\"wp-block-image size-large\"><img loading=\"lazy\" decoding=\"async\" width=\"720\" height=\"540\" data-id=\"507\" src=\"https:\/\/balerwrapper.com\/wp-content\/uploads\/2023\/10\/straw-wrapping-machine.webp\" alt=\"m\u00e1quina de embalar palha\" class=\"wp-image-507\"\/><figcaption class=\"wp-element-caption\">m\u00e1quina de embalar palha<\/figcaption><\/figure>    <figure class=\"wp-block-image size-large\"><img loading=\"lazy\" decoding=\"async\" width=\"720\" height=\"540\" data-id=\"508\" src=\"https:\/\/balerwrapper.com\/wp-content\/uploads\/2023\/10\/round-hay-picking-baler-machine.webp\" alt=\"m\u00e1quina enfardadeira redonda para colheita de feno\" class=\"wp-image-508\"\/><figcaption class=\"wp-element-caption\">m\u00e1quina enfardadeira redonda para colheita de feno<\/figcaption><\/figure>    <figure class=\"wp-block-image size-large\"><img loading=\"lazy\" decoding=\"async\" width=\"720\" height=\"540\" data-id=\"509\" src=\"https:\/\/balerwrapper.com\/wp-content\/uploads\/2023\/10\/square-hay-baler-machine.webp\" alt=\"m\u00e1quina enfardadeira de feno quadrada\" class=\"wp-image-509\"\/><figcaption class=\"wp-element-caption\">m\u00e1quina enfardadeira de feno quadrada<\/figcaption><\/figure>    <figure class=\"wp-block-image size-large\"><img loading=\"lazy\" decoding=\"async\" width=\"720\" height=\"540\" data-id=\"510\" src=\"https:\/\/balerwrapper.com\/wp-content\/uploads\/2023\/10\/hay-cutter-and-baler-machine.webp\" alt=\"cortador de feno e m\u00e1quina enfardadeira\" class=\"wp-image-510\"\/><figcaption class=\"wp-element-caption\">cortador de feno e m\u00e1quina enfardadeira<\/figcaption><\/figure> <\/figure>    <p>Nossas m\u00e1quinas embaladoras para britagem de palha t\u00eam sido muito populares e exportadas com sucesso para v\u00e1rios pa\u00edses, incluindo Nig\u00e9ria, Qu\u00eania, Eti\u00f3pia, Tanz\u00e2nia, \u00cdndia, Bangladesh, Vietn\u00e3, Indon\u00e9sia, Brasil, Argentina e muitos mais. Todos eles s\u00e3o positivos em rela\u00e7\u00e3o ao pre\u00e7o da enfardadeira de silagem, bem como ao servi\u00e7o, etc., e est\u00e3o dispostos a estabelecer uma coopera\u00e7\u00e3o de longo prazo conosco.<\/p>","protected":false},"excerpt":{"rendered":"<p>The straw crushing packaging wrapping machine is a kind of agricultural machinery and equipment used for automatically collecting, chopping, baling, and wrapping straw for storage, transportation, and comprehensive utilization. Usually, these processed straws can be used as feed, biomass energy, fertilizer, or soil conditioner. This machine helps to reduce the labor burden of farmers and [&hellip;]<\/p>\n","protected":false},"author":1,"featured_media":512,"parent":0,"template":"","tags":[],"product-type":[7],"class_list":["post-502","product","type-product","status-publish","has-post-thumbnail","hentry","product-type-silage-baler"],"_links":{"self":[{"href":"https:\/\/balerwrapper.com\/pt\/wp-json\/wp\/v2\/product\/502","targetHints":{"allow":["GET"]}}],"collection":[{"href":"https:\/\/balerwrapper.com\/pt\/wp-json\/wp\/v2\/product"}],"about":[{"href":"https:\/\/balerwrapper.com\/pt\/wp-json\/wp\/v2\/types\/product"}],"author":[{"embeddable":true,"href":"https:\/\/balerwrapper.com\/pt\/wp-json\/wp\/v2\/users\/1"}],"wp:featuredmedia":[{"embeddable":true,"href":"https:\/\/balerwrapper.com\/pt\/wp-json\/wp\/v2\/media\/512"}],"wp:attachment":[{"href":"https:\/\/balerwrapper.com\/pt\/wp-json\/wp\/v2\/media?parent=502"}],"wp:term":[{"taxonomy":"post_tag","embeddable":true,"href":"https:\/\/balerwrapper.com\/pt\/wp-json\/wp\/v2\/tags?post=502"},{"taxonomy":"product-type","embeddable":true,"href":"https:\/\/balerwrapper.com\/pt\/wp-json\/wp\/v2\/product-type?post=502"}],"curies":[{"name":"wp","href":"https:\/\/api.w.org\/{rel}","templated":true}]}}