{"id":408,"date":"2022-12-15T13:47:15","date_gmt":"2022-12-15T05:47:15","guid":{"rendered":"https:\/\/balerwrapper.com\/?post_type=product&#038;p=408"},"modified":"2022-12-16T11:43:40","modified_gmt":"2022-12-16T03:43:40","slug":"straw-cutting-machine","status":"publish","type":"product","link":"https:\/\/balerwrapper.com\/pt\/product\/straw-cutting-machine\/","title":{"rendered":"M\u00e1quina de corte de palha para alimenta\u00e7\u00e3o de vacas e cavalos"},"content":{"rendered":"<div class=\"kk-star-ratings kksr-auto kksr-align-left kksr-valign-top\"     data-payload='{&quot;align&quot;:&quot;left&quot;,&quot;id&quot;:&quot;408&quot;,&quot;slug&quot;:&quot;default&quot;,&quot;valign&quot;:&quot;top&quot;,&quot;ignore&quot;:&quot;&quot;,&quot;reference&quot;:&quot;auto&quot;,&quot;class&quot;:&quot;&quot;,&quot;count&quot;:&quot;28&quot;,&quot;legendonly&quot;:&quot;&quot;,&quot;readonly&quot;:&quot;&quot;,&quot;score&quot;:&quot;4.7&quot;,&quot;starsonly&quot;:&quot;&quot;,&quot;best&quot;:&quot;5&quot;,&quot;gap&quot;:&quot;5&quot;,&quot;greet&quot;:&quot;Rate this product&quot;,&quot;legend&quot;:&quot;4.7\\\/5 - (28 votes)&quot;,&quot;size&quot;:&quot;24&quot;,&quot;title&quot;:&quot;Straw cutting machine for cow and horse feed&quot;,&quot;width&quot;:&quot;133.8&quot;,&quot;_legend&quot;:&quot;{score}\\\/{best} - ({count} {votes})&quot;,&quot;font_factor&quot;:&quot;1.25&quot;}'>              <div class=\"kksr-stars\">      <div class=\"kksr-stars-inactive\">             <div class=\"kksr-star\" data-star=\"1\" style=\"padding-right: 5px\">               <div class=\"kksr-icon\" style=\"width: 24px; height: 24px;\"><\/div>         <\/div>             <div class=\"kksr-star\" data-star=\"2\" style=\"padding-right: 5px\">               <div class=\"kksr-icon\" style=\"width: 24px; height: 24px;\"><\/div>         <\/div>             <div class=\"kksr-star\" data-star=\"3\" style=\"padding-right: 5px\">               <div class=\"kksr-icon\" style=\"width: 24px; height: 24px;\"><\/div>         <\/div>             <div class=\"kksr-star\" data-star=\"4\" style=\"padding-right: 5px\">               <div class=\"kksr-icon\" style=\"width: 24px; height: 24px;\"><\/div>         <\/div>             <div class=\"kksr-star\" data-star=\"5\" style=\"padding-right: 5px\">               <div class=\"kksr-icon\" style=\"width: 24px; height: 24px;\"><\/div>         <\/div>     <\/div>      <div class=\"kksr-stars-active\" style=\"width: 133.8px;\">             <div class=\"kksr-star\" style=\"padding-right: 5px\">               <div class=\"kksr-icon\" style=\"width: 24px; height: 24px;\"><\/div>         <\/div>             <div class=\"kksr-star\" style=\"padding-right: 5px\">               <div class=\"kksr-icon\" style=\"width: 24px; height: 24px;\"><\/div>         <\/div>             <div class=\"kksr-star\" style=\"padding-right: 5px\">               <div class=\"kksr-icon\" style=\"width: 24px; height: 24px;\"><\/div>         <\/div>             <div class=\"kksr-star\" style=\"padding-right: 5px\">               <div class=\"kksr-icon\" style=\"width: 24px; height: 24px;\"><\/div>         <\/div>             <div class=\"kksr-star\" style=\"padding-right: 5px\">               <div class=\"kksr-icon\" style=\"width: 24px; height: 24px;\"><\/div>         <\/div>     <\/div> <\/div>                   <div class=\"kksr-legend\" style=\"font-size: 19.2px;\">             4.7\/5 - (28 votos)    <\/div>     <\/div>  <p>A m\u00e1quina de corte de palha \u00e9 um bom auxiliar para fazer silagem. Tivemos que fabricar o cortador de palha por muitos anos. E temos os modelos completos de cortadores de palha para silagem. Eles s\u00e3o diferentes na produ\u00e7\u00e3o. <\/p>    <p class=\"translation-block\">E especialmente do modelo 9Z-2.5A ao 9Z-10A, que t\u00eam a fun\u00e7\u00e3o extra de alimenta\u00e7\u00e3o autom\u00e1tica de talos. E os menores <a href=\"https:\/\/www.agriculture-machine.com\/small-chaff-cutter\/\" target=\"_blank\" rel=\"noopener\">cortadores de grama de sa\u00edda<\/a> precisam que as pessoas alimentem o material manualmente.<\/p>    <h2 class=\"wp-block-heading\">Breve introdu\u00e7\u00e3o da m\u00e1quina de corte de palha<\/h2>    <p>A m\u00e1quina de corte de palha possui uma correia transportadora. E esta correia pode enviar os materiais automaticamente para a sala de britagem. Esta fun\u00e7\u00e3o pode ajudar as pessoas a economizar muita energia e tempo. Ent\u00e3o a efici\u00eancia \u00e9 muito alta. <\/p>    <p>Al\u00e9m disso, a altura de sa\u00edda do cortador de palha autom\u00e1tico \u00e9 maior do que o modelo pequeno do cortador de palha. Assim, \u00e9 conveniente para o cliente enviar a silagem triturada para qualquer lugar. Os usu\u00e1rios tamb\u00e9m podem ajustar a sa\u00edda alta para facilitar o uso.<\/p>    <figure class=\"wp-block-gallery has-nested-images columns-default is-cropped wp-block-gallery-2 is-layout-flex wp-block-gallery-is-layout-flex\"> <figure class=\"wp-block-image size-large\"><img loading=\"lazy\" decoding=\"async\" width=\"720\" height=\"540\" data-id=\"417\" src=\"https:\/\/balerwrapper.com\/wp-content\/uploads\/2022\/12\/straw-cutting-machine-1-1.webp\" alt=\"m\u00e1quina de corte de palha\" class=\"wp-image-417\" title=\"m\u00e1quina de corte de palha\"\/><figcaption class=\"wp-element-caption\">m\u00e1quina de corte de palha<\/figcaption><\/figure>    <figure class=\"wp-block-image size-large\"><img loading=\"lazy\" decoding=\"async\" width=\"720\" height=\"540\" data-id=\"418\" src=\"https:\/\/balerwrapper.com\/wp-content\/uploads\/2022\/12\/electric-hay-cutter-.webp\" alt=\"cortador el\u00e9trico de palha de feno\" class=\"wp-image-418\" title=\"cortador el\u00e9trico de palha de feno\"\/><figcaption class=\"wp-element-caption\">cortador el\u00e9trico de palha de feno<\/figcaption><\/figure> <\/figure>    <h2 class=\"wp-block-heading\">Quais m\u00e1quinas podem trabalhar em conjunto com o cortador el\u00e9trico de palha de feno?<\/h2>    <p class=\"translation-block\">Os clientes podem combinar a m\u00e1quina de corte de palha com a <a href=\"https:\/\/balerwrapper.com\/pt\/product\/silage-wrapping-machine\/\">m\u00e1quina de embalagem de silagem<\/a> ou m\u00e1quina de prensagem de silagem hidr\u00e1ulica. Porque os usu\u00e1rios podem transformar os talos em fardos redondos ou quadrados diretamente. Assim, \u00e9 f\u00e1cil de usar para os agricultores.<\/p>    <figure class=\"wp-block-gallery has-nested-images columns-default is-cropped wp-block-gallery-3 is-layout-flex wp-block-gallery-is-layout-flex\"> <figure class=\"wp-block-image size-large\"><img loading=\"lazy\" decoding=\"async\" width=\"720\" height=\"540\" data-id=\"419\" src=\"https:\/\/balerwrapper.com\/wp-content\/uploads\/2022\/12\/paddy-straw-cutting-machine-.webp\" alt=\"enfardadeira de silagem\" class=\"wp-image-419\" title=\"enfardadeira de silagem\"\/><figcaption class=\"wp-element-caption\">enfardadeira de silagem<\/figcaption><\/figure> <\/figure>    <h2 class=\"wp-block-heading\">Dados de informa\u00e7\u00f5es t\u00e9cnicas da m\u00e1quina de corte de capim elefante<\/h2>    <figure class=\"wp-block-table\"><table><tbody><tr><td>Modelo<\/td><td>9Z-2,5A<\/td><\/tr><tr><td>Poder de apoio<\/td><td>Motor de 3kW<\/td><\/tr><tr><td>Velocidade do motor<\/td><td>2800rpm\/min<\/td><\/tr><tr><td>Tamanho<\/td><td>1050*1180*1600MM<\/td><\/tr><tr><td>Sa\u00edda<\/td><td>2500kg\/hora<\/td><\/tr><tr><td>N\u00famero de l\u00e2minas<\/td><td>6 pe\u00e7as<\/td><\/tr><tr><td>M\u00e9todo de alimenta\u00e7\u00e3o<\/td><td>Alimenta\u00e7\u00e3o autom\u00e1tica<\/td><\/tr><tr><td>Peso<\/td><td>125KG<\/td><\/tr><tr><td>Efeito de sa\u00edda<\/td><td>Comprimento 7-35MM<\/td><\/tr><\/tbody><\/table><figcaption class=\"wp-element-caption\">par\u00e2metro da m\u00e1quina de corte de capim-elefante<\/figcaption><\/figure>    <h2 class=\"wp-block-heading\">Vantagens da m\u00e1quina de corte de forragem<\/h2>    <ol class=\"wp-block-list\" type=\"1\"> <li>Alta capacidade. As m\u00e1quinas autom\u00e1ticas de corte de palha da s\u00e9rie 9Z t\u00eam rendimentos mais elevados. E a capacidade mais baixa \u00e9 de 2,5 toneladas.<\/li>    <li>Mais conveniente de usar. A m\u00e1quina deste modelo possui uma correia transportadora autom\u00e1tica para envio de talos. Os usu\u00e1rios s\u00f3 precisam colocar os talos na correia. &nbsp;<\/li>    <li>Variedade de poder. A m\u00e1quina cortadora autom\u00e1tica pode funcionar com motor diesel, gasolina ou motor.<\/li>    <li>Aplicativo de uso amplo. O cortador de palha pode processar a maior parte do caule, palha, grama, etc. E pode ser usado por v\u00e1rios agricultores e f\u00e1bricas de ra\u00e7\u00f5es.<\/li> <\/ol>    <figure class=\"wp-block-image size-full\"><img loading=\"lazy\" decoding=\"async\" width=\"720\" height=\"540\" src=\"https:\/\/balerwrapper.com\/wp-content\/uploads\/2022\/12\/fodder-cutting-machine-.webp\" alt=\"\" class=\"wp-image-427\"\/><figcaption class=\"wp-element-caption\">m\u00e1quina de corte de forragem<\/figcaption><\/figure>    <h2 class=\"wp-block-heading\">V\u00eddeo de funcionamento da m\u00e1quina picadora de grama<\/h2>    <figure class=\"wp-block-embed is-type-video is-provider-youtube wp-block-embed-youtube wp-embed-aspect-16-9 wp-has-aspect-ratio\"><div class=\"wp-block-embed__wrapper\"> <iframe loading=\"lazy\" title=\"M\u00e1quina de corte de palha nas Filipinas\/m\u00e1quina de corte de grama\/m\u00e1quina de corte de palha\/cortador de talo de milho\" width=\"500\" height=\"281\" src=\"https:\/\/www.youtube.com\/embed\/YGkQjesfISA?feature=oembed\" frameborder=\"0\" allow=\"accelerometer; autoplay; clipboard-write; encrypted-media; gyroscope; picture-in-picture; web-share\" referrerpolicy=\"strict-origin-when-cross-origin\" allowfullscreen><\/iframe> <\/div><\/figure>    <h2 class=\"wp-block-heading\">Por que escolher nossa m\u00e1quina de corte de ra\u00e7\u00e3o para vacas?<\/h2>    <ol class=\"wp-block-list\" type=\"1\"> <li>Produzimos todas as m\u00e1quinas usando chapa de a\u00e7o extrapesada. Portanto, as m\u00e1quinas cortadoras de forragem s\u00e3o dur\u00e1veis. Portanto, a vida \u00fatil \u00e9 mais longa.<\/li>    <li>O motor \u00e9 de cobre. Assim, o motor pode fornecer pot\u00eancia forte e a m\u00e1quina pode funcionar de forma est\u00e1vel.<\/li>    <li>F\u00e1cil de mover. Nosso cortador autom\u00e1tico de palha possui rodas que podem se mover para qualquer lugar.<\/li>    <li>Baixo ru\u00eddo e economia de energia. H\u00e1 muito pouco ru\u00eddo quando a m\u00e1quina de corte de palha de arroz est\u00e1 funcionando. E consome menos energia do que outras m\u00e1quinas.<\/li> <\/ol>    <figure class=\"wp-block-image size-full\"><img loading=\"lazy\" decoding=\"async\" width=\"720\" height=\"540\" src=\"https:\/\/balerwrapper.com\/wp-content\/uploads\/2022\/12\/cow-feed-cutting-machine-.webp\" alt=\"m\u00e1quina de corte de ra\u00e7\u00e3o para vaca\" class=\"wp-image-429\" title=\"m\u00e1quina de corte de ra\u00e7\u00e3o para vaca\"\/><figcaption class=\"wp-element-caption\">m\u00e1quina de corte de ra\u00e7\u00e3o para vaca<\/figcaption><\/figure>","protected":false},"excerpt":{"rendered":"<p>A m\u00e1quina de corte de palha \u00e9 um bom auxiliar para fazer silagem. Tivemos que fabricar o cortador de palha por muitos anos.<\/p>","protected":false},"author":1,"featured_media":416,"parent":0,"template":"","tags":[],"product-type":[6],"class_list":["post-408","product","type-product","status-publish","has-post-thumbnail","hentry","product-type-chaff-cutter"],"_links":{"self":[{"href":"https:\/\/balerwrapper.com\/pt\/wp-json\/wp\/v2\/product\/408","targetHints":{"allow":["GET"]}}],"collection":[{"href":"https:\/\/balerwrapper.com\/pt\/wp-json\/wp\/v2\/product"}],"about":[{"href":"https:\/\/balerwrapper.com\/pt\/wp-json\/wp\/v2\/types\/product"}],"author":[{"embeddable":true,"href":"https:\/\/balerwrapper.com\/pt\/wp-json\/wp\/v2\/users\/1"}],"wp:featuredmedia":[{"embeddable":true,"href":"https:\/\/balerwrapper.com\/pt\/wp-json\/wp\/v2\/media\/416"}],"wp:attachment":[{"href":"https:\/\/balerwrapper.com\/pt\/wp-json\/wp\/v2\/media?parent=408"}],"wp:term":[{"taxonomy":"post_tag","embeddable":true,"href":"https:\/\/balerwrapper.com\/pt\/wp-json\/wp\/v2\/tags?post=408"},{"taxonomy":"product-type","embeddable":true,"href":"https:\/\/balerwrapper.com\/pt\/wp-json\/wp\/v2\/product-type?post=408"}],"curies":[{"name":"wp","href":"https:\/\/api.w.org\/{rel}","templated":true}]}}