{"id":383,"date":"2022-11-16T16:06:09","date_gmt":"2022-11-16T08:06:09","guid":{"rendered":"https:\/\/balerwrapper.com\/?post_type=product&#038;p=383"},"modified":"2024-05-31T16:14:26","modified_gmt":"2024-05-31T08:14:26","slug":"silage-chopper","status":"publish","type":"product","link":"https:\/\/balerwrapper.com\/pt\/product\/silage-chopper\/","title":{"rendered":"M\u00e1quina de corte de palha picadora de silagem profissional"},"content":{"rendered":"<div class=\"kk-star-ratings kksr-auto kksr-align-left kksr-valign-top\"     data-payload='{&quot;align&quot;:&quot;left&quot;,&quot;id&quot;:&quot;383&quot;,&quot;slug&quot;:&quot;default&quot;,&quot;valign&quot;:&quot;top&quot;,&quot;ignore&quot;:&quot;&quot;,&quot;reference&quot;:&quot;auto&quot;,&quot;class&quot;:&quot;&quot;,&quot;count&quot;:&quot;90&quot;,&quot;legendonly&quot;:&quot;&quot;,&quot;readonly&quot;:&quot;&quot;,&quot;score&quot;:&quot;4.8&quot;,&quot;starsonly&quot;:&quot;&quot;,&quot;best&quot;:&quot;5&quot;,&quot;gap&quot;:&quot;5&quot;,&quot;greet&quot;:&quot;Rate this product&quot;,&quot;legend&quot;:&quot;4.8\\\/5 - (90 votes)&quot;,&quot;size&quot;:&quot;24&quot;,&quot;title&quot;:&quot;Professional Silage Chopper Straw Cutting Machine&quot;,&quot;width&quot;:&quot;136.7&quot;,&quot;_legend&quot;:&quot;{score}\\\/{best} - ({count} {votes})&quot;,&quot;font_factor&quot;:&quot;1.25&quot;}'>              <div class=\"kksr-stars\">      <div class=\"kksr-stars-inactive\">             <div class=\"kksr-star\" data-star=\"1\" style=\"padding-right: 5px\">               <div class=\"kksr-icon\" style=\"width: 24px; height: 24px;\"><\/div>         <\/div>             <div class=\"kksr-star\" data-star=\"2\" style=\"padding-right: 5px\">               <div class=\"kksr-icon\" style=\"width: 24px; height: 24px;\"><\/div>         <\/div>             <div class=\"kksr-star\" data-star=\"3\" style=\"padding-right: 5px\">               <div class=\"kksr-icon\" style=\"width: 24px; height: 24px;\"><\/div>         <\/div>             <div class=\"kksr-star\" data-star=\"4\" style=\"padding-right: 5px\">               <div class=\"kksr-icon\" style=\"width: 24px; height: 24px;\"><\/div>         <\/div>             <div class=\"kksr-star\" data-star=\"5\" style=\"padding-right: 5px\">               <div class=\"kksr-icon\" style=\"width: 24px; height: 24px;\"><\/div>         <\/div>     <\/div>      <div class=\"kksr-stars-active\" style=\"width: 136.7px;\">             <div class=\"kksr-star\" style=\"padding-right: 5px\">               <div class=\"kksr-icon\" style=\"width: 24px; height: 24px;\"><\/div>         <\/div>             <div class=\"kksr-star\" style=\"padding-right: 5px\">               <div class=\"kksr-icon\" style=\"width: 24px; height: 24px;\"><\/div>         <\/div>             <div class=\"kksr-star\" style=\"padding-right: 5px\">               <div class=\"kksr-icon\" style=\"width: 24px; height: 24px;\"><\/div>         <\/div>             <div class=\"kksr-star\" style=\"padding-right: 5px\">               <div class=\"kksr-icon\" style=\"width: 24px; height: 24px;\"><\/div>         <\/div>             <div class=\"kksr-star\" style=\"padding-right: 5px\">               <div class=\"kksr-icon\" style=\"width: 24px; height: 24px;\"><\/div>         <\/div>     <\/div> <\/div>                   <div class=\"kksr-legend\" style=\"font-size: 19.2px;\">             4.8\/5 - (90 votos)    <\/div>     <\/div>  <p>Um picador de silagem \u00e9 uma m\u00e1quina que pode triturar v\u00e1rias palhas de plantas. As pessoas usam esta m\u00e1quina de corte de palha para esmagar todos os tipos de ra\u00e7\u00e3o para alimentar bovinos, ovinos, cavalos, porcos e outros animais. O manuseio manual de grandes quantidades de ra\u00e7\u00e3o exige tempo e trabalho. Portanto, \u00e9 uma boa op\u00e7\u00e3o usar uma m\u00e1quina de corte de palha para processar grama forrageira. Nossa f\u00e1brica produz diversos modelos de m\u00e1quinas com capacidade m\u00e1xima de 6T\/H.<\/p>    <figure class=\"wp-block-embed aligncenter is-type-video is-provider-youtube wp-block-embed-youtube wp-embed-aspect-16-9 wp-has-aspect-ratio\"><div class=\"wp-block-embed__wrapper\"> <iframe loading=\"lazy\" title=\"Cortador de palha 6t\/h\/m\u00e1quina de corte de grama\/cortador de grama\/cortador de feno e palha para animais\" width=\"500\" height=\"281\" src=\"https:\/\/www.youtube.com\/embed\/pjBWCWVfv4E?start=1&#038;feature=oembed\" frameborder=\"0\" allow=\"accelerometer; autoplay; clipboard-write; encrypted-media; gyroscope; picture-in-picture; web-share\" referrerpolicy=\"strict-origin-when-cross-origin\" allowfullscreen><\/iframe> <\/div><figcaption class=\"wp-element-caption\">local de trabalho da m\u00e1quina cortadora de palha de silagem<\/figcaption><\/figure>    <p class=\"translation-block\">Al\u00e9m disso, tamb\u00e9m produzimos <a href=\"https:\/\/balerwrapper.com\/pt\/product\/corn-silage-baler-machine\/\">m\u00e1quinas de enfardar e envolver silagem<\/a>. As pessoas podem usar estas m\u00e1quinas para enfardar o excesso de forragem para armazenamento a longo prazo.<\/p>    <h2 class=\"wp-block-heading\">M\u00e1quinas picadoras de silagem da Taizy<\/h2>    <p>S\u00e3o tr\u00eas modelos de picadores de silagem produzidos pela Taizy. A sa\u00edda de cada modelo \u00e9 diferente, existem tr\u00eas tipos de sa\u00edda: 3T\/H, 4T\/H e 6T\/H. Os clientes podem escolher de acordo com suas necessidades. Nossos cortadores de feno possuem uma esteira transportadora. A correia transportadora pode enviar automaticamente a mat\u00e9ria-prima para a c\u00e2mara de corte do feno, ajudando o usu\u00e1rio a usar o picador de silagem com mais economia de trabalho e efici\u00eancia.<\/p>    <figure class=\"wp-block-gallery aligncenter has-nested-images columns-default is-cropped wp-block-gallery-2 is-layout-flex wp-block-gallery-is-layout-flex\"> <figure class=\"wp-block-image size-large\"><img loading=\"lazy\" decoding=\"async\" width=\"720\" height=\"540\" data-id=\"387\" src=\"https:\/\/balerwrapper.com\/wp-content\/uploads\/2022\/11\/silage-chopper-.webp\" alt=\"picador de silagem\" class=\"wp-image-387\" title=\"picador de silagem\"\/><figcaption class=\"wp-element-caption\">picador de silagem<\/figcaption><\/figure>    <figure class=\"wp-block-image size-large\"><img loading=\"lazy\" decoding=\"async\" width=\"720\" height=\"540\" data-id=\"388\" src=\"https:\/\/balerwrapper.com\/wp-content\/uploads\/2022\/11\/straw-cutting-machine-.webp\" alt=\"m\u00e1quina de corte de palha \" class=\"wp-image-388\" title=\"m\u00e1quina de corte de palha \"\/><figcaption class=\"wp-element-caption\">m\u00e1quina de corte de palha <\/figcaption><\/figure> <\/figure>    <h2 class=\"wp-block-heading\">Materiais que a m\u00e1quina de corte de palha pode manusear<\/h2>    <p>Os materiais processados \u200b\u200bpelo picador de silagem podem ser talos de algod\u00e3o, talos de milho, talos de sorgo, talos de trigo, palhas de arroz, etc.<\/p>    <p class=\"translation-block\"><strong>Aplica\u00e7\u00e3o<\/strong>: Alimenta\u00e7\u00e3o de porcos, gado bovino, ovelhas, cavalos, burros, coelhos, galinhas, patos, gansos, etc.<\/p>    <p class=\"translation-block\"><strong>Caracter\u00edsticas da ra\u00e7\u00e3o<\/strong>: Como a ra\u00e7\u00e3o \u00e9 amassada primeiro e depois novamente amassada, o material processado por esta m\u00e1quina \u00e9 mais curto e floculento.<\/p>   <div class=\"wp-block-image\"> <figure class=\"aligncenter size-full\"><img loading=\"lazy\" decoding=\"async\" width=\"720\" height=\"540\" src=\"https:\/\/balerwrapper.com\/wp-content\/uploads\/2022\/11\/finished-silage-.webp\" alt=\"silagem acabada \" class=\"wp-image-386\" title=\"silagem acabada \"\/><figcaption class=\"wp-element-caption\">silagem acabada <\/figcaption><\/figure> <\/div>   <h2 class=\"wp-block-heading\">Par\u00e2metros t\u00e9cnicos do cortador de palha de grama<\/h2>    <figure class=\"wp-block-table is-style-stripes\"><table><tbody><tr><td>Modelo<\/td><td>9RSZ-3<\/td><\/tr><tr><td>Poder<\/td><td>Motor a gasolina 190F<\/td><\/tr><tr><td>Capacidade<\/td><td>3.000 kg\/hora<\/td><\/tr><tr><td>Peso<\/td><td>100kg<\/td><\/tr><tr><td>Modelo<\/td><td>9RSZ-4<\/td><\/tr><tr><td>Poder<\/td><td>Motor 4kw, 8hp<\/td><\/tr><tr><td>Capacidade<\/td><td>4000kg\/hora<\/td><\/tr><tr><td>Peso<\/td><td>170kg<\/td><\/tr><tr><td>Tamanho<\/td><td>2000*600*920mm<\/td><\/tr><tr><td>Modelo<\/td><td>9RSZ-6<\/td><\/tr><tr><td>Poder<\/td><td>Motor de 7,5 kW, 15 CV<\/td><\/tr><tr><td>Capacidade<\/td><td>6.000 kg\/hora<\/td><\/tr><tr><td>Peso<\/td><td>230kg<\/td><\/tr><tr><td>Tamanho<\/td><td>2000*700*980mm<\/td><\/tr><\/tbody><\/table><figcaption class=\"wp-element-caption\">dados t\u00e9cnicos do cortador de palha de grama<\/figcaption><\/figure>    <h2 class=\"wp-block-heading\">Como funciona o cortador de palha\uff1f<\/h2>    <figure class=\"wp-block-embed aligncenter is-type-video is-provider-youtube wp-block-embed-youtube wp-embed-aspect-4-3 wp-has-aspect-ratio\"><div class=\"wp-block-embed__wrapper\"> <iframe loading=\"lazy\" title=\"Cortador de palha\/m\u00e1quina cortadora de grama\/cortador de feno\/m\u00e1quina de corte de palha para alimenta\u00e7\u00e3o animal.\" width=\"500\" height=\"375\" src=\"https:\/\/www.youtube.com\/embed\/zEIdHhlR2z8?feature=oembed\" frameborder=\"0\" allow=\"accelerometer; autoplay; clipboard-write; encrypted-media; gyroscope; picture-in-picture; web-share\" referrerpolicy=\"strict-origin-when-cross-origin\" allowfullscreen><\/iframe> <\/div><figcaption class=\"wp-element-caption\">v\u00eddeo de funcionamento da m\u00e1quina de corte de silagem<\/figcaption><\/figure>    <h2 class=\"wp-block-heading\">Princ\u00edpio de funcionamento do triturador de feno para ra\u00e7\u00e3o animal<\/h2>    <p>As pessoas colocam materiais na entrada. Em seguida, a correia transportadora gira para trazer o material para dentro do dispositivo de corte. Em seguida, a l\u00e2mina rotativa de alta velocidade \u00e9 combinada com um martelo para cortar, triturar e retificar. O movimento relativo do martelo e da placa dent\u00e1ria amassa o material em fragmentos e filamentos e \u00e9 lan\u00e7ado para fora da m\u00e1quina pelo ventilador.<\/p>   <div class=\"wp-block-image\"> <figure class=\"aligncenter size-full\"><img loading=\"lazy\" decoding=\"async\" width=\"720\" height=\"540\" src=\"https:\/\/balerwrapper.com\/wp-content\/uploads\/2022\/11\/grass-chaff-cutter-.webp\" alt=\"cortador de palha de grama\" class=\"wp-image-397\" title=\"cortador de palha de grama\"\/><figcaption class=\"wp-element-caption\">cortador de palha de grama<\/figcaption><\/figure> <\/div>   <h2 class=\"wp-block-heading\">Pot\u00eancia da m\u00e1quina trituradora de palha<\/h2>    <p>Diferentes modelos de trituradores de palha t\u00eam pot\u00eancias diferentes. O picador de silagem pode ser equipado com tr\u00eas pot\u00eancias: motor el\u00e9trico, motor a gasolina e motor diesel. Os clientes podem escolher sob demanda.<\/p>    <figure class=\"wp-block-gallery has-nested-images columns-default is-cropped wp-block-gallery-3 is-layout-flex wp-block-gallery-is-layout-flex\"> <figure class=\"wp-block-image size-large\"><img loading=\"lazy\" decoding=\"async\" width=\"720\" height=\"540\" data-id=\"389\" src=\"https:\/\/balerwrapper.com\/wp-content\/uploads\/2022\/11\/straw-crusher-with-diesel-power-.webp\" alt=\"triturador de palha com energia diesel\" class=\"wp-image-389\" title=\"triturador de palha com energia diesel\"\/><figcaption class=\"wp-element-caption\">triturador de palha com energia diesel<\/figcaption><\/figure>    <figure class=\"wp-block-image size-large\"><img loading=\"lazy\" decoding=\"async\" width=\"720\" height=\"540\" data-id=\"390\" src=\"https:\/\/balerwrapper.com\/wp-content\/uploads\/2022\/11\/silage-chopper-with-gasoline-engine-.webp\" alt=\"picador de silagem com motor a gasolina \" class=\"wp-image-390\" title=\"picador de silagem com motor a gasolina \"\/><figcaption class=\"wp-element-caption\">picador de silagem com motor a gasolina<\/figcaption><\/figure> <\/figure>    <h2 class=\"wp-block-heading\">Como \u00e9 a estrutura da picadora de silagem?<\/h2>    <p>A m\u00e1quina trituradora de palha inclui principalmente uma estrutura de alimenta\u00e7\u00e3o, estrutura, inv\u00f3lucro, sistema de amassamento de feno, sa\u00edda, energia e outras pe\u00e7as.<\/p>    <figure class=\"wp-block-gallery has-nested-images columns-default is-cropped wp-block-gallery-4 is-layout-flex wp-block-gallery-is-layout-flex\"> <figure class=\"wp-block-image size-large\"><img loading=\"lazy\" decoding=\"async\" width=\"720\" height=\"540\" data-id=\"391\" src=\"https:\/\/balerwrapper.com\/wp-content\/uploads\/2022\/11\/inner-structuer-of-the-hay-chaff-cutter.webp\" alt=\"estrutura interna do cortador de palha de feno\" class=\"wp-image-391\" title=\"estrutura interna do cortador de palha de feno\"\/><figcaption class=\"wp-element-caption\">estrutura interna do cortador de palha de feno<\/figcaption><\/figure>    <figure class=\"wp-block-image size-large\"><img loading=\"lazy\" decoding=\"async\" width=\"720\" height=\"540\" data-id=\"392\" src=\"https:\/\/balerwrapper.com\/wp-content\/uploads\/2022\/11\/straw-crusher-.webp\" alt=\"triturador de palha \" class=\"wp-image-392\" title=\"triturador de palha \"\/><figcaption class=\"wp-element-caption\">triturador de palha <\/figcaption><\/figure> <\/figure>    <h2 class=\"wp-block-heading\">Vantagens do cortador de palha de feno<\/h2>    <ul class=\"wp-block-list\"> <li>O cortador de palha de feno \u00e9 uma estrutura de a\u00e7o que funciona de forma est\u00e1vel e \u00e9 f\u00e1cil de mover.<\/li>    <li>As l\u00e2minas e martelos da m\u00e1quina s\u00e3o feitos de a\u00e7o resistente ao desgaste, processados \u200b\u200bpor tecnologia especial, resistentes ao desgaste e t\u00eam uma longa vida \u00fatil.<\/li>    <li>O efeito de esfregar o canudo \u00e9 bom e os materiais podem ser esmagados em filamentos.<\/li>    <li>O cortador de feno possui um dispositivo autom\u00e1tico de rolo para alimenta\u00e7\u00e3o de grama, alimenta\u00e7\u00e3o autom\u00e1tica, alimenta\u00e7\u00e3o suave de grama e alta efici\u00eancia de produ\u00e7\u00e3o.<\/li>    <li>A altura da porta de descarga do cortador de palha pode ser ajustada, o que \u00e9 flex\u00edvel e conveniente de usar.<\/li> <\/ul>    <figure class=\"wp-block-gallery has-nested-images columns-default is-cropped wp-block-gallery-5 is-layout-flex wp-block-gallery-is-layout-flex\"> <figure class=\"wp-block-image size-large\"><img loading=\"lazy\" decoding=\"async\" width=\"720\" height=\"540\" data-id=\"393\" src=\"https:\/\/balerwrapper.com\/wp-content\/uploads\/2022\/11\/hay-chaff-cutter-.webp\" alt=\"cortador de palha de feno\" class=\"wp-image-393\" title=\"cortador de palha de feno\"\/><figcaption class=\"wp-element-caption\">cortador de palha de feno<\/figcaption><\/figure>    <figure class=\"wp-block-image size-large\"><img loading=\"lazy\" decoding=\"async\" width=\"720\" height=\"540\" data-id=\"394\" src=\"https:\/\/balerwrapper.com\/wp-content\/uploads\/2022\/11\/animal-feed-hay-crusher-.webp\" alt=\"triturador de feno para ra\u00e7\u00e3o animal\" class=\"wp-image-394\" title=\"triturador de feno para ra\u00e7\u00e3o animal\"\/><figcaption class=\"wp-element-caption\">triturador de feno para ra\u00e7\u00e3o animal<\/figcaption><\/figure> <\/figure>    <h2 class=\"wp-block-heading\">Triturador de palha vendido ao Zimbabu\u00e9<\/h2>    <p class=\"translation-block\">Esta semana, um cliente do <a href=\"https:\/\/en.wikipedia.org\/wiki\/Zimbabwe\" target=\"_blank\" rel=\"noopener\">Zimbabu\u00e9<\/a> comprou-nos um picador de silagem 9RSZ-6. O cliente est\u00e1 a usar a m\u00e1quina sozinho. Ele possui uma f\u00e1brica de cria\u00e7\u00e3o de ovinos. Para processar a forragem mais rapidamente, o cliente deseja adquirir um cortador de feno. Durante a comunica\u00e7\u00e3o com o cliente, soubemos que o cliente exige que a m\u00e1quina atinja cinco toneladas por hora. Por isso, recomendamos a m\u00e1quina de amassar forragem 9RSZ-6. O cliente decide fazer a encomenda ap\u00f3s ler todas as informa\u00e7\u00f5es que fornecemos.<\/p>    <figure class=\"wp-block-gallery has-nested-images columns-default is-cropped wp-block-gallery-6 is-layout-flex wp-block-gallery-is-layout-flex\"> <figure class=\"wp-block-image size-large\"><img loading=\"lazy\" decoding=\"async\" width=\"720\" height=\"540\" data-id=\"395\" src=\"https:\/\/balerwrapper.com\/wp-content\/uploads\/2022\/11\/wooden-case-packing-of-the-hay-cutting-machine-.webp\" alt=\"embalagem de caixa de madeira da m\u00e1quina de corte de feno \" class=\"wp-image-395\" title=\"embalagem de caixa de madeira da m\u00e1quina de corte de feno \"\/><figcaption class=\"wp-element-caption\">embalagem de caixa de madeira da m\u00e1quina de corte de feno<\/figcaption><\/figure>    <figure class=\"wp-block-image size-large\"><img loading=\"lazy\" decoding=\"async\" width=\"720\" height=\"540\" data-id=\"396\" src=\"https:\/\/balerwrapper.com\/wp-content\/uploads\/2022\/11\/shipping-of-the-straw-crusher-machine-.webp\" alt=\"envio da m\u00e1quina trituradora de palha\" class=\"wp-image-396\" title=\"envio da m\u00e1quina trituradora de palha\"\/><figcaption class=\"wp-element-caption\">envio da m\u00e1quina trituradora de palha<\/figcaption><\/figure> <\/figure>    <p class=\"translation-block\">Temos muitos outros tipos de m\u00e1quinas picadoras de forragem \u00e0 sua escolha, pode v\u00ea-las clicando em: <strong><em><a href=\"https:\/\/balerwrapper.com\/pt\/products\/chaff-cutter\/\">https:\/\/balerwrapper.com\/products\/chaff-cutter\/<\/a><\/em><\/strong>. Sinta-se \u00e0 vontade para nos contactar para obter mais imagens das m\u00e1quinas, bem como informa\u00e7\u00f5es detalhadas.<\/p>","protected":false},"excerpt":{"rendered":"<p>O picador de silagem \u00e9 uma m\u00e1quina que pode triturar diversas palhas de plantas. Geralmente \u00e9 utilizado na ind\u00fastria de corte e processamento de silagem.<\/p>","protected":false},"author":1,"featured_media":399,"parent":0,"template":"","tags":[40,39,35],"product-type":[6],"class_list":["post-383","product","type-product","status-publish","has-post-thumbnail","hentry","tag-grass","tag-hay","tag-silage","product-type-chaff-cutter"],"_links":{"self":[{"href":"https:\/\/balerwrapper.com\/pt\/wp-json\/wp\/v2\/product\/383","targetHints":{"allow":["GET"]}}],"collection":[{"href":"https:\/\/balerwrapper.com\/pt\/wp-json\/wp\/v2\/product"}],"about":[{"href":"https:\/\/balerwrapper.com\/pt\/wp-json\/wp\/v2\/types\/product"}],"author":[{"embeddable":true,"href":"https:\/\/balerwrapper.com\/pt\/wp-json\/wp\/v2\/users\/1"}],"wp:featuredmedia":[{"embeddable":true,"href":"https:\/\/balerwrapper.com\/pt\/wp-json\/wp\/v2\/media\/399"}],"wp:attachment":[{"href":"https:\/\/balerwrapper.com\/pt\/wp-json\/wp\/v2\/media?parent=383"}],"wp:term":[{"taxonomy":"post_tag","embeddable":true,"href":"https:\/\/balerwrapper.com\/pt\/wp-json\/wp\/v2\/tags?post=383"},{"taxonomy":"product-type","embeddable":true,"href":"https:\/\/balerwrapper.com\/pt\/wp-json\/wp\/v2\/product-type?post=383"}],"curies":[{"name":"wp","href":"https:\/\/api.w.org\/{rel}","templated":true}]}}