{"id":1283,"date":"2026-04-23T16:24:01","date_gmt":"2026-04-23T08:24:01","guid":{"rendered":"https:\/\/balerwrapper.com\/?post_type=product&#038;p=1283"},"modified":"2026-04-23T17:04:13","modified_gmt":"2026-04-23T09:04:13","slug":"forage-hay-baler-wrapper","status":"publish","type":"product","link":"https:\/\/balerwrapper.com\/pt\/product\/forage-hay-baler-wrapper\/","title":{"rendered":"Envolt\u00f3rio de Fardos de Feno 9YDB-90 | M\u00e1quina de Envoltura para Fardos de Forragem"},"content":{"rendered":"<div class=\"kk-star-ratings kksr-auto kksr-align-left kksr-valign-top\"     data-payload='{&quot;align&quot;:&quot;left&quot;,&quot;id&quot;:&quot;1283&quot;,&quot;slug&quot;:&quot;default&quot;,&quot;valign&quot;:&quot;top&quot;,&quot;ignore&quot;:&quot;&quot;,&quot;reference&quot;:&quot;auto&quot;,&quot;class&quot;:&quot;&quot;,&quot;count&quot;:&quot;84&quot;,&quot;legendonly&quot;:&quot;&quot;,&quot;readonly&quot;:&quot;&quot;,&quot;score&quot;:&quot;4.6&quot;,&quot;starsonly&quot;:&quot;&quot;,&quot;best&quot;:&quot;5&quot;,&quot;gap&quot;:&quot;5&quot;,&quot;greet&quot;:&quot;Rate this product&quot;,&quot;legend&quot;:&quot;4.6\\\/5 - (84 votes)&quot;,&quot;size&quot;:&quot;24&quot;,&quot;title&quot;:&quot;9YDB-90 Hay Baler Wrapper | Forage Baling Wrapping Machine&quot;,&quot;width&quot;:&quot;130.9&quot;,&quot;_legend&quot;:&quot;{score}\\\/{best} - ({count} {votes})&quot;,&quot;font_factor&quot;:&quot;1.25&quot;}'>              <div class=\"kksr-stars\">      <div class=\"kksr-stars-inactive\">             <div class=\"kksr-star\" data-star=\"1\" style=\"padding-right: 5px\">               <div class=\"kksr-icon\" style=\"width: 24px; height: 24px;\"><\/div>         <\/div>             <div class=\"kksr-star\" data-star=\"2\" style=\"padding-right: 5px\">               <div class=\"kksr-icon\" style=\"width: 24px; height: 24px;\"><\/div>         <\/div>             <div class=\"kksr-star\" data-star=\"3\" style=\"padding-right: 5px\">               <div class=\"kksr-icon\" style=\"width: 24px; height: 24px;\"><\/div>         <\/div>             <div class=\"kksr-star\" data-star=\"4\" style=\"padding-right: 5px\">               <div class=\"kksr-icon\" style=\"width: 24px; height: 24px;\"><\/div>         <\/div>             <div class=\"kksr-star\" data-star=\"5\" style=\"padding-right: 5px\">               <div class=\"kksr-icon\" style=\"width: 24px; height: 24px;\"><\/div>         <\/div>     <\/div>      <div class=\"kksr-stars-active\" style=\"width: 130.9px;\">             <div class=\"kksr-star\" style=\"padding-right: 5px\">               <div class=\"kksr-icon\" style=\"width: 24px; height: 24px;\"><\/div>         <\/div>             <div class=\"kksr-star\" style=\"padding-right: 5px\">               <div class=\"kksr-icon\" style=\"width: 24px; height: 24px;\"><\/div>         <\/div>             <div class=\"kksr-star\" style=\"padding-right: 5px\">               <div class=\"kksr-icon\" style=\"width: 24px; height: 24px;\"><\/div>         <\/div>             <div class=\"kksr-star\" style=\"padding-right: 5px\">               <div class=\"kksr-icon\" style=\"width: 24px; height: 24px;\"><\/div>         <\/div>             <div class=\"kksr-star\" style=\"padding-right: 5px\">               <div class=\"kksr-icon\" style=\"width: 24px; height: 24px;\"><\/div>         <\/div>     <\/div> <\/div>                   <div class=\"kksr-legend\" style=\"font-size: 19.2px;\">             4.6\/5 - (84 votos)    <\/div>     <\/div>  <p>A m\u00e1quina de embrulho de fardos de feno 9YDB-90 \u00e9 uma m\u00e1quina de alta capacidade projetada especificamente para quintas de grande escala e projetos de processamento de silagem. Combina fardagem de alta densidade com embrulho autom\u00e1tico, produzindo grandes fardos de 90\u00d790 cm com peso entre 300\u2013430 kg cada.<\/p>    <p>A efici\u00eancia operacional \u00e9 mantida consistentemente entre 55\u201360 fardos por hora, com uma capacidade de processamento total superior a 23 toneladas por hora. A m\u00e1quina apresenta um design de bra\u00e7o de embrulho duplo e um sistema de compress\u00e3o de alta resist\u00eancia com 28 rolos, aumentando significativamente a densidade de compacta\u00e7\u00e3o e o desempenho de veda\u00e7\u00e3o. Isso prolonga efetivamente o per\u00edodo de preserva\u00e7\u00e3o da silagem e reduz a perda de nutrientes, tornando-se um equipamento essencial para a produ\u00e7\u00e3o de silagem em grande escala.<\/p>    <figure class=\"wp-block-embed aligncenter is-type-video is-provider-youtube wp-block-embed-youtube wp-embed-aspect-16-9 wp-has-aspect-ratio\"><div class=\"wp-block-embed__wrapper\"> <iframe loading=\"lazy\" title=\"M\u00e1quina de embrulho de fardos de silagem 90\u00d790cm | Solu\u00e7\u00e3o de fardagem de forragem de alta efici\u00eancia \ud83c\udf3e#silagebaler\" width=\"500\" height=\"281\" src=\"https:\/\/www.youtube.com\/embed\/C4GhlgKXp34?start=3&#038;feature=oembed\" frameborder=\"0\" allow=\"accelerometer; autoplay; clipboard-write; encrypted-media; gyroscope; picture-in-picture; web-share\" referrerpolicy=\"strict-origin-when-cross-origin\" allowfullscreen><\/iframe> <\/div><figcaption class=\"wp-element-caption\">V\u00eddeo de funcionamento da m\u00e1quina de embrulho de fardos de feno de grande escala<\/figcaption><\/figure>    <h2 class=\"wp-block-heading\">Aplica\u00e7\u00f5es da m\u00e1quina de embrulho de fardos de feno<\/h2>    <ul class=\"wp-block-list\"> <li>Processamento e armazenamento centralizado de silagem para fazendas de grande escala<\/li>    <li>Fardagem e embrulho de ra\u00e7\u00e3o para fazendas de latic\u00ednios, gado e ovelhas<\/li>    <li>Processamento em grande escala de talos de milho e culturas de silagem<\/li>    <li>Colheita, fardagem e preserva\u00e7\u00e3o por fermenta\u00e7\u00e3o de forragem natural<\/li>    <li>Utiliza\u00e7\u00e3o de recursos de talos e projetos de biomassa<\/li>    <li>Opera\u00e7\u00f5es de produ\u00e7\u00e3o de silagem em grande escala para empresas de processamento de ra\u00e7\u00e3o<\/li> <\/ul>    <h2 class=\"wp-block-heading\">Vantagens da m\u00e1quina de fardos de silagem 9YDB-90<\/h2>    <ul class=\"wp-block-list\"> <li>Projetada para fardos de grande tamanho, com alta capacidade por fardo, reduzindo custos de transporte e armazenamento.<\/li>    <li>Sistema de compress\u00e3o de m\u00faltiplos rolos que melhora significativamente a densidade do fardo e a qualidade da fermenta\u00e7\u00e3o.<\/li>    <li>O design de bra\u00e7o duplo de embrulho aumenta a efici\u00eancia do embrulho e garante uma embalagem uniforme.<\/li>    <li>Alta capacidade de processamento para atender \u00e0s demandas de opera\u00e7\u00f5es cont\u00ednuas em grande escala.<\/li>    <li>Opera\u00e7\u00e3o automatizada reduz requisitos de m\u00e3o-de-obra e minimiza erros operacionais.<\/li>    <li>Equipado com sistema de recupera\u00e7\u00e3o de material para minimizar o desperd\u00edcio de mat\u00e9ria-prima.<\/li> <\/ul>    <figure class=\"wp-block-gallery has-nested-images columns-default is-cropped wp-block-gallery-2 is-layout-flex wp-block-gallery-is-layout-flex\"> <figure class=\"wp-block-image\"><img loading=\"lazy\" decoding=\"async\" width=\"720\" height=\"540\" data-id=\"1291\" src=\"https:\/\/balerwrapper.com\/wp-content\/uploads\/2026\/04\/hay-bale-wrapping-machine.webp\" alt=\"m\u00e1quina de embrulho de fardo de feno\" class=\"wp-image-1291\" srcset=\"https:\/\/balerwrapper.com\/wp-content\/uploads\/2026\/04\/hay-bale-wrapping-machine.webp 720w, https:\/\/balerwrapper.com\/wp-content\/uploads\/2026\/04\/hay-bale-wrapping-machine-300x225.webp 300w, https:\/\/balerwrapper.com\/wp-content\/uploads\/2026\/04\/hay-bale-wrapping-machine-16x12.webp 16w\" sizes=\"auto, (max-width: 720px) 100vw, 720px\" \/><figcaption class=\"wp-element-caption\">m\u00e1quina de embrulho de fardo de feno<\/figcaption><\/figure>    <figure class=\"wp-block-image\"><img loading=\"lazy\" decoding=\"async\" width=\"720\" height=\"540\" data-id=\"1289\" src=\"https:\/\/balerwrapper.com\/wp-content\/uploads\/2026\/04\/forage-hay-baler-wrapper.webp\" alt=\"inv\u00f3lucro forrageiro de feno\" class=\"wp-image-1289\" srcset=\"https:\/\/balerwrapper.com\/wp-content\/uploads\/2026\/04\/forage-hay-baler-wrapper.webp 720w, https:\/\/balerwrapper.com\/wp-content\/uploads\/2026\/04\/forage-hay-baler-wrapper-300x225.webp 300w, https:\/\/balerwrapper.com\/wp-content\/uploads\/2026\/04\/forage-hay-baler-wrapper-16x12.webp 16w\" sizes=\"auto, (max-width: 720px) 100vw, 720px\" \/><figcaption class=\"wp-element-caption\">inv\u00f3lucro forrageiro de feno<\/figcaption><\/figure> <\/figure>    <h2 class=\"wp-block-heading\">Estrutura e princ\u00edpio de funcionamento do fardador de forragem<\/h2>    <p>Durante a opera\u00e7\u00e3o, a mat\u00e9ria-prima entra na cuba atrav\u00e9s de uma entrada de alimenta\u00e7\u00e3o ampla e \u00e9 gradualmente comprimida e moldada sob a a\u00e7\u00e3o cont\u00ednua de m\u00faltiplos conjuntos de rolos de compress\u00e3o.<\/p>    <p>Assim que o fardo atingir as dimens\u00f5es predefinidas, o sistema conclui automaticamente o processo de fardagem e o transfere para a \u00e1rea de embrulho.<\/p>    <p>Subsequentemente, os bra\u00e7os de embrulho duplos giram em sincronismo para envolver o fardo com m\u00faltiplas camadas de filme, formando um fardo de silagem selado, e finalmente descarregam-no, completando todo o processo de opera\u00e7\u00e3o cont\u00ednua.<\/p>    <ul class=\"wp-block-list\"> <li>Sistema de alimenta\u00e7\u00e3o: design de cuba de largura ampla garante fluxo suave de material e melhora a efici\u00eancia geral.<\/li>    <li>Sistema de compress\u00e3o e fardagem: composto por m\u00faltiplos conjuntos de rolos de compress\u00e3o e correntes para alcan\u00e7ar uma moldagem de alta densidade.<\/li>    <li>Sistema de embrulho: bra\u00e7os de embrulho de rota\u00e7\u00e3o dupla que trabalham em conjunto com filme de silagem especializado para garantir um selo apertado.<\/li>    <li>Sistema de transporte: uma estrutura de transporte tipo palete que garante a transfer\u00eancia suave dos fardos.<\/li>    <li>Sistema de recupera\u00e7\u00e3o: uma estrutura de escova que coleta automaticamente o material derramado, melhorando a utiliza\u00e7\u00e3o do material.<\/li> <\/ul>    <figure class=\"wp-block-gallery has-nested-images columns-default is-cropped wp-block-gallery-3 is-layout-flex wp-block-gallery-is-layout-flex\"> <figure class=\"wp-block-image size-large\"><img loading=\"lazy\" decoding=\"async\" width=\"720\" height=\"540\" data-id=\"1290\" src=\"https:\/\/balerwrapper.com\/wp-content\/uploads\/2026\/04\/round-bale-silage-wrapper.webp\" alt=\"embaladora de silagem de fardo redondo\" class=\"wp-image-1290\" srcset=\"https:\/\/balerwrapper.com\/wp-content\/uploads\/2026\/04\/round-bale-silage-wrapper.webp 720w, https:\/\/balerwrapper.com\/wp-content\/uploads\/2026\/04\/round-bale-silage-wrapper-300x225.webp 300w, https:\/\/balerwrapper.com\/wp-content\/uploads\/2026\/04\/round-bale-silage-wrapper-16x12.webp 16w\" sizes=\"auto, (max-width: 720px) 100vw, 720px\" \/><figcaption class=\"wp-element-caption\">embaladora de silagem de fardo redondo<\/figcaption><\/figure>    <figure class=\"wp-block-image size-large\"><img loading=\"lazy\" decoding=\"async\" width=\"720\" height=\"540\" data-id=\"1292\" src=\"https:\/\/balerwrapper.com\/wp-content\/uploads\/2026\/04\/agricultural-baler-wrapper.webp\" alt=\"embaladora de fardos agr\u00edcola\" class=\"wp-image-1292\" srcset=\"https:\/\/balerwrapper.com\/wp-content\/uploads\/2026\/04\/agricultural-baler-wrapper.webp 720w, https:\/\/balerwrapper.com\/wp-content\/uploads\/2026\/04\/agricultural-baler-wrapper-300x225.webp 300w, https:\/\/balerwrapper.com\/wp-content\/uploads\/2026\/04\/agricultural-baler-wrapper-16x12.webp 16w\" sizes=\"auto, (max-width: 720px) 100vw, 720px\" \/><figcaption class=\"wp-element-caption\">embaladora de fardos agr\u00edcola<\/figcaption><\/figure> <\/figure>    <h2 class=\"wp-block-heading\">Especifica\u00e7\u00f5es da m\u00e1quina de embrulho de fardos de feno 9YDB-90<\/h2>    <figure class=\"wp-block-table is-style-stripes\"><table class=\"has-fixed-layout\"><tbody><tr><td><strong>Item<\/strong><\/td><td><strong>Especifica\u00e7\u00e3o<\/strong><\/td><\/tr><tr><td>Modelo<\/td><td>9YDB-90<\/td><\/tr><tr><td>Tamanho do fardo<\/td><td>90 \u00d7 90 cm<\/td><\/tr><tr><td>Peso do fardo<\/td><td>300\u2013430 kg<\/td><\/tr><tr><td>Sa\u00edda<\/td><td>55\u201360 fardos\/hora<\/td><\/tr><tr><td>Efici\u00eancia<\/td><td>\u226523 T\/h<\/td><\/tr><tr><td>Poder<\/td><td>39 kW<\/td><\/tr><tr><td>Rolos<\/td><td>\u226528<\/td><\/tr><tr><td>Bra\u00e7os de embrulho<\/td><td>2<\/td><\/tr><tr><td>Largura da cuba<\/td><td>\u2265170 cm<\/td><\/tr><tr><td>Entrada de alimenta\u00e7\u00e3o<\/td><td>\u2265900 mm<\/td><\/tr><tr><td>Peso da m\u00e1quina<\/td><td>\u22654200 kg<\/td><\/tr><tr><td>Dimens\u00f5es<\/td><td>\u22658100 \u00d7 2400 \u00d7 3100 mm<\/td><\/tr><\/tbody><\/table><figcaption class=\"wp-element-caption\">Par\u00e2metros t\u00e9cnicos da m\u00e1quina de embrulho de fardos de feno 9YDB-90<\/figcaption><\/figure>    <figure class=\"wp-block-gallery has-nested-images columns-default is-cropped wp-block-gallery-4 is-layout-flex wp-block-gallery-is-layout-flex\"> <figure class=\"wp-block-image size-large\"><img loading=\"lazy\" decoding=\"async\" width=\"720\" height=\"540\" data-id=\"1293\" src=\"https:\/\/balerwrapper.com\/wp-content\/uploads\/2026\/04\/automatic-baler-wrapper.webp\" alt=\"embaladora autom\u00e1tica\" class=\"wp-image-1293\" srcset=\"https:\/\/balerwrapper.com\/wp-content\/uploads\/2026\/04\/automatic-baler-wrapper.webp 720w, https:\/\/balerwrapper.com\/wp-content\/uploads\/2026\/04\/automatic-baler-wrapper-300x225.webp 300w, https:\/\/balerwrapper.com\/wp-content\/uploads\/2026\/04\/automatic-baler-wrapper-16x12.webp 16w\" sizes=\"auto, (max-width: 720px) 100vw, 720px\" \/><figcaption class=\"wp-element-caption\">embaladora autom\u00e1tica<\/figcaption><\/figure>    <figure class=\"wp-block-image size-large\"><img loading=\"lazy\" decoding=\"async\" width=\"720\" height=\"540\" data-id=\"1294\" src=\"https:\/\/balerwrapper.com\/wp-content\/uploads\/2026\/04\/round-bale-wrapper-machine.webp\" alt=\"m\u00e1quina de embrulho de fardo redondo\" class=\"wp-image-1294\" srcset=\"https:\/\/balerwrapper.com\/wp-content\/uploads\/2026\/04\/round-bale-wrapper-machine.webp 720w, https:\/\/balerwrapper.com\/wp-content\/uploads\/2026\/04\/round-bale-wrapper-machine-300x225.webp 300w, https:\/\/balerwrapper.com\/wp-content\/uploads\/2026\/04\/round-bale-wrapper-machine-16x12.webp 16w\" sizes=\"auto, (max-width: 720px) 100vw, 720px\" \/><figcaption class=\"wp-element-caption\">m\u00e1quina de embrulho de fardo redondo<\/figcaption><\/figure> <\/figure>    <h2 class=\"wp-block-heading\">Mais recomenda\u00e7\u00f5es de m\u00e1quinas de fardos de silagem<\/h2>    <ul class=\"wp-block-list\"> <li><strong><em><a href=\"https:\/\/balerwrapper.com\/pt\/product\/corn-silage-baler-machine\/\">55-52 Fardos de silagem e embrulho<\/a><\/em><\/strong>: design compacto, ideal para fazendas familiares e opera\u00e7\u00f5es de pequena escala.<\/li>    <li><strong><em><a href=\"https:\/\/balerwrapper.com\/pt\/product\/silage-baling-and-wrapping-machine\/\">M\u00e1quina de embrulho de fardos de feno Modelo 60<\/a><\/em><\/strong>: excelente rela\u00e7\u00e3o qualidade-pre\u00e7o, adequado para quintas de pequeno a m\u00e9dio porte.<\/li>    <li><strong><em><a href=\"https:\/\/balerwrapper.com\/pt\/product\/silage-wrapping-machine\/\">Model 70 Embaladora de fardos de forragem<\/a><\/em><\/strong>: combina efici\u00eancia e flexibilidade, adequado para fazendas de gado de m\u00e9dio porte.<\/li> <\/ul>    <h2 class=\"wp-block-heading\">Como escolher a m\u00e1quina certa?<\/h2>    <p>Ao selecionar uma silageira-embaladora, deve escolher um modelo que melhor se adapte ao tamanho da sua quinta, \u00e0 capacidade di\u00e1ria de processamento e aos m\u00e9todos de armazenamento.<\/p>    <p>Fazendas pequenas podem querer priorizar equipamentos de menor tamanho para reduzir custos iniciais. Para quintas grandes ou projetos de processamento de silagem, recomendamos modelos de alta capacidade para alcan\u00e7ar maior efici\u00eancia e menores custos de produ\u00e7\u00e3o por unidade.<\/p>    <h2 class=\"wp-block-heading\">Contate-nos<\/h2>    <p>Se procura uma solu\u00e7\u00e3o de silagem de alta efici\u00eancia, alta capacidade e confi\u00e1vel, a m\u00e1quina de embrulho de fardos de feno 9YDB-90 \u00e9, sem d\u00favida, a escolha ideal. Tamb\u00e9m oferecemos uma ampla gama de modelos de equipamentos e solu\u00e7\u00f5es completas de produ\u00e7\u00e3o de silagem.<\/p>    <p>Por favor, sinta-se \u00e0 vontade para nos contactar a qualquer momento para informa\u00e7\u00f5es detalhadas e uma cota\u00e7\u00e3o, para que possamos ajudar a sua quinta a alcan\u00e7ar um desenvolvimento eficiente e inteligente.<\/p>","protected":false},"excerpt":{"rendered":"<p>A m\u00e1quina de embrulho de fardos de feno 9YDB-90 \u00e9 capaz de fardagem de alta densidade e embrulho autom\u00e1tico de dois bra\u00e7os. \u00c9 adequada para produ\u00e7\u00e3o e armazenamento de silagem em quintas de grande escala.<\/p>","protected":false},"author":1,"featured_media":1296,"parent":0,"template":"","tags":[45,39,35],"product-type":[7],"class_list":["post-1283","product","type-product","status-publish","has-post-thumbnail","hentry","tag-forage","tag-hay","tag-silage","product-type-silage-baler"],"_links":{"self":[{"href":"https:\/\/balerwrapper.com\/pt\/wp-json\/wp\/v2\/product\/1283","targetHints":{"allow":["GET"]}}],"collection":[{"href":"https:\/\/balerwrapper.com\/pt\/wp-json\/wp\/v2\/product"}],"about":[{"href":"https:\/\/balerwrapper.com\/pt\/wp-json\/wp\/v2\/types\/product"}],"author":[{"embeddable":true,"href":"https:\/\/balerwrapper.com\/pt\/wp-json\/wp\/v2\/users\/1"}],"wp:featuredmedia":[{"embeddable":true,"href":"https:\/\/balerwrapper.com\/pt\/wp-json\/wp\/v2\/media\/1296"}],"wp:attachment":[{"href":"https:\/\/balerwrapper.com\/pt\/wp-json\/wp\/v2\/media?parent=1283"}],"wp:term":[{"taxonomy":"post_tag","embeddable":true,"href":"https:\/\/balerwrapper.com\/pt\/wp-json\/wp\/v2\/tags?post=1283"},{"taxonomy":"product-type","embeddable":true,"href":"https:\/\/balerwrapper.com\/pt\/wp-json\/wp\/v2\/product-type?post=1283"}],"curies":[{"name":"wp","href":"https:\/\/api.w.org\/{rel}","templated":true}]}}