{"id":1226,"date":"2026-04-13T15:51:01","date_gmt":"2026-04-13T07:51:01","guid":{"rendered":"https:\/\/balerwrapper.com\/?post_type=product&#038;p=1226"},"modified":"2026-04-13T15:51:02","modified_gmt":"2026-04-13T07:51:02","slug":"dual-film-wrapping-silage-baler","status":"publish","type":"product","link":"https:\/\/balerwrapper.com\/pt\/product\/dual-film-wrapping-silage-baler\/","title":{"rendered":"M\u00e1quina de enfardar silagem com embrulho duplo de filme 9YDB-60-2"},"content":{"rendered":"<div class=\"kk-star-ratings kksr-auto kksr-align-left kksr-valign-top\"     data-payload='{&quot;align&quot;:&quot;left&quot;,&quot;id&quot;:&quot;1226&quot;,&quot;slug&quot;:&quot;default&quot;,&quot;valign&quot;:&quot;top&quot;,&quot;ignore&quot;:&quot;&quot;,&quot;reference&quot;:&quot;auto&quot;,&quot;class&quot;:&quot;&quot;,&quot;count&quot;:&quot;79&quot;,&quot;legendonly&quot;:&quot;&quot;,&quot;readonly&quot;:&quot;&quot;,&quot;score&quot;:&quot;4.7&quot;,&quot;starsonly&quot;:&quot;&quot;,&quot;best&quot;:&quot;5&quot;,&quot;gap&quot;:&quot;5&quot;,&quot;greet&quot;:&quot;Rate this product&quot;,&quot;legend&quot;:&quot;4.7\\\/5 - (79 votes)&quot;,&quot;size&quot;:&quot;24&quot;,&quot;title&quot;:&quot;9YDB-60-2 Dual Film Wrapping Silage Baler Machine&quot;,&quot;width&quot;:&quot;133.8&quot;,&quot;_legend&quot;:&quot;{score}\\\/{best} - ({count} {votes})&quot;,&quot;font_factor&quot;:&quot;1.25&quot;}'>              <div class=\"kksr-stars\">      <div class=\"kksr-stars-inactive\">             <div class=\"kksr-star\" data-star=\"1\" style=\"padding-right: 5px\">               <div class=\"kksr-icon\" style=\"width: 24px; height: 24px;\"><\/div>         <\/div>             <div class=\"kksr-star\" data-star=\"2\" style=\"padding-right: 5px\">               <div class=\"kksr-icon\" style=\"width: 24px; height: 24px;\"><\/div>         <\/div>             <div class=\"kksr-star\" data-star=\"3\" style=\"padding-right: 5px\">               <div class=\"kksr-icon\" style=\"width: 24px; height: 24px;\"><\/div>         <\/div>             <div class=\"kksr-star\" data-star=\"4\" style=\"padding-right: 5px\">               <div class=\"kksr-icon\" style=\"width: 24px; height: 24px;\"><\/div>         <\/div>             <div class=\"kksr-star\" data-star=\"5\" style=\"padding-right: 5px\">               <div class=\"kksr-icon\" style=\"width: 24px; height: 24px;\"><\/div>         <\/div>     <\/div>      <div class=\"kksr-stars-active\" style=\"width: 133.8px;\">             <div class=\"kksr-star\" style=\"padding-right: 5px\">               <div class=\"kksr-icon\" style=\"width: 24px; height: 24px;\"><\/div>         <\/div>             <div class=\"kksr-star\" style=\"padding-right: 5px\">               <div class=\"kksr-icon\" style=\"width: 24px; height: 24px;\"><\/div>         <\/div>             <div class=\"kksr-star\" style=\"padding-right: 5px\">               <div class=\"kksr-icon\" style=\"width: 24px; height: 24px;\"><\/div>         <\/div>             <div class=\"kksr-star\" style=\"padding-right: 5px\">               <div class=\"kksr-icon\" style=\"width: 24px; height: 24px;\"><\/div>         <\/div>             <div class=\"kksr-star\" style=\"padding-right: 5px\">               <div class=\"kksr-icon\" style=\"width: 24px; height: 24px;\"><\/div>         <\/div>     <\/div> <\/div>                   <div class=\"kksr-legend\" style=\"font-size: 19.2px;\">             4,7\/5 - (79 votos)    <\/div>     <\/div>  <p>A ensiladeira de fardos com dupla pel\u00edcula 9YDB-60-2 combina empacotamento autom\u00e1tico com embalagem de duas camadas, sendo ideal para fazendas de grande escala e centros de processamento de ra\u00e7\u00e3o. <\/p>    <p>Equipado com sistema de controlo inteligente PLC, a m\u00e1quina permite arranque com um toque e opera\u00e7\u00e3o totalmente autom\u00e1tica. Combinado com mecanismo de alimenta\u00e7\u00e3o de cilindro duplo e uma esteira de transporte de 2,5 metros, garante opera\u00e7\u00e3o cont\u00ednua e est\u00e1vel.<\/p>    <p>A m\u00e1quina produz fardos com medidas de \u03a6550 \u00d7 550 mm, pesando entre 80\u2013120 kg, com uma capacidade de produ\u00e7\u00e3o de 60\u201385 fardos por hora. A estrutura de dupla pel\u00edcula aumenta significativamente a veda\u00e7\u00e3o e a preserva\u00e7\u00e3o, ao mesmo tempo que reduz o desperd\u00edcio de filme, sendo o equipamento ideal para melhorar a qualidade e efici\u00eancia da silagem.<\/p>    <figure class=\"wp-block-embed aligncenter is-type-video is-provider-youtube wp-block-embed-youtube wp-embed-aspect-16-9 wp-has-aspect-ratio\"><div class=\"wp-block-embed__wrapper\"> <iframe loading=\"lazy\" title=\"Double Film Silage Baler Wrapper | High Efficiency &amp; Superior Preservation#silage #silagebaler\" width=\"500\" height=\"281\" src=\"https:\/\/www.youtube.com\/embed\/4wvF_aae8Tk?feature=oembed\" frameborder=\"0\" allow=\"accelerometer; autoplay; clipboard-write; encrypted-media; gyroscope; picture-in-picture; web-share\" referrerpolicy=\"strict-origin-when-cross-origin\" allowfullscreen><\/iframe> <\/div><figcaption class=\"wp-element-caption\">V\u00eddeo de funcionamento da ensiladeira de fardos com dupla pel\u00edcula<\/figcaption><\/figure>    <h2 class=\"wp-block-heading\">Vantagens da ensiladeira de fardos com dupla pel\u00edcula<\/h2>    <ul class=\"wp-block-list\"> <li>Sistema de controle PLC totalmente autom\u00e1tico: arranque com um toque reduzindo o trabalho manual.<\/li>    <li>Mecanismo de alimenta\u00e7\u00e3o de cilindro duplo: garante transporte est\u00e1vel e uniforme do material, melhorando a qualidade da forma\u00e7\u00e3o do fardo.<\/li>    <li>Design de dupla pel\u00edcula: aumenta a efic\u00e1cia da veda\u00e7\u00e3o enquanto reduz o desperd\u00edcio de filme.<\/li>    <li>Sistema de empacotamento de alta densidade: a estrutura de correia proporciona uma compacta\u00e7\u00e3o mais apertada do que os sistemas tradicionais de rolos, resultando em melhor reten\u00e7\u00e3o de frescura.<\/li>    <li>Estrutura de recupera\u00e7\u00e3o \u00e0 prova de vazamentos: evita eficazmente o derrame de material e mant\u00e9m o ambiente de trabalho limpo.<\/li>    <li>Sistema de acionamento de longa dura\u00e7\u00e3o: a estrutura de correia da esteira prolonga a vida \u00fatil dos componentes principais.<\/li>    <li>Configura\u00e7\u00e3o de rolamentos de alta qualidade: apresenta rolamentos Swiss 6207 e rolamentos Harbin 6206 para opera\u00e7\u00e3o est\u00e1vel e resist\u00eancia ao desgaste.<\/li> <\/ul>    <figure class=\"wp-block-gallery has-nested-images columns-default is-cropped wp-block-gallery-2 is-layout-flex wp-block-gallery-is-layout-flex\"> <figure class=\"wp-block-image size-large\"><img loading=\"lazy\" decoding=\"async\" width=\"720\" height=\"540\" data-id=\"1230\" src=\"https:\/\/balerwrapper.com\/wp-content\/uploads\/2026\/04\/dual-film-wrapping-silage-baler.webp\" alt=\"ensiladeira de fardos com dupla pel\u00edcula\" class=\"wp-image-1230\" srcset=\"https:\/\/balerwrapper.com\/wp-content\/uploads\/2026\/04\/dual-film-wrapping-silage-baler.webp 720w, https:\/\/balerwrapper.com\/wp-content\/uploads\/2026\/04\/dual-film-wrapping-silage-baler-300x225.webp 300w, https:\/\/balerwrapper.com\/wp-content\/uploads\/2026\/04\/dual-film-wrapping-silage-baler-16x12.webp 16w\" sizes=\"auto, (max-width: 720px) 100vw, 720px\" \/><figcaption class=\"wp-element-caption\">ensiladeira de fardos com dupla pel\u00edcula<\/figcaption><\/figure>    <figure class=\"wp-block-image size-large\"><img loading=\"lazy\" decoding=\"async\" width=\"720\" height=\"540\" data-id=\"1231\" src=\"https:\/\/balerwrapper.com\/wp-content\/uploads\/2026\/04\/forage-bale-wrapping-machine.webp\" alt=\"m\u00e1quina embaladora de fardos de forragem\" class=\"wp-image-1231\" srcset=\"https:\/\/balerwrapper.com\/wp-content\/uploads\/2026\/04\/forage-bale-wrapping-machine.webp 720w, https:\/\/balerwrapper.com\/wp-content\/uploads\/2026\/04\/forage-bale-wrapping-machine-300x225.webp 300w, https:\/\/balerwrapper.com\/wp-content\/uploads\/2026\/04\/forage-bale-wrapping-machine-16x12.webp 16w\" sizes=\"auto, (max-width: 720px) 100vw, 720px\" \/><figcaption class=\"wp-element-caption\">m\u00e1quina embaladora de fardos de forragem<\/figcaption><\/figure> <\/figure>    <h2 class=\"wp-block-heading\">Aplica\u00e7\u00f5es do embalador de silagem 9YDB-60-2<\/h2>    <p>Esta ensiladeira de fardos com dupla pel\u00edcula \u00e9 amplamente utilizada para fardos e selagem de talos de milho, relva, palha de arroz, palha de trigo e v\u00e1rios tipos de silagem.<\/p>    <p>\u00c9 adequado para uso em fazendas de grande escala, fazendas de gado leiteiro, fazendas de gado bovino, f\u00e1bricas de processamento de ra\u00e7\u00e3o e instala\u00e7\u00f5es de processamento de mat\u00e9ria-prima de fermenta\u00e7\u00e3o de biomassa. Atende aos requisitos de armazenamento de alta densidade e preserva\u00e7\u00e3o por fermenta\u00e7\u00e3o a longo prazo.<\/p>    <h2 class=\"wp-block-heading\">Como funciona este embalador de silagem?<\/h2>    <div class=\"wp-block-media-text is-stacked-on-mobile\"><figure class=\"wp-block-media-text__media\"><img loading=\"lazy\" decoding=\"async\" width=\"720\" height=\"540\" src=\"https:\/\/balerwrapper.com\/wp-content\/uploads\/2026\/04\/dual-film-wrapping-silage-baler-structure.webp\" alt=\"A ensiladeira de fardos com dupla pel\u00edcula 9YDB-60-2 apresenta controlo totalmente autom\u00e1tico baseado em PLC, permitindo empacotamento de alta densidade e veda\u00e7\u00e3o com capacidade de 60\u201385 fardos por hora.\" class=\"wp-image-1232 size-full\" srcset=\"https:\/\/balerwrapper.com\/wp-content\/uploads\/2026\/04\/dual-film-wrapping-silage-baler-structure.webp 720w, https:\/\/balerwrapper.com\/wp-content\/uploads\/2026\/04\/dual-film-wrapping-silage-baler-structure-300x225.webp 300w, https:\/\/balerwrapper.com\/wp-content\/uploads\/2026\/04\/dual-film-wrapping-silage-baler-structure-16x12.webp 16w\" sizes=\"auto, (max-width: 720px) 100vw, 720px\" \/><\/figure><div class=\"wp-block-media-text__content\"> <ol class=\"wp-block-list\"> <li>A mat\u00e9ria-prima entra no sistema de compress\u00e3o atrav\u00e9s de uma esteira transportadora, onde \u00e9 distribu\u00edda e comprimida de forma uniforme por um mecanismo de duplo cilindro para formar fardos padr\u00e3o (\u03a6550\u00d7550 mm).<\/li>    <li>Os fardos entram no sistema de embalagem, onde um dispositivo autom\u00e1tico de alimenta\u00e7\u00e3o de filme aplica uma dupla camada de filme para criar um pacote selado.<\/li>    <li>Por fim, o produto acabado \u00e9 descarregado atrav\u00e9s de uma esteira de corrente, permitindo um processo de produ\u00e7\u00e3o cont\u00ednuo.<\/li> <\/ol> <\/div><\/div>    <h2 class=\"wp-block-heading\">Especifica\u00e7\u00f5es da ensiladeira de fardos com dupla pel\u00edcula<\/h2>    <figure class=\"wp-block-table is-style-stripes\"><table class=\"has-fixed-layout\"><tbody><tr><td><strong>Item<\/strong><\/td><td><strong>Especifica\u00e7\u00e3o<\/strong><\/td><td><strong>Item<\/strong><\/td><td><strong>Especifica\u00e7\u00e3o<\/strong><\/td><\/tr><tr><td>Modelo<\/td><td>9YDB-60-2<\/td><td>Tamanho do fardo<\/td><td>\u03a6550 \u00d7 550 mm<\/td><\/tr><tr><td>Peso do fardo<\/td><td>80\u2013120 kg<\/td><td>Fonte de Energia<\/td><td>7,5\u20136 kW<\/td><\/tr><tr><td>Velocidade Nominal<\/td><td>350 r\/min<\/td><td>Motor do Compressor de Ar<\/td><td>3 kW<\/td><\/tr><tr><td>M\u00e9todo de Empacotamento<\/td><td>Autom\u00e1tico<\/td><td>Volume da Bomba de Ar<\/td><td>30 L<\/td><\/tr><tr><td>Quantidade de Rolo<\/td><td>14 pe\u00e7as<\/td><td>Motor de Embalagem<\/td><td>0,75 kW<\/td><\/tr><tr><td>Camadas de Filme<\/td><td>2 camadas<\/td><td>Motor de Bra\u00e7o Oscilante<\/td><td>0,37 kW<\/td><\/tr><tr><td>Tamanho da Esteira<\/td><td>2500 \u00d7 63 mm<\/td><td>Espessura da Parede<\/td><td>8 mm<\/td><\/tr><tr><td>Sistema de Controle<\/td><td>Tela de Toque PLC<\/td><td>Tipo de Embalagem<\/td><td>Autom\u00e1tico<\/td><\/tr><tr><td>Tipo de Rolamento<\/td><td>6207 Swiss \/ 6206 HRB<\/td><td>Tamanho da M\u00e1quina<\/td><td>7,4 \u00d7 1,8 \u00d7 2,45 m<\/td><\/tr><tr><td>Capacidade<\/td><td>60\u201385 fardos\/hora<\/td><td>Peso Total<\/td><td>1700 kg<\/td><\/tr><tr><td>Modelo de Corrente<\/td><td>Hangzhou 12A<\/td><td>Motor de Alimenta\u00e7\u00e3o<\/td><td>2,2 kW<\/td><\/tr><tr><td>Largura do Filme<\/td><td>600 mm<\/td><td>Filme de Silagem<\/td><td>1800 m \u00d7 250 mm \u00d7 25 \u03bcm<\/td><\/tr><tr><td>Pneus<\/td><td>Rolamento duplo 206<\/td><td>Correia do funil<\/td><td>2340   2590 mm<\/td><\/tr><\/tbody><\/table><figcaption class=\"wp-element-caption\">Par\u00e2metros t\u00e9cnicos da ensiladeira de fardos com dupla pel\u00edcula<\/figcaption><\/figure>    <figure class=\"wp-block-gallery has-nested-images columns-default is-cropped wp-block-gallery-3 is-layout-flex wp-block-gallery-is-layout-flex\"> <figure class=\"wp-block-image size-large\"><img loading=\"lazy\" decoding=\"async\" width=\"720\" height=\"540\" data-id=\"1233\" src=\"https:\/\/balerwrapper.com\/wp-content\/uploads\/2026\/04\/forage-baler-wrapper-machine.webp\" alt=\"m\u00e1quina enfardadeira de forragem\" class=\"wp-image-1233\" srcset=\"https:\/\/balerwrapper.com\/wp-content\/uploads\/2026\/04\/forage-baler-wrapper-machine.webp 720w, https:\/\/balerwrapper.com\/wp-content\/uploads\/2026\/04\/forage-baler-wrapper-machine-300x225.webp 300w, https:\/\/balerwrapper.com\/wp-content\/uploads\/2026\/04\/forage-baler-wrapper-machine-16x12.webp 16w\" sizes=\"auto, (max-width: 720px) 100vw, 720px\" \/><figcaption class=\"wp-element-caption\">m\u00e1quina enfardadeira de forragem<\/figcaption><\/figure>    <figure class=\"wp-block-image size-large\"><img loading=\"lazy\" decoding=\"async\" width=\"720\" height=\"540\" data-id=\"1234\" src=\"https:\/\/balerwrapper.com\/wp-content\/uploads\/2026\/04\/silage-round-bale-wrapper.webp\" alt=\"envolt\u00f3rio de fardo redondo de silagem\" class=\"wp-image-1234\" srcset=\"https:\/\/balerwrapper.com\/wp-content\/uploads\/2026\/04\/silage-round-bale-wrapper.webp 720w, https:\/\/balerwrapper.com\/wp-content\/uploads\/2026\/04\/silage-round-bale-wrapper-300x225.webp 300w, https:\/\/balerwrapper.com\/wp-content\/uploads\/2026\/04\/silage-round-bale-wrapper-16x12.webp 16w\" sizes=\"auto, (max-width: 720px) 100vw, 720px\" \/><figcaption class=\"wp-element-caption\">envolt\u00f3rio de fardo redondo de silagem<\/figcaption><\/figure> <\/figure>    <h2 class=\"wp-block-heading\">Por que escolher-nos?<\/h2>    <p>Somos especializados na pesquisa, desenvolvimento e fabrica\u00e7\u00e3o de equipamentos de silagem. Nossas m\u00e1quinas apresentam componentes industriais de alto padr\u00e3o e um design modular para garantir opera\u00e7\u00e3o est\u00e1vel e duradoura.<\/p>    <p>Os componentes principais s\u00e3o feitos de materiais altamente resistentes ao desgaste e equipados com sistemas de rolamentos de alta qualidade. Tamb\u00e9m oferecemos op\u00e7\u00f5es de personaliza\u00e7\u00e3o e solu\u00e7\u00f5es de integra\u00e7\u00e3o de linha de produ\u00e7\u00e3o.<\/p>    <p>Al\u00e9m disso, fornecemos um servi\u00e7o p\u00f3s-venda completo e suporte de pe\u00e7as sobressalentes para ajudar os clientes a reduzir custos operacionais e melhorar a efici\u00eancia de produ\u00e7\u00e3o.<\/p>    <h2 class=\"wp-block-heading\">Como escolher uma ensiladeira de fardos adequada?<\/h2>    <p>Ao selecionar o equipamento, deve-se basear na escala da opera\u00e7\u00e3o, capacidade di\u00e1ria de processamento e requisitos de armazenamento de silagem.<\/p>    <p>Para opera\u00e7\u00f5es menores, modelos b\u00e1sicos s\u00e3o adequados; para fazendas de m\u00e9dio a grande porte, recomendamos os modelos de alta efici\u00eancia ou de dupla embalagem da s\u00e9rie 60 para garantir opera\u00e7\u00e3o cont\u00ednua e maior rendimento.<\/p>    <p>Al\u00e9m disso, fatores como espa\u00e7o dispon\u00edvel, fornecimento de energia el\u00e9trica e m\u00e9todos de armazenamento devem ser considerados.<\/p>    <figure class=\"wp-block-gallery has-nested-images columns-default is-cropped wp-block-gallery-4 is-layout-flex wp-block-gallery-is-layout-flex\"> <figure class=\"wp-block-image size-large\"><img loading=\"lazy\" decoding=\"async\" width=\"720\" height=\"540\" data-id=\"1235\" src=\"https:\/\/balerwrapper.com\/wp-content\/uploads\/2026\/04\/silage-bale-packaging-machine.webp\" alt=\"m\u00e1quina de embalagem de fardos de silagem\" class=\"wp-image-1235\" srcset=\"https:\/\/balerwrapper.com\/wp-content\/uploads\/2026\/04\/silage-bale-packaging-machine.webp 720w, https:\/\/balerwrapper.com\/wp-content\/uploads\/2026\/04\/silage-bale-packaging-machine-300x225.webp 300w, https:\/\/balerwrapper.com\/wp-content\/uploads\/2026\/04\/silage-bale-packaging-machine-16x12.webp 16w\" sizes=\"auto, (max-width: 720px) 100vw, 720px\" \/><figcaption class=\"wp-element-caption\">m\u00e1quina de embalagem de fardos de silagem<\/figcaption><\/figure>    <figure class=\"wp-block-image size-large\"><img loading=\"lazy\" decoding=\"async\" width=\"720\" height=\"540\" data-id=\"1236\" src=\"https:\/\/balerwrapper.com\/wp-content\/uploads\/2026\/04\/silage-forage-bale-production.webp\" alt=\"produ\u00e7\u00e3o de fardos de forragem de silagem\" class=\"wp-image-1236\" srcset=\"https:\/\/balerwrapper.com\/wp-content\/uploads\/2026\/04\/silage-forage-bale-production.webp 720w, https:\/\/balerwrapper.com\/wp-content\/uploads\/2026\/04\/silage-forage-bale-production-300x225.webp 300w, https:\/\/balerwrapper.com\/wp-content\/uploads\/2026\/04\/silage-forage-bale-production-16x12.webp 16w\" sizes=\"auto, (max-width: 720px) 100vw, 720px\" \/><figcaption class=\"wp-element-caption\">produ\u00e7\u00e3o de fardos de forragem de silagem<\/figcaption><\/figure> <\/figure>    <h2 class=\"wp-block-heading\">Conclus\u00e3o<\/h2>    <p>Se procura uma solu\u00e7\u00e3o de silagem que ofere\u00e7a alta efici\u00eancia, excelente desempenho de veda\u00e7\u00e3o e opera\u00e7\u00e3o fi\u00e1vel, a ensiladeira de fardos com dupla pel\u00edcula 9YDB-60-2 \u00e9 a escolha ideal.<\/p>    <p class=\"translation-block\">Tamb\u00e9m oferecemos uma variedade de modelos, como o <strong><em><a href=\"https:\/\/balerwrapper.com\/pt\/product\/corn-silage-baler-machine\/\">embalador de silagem para fardos 55-52<\/a><\/em><\/strong> e o <strong><em><a href=\"https:\/\/balerwrapper.com\/pt\/product\/silage-baling-and-wrapping-machine\/\">modelo padr\u00e3o de ensiladeira s\u00e9rie 60<\/a><\/em><\/strong>, que podem ser configurados de forma flex\u00edvel para atender \u00e0s suas necessidades espec\u00edficas de produ\u00e7\u00e3o.<\/p>    <p>Por favor, sinta-se \u00e0 vontade para nos contactar a qualquer momento para solu\u00e7\u00f5es detalhadas e or\u00e7amentos, para que possamos ajudar a tornar a sua produ\u00e7\u00e3o de silagem mais eficiente e est\u00e1vel.<\/p>","protected":false},"excerpt":{"rendered":"<p>A m\u00e1quina de empacotamento de silagem de filme duplo 9YDB-60-2 apresenta controlo totalmente autom\u00e1tico baseado em PLC, permitindo empacotamento de alta densidade e selagem com uma capacidade de produ\u00e7\u00e3o de 60\u201385 fardos por hora.<\/p>","protected":false},"author":1,"featured_media":1237,"parent":0,"template":"","tags":[45,35],"product-type":[7],"class_list":["post-1226","product","type-product","status-publish","has-post-thumbnail","hentry","tag-forage","tag-silage","product-type-silage-baler"],"_links":{"self":[{"href":"https:\/\/balerwrapper.com\/pt\/wp-json\/wp\/v2\/product\/1226","targetHints":{"allow":["GET"]}}],"collection":[{"href":"https:\/\/balerwrapper.com\/pt\/wp-json\/wp\/v2\/product"}],"about":[{"href":"https:\/\/balerwrapper.com\/pt\/wp-json\/wp\/v2\/types\/product"}],"author":[{"embeddable":true,"href":"https:\/\/balerwrapper.com\/pt\/wp-json\/wp\/v2\/users\/1"}],"wp:featuredmedia":[{"embeddable":true,"href":"https:\/\/balerwrapper.com\/pt\/wp-json\/wp\/v2\/media\/1237"}],"wp:attachment":[{"href":"https:\/\/balerwrapper.com\/pt\/wp-json\/wp\/v2\/media?parent=1226"}],"wp:term":[{"taxonomy":"post_tag","embeddable":true,"href":"https:\/\/balerwrapper.com\/pt\/wp-json\/wp\/v2\/tags?post=1226"},{"taxonomy":"product-type","embeddable":true,"href":"https:\/\/balerwrapper.com\/pt\/wp-json\/wp\/v2\/product-type?post=1226"}],"curies":[{"name":"wp","href":"https:\/\/api.w.org\/{rel}","templated":true}]}}