{"id":1217,"date":"2026-04-07T16:56:29","date_gmt":"2026-04-07T08:56:29","guid":{"rendered":"https:\/\/balerwrapper.com\/?post_type=product&#038;p=1217"},"modified":"2026-04-07T16:56:30","modified_gmt":"2026-04-07T08:56:30","slug":"manure-cleaning-machine","status":"publish","type":"product","link":"https:\/\/balerwrapper.com\/pt\/product\/manure-cleaning-machine\/","title":{"rendered":"M\u00e1quina de limpeza de esterco de fazenda | Escarificador autom\u00e1tico de esterco de vaca"},"content":{"rendered":"<div class=\"kk-star-ratings kksr-auto kksr-align-left kksr-valign-top\"     data-payload='{&quot;align&quot;:&quot;left&quot;,&quot;id&quot;:&quot;1217&quot;,&quot;slug&quot;:&quot;default&quot;,&quot;valign&quot;:&quot;top&quot;,&quot;ignore&quot;:&quot;&quot;,&quot;reference&quot;:&quot;auto&quot;,&quot;class&quot;:&quot;&quot;,&quot;count&quot;:&quot;82&quot;,&quot;legendonly&quot;:&quot;&quot;,&quot;readonly&quot;:&quot;&quot;,&quot;score&quot;:&quot;4.8&quot;,&quot;starsonly&quot;:&quot;&quot;,&quot;best&quot;:&quot;5&quot;,&quot;gap&quot;:&quot;5&quot;,&quot;greet&quot;:&quot;Rate this product&quot;,&quot;legend&quot;:&quot;4.8\\\/5 - (82 votes)&quot;,&quot;size&quot;:&quot;24&quot;,&quot;title&quot;:&quot;Farm Manure Cleaning Machine | Automatic Cow Dung Scraper&quot;,&quot;width&quot;:&quot;136.7&quot;,&quot;_legend&quot;:&quot;{score}\\\/{best} - ({count} {votes})&quot;,&quot;font_factor&quot;:&quot;1.25&quot;}'>              <div class=\"kksr-stars\">      <div class=\"kksr-stars-inactive\">             <div class=\"kksr-star\" data-star=\"1\" style=\"padding-right: 5px\">               <div class=\"kksr-icon\" style=\"width: 24px; height: 24px;\"><\/div>         <\/div>             <div class=\"kksr-star\" data-star=\"2\" style=\"padding-right: 5px\">               <div class=\"kksr-icon\" style=\"width: 24px; height: 24px;\"><\/div>         <\/div>             <div class=\"kksr-star\" data-star=\"3\" style=\"padding-right: 5px\">               <div class=\"kksr-icon\" style=\"width: 24px; height: 24px;\"><\/div>         <\/div>             <div class=\"kksr-star\" data-star=\"4\" style=\"padding-right: 5px\">               <div class=\"kksr-icon\" style=\"width: 24px; height: 24px;\"><\/div>         <\/div>             <div class=\"kksr-star\" data-star=\"5\" style=\"padding-right: 5px\">               <div class=\"kksr-icon\" style=\"width: 24px; height: 24px;\"><\/div>         <\/div>     <\/div>      <div class=\"kksr-stars-active\" style=\"width: 136.7px;\">             <div class=\"kksr-star\" style=\"padding-right: 5px\">               <div class=\"kksr-icon\" style=\"width: 24px; height: 24px;\"><\/div>         <\/div>             <div class=\"kksr-star\" style=\"padding-right: 5px\">               <div class=\"kksr-icon\" style=\"width: 24px; height: 24px;\"><\/div>         <\/div>             <div class=\"kksr-star\" style=\"padding-right: 5px\">               <div class=\"kksr-icon\" style=\"width: 24px; height: 24px;\"><\/div>         <\/div>             <div class=\"kksr-star\" style=\"padding-right: 5px\">               <div class=\"kksr-icon\" style=\"width: 24px; height: 24px;\"><\/div>         <\/div>             <div class=\"kksr-star\" style=\"padding-right: 5px\">               <div class=\"kksr-icon\" style=\"width: 24px; height: 24px;\"><\/div>         <\/div>     <\/div> <\/div>                   <div class=\"kksr-legend\" style=\"font-size: 19.2px;\">             4,8\/5 - (82 votos)    <\/div>     <\/div>  <p>A m\u00e1quina de limpeza de esterco foi especificamente concebida para fazendas de gado modernas, incluindo grandes explora\u00e7\u00f5es leiteiras, de gado e de ovelhas. Utiliza um processo totalmente automatizado com mistura e recolha de h\u00e9lice montada na frente, transporte por corrente de escarificador e tombamento hidr\u00e1ulico na traseira para descarregar. Cada cami\u00e3o completa o processo em apenas 3\u20138 minutos, com uma efici\u00eancia de limpeza \u226599%, capaz de limpar esterco de uma fazenda de 1.000 vacas leiteiras em aproximadamente 2 horas.<\/p>    <p>O design do escarificador frontal e do transportador de corrente garante uma recolha completa do esterco, reduz o trabalho manual e melhora a higiene da fazenda. Tamb\u00e9m minimiza as emiss\u00f5es de am\u00f3nia e o crescimento de bact\u00e9rias, promovendo a sa\u00fade do gado e oferecendo uma solu\u00e7\u00e3o de gest\u00e3o de esterco moderna, eficiente, de baixo custo e que economiza energia.<\/p>    <figure class=\"wp-block-embed aligncenter is-type-video is-provider-youtube wp-block-embed-youtube wp-embed-aspect-16-9 wp-has-aspect-ratio\"><div class=\"wp-block-embed__wrapper\"> <iframe loading=\"lazy\" title=\"Efficient Cow &amp; Sheep Manure Cleaning Machine | Smart Farm Cleaning Equipment \ud83d\ude9c\ud83d\udc04#cleaner\" width=\"500\" height=\"281\" src=\"https:\/\/www.youtube.com\/embed\/Np55Evcl7-o?feature=oembed\" frameborder=\"0\" allow=\"accelerometer; autoplay; clipboard-write; encrypted-media; gyroscope; picture-in-picture; web-share\" referrerpolicy=\"strict-origin-when-cross-origin\" allowfullscreen><\/iframe> <\/div><figcaption class=\"wp-element-caption\">V\u00eddeo de funcionamento da m\u00e1quina autom\u00e1tica de limpeza de esterco de vaca na fazenda<\/figcaption><\/figure>    <h2 class=\"wp-block-heading\">Aplica\u00e7\u00f5es do escarificador autom\u00e1tico de esterco<\/h2>    <ul class=\"wp-block-list\"> <li>Remo\u00e7\u00e3o di\u00e1ria de esterco e gest\u00e3o de higiene em explora\u00e7\u00f5es leiteiras, ranchos de gado e explora\u00e7\u00f5es de ovelhas.<\/li>    <li>Manuseamento eficiente de esterco em pastagens de grande escala e explora\u00e7\u00f5es intensivas de gado.<\/li>    <li>Pode ser usada com ve\u00edculos a diesel de tr\u00eas ou quatro rodas para atender \u00e0s necessidades de v\u00e1rios locais.<\/li>    <li>Melhora significativamente o ambiente da fazenda, reduz a propaga\u00e7\u00e3o de doen\u00e7as e melhora a sa\u00fade do gado.<\/li> <\/ul>    <h2 class=\"wp-block-heading\">Caracter\u00edsticas da m\u00e1quina autom\u00e1tica de limpeza de esterco<\/h2>    <ul class=\"wp-block-list\"> <li>Automa\u00e7\u00e3o altamente eficiente: um \u00fanico operador pode completar todo o processo de limpeza; 3-5 minutos por carga para o modelo de 3m\u00b3 e 5-8 minutos por carga para o modelo de 5m\u00b3.<\/li>    <li>Dur\u00e1vel e fi\u00e1vel: correntes de escarifica\u00e7\u00e3o resistentes ao desgaste e coletores de a\u00e7o inoxid\u00e1vel refor\u00e7ados garantem resist\u00eancia \u00e0 corros\u00e3o, resist\u00eancia ao desgaste e uma longa vida \u00fatil.<\/li>    <li>Altamente adapt\u00e1vel: ajuste de velocidade cont\u00ednuo com base na espessura do esterco, permitindo adapta\u00e7\u00e3o a diferentes locais, volumes de esterco e condi\u00e7\u00f5es clim\u00e1ticas.<\/li>    <li>Seguro e ecol\u00f3gico: reduz a contamina\u00e7\u00e3o por esterco e o ac\u00famulo de am\u00f3nia, prevenindo e controlando eficazmente doen\u00e7as do gado, e melhorando as condi\u00e7\u00f5es do celeiro.<\/li>    <li>Custo-benef\u00edcio: reduz custos de m\u00e3o-de-obra e tempo de limpeza, aumentando a produtividade geral da fazenda.<\/li> <\/ul>    <figure class=\"wp-block-gallery has-nested-images columns-default is-cropped wp-block-gallery-2 is-layout-flex wp-block-gallery-is-layout-flex\"> <figure class=\"wp-block-image size-large\"><img loading=\"lazy\" decoding=\"async\" width=\"720\" height=\"540\" data-id=\"1221\" src=\"https:\/\/balerwrapper.com\/wp-content\/uploads\/2026\/04\/manure-cleaning-machine.webp\" alt=\"m\u00e1quina de limpeza de esterco\" class=\"wp-image-1221\" srcset=\"https:\/\/balerwrapper.com\/wp-content\/uploads\/2026\/04\/manure-cleaning-machine.webp 720w, https:\/\/balerwrapper.com\/wp-content\/uploads\/2026\/04\/manure-cleaning-machine-300x225.webp 300w, https:\/\/balerwrapper.com\/wp-content\/uploads\/2026\/04\/manure-cleaning-machine-16x12.webp 16w\" sizes=\"auto, (max-width: 720px) 100vw, 720px\" \/><figcaption class=\"wp-element-caption\">m\u00e1quina de limpeza de esterco<\/figcaption><\/figure>    <figure class=\"wp-block-image size-large\"><img loading=\"lazy\" decoding=\"async\" width=\"720\" height=\"540\" data-id=\"1220\" src=\"https:\/\/balerwrapper.com\/wp-content\/uploads\/2026\/04\/cow-dung-cleaner-machine.webp\" alt=\"m\u00e1quina de limpeza de esterco de vaca\" class=\"wp-image-1220\" srcset=\"https:\/\/balerwrapper.com\/wp-content\/uploads\/2026\/04\/cow-dung-cleaner-machine.webp 720w, https:\/\/balerwrapper.com\/wp-content\/uploads\/2026\/04\/cow-dung-cleaner-machine-300x225.webp 300w, https:\/\/balerwrapper.com\/wp-content\/uploads\/2026\/04\/cow-dung-cleaner-machine-16x12.webp 16w\" sizes=\"auto, (max-width: 720px) 100vw, 720px\" \/><figcaption class=\"wp-element-caption\">m\u00e1quina de limpeza de esterco de vaca<\/figcaption><\/figure> <\/figure>    <h2 class=\"wp-block-heading\">Como funciona a m\u00e1quina de limpeza de res\u00edduos de gado?<\/h2>    <ul class=\"wp-block-list\"> <li>Mistura e recolha com h\u00e9lice: um misturador de h\u00e9lice montado na frente recolhe esterco de currais de gado ou ovelhas e direciona-o para a \u00e1rea de limpeza.<\/li>    <li>Transportador de escarifica\u00e7\u00e3o com corrente: o esterco recolhido \u00e9 transportado por uma corrente resistente ao desgaste at\u00e9 \u00e0 cama do ve\u00edculo.<\/li>    <li>Descarga por tombamento hidr\u00e1ulico: uma vez carregado, o balde tombar\u00e1 automaticamente para descarregar o esterco, permitindo uma opera\u00e7\u00e3o r\u00e1pida e cont\u00ednua.<\/li>    <li>Limpeza cont\u00ednua: os operadores podem ajustar a velocidade de avan\u00e7o com base na espessura do esterco para garantir uma limpeza eficiente.<\/li> <\/ul>    <h2 class=\"wp-block-heading\">Especifica\u00e7\u00f5es da m\u00e1quina de remo\u00e7\u00e3o de esterco de celeiro<\/h2>    <figure class=\"wp-block-table is-style-stripes\"><table class=\"has-fixed-layout\"><tbody><tr><td><strong>Modelo<\/strong><\/td><td><strong>QF-3<\/strong><\/td><td><strong>QF-5<\/strong><\/td><\/tr><tr><td>Volume do carrinho<\/td><td>3 m\u00b3<\/td><td>5 m\u00b3<\/td><\/tr><tr><td>Dimens\u00e3o<\/td><td>4500\u00d71450\u00d72450 mm<\/td><td>5200\u00d72200\u00d72600 mm<\/td><\/tr><tr><td>Poder<\/td><td>Motor Diesel de 25 HP<\/td><td>Motor Diesel<\/td><\/tr><tr><td>Pot\u00eancia de deslocamento<\/td><td>Triciclo<\/td><td>Cami\u00e3o de quatro rodas<\/td><\/tr><tr><td>Capacidade de produ\u00e7\u00e3o<\/td><td>3\u20135 min\/ve\u00edculo<\/td><td>5\u20138 min\/ve\u00edculo<\/td><\/tr><tr><td>Largura de limpeza do esterco<\/td><td>1500 mm<\/td><td>2000 mm<\/td><\/tr><tr><td>N\u00famero de pneus<\/td><td>3 pe\u00e7as<\/td><td>4 pe\u00e7as<\/td><\/tr><tr><td>Sistema de recolha de esterco<\/td><td>Transportador de escarifica\u00e7\u00e3o com h\u00e9lice   corrente<\/td><td>Transportador de escarifica\u00e7\u00e3o com h\u00e9lice   corrente<\/td><\/tr><tr><td>M\u00e9todo de descarga<\/td><td>Tipping hidr\u00e1ulico<\/td><td>Tipping hidr\u00e1ulico<\/td><\/tr><\/tbody><\/table><figcaption class=\"wp-element-caption\">Par\u00e2metros t\u00e9cnicos da m\u00e1quina de limpeza de esterco<\/figcaption><\/figure>    <figure class=\"wp-block-gallery has-nested-images columns-default is-cropped wp-block-gallery-3 is-layout-flex wp-block-gallery-is-layout-flex\"> <figure class=\"wp-block-image size-large\"><img loading=\"lazy\" decoding=\"async\" width=\"720\" height=\"540\" data-id=\"1223\" src=\"https:\/\/balerwrapper.com\/wp-content\/uploads\/2026\/04\/livestock-manure-scraper.webp\" alt=\"escarrador de esterco de gado\" class=\"wp-image-1223\" srcset=\"https:\/\/balerwrapper.com\/wp-content\/uploads\/2026\/04\/livestock-manure-scraper.webp 720w, https:\/\/balerwrapper.com\/wp-content\/uploads\/2026\/04\/livestock-manure-scraper-300x225.webp 300w, https:\/\/balerwrapper.com\/wp-content\/uploads\/2026\/04\/livestock-manure-scraper-16x12.webp 16w\" sizes=\"auto, (max-width: 720px) 100vw, 720px\" \/><figcaption class=\"wp-element-caption\">escarrador de esterco de gado<\/figcaption><\/figure>    <figure class=\"wp-block-image size-large\"><img loading=\"lazy\" decoding=\"async\" width=\"720\" height=\"540\" data-id=\"1222\" src=\"https:\/\/balerwrapper.com\/wp-content\/uploads\/2026\/04\/dairy-barn-cleaning-machine.webp\" alt=\"A m\u00e1quina de limpeza de esterco combina recolha, transporte e descarregamento autom\u00e1tico, completando uma opera\u00e7\u00e3o em 3 a 8 minutos, melhorando significativamente a higiene e a efici\u00eancia de produ\u00e7\u00e3o na fazenda.\" class=\"wp-image-1222\" srcset=\"https:\/\/balerwrapper.com\/wp-content\/uploads\/2026\/04\/dairy-barn-cleaning-machine.webp 720w, https:\/\/balerwrapper.com\/wp-content\/uploads\/2026\/04\/dairy-barn-cleaning-machine-300x225.webp 300w, https:\/\/balerwrapper.com\/wp-content\/uploads\/2026\/04\/dairy-barn-cleaning-machine-16x12.webp 16w\" sizes=\"auto, (max-width: 720px) 100vw, 720px\" \/><figcaption class=\"wp-element-caption\">m\u00e1quina de limpeza de esterco de celeiro de leite<\/figcaption><\/figure> <\/figure>    <h2 class=\"wp-block-heading\">Por que escolher-nos?<\/h2>    <ul class=\"wp-block-list\"> <li>V\u00e1rios modelos dispon\u00edveis: oferecemos modelos com capacidades de 3 m\u00b3, 5 m\u00b3 e mais, para atender \u00e0s necessidades de fazendas leiteiras de m\u00e9dio a grande porte.<\/li>    <li>Design totalmente automatizado: reduz o trabalho manual e melhora a efici\u00eancia de produ\u00e7\u00e3o.<\/li>    <li>Desempenho potente e constru\u00e7\u00e3o duradoura: equipado com motores diesel de alta qualidade, correntes resistentes ao desgaste e tanques de a\u00e7o inoxid\u00e1vel para suportar condi\u00e7\u00f5es operacionais exigentes.<\/li>    <li>Servi\u00e7os p\u00f3s-venda e de personaliza\u00e7\u00e3o: oferecemos fiabilidade a longo prazo e podemos adaptar solu\u00e7\u00f5es com base no tamanho da fazenda e no n\u00famero de animais.<\/li>    <li>Benef\u00edcios para a sa\u00fade e o ambiente: melhora significativamente o ambiente da fazenda, reduz o risco de transmiss\u00e3o de doen\u00e7as e aumenta a produtividade das vacas leiteiras.<\/li> <\/ul>    <h2 class=\"wp-block-heading\">Pre\u00e7o do escarificador de esterco de corredor<\/h2>    <p>O pre\u00e7o das m\u00e1quinas de limpeza de esterco depende do modelo, n\u00edvel de automa\u00e7\u00e3o, configura\u00e7\u00e3o de pot\u00eancia, materiais e requisitos de personaliza\u00e7\u00e3o. O modelo QF-3 \u00e9 adequado para fazendas de m\u00e9dio porte e oferece um pre\u00e7o mais econ\u00f3mico; o modelo QF-5 \u00e9 adequado para grandes fazendas, sendo altamente eficiente e dur\u00e1vel.<\/p>    <p>Para al\u00e9m de atender \u00e0s necessidades de recupera\u00e7\u00e3o de recursos de esterco de gado, tamb\u00e9m oferecemos espalhadores de esterco compat\u00edveis. Estas m\u00e1quinas podem distribuir uniformemente o esterco recolhido de volta aos campos, promovendo uma economia circular entre a cria\u00e7\u00e3o de gado e o cultivo de culturas, aumentando assim os benef\u00edcios econ\u00f3micos e o valor ambiental.<\/p>    <p>Por favor, entre em contacto connosco para que possamos personalizar a solu\u00e7\u00e3o integrada de remo\u00e7\u00e3o e tratamento de esterco mais adequada, com base no tamanho da sua fazenda, popula\u00e7\u00e3o de gado e or\u00e7amento.<\/p>","protected":false},"excerpt":{"rendered":"<p>The manure cleaning machine combines collection, conveyance, and automatic unloading, completing a single operation in 3 to 8 minutes, thereby significantly improving farm hygiene and production efficiency.<\/p>","protected":false},"author":1,"featured_media":1224,"parent":0,"template":"","tags":[],"product-type":[8],"class_list":["post-1217","product","type-product","status-publish","has-post-thumbnail","hentry","product-type-other-silage-machines"],"_links":{"self":[{"href":"https:\/\/balerwrapper.com\/pt\/wp-json\/wp\/v2\/product\/1217","targetHints":{"allow":["GET"]}}],"collection":[{"href":"https:\/\/balerwrapper.com\/pt\/wp-json\/wp\/v2\/product"}],"about":[{"href":"https:\/\/balerwrapper.com\/pt\/wp-json\/wp\/v2\/types\/product"}],"author":[{"embeddable":true,"href":"https:\/\/balerwrapper.com\/pt\/wp-json\/wp\/v2\/users\/1"}],"wp:featuredmedia":[{"embeddable":true,"href":"https:\/\/balerwrapper.com\/pt\/wp-json\/wp\/v2\/media\/1224"}],"wp:attachment":[{"href":"https:\/\/balerwrapper.com\/pt\/wp-json\/wp\/v2\/media?parent=1217"}],"wp:term":[{"taxonomy":"post_tag","embeddable":true,"href":"https:\/\/balerwrapper.com\/pt\/wp-json\/wp\/v2\/tags?post=1217"},{"taxonomy":"product-type","embeddable":true,"href":"https:\/\/balerwrapper.com\/pt\/wp-json\/wp\/v2\/product-type?post=1217"}],"curies":[{"name":"wp","href":"https:\/\/api.w.org\/{rel}","templated":true}]}}