{"id":13,"date":"2022-08-22T08:58:42","date_gmt":"2022-08-22T08:58:42","guid":{"rendered":"https:\/\/balerwrapper.com\/?page_id=13"},"modified":"2026-04-24T17:38:37","modified_gmt":"2026-04-24T09:38:37","slug":"about-us","status":"publish","type":"page","link":"https:\/\/balerwrapper.com\/pt\/about-us\/","title":{"rendered":"Sobre n\u00f3s"},"content":{"rendered":"<p>A Taizy Machinery \u00e9 uma empresa de tecnologia agr\u00edcola especializada na investiga\u00e7\u00e3o, desenvolvimento, produ\u00e7\u00e3o e venda de equipamentos de processamento de forragem. Com mais de 20 anos de experi\u00eancia na fabrica\u00e7\u00e3o, fornecemos solu\u00e7\u00f5es eficientes e fi\u00e1veis para silagem, reciclagem de palha, processamento de ra\u00e7\u00e3o e cria\u00e7\u00e3o de gado.<\/p>    <p>Guiados pelo princ\u00edpio \u201cQualidade em Primeiro Lugar, Cliente em Primeiro Lugar\u201d, inovamos continuamente para atender \u00e0s necessidades da agricultura moderna e convidamos parceiros globais a cooperar para o sucesso m\u00fatuo.<\/p>    <figure class=\"wp-block-image size-large\"><img loading=\"lazy\" decoding=\"async\" width=\"1024\" height=\"576\" src=\"https:\/\/balerwrapper.com\/wp-content\/uploads\/2026\/04\/Silage-Farm-1024x576.webp\" alt=\"Fazenda de Silagem\" class=\"wp-image-1240\" srcset=\"https:\/\/balerwrapper.com\/wp-content\/uploads\/2026\/04\/Silage-Farm-1024x576.webp 1024w, https:\/\/balerwrapper.com\/wp-content\/uploads\/2026\/04\/Silage-Farm-300x169.webp 300w, https:\/\/balerwrapper.com\/wp-content\/uploads\/2026\/04\/Silage-Farm-768x432.webp 768w, https:\/\/balerwrapper.com\/wp-content\/uploads\/2026\/04\/Silage-Farm-18x10.webp 18w, https:\/\/balerwrapper.com\/wp-content\/uploads\/2026\/04\/Silage-Farm-1536x864.webp 1536w, https:\/\/balerwrapper.com\/wp-content\/uploads\/2026\/04\/Silage-Farm.webp 1920w\" sizes=\"auto, (max-width: 1024px) 100vw, 1024px\" \/><\/figure>    <h2 class=\"wp-block-heading\" id=\"h-our-main-products\">Nossos Principais Produtos<\/h2>    <p>Nossos principais produtos incluem m\u00e1quinas de enfardar silagem, enfardadeiras de feno redondas, enfardadeiras de palha quadrada, m\u00e1quinas de embrulho de silagem, enfardadeiras hidr\u00e1ulicas, cortadores de palha, m\u00e1quinas de corte e reciclagem de talos, e outros equipamentos completos de processamento de forragem.<\/p>    <p>Constru\u00eddas com materiais de alta resist\u00eancia, as nossas m\u00e1quinas oferecem desempenho est\u00e1vel, opera\u00e7\u00e3o f\u00e1cil, longa vida \u00fatil e alta efici\u00eancia \u2014 ajudando os agricultores a reduzir custos laborais e melhorar a qualidade do alimento.<\/p>    <figure class=\"wp-block-gallery has-nested-images columns-default is-cropped wp-block-gallery-2 is-layout-flex wp-block-gallery-is-layout-flex\"> <figure class=\"wp-block-image size-large\"><img loading=\"lazy\" decoding=\"async\" width=\"720\" height=\"540\" data-id=\"1252\" src=\"https:\/\/balerwrapper.com\/wp-content\/uploads\/2026\/04\/Forage-feed-spreader-cars.webp\" alt=\"Carros de espalhamento de ra\u00e7\u00e3o de forragem\" class=\"wp-image-1252\" srcset=\"https:\/\/balerwrapper.com\/wp-content\/uploads\/2026\/04\/Forage-feed-spreader-cars.webp 720w, https:\/\/balerwrapper.com\/wp-content\/uploads\/2026\/04\/Forage-feed-spreader-cars-300x225.webp 300w, https:\/\/balerwrapper.com\/wp-content\/uploads\/2026\/04\/Forage-feed-spreader-cars-16x12.webp 16w\" sizes=\"auto, (max-width: 720px) 100vw, 720px\" \/><figcaption class=\"wp-element-caption\">Carros de espalhamento de ra\u00e7\u00e3o de forragem<\/figcaption><\/figure>    <figure class=\"wp-block-image size-large\"><img loading=\"lazy\" decoding=\"async\" width=\"720\" height=\"540\" data-id=\"1250\" src=\"https:\/\/balerwrapper.com\/wp-content\/uploads\/2026\/04\/Chaff-cutter-used-with-a-silage-baler.webp\" alt=\"Cortador de palha usado com uma enfardadeira de silagem\" class=\"wp-image-1250\" srcset=\"https:\/\/balerwrapper.com\/wp-content\/uploads\/2026\/04\/Chaff-cutter-used-with-a-silage-baler.webp 720w, https:\/\/balerwrapper.com\/wp-content\/uploads\/2026\/04\/Chaff-cutter-used-with-a-silage-baler-300x225.webp 300w, https:\/\/balerwrapper.com\/wp-content\/uploads\/2026\/04\/Chaff-cutter-used-with-a-silage-baler-16x12.webp 16w\" sizes=\"auto, (max-width: 720px) 100vw, 720px\" \/><figcaption class=\"wp-element-caption\">Cortador de palha usado com uma enfardadeira de silagem<\/figcaption><\/figure>    <figure class=\"wp-block-image size-full\"><img loading=\"lazy\" decoding=\"async\" width=\"720\" height=\"540\" data-id=\"1278\" src=\"https:\/\/balerwrapper.com\/wp-content\/uploads\/2026\/04\/Forage-baler-wrappers-with-big-tires.webp\" alt=\"Embaladoras de feno com pneus grandes\" class=\"wp-image-1278\" srcset=\"https:\/\/balerwrapper.com\/wp-content\/uploads\/2026\/04\/Forage-baler-wrappers-with-big-tires.webp 720w, https:\/\/balerwrapper.com\/wp-content\/uploads\/2026\/04\/Forage-baler-wrappers-with-big-tires-300x225.webp 300w, https:\/\/balerwrapper.com\/wp-content\/uploads\/2026\/04\/Forage-baler-wrappers-with-big-tires-16x12.webp 16w\" sizes=\"auto, (max-width: 720px) 100vw, 720px\" \/><figcaption class=\"wp-element-caption\">Embaladoras de feno com pneus grandes<\/figcaption><\/figure>    <figure class=\"wp-block-image size-large\"><img loading=\"lazy\" decoding=\"async\" width=\"720\" height=\"540\" data-id=\"1254\" src=\"https:\/\/balerwrapper.com\/wp-content\/uploads\/2026\/04\/Round-bale-straw-pickup-balers.webp\" alt=\"Enfardadoras de recolha de palha de fardo redondo\" class=\"wp-image-1254\" srcset=\"https:\/\/balerwrapper.com\/wp-content\/uploads\/2026\/04\/Round-bale-straw-pickup-balers.webp 720w, https:\/\/balerwrapper.com\/wp-content\/uploads\/2026\/04\/Round-bale-straw-pickup-balers-300x225.webp 300w, https:\/\/balerwrapper.com\/wp-content\/uploads\/2026\/04\/Round-bale-straw-pickup-balers-16x12.webp 16w\" sizes=\"auto, (max-width: 720px) 100vw, 720px\" \/><figcaption class=\"wp-element-caption\">Enfardadoras de recolha de palha de fardo redondo<\/figcaption><\/figure>    <figure class=\"wp-block-image size-large\"><img loading=\"lazy\" decoding=\"async\" width=\"720\" height=\"540\" data-id=\"1255\" src=\"https:\/\/balerwrapper.com\/wp-content\/uploads\/2026\/04\/Silage-baling-wrapping-machines.webp\" alt=\"M\u00e1quinas de embrulho de silagem\" class=\"wp-image-1255\" srcset=\"https:\/\/balerwrapper.com\/wp-content\/uploads\/2026\/04\/Silage-baling-wrapping-machines.webp 720w, https:\/\/balerwrapper.com\/wp-content\/uploads\/2026\/04\/Silage-baling-wrapping-machines-300x225.webp 300w, https:\/\/balerwrapper.com\/wp-content\/uploads\/2026\/04\/Silage-baling-wrapping-machines-16x12.webp 16w\" sizes=\"auto, (max-width: 720px) 100vw, 720px\" \/><figcaption class=\"wp-element-caption\">M\u00e1quinas de embrulho de silagem<\/figcaption><\/figure>    <figure class=\"wp-block-image size-large\"><img loading=\"lazy\" decoding=\"async\" width=\"720\" height=\"540\" data-id=\"1253\" src=\"https:\/\/balerwrapper.com\/wp-content\/uploads\/2026\/04\/Large-silage-baler-wrapper.webp\" alt=\"Enfardadora de silagem de grande capacidade\" class=\"wp-image-1253\" srcset=\"https:\/\/balerwrapper.com\/wp-content\/uploads\/2026\/04\/Large-silage-baler-wrapper.webp 720w, https:\/\/balerwrapper.com\/wp-content\/uploads\/2026\/04\/Large-silage-baler-wrapper-300x225.webp 300w, https:\/\/balerwrapper.com\/wp-content\/uploads\/2026\/04\/Large-silage-baler-wrapper-16x12.webp 16w\" sizes=\"auto, (max-width: 720px) 100vw, 720px\" \/><figcaption class=\"wp-element-caption\">Enfardadora de silagem de grande capacidade<\/figcaption><\/figure>    <figure class=\"wp-block-image size-full\"><img loading=\"lazy\" decoding=\"async\" width=\"720\" height=\"540\" data-id=\"1280\" src=\"https:\/\/balerwrapper.com\/wp-content\/uploads\/2026\/04\/Hydraulic-silage-packing-baler-machine.webp\" alt=\"M\u00e1quina hidr\u00e1ulica de empacotamento de silagem\" class=\"wp-image-1280\" srcset=\"https:\/\/balerwrapper.com\/wp-content\/uploads\/2026\/04\/Hydraulic-silage-packing-baler-machine.webp 720w, https:\/\/balerwrapper.com\/wp-content\/uploads\/2026\/04\/Hydraulic-silage-packing-baler-machine-300x225.webp 300w, https:\/\/balerwrapper.com\/wp-content\/uploads\/2026\/04\/Hydraulic-silage-packing-baler-machine-16x12.webp 16w\" sizes=\"auto, (max-width: 720px) 100vw, 720px\" \/><figcaption class=\"wp-element-caption\">M\u00e1quina hidr\u00e1ulica de empacotamento de silagem<\/figcaption><\/figure>    <figure class=\"wp-block-image size-large\"><img loading=\"lazy\" decoding=\"async\" width=\"720\" height=\"540\" data-id=\"1258\" src=\"https:\/\/balerwrapper.com\/wp-content\/uploads\/2026\/04\/TMR-feed-mixer-machines.webp\" alt=\"M\u00e1quinas de misturadores de ra\u00e7\u00e3o TMR\" class=\"wp-image-1258\" srcset=\"https:\/\/balerwrapper.com\/wp-content\/uploads\/2026\/04\/TMR-feed-mixer-machines.webp 720w, https:\/\/balerwrapper.com\/wp-content\/uploads\/2026\/04\/TMR-feed-mixer-machines-300x225.webp 300w, https:\/\/balerwrapper.com\/wp-content\/uploads\/2026\/04\/TMR-feed-mixer-machines-16x12.webp 16w\" sizes=\"auto, (max-width: 720px) 100vw, 720px\" \/><figcaption class=\"wp-element-caption\">M\u00e1quinas de misturadores de ra\u00e7\u00e3o TMR<\/figcaption><\/figure>    <figure class=\"wp-block-image size-large\"><img loading=\"lazy\" decoding=\"async\" width=\"720\" height=\"540\" data-id=\"1257\" src=\"https:\/\/balerwrapper.com\/wp-content\/uploads\/2026\/04\/Square-bale-straw-pickup-balers.webp\" alt=\"Enfardadoras de recolha de palha de fardo quadrado\" class=\"wp-image-1257\" srcset=\"https:\/\/balerwrapper.com\/wp-content\/uploads\/2026\/04\/Square-bale-straw-pickup-balers.webp 720w, https:\/\/balerwrapper.com\/wp-content\/uploads\/2026\/04\/Square-bale-straw-pickup-balers-300x225.webp 300w, https:\/\/balerwrapper.com\/wp-content\/uploads\/2026\/04\/Square-bale-straw-pickup-balers-16x12.webp 16w\" sizes=\"auto, (max-width: 720px) 100vw, 720px\" \/><figcaption class=\"wp-element-caption\">Enfardadoras de recolha de palha de fardo quadrado<\/figcaption><\/figure> <\/figure>    <h2 class=\"wp-block-heading\" id=\"h-honors-and-certificates\">Honras e Certificados<\/h2>    <p>A nossa empresa e produtos obtiveram certifica\u00e7\u00e3o CE, certifica\u00e7\u00e3o do sistema de qualidade ISO, relat\u00f3rios de teste e outras qualifica\u00e7\u00f5es autorizadas, em conformidade com os padr\u00f5es internacionais de seguran\u00e7a e qualidade de maquinaria agr\u00edcola.<\/p>    <figure class=\"wp-block-gallery has-nested-images columns-default is-cropped wp-block-gallery-3 is-layout-flex wp-block-gallery-is-layout-flex\"> <figure class=\"wp-block-image size-large\"><img loading=\"lazy\" decoding=\"async\" width=\"724\" height=\"1024\" data-id=\"1261\" src=\"https:\/\/balerwrapper.com\/wp-content\/uploads\/2026\/04\/ISO-Certification-724x1024.webp\" alt=\"Certifica\u00e7\u00e3o ISO\" class=\"wp-image-1261\" srcset=\"https:\/\/balerwrapper.com\/wp-content\/uploads\/2026\/04\/ISO-Certification-724x1024.webp 724w, https:\/\/balerwrapper.com\/wp-content\/uploads\/2026\/04\/ISO-Certification-212x300.webp 212w, https:\/\/balerwrapper.com\/wp-content\/uploads\/2026\/04\/ISO-Certification-768x1086.webp 768w, https:\/\/balerwrapper.com\/wp-content\/uploads\/2026\/04\/ISO-Certification-8x12.webp 8w, https:\/\/balerwrapper.com\/wp-content\/uploads\/2026\/04\/ISO-Certification-1087x1536.webp 1087w, https:\/\/balerwrapper.com\/wp-content\/uploads\/2026\/04\/ISO-Certification-1449x2048.webp 1449w, https:\/\/balerwrapper.com\/wp-content\/uploads\/2026\/04\/ISO-Certification-scaled.webp 1811w\" sizes=\"auto, (max-width: 724px) 100vw, 724px\" \/><figcaption class=\"wp-element-caption\">Certifica\u00e7\u00e3o ISO<\/figcaption><\/figure>    <figure class=\"wp-block-image size-large\"><img loading=\"lazy\" decoding=\"async\" width=\"724\" height=\"1024\" data-id=\"1262\" src=\"https:\/\/balerwrapper.com\/wp-content\/uploads\/2026\/04\/Silage-Baler-CE-724x1024.webp\" alt=\"Enfardadeira de silagem CE\" class=\"wp-image-1262\" srcset=\"https:\/\/balerwrapper.com\/wp-content\/uploads\/2026\/04\/Silage-Baler-CE-724x1024.webp 724w, https:\/\/balerwrapper.com\/wp-content\/uploads\/2026\/04\/Silage-Baler-CE-212x300.webp 212w, https:\/\/balerwrapper.com\/wp-content\/uploads\/2026\/04\/Silage-Baler-CE-768x1086.webp 768w, https:\/\/balerwrapper.com\/wp-content\/uploads\/2026\/04\/Silage-Baler-CE-8x12.webp 8w, https:\/\/balerwrapper.com\/wp-content\/uploads\/2026\/04\/Silage-Baler-CE-1087x1536.webp 1087w, https:\/\/balerwrapper.com\/wp-content\/uploads\/2026\/04\/Silage-Baler-CE.webp 1240w\" sizes=\"auto, (max-width: 724px) 100vw, 724px\" \/><figcaption class=\"wp-element-caption\">Enfardadeira de silagem CE<\/figcaption><\/figure> <\/figure>    <h2 class=\"wp-block-heading\" id=\"h-customer-s-feedback\">Mercado Global<\/h2>    <p>As m\u00e1quinas de processamento de forragem Taizy s\u00e3o exportadas para \u00c1frica, \u00c1sia, Europa, Am\u00e9rica do Sul, incluindo mais de 60 pa\u00edses e regi\u00f5es como Qu\u00e9nia, Nig\u00e9ria, Filipinas, Indon\u00e9sia, Mal\u00e1sia, Catar, Guatemala, Portugal, Botsuana, Som\u00e1lia, Tanz\u00e2nia, Paquist\u00e3o, entre outros. Estabelecemos coopera\u00e7\u00e3o est\u00e1vel e de longo prazo com clientes em todo o mundo.<\/p>    <figure class=\"wp-block-gallery has-nested-images columns-default is-cropped wp-block-gallery-4 is-layout-flex wp-block-gallery-is-layout-flex\"> <figure class=\"wp-block-image size-large\"><img loading=\"lazy\" decoding=\"async\" width=\"720\" height=\"540\" data-id=\"1272\" src=\"https:\/\/balerwrapper.com\/wp-content\/uploads\/2026\/04\/Silage-bale-wrapping-machines-loaded-for-Algeria.webp\" alt=\"M\u00e1quinas de embrulhar fardos de silagem carregadas para a Arg\u00e9lia\" class=\"wp-image-1272\" srcset=\"https:\/\/balerwrapper.com\/wp-content\/uploads\/2026\/04\/Silage-bale-wrapping-machines-loaded-for-Algeria.webp 720w, https:\/\/balerwrapper.com\/wp-content\/uploads\/2026\/04\/Silage-bale-wrapping-machines-loaded-for-Algeria-300x225.webp 300w, https:\/\/balerwrapper.com\/wp-content\/uploads\/2026\/04\/Silage-bale-wrapping-machines-loaded-for-Algeria-16x12.webp 16w\" sizes=\"auto, (max-width: 720px) 100vw, 720px\" \/><figcaption class=\"wp-element-caption\">M\u00e1quinas de embrulhar fardos de silagem carregadas para a Arg\u00e9lia<\/figcaption><\/figure>    <figure class=\"wp-block-image size-large\"><img loading=\"lazy\" decoding=\"async\" width=\"720\" height=\"540\" data-id=\"1270\" src=\"https:\/\/balerwrapper.com\/wp-content\/uploads\/2026\/04\/10-Sets-of-silage-balers-shipped-to-Thailand.webp\" alt=\"10 Conjuntos de ensiladeiras enviados para a Tail\u00e2ndia\" class=\"wp-image-1270\" srcset=\"https:\/\/balerwrapper.com\/wp-content\/uploads\/2026\/04\/10-Sets-of-silage-balers-shipped-to-Thailand.webp 720w, https:\/\/balerwrapper.com\/wp-content\/uploads\/2026\/04\/10-Sets-of-silage-balers-shipped-to-Thailand-300x225.webp 300w, https:\/\/balerwrapper.com\/wp-content\/uploads\/2026\/04\/10-Sets-of-silage-balers-shipped-to-Thailand-16x12.webp 16w\" sizes=\"auto, (max-width: 720px) 100vw, 720px\" \/><figcaption class=\"wp-element-caption\">10 Conjuntos de ensiladeiras enviados para a Tail\u00e2ndia<\/figcaption><\/figure>    <figure class=\"wp-block-image size-large\"><img loading=\"lazy\" decoding=\"async\" width=\"720\" height=\"540\" data-id=\"1267\" src=\"https:\/\/balerwrapper.com\/wp-content\/uploads\/2026\/04\/2-Silage-baling-wrapping-machines-to-South-Africa.webp\" alt=\"2 M\u00e1quinas de embrulhar silagem para a \u00c1frica do Sul\" class=\"wp-image-1267\" srcset=\"https:\/\/balerwrapper.com\/wp-content\/uploads\/2026\/04\/2-Silage-baling-wrapping-machines-to-South-Africa.webp 720w, https:\/\/balerwrapper.com\/wp-content\/uploads\/2026\/04\/2-Silage-baling-wrapping-machines-to-South-Africa-300x225.webp 300w, https:\/\/balerwrapper.com\/wp-content\/uploads\/2026\/04\/2-Silage-baling-wrapping-machines-to-South-Africa-16x12.webp 16w\" sizes=\"auto, (max-width: 720px) 100vw, 720px\" \/><figcaption class=\"wp-element-caption\">2 M\u00e1quinas de embrulhar silagem para a \u00c1frica do Sul<\/figcaption><\/figure>    <figure class=\"wp-block-image size-large\"><img loading=\"lazy\" decoding=\"async\" width=\"720\" height=\"540\" data-id=\"1268\" src=\"https:\/\/balerwrapper.com\/wp-content\/uploads\/2026\/04\/4-Sets-of-forage-baler-wrappers-to-Senegal.webp\" alt=\"4 Conjuntos de embaladoras de feno para o Senegal\" class=\"wp-image-1268\" srcset=\"https:\/\/balerwrapper.com\/wp-content\/uploads\/2026\/04\/4-Sets-of-forage-baler-wrappers-to-Senegal.webp 720w, https:\/\/balerwrapper.com\/wp-content\/uploads\/2026\/04\/4-Sets-of-forage-baler-wrappers-to-Senegal-300x225.webp 300w, https:\/\/balerwrapper.com\/wp-content\/uploads\/2026\/04\/4-Sets-of-forage-baler-wrappers-to-Senegal-16x12.webp 16w\" sizes=\"auto, (max-width: 720px) 100vw, 720px\" \/><figcaption class=\"wp-element-caption\">4 Conjuntos de embaladoras de feno para o Senegal<\/figcaption><\/figure>    <figure class=\"wp-block-image size-large\"><img loading=\"lazy\" decoding=\"async\" width=\"720\" height=\"540\" data-id=\"1269\" src=\"https:\/\/balerwrapper.com\/wp-content\/uploads\/2026\/04\/5-Sets-of-silage-baler-machines-to-Tanzania.webp\" alt=\"5 Conjuntos de m\u00e1quinas de ensilar para a Tanz\u00e2nia\" class=\"wp-image-1269\" srcset=\"https:\/\/balerwrapper.com\/wp-content\/uploads\/2026\/04\/5-Sets-of-silage-baler-machines-to-Tanzania.webp 720w, https:\/\/balerwrapper.com\/wp-content\/uploads\/2026\/04\/5-Sets-of-silage-baler-machines-to-Tanzania-300x225.webp 300w, https:\/\/balerwrapper.com\/wp-content\/uploads\/2026\/04\/5-Sets-of-silage-baler-machines-to-Tanzania-16x12.webp 16w\" sizes=\"auto, (max-width: 720px) 100vw, 720px\" \/><figcaption class=\"wp-element-caption\">5 Conjuntos de m\u00e1quinas de ensilar para a Tanz\u00e2nia<\/figcaption><\/figure>    <figure class=\"wp-block-image size-large\"><img loading=\"lazy\" decoding=\"async\" width=\"720\" height=\"540\" data-id=\"1271\" src=\"https:\/\/balerwrapper.com\/wp-content\/uploads\/2026\/04\/250-Sets-hay-cutters-shipped-to-Kenya.webp\" alt=\"250 Conjuntos de cortadores de feno enviados para o Qu\u00e9nia\" class=\"wp-image-1271\" srcset=\"https:\/\/balerwrapper.com\/wp-content\/uploads\/2026\/04\/250-Sets-hay-cutters-shipped-to-Kenya.webp 720w, https:\/\/balerwrapper.com\/wp-content\/uploads\/2026\/04\/250-Sets-hay-cutters-shipped-to-Kenya-300x225.webp 300w, https:\/\/balerwrapper.com\/wp-content\/uploads\/2026\/04\/250-Sets-hay-cutters-shipped-to-Kenya-16x12.webp 16w\" sizes=\"auto, (max-width: 720px) 100vw, 720px\" \/><figcaption class=\"wp-element-caption\">250 Conjuntos de cortadores de feno enviados para o Qu\u00e9nia<\/figcaption><\/figure>    <figure class=\"wp-block-image size-large\"><img loading=\"lazy\" decoding=\"async\" width=\"720\" height=\"540\" data-id=\"1266\" src=\"https:\/\/balerwrapper.com\/wp-content\/uploads\/2026\/04\/2-Sets-of-straw-pickup-balers-to-the-Netherlands.webp\" alt=\"2 Conjuntos de enfardadeiras de palha para os Pa\u00edses Baixos\" class=\"wp-image-1266\" srcset=\"https:\/\/balerwrapper.com\/wp-content\/uploads\/2026\/04\/2-Sets-of-straw-pickup-balers-to-the-Netherlands.webp 720w, https:\/\/balerwrapper.com\/wp-content\/uploads\/2026\/04\/2-Sets-of-straw-pickup-balers-to-the-Netherlands-300x225.webp 300w, https:\/\/balerwrapper.com\/wp-content\/uploads\/2026\/04\/2-Sets-of-straw-pickup-balers-to-the-Netherlands-16x12.webp 16w\" sizes=\"auto, (max-width: 720px) 100vw, 720px\" \/><figcaption class=\"wp-element-caption\">2 Conjuntos de enfardadeiras de palha para os Pa\u00edses Baixos<\/figcaption><\/figure>    <figure class=\"wp-block-image size-large\"><img loading=\"lazy\" decoding=\"async\" width=\"720\" height=\"540\" data-id=\"1273\" src=\"https:\/\/balerwrapper.com\/wp-content\/uploads\/2026\/04\/Silage-baler-wrappers-shipment-to-Costa-Rica.webp\" alt=\"Envio de embaladoras de silagem para a Costa Rica\" class=\"wp-image-1273\" srcset=\"https:\/\/balerwrapper.com\/wp-content\/uploads\/2026\/04\/Silage-baler-wrappers-shipment-to-Costa-Rica.webp 720w, https:\/\/balerwrapper.com\/wp-content\/uploads\/2026\/04\/Silage-baler-wrappers-shipment-to-Costa-Rica-300x225.webp 300w, https:\/\/balerwrapper.com\/wp-content\/uploads\/2026\/04\/Silage-baler-wrappers-shipment-to-Costa-Rica-16x12.webp 16w\" sizes=\"auto, (max-width: 720px) 100vw, 720px\" \/><figcaption class=\"wp-element-caption\">Envio de embaladoras de silagem para a Costa Rica<\/figcaption><\/figure>    <figure class=\"wp-block-image size-large\"><img loading=\"lazy\" decoding=\"async\" width=\"720\" height=\"540\" data-id=\"1274\" src=\"https:\/\/balerwrapper.com\/wp-content\/uploads\/2026\/04\/Twin-cylinder-hydraulic-baler-shipped-to-Portugal.webp\" alt=\"Embaladora hidr\u00e1ulica de cilindro duplo enviada para Portugal\" class=\"wp-image-1274\" srcset=\"https:\/\/balerwrapper.com\/wp-content\/uploads\/2026\/04\/Twin-cylinder-hydraulic-baler-shipped-to-Portugal.webp 720w, https:\/\/balerwrapper.com\/wp-content\/uploads\/2026\/04\/Twin-cylinder-hydraulic-baler-shipped-to-Portugal-300x225.webp 300w, https:\/\/balerwrapper.com\/wp-content\/uploads\/2026\/04\/Twin-cylinder-hydraulic-baler-shipped-to-Portugal-16x12.webp 16w\" sizes=\"auto, (max-width: 720px) 100vw, 720px\" \/><figcaption class=\"wp-element-caption\">Embaladora hidr\u00e1ulica de cilindro duplo enviada para Portugal<\/figcaption><\/figure> <\/figure>    <h2 class=\"wp-block-heading\">Nossas Vantagens Centrais<\/h2>    <ul class=\"wp-block-list\"> <li><strong>Capacidade de Fabrica\u00e7\u00e3o Profissional<\/strong>Contamos com oficinas padronizadas, equipamentos de produ\u00e7\u00e3o avan\u00e7ados e tecnologia de processamento madura para garantir qualidade est\u00e1vel e entrega pontual.<\/li>    <li><strong>Equipa Profissional de Investiga\u00e7\u00e3o e Desenvolvimento &amp; T\u00e9cnica<\/strong>Nossa equipa foca na inova\u00e7\u00e3o tecnol\u00f3gica de m\u00e1quinas de forragem, otimizando continuamente o desempenho e a aplicabilidade dos produtos.<\/li>    <li><strong>Controlo de Qualidade Rigoroso<\/strong>Cada m\u00e1quina passa por m\u00faltiplas inspe\u00e7\u00f5es e ajustes para garantir alta efici\u00eancia, baixa taxa de falhas e longa vida \u00fatil.<\/li>    <li><strong>Experi\u00eancia Rica em Exporta\u00e7\u00e3o<\/strong>Temos vasta experi\u00eancia no com\u00e9rcio internacional, familiarizados com procedimentos de exporta\u00e7\u00e3o, transporte, desembara\u00e7o aduaneiro e suporte p\u00f3s-venda em todo o mundo.<\/li> <\/ul>    <h2 class=\"wp-block-heading\">Nosso Servi\u00e7o<\/h2>    <ul class=\"wp-block-list\"> <li><strong>Pr\u00e9-venda<\/strong>Design de esquemas gratuito, orienta\u00e7\u00e3o na sele\u00e7\u00e3o de modelos, cota\u00e7\u00e3o e consulta t\u00e9cnica. <\/li>    <li><strong>Vendas<\/strong>Produ\u00e7\u00e3o padronizada, controlo de qualidade rigoroso, feedback em tempo real do progresso da produ\u00e7\u00e3o. <\/li>    <li><strong>P\u00f3s-venda<\/strong>Orienta\u00e7\u00e3o online, instala\u00e7\u00e3o de m\u00e1quinas, forma\u00e7\u00e3o em opera\u00e7\u00e3o, suporte p\u00f3s-venda atempado.<\/li> <\/ul>    <div class=\"wp-block-group alignfull has-text-color has-background\" style=\"color:#000000;background-color:#ffffff\"><div class=\"wp-block-group__inner-container is-layout-flow wp-block-group-is-layout-flow\"> <p class=\"has-text-align-center\">Procurando m\u00e1quinas de processamento de forragem fi\u00e1veis e eficientes?<\/p>    <p class=\"has-text-align-center\">Contacte-nos agora para uma cota\u00e7\u00e3o gratuita e solu\u00e7\u00f5es profissionais!<\/p>    <div class=\"wp-block-buttons is-horizontal is-content-justification-center is-layout-flex wp-container-core-buttons-is-layout-499968f5 wp-block-buttons-is-layout-flex\"> <div class=\"wp-block-button has-custom-width wp-block-button__width-50\"><a class=\"wp-block-button__link has-text-color has-background wp-element-button\" href=\"https:\/\/wa.me\/+8617320158259\" style=\"border-radius:50px;color:#ffffff;background-color:#000000\" target=\"_blank\" rel=\"noopener\">Contate-nos<\/a><\/div> <\/div> <\/div><\/div>","protected":false},"excerpt":{"rendered":"<p>Taizy Machinery is a professional agricultural technology company specializing in the R&amp;D, production, and sales of forage processing equipment. With 20+ years of manufacturing experience, we provide efficient and reliable solutions for silage, straw recycling, feed processing, and livestock farming. Guided by \u201cQuality First, Customer Supreme,\u201d we continuously innovate to meet modern agricultural needs and [&hellip;]<\/p>\n","protected":false},"author":1,"featured_media":0,"parent":0,"menu_order":0,"comment_status":"closed","ping_status":"closed","template":"","meta":{"footnotes":""},"class_list":["post-13","page","type-page","status-publish","hentry"],"_links":{"self":[{"href":"https:\/\/balerwrapper.com\/pt\/wp-json\/wp\/v2\/pages\/13","targetHints":{"allow":["GET"]}}],"collection":[{"href":"https:\/\/balerwrapper.com\/pt\/wp-json\/wp\/v2\/pages"}],"about":[{"href":"https:\/\/balerwrapper.com\/pt\/wp-json\/wp\/v2\/types\/page"}],"author":[{"embeddable":true,"href":"https:\/\/balerwrapper.com\/pt\/wp-json\/wp\/v2\/users\/1"}],"replies":[{"embeddable":true,"href":"https:\/\/balerwrapper.com\/pt\/wp-json\/wp\/v2\/comments?post=13"}],"version-history":[{"count":17,"href":"https:\/\/balerwrapper.com\/pt\/wp-json\/wp\/v2\/pages\/13\/revisions"}],"predecessor-version":[{"id":1299,"href":"https:\/\/balerwrapper.com\/pt\/wp-json\/wp\/v2\/pages\/13\/revisions\/1299"}],"wp:attachment":[{"href":"https:\/\/balerwrapper.com\/pt\/wp-json\/wp\/v2\/media?parent=13"}],"curies":[{"name":"wp","href":"https:\/\/api.w.org\/{rel}","templated":true}]}}