{"id":743,"date":"2024-06-18T18:36:34","date_gmt":"2024-06-18T10:36:34","guid":{"rendered":"https:\/\/balerwrapper.com\/?post_type=product&#038;p=743"},"modified":"2026-03-31T10:18:25","modified_gmt":"2026-03-31T02:18:25","slug":"silage-baling-and-wrapping-machine","status":"publish","type":"product","link":"https:\/\/balerwrapper.com\/fr\/product\/silage-baling-and-wrapping-machine\/","title":{"rendered":"Nouvelle machine automatique de mise en balles et d'emballage d'ensilage \u00e0 bande"},"content":{"rendered":"<div class=\"kk-star-ratings kksr-auto kksr-align-left kksr-valign-top\"     data-payload='{&quot;align&quot;:&quot;left&quot;,&quot;id&quot;:&quot;743&quot;,&quot;slug&quot;:&quot;default&quot;,&quot;valign&quot;:&quot;top&quot;,&quot;ignore&quot;:&quot;&quot;,&quot;reference&quot;:&quot;auto&quot;,&quot;class&quot;:&quot;&quot;,&quot;count&quot;:&quot;96&quot;,&quot;legendonly&quot;:&quot;&quot;,&quot;readonly&quot;:&quot;&quot;,&quot;score&quot;:&quot;4.9&quot;,&quot;starsonly&quot;:&quot;&quot;,&quot;best&quot;:&quot;5&quot;,&quot;gap&quot;:&quot;5&quot;,&quot;greet&quot;:&quot;Rate this product&quot;,&quot;legend&quot;:&quot;4.9\\\/5 - (96 votes)&quot;,&quot;size&quot;:&quot;24&quot;,&quot;title&quot;:&quot;New Belt-type Automatic Silage Baling And Wrapping Machine&quot;,&quot;width&quot;:&quot;139.6&quot;,&quot;_legend&quot;:&quot;{score}\\\/{best} - ({count} {votes})&quot;,&quot;font_factor&quot;:&quot;1.25&quot;}'>              <div class=\"kksr-stars\">      <div class=\"kksr-stars-inactive\">             <div class=\"kksr-star\" data-star=\"1\" style=\"padding-right: 5px\">               <div class=\"kksr-icon\" style=\"width: 24px; height: 24px;\"><\/div>         <\/div>             <div class=\"kksr-star\" data-star=\"2\" style=\"padding-right: 5px\">               <div class=\"kksr-icon\" style=\"width: 24px; height: 24px;\"><\/div>         <\/div>             <div class=\"kksr-star\" data-star=\"3\" style=\"padding-right: 5px\">               <div class=\"kksr-icon\" style=\"width: 24px; height: 24px;\"><\/div>         <\/div>             <div class=\"kksr-star\" data-star=\"4\" style=\"padding-right: 5px\">               <div class=\"kksr-icon\" style=\"width: 24px; height: 24px;\"><\/div>         <\/div>             <div class=\"kksr-star\" data-star=\"5\" style=\"padding-right: 5px\">               <div class=\"kksr-icon\" style=\"width: 24px; height: 24px;\"><\/div>         <\/div>     <\/div>      <div class=\"kksr-stars-active\" style=\"width: 139.6px;\">             <div class=\"kksr-star\" style=\"padding-right: 5px\">               <div class=\"kksr-icon\" style=\"width: 24px; height: 24px;\"><\/div>         <\/div>             <div class=\"kksr-star\" style=\"padding-right: 5px\">               <div class=\"kksr-icon\" style=\"width: 24px; height: 24px;\"><\/div>         <\/div>             <div class=\"kksr-star\" style=\"padding-right: 5px\">               <div class=\"kksr-icon\" style=\"width: 24px; height: 24px;\"><\/div>         <\/div>             <div class=\"kksr-star\" style=\"padding-right: 5px\">               <div class=\"kksr-icon\" style=\"width: 24px; height: 24px;\"><\/div>         <\/div>             <div class=\"kksr-star\" style=\"padding-right: 5px\">               <div class=\"kksr-icon\" style=\"width: 24px; height: 24px;\"><\/div>         <\/div>     <\/div> <\/div>                   <div class=\"kksr-legend\" style=\"font-size: 19.2px;\">             4.9\/5 - (96 votes)    <\/div>     <\/div>  <p>Nous nous concentrons depuis de nombreuses ann\u00e9es sur la production et l'exportation de machines \u00e0 ensiler et \u00e0 enrubanner, et avons accumul\u00e9 une riche exp\u00e9rience dans l'industrie. Nous sommes maintenant fiers de lancer la nouvelle g\u00e9n\u00e9ration de machines \u00e0 enrubanner \u00e0 ensilage de type 60 (9YDB-60).<\/p>    <p>L'\u00e9quipement adopte un design de chambre de pressage avec une structure de courroie en chevron, et poss\u00e8de de nombreuses fonctions intelligentes telles que le pressage enti\u00e8rement automatique, le tirage de film, l'ouverture et la fermeture de trappes, et la sortie de sac invers\u00e9e. <\/p>    <p>Il peut conditionner 50 \u00e0 75 balles par heure, chaque balle pesant entre 90 et 140 kg, et la taille de la balle est de \u03a6600\u00d7520mm. La densit\u00e9 d'une seule balle d\u00e9passe 800kg\/m\u00b3, et la capacit\u00e9 de traitement quotidienne peut atteindre 48 tonnes. C'est un \u00e9quipement id\u00e9al pour le conditionnement et l'emballage dans les ranchs et les industries d'\u00e9levage.<\/p>    <figure class=\"wp-block-embed aligncenter is-type-video is-provider-youtube wp-block-embed-youtube wp-embed-aspect-16-9 wp-has-aspect-ratio\"><div class=\"wp-block-embed__wrapper\"> <iframe loading=\"lazy\" title=\"La toute nouvelle machine r\u00e9volutionnaire de mise en balles et d&#039;emballage de fourrage d&#039;ensilage enti\u00e8rement automatis\u00e9e\u00a0!\" width=\"500\" height=\"281\" src=\"https:\/\/www.youtube.com\/embed\/R0KwAUTpV_s?feature=oembed\" frameborder=\"0\" allow=\"accelerometer; autoplay; clipboard-write; encrypted-media; gyroscope; picture-in-picture; web-share\" referrerpolicy=\"strict-origin-when-cross-origin\" allowfullscreen><\/iframe> <\/div><figcaption class=\"wp-element-caption\">vid\u00e9o de travail de la machine de mise en balles et d'emballage d'ensilage 9YDB-60<\/figcaption><\/figure>    <h2 class=\"wp-block-heading\">Groupes applicables de la machine<\/h2>    <ul class=\"wp-block-list\"> <li>Fermes et exploitations : telles que les fermes laiti\u00e8res, les fermes de bovins, les fermes ovines, etc. Il est adapt\u00e9 pour le pressage et la conservation de grandes quantit\u00e9s d'ensilage.<\/li>    <li>Coop\u00e9ratives agricoles et exploitations familiales : adapt\u00e9es aux petites et moyennes unit\u00e9s coop\u00e9ratives combinant culture et \u00e9levage, am\u00e9liorant l'efficacit\u00e9 de la r\u00e9colte et du stockage et r\u00e9duisant le co\u00fbt de la main-d'\u0153uvre.<\/li>    <li>Grandes entreprises agricoles : r\u00e9aliser une op\u00e9ration de pressage automatique efficace pendant la saison de r\u00e9colte de silos concentr\u00e9s, ce qui est pratique pour le transport et le stockage \u00e0 long terme.<\/li>    <li>Fournisseur de services de location de machines agricoles : adapt\u00e9 pour fournir un service de pressage comme \u00e9quipement d'exploitation efficace pour r\u00e9pondre aux divers besoins des clients.<\/li> <\/ul>   <div class=\"wp-block-image\"> <figure class=\"aligncenter size-full\"><img loading=\"lazy\" decoding=\"async\" width=\"720\" height=\"540\" src=\"https:\/\/balerwrapper.com\/wp-content\/uploads\/2024\/06\/application-of-silage-baling-machine.webp\" alt=\"application de la presse \u00e0 balles d&#039;ensilage\" class=\"wp-image-746\" srcset=\"https:\/\/balerwrapper.com\/wp-content\/uploads\/2024\/06\/application-of-silage-baling-machine.webp 720w, https:\/\/balerwrapper.com\/wp-content\/uploads\/2024\/06\/application-of-silage-baling-machine-300x225.webp 300w, https:\/\/balerwrapper.com\/wp-content\/uploads\/2024\/06\/application-of-silage-baling-machine-16x12.webp 16w\" sizes=\"auto, (max-width: 720px) 100vw, 720px\" \/><figcaption class=\"wp-element-caption\">application de la machine \u00e0 enrubanner et \u00e0 presser le silo<\/figcaption><\/figure> <\/div>   <h2 class=\"wp-block-heading\">Utilisations des machines d'emballage de presses \u00e0 fourrage<\/h2>    <ul class=\"wp-block-list\"> <li>Pr\u00e9servation des aliments : principalement utilis\u00e9e pour enrouler et filmer divers types de fourrage tels que l'herbe, les pailles, le silage, etc. pour un stockage \u00e0 long terme. L'aliment film\u00e9 est isol\u00e9 de l'air pour pr\u00e9venir la fermentation et la moisissure, maintenant ainsi le contenu nutritionnel de l'aliment.<\/li>    <li>Traitement des d\u00e9chets agricoles : il peut traiter des d\u00e9chets agricoles tels que les pailles de culture, les enveloppes, les tiges de ma\u00efs, etc., et les emballer et les stocker pour une utilisation ult\u00e9rieure comme aliment ou \u00e0 d'autres fins afin de r\u00e9duire la pollution environnementale.<\/li>    <li>Production de silage : gr\u00e2ce \u00e0 un enrobage filmique et \u00e0 la fermentation, l'herbe fourrag\u00e8re fra\u00eeche ou les r\u00e9sidus de culture sont transform\u00e9s en silage hautement nutritif, adapt\u00e9 \u00e0 l'alimentation du b\u00e9tail tel que les bovins et les ovins pour am\u00e9liorer leur structure nutritionnelle.<\/li> <\/ul>    <figure class=\"wp-block-gallery has-nested-images columns-default is-cropped wp-block-gallery-2 is-layout-flex wp-block-gallery-is-layout-flex\"> <figure class=\"wp-block-image size-large\"><img loading=\"lazy\" decoding=\"async\" width=\"720\" height=\"540\" data-id=\"751\" src=\"https:\/\/balerwrapper.com\/wp-content\/uploads\/2024\/06\/forage-baling-machine.webp\" alt=\"presse \u00e0 balles de fourrage\" class=\"wp-image-751\" srcset=\"https:\/\/balerwrapper.com\/wp-content\/uploads\/2024\/06\/forage-baling-machine.webp 720w, https:\/\/balerwrapper.com\/wp-content\/uploads\/2024\/06\/forage-baling-machine-300x225.webp 300w, https:\/\/balerwrapper.com\/wp-content\/uploads\/2024\/06\/forage-baling-machine-16x12.webp 16w\" sizes=\"auto, (max-width: 720px) 100vw, 720px\" \/><figcaption class=\"wp-element-caption\">presse \u00e0 balles de fourrage<\/figcaption><\/figure>    <figure class=\"wp-block-image size-large\"><img loading=\"lazy\" decoding=\"async\" width=\"720\" height=\"540\" data-id=\"752\" src=\"https:\/\/balerwrapper.com\/wp-content\/uploads\/2024\/06\/silage-baling-and-wrapping-machine.webp\" alt=\"machine de mise en balles et d&#039;emballage d&#039;ensilage\" class=\"wp-image-752\" srcset=\"https:\/\/balerwrapper.com\/wp-content\/uploads\/2024\/06\/silage-baling-and-wrapping-machine.webp 720w, https:\/\/balerwrapper.com\/wp-content\/uploads\/2024\/06\/silage-baling-and-wrapping-machine-300x225.webp 300w, https:\/\/balerwrapper.com\/wp-content\/uploads\/2024\/06\/silage-baling-and-wrapping-machine-16x12.webp 16w\" sizes=\"auto, (max-width: 720px) 100vw, 720px\" \/><figcaption class=\"wp-element-caption\">machine de mise en balles et d'emballage d'ensilage<\/figcaption><\/figure> <\/figure>    <h2 class=\"wp-block-heading\">Structure de la machine de mise en balles et d'emballage d'ensilage 9YDB-60<\/h2>    <p>Cette machine se compose principalement de deux parties, dont le bac \u00e0 balles et la partie d'enrubannage sous film.<\/p>    <p>La nouvelle presse et enrubanneuse d'ensilage 9YDB-60 diff\u00e8re des mod\u00e8les pr\u00e9c\u00e9dents TZ-55-52 et 70 dans la mesure o\u00f9 les deux premiers mod\u00e8les pouvaient utiliser des cordes de paille et des cordes de filet pour l'alimentation en balles, tandis que la nouvelle 9YDB-60 ne peut utiliser que des cordes de paille et des cordes de filet pour l'alimentation en balles. film plastique transparent pour la mise en balles.<\/p>   <div class=\"wp-block-image\"> <figure class=\"aligncenter size-full\"><img loading=\"lazy\" decoding=\"async\" width=\"720\" height=\"540\" src=\"https:\/\/balerwrapper.com\/wp-content\/uploads\/2024\/06\/belt-type-silage-baler-machine-structure.webp\" alt=\"structure de la presse \u00e0 ensilage \u00e0 bande\" class=\"wp-image-745\" srcset=\"https:\/\/balerwrapper.com\/wp-content\/uploads\/2024\/06\/belt-type-silage-baler-machine-structure.webp 720w, https:\/\/balerwrapper.com\/wp-content\/uploads\/2024\/06\/belt-type-silage-baler-machine-structure-300x225.webp 300w, https:\/\/balerwrapper.com\/wp-content\/uploads\/2024\/06\/belt-type-silage-baler-machine-structure-16x12.webp 16w\" sizes=\"auto, (max-width: 720px) 100vw, 720px\" \/><figcaption class=\"wp-element-caption\">structure de la presse \u00e0 ensilage \u00e0 bande<\/figcaption><\/figure> <\/div>   <h2 class=\"wp-block-heading\">Affichage des d\u00e9tails de la presse \u00e0 foin<\/h2>    <p>Apr\u00e8s avoir compris la structure g\u00e9n\u00e9rale de la machine \u00e0 ensiler et \u00e0 emballer, plongeons dans les d\u00e9tails de certains composants cl\u00e9s. Ces composants jouent un r\u00f4le essentiel dans le fonctionnement efficace et la performance fiable de la machine. <\/p>    <p>Ce qui suit utilisera des diagrammes d'affichage d\u00e9taill\u00e9s pour vous aider \u00e0 comprendre de mani\u00e8re plus intuitive les d\u00e9tails structurels et les principes de fonctionnement de cette machine.<\/p>    <figure class=\"wp-block-gallery has-nested-images columns-2 is-cropped wp-block-gallery-3 is-layout-flex wp-block-gallery-is-layout-flex\"> <figure class=\"wp-block-image size-large\"><img loading=\"lazy\" decoding=\"async\" width=\"720\" height=\"540\" data-id=\"754\" src=\"https:\/\/balerwrapper.com\/wp-content\/uploads\/2024\/06\/Conveyor-belt-and-plastic-film.webp\" alt=\"Bande transporteuse et film plastique\" class=\"wp-image-754\" srcset=\"https:\/\/balerwrapper.com\/wp-content\/uploads\/2024\/06\/Conveyor-belt-and-plastic-film.webp 720w, https:\/\/balerwrapper.com\/wp-content\/uploads\/2024\/06\/Conveyor-belt-and-plastic-film-300x225.webp 300w, https:\/\/balerwrapper.com\/wp-content\/uploads\/2024\/06\/Conveyor-belt-and-plastic-film-16x12.webp 16w\" sizes=\"auto, (max-width: 720px) 100vw, 720px\" \/><figcaption class=\"wp-element-caption\">Bande transporteuse et film plastique<\/figcaption><\/figure>    <figure class=\"wp-block-image size-large\"><img loading=\"lazy\" decoding=\"async\" width=\"720\" height=\"540\" data-id=\"756\" src=\"https:\/\/balerwrapper.com\/wp-content\/uploads\/2024\/06\/PLC-control-cabinet-and-bin.webp\" alt=\"Armoire de commande PLC et bac\" class=\"wp-image-756\" srcset=\"https:\/\/balerwrapper.com\/wp-content\/uploads\/2024\/06\/PLC-control-cabinet-and-bin.webp 720w, https:\/\/balerwrapper.com\/wp-content\/uploads\/2024\/06\/PLC-control-cabinet-and-bin-300x225.webp 300w, https:\/\/balerwrapper.com\/wp-content\/uploads\/2024\/06\/PLC-control-cabinet-and-bin-16x12.webp 16w\" sizes=\"auto, (max-width: 720px) 100vw, 720px\" \/><figcaption class=\"wp-element-caption\">Armoire de commande PLC et bac<\/figcaption><\/figure>    <figure class=\"wp-block-image size-large\"><img loading=\"lazy\" decoding=\"async\" width=\"720\" height=\"540\" data-id=\"753\" src=\"https:\/\/balerwrapper.com\/wp-content\/uploads\/2024\/06\/baling-belt-and-wrap-machine.webp\" alt=\"bande de mise en balles et machine d&#039;emballage\" class=\"wp-image-753\" srcset=\"https:\/\/balerwrapper.com\/wp-content\/uploads\/2024\/06\/baling-belt-and-wrap-machine.webp 720w, https:\/\/balerwrapper.com\/wp-content\/uploads\/2024\/06\/baling-belt-and-wrap-machine-300x225.webp 300w, https:\/\/balerwrapper.com\/wp-content\/uploads\/2024\/06\/baling-belt-and-wrap-machine-16x12.webp 16w\" sizes=\"auto, (max-width: 720px) 100vw, 720px\" \/><figcaption class=\"wp-element-caption\">bande de mise en balles et machine d'emballage<\/figcaption><\/figure>    <figure class=\"wp-block-image size-large\"><img loading=\"lazy\" decoding=\"async\" width=\"720\" height=\"540\" data-id=\"755\" src=\"https:\/\/balerwrapper.com\/wp-content\/uploads\/2024\/06\/film-cutter-and-intelligent-alarming.webp\" alt=\"coupe-film et alarme intelligente\" class=\"wp-image-755\" srcset=\"https:\/\/balerwrapper.com\/wp-content\/uploads\/2024\/06\/film-cutter-and-intelligent-alarming.webp 720w, https:\/\/balerwrapper.com\/wp-content\/uploads\/2024\/06\/film-cutter-and-intelligent-alarming-300x225.webp 300w, https:\/\/balerwrapper.com\/wp-content\/uploads\/2024\/06\/film-cutter-and-intelligent-alarming-16x12.webp 16w\" sizes=\"auto, (max-width: 720px) 100vw, 720px\" \/><figcaption class=\"wp-element-caption\">coupe-film et alarme intelligente<\/figcaption><\/figure> <\/figure>    <h2 class=\"wp-block-heading\">Principe de fonctionnement de la presse \u00e0 balles d'ensilage<\/h2>   <div id=\"rank-math-howto\" class=\"rank-math-block\" > <div class=\"rank-math-howto-description\"> <img loading=\"lazy\" decoding=\"async\" width=\"720\" height=\"540\" src=\"https:\/\/balerwrapper.com\/wp-content\/uploads\/2024\/06\/silage-feed-compact-baler.webp\" class=\"attachment-full size-full\" alt=\"presse compacte pour ensilage\" srcset=\"https:\/\/balerwrapper.com\/wp-content\/uploads\/2024\/06\/silage-feed-compact-baler.webp 720w, https:\/\/balerwrapper.com\/wp-content\/uploads\/2024\/06\/silage-feed-compact-baler-300x225.webp 300w, https:\/\/balerwrapper.com\/wp-content\/uploads\/2024\/06\/silage-feed-compact-baler-16x12.webp 16w\" sizes=\"auto, (max-width: 720px) 100vw, 720px\" \/> <p class=\"translation-block\">Les mati\u00e8res premi\u00e8res de la machine de mise en balle et d'enrubannage de silicage sont g\u00e9n\u00e9ralement trait\u00e9es par une ensileuse. Selon vos exigences concernant la finesse du silicage fini, nous fournissons diff\u00e9rents types de machines de coupe de foin. Vous pouvez en apprendre davantage en cliquant sur <strong><em><a href=\"https:\/\/balerwrapper.com\/fr\/products\/chaff-cutter\/\">https:\/\/balerwrapper.com\/products\/chaff-cutter\/<\/a><\/em><\/strong>. Le foin trait\u00e9 est mis en balle et enrubann\u00e9 gr\u00e2ce au processus suivant.<\/p>  <\/div>  <div class=\"rank-math-steps\"> <div id=\"howto-step-1718700563266\" class=\"rank-math-step\"> <h3 class=\"rank-math-step-title\">Mise en balles d'ensilage<\/h3> <div class=\"rank-math-step-content\"><p>Le fourrage est introduit rapidement et uniform\u00e9ment dans la tr\u00e9mie \u00e0 balles via le tapis roulant d'alimentation. Les dispositifs de compression tels que la bande \u00e0 chevrons dans le bac compriment le fourrage en balles cylindriques compactes d'environ 120 kg, qui sont ensuite li\u00e9es avec un film plastique.<\/p> <\/div> <\/div> <div id=\"howto-step-1718700622406\" class=\"rank-math-step\"> <h3 class=\"rank-math-step-title\">Partie d'emballage<\/h3> <div class=\"rank-math-step-content\"><p>Les balles li\u00e9es sont envelopp\u00e9es par un dispositif d'enrubannage sous film, qui tire automatiquement le film plastique et l'enroule uniform\u00e9ment autour de la surface de la balle pour garantir que la balle est compl\u00e8tement envelopp\u00e9e dans le film afin d'isoler l'air et d'\u00e9viter la fermentation et la moisissure.<\/p> <\/div> <\/div> <\/div> <\/div>       <figure class=\"wp-block-gallery has-nested-images columns-default is-cropped wp-block-gallery-4 is-layout-flex wp-block-gallery-is-layout-flex\"> <figure class=\"wp-block-image size-large\"><img loading=\"lazy\" decoding=\"async\" width=\"720\" height=\"540\" data-id=\"749\" src=\"https:\/\/balerwrapper.com\/wp-content\/uploads\/2024\/06\/livestock-feed-baling-machine.webp\" alt=\"machine de mise en balles d&#039;aliments pour le b\u00e9tail\" class=\"wp-image-749\" srcset=\"https:\/\/balerwrapper.com\/wp-content\/uploads\/2024\/06\/livestock-feed-baling-machine.webp 720w, https:\/\/balerwrapper.com\/wp-content\/uploads\/2024\/06\/livestock-feed-baling-machine-300x225.webp 300w, https:\/\/balerwrapper.com\/wp-content\/uploads\/2024\/06\/livestock-feed-baling-machine-16x12.webp 16w\" sizes=\"auto, (max-width: 720px) 100vw, 720px\" \/><figcaption class=\"wp-element-caption\">machine de mise en balles d'aliments pour le b\u00e9tail<\/figcaption><\/figure>    <figure class=\"wp-block-image size-large\"><img loading=\"lazy\" decoding=\"async\" width=\"720\" height=\"540\" data-id=\"750\" src=\"https:\/\/balerwrapper.com\/wp-content\/uploads\/2024\/06\/silage-round-baler-for-sale.webp\" alt=\"presse \u00e0 balles rondes d&#039;ensilage \u00e0 vendre\" class=\"wp-image-750\" srcset=\"https:\/\/balerwrapper.com\/wp-content\/uploads\/2024\/06\/silage-round-baler-for-sale.webp 720w, https:\/\/balerwrapper.com\/wp-content\/uploads\/2024\/06\/silage-round-baler-for-sale-300x225.webp 300w, https:\/\/balerwrapper.com\/wp-content\/uploads\/2024\/06\/silage-round-baler-for-sale-16x12.webp 16w\" sizes=\"auto, (max-width: 720px) 100vw, 720px\" \/><figcaption class=\"wp-element-caption\">presse \u00e0 balles rondes d'ensilage \u00e0 vendre<\/figcaption><\/figure> <\/figure>    <h2 class=\"wp-block-heading\">Param\u00e8tres techniques de la presse \u00e0 fourrage automatique<\/h2>    <figure class=\"wp-block-table is-style-stripes\"><table><tbody><tr><td>Mod\u00e8le<\/td><td>Ceinture supr\u00eame mod\u00e8le 9YDB-60<\/td><td>Taille de balle (mm)<\/td><td>\u03a6600*520<\/td><\/tr><tr><td>Poids de la balle (kg)<\/td><td>90-140<\/td><td>Puissance de support (kW)<\/td><td>7,5 kW-6<\/td><\/tr><tr><td>Vitesse nominale (r\/min)<\/td><td>350<\/td><td>Moteur de compresseur d'air<\/td><td>1,5 kW<\/td><\/tr><tr><td>Mode liage des balles<\/td><td>Automatique<\/td><td>Volume de la pompe \u00e0 air (litre)<\/td><td>30<\/td><\/tr><tr><td>Nombre de rouleaux en aluminium (pcs)<\/td><td>8 roulettes pour bac mobile<br>Poubelle fixe 9 rouleaux<\/td><td>Moteur de machine d'emballage de film<\/td><td>0,75 kW<\/td><\/tr><tr><td>Couches d'emballage de film<\/td><td>R\u00e9glage du compteur<\/td><td>\u00c9paisseur de la paroi int\u00e9rieure (mm)<\/td><td>6<\/td><\/tr><tr><td>Mat\u00e9riel de regroupement<\/td><td>Film plastique pour fourrage<\/td><td>M\u00e9thode de tirage du film<\/td><td>Automatique<\/td><\/tr><tr><td>Sangle en film plastique<\/td><td>R\u00e9glage du compteur<\/td><td>R\u00e9ducteur de vitesse pour machine d'emballage sous film<\/td><td>Vis sans fin<\/td><\/tr><tr><td>Ajustement de la densit\u00e9<\/td><td>Petit r\u00e9glage du courant Superman<\/td><td>Fonctionnement du coffret de distribution \u00e9lectrique<\/td><td>Fonctionnement manuel\/automatique<\/td><\/tr><tr><td>Roulement \u00e0 rouleaux en aluminium<\/td><td>FC205(4 vis de fixation)<\/td><td>Rouleau presseur<\/td><td>8 fl\u00fbtes<\/td><\/tr><tr><td>Tapis roulant d'alimentation (mm)<\/td><td>L2500\u00d7517<\/td><td>\u00c9paisseur de l'arbre du rouleau (mm)<\/td><td>30<\/td><\/tr><tr><td>Bande de bac fixe (mm) (bande en chevron)<\/td><td>2300&#215;517<\/td><td>Pistolet \u00e0 air de balayage<\/td><td>Oui<\/td><\/tr><tr><td>Bande de bac mobile (mm) (bande en chevron)<\/td><td>2470&#215;517<\/td><td>M\u00e9thode de montage du roulement<\/td><td>La machine est compl\u00e8tement externe.<\/td><\/tr><tr><td>\u00c9paisseur de la bande (mm)<\/td><td>5<\/td><td><strong>&nbsp;<\/strong><\/td><td><strong>&nbsp;<\/strong><\/td><\/tr><tr><td>Mat\u00e9riau du rouleau en aluminium<\/td><td>Moulage d'alliage d'aluminium<\/td><td>Taille de la machine (mm)<\/td><td>3500*1450*1550<\/td><\/tr><tr><td>Mod\u00e8le de cha\u00eene<\/td><td>Cha\u00eene industrielle 12A<\/td><td>Cadre de peignage de film<\/td><td>Nouveau style double ressort<\/td><\/tr><tr><td>Capacit\u00e9<\/td><td>50-75 paquets\/h<\/td><td>Machine enti\u00e8re<\/td><td>Pulv\u00e9risation de plastique<\/td><\/tr><tr><td>Ouverture et fermeture du bac<\/td><td>Automatique<\/td><td>Retourner et retourner le paquet<\/td><td>Automatique<\/td><\/tr><tr><td>Film int\u00e9rieur assorti (sp\u00e9cification)<\/td><td>2000m de longueur 525mm de largeur 15kg<\/td><td>Film fourrager adapt\u00e9<br>(L*L*H)<\/td><td>1800m*250mm*25mm<\/td><\/tr><\/tbody><\/table><figcaption class=\"wp-element-caption\">Informations techniques d\u00e9taill\u00e9es sur la presse et enrubanneuse d'ensilage 9YDB-60<\/figcaption><\/figure>    <h2 class=\"wp-block-heading\">Dispositif de support d'enrubanneuse pour presse \u00e0 ensilage<\/h2>    <p class=\"translation-block\">Lors de l'utilisation de cette machine d'enrubannage de balles de <a href=\"https:\/\/en.wikipedia.org\/wiki\/Silage\" target=\"_blank\" rel=\"noopener\">silage<\/a>, nous recommandons l'utilisation d'un distributeur automatique pour garantir que l'alimentation soit continue et r\u00e9guli\u00e8re. De plus, nous fournissons gratuitement un chariot pour faciliter le transport des balles finies.<\/p>    <figure class=\"wp-block-gallery has-nested-images columns-default is-cropped wp-block-gallery-5 is-layout-flex wp-block-gallery-is-layout-flex\"> <figure class=\"wp-block-image size-large\"><img loading=\"lazy\" decoding=\"async\" width=\"720\" height=\"540\" data-id=\"748\" src=\"https:\/\/balerwrapper.com\/wp-content\/uploads\/2024\/06\/silage-feeder-with-baler-machine.webp\" alt=\"ensileuse et presse \u00e0 balles\" class=\"wp-image-748\" srcset=\"https:\/\/balerwrapper.com\/wp-content\/uploads\/2024\/06\/silage-feeder-with-baler-machine.webp 720w, https:\/\/balerwrapper.com\/wp-content\/uploads\/2024\/06\/silage-feeder-with-baler-machine-300x225.webp 300w, https:\/\/balerwrapper.com\/wp-content\/uploads\/2024\/06\/silage-feeder-with-baler-machine-16x12.webp 16w\" sizes=\"auto, (max-width: 720px) 100vw, 720px\" \/><figcaption class=\"wp-element-caption\">ensileuse et presse \u00e0 balles<\/figcaption><\/figure>    <figure class=\"wp-block-image size-large\"><img loading=\"lazy\" decoding=\"async\" width=\"720\" height=\"540\" data-id=\"747\" src=\"https:\/\/balerwrapper.com\/wp-content\/uploads\/2024\/06\/hay-baler-machine.webp\" alt=\"presse \u00e0 foin avec alimentateur\" class=\"wp-image-747\" srcset=\"https:\/\/balerwrapper.com\/wp-content\/uploads\/2024\/06\/hay-baler-machine.webp 720w, https:\/\/balerwrapper.com\/wp-content\/uploads\/2024\/06\/hay-baler-machine-300x225.webp 300w, https:\/\/balerwrapper.com\/wp-content\/uploads\/2024\/06\/hay-baler-machine-16x12.webp 16w\" sizes=\"auto, (max-width: 720px) 100vw, 720px\" \/><figcaption class=\"wp-element-caption\">presse \u00e0 foin avec alimentateur<\/figcaption><\/figure> <\/figure>    <p class=\"translation-block\">Si vous souhaitez conna\u00eetre d'autres types de machines de mise en balle et d'enrubannage de silicage, veuillez cliquer sur <a href=\"https:\/\/balerwrapper.com\/fr\/product\/corn-silage-baler-machine\/\"><strong><em>Machine automatique de mise en balle de ma\u00efs pour la conservation des aliments<\/em><\/strong><\/a> et <a href=\"https:\/\/balerwrapper.com\/fr\/product\/silage-wrapping-machine\/\"><strong><em>Machine d'enrubannage de silicage presse \u00e0 balles de foin \u00e0 vendre<\/em><\/strong><\/a>.<\/p>    <p>Si vous avez des questions ou des besoins concernant nos produits, n'h\u00e9sitez pas \u00e0 nous contacter. Nous vous invitons \u00e9galement sinc\u00e8rement \u00e0 visiter notre usine pour en savoir plus sur notre processus de production et le fonctionnement de nos \u00e9quipements en personne. Au plaisir de coop\u00e9rer avec vous\u00a0!<\/p>","protected":false},"excerpt":{"rendered":"<p>Cette nouvelle machine de mise en balles et d'emballage d'ensilage automatique 9YDB-60 adopte une conception de bande \u00e0 chevrons et peut regrouper 50 \u00e0 75 balles par heure, ce qui convient au conditionnement et \u00e0 la conservation de l'ensilage.<\/p>","protected":false},"author":1,"featured_media":1207,"parent":0,"template":"","tags":[45,39,35],"product-type":[7],"class_list":["post-743","product","type-product","status-publish","has-post-thumbnail","hentry","tag-forage","tag-hay","tag-silage","product-type-silage-baler"],"_links":{"self":[{"href":"https:\/\/balerwrapper.com\/fr\/wp-json\/wp\/v2\/product\/743","targetHints":{"allow":["GET"]}}],"collection":[{"href":"https:\/\/balerwrapper.com\/fr\/wp-json\/wp\/v2\/product"}],"about":[{"href":"https:\/\/balerwrapper.com\/fr\/wp-json\/wp\/v2\/types\/product"}],"author":[{"embeddable":true,"href":"https:\/\/balerwrapper.com\/fr\/wp-json\/wp\/v2\/users\/1"}],"wp:featuredmedia":[{"embeddable":true,"href":"https:\/\/balerwrapper.com\/fr\/wp-json\/wp\/v2\/media\/1207"}],"wp:attachment":[{"href":"https:\/\/balerwrapper.com\/fr\/wp-json\/wp\/v2\/media?parent=743"}],"wp:term":[{"taxonomy":"post_tag","embeddable":true,"href":"https:\/\/balerwrapper.com\/fr\/wp-json\/wp\/v2\/tags?post=743"},{"taxonomy":"product-type","embeddable":true,"href":"https:\/\/balerwrapper.com\/fr\/wp-json\/wp\/v2\/product-type?post=743"}],"curies":[{"name":"wp","href":"https:\/\/api.w.org\/{rel}","templated":true}]}}