{"id":69,"date":"2022-08-26T02:33:07","date_gmt":"2022-08-26T02:33:07","guid":{"rendered":"https:\/\/balerwrapper.com\/?post_type=product&#038;p=69"},"modified":"2025-06-16T18:24:07","modified_gmt":"2025-06-16T10:24:07","slug":"hydraulic-baler-machine","status":"publish","type":"product","link":"https:\/\/balerwrapper.com\/fr\/product\/hydraulic-baler-machine\/","title":{"rendered":"\u00c9quipement de mise en balles de foin de machine de presse hydraulique"},"content":{"rendered":"<div class=\"kk-star-ratings kksr-auto kksr-align-left kksr-valign-top\"     data-payload='{&quot;align&quot;:&quot;left&quot;,&quot;id&quot;:&quot;69&quot;,&quot;slug&quot;:&quot;default&quot;,&quot;valign&quot;:&quot;top&quot;,&quot;ignore&quot;:&quot;&quot;,&quot;reference&quot;:&quot;auto&quot;,&quot;class&quot;:&quot;&quot;,&quot;count&quot;:&quot;85&quot;,&quot;legendonly&quot;:&quot;&quot;,&quot;readonly&quot;:&quot;&quot;,&quot;score&quot;:&quot;4.8&quot;,&quot;starsonly&quot;:&quot;&quot;,&quot;best&quot;:&quot;5&quot;,&quot;gap&quot;:&quot;5&quot;,&quot;greet&quot;:&quot;Rate this product&quot;,&quot;legend&quot;:&quot;4.8\\\/5 - (85 votes)&quot;,&quot;size&quot;:&quot;24&quot;,&quot;title&quot;:&quot;Hydraulic Baler Machine Hay Baling Equipment&quot;,&quot;width&quot;:&quot;136.7&quot;,&quot;_legend&quot;:&quot;{score}\\\/{best} - ({count} {votes})&quot;,&quot;font_factor&quot;:&quot;1.25&quot;}'>              <div class=\"kksr-stars\">      <div class=\"kksr-stars-inactive\">             <div class=\"kksr-star\" data-star=\"1\" style=\"padding-right: 5px\">               <div class=\"kksr-icon\" style=\"width: 24px; height: 24px;\"><\/div>         <\/div>             <div class=\"kksr-star\" data-star=\"2\" style=\"padding-right: 5px\">               <div class=\"kksr-icon\" style=\"width: 24px; height: 24px;\"><\/div>         <\/div>             <div class=\"kksr-star\" data-star=\"3\" style=\"padding-right: 5px\">               <div class=\"kksr-icon\" style=\"width: 24px; height: 24px;\"><\/div>         <\/div>             <div class=\"kksr-star\" data-star=\"4\" style=\"padding-right: 5px\">               <div class=\"kksr-icon\" style=\"width: 24px; height: 24px;\"><\/div>         <\/div>             <div class=\"kksr-star\" data-star=\"5\" style=\"padding-right: 5px\">               <div class=\"kksr-icon\" style=\"width: 24px; height: 24px;\"><\/div>         <\/div>     <\/div>      <div class=\"kksr-stars-active\" style=\"width: 136.7px;\">             <div class=\"kksr-star\" style=\"padding-right: 5px\">               <div class=\"kksr-icon\" style=\"width: 24px; height: 24px;\"><\/div>         <\/div>             <div class=\"kksr-star\" style=\"padding-right: 5px\">               <div class=\"kksr-icon\" style=\"width: 24px; height: 24px;\"><\/div>         <\/div>             <div class=\"kksr-star\" style=\"padding-right: 5px\">               <div class=\"kksr-icon\" style=\"width: 24px; height: 24px;\"><\/div>         <\/div>             <div class=\"kksr-star\" style=\"padding-right: 5px\">               <div class=\"kksr-icon\" style=\"width: 24px; height: 24px;\"><\/div>         <\/div>             <div class=\"kksr-star\" style=\"padding-right: 5px\">               <div class=\"kksr-icon\" style=\"width: 24px; height: 24px;\"><\/div>         <\/div>     <\/div> <\/div>                   <div class=\"kksr-legend\" style=\"font-size: 19.2px;\">             4,8\/5 - (85 votes)    <\/div>     <\/div>  <p>La machine \u00e0 balles hydrauliques pour ensilage est un \u00e9quipement \u00e0 haute efficacit\u00e9 con\u00e7u pour le pressage et le stockage de fourrage, de paille, de tiges de ma\u00efs et d'autres tiges de cultures. <\/p>    <p>Gr\u00e2ce au syst\u00e8me d'extrusion hydraulique, il peut comprimer de la paille et du fourrage en vrac en ballots carr\u00e9s compacts (blocs standard de 700\u00d7400\u00d7300mm) avec une densit\u00e9 \u2265800kg\/m\u00b3. <\/p>    <p>Et il adopte un emballage double couche PE+PP, ce qui augmente l'activit\u00e9 des bact\u00e9ries lactiques des fourrages de 300 % et le taux de conservation des nutriments est sup\u00e9rieur \u00e0 85 %. La p\u00e9riode de conservation de la fra\u00eecheur est de 2 \u00e0 3 ans.<\/p>    <figure class=\"wp-block-embed aligncenter is-type-video is-provider-youtube wp-block-embed-youtube wp-embed-aspect-16-9 wp-has-aspect-ratio\"><div class=\"wp-block-embed__wrapper\"> <iframe loading=\"lazy\" title=\"Fonctionnement d&#039;une presse hydraulique \u00e0 paille \u00e0 haut rendement | Outils agricoles \u00e9cologiques Partagez\u00a0!\" width=\"500\" height=\"281\" src=\"https:\/\/www.youtube.com\/embed\/GI3he-Y3oDc?feature=oembed\" frameborder=\"0\" allow=\"accelerometer; autoplay; clipboard-write; encrypted-media; gyroscope; picture-in-picture; web-share\" referrerpolicy=\"strict-origin-when-cross-origin\" allowfullscreen><\/iframe> <\/div><figcaption class=\"wp-element-caption\">Vid\u00e9o de travail d'une presse hydraulique \u00e0 trois cylindres<\/figcaption><\/figure>    <p>Selon la demande de production, l'\u00e9quipement est divis\u00e9 en deux mod\u00e8les : presse \u00e0 balles hydraulique \u00e0 double cylindre et presse \u00e0 balles hydraulique \u00e0 trois cylindres :<\/p>    <ul class=\"wp-block-list\"> <li>Presse \u00e0 balles hydraulique \u00e0 double cylindre : entra\u00eenement par moteur ou moteur diesel, applicabilit\u00e9, pratique et flexible.<\/li>    <li>Presse \u00e0 balles hydraulique \u00e0 trois cylindres : uniquement entra\u00eenement par moteur, efficacit\u00e9 sup\u00e9rieure, densit\u00e9 plus \u00e9lev\u00e9e des produits finis, capacit\u00e9 horaire plus \u00e9lev\u00e9e.<\/li> <\/ul>    <p>En m\u00eame temps, il peut \u00eatre utilis\u00e9 avec un broyeur \u00e0 guillotine pour couper l'herbe d'abord, puis entrer dans le processus de pressage afin d'am\u00e9liorer l'effet de pressage et la qualit\u00e9 du silo.<\/p>    <figure class=\"wp-block-gallery has-nested-images columns-default is-cropped wp-block-gallery-2 is-layout-flex wp-block-gallery-is-layout-flex\"> <figure class=\"wp-block-image size-large\"><img loading=\"lazy\" decoding=\"async\" width=\"720\" height=\"540\" data-id=\"179\" src=\"https:\/\/balerwrapper.com\/wp-content\/uploads\/2022\/08\/haydraulic-baler-machine-.jpg\" alt=\"presse \u00e0 balles hydrauliques\" class=\"wp-image-179\" title=\"presse \u00e0 balles hydrauliques\"\/><figcaption class=\"wp-element-caption\">presse \u00e0 balles hydrauliques<\/figcaption><\/figure>    <figure class=\"wp-block-image size-large\"><img loading=\"lazy\" decoding=\"async\" width=\"720\" height=\"540\" data-id=\"180\" src=\"https:\/\/balerwrapper.com\/wp-content\/uploads\/2022\/08\/baler-press-machine-.webp\" alt=\"presse \u00e0 balles\" class=\"wp-image-180\" title=\"presse \u00e0 balles\"\/><figcaption class=\"wp-element-caption\">presse \u00e0 balles<\/figcaption><\/figure> <\/figure>    <h2 class=\"wp-block-heading\" id=\"h-using-scopes-of-the-hydraulic-hay-baler\">Utilisation des port\u00e9es de la presse \u00e0 balles hydraulique pour ensilage<\/h2>    <p class=\"translation-block\"><strong>Mati\u00e8res premi\u00e8res : <\/strong>La presse hydraulique peut traiter la paille, le foin, le sorgho, l'ensilage de ma\u00efs, la paille de ma\u00efs, la paille de bl\u00e9, les pousses d'arachide, la paille de coton, l'herbe de luzerne, la mycorhize, etc. Nous pouvons utiliser ces fourrages pour nourrir le b\u00e9tail, les moutons, les chevaux, les porcs, les lapins et autres animaux d'\u00e9levage.<br><strong>Utilisateurs :<\/strong>La presse hydraulique est un \u00e9quipement indispensable pour l'\u00e9levage, la fabrication de papier, l'\u00e9levage de bovins et d'ovins, la distribution de fourrage et la production d'\u00e9nergie \u00e0 partir de la paille.<\/p>   <div class=\"wp-block-image\"> <figure class=\"aligncenter size-full\"><img loading=\"lazy\" decoding=\"async\" width=\"720\" height=\"540\" src=\"https:\/\/balerwrapper.com\/wp-content\/uploads\/2022\/08\/hydraulic-hay-baler-.webp\" alt=\"presse \u00e0 foin hydraulique\" class=\"wp-image-171\" title=\"presse \u00e0 foin hydraulique\"\/><figcaption class=\"wp-element-caption\">presse \u00e0 foin hydraulique<\/figcaption><\/figure> <\/div>   <h2 class=\"wp-block-heading\" id=\"h-structure-of-the-press-baler\">Structure de la machine \u00e0 balles presse hydraulique<\/h2>    <h3 class=\"wp-block-heading\" id=\"h-the-structure-of-the-double-cylinder-hay-and-straw-baler\">Structure de la presse \u00e0 balles \u00e0 double cylindre pour foin et paille<\/h3>    <p>Ce mod\u00e8le de presse \u00e0 balles hydraulique comprend principalement un support fixe, une alimentation, un dispositif de refroidissement, un r\u00e9servoir d'huile, un v\u00e9rin hydraulique, un \u00e9quipement \u00e9lectrique de lutte contre l'incendie, un ol\u00e9oduc, un s\u00e9parateur d'huile, etc.<\/p>    <figure class=\"wp-block-gallery aligncenter has-nested-images columns-default is-cropped wp-block-gallery-3 is-layout-flex wp-block-gallery-is-layout-flex\"> <figure class=\"wp-block-image size-large\"><img loading=\"lazy\" decoding=\"async\" width=\"720\" height=\"540\" data-id=\"174\" src=\"https:\/\/balerwrapper.com\/wp-content\/uploads\/2022\/08\/double-cylinder-hay-and-straw-baler-.webp\" alt=\"presse \u00e0 foin et \u00e0 paille \u00e0 double cylindre\" class=\"wp-image-174\" title=\"presse \u00e0 foin et \u00e0 paille \u00e0 double cylindre\"\/><figcaption class=\"wp-element-caption\">presse \u00e0 foin et \u00e0 paille \u00e0 double cylindre<\/figcaption><\/figure>    <figure class=\"wp-block-image size-large\"><img loading=\"lazy\" decoding=\"async\" width=\"720\" height=\"540\" data-id=\"175\" src=\"https:\/\/balerwrapper.com\/wp-content\/uploads\/2022\/08\/haydraulic-hay-baler-.webp\" alt=\"presse \u00e0 foin hydraulique\" class=\"wp-image-175\" title=\"presse \u00e0 foin hydraulique\"\/><figcaption class=\"wp-element-caption\">presse \u00e0 foin hydraulique<\/figcaption><\/figure> <\/figure>    <h3 class=\"wp-block-heading\" id=\"h-3-cylinder-hydraulic-baler-structure\">Structure de presse hydraulique \u00e0 3 cylindres<\/h3>    <figure class=\"wp-block-gallery aligncenter has-nested-images columns-default is-cropped wp-block-gallery-4 is-layout-flex wp-block-gallery-is-layout-flex\"> <figure class=\"wp-block-image size-large\"><img loading=\"lazy\" decoding=\"async\" width=\"720\" height=\"540\" data-id=\"177\" src=\"https:\/\/balerwrapper.com\/wp-content\/uploads\/2022\/08\/3-cylinder-hydraulic-baler-.webp\" alt=\"Presse hydraulique \u00e0 3 cylindres \" class=\"wp-image-177\" title=\"Presse hydraulique \u00e0 3 cylindres \"\/><figcaption class=\"wp-element-caption\">Presse hydraulique \u00e0 3 cylindres <\/figcaption><\/figure>    <figure class=\"wp-block-image size-large\"><img loading=\"lazy\" decoding=\"async\" width=\"720\" height=\"540\" data-id=\"178\" src=\"https:\/\/balerwrapper.com\/wp-content\/uploads\/2022\/08\/wheat-hay-baler-.webp\" alt=\"presse \u00e0 foin de bl\u00e9 \" class=\"wp-image-178\" title=\"presse \u00e0 foin de bl\u00e9 \"\/><figcaption class=\"wp-element-caption\">presse \u00e0 foin de bl\u00e9 <\/figcaption><\/figure> <\/figure>    <h2 class=\"wp-block-heading\" id=\"h-machine-s-parameters\">Param\u00e8tres de la machine \u00e0 presse hydraulique<\/h2>    <h3 class=\"wp-block-heading\" id=\"h-double-cylinder-baler\">Presse \u00e0 double cylindre <\/h3>    <figure class=\"wp-block-table is-style-stripes\"><table><tbody><tr><td>Mod\u00e8le<\/td><td>9YK-70<\/td><\/tr><tr><td>Pouvoir<\/td><td>Moteur 15 kW ou moteur diesel 28 CV<\/td><\/tr><tr><td>D\u00e9placement du cylindre d'huile<\/td><td>63-80L\/min<\/td><\/tr><tr><td>La pression normale du cylindre d'huile<\/td><td>16Mpa<\/td><\/tr><tr><td>Taille des balles<\/td><td>700*400*300mm<\/td><\/tr><tr><td>Densit\u00e9 des balles<\/td><td>300-400kg\/heure<\/td><\/tr><tr><td>Efficacit\u00e9 du regroupement<\/td><td>1-2 t\/heure<\/td><\/tr><tr><td>Poids<\/td><td>1500 kg<\/td><\/tr><tr><td>Dimension<\/td><td>3400*2800*2700mm<\/td><\/tr><tr><td>Vitesse du piston de regroupement<\/td><td>4-8 m\/min<\/td><\/tr><\/tbody><\/table><figcaption class=\"wp-element-caption\">Param\u00e8tre de presse \u00e0 double cylindre<\/figcaption><\/figure>    <h3 class=\"wp-block-heading\" id=\"h-silage-baler-machine\">Presse \u00e0 balles d'ensilage \u00e0 trois cylindres<\/h3>    <figure class=\"wp-block-table is-style-stripes\"><table><tbody><tr><td>Article<\/td><td>9YK-130<\/td><\/tr><tr><td>Pouvoir<\/td><td>22kw<\/td><\/tr><tr><td>D\u00e9placement du cylindre d'huile<\/td><td>80L\/min<\/td><\/tr><tr><td>Pression normale du cylindre d'huile<\/td><td>18Mpa<\/td><\/tr><tr><td>Taille des balles<\/td><td>700*400*300mm<\/td><\/tr><tr><td>Efficacit\u00e9 du regroupement<\/td><td>6-8t\/heure<\/td><\/tr><tr><td>Densit\u00e9 des balles<\/td><td>800-1100kg\/m<sup>3<\/sup><sup><\/sup><\/td><\/tr><tr><td>Poids<\/td><td>2600kg\/heure<\/td><\/tr><tr><td>Dimension<\/td><td>4300*2800*2000mm<\/td><\/tr><tr><td>Vitesse du piston de regroupement<\/td><td>4-8 m\/min<\/td><\/tr><\/tbody><\/table><figcaption class=\"wp-element-caption\">Param\u00e8tre de la machine \u00e0 balles d'ensilage<\/figcaption><\/figure>    <h2 class=\"wp-block-heading\" id=\"h-how-does-the-hydraulic-baler-work\">Comment fonctionne la presse hydraulique ? <\/h2>   <div id=\"rank-math-howto\" class=\"rank-math-block\" > <div class=\"rank-math-howto-description\">  <p>Tous deux ont mis le fourrage dans la machine en premier. Allumez la presse \u00e0 balles hydraulique lorsque le cylindre principal est pouss\u00e9 horizontalement et compact\u00e9 et que les cylindres lat\u00e9raux sont compact\u00e9s longitudinalement. Enfin, la t\u00eate de pouss\u00e9e pousse la balle dans le sac. Terminez tout le processus de mise en balles.<\/p>  <\/div>  <div class=\"rank-math-steps\"> <div id=\"howto-step-1717139105042\" class=\"rank-math-step\"> <div class=\"rank-math-step-content\"><p>Pr\u00e9parez l'herbe, la paille ou d'autres mati\u00e8res premi\u00e8res dans l'entr\u00e9e de la presse \u00e0 balles hydraulique par chute manuelle ou par bande transporteuse.<\/p> <\/div> <\/div> <div id=\"howto-step-1717139142953\" class=\"rank-math-step\"> <div class=\"rank-math-step-content\"><p>La machine \u00e0 couper le foin ou la machine \u00e0 p\u00e9trir la paille broie les mati\u00e8res premi\u00e8res ajout\u00e9es et les broie pour le traitement et la fabrication.<\/p> <\/div> <\/div> <div id=\"howto-step-1717139148210\" class=\"rank-math-step\"> <div class=\"rank-math-step-content\"><p>Le sac de paille est plac\u00e9 \u00e0 la sortie pour emballer le mat\u00e9riau fini apr\u00e8s transformation.<\/p> <\/div> <\/div> <div id=\"howto-step-1717139154097\" class=\"rank-math-step\"> <div class=\"rank-math-step-content\"><p>Armoire de commande automatique, une cl\u00e9 pour d\u00e9marrer le traitement et l'emballage, simple et pratique.<\/p> <\/div> <\/div> <div id=\"howto-step-1717139158193\" class=\"rank-math-step\"> <div class=\"rank-math-step-content\"><p>Le volume et la taille du mat\u00e9riau trait\u00e9 sont coh\u00e9rents, conformes aux normes d'emballage et pratiques pour le transport et le stockage.<\/p> <\/div> <\/div> <\/div> <\/div>       <figure class=\"wp-block-embed aligncenter is-type-video is-provider-youtube wp-block-embed-youtube wp-embed-aspect-16-9 wp-has-aspect-ratio\"><div class=\"wp-block-embed__wrapper\"> <iframe loading=\"lazy\" title=\"Presse \u00e0 ensilage hydraulique permettant d&#039;\u00e9conomiser du travail\u00a0! Presse \u00e0 balles carr\u00e9es d&#039;ensilage de ma\u00efs hydraulique\" width=\"500\" height=\"281\" src=\"https:\/\/www.youtube.com\/embed\/1ROg99yYpCY?feature=oembed\" frameborder=\"0\" allow=\"accelerometer; autoplay; clipboard-write; encrypted-media; gyroscope; picture-in-picture; web-share\" referrerpolicy=\"strict-origin-when-cross-origin\" allowfullscreen><\/iframe> <\/div><figcaption class=\"wp-element-caption\">Vid\u00e9o de travail de la presse hydraulique pour ensilage de ma\u00efs<\/figcaption><\/figure>    <h2 class=\"wp-block-heading\" id=\"h-advantages-of-the-hydraulic-wheat-hay-baler\">Avantages de la presse \u00e0 balles hydraulique pour ensilage<\/h2>    <ul class=\"wp-block-list\"> <li>Pressage horizontal de grande taille, forme de balle r\u00e9guli\u00e8re, bonne \u00e9tanch\u00e9it\u00e9, facile \u00e0 stocker et \u00e0 transporter.<\/li>    <li>Installation pratique, entretien simple, petit encombrement, \u00e9conomies sur les co\u00fbts de site.<\/li>    <li>Adoption d'un syst\u00e8me hydraulique combin\u00e9 \u00e0 haute et basse pression, fonctionnement rapide et efficace, \u00e9conomies d'\u00e9nergie, de main-d'\u0153uvre et de temps.<\/li>    <li>Les composants cl\u00e9s sont des pi\u00e8ces d'origine scell\u00e9es, longue dur\u00e9e de vie des cylindres et faible taux de d\u00e9faillance.<\/li>    <li>Elle peut presser de la paille d'ensilage, des tiges de ma\u00efs s\u00e8ches, toutes sortes de paille hach\u00e9e, des films plastiques usag\u00e9s, etc., et r\u00e9aliser un emballage et un conditionnement automatiques.<\/li>    <li>Elle adopte un alimentateur \u00e0 bande transporteuse et une compression \u00e9quilibr\u00e9e \u00e0 double cylindre, et le syst\u00e8me hydraulique sp\u00e9cial garantit une sortie de puissance stable.<\/li>    <li>Il n'est pas n\u00e9cessaire de creuser des fosses \u00e0 ensilage, ce qui permet d'\u00e9conomiser beaucoup de main-d'\u0153uvre (l'ensemble de l'\u00e9quipement ne n\u00e9cessite que 2 \u00e0 3 personnes pour fonctionner), de l'espace et des co\u00fbts d'emballage, et la p\u00e9riode de conservation de l'ensilage peut atteindre 3 ans.<\/li>    <li>Apr\u00e8s l'emballage et le scellement, le silo est naturellement ferment\u00e9, riche en probiotiques, en bact\u00e9ries lactiques et en prot\u00e9ines, ce qui est facilement absorb\u00e9 par le b\u00e9tail et favorise une augmentation du taux de croissance de plus de 2 %.<\/li> <\/ul>   <div class=\"wp-block-image\"> <figure class=\"aligncenter size-full\"><img loading=\"lazy\" decoding=\"async\" width=\"720\" height=\"540\" src=\"https:\/\/balerwrapper.com\/wp-content\/uploads\/2022\/08\/press-baling-machine-.webp\" alt=\"presse \u00e0 balles\" class=\"wp-image-183\" title=\"presse \u00e0 balles\"\/><figcaption class=\"wp-element-caption\">presse \u00e0 balles<\/figcaption><\/figure> <\/div>   <h2 class=\"wp-block-heading\" id=\"h-other-machines-that-can-be-matched\">Autres machines pouvant \u00eatre assorties<\/h2>    <p class=\"translation-block\">Comme la presse hydraulique traite plus de fourrage, l'ouverture d'alimentation est plus haute. Par cons\u00e9quent, nous recommandons d'utiliser une <a href=\"https:\/\/balerwrapper.com\/fr\/product\/silage-chaff-cutter\/\">machine de broyage de fourrage<\/a> pour broyer d'abord la paille. Ensuite, connectez le tapis roulant pour envoyer le mat\u00e9riau broy\u00e9 dans la presse hydraulique. Vous pouvez \u00e9galement utiliser le m\u00e9langeur d'aliments pour m\u00e9langer uniform\u00e9ment les diff\u00e9rents fourrages, puis connecter le tapis roulant \u00e0 la machine.<\/p>   <div class=\"wp-block-image\"> <figure class=\"aligncenter size-full\"><img loading=\"lazy\" decoding=\"async\" width=\"720\" height=\"540\" src=\"https:\/\/balerwrapper.com\/wp-content\/uploads\/2022\/08\/hydraulic-stalk-baler-machine-.webp\" alt=\"Presse \u00e0 balles hydraulique\" class=\"wp-image-182\" title=\"Presse \u00e0 balles hydraulique\"\/><figcaption class=\"wp-element-caption\">Presse \u00e0 balles hydraulique<\/figcaption><\/figure> <\/div>   <h2 class=\"wp-block-heading\" id=\"h-successful-cases\">Cas r\u00e9ussis<\/h2>    <p class=\"translation-block\">La semaine derni\u00e8re, un client du <a href=\"https:\/\/en.wikipedia.org\/wiki\/Kenya\" target=\"_blank\" rel=\"noopener\">Kenya<\/a> nous a achet\u00e9 une presse hydraulique \u00e0 balles. Le client poss\u00e8de une ferme d'\u00e9levage et souhaite conserver du fourrage frais pour s'alimenter tout au long de l'ann\u00e9e. Le client a recherch\u00e9 en ligne une machine capable de conserver le fourrage pendant longtemps. <\/p>    <p>Et il est entr\u00e9 sur notre site Web. Apr\u00e8s navigation, le client s'est montr\u00e9 int\u00e9ress\u00e9 par notre presse \u00e0 balles hydraulique et nous a contact\u00e9 via WhatsApp. Nous lui avons donc parl\u00e9 de tous les aspects de la machine. Et puis le client a d\u00e9cid\u00e9 d\u2019acheter une presse hydraulique \u00e0 deux cylindres.<\/p>    <figure class=\"wp-block-gallery has-nested-images columns-default is-cropped wp-block-gallery-5 is-layout-flex wp-block-gallery-is-layout-flex\"> <figure class=\"wp-block-image size-large\"><img loading=\"lazy\" decoding=\"async\" width=\"720\" height=\"540\" data-id=\"185\" src=\"https:\/\/balerwrapper.com\/wp-content\/uploads\/2022\/08\/wooden-case-packaging-10.webp\" alt=\"emballage de caisse en bois \" class=\"wp-image-185\" title=\"emballage de caisse en bois \"\/><figcaption class=\"wp-element-caption\">emballage de caisse en bois<\/figcaption><\/figure>    <figure class=\"wp-block-image size-large\"><img loading=\"lazy\" decoding=\"async\" width=\"720\" height=\"540\" data-id=\"186\" src=\"https:\/\/balerwrapper.com\/wp-content\/uploads\/2022\/08\/shipping-of-forage-baler-machine-40.webp\" alt=\"exp\u00e9dition de presse \u00e0 balles de fourrage \" class=\"wp-image-186\" title=\"exp\u00e9dition de presse \u00e0 balles de fourrage \"\/><figcaption class=\"wp-element-caption\">exp\u00e9dition de presse \u00e0 balles de fourrage<\/figcaption><\/figure> <\/figure>    <p>Que vous ayez des questions ou que vous ayez besoin d'informations plus d\u00e9taill\u00e9es, nous recevons vos demandes \u00e0 tout moment. Nous vous invitons sinc\u00e8rement \u00e0 visiter notre usine et sommes impatients de coop\u00e9rer avec vous.<\/p>","protected":false},"excerpt":{"rendered":"<p>La machine \u00e0 presse hydraulique peut compresser et emballer toutes sortes d'herbe de silage, de paille et d'autres cultures et les sceller pour la fermentation, ce qui est pratique pour le stockage \u00e0 long terme, le transport et l'alimentation.<\/p>","protected":false},"author":1,"featured_media":172,"parent":0,"template":"","tags":[45,39,35],"product-type":[7],"class_list":["post-69","product","type-product","status-publish","has-post-thumbnail","hentry","tag-forage","tag-hay","tag-silage","product-type-silage-baler"],"_links":{"self":[{"href":"https:\/\/balerwrapper.com\/fr\/wp-json\/wp\/v2\/product\/69","targetHints":{"allow":["GET"]}}],"collection":[{"href":"https:\/\/balerwrapper.com\/fr\/wp-json\/wp\/v2\/product"}],"about":[{"href":"https:\/\/balerwrapper.com\/fr\/wp-json\/wp\/v2\/types\/product"}],"author":[{"embeddable":true,"href":"https:\/\/balerwrapper.com\/fr\/wp-json\/wp\/v2\/users\/1"}],"wp:featuredmedia":[{"embeddable":true,"href":"https:\/\/balerwrapper.com\/fr\/wp-json\/wp\/v2\/media\/172"}],"wp:attachment":[{"href":"https:\/\/balerwrapper.com\/fr\/wp-json\/wp\/v2\/media?parent=69"}],"wp:term":[{"taxonomy":"post_tag","embeddable":true,"href":"https:\/\/balerwrapper.com\/fr\/wp-json\/wp\/v2\/tags?post=69"},{"taxonomy":"product-type","embeddable":true,"href":"https:\/\/balerwrapper.com\/fr\/wp-json\/wp\/v2\/product-type?post=69"}],"curies":[{"name":"wp","href":"https:\/\/api.w.org\/{rel}","templated":true}]}}