{"id":67,"date":"2022-08-26T02:21:53","date_gmt":"2022-08-26T02:21:53","guid":{"rendered":"https:\/\/balerwrapper.com\/?post_type=product&#038;p=67"},"modified":"2025-05-21T17:09:19","modified_gmt":"2025-05-21T09:09:19","slug":"stalk-cutting-recycling-machine","status":"publish","type":"product","link":"https:\/\/balerwrapper.com\/fr\/product\/stalk-cutting-recycling-machine\/","title":{"rendered":"Machine de recyclage de coupe de tiges, machine de r\u00e9colte d'ensilage"},"content":{"rendered":"<div class=\"kk-star-ratings kksr-auto kksr-align-left kksr-valign-top\"     data-payload='{&quot;align&quot;:&quot;left&quot;,&quot;id&quot;:&quot;67&quot;,&quot;slug&quot;:&quot;default&quot;,&quot;valign&quot;:&quot;top&quot;,&quot;ignore&quot;:&quot;&quot;,&quot;reference&quot;:&quot;auto&quot;,&quot;class&quot;:&quot;&quot;,&quot;count&quot;:&quot;91&quot;,&quot;legendonly&quot;:&quot;&quot;,&quot;readonly&quot;:&quot;&quot;,&quot;score&quot;:&quot;4.8&quot;,&quot;starsonly&quot;:&quot;&quot;,&quot;best&quot;:&quot;5&quot;,&quot;gap&quot;:&quot;5&quot;,&quot;greet&quot;:&quot;Rate this product&quot;,&quot;legend&quot;:&quot;4.8\\\/5 - (91 votes)&quot;,&quot;size&quot;:&quot;24&quot;,&quot;title&quot;:&quot;Stalk cutting recycling machine\u4e28silage harvester machine&quot;,&quot;width&quot;:&quot;136.7&quot;,&quot;_legend&quot;:&quot;{score}\\\/{best} - ({count} {votes})&quot;,&quot;font_factor&quot;:&quot;1.25&quot;}'>              <div class=\"kksr-stars\">      <div class=\"kksr-stars-inactive\">             <div class=\"kksr-star\" data-star=\"1\" style=\"padding-right: 5px\">               <div class=\"kksr-icon\" style=\"width: 24px; height: 24px;\"><\/div>         <\/div>             <div class=\"kksr-star\" data-star=\"2\" style=\"padding-right: 5px\">               <div class=\"kksr-icon\" style=\"width: 24px; height: 24px;\"><\/div>         <\/div>             <div class=\"kksr-star\" data-star=\"3\" style=\"padding-right: 5px\">               <div class=\"kksr-icon\" style=\"width: 24px; height: 24px;\"><\/div>         <\/div>             <div class=\"kksr-star\" data-star=\"4\" style=\"padding-right: 5px\">               <div class=\"kksr-icon\" style=\"width: 24px; height: 24px;\"><\/div>         <\/div>             <div class=\"kksr-star\" data-star=\"5\" style=\"padding-right: 5px\">               <div class=\"kksr-icon\" style=\"width: 24px; height: 24px;\"><\/div>         <\/div>     <\/div>      <div class=\"kksr-stars-active\" style=\"width: 136.7px;\">             <div class=\"kksr-star\" style=\"padding-right: 5px\">               <div class=\"kksr-icon\" style=\"width: 24px; height: 24px;\"><\/div>         <\/div>             <div class=\"kksr-star\" style=\"padding-right: 5px\">               <div class=\"kksr-icon\" style=\"width: 24px; height: 24px;\"><\/div>         <\/div>             <div class=\"kksr-star\" style=\"padding-right: 5px\">               <div class=\"kksr-icon\" style=\"width: 24px; height: 24px;\"><\/div>         <\/div>             <div class=\"kksr-star\" style=\"padding-right: 5px\">               <div class=\"kksr-icon\" style=\"width: 24px; height: 24px;\"><\/div>         <\/div>             <div class=\"kksr-star\" style=\"padding-right: 5px\">               <div class=\"kksr-icon\" style=\"width: 24px; height: 24px;\"><\/div>         <\/div>     <\/div> <\/div>                   <div class=\"kksr-legend\" style=\"font-size: 19.2px;\">             4.8\/5 - (91 votes)    <\/div>     <\/div>  <p>La machine de recyclage de coupe de tige est un \u00e9quipement agricole multifonctionnel int\u00e9grant la r\u00e9colte, le broyage et le recyclage, qui est adapt\u00e9 au traitement sur le terrain de divers pailles de culture et ensilage. Elle peut aider les agriculteurs \u00e0 transformer les \"d\u00e9chets\" en ressources pour le traitement des aliments, la production d'\u00e9nergie biomasse et la production d'engrais organique.<\/p>    <p>L'\u00e9quipement et le tracteur soutenant les op\u00e9rations, une machine multi-usages, peuvent r\u00e9aliser le broyage sur site de la paille et le recyclage direct ou le retour au champ. Sa granularit\u00e9 de broyage \u2264 5 cm, et il permet d'atteindre un taux de r\u00e9cup\u00e9ration de plus de 80 % pour la paille de ma\u00efs, de bl\u00e9, de riz et d'autres cultures.<\/p>    <figure class=\"wp-block-embed aligncenter is-type-video is-provider-youtube wp-block-embed-youtube wp-embed-aspect-16-9 wp-has-aspect-ratio\"><div class=\"wp-block-embed__wrapper\"> <iframe loading=\"lazy\" title=\"Machine de concassage et de recyclage de paille \u00e0 haut rendement : transformez les d\u00e9chets de paille en ressources pr\u00e9cieuses !\" width=\"500\" height=\"281\" src=\"https:\/\/www.youtube.com\/embed\/sjBreEGG9XI?feature=oembed\" frameborder=\"0\" allow=\"accelerometer; autoplay; clipboard-write; encrypted-media; gyroscope; picture-in-picture; web-share\" referrerpolicy=\"strict-origin-when-cross-origin\" allowfullscreen><\/iframe> <\/div><figcaption class=\"wp-element-caption\">vid\u00e9o de travail de la machine de concassage et de recyclage des tiges d'ensilage<\/figcaption><\/figure>    <p>Cette machine de recyclage de coupe de tige est \u00e9quip\u00e9e de diff\u00e9rentes largeurs de r\u00e9colte telles que 1,3 m, 1,35 m, 1,5 m, 1,65 m, 1,7 m, 1,8 m et 2 m, qui sont adapt\u00e9es \u00e0 diff\u00e9rentes tailles de terres agricoles, et elle peut r\u00e9aliser une capacit\u00e9 de traitement ultra-efficace de 0,25-0,48 h\u33a1\/h.<\/p>   <div class=\"wp-block-image\"> <figure class=\"aligncenter size-full\"><img loading=\"lazy\" decoding=\"async\" width=\"720\" height=\"540\" src=\"https:\/\/balerwrapper.com\/wp-content\/uploads\/2022\/08\/Stalk-cutting-recycling-machine1.jpg\" alt=\"Machine de recyclage de coupe de tiges\" class=\"wp-image-223\" title=\"Machine de recyclage de coupe de tiges\"\/><figcaption class=\"wp-element-caption\">Machine de recyclage coupe-tiges<\/figcaption><\/figure> <\/div>   <h2 class=\"wp-block-heading\" id=\"h-the-using-scope-of-the-silage-harvester-machine\">Utilisation de la machine de r\u00e9colte de fourrage<\/h2>    <h3 class=\"wp-block-heading\">Objets applicables (types de cultures pouvant \u00eatre trait\u00e9s)<\/h3>    <ul class=\"wp-block-list\"> <li>Tiges de ma\u00efs, tiges de coton, tiges de bananier, tiges de sorgho, paille de bl\u00e9, tiges de c\u00e9r\u00e9ales et autres tiges de cultures.<\/li>    <li>Tous les types de cultures de silage humide et sec m\u00e9lang\u00e9 sur le terrain.<\/li>    <li>Tous les types de paille r\u00e9siduelle de verger et de tiges de biomasse apr\u00e8s r\u00e9colte.<\/li> <\/ul>    <h3 class=\"wp-block-heading\">Sc\u00e9narios et applications<\/h3>    <ul class=\"wp-block-list\"> <li>Fermes et usines d'alimentation pour le traitement de silage ou de granul\u00e9s de paille.<\/li>    <li>Usines de charbon de bois, usines de charbon de paille, etc. utilis\u00e9es pour produire du charbon de paille, du charbon de paille et du combustible de biomasse.<\/li>    <li>Utilis\u00e9 par les producteurs de champignons comestibles pour fabriquer un substrat de culture.<\/li>    <li>Peut \u00eatre utilis\u00e9 comme mati\u00e8re premi\u00e8re pour la production d'\u00e9nergie \u00e0 partir de biomasse, r\u00e9alisant ainsi le recyclage de l'\u00e9nergie.<\/li> <\/ul>    <figure class=\"wp-block-gallery aligncenter has-nested-images columns-default is-cropped wp-block-gallery-2 is-layout-flex wp-block-gallery-is-layout-flex\"> <figure class=\"wp-block-image size-large\"><img loading=\"lazy\" decoding=\"async\" width=\"720\" height=\"540\" data-id=\"225\" src=\"https:\/\/balerwrapper.com\/wp-content\/uploads\/2022\/08\/stalk-crushing-and-recycling-machine-.webp\" alt=\"machine de concassage et de recyclage des tiges\" class=\"wp-image-225\" title=\"machine de concassage et de recyclage des tiges\"\/><figcaption class=\"wp-element-caption\">machine de concassage et de recyclage des tiges<\/figcaption><\/figure>    <figure class=\"wp-block-image size-large\"><img loading=\"lazy\" decoding=\"async\" width=\"720\" height=\"540\" data-id=\"226\" src=\"https:\/\/balerwrapper.com\/wp-content\/uploads\/2022\/08\/corn-silage-harvester-.webp\" alt=\" ensileuse de ma\u00efs\" class=\"wp-image-226\" title=\" ensileuse de ma\u00efs\"\/><figcaption class=\"wp-element-caption\"> ensileuse de ma\u00efs<\/figcaption><\/figure> <\/figure>    <h2 class=\"wp-block-heading\">Comment fonctionne la machine de r\u00e9colte de fourrage ?<\/h2>    <p>Lorsque le tracteur avance dans le champ, la machine est entra\u00een\u00e9e pour synchroniser l'op\u00e9ration, et la table de coupe \u00e0 l'avant envoie la paille r\u00e9colt\u00e9e dans le dispositif de broyage pour \u00eatre d\u00e9chiquet\u00e9e.<\/p>    <p>Par la suite, la paille broy\u00e9e est collect\u00e9e dans la bo\u00eete de recyclage par le syst\u00e8me de transport, ou renvoy\u00e9e directement dans le champ, r\u00e9alisant ainsi l'op\u00e9ration int\u00e9gr\u00e9e et efficace de r\u00e9colte, de broyage et de recyclage.<\/p>    <figure class=\"wp-block-embed aligncenter is-type-video is-provider-youtube wp-block-embed-youtube wp-embed-aspect-16-9 wp-has-aspect-ratio\"><div class=\"wp-block-embed__wrapper\"> <iframe loading=\"lazy\" title=\"Donc excellente machine ! ensileuse et machine de recyclage\/coupe-herbe \u00e0 paille et recyclage\" width=\"500\" height=\"281\" src=\"https:\/\/www.youtube.com\/embed\/WdzrTHwBtvU?start=3&#038;feature=oembed\" frameborder=\"0\" allow=\"accelerometer; autoplay; clipboard-write; encrypted-media; gyroscope; picture-in-picture; web-share\" referrerpolicy=\"strict-origin-when-cross-origin\" allowfullscreen><\/iframe> <\/div><figcaption class=\"wp-element-caption\">vid\u00e9o de travail de la machine de recyclage de coupe-paille d'ensilage<\/figcaption><\/figure>    <h2 class=\"wp-block-heading\" id=\"h-structure-of-the-forage-harvester\">Structure de la machine de recyclage de coupe de tige<\/h2>    <p>La structure de la machine de recyclage des coupes de tiges est simple et facile \u00e0 utiliser. La machine comprend principalement une chambre de concassage, un dispositif de d\u00e9chargement automatique hydraulique, un tracteur de 60 CV, un conteneur de paille broy\u00e9e, un dispositif hydraulique entra\u00een\u00e9 par prise de force, etc.<\/p>   <div class=\"wp-block-image\"> <figure class=\"aligncenter size-full\"><img loading=\"lazy\" decoding=\"async\" width=\"720\" height=\"540\" src=\"https:\/\/balerwrapper.com\/wp-content\/uploads\/2022\/08\/forage-harvester-.webp\" alt=\"ensileuse\" class=\"wp-image-224\" title=\"ensileuse\"\/><figcaption class=\"wp-element-caption\">ensileuse<\/figcaption><\/figure> <\/div>   <h2 class=\"wp-block-heading\" id=\"h-parameters-of-the-corn-silage-harvester\">Param\u00e8tres de la machine de r\u00e9colte de ma\u00efs ensilage<\/h2>    <figure class=\"wp-block-table is-style-stripes\"><table><tbody><tr><td>Nom<\/td><td>R\u00e9colteuse de paillettes<\/td><\/tr><tr><td>Moteur<\/td><td>Tracteur \u226560HP<\/td><\/tr><tr><td>Dimension<\/td><td>1,6*1,2*2,8m<\/td><\/tr><tr><td>Poids<\/td><td>800 kg<\/td><\/tr><tr><td>Largeur de r\u00e9colte<\/td><td>1,3 m<\/td><\/tr><tr><td>Mod\u00e8le<\/td><td>GH-400<\/td><\/tr><tr><td>Taux de recyclage<\/td><td>\u226580%<\/td><\/tr><tr><td>Distance de lancement<\/td><td>3-5m<\/td><\/tr><tr><td>Hauteur de projection<\/td><td>\u22652m<\/td><\/tr><tr><td>La longueur de la paille broy\u00e9e<\/td><td>Moins de 80 mm<\/td><\/tr><tr><td>Lame rotative<\/td><td>32<\/td><\/tr><tr><td>Vitesse de l'arbre de coupe<\/td><td>2160 tr\/min<\/td><\/tr><tr><td>Vitesse de travail<\/td><td>2-4km\/h<\/td><\/tr><tr><td>Capacit\u00e9<\/td><td>0,25-0,48hm2\/h<\/td><\/tr><\/tbody><\/table><figcaption class=\"wp-element-caption\">param\u00e8tre d'ensileuse de ma\u00efs<\/figcaption><\/figure>    <h2 class=\"wp-block-heading\" id=\"h-advantages-of-the-trailed-forage-harvester\">Avantages des moissonneuses-batteuses de fourrage tra\u00een\u00e9es<\/h2>    <ul class=\"wp-block-list\"> <li>Int\u00e9gration multifonctionnelle : int\u00e9grant la coupe, le p\u00e9trissage, le broyage et la r\u00e9colte pour r\u00e9pondre \u00e0 diff\u00e9rents besoins op\u00e9rationnels.<\/li>    <li>Haute efficacit\u00e9 et faible consommation : le processus op\u00e9rationnel est simplifi\u00e9 en une seule proc\u00e9dure, avec une efficacit\u00e9 op\u00e9rationnelle \u00e9lev\u00e9e et un effet d'\u00e9conomie d'\u00e9nergie remarquable.<\/li>    <li>Co\u00fbt global faible : faible consommation d'\u00e9nergie, haute production, co\u00fbt global r\u00e9duit et forte \u00e9conomie.<\/li>    <li>Largement applicable : il peut \u00eatre adapt\u00e9 \u00e0 une vari\u00e9t\u00e9 de cultures de paille s\u00e8ches et humides, convient \u00e0 divers environnements terrestres et pr\u00e9sente une forte applicabilit\u00e9.<\/li>    <li>Promouvoir l'agriculture verte : aider \u00e0 l'utilisation compl\u00e8te de l'\u00e9nergie biomasse, est l'\u00e9quipement id\u00e9al pour le d\u00e9veloppement d'une agriculture respectueuse de l'environnement.<\/li> <\/ul>   <div class=\"wp-block-image\"> <figure class=\"aligncenter size-full\"><img loading=\"lazy\" decoding=\"async\" width=\"720\" height=\"540\" src=\"https:\/\/balerwrapper.com\/wp-content\/uploads\/2022\/08\/trailed-forage-harvester-.webp\" alt=\"ensileuse tra\u00een\u00e9e\" class=\"wp-image-228\" title=\"ensileuse tra\u00een\u00e9e\"\/><figcaption class=\"wp-element-caption\">ensileuse tra\u00een\u00e9e<\/figcaption><\/figure> <\/div>   <h2 class=\"wp-block-heading\" id=\"h-successful-cases\">Cas r\u00e9ussis<\/h2>    <p>Un client de Malaisie a achet\u00e9 une machine de recyclage de coupe de tige de 1,3 m chez nous. Il nourrit des bovins et des moutons dans sa r\u00e9gion. Pour obtenir une alimentation suffisante, le client avait besoin d'un broyeur de paille pour traiter les tiges de ma\u00efs.<\/p>    <p>Nous avons envoy\u00e9 les photos, les param\u00e8tres et la vid\u00e9o de la machine au client. Apr\u00e8s r\u00e9flexion, le client a d\u00e9cid\u00e9 d\u2019en acheter un. Apr\u00e8s que le client ait re\u00e7u la machine de recyclage de coupe-tiges, il l'a utilis\u00e9e pendant un certain temps. Il a d\u00e9clar\u00e9 que la machine fonctionnait tr\u00e8s bien, qu'il en \u00e9tait satisfait et qu'il attendait avec impatience la prochaine coop\u00e9ration avec nous.<\/p>    <figure class=\"wp-block-gallery aligncenter has-nested-images columns-default is-cropped wp-block-gallery-3 is-layout-flex wp-block-gallery-is-layout-flex\"><div class=\"wp-block-image\"> <figure class=\"aligncenter size-large\"><img loading=\"lazy\" decoding=\"async\" width=\"720\" height=\"540\" data-id=\"229\" src=\"https:\/\/balerwrapper.com\/wp-content\/uploads\/2022\/08\/Stalk-cutting-recycling-machine1-.jpg\" alt=\"Machine de recyclage de coupe de tiges\" class=\"wp-image-229\" title=\"Machine de recyclage de coupe de tiges\"\/><figcaption class=\"wp-element-caption\">Machine de recyclage de coupe de tiges<\/figcaption><\/figure> <\/div><\/figure>    <p class=\"translation-block\">En plus des machines de broyage et de recyclage de paille, nous avons \u00e9galement d'autres types de machines d'ensilage et d'autres \u00e9quipements de traitement, tels que des <strong><em><a href=\"https:\/\/balerwrapper.com\/fr\/product\/corn-silage-baler-machine\/\">machines d'enrubannage de balles de fourrage<\/a><\/em><\/strong> et des <strong><em><a href=\"https:\/\/balerwrapper.com\/fr\/product\/hydraulic-baler-machine\/\">balles hydrauliques<\/a><\/em><\/strong>. Vous pouvez parcourir notre site Web pour choisir la machine qui vous convient. Bienvenue \u00e0 nous contacter \u00e0 tout moment !<\/p>    <h2 class=\"wp-block-heading\">FAQ<\/h2>   <div id=\"rank-math-faq\" class=\"rank-math-block\"> <div class=\"rank-math-list\"> <div id=\"faq-question-1717140253430\" class=\"rank-math-list-item\"> <h3 class=\"rank-math-question\">Quelle est la fonction du <a href=\"https:\/\/www.agriculture-machine.com\/silage-harvester-machine-with-tractor\/\" target=\"_blank\" rel=\"noopener\">machine de recyclage de coupe de tige<\/a>?<\/h3> <div class=\"rank-math-answer\">  <p>La fonction de concassage et de recyclage de la paille.<\/p>  <\/div> <\/div> <div id=\"faq-question-1717140260481\" class=\"rank-math-list-item\"> <h3 class=\"rank-math-question\">Puis-je acheter uniquement la partie concassage ?<\/h3> <div class=\"rank-math-answer\">  <p>Oui, vous pouvez \u00e9craser la paille s\u00e9par\u00e9ment (le prix est \u00e9galement moins cher). Il est recommand\u00e9 d'utiliser un camion-tr\u00e9mie pour suivre le broyeur.<\/p>  <\/div> <\/div> <div id=\"faq-question-1717140264401\" class=\"rank-math-list-item\"> <h3 class=\"rank-math-question\">Pouvez-vous manipuler des pailles s\u00e8ches ?<\/h3> <div class=\"rank-math-answer\">  <p>Oui, mais la paille verte est la meilleure pour la fra\u00eecheur et la conservation des animaux.<\/p>  <\/div> <\/div> <div id=\"faq-question-1717140271944\" class=\"rank-math-list-item\"> <h3 class=\"rank-math-question\">De quelle puissance la machine a-t-elle besoin ?<\/h3> <div class=\"rank-math-answer\">  <p>Tracteur de 80 ch, largeur de r\u00e9colte diff\u00e9rente avec diff\u00e9rentes puissances de tracteur, pour confirmer la puissance du tracteur du client.<\/p>  <\/div> <\/div> <div id=\"faq-question-1717140280105\" class=\"rank-math-list-item\"> <h3 class=\"rank-math-question\">Quelle est la hauteur du chaume apr\u00e8s broyage ?<\/h3> <div class=\"rank-math-answer\">  <p>8-15cm.<\/p>  <\/div> <\/div> <div id=\"faq-question-1717140290609\" class=\"rank-math-list-item\"> <h3 class=\"rank-math-question\">Quelle est la finesse de la paille broy\u00e9e ?<\/h3> <div class=\"rank-math-answer\">  <p>Il fait 3 \u00e0 5 cm.<\/p>  <\/div> <\/div> <\/div> <\/div>","protected":false},"excerpt":{"rendered":"<p>La machine de recyclage de coupe-paille est un \u00e9quipement de r\u00e9colte et de traitement de paille. La machine peut traiter toutes sortes de paille et de fourrage. <\/p>","protected":false},"author":1,"featured_media":222,"parent":0,"template":"","tags":[42,39,35,43,38],"product-type":[8],"class_list":["post-67","product","type-product","status-publish","has-post-thumbnail","hentry","tag-corn-silage","tag-hay","tag-silage","tag-stalk","tag-straw","product-type-other-silage-machines"],"_links":{"self":[{"href":"https:\/\/balerwrapper.com\/fr\/wp-json\/wp\/v2\/product\/67","targetHints":{"allow":["GET"]}}],"collection":[{"href":"https:\/\/balerwrapper.com\/fr\/wp-json\/wp\/v2\/product"}],"about":[{"href":"https:\/\/balerwrapper.com\/fr\/wp-json\/wp\/v2\/types\/product"}],"author":[{"embeddable":true,"href":"https:\/\/balerwrapper.com\/fr\/wp-json\/wp\/v2\/users\/1"}],"wp:featuredmedia":[{"embeddable":true,"href":"https:\/\/balerwrapper.com\/fr\/wp-json\/wp\/v2\/media\/222"}],"wp:attachment":[{"href":"https:\/\/balerwrapper.com\/fr\/wp-json\/wp\/v2\/media?parent=67"}],"wp:term":[{"taxonomy":"post_tag","embeddable":true,"href":"https:\/\/balerwrapper.com\/fr\/wp-json\/wp\/v2\/tags?post=67"},{"taxonomy":"product-type","embeddable":true,"href":"https:\/\/balerwrapper.com\/fr\/wp-json\/wp\/v2\/product-type?post=67"}],"curies":[{"name":"wp","href":"https:\/\/api.w.org\/{rel}","templated":true}]}}