{"id":65,"date":"2022-08-26T02:05:24","date_gmt":"2022-08-26T02:05:24","guid":{"rendered":"https:\/\/balerwrapper.com\/?post_type=product&#038;p=65"},"modified":"2024-05-31T14:47:17","modified_gmt":"2024-05-31T06:47:17","slug":"hay-cutter-and-baler","status":"publish","type":"product","link":"https:\/\/balerwrapper.com\/fr\/product\/hay-cutter-and-baler\/","title":{"rendered":"Coupe-foin et presse \u00e0 balles d'ensilage"},"content":{"rendered":"<div class=\"kk-star-ratings kksr-auto kksr-align-left kksr-valign-top\"     data-payload='{&quot;align&quot;:&quot;left&quot;,&quot;id&quot;:&quot;65&quot;,&quot;slug&quot;:&quot;default&quot;,&quot;valign&quot;:&quot;top&quot;,&quot;ignore&quot;:&quot;&quot;,&quot;reference&quot;:&quot;auto&quot;,&quot;class&quot;:&quot;&quot;,&quot;count&quot;:&quot;89&quot;,&quot;legendonly&quot;:&quot;&quot;,&quot;readonly&quot;:&quot;&quot;,&quot;score&quot;:&quot;4.8&quot;,&quot;starsonly&quot;:&quot;&quot;,&quot;best&quot;:&quot;5&quot;,&quot;gap&quot;:&quot;5&quot;,&quot;greet&quot;:&quot;Rate this product&quot;,&quot;legend&quot;:&quot;4.8\\\/5 - (89 votes)&quot;,&quot;size&quot;:&quot;24&quot;,&quot;title&quot;:&quot;Hay Cutter And Baler Silage Cutting Baling Machine&quot;,&quot;width&quot;:&quot;136.7&quot;,&quot;_legend&quot;:&quot;{score}\\\/{best} - ({count} {votes})&quot;,&quot;font_factor&quot;:&quot;1.25&quot;}'>              <div class=\"kksr-stars\">      <div class=\"kksr-stars-inactive\">             <div class=\"kksr-star\" data-star=\"1\" style=\"padding-right: 5px\">               <div class=\"kksr-icon\" style=\"width: 24px; height: 24px;\"><\/div>         <\/div>             <div class=\"kksr-star\" data-star=\"2\" style=\"padding-right: 5px\">               <div class=\"kksr-icon\" style=\"width: 24px; height: 24px;\"><\/div>         <\/div>             <div class=\"kksr-star\" data-star=\"3\" style=\"padding-right: 5px\">               <div class=\"kksr-icon\" style=\"width: 24px; height: 24px;\"><\/div>         <\/div>             <div class=\"kksr-star\" data-star=\"4\" style=\"padding-right: 5px\">               <div class=\"kksr-icon\" style=\"width: 24px; height: 24px;\"><\/div>         <\/div>             <div class=\"kksr-star\" data-star=\"5\" style=\"padding-right: 5px\">               <div class=\"kksr-icon\" style=\"width: 24px; height: 24px;\"><\/div>         <\/div>     <\/div>      <div class=\"kksr-stars-active\" style=\"width: 136.7px;\">             <div class=\"kksr-star\" style=\"padding-right: 5px\">               <div class=\"kksr-icon\" style=\"width: 24px; height: 24px;\"><\/div>         <\/div>             <div class=\"kksr-star\" style=\"padding-right: 5px\">               <div class=\"kksr-icon\" style=\"width: 24px; height: 24px;\"><\/div>         <\/div>             <div class=\"kksr-star\" style=\"padding-right: 5px\">               <div class=\"kksr-icon\" style=\"width: 24px; height: 24px;\"><\/div>         <\/div>             <div class=\"kksr-star\" style=\"padding-right: 5px\">               <div class=\"kksr-icon\" style=\"width: 24px; height: 24px;\"><\/div>         <\/div>             <div class=\"kksr-star\" style=\"padding-right: 5px\">               <div class=\"kksr-icon\" style=\"width: 24px; height: 24px;\"><\/div>         <\/div>     <\/div> <\/div>                   <div class=\"kksr-legend\" style=\"font-size: 19.2px;\">             4,8\/5 - (89 votes)    <\/div>     <\/div>  <p>Le coupe-foin et la presse \u00e0 balles peuvent broyer et mettre en balles la paille directement dans le champ. Il r\u00e9pond aux besoins des personnes souhaitant mettre en balles de la paille ou du fourrage directement du champ. La machine permet d'\u00e9conomiser du temps, de la main d'\u0153uvre et des co\u00fbts de transport pour la collecte, le transport et le d\u00e9chiquetage des pailles. Il peut traiter les tiges debout ou tomb\u00e9es, telles que les tiges de ma\u00efs, les tiges de bl\u00e9, les tiges de coton, etc. Et peut r\u00e9aliser 0,82 \u00e0 1,3 acre de recyclage de paille agricole \u00e0 la fois.<\/p>    <figure class=\"wp-block-embed aligncenter is-type-video is-provider-youtube wp-block-embed-youtube wp-embed-aspect-16-9 wp-has-aspect-ratio\"><div class=\"wp-block-embed__wrapper\"> <iframe loading=\"lazy\" title=\"Machine de cueillette et de mise en balles \u00e0 haute efficacit\u00e9, vous aide \u00e0 traiter facilement les r\u00e9sidus des terres agricoles\u00a0! \ud83c\udf3e\ud83d\ude9c\" width=\"500\" height=\"281\" src=\"https:\/\/www.youtube.com\/embed\/MNmNnsWwQdk?feature=oembed\" frameborder=\"0\" allow=\"accelerometer; autoplay; clipboard-write; encrypted-media; gyroscope; picture-in-picture; web-share\" referrerpolicy=\"strict-origin-when-cross-origin\" allowfullscreen><\/iframe> <\/div><figcaption class=\"wp-element-caption\">Vid\u00e9o de travail de la machine de coupe et de mise en balles de foin<\/figcaption><\/figure>    <h2 class=\"wp-block-heading\" id=\"h-what-are-the-hay-cutter-and-baler\">Qu'est-ce que la coupe-foin et la presse \u00e0 balles ?<\/h2>    <p class=\"translation-block\">La coupeuse et emballeuse de foin peut fonctionner sur des chantiers avant et apr\u00e8s r\u00e9colte. La machine broie, ramasse et met en balle la paille telle qu\u2019elle appara\u00eet dans la zone de travail. Par cons\u00e9quent, elle poss\u00e8de plus de fonctions de broyage que la <a href=\"https:\/\/balerwrapper.com\/fr\/product\/round-hay-baler\/\">bascule-paille emballeuse<\/a>. La paille emballet\u00e9e peut \u00eatre dense et respirante pour un transport et un stockage faciles. <\/p>    <p>Nous produisons deux types de machines, des presses \u00e0 balles carr\u00e9es et des presses \u00e0 balles rondes pour le concassage et la cueillette de la paille. En plus d'utiliser le tracteur comme source d'\u00e9nergie, ils sont diff\u00e9rents par leur structure et leurs produits finis. Voici une br\u00e8ve introduction aux deux machines.<\/p>    <figure class=\"wp-block-gallery aligncenter has-nested-images columns-default is-cropped wp-block-gallery-2 is-layout-flex wp-block-gallery-is-layout-flex\"><div class=\"wp-block-image\"> <figure class=\"aligncenter size-large\"><img loading=\"lazy\" decoding=\"async\" width=\"720\" height=\"540\" data-id=\"169\" src=\"https:\/\/balerwrapper.com\/wp-content\/uploads\/2022\/08\/hay-cutter-and-baler-.webp\" alt=\"coupe-foin et presse \u00e0 balles\" class=\"wp-image-169\" title=\"coupe-foin et presse \u00e0 balles\"\/><figcaption class=\"wp-element-caption\">coupe-foin et presse \u00e0 balles<\/figcaption><\/figure> <\/div><\/figure>    <h2 class=\"wp-block-heading\" id=\"h-using-scopes-of-the-silage-cutting-baling-machine\">Utilisation des lunettes de la machine de coupe et de mise en balles d'ensilage<\/h2>    <p>Nous disposons de deux types de machines de coupe et de mise en balles d'ensilage. Les deux machines peuvent traiter du ma\u00efs, du riz, du bl\u00e9, de la paille de bl\u00e9, de la paille de luzerne, de la paille de mouton, des roseaux, de la paille de coton, etc. gr\u00e2ce \u00e0 la fonction de d\u00e9chiquetage, elles peuvent travailler dans les champs avant et apr\u00e8s la r\u00e9colte. Et cela a un bon effet de r\u00e9colte.<\/p>    <h2 class=\"wp-block-heading\" id=\"h-type-i-round-straw-crushing-and-picking-baler\">Type I\u00a0: Presse \u00e0 broyer et \u00e0 ramasser la paille ronde<\/h2>    <p>Ce type de machine met en balles le produit fini sous une forme ronde. Il peut utiliser une corde et un filet pour mettre les balles en balles, et la taille des balles est de 70*100 mm, et la largeur de r\u00e9colte est de 1,8 m ou 1,65 m. Les tailles de tracteur correspondantes sont sup\u00e9rieures \u00e0 75 ch et 60 ch.<\/p>   <div class=\"wp-block-image\"> <figure class=\"aligncenter size-full\"><img loading=\"lazy\" decoding=\"async\" width=\"720\" height=\"540\" src=\"https:\/\/balerwrapper.com\/wp-content\/uploads\/2022\/08\/Round-straw-crushing-and-picking-baler-.webp\" alt=\"Presse \u00e0 broyer et \u00e0 ramasser la paille ronde\" class=\"wp-image-163\" title=\"Presse \u00e0 broyer et \u00e0 ramasser la paille ronde\"\/><figcaption class=\"wp-element-caption\">Presse \u00e0 broyer et \u00e0 ramasser la paille ronde<\/figcaption><\/figure> <\/div>   <h3 class=\"wp-block-heading\">Comment fonctionnent les coupe-foins et les presses \u00e0 balles\u00a0?<\/h3>    <figure class=\"wp-block-embed aligncenter is-type-video is-provider-youtube wp-block-embed-youtube wp-embed-aspect-16-9 wp-has-aspect-ratio\"><div class=\"wp-block-embed__wrapper\"> <iframe loading=\"lazy\" title=\"Machine de concassage et de mise en balles de paille | Site de travail de la machine \u00e0 broyer et \u00e0 presser la paille\" width=\"500\" height=\"281\" src=\"https:\/\/www.youtube.com\/embed\/zbVtbyUgH64?feature=oembed\" frameborder=\"0\" allow=\"accelerometer; autoplay; clipboard-write; encrypted-media; gyroscope; picture-in-picture; web-share\" referrerpolicy=\"strict-origin-when-cross-origin\" allowfullscreen><\/iframe> <\/div><figcaption class=\"wp-element-caption\">vid\u00e9o de travail d'une presse \u00e0 balles de foin<\/figcaption><\/figure>    <h3 class=\"wp-block-heading\" id=\"h-structure-of-the-hay-cutter-and-baler\">Structure de la faucheuse et de la presse \u00e0 foin<\/h3>    <p>Le coupe-foin et la presse \u00e0 balles contiennent principalement un m\u00e9canisme de hachage de paille, un m\u00e9canisme de transmission, un m\u00e9canisme de cueillette, un m\u00e9canisme de ratissage, un m\u00e9canisme d'estampage \u00e0 piston, un m\u00e9canisme de pressage des balles et d'autres pi\u00e8ces.<\/p>   <div class=\"wp-block-image\"> <figure class=\"aligncenter size-full\"><img loading=\"lazy\" decoding=\"async\" width=\"720\" height=\"540\" src=\"https:\/\/balerwrapper.com\/wp-content\/uploads\/2022\/08\/round-silage-cutting-and-baling-machine-.webp\" alt=\"coupe-foin et presse \u00e0 balles\" class=\"wp-image-164\" title=\"coupe-foin et presse \u00e0 balles\"\/><figcaption class=\"wp-element-caption\">Coupe-foin et presse \u00e0 balles<\/figcaption><\/figure> <\/div>   <h3 class=\"wp-block-heading\" id=\"h-parameters-of-the-small-hay-round-baler\">Param\u00e8tres de la petite presse \u00e0 balles rondes pour le foin<\/h3>    <figure class=\"wp-block-table is-style-stripes\"><table><tbody><tr><td>Mod\u00e8le<\/td><td>STF70*100<\/td><\/tr><tr><td>Capacit\u00e9 de travail<\/td><td>0,82 \u00e0 1,3 acre<\/td><\/tr><tr><td>Taille<\/td><td>2300*2200*1450mm<\/td><\/tr><\/tbody><\/table><figcaption class=\"wp-element-caption\">Donn\u00e9es techniques de la petite presse \u00e0 balles rondes de foin<\/figcaption><\/figure>    <h3 class=\"wp-block-heading\" id=\"h-how-does-the-tractor-baler-work\">Comment fonctionne la presse \u00e0 tracteur ? <\/h3>   <div id=\"rank-math-howto\" class=\"rank-math-block\" > <div class=\"rank-math-howto-description\">  <\/div>  <div class=\"rank-math-steps\"> <div id=\"howto-step-1717136285118\" class=\"rank-math-step\"> <div class=\"rank-math-step-content\"><p>Le principe de fonctionnement de la presse \u00e0 tracteur est de commencer par p\u00e9trir et \u00e9craser les tiges de ma\u00efs \u00e9paisses, solides et dures. Et sous l\u2019inertie de la machine, la mati\u00e8re sera jet\u00e9e dans la baratte.<\/p> <\/div> <\/div> <div id=\"howto-step-1717137652050\" class=\"rank-math-step\"> <div class=\"rank-math-step-content\"><p>Ensuite, la baratte poussera le mat\u00e9riau vers l\u2019orifice d\u2019alimentation, la fourche d\u2019alimentation enverra le mat\u00e9riau vers la chambre de compression.<\/p> <\/div> <\/div> <div id=\"howto-step-1717137658958\" class=\"rank-math-step\"> <div class=\"rank-math-step-content\"><p>Ensuite, le piston comprime la paille sous l'action alternative.<\/p> <\/div> <\/div> <div id=\"howto-step-1717137724308\" class=\"rank-math-step\"> <div class=\"rank-math-step-content\"><p>Ainsi, l\u2019arri\u00e8re de la corbeille de la presse \u00e9mettra automatiquement une alarme lorsque la capacit\u00e9 sera pleine. Et la corde automatique enrubannera la balle. Et enfin, ouvrez le bac et placez la balle dans les balles.<\/p> <\/div> <\/div> <\/div> <\/div>      <div class=\"wp-block-image\"> <figure class=\"aligncenter size-full\"><img loading=\"lazy\" decoding=\"async\" width=\"720\" height=\"540\" src=\"https:\/\/balerwrapper.com\/wp-content\/uploads\/2022\/08\/tractor-baler-.webp\" alt=\"presse \u00e0 tracteur \" class=\"wp-image-165\" title=\"presse \u00e0 tracteur \"\/><figcaption class=\"wp-element-caption\">presse \u00e0 tracteur <\/figcaption><\/figure> <\/div>   <h3 class=\"wp-block-heading has-text-align-left\" id=\"h-highlights-of-the-compact-tractor-baler\">Points forts de la presse \u00e0 balles compactes pour tracteur<\/h3>    <ul class=\"wp-block-list\"> <li>Le coupe-foin et la presse \u00e0 balles ont un large \u00e9ventail d'utilisations. Il peut r\u00e9colter de la paille de riz, du foin, de la paille de bl\u00e9, de la luzerne et d'autres tiges de gramin\u00e9es c\u00e9r\u00e9ali\u00e8res.<\/li>    <li>La presse \u00e0 tracteur a une structure simple, un faible taux de d\u00e9faillance et un travail fiable. La machine est facile \u00e0 utiliser et les balles form\u00e9es sont de petite forme et faciles \u00e0 transporter.<\/li>    <li>Parce qu'il s'agit d'un pendentif, il convient aux tracteurs de petite et moyenne puissance, flexibles et mobiles.<\/li>    <li>Une fois la balle form\u00e9e, le tracteur est \u00e9quip\u00e9 d'un m\u00e9canisme hydraulique pour contr\u00f4ler le v\u00e9rin et le ch\u00e2ssis arri\u00e8re s'ouvrira, crachant la balle.<\/li> <\/ul>    <h2 class=\"wp-block-heading\" id=\"h-type-ii-square-hay-baler\">Type II\u00a0: Presse \u00e0 balles carr\u00e9es<\/h2>    <p>La presse \u00e0 broyer et \u00e0 ramasser la paille carr\u00e9e ne peut utiliser que la corde pour mettre le mat\u00e9riau en balles. La machine a une largeur de concassage de 2,2 m et doit \u00eatre conduite par un tracteur de 75 ch ou plus. La taille de la balle est de 1100*400*300 mm et la machine n'a pas besoin de mettre la balle en fonctionnement, elle d\u00e9chargera la balle automatiquement. L'utilisateur n'a besoin que de se d\u00e9placer \u00e0 une certaine vitesse sur le terrain.<\/p>   <div class=\"wp-block-image\"> <figure class=\"aligncenter size-full\"><img loading=\"lazy\" decoding=\"async\" width=\"720\" height=\"540\" src=\"https:\/\/balerwrapper.com\/wp-content\/uploads\/2022\/08\/Square-hay-baler-.webp\" alt=\"Presse \u00e0 foin carr\u00e9e\" class=\"wp-image-166\" title=\"Presse \u00e0 foin carr\u00e9e\"\/><figcaption class=\"wp-element-caption\">Presse \u00e0 foin carr\u00e9e<\/figcaption><\/figure> <\/div>   <h3 class=\"wp-block-heading\" id=\"h-detailed-specification-of-the-hay-cutter-and-baler\">Sp\u00e9cifications d\u00e9taill\u00e9es de la faucheuse et de la presse \u00e0 foin<\/h3>    <figure class=\"wp-block-table is-style-stripes\"><table><tbody><tr><td>Mod\u00e8le<\/td><td>Largeur du s\u00e9lecteur<\/td><td>Type de structure du s\u00e9lecteur<\/td><td>Type de noueur<\/td><td>Nombre de noueurs<\/td><td>Temps de r\u00e9ciprocit\u00e9 du piston group\u00e9<\/td><td>Dimensions(mm)<\/td><td>Pouvoir de soutien<\/td><\/tr><tr><td>9YFQ-2.2<\/td><td>2240mm<\/td><td>Dent \u00e0 ressort<\/td><td>D<\/td><td>2<\/td><td>100\/min<\/td><td>4150\u00d72850\u00d71800<\/td><td>\u226536,7 kW<\/td><\/tr><\/tbody><\/table><figcaption class=\"wp-element-caption\">Donn\u00e9es techniques de la machine \u00e0 couper et \u00e0 presser le foin<\/figcaption><\/figure>    <h3 class=\"wp-block-heading\" id=\"h-structure-of-the-straw-crushing-baler\">Structure de la presse \u00e0 broyer la paille<\/h3>    <p>La presse \u00e0 balles concasseuse de paille comprend principalement un ch\u00e2ssis, une roue mobile, une poutre de traction, un syst\u00e8me de transmission, un dispositif de compression, un dispositif de mise en balles, un dispositif de cueillette, un dispositif d'emballage, etc.<\/p>   <div class=\"wp-block-image\"> <figure class=\"aligncenter size-full\"><img loading=\"lazy\" decoding=\"async\" width=\"720\" height=\"540\" src=\"https:\/\/balerwrapper.com\/wp-content\/uploads\/2022\/08\/straw-crushing-baler-.webp\" alt=\" presse \u00e0 broyer la paille\" class=\"wp-image-167\" title=\" presse \u00e0 broyer la paille\"\/><figcaption class=\"wp-element-caption\"> presse \u00e0 broyer la paille<\/figcaption><\/figure> <\/div>   <h3 class=\"wp-block-heading\">Sc\u00e8ne de travail de la presse \u00e0 foin carr\u00e9e <\/h3>    <figure class=\"wp-block-embed aligncenter is-type-video is-provider-youtube wp-block-embed-youtube wp-embed-aspect-16-9 wp-has-aspect-ratio\"><div class=\"wp-block-embed__wrapper\"> <iframe loading=\"lazy\" title=\"Presse \u00e0 balles carr\u00e9es pour le foin, la paille de riz, le ma\u00efs, la luzerne, etc.\" width=\"500\" height=\"281\" src=\"https:\/\/www.youtube.com\/embed\/ZZp-At9iy2w?feature=oembed\" frameborder=\"0\" allow=\"accelerometer; autoplay; clipboard-write; encrypted-media; gyroscope; picture-in-picture; web-share\" referrerpolicy=\"strict-origin-when-cross-origin\" allowfullscreen><\/iframe> <\/div><figcaption class=\"wp-element-caption\">vid\u00e9o de travail de la presse \u00e0 foin carr\u00e9e<\/figcaption><\/figure>    <h3 class=\"wp-block-heading\" id=\"h-advantages-of-the-square-press-crushing-baling-machine\">Avantages de la presse \u00e0 balles carr\u00e9es<\/h3>    <ul class=\"wp-block-list\"> <li>Le ch\u00e2ssis avant du tracteur peut pivoter librement \u00e0 180 degr\u00e9s et tourner de mani\u00e8re flexible, ce qui r\u00e9sout le probl\u00e8me de la limitation de la puissance du tracteur.<\/li>    <li>Cette machine est fermement soud\u00e9e et adopte une bo\u00eete de vitesses agrandie et des roulements agrandis, r\u00e9sistants \u00e0 l'usure.<\/li>    <li>La lame peut r\u00e9pondre aux exigences des diff\u00e9rents clients concernant le degr\u00e9 de broyage de la paille.<\/li>    <li>L'arbre d'alimentation adopte un couteau \u00e0 vis sans fin \u00e0 propulsion en spirale et une transmission en forme de vague, r\u00e9solvant le probl\u00e8me de la paille emm\u00eal\u00e9e et du mat\u00e9riau bloquant, et n'appara\u00eetra pas comme un arbre cass\u00e9.<\/li>    <li>La machine adopte un tuyau en acier solide sans soudure, r\u00e9sistant \u00e0 l'usure et durable.<\/li> <\/ul>   <div class=\"wp-block-image\"> <figure class=\"aligncenter size-full\"><img loading=\"lazy\" decoding=\"async\" width=\"720\" height=\"540\" src=\"https:\/\/balerwrapper.com\/wp-content\/uploads\/2022\/08\/square-press-crushing-baling-machine-.webp\" alt=\"presse carr\u00e9e \u00e9crasant la presse \u00e0 balles\" class=\"wp-image-168\" title=\"presse carr\u00e9e \u00e9crasant la presse \u00e0 balles\"\/><figcaption class=\"wp-element-caption\">presse carr\u00e9e \u00e9crasant la presse \u00e0 balles<\/figcaption><\/figure> <\/div>   <h2 class=\"wp-block-heading\" id=\"h-what-are-the-differences-between-the-two-hay-cutter-and-balers\">Quelles sont les diff\u00e9rences entre les deux faucheuses et presses \u00e0 foin ?<\/h2>    <ul class=\"wp-block-list\"> <li>La forme des produits finis des deux machines est diff\u00e9rente, l\u2019une est une balle ronde et l\u2019autre une balle carr\u00e9e.<\/li>    <li>Le mat\u00e9riau utilis\u00e9 pour mettre l'herbe en balles est diff\u00e9rent, la presse \u00e0 broyer et \u00e0 ramasser la paille ronde peut utiliser le filet et la corde. Le carr\u00e9 ne peut utiliser la corde que pour mettre l'herbe en balle.<\/li>    <li>La structure interne des deux machines est \u00e9galement diff\u00e9rente et la forme du produit final est de taille diff\u00e9rente.<\/li> <\/ul>    <p class=\"translation-block\">Notre usine produit et fabrique diff\u00e9rents types de <a href=\"https:\/\/en.wikipedia.org\/wiki\/Straw\" target=\"_blank\" rel=\"noopener\">paille<\/a> machines de recyclage, vous pouvez choisir selon la demande et la situation r\u00e9elle, et accepter la personnalisation. N\u2019h\u00e9sitez pas \u00e0 nous contacter pour plus d\u2019informations et un devis de machine.<\/p>","protected":false},"excerpt":{"rendered":"<p>Le coupe-foin et la presse \u00e0 balles peuvent broyer et mettre en balles la paille directement dans le champ. Il r\u00e9alise le pressage de paille ou de fourrage directement du champ. Ainsi, le recyclage de la paille est r\u00e9alis\u00e9.<\/p>","protected":false},"author":1,"featured_media":161,"parent":0,"template":"","tags":[39,35],"product-type":[7],"class_list":["post-65","product","type-product","status-publish","has-post-thumbnail","hentry","tag-hay","tag-silage","product-type-silage-baler"],"_links":{"self":[{"href":"https:\/\/balerwrapper.com\/fr\/wp-json\/wp\/v2\/product\/65","targetHints":{"allow":["GET"]}}],"collection":[{"href":"https:\/\/balerwrapper.com\/fr\/wp-json\/wp\/v2\/product"}],"about":[{"href":"https:\/\/balerwrapper.com\/fr\/wp-json\/wp\/v2\/types\/product"}],"author":[{"embeddable":true,"href":"https:\/\/balerwrapper.com\/fr\/wp-json\/wp\/v2\/users\/1"}],"wp:featuredmedia":[{"embeddable":true,"href":"https:\/\/balerwrapper.com\/fr\/wp-json\/wp\/v2\/media\/161"}],"wp:attachment":[{"href":"https:\/\/balerwrapper.com\/fr\/wp-json\/wp\/v2\/media?parent=65"}],"wp:term":[{"taxonomy":"post_tag","embeddable":true,"href":"https:\/\/balerwrapper.com\/fr\/wp-json\/wp\/v2\/tags?post=65"},{"taxonomy":"product-type","embeddable":true,"href":"https:\/\/balerwrapper.com\/fr\/wp-json\/wp\/v2\/product-type?post=65"}],"curies":[{"name":"wp","href":"https:\/\/api.w.org\/{rel}","templated":true}]}}