{"id":63,"date":"2022-08-26T01:48:00","date_gmt":"2022-08-26T01:48:00","guid":{"rendered":"https:\/\/balerwrapper.com\/?post_type=product&#038;p=63"},"modified":"2025-06-06T17:45:12","modified_gmt":"2025-06-06T09:45:12","slug":"round-hay-baler","status":"publish","type":"product","link":"https:\/\/balerwrapper.com\/fr\/product\/round-hay-baler\/","title":{"rendered":"Presse \u00e0 foin ronde et machine de cueillette de paille carr\u00e9e"},"content":{"rendered":"<div class=\"kk-star-ratings kksr-auto kksr-align-left kksr-valign-top\"     data-payload='{&quot;align&quot;:&quot;left&quot;,&quot;id&quot;:&quot;63&quot;,&quot;slug&quot;:&quot;default&quot;,&quot;valign&quot;:&quot;top&quot;,&quot;ignore&quot;:&quot;&quot;,&quot;reference&quot;:&quot;auto&quot;,&quot;class&quot;:&quot;&quot;,&quot;count&quot;:&quot;98&quot;,&quot;legendonly&quot;:&quot;&quot;,&quot;readonly&quot;:&quot;&quot;,&quot;score&quot;:&quot;4.9&quot;,&quot;starsonly&quot;:&quot;&quot;,&quot;best&quot;:&quot;5&quot;,&quot;gap&quot;:&quot;5&quot;,&quot;greet&quot;:&quot;Rate this product&quot;,&quot;legend&quot;:&quot;4.9\\\/5 - (98 votes)&quot;,&quot;size&quot;:&quot;24&quot;,&quot;title&quot;:&quot;Round Hay Baler And Square Straw Picking Machine&quot;,&quot;width&quot;:&quot;139.6&quot;,&quot;_legend&quot;:&quot;{score}\\\/{best} - ({count} {votes})&quot;,&quot;font_factor&quot;:&quot;1.25&quot;}'>              <div class=\"kksr-stars\">      <div class=\"kksr-stars-inactive\">             <div class=\"kksr-star\" data-star=\"1\" style=\"padding-right: 5px\">               <div class=\"kksr-icon\" style=\"width: 24px; height: 24px;\"><\/div>         <\/div>             <div class=\"kksr-star\" data-star=\"2\" style=\"padding-right: 5px\">               <div class=\"kksr-icon\" style=\"width: 24px; height: 24px;\"><\/div>         <\/div>             <div class=\"kksr-star\" data-star=\"3\" style=\"padding-right: 5px\">               <div class=\"kksr-icon\" style=\"width: 24px; height: 24px;\"><\/div>         <\/div>             <div class=\"kksr-star\" data-star=\"4\" style=\"padding-right: 5px\">               <div class=\"kksr-icon\" style=\"width: 24px; height: 24px;\"><\/div>         <\/div>             <div class=\"kksr-star\" data-star=\"5\" style=\"padding-right: 5px\">               <div class=\"kksr-icon\" style=\"width: 24px; height: 24px;\"><\/div>         <\/div>     <\/div>      <div class=\"kksr-stars-active\" style=\"width: 139.6px;\">             <div class=\"kksr-star\" style=\"padding-right: 5px\">               <div class=\"kksr-icon\" style=\"width: 24px; height: 24px;\"><\/div>         <\/div>             <div class=\"kksr-star\" style=\"padding-right: 5px\">               <div class=\"kksr-icon\" style=\"width: 24px; height: 24px;\"><\/div>         <\/div>             <div class=\"kksr-star\" style=\"padding-right: 5px\">               <div class=\"kksr-icon\" style=\"width: 24px; height: 24px;\"><\/div>         <\/div>             <div class=\"kksr-star\" style=\"padding-right: 5px\">               <div class=\"kksr-icon\" style=\"width: 24px; height: 24px;\"><\/div>         <\/div>             <div class=\"kksr-star\" style=\"padding-right: 5px\">               <div class=\"kksr-icon\" style=\"width: 24px; height: 24px;\"><\/div>         <\/div>     <\/div> <\/div>                   <div class=\"kksr-legend\" style=\"font-size: 19.2px;\">             4,9\/5 - (98 votes)    <\/div>     <\/div>  <p>La presse \u00e0 balles rondes est un type d'\u00e9quipement agricole efficace et pratique, principalement utilis\u00e9 pour les op\u00e9rations de ramassage automatique, de pressage et de d\u00e9chargement de paille cass\u00e9e apr\u00e8s la r\u00e9colte dans le champ. <\/p>    <p>La machine est particuli\u00e8rement adapt\u00e9e pour le ma\u00efs, le bl\u00e9, le riz, les p\u00e2turages et d'autres cultures pour le traitement de la paille, et peut am\u00e9liorer consid\u00e9rablement l'efficacit\u00e9 op\u00e9rationnelle (jusqu'\u00e0 1,3-1,65 acres\/heure).<\/p>    <p>Le produit final de la machine est des balles de paille compactes d'une densit\u00e9 de 180kg\/m\u00b3 (diam\u00e8tre 50cm \u00d7 longueur 80cm), ce qui est pratique pour la collecte, le transport et le stockage de la paille. <\/p>    <p>Il est largement utilis\u00e9 dans le domaine de l'\u00e9levage et de l'utilisation compl\u00e8te de la paille, et a \u00e9t\u00e9 export\u00e9 vers de nombreux pays tels que les Pays-Bas, la Malaisie, le Panama, l'Indon\u00e9sie, etc., et est bien accueilli par les utilisateurs.<\/p>    <figure class=\"wp-block-embed aligncenter is-type-video is-provider-youtube wp-block-embed-youtube wp-embed-aspect-16-9 wp-has-aspect-ratio\"><div class=\"wp-block-embed__wrapper\"> <iframe loading=\"lazy\" title=\"Int\u00e9gration efficace du pr\u00e9l\u00e8vement et de la mise en balles\u00a0! Presse \u00e0 foin carr\u00e9e \u00e0 vendre\" width=\"500\" height=\"281\" src=\"https:\/\/www.youtube.com\/embed\/VuYooF-GE2I?start=54&#038;feature=oembed\" frameborder=\"0\" allow=\"accelerometer; autoplay; clipboard-write; encrypted-media; gyroscope; picture-in-picture; web-share\" referrerpolicy=\"strict-origin-when-cross-origin\" allowfullscreen><\/iframe> <\/div><figcaption class=\"wp-element-caption\">vid\u00e9o de travail de la presse \u00e0 balles rondes de foin et de paille d'ensilage<\/figcaption><\/figure>    <h2 class=\"wp-block-heading\" id=\"h-what-s-the-best-hay-baler\">Deux types de machines \u00e0 bottes de paille<\/h2>    <p>Nous produisons principalement deux types de presses \u00e0 balles de paille : des presses \u00e0 balles rondes pour le foin et des presses \u00e0 balles carr\u00e9es pour la paille. Elles sont adapt\u00e9es \u00e0 diff\u00e9rents types et largeurs de besoins en balles de paille. Les deux sont entra\u00een\u00e9es par la puissance de sortie de l'embrayage de prise de force du syst\u00e8me de suspension \u00e0 trois points du tracteur, ce qui est tr\u00e8s adaptable et efficace.<\/p>    <p class=\"translation-block\"><strong>Principale diff\u00e9rence et fonctionnalit\u00e9s suppl\u00e9mentaires :<\/strong><\/p>    <p>La presse \u00e0 balles ronde peut utiliser de la ficelle ou un filet pour le pressage de diff\u00e9rentes mani\u00e8res, tandis que la presse \u00e0 balles carr\u00e9es ne peut utiliser que de la ficelle pour le pressage, ce qui est plus compact. <\/p>    <p class=\"translation-block\">De plus, nous fournissons \u00e9galement des machines <a href=\"https:\/\/balerwrapper.com\/fr\/product\/hay-cutter-and-baler\/\"><strong><em>coupeuses et presseuses de foin<\/em><\/strong><\/a> avec fonction de broyage, qui conviennent au traitement de la paille non cass\u00e9e, r\u00e9alisant l'op\u00e9ration int\u00e9gr\u00e9e de collecte, de broyage et de mise en balles.<\/p>    <figure class=\"wp-block-gallery has-nested-images columns-default is-cropped wp-block-gallery-2 is-layout-flex wp-block-gallery-is-layout-flex\"> <figure class=\"wp-block-image size-large\"><img loading=\"lazy\" decoding=\"async\" width=\"720\" height=\"540\" data-id=\"190\" src=\"https:\/\/balerwrapper.com\/wp-content\/uploads\/2022\/08\/best-hay-baler-.webp\" alt=\"meilleure presse \u00e0 foin ronde\" class=\"wp-image-190\" title=\"meilleure presse \u00e0 foin ronde\"\/><figcaption class=\"wp-element-caption\">meilleure presse \u00e0 foin ronde<\/figcaption><\/figure>    <figure class=\"wp-block-image size-large\"><img loading=\"lazy\" decoding=\"async\" width=\"720\" height=\"540\" data-id=\"191\" src=\"https:\/\/balerwrapper.com\/wp-content\/uploads\/2022\/08\/square-hay-pick-up-baler-machine-.webp\" alt=\"Presse \u00e0 balles carr\u00e9es pour ramasser le foin \" class=\"wp-image-191\" title=\"Presse \u00e0 balles carr\u00e9es pour ramasser le foin \"\/><figcaption class=\"wp-element-caption\">Presse \u00e0 balles carr\u00e9es pour ramasser le foin <\/figcaption><\/figure> <\/figure>    <h2 class=\"wp-block-heading\">Avantages de l'utilisation de la machine de ramassage et de pressage de paille<\/h2>    <ul class=\"wp-block-list\"> <li>Structure compacte, petit encombrement : l'ensemble de la machine a une structure raisonnable, \u00e9conomisant de l'espace d'exploitation.<\/li>    <li>Fonctionnement simple, facile \u00e0 d\u00e9marrer : structure simple, facile \u00e0 comprendre et \u00e0 utiliser, co\u00fbt de formation faible.<\/li>    <li>Bon effet de pressage : la balle est serr\u00e9e \u00e0 l'ext\u00e9rieur et l\u00e2che \u00e0 l'int\u00e9rieur, ventil\u00e9e et a\u00e9r\u00e9e, ce qui est bon pour le stockage.<\/li>    <li>R\u00e9duction de la pollution environnementale : elle peut collecter la paille cass\u00e9e dans le champ et \u00e9viter la pollution de l'air caus\u00e9e par la combustion.<\/li>    <li>Utilisation efficace des ressources : la paille press\u00e9e peut \u00eatre utilis\u00e9e pour la fabrication de papier, la production d'\u00e9nergie, l'\u00e9levage et d'autres usages.<\/li>    <li>Transport et stockage pratiques : la paille press\u00e9e est propre et compacte, ce qui am\u00e9liore l'efficacit\u00e9 de la manutention et du stockage.<\/li> <\/ul>   <div class=\"wp-block-image\"> <figure class=\"aligncenter size-full\"><img loading=\"lazy\" decoding=\"async\" width=\"720\" height=\"540\" src=\"https:\/\/balerwrapper.com\/wp-content\/uploads\/2022\/08\/hay-and-straw-baling-machine-.webp\" alt=\"presse \u00e0 foin et \u00e0 paille\" class=\"wp-image-193\" title=\"presse \u00e0 foin et \u00e0 paille\"\/><figcaption class=\"wp-element-caption\">Presse \u00e0 foin et paille<\/figcaption><\/figure> <\/div>   <h2 class=\"wp-block-heading\">Domaines d'application de la machine \u00e0 bottes de foin<\/h2>    <ul class=\"wp-block-list\"> <li>Convient pour le ramassage et le pressage de foin, d'ensilage et de fourrage.<\/li>    <li>Il est adapt\u00e9 \u00e0 l'op\u00e9ration de pressage de paille de bl\u00e9, de riz et de ma\u00efs p\u00e9tri.<\/li>    <li>En attendant, il peut \u00eatre utilis\u00e9 pour collecter et presser la paille de coton, la paille de colza, la vigne de cacahu\u00e8te, la paille de haricot et d'autres types de paille de culture.<\/li>    <li>C'est le choix id\u00e9al pour l'utilisation des ressources de paille dans les domaines de l'\u00e9levage, de la fabrication de papier, etc.<\/li> <\/ul>    <h2 class=\"wp-block-heading\" id=\"h-type-i-pickup-round-baler\">Type I\u00a0: Presse \u00e0 balles rondes pick-up<\/h2>    <p>La presse \u00e0 balles rondes collecte le mat\u00e9riau en utilisant les dents avant de la machine. La taille de la balle finale est de 70 cm de diam\u00e8tre et 100 cm de longueur. La machine est compacte, facile \u00e0 utiliser et fiable.<\/p>   <div class=\"wp-block-image\"> <figure class=\"aligncenter size-full\"><img loading=\"lazy\" decoding=\"async\" width=\"720\" height=\"540\" src=\"https:\/\/balerwrapper.com\/wp-content\/uploads\/2022\/08\/Pickup-round-baler.webp\" alt=\"Presse \u00e0 balles rondes pick-up\" class=\"wp-image-192\" title=\"Presse \u00e0 balles rondes pick-up\"\/><figcaption class=\"wp-element-caption\">Presse \u00e0 balles rondes Pickup<\/figcaption><\/figure> <\/div>   <h3 class=\"wp-block-heading\">Structure de la presse \u00e0 foin ronde compacte<\/h3>    <p>Ce type de presse \u00e0 foin ronde comprend principalement un m\u00e9canisme de ramassage, un m\u00e9canisme de rouleau de compression, un m\u00e9canisme de liage, un m\u00e9canisme de d\u00e9chargement de balles, etc. <\/p>    <p>Le ballot form\u00e9 est petit et compact, et le ballot est l\u00e2che \u00e0 l'int\u00e9rieur et serr\u00e9 \u00e0 l'ext\u00e9rieur, avec une bonne perm\u00e9abilit\u00e9 \u00e0 l'air, ce qui est pratique pour le transport et le stockage.<\/p>   <div class=\"wp-block-image\"> <figure class=\"aligncenter size-full\"><img loading=\"lazy\" decoding=\"async\" width=\"720\" height=\"540\" src=\"https:\/\/balerwrapper.com\/wp-content\/uploads\/2022\/08\/compact-round-baler.webp\" alt=\"presse \u00e0 balles rondes compacte\" class=\"wp-image-199\" title=\"presse \u00e0 balles rondes compacte\"\/><figcaption class=\"wp-element-caption\">presse \u00e0 balles rondes compacte<\/figcaption><\/figure> <\/div>   <h3 class=\"wp-block-heading\">Comment fonctionne la presse \u00e0 foin ronde ?<\/h3>   <div id=\"rank-math-howto\" class=\"rank-math-block\" > <div class=\"rank-math-howto-description\">  <\/div>  <div class=\"rank-math-steps\"> <div id=\"howto-step-1717057803150\" class=\"rank-math-step\"> <div class=\"rank-math-step-content\"><p>Le tracteur tire la presse \u00e0 foin ronde pour rouler sur la paille r\u00e9colt\u00e9e. Puis, \u00e0 mesure que le tracteur avance, la puissance est d\u00e9livr\u00e9e et le m\u00e9canisme de ramassage commence \u00e0 tourner, ramassant la paille et l'introduisant dans la chambre de roulement.<\/p> <\/div> <\/div> <div id=\"howto-step-1717057819817\" class=\"rank-math-step\"> <div class=\"rank-math-step-content\"><p>Avec la rotation continue du tambour de la presse, la paille entrant dans la chambre de pressage passe progressivement de petite \u00e0 grande pour former une balle ronde et serr\u00e9e.<\/p> <\/div> <\/div> <div id=\"howto-step-1717057832313\" class=\"rank-math-step\"> <div class=\"rank-math-step-content\"><p>Ensuite, lorsque la balle atteint une densit\u00e9 pr\u00e9d\u00e9termin\u00e9e, le klaxon d'alarme retentit et le conducteur arr\u00eate le tracteur en avant.<\/p> <\/div> <\/div> <div id=\"howto-step-1717057843722\" class=\"rank-math-step\"> <div class=\"rank-math-step-content\"><p>Le conducteur tire le levier hydraulique pour faire changer de direction la valve hydraulique, le v\u00e9rin fonctionne et le ch\u00e2ssis arri\u00e8re s'ouvre et jette la balle.<\/p> <\/div> <\/div> <\/div> <\/div>       <figure class=\"wp-block-embed is-type-video is-provider-youtube wp-block-embed-youtube wp-embed-aspect-16-9 wp-has-aspect-ratio\"><div class=\"wp-block-embed__wrapper\"> <iframe loading=\"lazy\" title=\"Vid\u00e9o de feedback sur la presse \u00e0 balles pick-up | presse \u00e0 foin | vid\u00e9o de travail de la presse \u00e0 paille.\" width=\"500\" height=\"281\" src=\"https:\/\/www.youtube.com\/embed\/dH9rpWyAvro?feature=oembed\" frameborder=\"0\" allow=\"accelerometer; autoplay; clipboard-write; encrypted-media; gyroscope; picture-in-picture; web-share\" referrerpolicy=\"strict-origin-when-cross-origin\" allowfullscreen><\/iframe> <\/div><figcaption class=\"wp-element-caption\">site de travail de la machine \u00e0 balles rondes<\/figcaption><\/figure>    <h3 class=\"wp-block-heading\" id=\"h-specification-of-the-round-hay-baler\">Donn\u00e9es techniques de la presse \u00e0 foin ronde<\/h3>    <figure class=\"wp-block-table is-style-stripes\"><table><tbody><tr><td>Mod\u00e8le<\/td><td>ST80*100<\/td><\/tr><tr><td>Poids<\/td><td>680 kg<\/td><\/tr><tr><td>Puissance du tracteur<\/td><td>Plus de 40 ch<\/td><\/tr><tr><td>Dimension globale<\/td><td>1,63*1,37*1,43m<\/td><\/tr><tr><td>Taille de la presse<\/td><td>\u03a6800*1000mm<\/td><\/tr><tr><td>Poids de la presse<\/td><td>40-50kg<\/td><\/tr><tr><td>Capacit\u00e9<\/td><td>1,3-1,65acre\/h<\/td><\/tr><\/tbody><\/table><figcaption class=\"wp-element-caption\"> param\u00e8tre de la presse \u00e0 foin ronde<\/figcaption><\/figure>   <div class=\"wp-block-image\"> <figure class=\"aligncenter size-full\"><img loading=\"lazy\" decoding=\"async\" width=\"720\" height=\"540\" src=\"https:\/\/balerwrapper.com\/wp-content\/uploads\/2022\/08\/mini-round-baler-.webp\" alt=\"mini presse \u00e0 balles rondes\" class=\"wp-image-198\" title=\"mini presse \u00e0 balles rondes\"\/><figcaption class=\"wp-element-caption\">mini presse \u00e0 balles rondes<\/figcaption><\/figure> <\/div>   <h2 class=\"wp-block-heading\" id=\"h-type-ii-pick-up-square-baler\">Type II\u00a0: ramasser la presse \u00e0 balles carr\u00e9es<\/h2>    <p>Ce type de presse \u00e0 balles carr\u00e9es \u00e0 ramassage peut r\u00e9colter des mat\u00e9riaux de 2m ou 2,2m de large. La taille finale de la balle est de 110 cm de long, 40 cm de large et 30 cm de haut.<\/p>    <p>Vous pouvez choisir la largeur appropri\u00e9e en fonction de leurs besoins. Les balles de forme carr\u00e9e sont faciles \u00e0 placer et \u00e0 transporter. C'est un \u00e9quipement id\u00e9al pour la collecte de paille.<\/p>   <div class=\"wp-block-image\"> <figure class=\"aligncenter size-full\"><img loading=\"lazy\" decoding=\"async\" width=\"720\" height=\"540\" src=\"https:\/\/balerwrapper.com\/wp-content\/uploads\/2022\/08\/pick-up-square-baler-.webp\" alt=\"ramasser une presse \u00e0 balles carr\u00e9es\" class=\"wp-image-195\" title=\"ramasser une presse \u00e0 balles carr\u00e9es\"\/><figcaption class=\"wp-element-caption\">ramasser une presse \u00e0 balles carr\u00e9es<\/figcaption><\/figure> <\/div>   <h3 class=\"wp-block-heading\" id=\"h-structure-of-automatic-straw-pick-up-packing-machine\">Structure de la machine d'emballage automatique de ramassage de paille <\/h3>    <p>Les principales pi\u00e8ces de travail comprennent le dispositif de cueillette, le m\u00e9canisme de transmission, le dispositif d'alimentation en paille, la structure de pressage des balles, la structure de liage des balles, le dispositif de limitation, la structure de r\u00e9glage et de contr\u00f4le, etc.<\/p>    <h3 class=\"wp-block-heading\" id=\"h-technical-information-on-the-tractor-mounted-hay-picking-and-baling-machine\">Param\u00e8tres de la machine de ramassage et de pressage de foin mont\u00e9e sur tracteur<\/h3>    <figure class=\"wp-block-table is-style-stripes\"><table><tbody><tr><td>mod\u00e8le<\/td><td>TZ-190<\/td><\/tr><tr><td>Pouvoir<\/td><td>Tracteur 80-90 CV<\/td><\/tr><tr><td>Travailler efficacement<\/td><td>6-15km\/h<\/td><\/tr><tr><td>Largeur de travail<\/td><td>1,9 m<\/td><\/tr><tr><td>Taille des balles<\/td><td>110*40*30cm<\/td><\/tr><tr><td>Taille<\/td><td>500*280*140cm<\/td><\/tr><tr><td>Poids<\/td><td>1460kg<\/td><\/tr><\/tbody><\/table><figcaption class=\"wp-element-caption\">Param\u00e8tre de la machine de cueillette et de mise en balles de foin mont\u00e9e sur tracteur<\/figcaption><\/figure>   <div class=\"wp-block-image\"> <figure class=\"aligncenter size-full\"><img loading=\"lazy\" decoding=\"async\" width=\"720\" height=\"540\" src=\"https:\/\/balerwrapper.com\/wp-content\/uploads\/2022\/08\/hay-picking-and-baling-machine-.webp\" alt=\"machine de cueillette et de mise en balles de foin \" class=\"wp-image-196\" title=\"machine de cueillette et de mise en balles de foin \"\/><figcaption class=\"wp-element-caption\">Machine \u00e0 cueillir et \u00e0 mettre en balles le foin <\/figcaption><\/figure> <\/div>   <h3 class=\"wp-block-heading\" id=\"h-working-principle-of-the-hay-picking-and-baling-machine\">Principe de fonctionnement de la machine de cueillette et de mise en balles du foin <\/h3>    <ul class=\"wp-block-list\"> <li>Source d'alimentation : connect\u00e9e via la suspension arri\u00e8re \u00e0 trois points du tracteur, l'arbre de sortie arri\u00e8re du tracteur est utilis\u00e9 pour fournir la puissance de fonctionnement et d'op\u00e9ration.<\/li>    <li>Ramassage et alimentation : le ramasseur tourne pour ramasser la paille au sol et la transmettre \u00e0 l'appareil d'alimentation.<\/li>    <li>Compactage et pressage : la paille entre dans la chambre de pressage de mani\u00e8re uniforme et est automatiquement compact\u00e9e et press\u00e9e lorsqu'elle atteint le volume d\u00e9fini.<\/li>    <li>D\u00e9chargement automatique des balles : apr\u00e8s que le pressage soit termin\u00e9, les balles carr\u00e9es sont d\u00e9charg\u00e9es par le port de d\u00e9charge, compl\u00e9tant ainsi tout le processus de pressage.<\/li> <\/ul>    <figure class=\"wp-block-embed is-type-video is-provider-youtube wp-block-embed-youtube wp-embed-aspect-16-9 wp-has-aspect-ratio\"><div class=\"wp-block-embed__wrapper\"> <iframe loading=\"lazy\" title=\"Machine de cerclage de paille carr\u00e9e de remorquage de tracteur\" width=\"500\" height=\"281\" src=\"https:\/\/www.youtube.com\/embed\/5o1yotMUw0Y?feature=oembed\" frameborder=\"0\" allow=\"accelerometer; autoplay; clipboard-write; encrypted-media; gyroscope; picture-in-picture; web-share\" referrerpolicy=\"strict-origin-when-cross-origin\" allowfullscreen><\/iframe> <\/div><figcaption class=\"wp-element-caption\">Vid\u00e9o de travail de la presse \u00e0 balles carr\u00e9es<\/figcaption><\/figure>    <h2 class=\"wp-block-heading\" id=\"h-why-choose-our-straw-picking-and-baling-machine\">Pourquoi choisir notre machine de ramassage et de mise en balles de paille ?<\/h2>    <ul class=\"wp-block-list\"> <li>\u00c9quipe de fabrication professionnelle : construite par des techniciens exp\u00e9riment\u00e9s, utilisant des mat\u00e9riaux de haute qualit\u00e9, une structure raisonnable et des performances fiables.<\/li>    <li>Service rapide et professionnel : fournir une r\u00e9ponse rapide et des r\u00e9ponses professionnelles pour aider les clients \u00e0 r\u00e9soudre les probl\u00e8mes rencontr\u00e9s lors de l'utilisation.<\/li>    <li>Protection apr\u00e8s-vente parfaite : profitez d'un an de service apr\u00e8s-vente. Si les clients signalent des probl\u00e8mes dans l'ann\u00e9e, nous aiderons rapidement \u00e0 les r\u00e9soudre, pour garantir une utilisation sans souci.<\/li> <\/ul>   <div class=\"wp-block-image\"> <figure class=\"aligncenter size-full\"><img loading=\"lazy\" decoding=\"async\" width=\"720\" height=\"540\" src=\"https:\/\/balerwrapper.com\/wp-content\/uploads\/2022\/08\/stock-of-our-straw-picking-and-baling-machine-.jpg\" alt=\"stock de notre machine de ramassage et de mise en balles de paille \" class=\"wp-image-197\" title=\"stock de notre machine de ramassage et de mise en balles de paille \"\/><figcaption class=\"wp-element-caption\">le stock de notre pailleuse et presse \u00e0 balles<\/figcaption><\/figure> <\/div>   <h2 class=\"wp-block-heading\" id=\"h-faults-and-solutions\">Pannes et solutions<\/h2>    <ol class=\"wp-block-list\"> <li>D\u00e9faillance : la partie de ramassage est bloqu\u00e9e par de l'herbe.<br>Raison : le tas d'herbe est trop grand, la vitesse de conduite est trop rapide et l'humidit\u00e9 de la pi\u00e8ce est trop \u00e9lev\u00e9e.<br>Solution : plus petit <a href=\"https:\/\/en.wikipedia.org\/wiki\/Straw\" target=\"_blank\" rel=\"noopener\">paille<\/a> pile, vitesse de travail plus lente, mat\u00e9riau de travail sec.<\/li>    <li>D\u00e9faut : la balle est conique.<br>Raison : conduite \u00e0 une extr\u00e9mit\u00e9 de la bande d'herbe, et la bande d'herbe est \u00e9paisse \u00e0 une extr\u00e9mit\u00e9.<br>Solution : conduire au centre de la bande d'herbe.<\/li>    <li>D\u00e9faut : le rouleau tourne, le ramasseur ne tourne pas.<br>Raison : le boulon de s\u00e9curit\u00e9 du ramasseur d'herbe est coup\u00e9.<br>Solution : Remplacez le boulon de s\u00e9curit\u00e9.<\/li>    <li>D\u00e9faillance : lorsqu'il y a une ligne cass\u00e9e au milieu du paquet.<br>Raison: la r\u00e9sistance du dispositif d'alimentation en corde de pression du dispositif de corde, le dispositif de corde Go a un probl\u00e8me.<br>Solution : d\u00e9tendre la corde puis porter la corde pour ajuster le ressort afin de r\u00e9duire la r\u00e9sistance. V\u00e9rifiez le marcheur de corde.<\/li> <\/ol>    <p>Si vous recherchez un ramasseur de paille et une presse \u00e0 balles efficaces, durables et faciles \u00e0 utiliser, nos produits seront votre choix id\u00e9al. Contactez-nous d\u00e8s maintenant pour vous aider \u00e0 r\u00e9utiliser votre paille de culture !<\/p>","protected":false},"excerpt":{"rendered":"<p>La presse \u00e0 balles rondes est g\u00e9n\u00e9ralement utilis\u00e9e dans les champs de ma\u00efs apr\u00e8s r\u00e9colte. Parce qu'il ne peut manipuler que des tiges de ma\u00efs qui ont \u00e9t\u00e9 p\u00e9tries. Il remplit la fonction de ramasser et de mettre en balles la paille hach\u00e9e.<\/p>","protected":false},"author":1,"featured_media":188,"parent":0,"template":"","tags":[39,38],"product-type":[7],"class_list":["post-63","product","type-product","status-publish","has-post-thumbnail","hentry","tag-hay","tag-straw","product-type-silage-baler"],"_links":{"self":[{"href":"https:\/\/balerwrapper.com\/fr\/wp-json\/wp\/v2\/product\/63","targetHints":{"allow":["GET"]}}],"collection":[{"href":"https:\/\/balerwrapper.com\/fr\/wp-json\/wp\/v2\/product"}],"about":[{"href":"https:\/\/balerwrapper.com\/fr\/wp-json\/wp\/v2\/types\/product"}],"author":[{"embeddable":true,"href":"https:\/\/balerwrapper.com\/fr\/wp-json\/wp\/v2\/users\/1"}],"wp:featuredmedia":[{"embeddable":true,"href":"https:\/\/balerwrapper.com\/fr\/wp-json\/wp\/v2\/media\/188"}],"wp:attachment":[{"href":"https:\/\/balerwrapper.com\/fr\/wp-json\/wp\/v2\/media?parent=63"}],"wp:term":[{"taxonomy":"post_tag","embeddable":true,"href":"https:\/\/balerwrapper.com\/fr\/wp-json\/wp\/v2\/tags?post=63"},{"taxonomy":"product-type","embeddable":true,"href":"https:\/\/balerwrapper.com\/fr\/wp-json\/wp\/v2\/product-type?post=63"}],"curies":[{"name":"wp","href":"https:\/\/api.w.org\/{rel}","templated":true}]}}