{"id":55,"date":"2022-08-24T10:35:12","date_gmt":"2022-08-24T10:35:12","guid":{"rendered":"https:\/\/balerwrapper.com\/?post_type=product&#038;p=55"},"modified":"2024-05-30T18:34:56","modified_gmt":"2024-05-30T10:34:56","slug":"combined-grass-grain-crusher","status":"publish","type":"product","link":"https:\/\/balerwrapper.com\/fr\/product\/combined-grass-grain-crusher\/","title":{"rendered":"Machine combin\u00e9e de broyeur de coupeur de paillettes de broyeur de grain d'herbe"},"content":{"rendered":"<div class=\"kk-star-ratings kksr-auto kksr-align-left kksr-valign-top\"     data-payload='{&quot;align&quot;:&quot;left&quot;,&quot;id&quot;:&quot;55&quot;,&quot;slug&quot;:&quot;default&quot;,&quot;valign&quot;:&quot;top&quot;,&quot;ignore&quot;:&quot;&quot;,&quot;reference&quot;:&quot;auto&quot;,&quot;class&quot;:&quot;&quot;,&quot;count&quot;:&quot;97&quot;,&quot;legendonly&quot;:&quot;&quot;,&quot;readonly&quot;:&quot;&quot;,&quot;score&quot;:&quot;4.8&quot;,&quot;starsonly&quot;:&quot;&quot;,&quot;best&quot;:&quot;5&quot;,&quot;gap&quot;:&quot;5&quot;,&quot;greet&quot;:&quot;Rate this product&quot;,&quot;legend&quot;:&quot;4.8\\\/5 - (97 votes)&quot;,&quot;size&quot;:&quot;24&quot;,&quot;title&quot;:&quot;Combined Grass Grain Crusher Chaff Cutter Grinder Machine&quot;,&quot;width&quot;:&quot;136.7&quot;,&quot;_legend&quot;:&quot;{score}\\\/{best} - ({count} {votes})&quot;,&quot;font_factor&quot;:&quot;1.25&quot;}'>              <div class=\"kksr-stars\">      <div class=\"kksr-stars-inactive\">             <div class=\"kksr-star\" data-star=\"1\" style=\"padding-right: 5px\">               <div class=\"kksr-icon\" style=\"width: 24px; height: 24px;\"><\/div>         <\/div>             <div class=\"kksr-star\" data-star=\"2\" style=\"padding-right: 5px\">               <div class=\"kksr-icon\" style=\"width: 24px; height: 24px;\"><\/div>         <\/div>             <div class=\"kksr-star\" data-star=\"3\" style=\"padding-right: 5px\">               <div class=\"kksr-icon\" style=\"width: 24px; height: 24px;\"><\/div>         <\/div>             <div class=\"kksr-star\" data-star=\"4\" style=\"padding-right: 5px\">               <div class=\"kksr-icon\" style=\"width: 24px; height: 24px;\"><\/div>         <\/div>             <div class=\"kksr-star\" data-star=\"5\" style=\"padding-right: 5px\">               <div class=\"kksr-icon\" style=\"width: 24px; height: 24px;\"><\/div>         <\/div>     <\/div>      <div class=\"kksr-stars-active\" style=\"width: 136.7px;\">             <div class=\"kksr-star\" style=\"padding-right: 5px\">               <div class=\"kksr-icon\" style=\"width: 24px; height: 24px;\"><\/div>         <\/div>             <div class=\"kksr-star\" style=\"padding-right: 5px\">               <div class=\"kksr-icon\" style=\"width: 24px; height: 24px;\"><\/div>         <\/div>             <div class=\"kksr-star\" style=\"padding-right: 5px\">               <div class=\"kksr-icon\" style=\"width: 24px; height: 24px;\"><\/div>         <\/div>             <div class=\"kksr-star\" style=\"padding-right: 5px\">               <div class=\"kksr-icon\" style=\"width: 24px; height: 24px;\"><\/div>         <\/div>             <div class=\"kksr-star\" style=\"padding-right: 5px\">               <div class=\"kksr-icon\" style=\"width: 24px; height: 24px;\"><\/div>         <\/div>     <\/div> <\/div>                   <div class=\"kksr-legend\" style=\"font-size: 19.2px;\">             4,8\/5 - (97 votes)    <\/div>     <\/div>  <p>Le broyeur de grains d'herbe combin\u00e9 est un \u00e9quipement de manutention d'aliments multifonctionnel. Nous pouvons utiliser la machine pour couper l\u2019herbe mais aussi pour \u00e9craser une vari\u00e9t\u00e9 de c\u00e9r\u00e9ales, de fruits et de l\u00e9gumes. Le mat\u00e9riau transform\u00e9 est g\u00e9n\u00e9ralement utilis\u00e9 pour nourrir les bovins, les moutons, les chevaux, les porcs et autres animaux d\u2019\u00e9levage. <\/p>    <figure class=\"wp-block-embed aligncenter is-type-video is-provider-youtube wp-block-embed-youtube wp-embed-aspect-16-9 wp-has-aspect-ratio\"><div class=\"wp-block-embed__wrapper\"> <iframe loading=\"lazy\" title=\"Machine de coupe-paille et de broyeur, am\u00e9liorant l&#039;efficacit\u00e9 de la r\u00e9colte des cultures\u00a0!\" width=\"500\" height=\"281\" src=\"https:\/\/www.youtube.com\/embed\/csKAdpXtbn8?feature=oembed\" frameborder=\"0\" allow=\"accelerometer; autoplay; clipboard-write; encrypted-media; gyroscope; picture-in-picture; web-share\" referrerpolicy=\"strict-origin-when-cross-origin\" allowfullscreen><\/iframe> <\/div><figcaption class=\"wp-element-caption\">Vid\u00e9o de travail typique d'une machine de coupe-paille et de broyeur<\/figcaption><\/figure>    <p class=\"translation-block\">La machine est compacte et portable mais peut produire jusqu'\u00e0 1800 kg\/h. Elle peut \u00e9galement fonctionner avec une <a href=\"https:\/\/balerwrapper.com\/fr\/product\/corn-silage-baler-machine\/\">machine d'ensilage<\/a> pour fabriquer des aliments pour le b\u00e9tail.<\/p>    <h2 class=\"wp-block-heading\" id=\"h-introduction-to-the-combined-grass-grain-crusher\">Introduction au broyeur de grains d'herbe combin\u00e9<\/h2>    <p>Notre usine produit de nombreux mod\u00e8les diff\u00e9rents de broyeurs combin\u00e9s de grains d'herbe. Les plus populaires sont la meuleuse coupe-paille \u00e0 cinq ports et la machine \u00e0 quatre ports. Il existe deux mod\u00e8les de coupe-paillettes et de broyeur \u00e0 quatre bouches qui sont les plus populaires. Il s'agit respectivement de 9ZF-500B et 9ZF-1800. Ils manipulent les m\u00eames mat\u00e9riaux. <\/p>    <p>Concernant la puissance, il peut s\u2019agir de moteurs \u00e9lectriques, de moteurs \u00e0 essence et de moteurs diesel. La puissance sp\u00e9cifique d\u00e9pend du mod\u00e8le de machine sp\u00e9cifique et des besoins du client. Ils peuvent non seulement couper, \u00e9craser et p\u00e9trir la paille, le fourrage, etc. Ce qui suit est une description d\u00e9taill\u00e9e de la machine. Besoin de plus d'informations sur la machine, bienvenue \u00e0 nous contacter\u00a0!<\/p>    <h2 class=\"wp-block-heading\" id=\"h-the-range-of-chaff-cutter-grinder-machine-use\">La gamme de broyeurs coupe-paillettes utilise<\/h2>    <p>La machine de broyeur de coupe-paille peut g\u00e9rer des types de paille, tels que des tiges de ma\u00efs, des tiges de haricots, des pailles, des pailles de riz, des pailles de bl\u00e9, de l'herbe de p\u00e2turage, des plants d'arachide, des plants d'arachide, etc. Peut \u00e9galement manipuler des fruits, des l\u00e9gumes, etc.<\/p>   <div class=\"wp-block-image is-resized\"> <figure class=\"aligncenter size-full\"><img loading=\"lazy\" decoding=\"async\" width=\"720\" height=\"540\" src=\"https:\/\/balerwrapper.com\/wp-content\/uploads\/2022\/08\/chaff-cutter-grinder-machine-.webp\" alt=\"machine de broyeur de coupeur de paillettes\" class=\"wp-image-139\" title=\"machine de broyeur de coupeur de paillettes\"\/><figcaption class=\"wp-element-caption\">machine de broyeur de coupeur de paillettes<\/figcaption><\/figure> <\/div>  <div class=\"wp-block-image\"> <figure class=\"aligncenter size-full\"><img loading=\"lazy\" decoding=\"async\" width=\"720\" height=\"540\" src=\"https:\/\/balerwrapper.com\/wp-content\/uploads\/2022\/08\/finished-production-from-chaff-cutter.webp\" alt=\"production finie \u00e0 partir d&#039;un coupe-paille\" class=\"wp-image-686\" srcset=\"https:\/\/balerwrapper.com\/wp-content\/uploads\/2022\/08\/finished-production-from-chaff-cutter.webp 720w, https:\/\/balerwrapper.com\/wp-content\/uploads\/2022\/08\/finished-production-from-chaff-cutter-300x225.webp 300w, https:\/\/balerwrapper.com\/wp-content\/uploads\/2022\/08\/finished-production-from-chaff-cutter-16x12.webp 16w\" sizes=\"auto, (max-width: 720px) 100vw, 720px\" \/><figcaption class=\"wp-element-caption\">production finie \u00e0 partir d'un coupe-paille<\/figcaption><\/figure> <\/div>   <h2 class=\"wp-block-heading\">Comment fonctionne la machine \u00e0 broyer les coupe-paille ?<\/h2>    <figure class=\"wp-block-embed is-type-video is-provider-youtube wp-block-embed-youtube wp-embed-aspect-16-9 wp-has-aspect-ratio\"><div class=\"wp-block-embed__wrapper\"> <iframe loading=\"lazy\" title=\"Comment fonctionnent le coupe-paille et le broyeur \u00e0 grains ? Coupe-paille et broyeur combin\u00e9s\" width=\"500\" height=\"281\" src=\"https:\/\/www.youtube.com\/embed\/fRnZ0Yh8jaE?feature=oembed\" frameborder=\"0\" allow=\"accelerometer; autoplay; clipboard-write; encrypted-media; gyroscope; picture-in-picture; web-share\" referrerpolicy=\"strict-origin-when-cross-origin\" allowfullscreen><\/iframe> <\/div><\/figure>    <h2 class=\"wp-block-heading\" id=\"h-type-1-four-port-combined-grass-grain-crusher\">Type 1\u00a0: Broyeur de grains d'herbe combin\u00e9 \u00e0 quatre ports<\/h2>    <p>Le broyeur de grains d'herbe combin\u00e9 \u00e0 quatre ports poss\u00e8de deux sorties et deux entr\u00e9es. Une sortie \u00e9vacue l'herbe broy\u00e9e et une sortie \u00e9vacue le grain broy\u00e9. Les deux mat\u00e9riaux entrent donc \u00e9galement par des entr\u00e9es diff\u00e9rentes. <\/p>    <p>La machine a des lames et des lames de marteau \u00e0 l'int\u00e9rieur. La paille ou la tige peut donc \u00eatre transform\u00e9e en produits segment\u00e9s et d\u00e9chiquet\u00e9s. De plus, il y a un \u00e9cran \u00e0 l\u2019int\u00e9rieur de la machine. Les clients peuvent changer l'\u00e9cran avec diff\u00e9rentes tailles de maille en fonction de leurs besoins.<\/p>    <figure class=\"wp-block-gallery aligncenter has-nested-images columns-default is-cropped wp-block-gallery-2 is-layout-flex wp-block-gallery-is-layout-flex\"> <figure class=\"wp-block-image size-large\"><img loading=\"lazy\" decoding=\"async\" width=\"720\" height=\"540\" data-id=\"142\" src=\"https:\/\/balerwrapper.com\/wp-content\/uploads\/2022\/08\/combined-grass-grain-crusher-9ZF-500B.webp\" alt=\"broyeur de grains d&#039;herbe combin\u00e9 9ZF-500B\" class=\"wp-image-142\" title=\"broyeur de grains d&#039;herbe combin\u00e9 9ZF-500B\"\/><figcaption class=\"wp-element-caption\">broyeur de grains d'herbe combin\u00e9 9ZF-500B<\/figcaption><\/figure>    <figure class=\"wp-block-image size-large\"><img loading=\"lazy\" decoding=\"async\" width=\"720\" height=\"540\" data-id=\"143\" src=\"https:\/\/balerwrapper.com\/wp-content\/uploads\/2022\/08\/grass-grin-crusher-9ZF-1800-.webp\" alt=\"broyeur de sourire d&#039;herbe 9ZF-1800 \" class=\"wp-image-143\" title=\"broyeur de sourire d&#039;herbe 9ZF-1800 \"\/><figcaption class=\"wp-element-caption\">broyeur de sourire d'herbe 9ZF-1800<\/figcaption><\/figure> <\/figure>    <h3 class=\"wp-block-heading\" id=\"h-structure-of-the-silage-feed-cutting-grinder\">Structure du broyeur coupe-aliments pour ensilage<\/h3>    <p>La structure des deux mod\u00e8les de broyeur de coupe d'aliments pour ensilage est similaire, comprenant principalement une entr\u00e9e de coupe, une entr\u00e9e de grains divers, une sortie de pulv\u00e9risation \u00e9lev\u00e9e, une sortie de pulv\u00e9risation, un syst\u00e8me de d\u00e9chiquetage coup\u00e9, une puissance (moteur, moteur \u00e0 essence, moteur diesel), des roulettes mobiles (peuvent \u00eatre pneumatiques personnalis\u00e9s), cadre, etc.<\/p>    <h3 class=\"wp-block-heading\" id=\"h-poultry-feed-grinder-parameters\">Param\u00e8tres du broyeur d'aliments pour volailles<\/h3>    <p>Les param\u00e8tres du broyeur d'aliments pour volailles 9ZF-500B. La production de la machine est plus petite et peut atteindre 300 \u00e0 500 kg par heure.<\/p>    <figure class=\"wp-block-table is-style-stripes\"><table><tbody><tr><td>Mod\u00e8le<\/td><td>500B<\/td><\/tr><tr><td>Vitesse du moteur<\/td><td>2800 tr\/min<\/td><\/tr><tr><td>Capacit\u00e9<\/td><td>300KG-500KG\/H<\/td><\/tr><tr><td>Pouvoir \u00e9crasant<\/td><td>3kw<\/td><\/tr><tr><td>Poids<\/td><td>55 kg (alimentation non comprise)<\/td><\/tr><tr><td>Capacit\u00e9 de coupe des paillettes<\/td><td>1200KG<\/td><\/tr><tr><td>\u00c9cran correspondant<\/td><td>4 (2\/3\/10\/30)<\/td><\/tr><\/tbody><\/table><figcaption class=\"wp-element-caption\">Param\u00e8tre du broyeur d'aliments pour volailles<\/figcaption><\/figure>    <p>La production du broyeur combin\u00e9 de grains d'herbe 9ZF-1800 peut atteindre 1 800 kg par heure.<\/p>    <figure class=\"wp-block-table is-style-stripes\"><table><tbody><tr><td>Mod\u00e8le de machine<\/td><td class=\"has-text-align-left\" data-align=\"left\">&nbsp;9ZF-1800<\/td><\/tr><tr><td>Vitesse du moteur<\/td><td class=\"has-text-align-left\" data-align=\"left\">2800 tr\/min<\/td><\/tr><tr><td>Tension nominale<\/td><td class=\"has-text-align-left\" data-align=\"left\">220V<\/td><\/tr><tr><td>Pouvoir<\/td><td class=\"has-text-align-left\" data-align=\"left\">3KW<\/td><\/tr><tr><td>Poids de la machine<\/td><td class=\"has-text-align-left\" data-align=\"left\">75KG<\/td><\/tr><tr><td>Rendement des machines<\/td><td class=\"has-text-align-left\" data-align=\"left\">1800 KG\/H<\/td><\/tr><tr><td>Champ d'application<\/td><td class=\"has-text-align-left\" data-align=\"left\">Vaches, moutons, porcs, poulets, canards, lapins et autres animaux d'\u00e9levage<\/td><\/tr><\/tbody><\/table><figcaption class=\"wp-element-caption\">Param\u00e8tre combin\u00e9 du broyeur de grains d'herbe<\/figcaption><\/figure>    <h3 class=\"wp-block-heading\" id=\"h-what-are-the-advantages-of-the-straw-cutter-and-grain-grinder\">Quels sont les avantages du coupe-paille et du broyeur \u00e0 grains ?<\/h3>    <ul class=\"wp-block-list\"> <li>Le coupe-paille et le broyeur \u00e0 grains sont largement utilis\u00e9s. Ils peuvent manipuler une vari\u00e9t\u00e9 de mat\u00e9riaux, tels que la paille, le fourrage, les l\u00e9gumes, les fruits, les c\u00e9r\u00e9ales, etc. Ils peuvent r\u00e9pondre aux besoins des gens en mati\u00e8re d\u2019aliments diversifi\u00e9s et nutritifs.<\/li>    <li>La machine a une vari\u00e9t\u00e9 de fonctions en plus de la guillotine mais peut \u00e9galement broyer une vari\u00e9t\u00e9 de c\u00e9r\u00e9ales et de fruits. En plus de cela, le fourrage peut \u00e9galement \u00eatre p\u00e9tri en lambeaux.<\/li>    <li>La machine est \u00e9quip\u00e9e de roulettes pour un d\u00e9placement facile, ce qui permet d'\u00e9conomiser du temps et de l'\u00e9nergie pour d\u00e9placer la machine.<\/li>    <li>Diff\u00e9rents mod\u00e8les de machine peuvent r\u00e9pondre aux diff\u00e9rentes exigences des utilisateurs en mati\u00e8re de production. Dans le m\u00eame temps, diff\u00e9rentes puissances peuvent r\u00e9pondre aux besoins de diff\u00e9rentes r\u00e9gions.<\/li> <\/ul>    <figure class=\"wp-block-gallery aligncenter has-nested-images columns-default is-cropped wp-block-gallery-3 is-layout-flex wp-block-gallery-is-layout-flex\"> <figure class=\"wp-block-image size-large\"><img loading=\"lazy\" decoding=\"async\" width=\"720\" height=\"540\" data-id=\"148\" src=\"https:\/\/balerwrapper.com\/wp-content\/uploads\/2022\/08\/straw-cutter-and-grain-grinder-.webp\" alt=\"coupe-paille et broyeur \u00e0 grains\" class=\"wp-image-148\" title=\"coupe-paille et broyeur \u00e0 grains\"\/><figcaption class=\"wp-element-caption\">coupe-paille et broyeur \u00e0 grains<\/figcaption><\/figure>    <figure class=\"wp-block-image size-large\"><img loading=\"lazy\" decoding=\"async\" width=\"720\" height=\"540\" data-id=\"149\" src=\"https:\/\/balerwrapper.com\/wp-content\/uploads\/2022\/08\/puoltry-feed-grinder-.webp\" alt=\"broyeur d&#039;aliments pour volailles\" class=\"wp-image-149\" title=\"broyeur d&#039;aliments pour volailles\"\/><figcaption class=\"wp-element-caption\">broyeur d'aliments pour volailles<\/figcaption><\/figure> <\/figure>    <h2 class=\"wp-block-heading\" id=\"h-type-2-five-port-combined-grass-grain-crusher\">Type 2\u00a0: Broyeur de grains d'herbe combin\u00e9 \u00e0 cinq ports<\/h2>    <p>Le broyeur de grains d'herbe combin\u00e9 \u00e0 cinq ports est bas\u00e9 sur le broyeur \u00e0 quatre ports avec une sortie suppl\u00e9mentaire. Parmi les trois orifices de d\u00e9charge, celui qui sort du haut est un mat\u00e9riau sec, celui qui sort du milieu est un mat\u00e9riau plus aqueux et celui qui sort du bas est du grain. <\/p>    <p>La machine peut ainsi distinguer automatiquement diff\u00e9rents mat\u00e9riaux. Les autres pi\u00e8ces sont similaires au type 1. La machine est \u00e9galement \u00e9quip\u00e9e de 5 \u00e9crans. Et les clients peuvent choisir la bonne taille de maillage en fonction de leurs besoins.<\/p>    <figure class=\"wp-block-gallery has-nested-images columns-default is-cropped wp-block-gallery-4 is-layout-flex wp-block-gallery-is-layout-flex\"> <figure class=\"wp-block-image size-large\"><img loading=\"lazy\" decoding=\"async\" width=\"720\" height=\"540\" data-id=\"144\" src=\"https:\/\/balerwrapper.com\/wp-content\/uploads\/2022\/08\/combined-grass-grain-crusher-2.webp\" alt=\"broyeur de grains d&#039;herbe combin\u00e9\" class=\"wp-image-144\"\/><figcaption class=\"wp-element-caption\">broyeur de grains d'herbe combin\u00e9<\/figcaption><\/figure>    <figure class=\"wp-block-image size-large\"><img loading=\"lazy\" decoding=\"async\" width=\"720\" height=\"540\" data-id=\"684\" src=\"https:\/\/balerwrapper.com\/wp-content\/uploads\/2022\/08\/grain-cutting-and-crushing-machine.webp\" alt=\"machine de coupe et de concassage de grains\" class=\"wp-image-684\" srcset=\"https:\/\/balerwrapper.com\/wp-content\/uploads\/2022\/08\/grain-cutting-and-crushing-machine.webp 720w, https:\/\/balerwrapper.com\/wp-content\/uploads\/2022\/08\/grain-cutting-and-crushing-machine-300x225.webp 300w, https:\/\/balerwrapper.com\/wp-content\/uploads\/2022\/08\/grain-cutting-and-crushing-machine-16x12.webp 16w\" sizes=\"auto, (max-width: 720px) 100vw, 720px\" \/><figcaption class=\"wp-element-caption\">machine de coupe et de concassage de grains<\/figcaption><\/figure> <\/figure>    <h3 class=\"wp-block-heading\" id=\"h-what-is-the-structure-of-the-silage-feed-cutting-grinder\">Quelle est la structure du broyeur de coupe d\u2019aliments pour ensilage\u00a0? <\/h3>    <p>La structure du broyeur de coupe d'aliments pour ensilage est similaire \u00e0 celle du type 1. Elle se compose principalement d'un cadre, de roues, d'une entr\u00e9e de grain, d'une entr\u00e9e de guillotine, d'une puissance, d'une sortie de pulv\u00e9risation \u00e9lev\u00e9e, d'une sortie de pulv\u00e9risation moyenne, d'une sortie de pulv\u00e9risation basse, etc. du broyeur de grains d'herbe combin\u00e9 est compact et enti\u00e8rement fonctionnel.<\/p>    <h3 class=\"wp-block-heading\" id=\"h-detailed-technical-parameters-of-the-chop-cutter-machine\">Param\u00e8tres techniques d\u00e9taill\u00e9s de la machine \u00e0 couper les c\u00f4telettes<\/h3>    <figure class=\"wp-block-table is-style-stripes\"><table><tbody><tr><td>Mod\u00e8le<\/td><td>9ZF-500<\/td><\/tr><tr><td>Vitesse du moteur<\/td><td>2800 tr\/min<\/td><\/tr><tr><td>Pouvoir<\/td><td>3KW<\/td><\/tr><tr><td>Poids de la machine<\/td><td>68KG<\/td><\/tr><tr><td>Rendement des machines<\/td><td>1200KG<\/td><\/tr><tr><td>Taille<\/td><td>1220*1070*1190mm<\/td><\/tr><tr><td>\u00c9cran correspondant<\/td><td>4 (2\/3\/10\/30)<\/td><\/tr><\/tbody><\/table><figcaption class=\"wp-element-caption\">Param\u00e8tre de la machine \u00e0 d\u00e9couper les c\u00f4telettes<\/figcaption><\/figure>    <h3 class=\"wp-block-heading\" id=\"h-what-are-the-good-points-of-the-cow-feed-cutting-machine\">Quels sont les avantages de la machine de d\u00e9coupe d'aliments pour vaches\u00a0?<\/h3>    <ul class=\"wp-block-list\"> <li>La fonction de p\u00e9trissage du broyeur de grains d'herbe combin\u00e9 peut transformer les tiges de ma\u00efs, les tiges de haricots, les pailles et autres cultures et mauvaises herbes sauvages en filaments plus doux. Ce mat\u00e9riau d\u00e9chiquet\u00e9 est facile pour les bovins, les moutons et facilite la digestion et l'absorption.<\/li>    <li>La machine a une conception avanc\u00e9e, un fonctionnement fluide, une utilisation facile, des \u00e9conomies d'\u00e9nergie, une s\u00e9curit\u00e9 et une fiabilit\u00e9, ainsi que de nombreux autres avantages.<\/li>    <li>Dans le m\u00eame temps, le broyeur combin\u00e9 de grains d'herbe hors du mat\u00e9riau est \u00e9galement propice au transport et au stockage de la mise en balles. C'est une machine n\u00e9cessaire pour la majorit\u00e9 des \u00e9leveurs de bovins et de moutons et des petites et moyennes usines de transformation d'aliments pour animaux dans la zone d'\u00e9levage.<\/li> <\/ul>    <figure class=\"wp-block-gallery has-nested-images columns-default is-cropped wp-block-gallery-5 is-layout-flex wp-block-gallery-is-layout-flex\"> <figure class=\"wp-block-image size-large\"><img loading=\"lazy\" decoding=\"async\" width=\"720\" height=\"540\" data-id=\"682\" src=\"https:\/\/balerwrapper.com\/wp-content\/uploads\/2022\/08\/silage-cutter-and-grinder-machine.webp\" alt=\"machine de coupe et de broyeur d&#039;ensilage\" class=\"wp-image-682\" srcset=\"https:\/\/balerwrapper.com\/wp-content\/uploads\/2022\/08\/silage-cutter-and-grinder-machine.webp 720w, https:\/\/balerwrapper.com\/wp-content\/uploads\/2022\/08\/silage-cutter-and-grinder-machine-300x225.webp 300w, https:\/\/balerwrapper.com\/wp-content\/uploads\/2022\/08\/silage-cutter-and-grinder-machine-16x12.webp 16w\" sizes=\"auto, (max-width: 720px) 100vw, 720px\" \/><figcaption class=\"wp-element-caption\">machine de coupe et de broyeur d'ensilage<\/figcaption><\/figure>    <figure class=\"wp-block-image size-large\"><img loading=\"lazy\" decoding=\"async\" width=\"720\" height=\"540\" data-id=\"147\" src=\"https:\/\/balerwrapper.com\/wp-content\/uploads\/2022\/08\/cow-feed-cutting-machine-factory-.jpg\" alt=\"\" class=\"wp-image-147\"\/><\/figure> <\/figure>    <h2 class=\"wp-block-heading\" id=\"h-export-chaff-cutter-and-grinder-to-sudan\">Exporter un coupe-paille et un broyeur vers le Soudan<\/h2>    <p class=\"translation-block\">Hier, un client du <a href=\"https:\/\/en.wikipedia.org\/wiki\/Sudan\" target=\"_blank\" rel=\"noopener\">Soudan<\/a> nous a achet\u00e9 un broyeur combin\u00e9 d'herbe et de c\u00e9r\u00e9ales 9ZF-500. Le client poss\u00e8de une exploitation d'\u00e9levage, nourrissant principalement des bovins et des ovins. Par cons\u00e9quent, une grande quantit\u00e9 de fourrage doit \u00eatre trait\u00e9e chaque jour. <\/p>    <p>Pour am\u00e9liorer l\u2019efficacit\u00e9 du traitement du fourrage, le client avait besoin d\u2019une machine de traitement du fourrage professionnelle. Le client a donc recherch\u00e9 la machine sur Internet et a trouv\u00e9 notre site Internet. Apr\u00e8s navigation, le client nous a contact\u00e9. <\/p>    <p>Nous avons imm\u00e9diatement envoy\u00e9 des photos et des vid\u00e9os de la machine et des param\u00e8tres associ\u00e9s au client. Nous avons \u00e9galement recommand\u00e9 un mod\u00e8le de machine adapt\u00e9 aux besoins du client. Apr\u00e8s r\u00e9flexion, le client a d\u00e9cid\u00e9 d'acheter un broyeur coupe-paille \u00e0 cinq dents.<\/p>    <figure class=\"wp-block-gallery has-nested-images columns-default is-cropped wp-block-gallery-6 is-layout-flex wp-block-gallery-is-layout-flex\"> <figure class=\"wp-block-image size-large\"><img loading=\"lazy\" decoding=\"async\" width=\"720\" height=\"540\" data-id=\"145\" src=\"https:\/\/balerwrapper.com\/wp-content\/uploads\/2022\/08\/wooden-case-packing-of-chaff-cutter-and-grinder-.jpg\" alt=\"\" class=\"wp-image-145\"\/><figcaption class=\"wp-element-caption\">Emballage de caisse en bois de coupe-paille et de broyeur<\/figcaption><\/figure>    <figure class=\"wp-block-image size-large\"><img loading=\"lazy\" decoding=\"async\" width=\"720\" height=\"540\" data-id=\"146\" src=\"https:\/\/balerwrapper.com\/wp-content\/uploads\/2022\/08\/shipping-of-the-9ZF-500-chaff-cutter-.jpg\" alt=\"exp\u00e9dition du coupe-paille 9ZF-500\" class=\"wp-image-146\" title=\"exp\u00e9dition du coupe-paille 9ZF-500\"\/><figcaption class=\"wp-element-caption\">exp\u00e9dition du coupe-paille 9ZF-500<\/figcaption><\/figure> <\/figure>    <h2 class=\"wp-block-heading\">Contactez-nous \u00e0 tout moment<\/h2>    <p>Notre soci\u00e9t\u00e9 est sp\u00e9cialis\u00e9e dans la fabrication de machines de traitement d'ensilage avec une riche exp\u00e9rience. Si vous \u00eates \u00e9galement engag\u00e9 dans des activit\u00e9s connexes, nous serons votre meilleur choix, bienvenue pour parcourir ce site Web et n'h\u00e9sitez pas \u00e0 nous contacter, nous sommes impatients de coop\u00e9rer avec vous !<\/p>","protected":false},"excerpt":{"rendered":"<p>Le broyeur de grains d'herbe combin\u00e9 est un \u00e9quipement de manutention d'aliments multifonctionnel. Il peut traiter l\u2019herbe, les c\u00e9r\u00e9ales, les fruits et les l\u00e9gumes. <\/p>","protected":false},"author":1,"featured_media":150,"parent":0,"template":"","tags":[40,35],"product-type":[6],"class_list":["post-55","product","type-product","status-publish","has-post-thumbnail","hentry","tag-grass","tag-silage","product-type-chaff-cutter"],"_links":{"self":[{"href":"https:\/\/balerwrapper.com\/fr\/wp-json\/wp\/v2\/product\/55","targetHints":{"allow":["GET"]}}],"collection":[{"href":"https:\/\/balerwrapper.com\/fr\/wp-json\/wp\/v2\/product"}],"about":[{"href":"https:\/\/balerwrapper.com\/fr\/wp-json\/wp\/v2\/types\/product"}],"author":[{"embeddable":true,"href":"https:\/\/balerwrapper.com\/fr\/wp-json\/wp\/v2\/users\/1"}],"wp:featuredmedia":[{"embeddable":true,"href":"https:\/\/balerwrapper.com\/fr\/wp-json\/wp\/v2\/media\/150"}],"wp:attachment":[{"href":"https:\/\/balerwrapper.com\/fr\/wp-json\/wp\/v2\/media?parent=55"}],"wp:term":[{"taxonomy":"post_tag","embeddable":true,"href":"https:\/\/balerwrapper.com\/fr\/wp-json\/wp\/v2\/tags?post=55"},{"taxonomy":"product-type","embeddable":true,"href":"https:\/\/balerwrapper.com\/fr\/wp-json\/wp\/v2\/product-type?post=55"}],"curies":[{"name":"wp","href":"https:\/\/api.w.org\/{rel}","templated":true}]}}