{"id":53,"date":"2022-08-24T10:24:55","date_gmt":"2022-08-24T10:24:55","guid":{"rendered":"https:\/\/balerwrapper.com\/?post_type=product&#038;p=53"},"modified":"2026-04-23T16:45:07","modified_gmt":"2026-04-23T08:45:07","slug":"silage-wrapping-machine","status":"publish","type":"product","link":"https:\/\/balerwrapper.com\/fr\/product\/silage-wrapping-machine\/","title":{"rendered":"Machine d'enveloppement de silage 9YDB-70, presse \u00e0 foin \u00e0 vendre"},"content":{"rendered":"<div class=\"kk-star-ratings kksr-auto kksr-align-left kksr-valign-top\"     data-payload='{&quot;align&quot;:&quot;left&quot;,&quot;id&quot;:&quot;53&quot;,&quot;slug&quot;:&quot;default&quot;,&quot;valign&quot;:&quot;top&quot;,&quot;ignore&quot;:&quot;&quot;,&quot;reference&quot;:&quot;auto&quot;,&quot;class&quot;:&quot;&quot;,&quot;count&quot;:&quot;90&quot;,&quot;legendonly&quot;:&quot;&quot;,&quot;readonly&quot;:&quot;&quot;,&quot;score&quot;:&quot;4.8&quot;,&quot;starsonly&quot;:&quot;&quot;,&quot;best&quot;:&quot;5&quot;,&quot;gap&quot;:&quot;5&quot;,&quot;greet&quot;:&quot;Rate this product&quot;,&quot;legend&quot;:&quot;4.8\\\/5 - (90 votes)&quot;,&quot;size&quot;:&quot;24&quot;,&quot;title&quot;:&quot;9YDB-70 Silage Wrapping Machine Hay Baler For Sale&quot;,&quot;width&quot;:&quot;136.7&quot;,&quot;_legend&quot;:&quot;{score}\\\/{best} - ({count} {votes})&quot;,&quot;font_factor&quot;:&quot;1.25&quot;}'>              <div class=\"kksr-stars\">      <div class=\"kksr-stars-inactive\">             <div class=\"kksr-star\" data-star=\"1\" style=\"padding-right: 5px\">               <div class=\"kksr-icon\" style=\"width: 24px; height: 24px;\"><\/div>         <\/div>             <div class=\"kksr-star\" data-star=\"2\" style=\"padding-right: 5px\">               <div class=\"kksr-icon\" style=\"width: 24px; height: 24px;\"><\/div>         <\/div>             <div class=\"kksr-star\" data-star=\"3\" style=\"padding-right: 5px\">               <div class=\"kksr-icon\" style=\"width: 24px; height: 24px;\"><\/div>         <\/div>             <div class=\"kksr-star\" data-star=\"4\" style=\"padding-right: 5px\">               <div class=\"kksr-icon\" style=\"width: 24px; height: 24px;\"><\/div>         <\/div>             <div class=\"kksr-star\" data-star=\"5\" style=\"padding-right: 5px\">               <div class=\"kksr-icon\" style=\"width: 24px; height: 24px;\"><\/div>         <\/div>     <\/div>      <div class=\"kksr-stars-active\" style=\"width: 136.7px;\">             <div class=\"kksr-star\" style=\"padding-right: 5px\">               <div class=\"kksr-icon\" style=\"width: 24px; height: 24px;\"><\/div>         <\/div>             <div class=\"kksr-star\" style=\"padding-right: 5px\">               <div class=\"kksr-icon\" style=\"width: 24px; height: 24px;\"><\/div>         <\/div>             <div class=\"kksr-star\" style=\"padding-right: 5px\">               <div class=\"kksr-icon\" style=\"width: 24px; height: 24px;\"><\/div>         <\/div>             <div class=\"kksr-star\" style=\"padding-right: 5px\">               <div class=\"kksr-icon\" style=\"width: 24px; height: 24px;\"><\/div>         <\/div>             <div class=\"kksr-star\" style=\"padding-right: 5px\">               <div class=\"kksr-icon\" style=\"width: 24px; height: 24px;\"><\/div>         <\/div>     <\/div> <\/div>                   <div class=\"kksr-legend\" style=\"font-size: 19.2px;\">             4,8\/5 - (90 votes)    <\/div>     <\/div>  <p>La machine automatique d'emballage de silo TZ-70-70 avec technologie d'emballage \u00e0 double film (taille de balle unique 70\u00d770cm) combin\u00e9e \u00e0 un processus d'ouverture et d'emballage automatique, jusqu'\u00e0 80 ballots\/heure de haute production.<\/p>    <p>Compar\u00e9 \u00e0 l'op\u00e9ration manuelle traditionnelle, l'efficacit\u00e9 de la machine est augment\u00e9e de 5 fois, et le scellage est de 99 % dans un environnement ana\u00e9robie. Cela garantit la fermentation stable des bact\u00e9ries lactiques, le taux de r\u00e9tention de prot\u00e9ines brutes dans l'alimentation d\u00e9passe 95 %, et l'alimentation est stock\u00e9e \u00e0 l'air libre pendant 2 \u00e0 3 ans sans se d\u00e9t\u00e9riorer. <\/p>    <p>La conception de l'entra\u00eenement \u00e9lectrique avec un syst\u00e8me de protection contre les surcharges intelligent r\u00e9duit le taux de d\u00e9faillance de 40 %, garantissant un fonctionnement continu par tous les temps pour les grandes exploitations agricoles et les entreprises de transformation des aliments.<\/p>    <figure class=\"wp-block-embed aligncenter is-type-video is-provider-youtube wp-block-embed-youtube wp-embed-aspect-16-9 wp-has-aspect-ratio\"><div class=\"wp-block-embed__wrapper\"> <iframe loading=\"lazy\" title=\"La presse \u00e0 balles rondes d&#039;ensilage automatique fonctionne avec un \u00e9quipement d&#039;alimentation\u00a0! machine d&#039;emballage d&#039;ensilage \u00e0 haute efficacit\u00e9\" width=\"500\" height=\"281\" src=\"https:\/\/www.youtube.com\/embed\/RlJzMLxkJc0?feature=oembed\" frameborder=\"0\" allow=\"accelerometer; autoplay; clipboard-write; encrypted-media; gyroscope; picture-in-picture; web-share\" referrerpolicy=\"strict-origin-when-cross-origin\" allowfullscreen><\/iframe> <\/div><figcaption class=\"wp-element-caption\">vid\u00e9o de travail de la machine d'emballage de balles de foin d'ensilage<\/figcaption><\/figure>    <p>Avec une densit\u00e9 de 750kg\/m\u00b3, la technologie de pressage haute densit\u00e9 et d'emballage lamin\u00e9 \u00e0 double film, le TZ-70-70 permet un contr\u00f4le pr\u00e9cis du poids de chaque balle (ajustable entre 60-100kg), et le taux de perte lors du transport est inf\u00e9rieur \u00e0 0,5%.<\/p>    <p>L'\u00e9quipement adopte un design modulaire, supportant le changement d'un simple bouton du nombre de couches d'emballage (2-6 couches), s'adaptant aux besoins de diff\u00e9rents cycles de stockage.<\/p>    <p>Compar\u00e9 au silo traditionnel, le co\u00fbt global par tonne d'alimentation est r\u00e9duit de 30 %, ce qui aide \u00e0 augmenter le revenu annuel moyen du ranch de plus de 25 %.<\/p>   <div class=\"wp-block-image\"> <figure class=\"aligncenter size-full\"><img loading=\"lazy\" decoding=\"async\" width=\"720\" height=\"540\" src=\"https:\/\/balerwrapper.com\/wp-content\/uploads\/2022\/08\/hay-baler-machine-.webp\" alt=\" presse \u00e0 foin\" class=\"wp-image-217\" title=\" presse \u00e0 foin\"\/><figcaption class=\"wp-element-caption\"> presse \u00e0 foin<\/figcaption><\/figure> <\/div>  <div class=\"wp-block-image\"> <figure class=\"aligncenter size-full\"><img loading=\"lazy\" decoding=\"async\" width=\"720\" height=\"540\" src=\"https:\/\/balerwrapper.com\/wp-content\/uploads\/2022\/08\/finished-production-from-hay-baler.webp\" alt=\"production finie de la presse \u00e0 foin\" class=\"wp-image-655\" srcset=\"https:\/\/balerwrapper.com\/wp-content\/uploads\/2022\/08\/finished-production-from-hay-baler.webp 720w, https:\/\/balerwrapper.com\/wp-content\/uploads\/2022\/08\/finished-production-from-hay-baler-300x225.webp 300w, https:\/\/balerwrapper.com\/wp-content\/uploads\/2022\/08\/finished-production-from-hay-baler-16x12.webp 16w\" sizes=\"auto, (max-width: 720px) 100vw, 720px\" \/><figcaption class=\"wp-element-caption\">production finie d'une presse \u00e0 foin<\/figcaption><\/figure> <\/div>   <h2 class=\"wp-block-heading\" id=\"h-features-of-the-hay-baler-machine\">Caract\u00e9ristiques de la machine d'enrubannage de silage TZ-70-70<\/h2>    <ul class=\"wp-block-list\"> <li>Avec un enroulement de film double, vous obtenez une vitesse d'enrubannage plus rapide et une efficacit\u00e9 am\u00e9lior\u00e9e.<\/li>    <li>Le ballot fini est impressionnamment grand, capable de contenir une quantit\u00e9 significative de fourrage \u00e0 la fois.<\/li>    <li>Il est polyvalent et peut g\u00e9rer tous les types de fourrage, ce qui les rend adapt\u00e9s \u00e0 une vari\u00e9t\u00e9 d'applications.<\/li>    <li>La machine d'enrubannage de fourrage est super facile \u00e0 utiliser, et une personne peut tout g\u00e9rer seule. C'est un vrai gain de temps !<\/li> <\/ul>   <div class=\"wp-block-image\"> <figure class=\"aligncenter size-full\"><img loading=\"lazy\" decoding=\"async\" width=\"720\" height=\"540\" src=\"https:\/\/balerwrapper.com\/wp-content\/uploads\/2022\/08\/automatic-hay-baler-wrapper-machine-1.webp\" alt=\"Machine d&#039;emballage automatique de presse \u00e0 foin\" class=\"wp-image-656\" srcset=\"https:\/\/balerwrapper.com\/wp-content\/uploads\/2022\/08\/automatic-hay-baler-wrapper-machine-1.webp 720w, https:\/\/balerwrapper.com\/wp-content\/uploads\/2022\/08\/automatic-hay-baler-wrapper-machine-1-300x225.webp 300w, https:\/\/balerwrapper.com\/wp-content\/uploads\/2022\/08\/automatic-hay-baler-wrapper-machine-1-16x12.webp 16w\" sizes=\"auto, (max-width: 720px) 100vw, 720px\" \/><figcaption class=\"wp-element-caption\">Machine d'emballage automatique de presse \u00e0 foin<\/figcaption><\/figure> <\/div>   <h2 class=\"wp-block-heading\" id=\"h-structure-of-corn-silage-baler-and-wrapper\">Structure de la presse et de l'enrubanneuse d'ensilage de ma\u00efs<\/h2>    <p>La presse et l'enrubanneuse d'ensilage de ma\u00efs comprennent principalement le cadre inf\u00e9rieur, le convoyeur \u00e0 bande, le bac \u00e0 billes, le cadre rotatif, le m\u00e9canisme de transfert de film, le m\u00e9canisme de pressage et de coupe du film, le moteur de mise en balles et le moteur rotatif, etc.<\/p>   <div class=\"wp-block-image is-resized\"> <figure class=\"aligncenter size-full\"><img loading=\"lazy\" decoding=\"async\" width=\"720\" height=\"540\" src=\"https:\/\/balerwrapper.com\/wp-content\/uploads\/2022\/08\/forage-baler-wrapper-machine-.webp\" alt=\"machine d&#039;emballage de presse \u00e0 fourrage\" class=\"wp-image-220\" title=\"machine d&#039;emballage de presse \u00e0 fourrage\"\/><figcaption class=\"wp-element-caption\">machine d'emballage de presse \u00e0 fourrage<\/figcaption><\/figure> <\/div>   <h2 class=\"wp-block-heading\">Comment fonctionne la presse \u00e0 balles de silage ?<\/h2>    <p>Le flux de travail de la machine d'enrubannage de fourrage est divis\u00e9 en deux \u00e9tapes :<\/p>    <ul class=\"wp-block-list\"> <li><strong>\u00c9tape de pressage :<\/strong> la paille p\u00e9trie ou l'herbe fourrag\u00e8re est introduite dans le bac \u00e0 balles et extrud\u00e9e par le rouleau de pression pour former des balles cylindriques (g\u00e9n\u00e9ralement de 70 cm de diam\u00e8tre, pesant environ 80 kg par balle), qui seront d\u00e9clench\u00e9es par un enroulement automatique de corde lorsque la densit\u00e9 du fourrage atteint la valeur d\u00e9finie.<\/li>    <li><strong>\u00c9tape d'enrubannage :<\/strong> les balles tombent automatiquement dans le cadre rotatif apr\u00e8s le pressage, et en r\u00e9glant le nombre de couches d'enveloppement en film, en enroulant la couche de film sp\u00e9cial pour p\u00e2turage couche par couche pour former un environnement ana\u00e9robie scell\u00e9.<\/li> <\/ul>    <figure class=\"wp-block-embed aligncenter is-type-video is-provider-youtube wp-block-embed-youtube wp-embed-aspect-16-9 wp-has-aspect-ratio\"><div class=\"wp-block-embed__wrapper\"> <iframe loading=\"lazy\" title=\"Comment se pr\u00e9parer avant d&#039;utiliser la presse et l&#039;emballage d&#039;ensilage\u00a0? presse \u00e0 balles de paille et de foin\" width=\"500\" height=\"281\" src=\"https:\/\/www.youtube.com\/embed\/0Ggactf6n60?feature=oembed\" frameborder=\"0\" allow=\"accelerometer; autoplay; clipboard-write; encrypted-media; gyroscope; picture-in-picture; web-share\" referrerpolicy=\"strict-origin-when-cross-origin\" allowfullscreen><\/iframe> <\/div><figcaption class=\"wp-element-caption\">vid\u00e9o de travail de la presse \u00e0 balles d'ensilage<\/figcaption><\/figure>    <h2 class=\"wp-block-heading\" id=\"h-parameters-of-forage-baler-wrapper-machine\">Param\u00e8tres de la machine d'emballage de presse \u00e0 fourrage<\/h2>    <figure class=\"wp-block-table is-style-stripes\"><table><tbody><tr><td>Mod\u00e8le<\/td><td>9YDB-70<\/td><\/tr><tr><td>Pouvoir<\/td><td>Moteur \u00e9lectrique 11kw+0,55kw+0,75kw+3kw+0,37kw<\/td><\/tr><tr><td>Taille des balles<\/td><td>\u03a670*70 cm<\/td><\/tr><tr><td>Poids de la balle<\/td><td>150-200kg\/balle<\/td><\/tr><tr><td>Capacit\u00e9<\/td><td>55-75balles\/h<\/td><\/tr><tr><td>Volume du compresseur d'air<\/td><td>0,36 m\u00b3<\/td><\/tr><tr><td>Convoyeur d'alimentation (W*L)<\/td><td>700*2100mm<\/td><\/tr><tr><td>D\u00e9coupage du tournage<\/td><td>Automatique<\/td><\/tr><tr><td>Efficacit\u00e9 d'emballage<\/td><td>6 couches ont besoin de 22 secondes<\/td><\/tr><tr><td>Taille<\/td><td>4500*1900*2000mm<\/td><\/tr><tr><td>Poids<\/td><td>1100 kg<\/td><\/tr><\/tbody><\/table><figcaption class=\"wp-element-caption\">param\u00e8tre de la machine d'emballage de silage de fourrage<\/figcaption><\/figure>    <h2 class=\"wp-block-heading\" id=\"h-the-difference-between-tz-70-70-and-ts-55-52-silage-round-baler\">Diff\u00e9rence entre TZ-70-70 et <a href=\"https:\/\/balerwrapper.com\/fr\/product\/corn-silage-baler-machine\/\">Presse \u00e0 balles rondes d'ensilage TS-55-52<\/a><\/h2>    <ul start=\"2\" class=\"wp-block-list\"> <li>Les options de puissance pour les 70 types de machines d'enrubannage de fourrage sont exclusivement des moteurs \u00e9lectriques, tandis que les 50 types peuvent fonctionner soit avec des moteurs \u00e9lectriques, soit avec des moteurs diesel.<\/li>    <li>En ce qui concerne la taille, les 70 types de machines d'enrubannage de fourrage mesurent 70 x 70, tandis que les 50 types sont l\u00e9g\u00e8rement diff\u00e9rents \u00e0 50 x 52.<\/li>    <li>Pour lier l'herbe, les machines de pressage et d'emballage de type 70 d\u00e9pendent uniquement de la corde en filet, mais les machines de type 50 ont la flexibilit\u00e9 d'utiliser \u00e0 la fois la corde en filet et la corde en herbe.<\/li>    <li>La machine d'emballage de silage de type 70 fonctionne enti\u00e8rement automatiquement, tandis que la machine de type 50 offre un choix entre des fonctions automatiques et semi-automatiques.<\/li> <\/ul>   <div class=\"wp-block-image\"> <figure class=\"aligncenter size-full\"><img loading=\"lazy\" decoding=\"async\" width=\"720\" height=\"540\" src=\"https:\/\/balerwrapper.com\/wp-content\/uploads\/2022\/08\/silage-baler-and-wrapper-machine.webp\" alt=\"presse \u00e0 balles d&#039;ensilage et machine d&#039;emballage\" class=\"wp-image-657\" title=\"presse \u00e0 ensilage et enrubanneuse\" srcset=\"https:\/\/balerwrapper.com\/wp-content\/uploads\/2022\/08\/silage-baler-and-wrapper-machine.webp 720w, https:\/\/balerwrapper.com\/wp-content\/uploads\/2022\/08\/silage-baler-and-wrapper-machine-300x225.webp 300w, https:\/\/balerwrapper.com\/wp-content\/uploads\/2022\/08\/silage-baler-and-wrapper-machine-16x12.webp 16w\" sizes=\"auto, (max-width: 720px) 100vw, 720px\" \/><figcaption class=\"wp-element-caption\">presse \u00e0 balles d'ensilage et machine d'emballage<\/figcaption><\/figure> <\/div>   <h2 class=\"wp-block-heading\" id=\"h-what-are-the-machines-that-can-work-with-automatic-silage-feed-balers\">Machines qui peuvent travailler avec des enrubanneuses automatiques de fourrage.<\/h2>    <p class=\"translation-block\">Les machines d\u2019enrubannage d\u2019ensilage TZ-70-70 sont con\u00e7ues pour traiter un volume plus important de mat\u00e9riaux en une seule fois. Elles peuvent fonctionner en conjonction avec une ensileuse et un m\u00e9langeur d\u2019aliments. (<em>Lire la suite :<\/em> <strong><em><a href=\"https:\/\/balerwrapper.com\/fr\/product\/silage-chaff-cutter\/\">Machine de coupe d\u2019herbe pour l\u2019alimentation animale Ensileuse<\/a><\/em><\/strong><em>&gt;&gt;<\/em>)<\/p>    <p>Tout d'abord, vous pouvez transformer le fourrage en une consistance l\u00e9g\u00e8re, puis le transf\u00e9rer dans le m\u00e9langeur d'aliments. Une fois m\u00e9lang\u00e9, le fourrage peut \u00eatre envoy\u00e9 directement sur la bande transporteuse de la presse \u00e0 balles.<\/p>   <div class=\"wp-block-image\"> <figure class=\"aligncenter size-full\"><img loading=\"lazy\" decoding=\"async\" width=\"720\" height=\"540\" src=\"https:\/\/balerwrapper.com\/wp-content\/uploads\/2022\/08\/automatic-silage-feed-balers-.webp\" alt=\"presses \u00e0 ensilage automatiques\" class=\"wp-image-219\" title=\"presses \u00e0 ensilage automatiques\"\/><figcaption class=\"wp-element-caption\">presses \u00e0 ensilage automatiques<\/figcaption><\/figure> <\/div>   <h2 class=\"wp-block-heading\">Certificat CE de la machine \u00e0 balles de silage<\/h2>    <p>Nous avons le certificat CE pour la machine d'enrubannage de balles de silage. Si vous en avez besoin, faites-le nous savoir et nous vous fournirons tous les d\u00e9tails concernant le certificat.<\/p>   <div class=\"wp-block-image\"> <figure class=\"aligncenter size-full\"><img loading=\"lazy\" decoding=\"async\" width=\"540\" height=\"720\" src=\"https:\/\/balerwrapper.com\/wp-content\/uploads\/2022\/08\/silage-baler-machine-certificate.webp\" alt=\"certificat de presse \u00e0 ensilage\" class=\"wp-image-654\" srcset=\"https:\/\/balerwrapper.com\/wp-content\/uploads\/2022\/08\/silage-baler-machine-certificate.webp 540w, https:\/\/balerwrapper.com\/wp-content\/uploads\/2022\/08\/silage-baler-machine-certificate-225x300.webp 225w, https:\/\/balerwrapper.com\/wp-content\/uploads\/2022\/08\/silage-baler-machine-certificate-9x12.webp 9w\" sizes=\"auto, (max-width: 540px) 100vw, 540px\" \/><figcaption class=\"wp-element-caption\">certificat de presse \u00e0 ensilage<\/figcaption><\/figure> <\/div>   <h2 class=\"wp-block-heading\" id=\"h-faq\">FAQ<\/h2>   <div id=\"rank-math-faq\" class=\"rank-math-block\"> <div class=\"rank-math-list\"> <div id=\"faq-question-1717055280482\" class=\"rank-math-list-item\"> <h3 class=\"rank-math-question\">Puis-je acheter la corde et le film s\u00e9par\u00e9ment ?<\/h3> <div class=\"rank-math-answer\">  <p>Oui.<\/p>  <\/div> <\/div> <div id=\"faq-question-1717055287844\" class=\"rank-math-list-item\"> <h3 class=\"rank-math-question\">Puis-je ajuster moi-m\u00eame le nombre de couches de film d\u2019emballage ?<\/h3> <div class=\"rank-math-answer\">  <p>Oui, vous pouvez ajuster le nombre de couches en fonction de vos besoins.<\/p>  <\/div> <\/div> <div id=\"faq-question-1717055296648\" class=\"rank-math-list-item\"> <h3 class=\"rank-math-question\">Quel type de fourrage est le plus facile \u00e0 manipuler ?<\/h3> <div class=\"rank-math-answer\">  <p>Nous vous recommandons d'utiliser un p\u00e9trin pour traiter les fourrages floculants car il est plus facile de rouler le fourrage ensemble et pas facile \u00e0 \u00e9taler.<\/p>  <\/div> <\/div> <div id=\"faq-question-1717055305431\" class=\"rank-math-list-item\"> <h3 class=\"rank-math-question\">Avez-vous un certificat CE?<\/h3> <div class=\"rank-math-answer\">  <p>Oui.<\/p>  <\/div> <\/div> <div id=\"faq-question-1717055313978\" class=\"rank-math-list-item\"> <h3 class=\"rank-math-question\">Quelle est la puissance de la machine ?<\/h3> <div class=\"rank-math-answer\">  <p>La puissance ne peut \u00eatre qu'un moteur \u00e9lectrique, 50 types peuvent \u00eatre un moteur \u00e9lectrique ou un moteur diesel.<\/p>  <\/div> <\/div> <\/div> <\/div>","protected":false},"excerpt":{"rendered":"<p>La machine d'emballage d'ensilage est une sorte de machine agricole. Aujourd\u2019hui, de nombreux agriculteurs utilisent cette machine pour conserver la fra\u00eecheur du fourrage comme celui des bovins et des moutons.<\/p>","protected":false},"author":1,"featured_media":216,"parent":0,"template":"","tags":[37,35],"product-type":[7],"class_list":["post-53","product","type-product","status-publish","has-post-thumbnail","hentry","tag-feed","tag-silage","product-type-silage-baler"],"_links":{"self":[{"href":"https:\/\/balerwrapper.com\/fr\/wp-json\/wp\/v2\/product\/53","targetHints":{"allow":["GET"]}}],"collection":[{"href":"https:\/\/balerwrapper.com\/fr\/wp-json\/wp\/v2\/product"}],"about":[{"href":"https:\/\/balerwrapper.com\/fr\/wp-json\/wp\/v2\/types\/product"}],"author":[{"embeddable":true,"href":"https:\/\/balerwrapper.com\/fr\/wp-json\/wp\/v2\/users\/1"}],"wp:featuredmedia":[{"embeddable":true,"href":"https:\/\/balerwrapper.com\/fr\/wp-json\/wp\/v2\/media\/216"}],"wp:attachment":[{"href":"https:\/\/balerwrapper.com\/fr\/wp-json\/wp\/v2\/media?parent=53"}],"wp:term":[{"taxonomy":"post_tag","embeddable":true,"href":"https:\/\/balerwrapper.com\/fr\/wp-json\/wp\/v2\/tags?post=53"},{"taxonomy":"product-type","embeddable":true,"href":"https:\/\/balerwrapper.com\/fr\/wp-json\/wp\/v2\/product-type?post=53"}],"curies":[{"name":"wp","href":"https:\/\/api.w.org\/{rel}","templated":true}]}}