{"id":521,"date":"2023-11-29T09:49:04","date_gmt":"2023-11-29T01:49:04","guid":{"rendered":"https:\/\/balerwrapper.com\/?post_type=product&#038;p=521"},"modified":"2023-11-29T10:16:52","modified_gmt":"2023-11-29T02:16:52","slug":"silage-harvesting-and-recycling-machine","status":"publish","type":"product","link":"https:\/\/balerwrapper.com\/fr\/product\/silage-harvesting-and-recycling-machine\/","title":{"rendered":"Machine de r\u00e9colte et de recyclage d'ensilage de type mobile \u00e0 vendre"},"content":{"rendered":"<div class=\"kk-star-ratings kksr-auto kksr-align-left kksr-valign-top\"     data-payload='{&quot;align&quot;:&quot;left&quot;,&quot;id&quot;:&quot;521&quot;,&quot;slug&quot;:&quot;default&quot;,&quot;valign&quot;:&quot;top&quot;,&quot;ignore&quot;:&quot;&quot;,&quot;reference&quot;:&quot;auto&quot;,&quot;class&quot;:&quot;&quot;,&quot;count&quot;:&quot;6&quot;,&quot;legendonly&quot;:&quot;&quot;,&quot;readonly&quot;:&quot;&quot;,&quot;score&quot;:&quot;4.7&quot;,&quot;starsonly&quot;:&quot;&quot;,&quot;best&quot;:&quot;5&quot;,&quot;gap&quot;:&quot;5&quot;,&quot;greet&quot;:&quot;Rate this product&quot;,&quot;legend&quot;:&quot;4.7\\\/5 - (6 votes)&quot;,&quot;size&quot;:&quot;24&quot;,&quot;title&quot;:&quot;Mobile Type Silage Harvesting And Recycling Machine For Sale&quot;,&quot;width&quot;:&quot;133.8&quot;,&quot;_legend&quot;:&quot;{score}\\\/{best} - ({count} {votes})&quot;,&quot;font_factor&quot;:&quot;1.25&quot;}'>              <div class=\"kksr-stars\">      <div class=\"kksr-stars-inactive\">             <div class=\"kksr-star\" data-star=\"1\" style=\"padding-right: 5px\">               <div class=\"kksr-icon\" style=\"width: 24px; height: 24px;\"><\/div>         <\/div>             <div class=\"kksr-star\" data-star=\"2\" style=\"padding-right: 5px\">               <div class=\"kksr-icon\" style=\"width: 24px; height: 24px;\"><\/div>         <\/div>             <div class=\"kksr-star\" data-star=\"3\" style=\"padding-right: 5px\">               <div class=\"kksr-icon\" style=\"width: 24px; height: 24px;\"><\/div>         <\/div>             <div class=\"kksr-star\" data-star=\"4\" style=\"padding-right: 5px\">               <div class=\"kksr-icon\" style=\"width: 24px; height: 24px;\"><\/div>         <\/div>             <div class=\"kksr-star\" data-star=\"5\" style=\"padding-right: 5px\">               <div class=\"kksr-icon\" style=\"width: 24px; height: 24px;\"><\/div>         <\/div>     <\/div>      <div class=\"kksr-stars-active\" style=\"width: 133.8px;\">             <div class=\"kksr-star\" style=\"padding-right: 5px\">               <div class=\"kksr-icon\" style=\"width: 24px; height: 24px;\"><\/div>         <\/div>             <div class=\"kksr-star\" style=\"padding-right: 5px\">               <div class=\"kksr-icon\" style=\"width: 24px; height: 24px;\"><\/div>         <\/div>             <div class=\"kksr-star\" style=\"padding-right: 5px\">               <div class=\"kksr-icon\" style=\"width: 24px; height: 24px;\"><\/div>         <\/div>             <div class=\"kksr-star\" style=\"padding-right: 5px\">               <div class=\"kksr-icon\" style=\"width: 24px; height: 24px;\"><\/div>         <\/div>             <div class=\"kksr-star\" style=\"padding-right: 5px\">               <div class=\"kksr-icon\" style=\"width: 24px; height: 24px;\"><\/div>         <\/div>     <\/div> <\/div>                   <div class=\"kksr-legend\" style=\"font-size: 19.2px;\">             4,7\/5 - (6 votes)    <\/div>     <\/div>  <p class=\"translation-block\">La machine de r\u00e9colte et de recyclage du silage est <strong><a href=\"https:\/\/balerwrapper.com\/fr\/product\/stalk-cutting-recycling-machine\/\">utilis\u00e9e pour le concassage de paille et d\\'autres r\u00e9sidus de culture<\/a><\/strong>. Gr\u00e2ce aux lames \u00e0 haute vitesse et \u00e0 la chambre de concassage, la paille est efficacement r\u00e9duite en particules fines pour une utilisation ult\u00e9rieure, telle que le compostage, la pr\u00e9paration de l\\'alimentation ou la production d\\'\u00e9nergie. <\/p>    <figure class=\"wp-block-image size-full\"><img loading=\"lazy\" decoding=\"async\" width=\"720\" height=\"540\" src=\"https:\/\/balerwrapper.com\/wp-content\/uploads\/2023\/11\/straw-crushing-and-recycling-machine.webp\" alt=\"machine de concassage et de recyclage de paille\" class=\"wp-image-522\"\/><figcaption class=\"wp-element-caption\">machine de concassage et de recyclage de paille<\/figcaption><\/figure>    <p>Sa mobilit\u00e9 lui permet de r\u00e9pondre de mani\u00e8re flexible aux besoins de manutention de la paille de diff\u00e9rents endroits et occasions, offrant ainsi une solution pratique pour la gestion des d\u00e9chets agricoles.<\/p>    <h2 class=\"wp-block-heading\">Applications de la machine de r\u00e9colte et de recyclage d'ensilage<\/h2>    <p class=\"translation-block\">La <a href=\"https:\/\/en.wikipedia.org\/wiki\/Straw\" target=\"_blank\" rel=\"noopener\">paille<\/a> de concassage et de recyclage est largement utilis\u00e9e dans l\\'agriculture, l\\'\u00e9levage et la production d\\'\u00e9nergie. Ses principales applications incluent :<\/p>    <ol class=\"wp-block-list\"> <li><strong>Production d\u2019\u00e9nergie biomasse\u00a0:<\/strong> Apr\u00e8s avoir broy\u00e9 la paille en granul\u00e9s, elle peut \u00eatre utilis\u00e9e dans le domaine de l'\u00e9nergie de la biomasse, comme le combustible de granul\u00e9s de biomasse et la pr\u00e9paration de gaz de biomasse pour le chauffage et la production d'\u00e9lectricit\u00e9.<\/li>    <li><strong>Pr\u00e9paration d'engrais organique\u00a0:<\/strong> La paille broy\u00e9e peut \u00eatre m\u00e9lang\u00e9e \u00e0 d\u2019autres mati\u00e8res organiques pour produire un engrais organique efficace, utilis\u00e9 dans la production agricole, pour am\u00e9liorer la fertilit\u00e9 des sols.<\/li>    <li><strong>Traitement environnemental\u00a0:<\/strong> La gestion des d\u00e9chets de paille r\u00e9duit le br\u00fblage sur les terres agricoles et contribue \u00e0 r\u00e9duire la pollution de l\u2019air et de l\u2019environnement.<\/li>    <li><strong>Traitement des aliments\u00a0:<\/strong> Une fois la paille broy\u00e9e, elle peut \u00eatre utilis\u00e9e comme mati\u00e8re premi\u00e8re pour l\u2019alimentation animale, ce qui am\u00e9liore le taux d\u2019utilisation alimentaire de l\u2019\u00e9levage.<\/li> <\/ol>    <figure class=\"wp-block-image size-full\"><img loading=\"lazy\" decoding=\"async\" width=\"720\" height=\"540\" src=\"https:\/\/balerwrapper.com\/wp-content\/uploads\/2023\/11\/silage-harvesting-and-recycling-machine.webp\" alt=\"machine de r\u00e9colte et de recyclage d&#039;ensilage\" class=\"wp-image-523\"\/><figcaption class=\"wp-element-caption\">machine de r\u00e9colte et de recyclage d'ensilage<\/figcaption><\/figure>    <h2 class=\"wp-block-heading\">Fonction principale de la r\u00e9colteuse de paille et de la machine de recyclage<\/h2>    <ul class=\"wp-block-list\"> <li>R\u00e9colte efficacement la paille des cultures matures (par exemple bl\u00e9, orge, riz, etc.). Couper la paille en longueurs et formes appropri\u00e9es facilite sa manipulation.<\/li>    <li>Certaines r\u00e9colteuses de paille modernes sont dot\u00e9es d'une fonction de retour au champ qui \u00e9crase et r\u00e9partit uniform\u00e9ment la paille sur le champ, contribuant ainsi \u00e0 am\u00e9liorer la fertilit\u00e9 du sol, \u00e0 retenir l'humidit\u00e9 et \u00e0 r\u00e9duire l'\u00e9rosion du sol.<\/li> <\/ul>    <figure class=\"wp-block-image size-full\"><img loading=\"lazy\" decoding=\"async\" width=\"720\" height=\"540\" src=\"https:\/\/balerwrapper.com\/wp-content\/uploads\/2023\/11\/silage-straw-recycler.webp\" alt=\"recycleur de paille d&#039;ensilage\" class=\"wp-image-524\"\/><figcaption class=\"wp-element-caption\">recycleur de paille d'ensilage<\/figcaption><\/figure>    <h2 class=\"wp-block-heading\">Comment fonctionne cette machine<\/h2>    <p>Le principe de fonctionnement des machines de r\u00e9colte et de recyclage d'ensilage comprend g\u00e9n\u00e9ralement les \u00e9tapes suivantes\u00a0:<\/p>    <ol class=\"wp-block-list\"> <li>Il est d'abord tir\u00e9 par un tracteur.<\/li>    <li>La paille est transport\u00e9e vers l'int\u00e9rieur du broyeur par l'ouverture d'alimentation.<\/li>    <li>la paille est efficacement pulv\u00e9ris\u00e9e en petites particules en coupant et en frappant les couteaux rotatifs \u00e0 grande vitesse.<\/li>    <li>Les particules pulv\u00e9ris\u00e9es sont s\u00e9par\u00e9es par un tamis ou un tamis vibrant pour \u00e9liminer les particules plus grosses ou incompl\u00e8tement pulv\u00e9ris\u00e9es.<\/li>    <li>Afin d'\u00e9viter la propagation des poussi\u00e8res, certaines machines de concassage et de recyclage de paille sont \u00e9quip\u00e9es d'\u00e9quipements de d\u00e9poussi\u00e9rage pour collecter les poussi\u00e8res.<\/li>    <li>Enfin, une centrale hydraulique sur le tracteur entra\u00eene la machine pour d\u00e9charger la paille broy\u00e9e.<\/li> <\/ol>    <figure class=\"wp-block-image size-full\"><img loading=\"lazy\" decoding=\"async\" width=\"720\" height=\"540\" src=\"https:\/\/balerwrapper.com\/wp-content\/uploads\/2023\/11\/silage-shredding-recycling-machine.webp\" alt=\"machine de recyclage de d\u00e9chiquetage d&#039;ensilage\" class=\"wp-image-525\"\/><figcaption class=\"wp-element-caption\">machine de recyclage de d\u00e9chiquetage d'ensilage<\/figcaption><\/figure>    <h2 class=\"wp-block-heading\">Avantages de la machine de recyclage d'ensilage de type mobile<\/h2>    <ul class=\"wp-block-list\"> <li><strong>Flexibilit\u00e9 et portabilit\u00e9\u00a0:<\/strong> \u00c9quip\u00e9s de roues, ils sont faciles \u00e0 d\u00e9placer entre diff\u00e9rentes terres agricoles pour diff\u00e9rents endroits et occasions, et il est plus facile pour les agriculteurs de d\u00e9placer l'\u00e9quipement vers un autre endroit en cas de besoin.<\/li>    <li><strong>Rentabilit\u00e9\u00a0:<\/strong> L\u2019\u00e9quipement portable est g\u00e9n\u00e9ralement plus abordable que la construction d\u2019\u00e9quipement fixe. Les agriculteurs ont la possibilit\u00e9 de les louer ou de les acheter en cas de besoin, \u00e9liminant ainsi le besoin de travaux de construction co\u00fbteux.<\/li>    <li><strong>Adaptabilit\u00e9:<\/strong> Les machines portatives de r\u00e9colte et de recyclage d\u2019ensilage peuvent \u00eatre ajust\u00e9es et adapt\u00e9es \u00e0 diff\u00e9rentes cultures et conditions de terrain. Cela facilite l\u2019obtention de r\u00e9sultats optimaux sur diff\u00e9rentes terres agricoles.<\/li>    <li><strong>Production efficace\u00a0:<\/strong> Les unit\u00e9s portables sont souvent con\u00e7ues pour une production efficace, permettant une collecte, un d\u00e9chiquetage et un traitement plus rapides de la paille, avec 32 lames capables de couper enti\u00e8rement la paille pour un taux de r\u00e9cup\u00e9ration sup\u00e9rieur \u00e0 80%.<\/li>    <li><strong>R\u00e9duire les \u00e9carts entre les parcelles :<\/strong> Avec la possibilit\u00e9 de passer rapidement au champ suivant, les broyeurs et recycleurs de paille portables contribuent \u00e0 r\u00e9duire les \u00e9carts entre les parcelles, permettant ainsi une meilleure utilisation des terres.<\/li> <\/ul>    <figure class=\"wp-block-image size-full\"><img loading=\"lazy\" decoding=\"async\" width=\"720\" height=\"540\" src=\"https:\/\/balerwrapper.com\/wp-content\/uploads\/2023\/11\/silage-harvester.webp\" alt=\"ensileuse\" class=\"wp-image-526\"\/><figcaption class=\"wp-element-caption\">ensileuse<\/figcaption><\/figure>    <h2 class=\"wp-block-heading\">Entretien et r\u00e9paration<\/h2>    <p>L'entretien et l'entretien de la machine de r\u00e9colte et de recyclage d'ensilage sont la cl\u00e9 pour garantir le fonctionnement efficace et \u00e0 long terme de l'\u00e9quipement.<\/p>    <ol class=\"wp-block-list\"> <li><strong>Nettoyage p\u00e9riodique\u00a0:<\/strong> Nettoyez r\u00e9guli\u00e8rement toutes les pi\u00e8ces de la machine de concassage et de recyclage de la paille, y compris les couteaux, les bandes transporteuses et les tamis. Assurez-vous que la machine est hors ligne pendant le processus de nettoyage.<\/li>    <li><strong>Inspection et remplacement des couteaux\u00a0:<\/strong> V\u00e9rifiez r\u00e9guli\u00e8rement l\u2019usure des couteaux pour vous assurer qu\u2019ils restent tranchants. Si n\u00e9cessaire, remplacez rapidement les couteaux tr\u00e8s us\u00e9s pour garantir l'effet de pulv\u00e9risation et la dur\u00e9e de vie de l'\u00e9quipement.<\/li>    <li><strong>Syst\u00e8me de lubrification:<\/strong> Ajoutez la bonne quantit\u00e9 de lubrifiant \u00e0 chaque point de lubrification de l'\u00e9quipement pour garantir que toutes les pi\u00e8ces de l'\u00e9quipement peuvent fonctionner sans probl\u00e8me pendant le fonctionnement.<\/li> <\/ol>    <p>Si vous \u00eates int\u00e9ress\u00e9 par nos machines de r\u00e9colte et de recyclage d'ensilage ou si vous avez des questions, n'h\u00e9sitez pas \u00e0 nous contacter.<\/p>","protected":false},"excerpt":{"rendered":"<p>The silage harvesting and recycling machine is used for crushing straw and other crop residues. Through the high-speed rotating blades and crushing chamber, the straw is effectively crushed into fine particles for subsequent utilization, such as composting, feed preparation, or energy production. Its mobility allows it to flexibly respond to the straw handling needs of [&hellip;]<\/p>\n","protected":false},"author":1,"featured_media":527,"parent":0,"template":"","tags":[],"product-type":[8],"class_list":["post-521","product","type-product","status-publish","has-post-thumbnail","hentry","product-type-other-silage-machines"],"_links":{"self":[{"href":"https:\/\/balerwrapper.com\/fr\/wp-json\/wp\/v2\/product\/521","targetHints":{"allow":["GET"]}}],"collection":[{"href":"https:\/\/balerwrapper.com\/fr\/wp-json\/wp\/v2\/product"}],"about":[{"href":"https:\/\/balerwrapper.com\/fr\/wp-json\/wp\/v2\/types\/product"}],"author":[{"embeddable":true,"href":"https:\/\/balerwrapper.com\/fr\/wp-json\/wp\/v2\/users\/1"}],"wp:featuredmedia":[{"embeddable":true,"href":"https:\/\/balerwrapper.com\/fr\/wp-json\/wp\/v2\/media\/527"}],"wp:attachment":[{"href":"https:\/\/balerwrapper.com\/fr\/wp-json\/wp\/v2\/media?parent=521"}],"wp:term":[{"taxonomy":"post_tag","embeddable":true,"href":"https:\/\/balerwrapper.com\/fr\/wp-json\/wp\/v2\/tags?post=521"},{"taxonomy":"product-type","embeddable":true,"href":"https:\/\/balerwrapper.com\/fr\/wp-json\/wp\/v2\/product-type?post=521"}],"curies":[{"name":"wp","href":"https:\/\/api.w.org\/{rel}","templated":true}]}}