{"id":502,"date":"2023-10-26T16:06:00","date_gmt":"2023-10-26T08:06:00","guid":{"rendered":"https:\/\/balerwrapper.com\/?post_type=product&#038;p=502"},"modified":"2023-11-01T13:28:30","modified_gmt":"2023-11-01T05:28:30","slug":"straw-crushing-packaging-wrapping-machine","status":"publish","type":"product","link":"https:\/\/balerwrapper.com\/fr\/product\/straw-crushing-packaging-wrapping-machine\/","title":{"rendered":"Machine d'emballage automatique d'emballage de concassage de paille de Sliage"},"content":{"rendered":"<div class=\"kk-star-ratings kksr-auto kksr-align-left kksr-valign-top\"     data-payload='{&quot;align&quot;:&quot;left&quot;,&quot;id&quot;:&quot;502&quot;,&quot;slug&quot;:&quot;default&quot;,&quot;valign&quot;:&quot;top&quot;,&quot;ignore&quot;:&quot;&quot;,&quot;reference&quot;:&quot;auto&quot;,&quot;class&quot;:&quot;&quot;,&quot;count&quot;:&quot;13&quot;,&quot;legendonly&quot;:&quot;&quot;,&quot;readonly&quot;:&quot;&quot;,&quot;score&quot;:&quot;4.6&quot;,&quot;starsonly&quot;:&quot;&quot;,&quot;best&quot;:&quot;5&quot;,&quot;gap&quot;:&quot;5&quot;,&quot;greet&quot;:&quot;Rate this product&quot;,&quot;legend&quot;:&quot;4.6\\\/5 - (13 votes)&quot;,&quot;size&quot;:&quot;24&quot;,&quot;title&quot;:&quot;Automatic Sliage Straw Crushing Packaging Wrapping Machine&quot;,&quot;width&quot;:&quot;130.9&quot;,&quot;_legend&quot;:&quot;{score}\\\/{best} - ({count} {votes})&quot;,&quot;font_factor&quot;:&quot;1.25&quot;}'>              <div class=\"kksr-stars\">      <div class=\"kksr-stars-inactive\">             <div class=\"kksr-star\" data-star=\"1\" style=\"padding-right: 5px\">               <div class=\"kksr-icon\" style=\"width: 24px; height: 24px;\"><\/div>         <\/div>             <div class=\"kksr-star\" data-star=\"2\" style=\"padding-right: 5px\">               <div class=\"kksr-icon\" style=\"width: 24px; height: 24px;\"><\/div>         <\/div>             <div class=\"kksr-star\" data-star=\"3\" style=\"padding-right: 5px\">               <div class=\"kksr-icon\" style=\"width: 24px; height: 24px;\"><\/div>         <\/div>             <div class=\"kksr-star\" data-star=\"4\" style=\"padding-right: 5px\">               <div class=\"kksr-icon\" style=\"width: 24px; height: 24px;\"><\/div>         <\/div>             <div class=\"kksr-star\" data-star=\"5\" style=\"padding-right: 5px\">               <div class=\"kksr-icon\" style=\"width: 24px; height: 24px;\"><\/div>         <\/div>     <\/div>      <div class=\"kksr-stars-active\" style=\"width: 130.9px;\">             <div class=\"kksr-star\" style=\"padding-right: 5px\">               <div class=\"kksr-icon\" style=\"width: 24px; height: 24px;\"><\/div>         <\/div>             <div class=\"kksr-star\" style=\"padding-right: 5px\">               <div class=\"kksr-icon\" style=\"width: 24px; height: 24px;\"><\/div>         <\/div>             <div class=\"kksr-star\" style=\"padding-right: 5px\">               <div class=\"kksr-icon\" style=\"width: 24px; height: 24px;\"><\/div>         <\/div>             <div class=\"kksr-star\" style=\"padding-right: 5px\">               <div class=\"kksr-icon\" style=\"width: 24px; height: 24px;\"><\/div>         <\/div>             <div class=\"kksr-star\" style=\"padding-right: 5px\">               <div class=\"kksr-icon\" style=\"width: 24px; height: 24px;\"><\/div>         <\/div>     <\/div> <\/div>                   <div class=\"kksr-legend\" style=\"font-size: 19.2px;\">             4.6\/5 - (13 votes)    <\/div>     <\/div>  <p>La machine d'emballage et de concassage de paille est une sorte de machinerie et d'\u00e9quipement agricole utilis\u00e9 pour collecter, hacher, mettre en balles et emballer automatiquement la paille pour le stockage, le transport et une utilisation compl\u00e8te. <\/p>    <p class=\"translation-block\">Habituellement, ces <a href=\"https:\/\/en.wikipedia.org\/wiki\/Straw\" target=\"_blank\" rel=\"noopener\">pailles<\/a> trait\u00e9es peuvent \u00eatre utilis\u00e9es comme aliments pour le b\u00e9tail, \u00e9nergie de biomasse, engrais ou amendement du sol. Cette machine aide \u00e0 r\u00e9duire la charge de travail des agriculteurs et \u00e0 am\u00e9liorer l'utilisation globale de la paille.<\/p>    <figure class=\"wp-block-image size-full\"><img loading=\"lazy\" decoding=\"async\" width=\"720\" height=\"540\" src=\"https:\/\/balerwrapper.com\/wp-content\/uploads\/2023\/10\/silage-picking-crushing-baling-machine.webp\" alt=\"machine de mise en balles de concassage de cueillette d&#039;ensilage\" class=\"wp-image-503\"\/><figcaption class=\"wp-element-caption\">machine de mise en balles de concassage de cueillette d'ensilage<\/figcaption><\/figure>    <h2 class=\"wp-block-heading\">Principales structures de la machine de concassage et de mise en balles d'ensilage<\/h2>    <ul class=\"wp-block-list\"> <li>La machine d'emballage et d'emballage par concassage de paille se compose des structures principales suivantes travaillant en tandem, qui comprennent g\u00e9n\u00e9ralement\u00a0:<\/li>    <li>Ch\u00e2ssis (\u00e9quip\u00e9 de roues pour faciliter les d\u00e9placements sur le terrain)<\/li>    <li>Syst\u00e8me de pick-up (un engrenage rotatif ou un ramasseur suspendu \u00e0 l'avant de la machine)<\/li>    <li>Broyeurs (y compris \u00e0 lames ou \u00e0 tambours rotatifs)<\/li>    <li>Syst\u00e8me de mise en balles (m\u00e9canisme de collecte de paille et formation de balles compactes)<\/li>    <li>M\u00e9canisme d'enrubannage (envelopp\u00e9 dans une ou plusieurs couches de pellicule plastique pour prot\u00e9ger et pr\u00e9server la balle) Cette partie comprend g\u00e9n\u00e9ralement la bobine d'enrubannage et le m\u00e9canisme d'application.<\/li> <\/ul>    <figure class=\"wp-block-image size-full\"><img loading=\"lazy\" decoding=\"async\" width=\"720\" height=\"540\" src=\"https:\/\/balerwrapper.com\/wp-content\/uploads\/2023\/10\/straw-crushing-packaging-wrapping-machine.webp\" alt=\"machine d&#039;emballage d&#039;emballage de concassage de paille\" class=\"wp-image-504\"\/><figcaption class=\"wp-element-caption\">machine d'emballage d'emballage de concassage de paille<\/figcaption><\/figure>    <h2 class=\"wp-block-heading\">Flux de travail de la machine d'emballage d'emballage de concassage de paille<\/h2>    <ol class=\"wp-block-list\"> <li><strong>Cueillette de paille<\/strong>: c'est la premi\u00e8re \u00e9tape de la machine, qui peut automatiquement ramasser et concentrer les pailles (telles que les tiges de ma\u00efs, les tiges de bl\u00e9, etc.) laiss\u00e9es dans les terres agricoles.<\/li>    <li><strong>Broyeur de paille<\/strong>: Les pailles apr\u00e8s avoir \u00e9t\u00e9 ramass\u00e9es sont g\u00e9n\u00e9ralement tr\u00e8s longues et difficiles \u00e0 utiliser \u00e0 l'\u00e9tape suivante. Le pulv\u00e9risateur de paille hachera ces pailles en particules plus petites pour les op\u00e9rations ult\u00e9rieures.<\/li>    <li><strong>Mise en balles de paille<\/strong>: La paille broy\u00e9e est mise en balles serr\u00e9es, g\u00e9n\u00e9ralement rondes ou carr\u00e9es, pour le stockage, le transport et l'utilisation ult\u00e9rieure.<\/li>    <li><strong>Emballage<\/strong>: Enfin, ces bottes de paille sont g\u00e9n\u00e9ralement envelopp\u00e9es d'un film plastique. Cela aide \u00e0 prot\u00e9ger les balles contre les dommages pendant le stockage et assure \u00e9galement l\u2019isolation et la d\u00e9gradation.<\/li> <\/ol>    <figure class=\"wp-block-image size-full\"><img loading=\"lazy\" decoding=\"async\" width=\"720\" height=\"540\" src=\"https:\/\/balerwrapper.com\/wp-content\/uploads\/2023\/10\/silage-wrapper.webp\" alt=\"enrubanneuse\" class=\"wp-image-505\"\/><figcaption class=\"wp-element-caption\">enrubanneuse<\/figcaption><\/figure>    <h2 class=\"wp-block-heading\">Caract\u00e9ristiques principales de la presse \u00e0 ensilage multifonctionnelle<\/h2>    <div class=\"wp-block-media-text has-media-on-the-right is-stacked-on-mobile\"><div class=\"wp-block-media-text__content\"> <ul class=\"wp-block-list\"> <li>\u00c9conomisant du travail, directement apr\u00e8s la r\u00e9colte et le concassage, il peut \u00eatre mis en balles et emball\u00e9.<\/li>    <li>Choisissez parmi deux mod\u00e8les avec des largeurs de coupe de 1 300 et 1 720 mm.<\/li>    <li>\u00c0 haut rendement, un rouleau de corde et de film peut \u00eatre envelopp\u00e9 en environ 65 \u00e0 70 paquets, soit 45 \u00e0 60 paquets par heure.<\/li>    <li>Bon effet de travail, regroupement serr\u00e9, l\u00e2che \u00e0 l'int\u00e9rieur et serr\u00e9 \u00e0 l'ext\u00e9rieur et bonne perm\u00e9abilit\u00e9 \u00e0 l'air.<\/li>    <li>Division claire du travail : le tracteur fournit la puissance n\u00e9cessaire \u00e0 la r\u00e9colte et au broyage, et le moteur \u00e0 essence fournit la puissance n\u00e9cessaire au pressage et \u00e0 l'emballage.<\/li> <\/ul> <\/div><figure class=\"wp-block-media-text__media\"><img loading=\"lazy\" decoding=\"async\" width=\"540\" height=\"720\" src=\"https:\/\/balerwrapper.com\/wp-content\/uploads\/2023\/10\/silage-baler-machine-for-sale.webp\" alt=\"presse \u00e0 balles d&#039;ensilage \u00e0 vendre\" class=\"wp-image-506 size-full\"\/><\/figure><\/div>    <h2 class=\"wp-block-heading\">Param\u00e8tres techniques de la machine<\/h2>    <p>Cet appareil est une machine tout-en-un int\u00e9gr\u00e9e de concassage, d'emballage et d'emballage de paille automotrice.<\/p>    <figure class=\"wp-block-table is-style-stripes\"><table><tbody><tr><td><strong>Mod\u00e8le<\/strong><\/td><td>9YQ-1300<\/td><td>9YQ-1720<\/td><\/tr><tr><td><strong>Pouvoir<\/strong><\/td><td>40 CV<\/td><td>70 CV<\/td><\/tr><tr><td><strong>Puissance de mise en balles et d'emballage<\/strong><\/td><td>g\u00e9n\u00e9rateur \u00e0 essence (5+0,75 KW)<\/td><td>g\u00e9n\u00e9rateur \u00e0 essence (5+0,75 KW)<\/td><\/tr><tr><td><strong>Largeur de travail<\/strong><\/td><td>1300 millim\u00e8tres<\/td><td>1720 millim\u00e8tres<\/td><\/tr><tr><td><strong>La dimension de Bale<\/strong><\/td><td>L*\u0424 700*800mm<\/td><td>L*\u0424 700*800mm<\/td><\/tr><tr><td><strong>Poids de la balle<\/strong><\/td><td>95-100 kg\/balle<\/td><td>95-100 kg\/balle<\/td><\/tr><tr><td><strong>Capacit\u00e9<\/strong><\/td><td>0,9 acre\/h<\/td><td>1,3 acre\/h<\/td><\/tr><tr><td><strong>Taille<\/strong><\/td><td>3270*2150*1400 millim\u00e8tres<\/td><td>3270*2150*1400 millim\u00e8tres<\/td><\/tr><tr><td><strong>Poids<\/strong><\/td><td>1200kg<\/td><td>1300 kg<\/td><\/tr><\/tbody><\/table><\/figure>    <p>Notre soci\u00e9t\u00e9 a pr\u00e9sent\u00e9 les deux principaux mod\u00e8les de machines d'emballage et d'emballage pour concassage de paille ci-dessus, la liste ci-dessus fait partie des param\u00e8tres importants. Si vous souhaitez conna\u00eetre des informations plus d\u00e9taill\u00e9es, n'h\u00e9sitez pas \u00e0 nous contacter.<\/p>    <h2 class=\"wp-block-heading\">Machines connexes<\/h2>    <p class=\"translation-block\">Bien s\u00fbr, en fonction des diff\u00e9rents usages et budgets des clients, nous produisons \u00e9galement d'autres machines relativement simples pour le traitement et la gestion des r\u00e9sidus de culture et de la paille, telles que des machines \u00e0 foin et \u00e0 enrubanner, <strong><a href=\"https:\/\/balerwrapper.com\/fr\/product\/round-hay-baler\/\">des presses \u00e0 paille (balles rondes ou carr\u00e9es)<\/a><\/strong>, et <strong><a href=\"https:\/\/balerwrapper.com\/fr\/product\/hay-cutter-and-baler\/\">des presses \u00e0 foin \u00e9cras\u00e9<\/a><\/strong>.<\/p>    <figure class=\"wp-block-gallery has-nested-images columns-2 is-cropped wp-block-gallery-2 is-layout-flex wp-block-gallery-is-layout-flex\"> <figure class=\"wp-block-image size-large\"><img loading=\"lazy\" decoding=\"async\" width=\"720\" height=\"540\" data-id=\"507\" src=\"https:\/\/balerwrapper.com\/wp-content\/uploads\/2023\/10\/straw-wrapping-machine.webp\" alt=\"machine d&#039;emballage de paille\" class=\"wp-image-507\"\/><figcaption class=\"wp-element-caption\">machine d'emballage de paille<\/figcaption><\/figure>    <figure class=\"wp-block-image size-large\"><img loading=\"lazy\" decoding=\"async\" width=\"720\" height=\"540\" data-id=\"508\" src=\"https:\/\/balerwrapper.com\/wp-content\/uploads\/2023\/10\/round-hay-picking-baler-machine.webp\" alt=\"presse \u00e0 balles rondes pour la cueillette du foin\" class=\"wp-image-508\"\/><figcaption class=\"wp-element-caption\">presse \u00e0 balles rondes pour la cueillette du foin<\/figcaption><\/figure>    <figure class=\"wp-block-image size-large\"><img loading=\"lazy\" decoding=\"async\" width=\"720\" height=\"540\" data-id=\"509\" src=\"https:\/\/balerwrapper.com\/wp-content\/uploads\/2023\/10\/square-hay-baler-machine.webp\" alt=\"presse \u00e0 balles carr\u00e9es de foin\" class=\"wp-image-509\"\/><figcaption class=\"wp-element-caption\">presse \u00e0 balles carr\u00e9es de foin<\/figcaption><\/figure>    <figure class=\"wp-block-image size-large\"><img loading=\"lazy\" decoding=\"async\" width=\"720\" height=\"540\" data-id=\"510\" src=\"https:\/\/balerwrapper.com\/wp-content\/uploads\/2023\/10\/hay-cutter-and-baler-machine.webp\" alt=\"coupe-foin et presse \u00e0 balles\" class=\"wp-image-510\"\/><figcaption class=\"wp-element-caption\">coupe-foin et presse \u00e0 balles<\/figcaption><\/figure> <\/figure>    <p>Nos machines d'emballage et de broyage de paille ont \u00e9t\u00e9 tr\u00e8s populaires et ont \u00e9t\u00e9 export\u00e9es avec succ\u00e8s vers un certain nombre de pays, notamment le Nigeria, le Kenya, l'\u00c9thiopie, la Tanzanie, l'Inde, le Bangladesh, le Vietnam, l'Indon\u00e9sie, le Br\u00e9sil, l'Argentine et bien d'autres. Ils sont tous positifs quant au prix de notre presse \u00e0 ensilage ainsi qu'\u00e0 notre service, etc., et sont dispos\u00e9s \u00e0 \u00e9tablir une coop\u00e9ration \u00e0 long terme avec nous.<\/p>","protected":false},"excerpt":{"rendered":"<p>The straw crushing packaging wrapping machine is a kind of agricultural machinery and equipment used for automatically collecting, chopping, baling, and wrapping straw for storage, transportation, and comprehensive utilization. Usually, these processed straws can be used as feed, biomass energy, fertilizer, or soil conditioner. This machine helps to reduce the labor burden of farmers and [&hellip;]<\/p>\n","protected":false},"author":1,"featured_media":512,"parent":0,"template":"","tags":[],"product-type":[7],"class_list":["post-502","product","type-product","status-publish","has-post-thumbnail","hentry","product-type-silage-baler"],"_links":{"self":[{"href":"https:\/\/balerwrapper.com\/fr\/wp-json\/wp\/v2\/product\/502","targetHints":{"allow":["GET"]}}],"collection":[{"href":"https:\/\/balerwrapper.com\/fr\/wp-json\/wp\/v2\/product"}],"about":[{"href":"https:\/\/balerwrapper.com\/fr\/wp-json\/wp\/v2\/types\/product"}],"author":[{"embeddable":true,"href":"https:\/\/balerwrapper.com\/fr\/wp-json\/wp\/v2\/users\/1"}],"wp:featuredmedia":[{"embeddable":true,"href":"https:\/\/balerwrapper.com\/fr\/wp-json\/wp\/v2\/media\/512"}],"wp:attachment":[{"href":"https:\/\/balerwrapper.com\/fr\/wp-json\/wp\/v2\/media?parent=502"}],"wp:term":[{"taxonomy":"post_tag","embeddable":true,"href":"https:\/\/balerwrapper.com\/fr\/wp-json\/wp\/v2\/tags?post=502"},{"taxonomy":"product-type","embeddable":true,"href":"https:\/\/balerwrapper.com\/fr\/wp-json\/wp\/v2\/product-type?post=502"}],"curies":[{"name":"wp","href":"https:\/\/api.w.org\/{rel}","templated":true}]}}