{"id":408,"date":"2022-12-15T13:47:15","date_gmt":"2022-12-15T05:47:15","guid":{"rendered":"https:\/\/balerwrapper.com\/?post_type=product&#038;p=408"},"modified":"2022-12-16T11:43:40","modified_gmt":"2022-12-16T03:43:40","slug":"straw-cutting-machine","status":"publish","type":"product","link":"https:\/\/balerwrapper.com\/fr\/product\/straw-cutting-machine\/","title":{"rendered":"Machine \u00e0 couper la paille pour l'alimentation des vaches et des chevaux"},"content":{"rendered":"<div class=\"kk-star-ratings kksr-auto kksr-align-left kksr-valign-top\"     data-payload='{&quot;align&quot;:&quot;left&quot;,&quot;id&quot;:&quot;408&quot;,&quot;slug&quot;:&quot;default&quot;,&quot;valign&quot;:&quot;top&quot;,&quot;ignore&quot;:&quot;&quot;,&quot;reference&quot;:&quot;auto&quot;,&quot;class&quot;:&quot;&quot;,&quot;count&quot;:&quot;28&quot;,&quot;legendonly&quot;:&quot;&quot;,&quot;readonly&quot;:&quot;&quot;,&quot;score&quot;:&quot;4.7&quot;,&quot;starsonly&quot;:&quot;&quot;,&quot;best&quot;:&quot;5&quot;,&quot;gap&quot;:&quot;5&quot;,&quot;greet&quot;:&quot;Rate this product&quot;,&quot;legend&quot;:&quot;4.7\\\/5 - (28 votes)&quot;,&quot;size&quot;:&quot;24&quot;,&quot;title&quot;:&quot;Straw cutting machine for cow and horse feed&quot;,&quot;width&quot;:&quot;133.8&quot;,&quot;_legend&quot;:&quot;{score}\\\/{best} - ({count} {votes})&quot;,&quot;font_factor&quot;:&quot;1.25&quot;}'>              <div class=\"kksr-stars\">      <div class=\"kksr-stars-inactive\">             <div class=\"kksr-star\" data-star=\"1\" style=\"padding-right: 5px\">               <div class=\"kksr-icon\" style=\"width: 24px; height: 24px;\"><\/div>         <\/div>             <div class=\"kksr-star\" data-star=\"2\" style=\"padding-right: 5px\">               <div class=\"kksr-icon\" style=\"width: 24px; height: 24px;\"><\/div>         <\/div>             <div class=\"kksr-star\" data-star=\"3\" style=\"padding-right: 5px\">               <div class=\"kksr-icon\" style=\"width: 24px; height: 24px;\"><\/div>         <\/div>             <div class=\"kksr-star\" data-star=\"4\" style=\"padding-right: 5px\">               <div class=\"kksr-icon\" style=\"width: 24px; height: 24px;\"><\/div>         <\/div>             <div class=\"kksr-star\" data-star=\"5\" style=\"padding-right: 5px\">               <div class=\"kksr-icon\" style=\"width: 24px; height: 24px;\"><\/div>         <\/div>     <\/div>      <div class=\"kksr-stars-active\" style=\"width: 133.8px;\">             <div class=\"kksr-star\" style=\"padding-right: 5px\">               <div class=\"kksr-icon\" style=\"width: 24px; height: 24px;\"><\/div>         <\/div>             <div class=\"kksr-star\" style=\"padding-right: 5px\">               <div class=\"kksr-icon\" style=\"width: 24px; height: 24px;\"><\/div>         <\/div>             <div class=\"kksr-star\" style=\"padding-right: 5px\">               <div class=\"kksr-icon\" style=\"width: 24px; height: 24px;\"><\/div>         <\/div>             <div class=\"kksr-star\" style=\"padding-right: 5px\">               <div class=\"kksr-icon\" style=\"width: 24px; height: 24px;\"><\/div>         <\/div>             <div class=\"kksr-star\" style=\"padding-right: 5px\">               <div class=\"kksr-icon\" style=\"width: 24px; height: 24px;\"><\/div>         <\/div>     <\/div> <\/div>                   <div class=\"kksr-legend\" style=\"font-size: 19.2px;\">             4,7\/5 - (28 votes)    <\/div>     <\/div>  <p>La machine \u00e0 couper la paille est une bonne aide pour faire de l'ensilage. Nous devons fabriquer le coupe-paille depuis de nombreuses ann\u00e9es. Et nous avons les mod\u00e8les complets de coupe-balles d'ensilage. Ils sont diff\u00e9rents en termes de sortie. <\/p>    <p class=\"translation-block\">Et surtout, des mod\u00e8les 9Z-2.5A \u00e0 9Z-10A, qui disposent de la fonction suppl\u00e9mentaire d\u2019alimentation automatique des tiges. Et les <a href=\"https:\/\/www.agriculture-machine.com\/small-chaff-cutter\/\" target=\"_blank\" rel=\"noopener\">petits coupe-prairies de sortie<\/a> n\u00e9cessitent que le mat\u00e9riau soit aliment\u00e9 manuellement par une personne.<\/p>    <h2 class=\"wp-block-heading\">Br\u00e8ve introduction de la machine de d\u00e9coupe de paille<\/h2>    <p>La machine \u00e0 couper la paille est \u00e9quip\u00e9e d'un tapis roulant. Et cette ceinture peut envoyer automatiquement les mat\u00e9riaux dans la salle de concassage. Cette fonction peut aider les gens \u00e0 \u00e9conomiser beaucoup d'\u00e9nergie et de temps. L'efficacit\u00e9 est donc tr\u00e8s \u00e9lev\u00e9e. <\/p>    <p>De plus, la hauteur de sortie du coupe-paille automatique est plus \u00e9lev\u00e9e que celle du petit mod\u00e8le du coupe-paille. Il est donc pratique pour les clients d\u2019envoyer l\u2019ensilage concass\u00e9 partout. Les utilisateurs peuvent \u00e9galement r\u00e9gler la hauteur de la prise pour une utilisation facile.<\/p>    <figure class=\"wp-block-gallery has-nested-images columns-default is-cropped wp-block-gallery-2 is-layout-flex wp-block-gallery-is-layout-flex\"> <figure class=\"wp-block-image size-large\"><img loading=\"lazy\" decoding=\"async\" width=\"720\" height=\"540\" data-id=\"417\" src=\"https:\/\/balerwrapper.com\/wp-content\/uploads\/2022\/12\/straw-cutting-machine-1-1.webp\" alt=\"machine de d\u00e9coupe de paille\" class=\"wp-image-417\" title=\"machine de d\u00e9coupe de paille\"\/><figcaption class=\"wp-element-caption\">machine de d\u00e9coupe de paille<\/figcaption><\/figure>    <figure class=\"wp-block-image size-large\"><img loading=\"lazy\" decoding=\"async\" width=\"720\" height=\"540\" data-id=\"418\" src=\"https:\/\/balerwrapper.com\/wp-content\/uploads\/2022\/12\/electric-hay-cutter-.webp\" alt=\"coupe-paille de foin \u00e9lectrique\" class=\"wp-image-418\" title=\"coupe-paille de foin \u00e9lectrique\"\/><figcaption class=\"wp-element-caption\">coupe-paille de foin \u00e9lectrique<\/figcaption><\/figure> <\/figure>    <h2 class=\"wp-block-heading\">Quelles machines peuvent fonctionner avec le coupe-paille \u00e9lectrique ?<\/h2>    <p class=\"translation-block\">Les clients peuvent associer la machine de coupe de paille avec le <a href=\"https:\/\/balerwrapper.com\/fr\/product\/silage-wrapping-machine\/\">wrapping d\u2019ensilage<\/a> ou la machine \u00e0 balles d\u2019ensilage hydraulique. Car les utilisateurs peuvent transformer les tiges en balles rondes ou cubiques directement. Donc, il est facile \u00e0 utiliser pour les agriculteurs.<\/p>    <figure class=\"wp-block-gallery has-nested-images columns-default is-cropped wp-block-gallery-3 is-layout-flex wp-block-gallery-is-layout-flex\"> <figure class=\"wp-block-image size-large\"><img loading=\"lazy\" decoding=\"async\" width=\"720\" height=\"540\" data-id=\"419\" src=\"https:\/\/balerwrapper.com\/wp-content\/uploads\/2022\/12\/paddy-straw-cutting-machine-.webp\" alt=\"enrubanneuse pour presse \u00e0 ensilage\" class=\"wp-image-419\" title=\"enrubanneuse pour presse \u00e0 ensilage\"\/><figcaption class=\"wp-element-caption\">enrubanneuse pour presse \u00e0 ensilage<\/figcaption><\/figure> <\/figure>    <h2 class=\"wp-block-heading\">Donn\u00e9es d'informations techniques de la machine de d\u00e9coupe d'herbe \u00e0 \u00e9l\u00e9phant<\/h2>    <figure class=\"wp-block-table\"><table><tbody><tr><td>Mod\u00e8le<\/td><td>9Z-2,5A<\/td><\/tr><tr><td>Pouvoir de soutien<\/td><td>Moteur 3 kW<\/td><\/tr><tr><td>Vitesse du moteur<\/td><td>2800 tr\/min<\/td><\/tr><tr><td>Taille<\/td><td>1050*1180*1600MM<\/td><\/tr><tr><td>Sortir<\/td><td>2500 KG\/H<\/td><\/tr><tr><td>Nombre de lames<\/td><td>6 pi\u00e8ces<\/td><\/tr><tr><td>M\u00e9thode d'alimentation<\/td><td>Alimentation automatique<\/td><\/tr><tr><td>Poids<\/td><td>125KG<\/td><\/tr><tr><td>Effet de sortie<\/td><td>Longueur 7-35MM<\/td><\/tr><\/tbody><\/table><figcaption class=\"wp-element-caption\">Param\u00e8tre de la machine \u00e0 couper l'herbe \u00e0 \u00e9l\u00e9phant<\/figcaption><\/figure>    <h2 class=\"wp-block-heading\">Avantages de la coupeuse de fourrage<\/h2>    <ol class=\"wp-block-list\" type=\"1\"> <li>Grande capacit\u00e9. Les coupeuses de paille automatiques de la s\u00e9rie 9Z ont des rendements plus \u00e9lev\u00e9s. Et la capacit\u00e9 la plus basse est de 2,5 tonnes.<\/li>    <li>Plus pratique \u00e0 utiliser. La machine de ce mod\u00e8le est \u00e9quip\u00e9e d\u2019un tapis roulant \u00e0 envoi automatique des tiges. Les utilisateurs n'ont qu'\u00e0 mettre les tiges sur la ceinture. &nbsp;<\/li>    <li>Vari\u00e9t\u00e9 de puissance. La machine \u00e0 couper les c\u00f4telettes automatique peut fonctionner avec un moteur diesel, \u00e0 essence ou \u00e0 moteur.<\/li>    <li>Large application d'utilisation. Le coupe-paille peut traiter la plupart des tiges, de la paille, de l'herbe, etc. Et peut \u00eatre utilis\u00e9 par divers agriculteurs et meuneries d'aliments.<\/li> <\/ol>    <figure class=\"wp-block-image size-full\"><img loading=\"lazy\" decoding=\"async\" width=\"720\" height=\"540\" src=\"https:\/\/balerwrapper.com\/wp-content\/uploads\/2022\/12\/fodder-cutting-machine-.webp\" alt=\"\" class=\"wp-image-427\"\/><figcaption class=\"wp-element-caption\">machine de d\u00e9coupe de fourrage<\/figcaption><\/figure>    <h2 class=\"wp-block-heading\">Vid\u00e9o de travail de la machine \u00e0 broyer l'herbe<\/h2>    <figure class=\"wp-block-embed is-type-video is-provider-youtube wp-block-embed-youtube wp-embed-aspect-16-9 wp-has-aspect-ratio\"><div class=\"wp-block-embed__wrapper\"> <iframe loading=\"lazy\" title=\"Machine de coupe-paille aux Philippines\/machine de d\u00e9coupe d&#039;herbe\/machine de coupe de paille\/coupe-tige de ma\u00efs\" width=\"500\" height=\"281\" src=\"https:\/\/www.youtube.com\/embed\/YGkQjesfISA?feature=oembed\" frameborder=\"0\" allow=\"accelerometer; autoplay; clipboard-write; encrypted-media; gyroscope; picture-in-picture; web-share\" referrerpolicy=\"strict-origin-when-cross-origin\" allowfullscreen><\/iframe> <\/div><\/figure>    <h2 class=\"wp-block-heading\">Pourquoi choisir notre machine de d\u00e9coupe d'aliments pour vaches\u00a0?<\/h2>    <ol class=\"wp-block-list\" type=\"1\"> <li>Nous produisons toutes les machines en utilisant des t\u00f4les d'acier extra lourdes. Les coupeuses de fourrage sont donc durables. La dur\u00e9e de vie est donc plus longue.<\/li>    <li>Le moteur est en cuivre. Ainsi, le moteur peut fournir une puissance \u00e9lev\u00e9e et la machine peut fonctionner de mani\u00e8re stable.<\/li>    <li>Facile \u00e0 d\u00e9placer. Notre coupe-paille automatique est dot\u00e9 de roues qui peuvent se d\u00e9placer partout.<\/li>    <li>Faible bruit et \u00e9conomie d'\u00e9nergie. Il y a tr\u00e8s peu de bruit lorsque la machine \u00e0 couper la paille de paddy fonctionne. Et elle consomme moins d\u2019\u00e9nergie que les autres machines.<\/li> <\/ol>    <figure class=\"wp-block-image size-full\"><img loading=\"lazy\" decoding=\"async\" width=\"720\" height=\"540\" src=\"https:\/\/balerwrapper.com\/wp-content\/uploads\/2022\/12\/cow-feed-cutting-machine-.webp\" alt=\"machine de d\u00e9coupe d&#039;aliments pour vaches\" class=\"wp-image-429\" title=\"machine de d\u00e9coupe d&#039;aliments pour vaches\"\/><figcaption class=\"wp-element-caption\">machine de d\u00e9coupe d'aliments pour vaches<\/figcaption><\/figure>","protected":false},"excerpt":{"rendered":"<p>La machine \u00e0 couper la paille est une bonne aide pour faire de l'ensilage. Nous devons fabriquer le coupe-paille depuis de nombreuses ann\u00e9es.<\/p>","protected":false},"author":1,"featured_media":416,"parent":0,"template":"","tags":[],"product-type":[6],"class_list":["post-408","product","type-product","status-publish","has-post-thumbnail","hentry","product-type-chaff-cutter"],"_links":{"self":[{"href":"https:\/\/balerwrapper.com\/fr\/wp-json\/wp\/v2\/product\/408","targetHints":{"allow":["GET"]}}],"collection":[{"href":"https:\/\/balerwrapper.com\/fr\/wp-json\/wp\/v2\/product"}],"about":[{"href":"https:\/\/balerwrapper.com\/fr\/wp-json\/wp\/v2\/types\/product"}],"author":[{"embeddable":true,"href":"https:\/\/balerwrapper.com\/fr\/wp-json\/wp\/v2\/users\/1"}],"wp:featuredmedia":[{"embeddable":true,"href":"https:\/\/balerwrapper.com\/fr\/wp-json\/wp\/v2\/media\/416"}],"wp:attachment":[{"href":"https:\/\/balerwrapper.com\/fr\/wp-json\/wp\/v2\/media?parent=408"}],"wp:term":[{"taxonomy":"post_tag","embeddable":true,"href":"https:\/\/balerwrapper.com\/fr\/wp-json\/wp\/v2\/tags?post=408"},{"taxonomy":"product-type","embeddable":true,"href":"https:\/\/balerwrapper.com\/fr\/wp-json\/wp\/v2\/product-type?post=408"}],"curies":[{"name":"wp","href":"https:\/\/api.w.org\/{rel}","templated":true}]}}