{"id":383,"date":"2022-11-16T16:06:09","date_gmt":"2022-11-16T08:06:09","guid":{"rendered":"https:\/\/balerwrapper.com\/?post_type=product&#038;p=383"},"modified":"2024-05-31T16:14:26","modified_gmt":"2024-05-31T08:14:26","slug":"silage-chopper","status":"publish","type":"product","link":"https:\/\/balerwrapper.com\/fr\/product\/silage-chopper\/","title":{"rendered":"Machine de d\u00e9coupe de paille professionnelle, broyeur d'ensilage"},"content":{"rendered":"<div class=\"kk-star-ratings kksr-auto kksr-align-left kksr-valign-top\"     data-payload='{&quot;align&quot;:&quot;left&quot;,&quot;id&quot;:&quot;383&quot;,&quot;slug&quot;:&quot;default&quot;,&quot;valign&quot;:&quot;top&quot;,&quot;ignore&quot;:&quot;&quot;,&quot;reference&quot;:&quot;auto&quot;,&quot;class&quot;:&quot;&quot;,&quot;count&quot;:&quot;90&quot;,&quot;legendonly&quot;:&quot;&quot;,&quot;readonly&quot;:&quot;&quot;,&quot;score&quot;:&quot;4.8&quot;,&quot;starsonly&quot;:&quot;&quot;,&quot;best&quot;:&quot;5&quot;,&quot;gap&quot;:&quot;5&quot;,&quot;greet&quot;:&quot;Rate this product&quot;,&quot;legend&quot;:&quot;4.8\\\/5 - (90 votes)&quot;,&quot;size&quot;:&quot;24&quot;,&quot;title&quot;:&quot;Professional Silage Chopper Straw Cutting Machine&quot;,&quot;width&quot;:&quot;136.7&quot;,&quot;_legend&quot;:&quot;{score}\\\/{best} - ({count} {votes})&quot;,&quot;font_factor&quot;:&quot;1.25&quot;}'>              <div class=\"kksr-stars\">      <div class=\"kksr-stars-inactive\">             <div class=\"kksr-star\" data-star=\"1\" style=\"padding-right: 5px\">               <div class=\"kksr-icon\" style=\"width: 24px; height: 24px;\"><\/div>         <\/div>             <div class=\"kksr-star\" data-star=\"2\" style=\"padding-right: 5px\">               <div class=\"kksr-icon\" style=\"width: 24px; height: 24px;\"><\/div>         <\/div>             <div class=\"kksr-star\" data-star=\"3\" style=\"padding-right: 5px\">               <div class=\"kksr-icon\" style=\"width: 24px; height: 24px;\"><\/div>         <\/div>             <div class=\"kksr-star\" data-star=\"4\" style=\"padding-right: 5px\">               <div class=\"kksr-icon\" style=\"width: 24px; height: 24px;\"><\/div>         <\/div>             <div class=\"kksr-star\" data-star=\"5\" style=\"padding-right: 5px\">               <div class=\"kksr-icon\" style=\"width: 24px; height: 24px;\"><\/div>         <\/div>     <\/div>      <div class=\"kksr-stars-active\" style=\"width: 136.7px;\">             <div class=\"kksr-star\" style=\"padding-right: 5px\">               <div class=\"kksr-icon\" style=\"width: 24px; height: 24px;\"><\/div>         <\/div>             <div class=\"kksr-star\" style=\"padding-right: 5px\">               <div class=\"kksr-icon\" style=\"width: 24px; height: 24px;\"><\/div>         <\/div>             <div class=\"kksr-star\" style=\"padding-right: 5px\">               <div class=\"kksr-icon\" style=\"width: 24px; height: 24px;\"><\/div>         <\/div>             <div class=\"kksr-star\" style=\"padding-right: 5px\">               <div class=\"kksr-icon\" style=\"width: 24px; height: 24px;\"><\/div>         <\/div>             <div class=\"kksr-star\" style=\"padding-right: 5px\">               <div class=\"kksr-icon\" style=\"width: 24px; height: 24px;\"><\/div>         <\/div>     <\/div> <\/div>                   <div class=\"kksr-legend\" style=\"font-size: 19.2px;\">             4,8\/5 - (90 votes)    <\/div>     <\/div>  <p>Un broyeur d'ensilage est une machine qui permet de broyer diverses pailles v\u00e9g\u00e9tales. Les gens utilisent cette machine de d\u00e9coupe de paille pour broyer toutes sortes d'aliments en paille pour nourrir les bovins, les moutons, les chevaux, les porcs et autres animaux d'\u00e9levage. La manipulation manuelle de grandes quantit\u00e9s d\u2019aliments prend du temps et demande beaucoup de travail. Par cons\u00e9quent, c\u2019est un bon choix d\u2019utiliser une machine \u00e0 couper les paillettes pour traiter l\u2019herbe fourrag\u00e8re. Notre usine produit diff\u00e9rents mod\u00e8les de machines d'une capacit\u00e9 maximale de 6T\/H.<\/p>    <figure class=\"wp-block-embed aligncenter is-type-video is-provider-youtube wp-block-embed-youtube wp-embed-aspect-16-9 wp-has-aspect-ratio\"><div class=\"wp-block-embed__wrapper\"> <iframe loading=\"lazy\" title=\"Coupe-paille 6 t\/h\/machine de coupe d&#039;herbe\/coupe-herbe\/coupe-foin et paille pour animaux\" width=\"500\" height=\"281\" src=\"https:\/\/www.youtube.com\/embed\/pjBWCWVfv4E?start=1&#038;feature=oembed\" frameborder=\"0\" allow=\"accelerometer; autoplay; clipboard-write; encrypted-media; gyroscope; picture-in-picture; web-share\" referrerpolicy=\"strict-origin-when-cross-origin\" allowfullscreen><\/iframe> <\/div><figcaption class=\"wp-element-caption\">chantier de travail de la machine de coupe-paille d'ensilage<\/figcaption><\/figure>    <p class=\"translation-block\">De plus, nous produisons \u00e9galement des <a href=\"https:\/\/balerwrapper.com\/fr\/product\/corn-silage-baler-machine\/\">machines \u00e0 balles et \u00e0 emballer le silage<\/a>. Les gens peuvent utiliser ces machines pour emballer l'exc\u00e8s de fourrage pour un stockage \u00e0 long terme.<\/p>    <h2 class=\"wp-block-heading\">Les ensileuses Taizy<\/h2>    <p>Il existe trois mod\u00e8les de broyeurs d'ensilage produits par Taizy. La sortie de chaque mod\u00e8le est diff\u00e9rente, il existe trois types de sortie : 3T\/H, 4T\/H et 6T\/H. Les clients peuvent choisir en fonction de leurs besoins. Nos faucheuses \u00e0 foin sont \u00e9quip\u00e9es d'un tapis roulant. La bande transporteuse peut envoyer automatiquement les mati\u00e8res premi\u00e8res dans la chambre de coupe du foin, aidant ainsi l'utilisateur \u00e0 utiliser le broyeur d'ensilage de mani\u00e8re plus \u00e9conomique et plus efficace.<\/p>    <figure class=\"wp-block-gallery aligncenter has-nested-images columns-default is-cropped wp-block-gallery-2 is-layout-flex wp-block-gallery-is-layout-flex\"> <figure class=\"wp-block-image size-large\"><img loading=\"lazy\" decoding=\"async\" width=\"720\" height=\"540\" data-id=\"387\" src=\"https:\/\/balerwrapper.com\/wp-content\/uploads\/2022\/11\/silage-chopper-.webp\" alt=\"broyeur d&#039;ensilage\" class=\"wp-image-387\" title=\"broyeur d&#039;ensilage\"\/><figcaption class=\"wp-element-caption\">broyeur d'ensilage<\/figcaption><\/figure>    <figure class=\"wp-block-image size-large\"><img loading=\"lazy\" decoding=\"async\" width=\"720\" height=\"540\" data-id=\"388\" src=\"https:\/\/balerwrapper.com\/wp-content\/uploads\/2022\/11\/straw-cutting-machine-.webp\" alt=\"machine de d\u00e9coupe de paille \" class=\"wp-image-388\" title=\"machine de d\u00e9coupe de paille \"\/><figcaption class=\"wp-element-caption\">machine de d\u00e9coupe de paille <\/figcaption><\/figure> <\/figure>    <h2 class=\"wp-block-heading\">Mat\u00e9riaux que la machine \u00e0 couper la paille peut g\u00e9rer<\/h2>    <p>Les mat\u00e9riaux trait\u00e9s par le broyeur d'ensilage peuvent \u00eatre des tiges de coton, des tiges de ma\u00efs, des tiges de sorgho, des tiges de bl\u00e9, des pailles de riz, etc.<\/p>    <p class=\"translation-block\"><strong>Application<\/strong> : Nourrir des porcs, du b\u00e9tail, des moutons, des chevaux, des \u00e2nes, des lapins, des poules, des canards, des oies, etc.<\/p>    <p class=\"translation-block\"><strong>Caract\u00e9ristiques de l'alimentation<\/strong> : Parce que l'alimentation est d'abord p\u00e9trie puis p\u00e9trie, le mat\u00e9riau trait\u00e9 par cette machine est plus court et floconneux.<\/p>   <div class=\"wp-block-image\"> <figure class=\"aligncenter size-full\"><img loading=\"lazy\" decoding=\"async\" width=\"720\" height=\"540\" src=\"https:\/\/balerwrapper.com\/wp-content\/uploads\/2022\/11\/finished-silage-.webp\" alt=\"ensilage fini \" class=\"wp-image-386\" title=\"ensilage fini \"\/><figcaption class=\"wp-element-caption\">ensilage fini <\/figcaption><\/figure> <\/div>   <h2 class=\"wp-block-heading\">Param\u00e8tres techniques du coupe-paillettes d'herbe<\/h2>    <figure class=\"wp-block-table is-style-stripes\"><table><tbody><tr><td>Mod\u00e8le<\/td><td>9RSZ-3<\/td><\/tr><tr><td>Pouvoir<\/td><td>Moteur essence 190F<\/td><\/tr><tr><td>Capacit\u00e9<\/td><td>3000kg\/heure<\/td><\/tr><tr><td>Poids<\/td><td>100 kg<\/td><\/tr><tr><td>Mod\u00e8le<\/td><td>9RSZ-4<\/td><\/tr><tr><td>Pouvoir<\/td><td>Moteur 4kw, 8hp<\/td><\/tr><tr><td>Capacit\u00e9<\/td><td>4000kg\/heure<\/td><\/tr><tr><td>Poids<\/td><td>170 kg<\/td><\/tr><tr><td>Taille<\/td><td>2000*600*920mm<\/td><\/tr><tr><td>Mod\u00e8le<\/td><td>9RSZ-6<\/td><\/tr><tr><td>Pouvoir<\/td><td>Moteur 7,5 kW, 15 ch<\/td><\/tr><tr><td>Capacit\u00e9<\/td><td>6000kg\/heure<\/td><\/tr><tr><td>Poids<\/td><td>230 kg<\/td><\/tr><tr><td>Taille<\/td><td>2000*700*980mm<\/td><\/tr><\/tbody><\/table><figcaption class=\"wp-element-caption\">donn\u00e9es techniques du coupe-herbe<\/figcaption><\/figure>    <h2 class=\"wp-block-heading\">Comment fonctionne le coupe-paille ?<\/h2>    <figure class=\"wp-block-embed aligncenter is-type-video is-provider-youtube wp-block-embed-youtube wp-embed-aspect-4-3 wp-has-aspect-ratio\"><div class=\"wp-block-embed__wrapper\"> <iframe loading=\"lazy\" title=\"coupe-paille\/machine de coupe d&#039;herbe\/coupe-foin\/machine de d\u00e9coupe de paille pour l&#039;alimentation animale.\" width=\"500\" height=\"375\" src=\"https:\/\/www.youtube.com\/embed\/zEIdHhlR2z8?feature=oembed\" frameborder=\"0\" allow=\"accelerometer; autoplay; clipboard-write; encrypted-media; gyroscope; picture-in-picture; web-share\" referrerpolicy=\"strict-origin-when-cross-origin\" allowfullscreen><\/iframe> <\/div><figcaption class=\"wp-element-caption\">vid\u00e9o de travail de la machine de d\u00e9coupe d'ensilage<\/figcaption><\/figure>    <h2 class=\"wp-block-heading\">Principe de fonctionnement du broyeur de foin pour aliments pour animaux<\/h2>    <p>Les gens mettent du mat\u00e9riel \u00e0 l\u2019entr\u00e9e. Ensuite, la bande transporteuse tourne pour amener le mat\u00e9riau dans le dispositif de coupe. Ensuite, la lame rotative \u00e0 grande vitesse est combin\u00e9e \u00e0 un marteau pour couper, \u00e9craser et broyer. Le mouvement relatif du marteau et de la plaque dent\u00e9e p\u00e9trit le mat\u00e9riau en fragments et filaments et est \u00e9ject\u00e9 hors de la machine par le ventilateur.<\/p>   <div class=\"wp-block-image\"> <figure class=\"aligncenter size-full\"><img loading=\"lazy\" decoding=\"async\" width=\"720\" height=\"540\" src=\"https:\/\/balerwrapper.com\/wp-content\/uploads\/2022\/11\/grass-chaff-cutter-.webp\" alt=\"coupe-herbe\" class=\"wp-image-397\" title=\"coupe-herbe\"\/><figcaption class=\"wp-element-caption\">coupe-herbe<\/figcaption><\/figure> <\/div>   <h2 class=\"wp-block-heading\">Puissance de la machine broyeur de paille<\/h2>    <p>Diff\u00e9rents mod\u00e8les de broyeurs de paille ont des puissances diff\u00e9rentes. Le broyeur d'ensilage peut \u00eatre \u00e9quip\u00e9 de trois puissances : un moteur \u00e9lectrique, un moteur essence et un moteur diesel. Les clients peuvent choisir sur demande.<\/p>    <figure class=\"wp-block-gallery has-nested-images columns-default is-cropped wp-block-gallery-3 is-layout-flex wp-block-gallery-is-layout-flex\"> <figure class=\"wp-block-image size-large\"><img loading=\"lazy\" decoding=\"async\" width=\"720\" height=\"540\" data-id=\"389\" src=\"https:\/\/balerwrapper.com\/wp-content\/uploads\/2022\/11\/straw-crusher-with-diesel-power-.webp\" alt=\"broyeur de paille \u00e0 moteur diesel\" class=\"wp-image-389\" title=\"broyeur de paille \u00e0 moteur diesel\"\/><figcaption class=\"wp-element-caption\">broyeur de paille \u00e0 moteur diesel<\/figcaption><\/figure>    <figure class=\"wp-block-image size-large\"><img loading=\"lazy\" decoding=\"async\" width=\"720\" height=\"540\" data-id=\"390\" src=\"https:\/\/balerwrapper.com\/wp-content\/uploads\/2022\/11\/silage-chopper-with-gasoline-engine-.webp\" alt=\"broyeur d&#039;ensilage avec moteur \u00e0 essence \" class=\"wp-image-390\" title=\"broyeur d&#039;ensilage avec moteur \u00e0 essence \"\/><figcaption class=\"wp-element-caption\">broyeur d'ensilage avec moteur \u00e0 essence<\/figcaption><\/figure> <\/figure>    <h2 class=\"wp-block-heading\">Qu\u2019en est-il de la structure du broyeur d\u2019ensilage\u00a0?<\/h2>    <p>La machine broyeur de paille comprend principalement une structure d'alimentation, un cadre, un bo\u00eetier, un syst\u00e8me de p\u00e9trissage du foin, une prise, une alimentation et d'autres pi\u00e8ces.<\/p>    <figure class=\"wp-block-gallery has-nested-images columns-default is-cropped wp-block-gallery-4 is-layout-flex wp-block-gallery-is-layout-flex\"> <figure class=\"wp-block-image size-large\"><img loading=\"lazy\" decoding=\"async\" width=\"720\" height=\"540\" data-id=\"391\" src=\"https:\/\/balerwrapper.com\/wp-content\/uploads\/2022\/11\/inner-structuer-of-the-hay-chaff-cutter.webp\" alt=\"structure interne du coupe-paille de foin\" class=\"wp-image-391\" title=\"structure interne du coupe-paille de foin\"\/><figcaption class=\"wp-element-caption\">structure interne du coupe-paille de foin<\/figcaption><\/figure>    <figure class=\"wp-block-image size-large\"><img loading=\"lazy\" decoding=\"async\" width=\"720\" height=\"540\" data-id=\"392\" src=\"https:\/\/balerwrapper.com\/wp-content\/uploads\/2022\/11\/straw-crusher-.webp\" alt=\"broyeur de paille \" class=\"wp-image-392\" title=\"broyeur de paille \"\/><figcaption class=\"wp-element-caption\">broyeur de paille <\/figcaption><\/figure> <\/figure>    <h2 class=\"wp-block-heading\">Avantages du coupe-paille de foin<\/h2>    <ul class=\"wp-block-list\"> <li>Le coupe-paille de foin est un cadre \u00e0 structure en acier, qui fonctionne de mani\u00e8re stable et facile \u00e0 d\u00e9placer.<\/li>    <li>Les lames et les marteaux de la machine sont en acier r\u00e9sistant \u00e0 l'usure, trait\u00e9s par une technologie sp\u00e9ciale, r\u00e9sistants \u00e0 l'usure et ont une longue dur\u00e9e de vie.<\/li>    <li>L'effet du frottement de la paille est bon et les mat\u00e9riaux peuvent \u00eatre \u00e9cras\u00e9s en filaments.<\/li>    <li>Le coupe-foin est dot\u00e9 d'un dispositif de rouleau d'alimentation automatique en herbe, d'une alimentation automatique, d'une alimentation en herbe douce et d'une efficacit\u00e9 de production \u00e9lev\u00e9e.<\/li>    <li>La hauteur de l'orifice de d\u00e9charge du coupe-paille peut \u00eatre ajust\u00e9e, ce qui est flexible et pratique \u00e0 utiliser.<\/li> <\/ul>    <figure class=\"wp-block-gallery has-nested-images columns-default is-cropped wp-block-gallery-5 is-layout-flex wp-block-gallery-is-layout-flex\"> <figure class=\"wp-block-image size-large\"><img loading=\"lazy\" decoding=\"async\" width=\"720\" height=\"540\" data-id=\"393\" src=\"https:\/\/balerwrapper.com\/wp-content\/uploads\/2022\/11\/hay-chaff-cutter-.webp\" alt=\"coupe-paille de foin\" class=\"wp-image-393\" title=\"coupe-paille de foin\"\/><figcaption class=\"wp-element-caption\">coupe-paille de foin<\/figcaption><\/figure>    <figure class=\"wp-block-image size-large\"><img loading=\"lazy\" decoding=\"async\" width=\"720\" height=\"540\" data-id=\"394\" src=\"https:\/\/balerwrapper.com\/wp-content\/uploads\/2022\/11\/animal-feed-hay-crusher-.webp\" alt=\"broyeur de foin pour aliments pour animaux\" class=\"wp-image-394\" title=\"broyeur de foin pour aliments pour animaux\"\/><figcaption class=\"wp-element-caption\">broyeur de foin pour aliments pour animaux<\/figcaption><\/figure> <\/figure>    <h2 class=\"wp-block-heading\">Broyeur de paille vendu au Zimbabwe<\/h2>    <p class=\"translation-block\">Cette semaine, un client du <a href=\"https:\/\/en.wikipedia.org\/wiki\/Zimbabwe\" target=\"_blank\" rel=\"noopener\">Zimbabwe<\/a> a achet\u00e9 une hacheuse de silage 9RSZ-6 chez nous. Le client utilise la machine lui-m\u00eame. Il poss\u00e8de une usine d'\u00e9levage de moutons. Pour traiter le fourrage plus rapidement, le client souhaite acheter une hacheuse de foin. Dans le processus de communication avec les clients, nous avons appris que les clients exigent que la machine puisse atteindre cinq tonnes par heure. Nous avons donc recommand\u00e9 la machine \u00e0 p\u00e9trir la paille 9RSZ-6. Le client d\u00e9cide de passer une commande apr\u00e8s avoir lu toutes les informations que nous fournissons.<\/p>    <figure class=\"wp-block-gallery has-nested-images columns-default is-cropped wp-block-gallery-6 is-layout-flex wp-block-gallery-is-layout-flex\"> <figure class=\"wp-block-image size-large\"><img loading=\"lazy\" decoding=\"async\" width=\"720\" height=\"540\" data-id=\"395\" src=\"https:\/\/balerwrapper.com\/wp-content\/uploads\/2022\/11\/wooden-case-packing-of-the-hay-cutting-machine-.webp\" alt=\"Emballage de caisse en bois de la machine \u00e0 couper le foin \" class=\"wp-image-395\" title=\"Emballage de caisse en bois de la machine \u00e0 couper le foin \"\/><figcaption class=\"wp-element-caption\">Emballage de caisse en bois de la machine \u00e0 couper le foin<\/figcaption><\/figure>    <figure class=\"wp-block-image size-large\"><img loading=\"lazy\" decoding=\"async\" width=\"720\" height=\"540\" data-id=\"396\" src=\"https:\/\/balerwrapper.com\/wp-content\/uploads\/2022\/11\/shipping-of-the-straw-crusher-machine-.webp\" alt=\"exp\u00e9dition de la machine de broyage de paille\" class=\"wp-image-396\" title=\"exp\u00e9dition de la machine de broyage de paille\"\/><figcaption class=\"wp-element-caption\">exp\u00e9dition de la machine de broyage de paille<\/figcaption><\/figure> <\/figure>    <p class=\"translation-block\">Nous avons de nombreux autres types de machines \u00e0 couper la paille parmi lesquels choisir, vous pouvez les consulter en cliquant sur : <strong><em><a href=\"https:\/\/balerwrapper.com\/fr\/products\/chaff-cutter\/\">https:\/\/balerwrapper.com\/products\/chaff-cutter\/<\/a><\/em><\/strong>. N'h\u00e9sitez pas \u00e0 nous contacter pour plus de photos des machines ainsi que des informations d\u00e9taill\u00e9es.<\/p>","protected":false},"excerpt":{"rendered":"<p>Le broyeur d'ensilage est une machine permettant de broyer diverses pailles v\u00e9g\u00e9tales. Il est g\u00e9n\u00e9ralement utilis\u00e9 dans l\u2019industrie de la coupe et de la transformation de l\u2019ensilage.<\/p>","protected":false},"author":1,"featured_media":399,"parent":0,"template":"","tags":[40,39,35],"product-type":[6],"class_list":["post-383","product","type-product","status-publish","has-post-thumbnail","hentry","tag-grass","tag-hay","tag-silage","product-type-chaff-cutter"],"_links":{"self":[{"href":"https:\/\/balerwrapper.com\/fr\/wp-json\/wp\/v2\/product\/383","targetHints":{"allow":["GET"]}}],"collection":[{"href":"https:\/\/balerwrapper.com\/fr\/wp-json\/wp\/v2\/product"}],"about":[{"href":"https:\/\/balerwrapper.com\/fr\/wp-json\/wp\/v2\/types\/product"}],"author":[{"embeddable":true,"href":"https:\/\/balerwrapper.com\/fr\/wp-json\/wp\/v2\/users\/1"}],"wp:featuredmedia":[{"embeddable":true,"href":"https:\/\/balerwrapper.com\/fr\/wp-json\/wp\/v2\/media\/399"}],"wp:attachment":[{"href":"https:\/\/balerwrapper.com\/fr\/wp-json\/wp\/v2\/media?parent=383"}],"wp:term":[{"taxonomy":"post_tag","embeddable":true,"href":"https:\/\/balerwrapper.com\/fr\/wp-json\/wp\/v2\/tags?post=383"},{"taxonomy":"product-type","embeddable":true,"href":"https:\/\/balerwrapper.com\/fr\/wp-json\/wp\/v2\/product-type?post=383"}],"curies":[{"name":"wp","href":"https:\/\/api.w.org\/{rel}","templated":true}]}}